{"id":1048,"date":"2025-10-27T09:14:11","date_gmt":"2025-10-27T09:14:11","guid":{"rendered":"https:\/\/chenesme.com\/?post_type=product&#038;p=1048"},"modified":"2025-10-27T09:26:21","modified_gmt":"2025-10-27T09:26:21","slug":"all-electric-press-brakes","status":"publish","type":"product","link":"https:\/\/chenesme.com\/de\/produkt\/all-electric-press-brakes\/","title":{"rendered":"Vollelektrische Abkantpressen, bei denen Leistung auf Effizienz trifft"},"content":{"rendered":"<div class=\"inter-H_fm37\">\n<div class=\"container-PvPoAn\">\n<div class=\"item-kDun2N\">\n<div class=\"container-SrVXPg chrome70-container\">\n<div class=\"inner-Qo5lJS inner-item-w21SQO\" data-target-id=\"message-box-target-id\" data-testid=\"union_message\">\n<div class=\"message-block-container-PggqdK\" data-testid=\"message-block-container\" data-ui-version=\"samantha\">\n<div class=\"flex flex-row w-full w-full max-w-full s-font-base text-s-color-text-secondary p-0 rounded-s-radius-s bg-transparent group data-[attr=select-mode]:-mt-10 data-[attr=select-mode]:py-10 data-[attr=select-mode]:px-16 data-[attr=select-mode]:sm:p-10 data-[attr=select-mode]:hover:bg-s-color-bg-base data-[attr=select-mode]:hover:rounded-s-radius-xs data-[attr=select-mode]:has-[:checked]:bg-s-color-bg-trans data-[attr=select-mode]:has-[:checked]:rounded-s-radius-xs data-[attr=select-mode]:pointer-events-none\" data-testid=\"receive_message\">\n<div class=\"flex flex-col flex-grow max-w-full min-w-0\">\n<div class=\"flex flex-row w-full\" data-testid=\"message_content\" data-message-id=\"26416549990866690\">\n<div class=\"flex w-full flex-col gap-20\">\n<div class=\"container-P2rR72 flow-markdown-body mdbox-theme-next theme-samantha-uDexJL\" dir=\"ltr\" data-testid=\"message_text_content\" data-show-indicator=\"false\">\n<h3><strong>Die Zukunft des Metallbiegens ist vollelektrisch.<\/strong><\/h3>\n<div class=\"auto-hide-last-sibling-br paragraph-pP9ZLC paragraph-element br-paragraph-space\">Vollelektrische Abkantpressen: Diese elegante, wei\u00dfe Maschine mit blauen Akzenten und intuitivem Touchscreen ist pr\u00e4zisionsgefertigt, verf\u00fcgt \u00fcber einen servoelektrischen Antrieb und gew\u00e4hrleistet hochpr\u00e4zises Biegen, Energieeffizienz und einen leisen Betrieb f\u00fcr die industrielle Blechbearbeitung.<\/div>\n<\/div>\n<\/div>\n<\/div>\n<div class=\"flex-row flex max-w-full min-w-0 flex-grow\">\n<div class=\"flex flex-col justify-end h-40 w-full select-none opacity-100\" data-testid=\"message_action_bar\">\n<div class=\"message-action-bar-raqbg0 flex flex-row w-full group\">\n<div class=\"bp5-overflow-list message-action-button-main flex w-fit min-w-0 items-center gap-10 self-center\">\n<div class=\"bp5-overflow-list-spacer\"><\/div>\n<\/div>\n<div class=\"mr-12 hidden h-12 w-0 items-center self-center rounded-[0.5px] border-[0.5px]              border-solid border-[var(--s-color-border-secondary)]              first:hidden              last:hidden              [&amp;:has(+.message-action-button-expand)]:block\"><\/div>\n<div class=\"message-action-button-expand flex w-fit min-w-0 items-center gap-10 self-center\"><\/div>\n<\/div>\n<\/div>\n<\/div>\n<\/div>\n<\/div>\n<\/div>\n<\/div>\n<\/div>\n<\/div>\n<\/div>\n<\/div>\n<div class=\"top-FLPRDF\">\n<div class=\"container-SrVXPg chrome70-container\"><\/div>\n<\/div>\n<p><img fetchpriority=\"high\" decoding=\"async\" class=\"wp-image-1050 alignleft\" src=\"https:\/\/chenesme.com\/wp-content\/uploads\/2025\/10\/bending.png\" alt=\"\" width=\"538\" height=\"766\" srcset=\"https:\/\/chenesme.com\/wp-content\/uploads\/2025\/10\/bending.png 489w, https:\/\/chenesme.com\/wp-content\/uploads\/2025\/10\/bending-351x500.png 351w, https:\/\/chenesme.com\/wp-content\/uploads\/2025\/10\/bending-210x300.png 210w, https:\/\/chenesme.com\/wp-content\/uploads\/2025\/10\/bending-8x12.png 8w, https:\/\/chenesme.com\/wp-content\/uploads\/2025\/10\/bending-53x75.png 53w, https:\/\/chenesme.com\/wp-content\/uploads\/2025\/10\/bending-480x684.png 480w\" sizes=\"(max-width:767px) 480px, 538px\" \/><\/p>\n<p>&nbsp;<\/p>\n<p>&nbsp;<\/p>\n<p>&nbsp;<\/p>\n<p>&nbsp;<\/p>\n<p>&nbsp;<\/p>\n<p>&nbsp;<\/p>\n<p>&nbsp;<\/p>\n<p>&nbsp;<\/p>\n<p>&nbsp;<\/p>\n<p>&nbsp;<\/p>\n<p>&nbsp;<\/p>\n<p>&nbsp;<\/p>\n<p>&nbsp;<\/p>\n<p>&nbsp;<\/p>\n<p>&nbsp;<\/p>\n<p>&nbsp;<\/p>\n<p>&nbsp;<\/p>\n<p>&nbsp;<\/p>\n<p>&nbsp;<\/p>\n<p>&nbsp;<\/p>\n<p>&nbsp;<\/p>\n<p>\u2013 Energiesparende Exzellenz: Im Gegensatz zu herk\u00f6mmlichen hydraulischen Biegemaschinen arbeitet unser elektrisches Modell mit einem hocheffizienten Servomotorsystem, das bis zu 601 TP3T weniger Energie verbraucht und somit Ihre Energiekosten und Ihren CO2-Fu\u00dfabdruck reduziert.<br \/>\n\u2013 Pr\u00e4zision im Mikrometerbereich: Ausgestattet mit einer CNC-Steuerung und hochpr\u00e4zisen Linearf\u00fchrungen erreicht diese Maschine eine Biegegenauigkeit von \u00b10,01 mm. Der servogesteuerte St\u00f6\u00dfel sorgt f\u00fcr einen reibungslosen Ablauf.<br \/>\n\u2013 Blitzschnelle Bedienung: Mit hoher Positioniergeschwindigkeit (bis zu 150 mm\/s) und sofortiger Reaktion auf Steuerbefehle<br \/>\n\u2013 Leise und umweltfreundlich: Verabschieden Sie sich vom lauten L\u00e4rm hydraulischer Systeme.<br \/>\n\u2013 Langlebig und wartungsarm: Das vollelektrische Antriebssystem hat weniger bewegliche Teile als hydraulische Modelle, wodurch der Verschlei\u00df reduziert wird.<\/p>\n<p><img decoding=\"async\" class=\"wp-image-1001 alignleft\" src=\"https:\/\/chenesme.com\/wp-content\/uploads\/2025\/10\/press-brake-scaled.jpg\" alt=\"\" width=\"635\" height=\"476\" srcset=\"https:\/\/chenesme.com\/wp-content\/uploads\/2025\/10\/press-brake-scaled.jpg 2560w, https:\/\/chenesme.com\/wp-content\/uploads\/2025\/10\/press-brake-500x375.jpg 500w, https:\/\/chenesme.com\/wp-content\/uploads\/2025\/10\/press-brake-1200x900.jpg 1200w, https:\/\/chenesme.com\/wp-content\/uploads\/2025\/10\/press-brake-300x225.jpg 300w, https:\/\/chenesme.com\/wp-content\/uploads\/2025\/10\/press-brake-768x576.jpg 768w, https:\/\/chenesme.com\/wp-content\/uploads\/2025\/10\/press-brake-1536x1152.jpg 1536w, https:\/\/chenesme.com\/wp-content\/uploads\/2025\/10\/press-brake-2048x1536.jpg 2048w, https:\/\/chenesme.com\/wp-content\/uploads\/2025\/10\/press-brake-16x12.jpg 16w, https:\/\/chenesme.com\/wp-content\/uploads\/2025\/10\/press-brake-100x75.jpg 100w, https:\/\/chenesme.com\/wp-content\/uploads\/2025\/10\/press-brake-960x720.jpg 960w, https:\/\/chenesme.com\/wp-content\/uploads\/2025\/10\/press-brake-480x360.jpg 480w, https:\/\/chenesme.com\/wp-content\/uploads\/2025\/10\/press-brake-800x600.jpg 800w\" sizes=\"(max-width:767px) 480px, 635px\" \/><\/p>\n<p>&nbsp;<\/p>\n<h4><\/h4>\n<h4><\/h4>\n<h4><\/h4>\n<h4><\/h4>\n<h4><\/h4>\n<h4><\/h4>\n<h4><\/h4>\n<h4><\/h4>\n<h4><\/h4>\n<h4>Breites Anwendungsspektrum<\/h4>\n<p>Unsere vollelektrische Abkantpresse ist vielseitig genug, um unterschiedlichste Materialien und Branchen zu bearbeiten, darunter:<\/p>\n<p>\u2013 Automobilindustrie: Biegen von Rahmenbauteilen, Auspuffteilen und Metallzubeh\u00f6r f\u00fcr den Innenraum<\/p>\n<p>\u2013 Luft- und Raumfahrt: Pr\u00e4zisionsbiegen von Aluminium- und Titanlegierungsteilen<\/p>\n<p>\u2013 Elektronik: Fertigung von Serverschr\u00e4nken, Schaltschrankgeh\u00e4usen und K\u00fchlk\u00f6rpern<\/p>\n<p>\u2013 Konstruktion: Herstellung von Metallst\u00e4ndern, dekorativen Metallprofilen und Rohrhalterungen<\/p>\n<p>\u2013 Hardware: Herstellung von Scharnieren, Halterungen und Werkzeugkomponenten<\/p>","protected":false},"excerpt":{"rendered":"<p>Rein elektrische Abkantpressen zeichnen sich durch hohe Energieeffizienz, Umweltfreundlichkeit, Biegegenauigkeit und geringe Wartungskosten aus. Diese Vorteile machen sie zu einer attraktiven Wahl f\u00fcr Hersteller, die ihren Energieverbrauch senken, die Umweltbelastung minimieren und ihre Produktionseffizienz steigern m\u00f6chten.<\/p>","protected":false},"featured_media":1049,"template":"","meta":{"_joinchat":[]},"product_brand":[],"product_cat":[18],"product_tag":[],"class_list":{"0":"post-1048","1":"product","2":"type-product","3":"status-publish","4":"has-post-thumbnail","6":"product_cat-pure-electric-press-brake","8":"first","9":"instock","10":"shipping-taxable","11":"product-type-external"},"yoast_head":"<!-- This site is optimized with the Yoast SEO plugin v25.6 - https:\/\/yoast.com\/wordpress\/plugins\/seo\/ -->\n<title>All-Electric Press Brakes Where Power Meets Efficiency - Anhui Chensi Machinery Equipment Co., Ltd.<\/title>\n<meta name=\"description\" content=\"All-Electric Press Brakes ,superior precision and quieter operation for a sustainable workshop.Zero Hydraulics, Maximum Efficienc\" \/>\n<meta name=\"robots\" content=\"index, follow, max-snippet:-1, max-image-preview:large, max-video-preview:-1\" \/>\n<link rel=\"canonical\" href=\"https:\/\/chenesme.com\/de\/produkt\/all-electric-press-brakes\/\" \/>\n<meta property=\"og:locale\" content=\"de_DE\" \/>\n<meta property=\"og:type\" content=\"article\" \/>\n<meta property=\"og:title\" content=\"All-Electric Press Brakes Where Power Meets Efficiency - Anhui Chensi Machinery Equipment Co., Ltd.\" \/>\n<meta property=\"og:description\" content=\"All-Electric Press Brakes ,superior precision and quieter operation for a sustainable workshop.Zero Hydraulics, Maximum Efficienc\" \/>\n<meta property=\"og:url\" content=\"https:\/\/chenesme.com\/de\/produkt\/all-electric-press-brakes\/\" \/>\n<meta property=\"og:site_name\" content=\"Anhui Chensi Machinery Equipment Co., Ltd.\" \/>\n<meta property=\"article:modified_time\" content=\"2025-10-27T09:26:21+00:00\" \/>\n<meta property=\"og:image\" content=\"https:\/\/chenesme.com\/wp-content\/uploads\/2025\/10\/eletric-press-brake.png\" \/>\n\t<meta property=\"og:image:width\" content=\"656\" \/>\n\t<meta property=\"og:image:height\" content=\"717\" \/>\n\t<meta property=\"og:image:type\" content=\"image\/png\" \/>\n<meta name=\"twitter:card\" content=\"summary_large_image\" \/>\n<meta name=\"twitter:label1\" content=\"Gesch\u00e4tzte Lesezeit\" \/>\n\t<meta name=\"twitter:data1\" content=\"2\u00a0Minuten\" \/>\n<script type=\"application\/ld+json\" class=\"yoast-schema-graph\">{\"@context\":\"https:\/\/schema.org\",\"@graph\":[{\"@type\":\"WebPage\",\"@id\":\"https:\/\/chenesme.com\/product\/all-electric-press-brakes\/\",\"url\":\"https:\/\/chenesme.com\/product\/all-electric-press-brakes\/\",\"name\":\"All-Electric Press Brakes Where Power Meets Efficiency - Anhui Chensi Machinery Equipment Co., Ltd.\",\"isPartOf\":{\"@id\":\"https:\/\/chenesme.com\/#website\"},\"primaryImageOfPage\":{\"@id\":\"https:\/\/chenesme.com\/product\/all-electric-press-brakes\/#primaryimage\"},\"image\":{\"@id\":\"https:\/\/chenesme.com\/product\/all-electric-press-brakes\/#primaryimage\"},\"thumbnailUrl\":\"https:\/\/chenesme.com\/wp-content\/uploads\/2025\/10\/eletric-press-brake.png\",\"datePublished\":\"2025-10-27T09:14:11+00:00\",\"dateModified\":\"2025-10-27T09:26:21+00:00\",\"description\":\"All-Electric Press Brakes ,superior precision and quieter operation for a sustainable workshop.Zero Hydraulics, Maximum Efficienc\",\"breadcrumb\":{\"@id\":\"https:\/\/chenesme.com\/product\/all-electric-press-brakes\/#breadcrumb\"},\"inLanguage\":\"de\",\"potentialAction\":[{\"@type\":\"ReadAction\",\"target\":[\"https:\/\/chenesme.com\/product\/all-electric-press-brakes\/\"]}]},{\"@type\":\"ImageObject\",\"inLanguage\":\"de\",\"@id\":\"https:\/\/chenesme.com\/product\/all-electric-press-brakes\/#primaryimage\",\"url\":\"https:\/\/chenesme.com\/wp-content\/uploads\/2025\/10\/eletric-press-brake.png\",\"contentUrl\":\"https:\/\/chenesme.com\/wp-content\/uploads\/2025\/10\/eletric-press-brake.png\",\"width\":656,\"height\":717},{\"@type\":\"BreadcrumbList\",\"@id\":\"https:\/\/chenesme.com\/product\/all-electric-press-brakes\/#breadcrumb\",\"itemListElement\":[{\"@type\":\"ListItem\",\"position\":1,\"name\":\"Home\",\"item\":\"https:\/\/chenesme.com\/\"},{\"@type\":\"ListItem\",\"position\":2,\"name\":\"Product\",\"item\":\"https:\/\/chenesme.com\/product\/\"},{\"@type\":\"ListItem\",\"position\":3,\"name\":\"All-Electric Press Brakes Where Power Meets Efficiency\"}]},{\"@type\":\"WebSite\",\"@id\":\"https:\/\/chenesme.com\/#website\",\"url\":\"https:\/\/chenesme.com\/\",\"name\":\"Anhui Chensi Machinery Equipment Co., Ltd.\",\"description\":\"Anhui Chensi Machinery Equipment Co., Ltd.\",\"potentialAction\":[{\"@type\":\"SearchAction\",\"target\":{\"@type\":\"EntryPoint\",\"urlTemplate\":\"https:\/\/chenesme.com\/?s={search_term_string}\"},\"query-input\":{\"@type\":\"PropertyValueSpecification\",\"valueRequired\":true,\"valueName\":\"search_term_string\"}}],\"inLanguage\":\"de\"}]}<\/script>\n<!-- \/ Yoast SEO plugin. -->","yoast_head_json":{"title":"All-Electric Press Brakes Where Power Meets Efficiency - Anhui Chensi Machinery Equipment Co., Ltd.","description":"All-Electric Press Brakes ,superior precision and quieter operation for a sustainable workshop.Zero Hydraulics, Maximum Efficienc","robots":{"index":"index","follow":"follow","max-snippet":"max-snippet:-1","max-image-preview":"max-image-preview:large","max-video-preview":"max-video-preview:-1"},"canonical":"https:\/\/chenesme.com\/de\/produkt\/all-electric-press-brakes\/","og_locale":"de_DE","og_type":"article","og_title":"All-Electric Press Brakes Where Power Meets Efficiency - Anhui Chensi Machinery Equipment Co., Ltd.","og_description":"All-Electric Press Brakes ,superior precision and quieter operation for a sustainable workshop.Zero Hydraulics, Maximum Efficienc","og_url":"https:\/\/chenesme.com\/de\/produkt\/all-electric-press-brakes\/","og_site_name":"Anhui Chensi Machinery Equipment Co., Ltd.","article_modified_time":"2025-10-27T09:26:21+00:00","og_image":[{"width":656,"height":717,"url":"https:\/\/chenesme.com\/wp-content\/uploads\/2025\/10\/eletric-press-brake.png","type":"image\/png"}],"twitter_card":"summary_large_image","twitter_misc":{"Gesch\u00e4tzte Lesezeit":"2\u00a0Minuten"},"schema":{"@context":"https:\/\/schema.org","@graph":[{"@type":"WebPage","@id":"https:\/\/chenesme.com\/product\/all-electric-press-brakes\/","url":"https:\/\/chenesme.com\/product\/all-electric-press-brakes\/","name":"All-Electric Press Brakes Where Power Meets Efficiency - Anhui Chensi Machinery Equipment Co., Ltd.","isPartOf":{"@id":"https:\/\/chenesme.com\/#website"},"primaryImageOfPage":{"@id":"https:\/\/chenesme.com\/product\/all-electric-press-brakes\/#primaryimage"},"image":{"@id":"https:\/\/chenesme.com\/product\/all-electric-press-brakes\/#primaryimage"},"thumbnailUrl":"https:\/\/chenesme.com\/wp-content\/uploads\/2025\/10\/eletric-press-brake.png","datePublished":"2025-10-27T09:14:11+00:00","dateModified":"2025-10-27T09:26:21+00:00","description":"All-Electric Press Brakes ,superior precision and quieter operation for a sustainable workshop.Zero Hydraulics, Maximum Efficienc","breadcrumb":{"@id":"https:\/\/chenesme.com\/product\/all-electric-press-brakes\/#breadcrumb"},"inLanguage":"de","potentialAction":[{"@type":"ReadAction","target":["https:\/\/chenesme.com\/product\/all-electric-press-brakes\/"]}]},{"@type":"ImageObject","inLanguage":"de","@id":"https:\/\/chenesme.com\/product\/all-electric-press-brakes\/#primaryimage","url":"https:\/\/chenesme.com\/wp-content\/uploads\/2025\/10\/eletric-press-brake.png","contentUrl":"https:\/\/chenesme.com\/wp-content\/uploads\/2025\/10\/eletric-press-brake.png","width":656,"height":717},{"@type":"BreadcrumbList","@id":"https:\/\/chenesme.com\/product\/all-electric-press-brakes\/#breadcrumb","itemListElement":[{"@type":"ListItem","position":1,"name":"Home","item":"https:\/\/chenesme.com\/"},{"@type":"ListItem","position":2,"name":"Product","item":"https:\/\/chenesme.com\/product\/"},{"@type":"ListItem","position":3,"name":"All-Electric Press Brakes Where Power Meets Efficiency"}]},{"@type":"WebSite","@id":"https:\/\/chenesme.com\/#website","url":"https:\/\/chenesme.com\/","name":"Anhui Chensi Machinery Equipment Co., Ltd.","description":"Anhui Chensi Machinery Equipment Co., Ltd.","potentialAction":[{"@type":"SearchAction","target":{"@type":"EntryPoint","urlTemplate":"https:\/\/chenesme.com\/?s={search_term_string}"},"query-input":{"@type":"PropertyValueSpecification","valueRequired":true,"valueName":"search_term_string"}}],"inLanguage":"de"}]}},"_links":{"self":[{"href":"https:\/\/chenesme.com\/de\/wp-json\/wp\/v2\/product\/1048","targetHints":{"allow":["GET"]}}],"collection":[{"href":"https:\/\/chenesme.com\/de\/wp-json\/wp\/v2\/product"}],"about":[{"href":"https:\/\/chenesme.com\/de\/wp-json\/wp\/v2\/types\/product"}],"version-history":[{"count":1,"href":"https:\/\/chenesme.com\/de\/wp-json\/wp\/v2\/product\/1048\/revisions"}],"predecessor-version":[{"id":1051,"href":"https:\/\/chenesme.com\/de\/wp-json\/wp\/v2\/product\/1048\/revisions\/1051"}],"wp:featuredmedia":[{"embeddable":true,"href":"https:\/\/chenesme.com\/de\/wp-json\/wp\/v2\/media\/1049"}],"wp:attachment":[{"href":"https:\/\/chenesme.com\/de\/wp-json\/wp\/v2\/media?parent=1048"}],"wp:term":[{"taxonomy":"product_brand","embeddable":true,"href":"https:\/\/chenesme.com\/de\/wp-json\/wp\/v2\/product_brand?post=1048"},{"taxonomy":"product_cat","embeddable":true,"href":"https:\/\/chenesme.com\/de\/wp-json\/wp\/v2\/product_cat?post=1048"},{"taxonomy":"product_tag","embeddable":true,"href":"https:\/\/chenesme.com\/de\/wp-json\/wp\/v2\/product_tag?post=1048"}],"curies":[{"name":"wp","href":"https:\/\/api.w.org\/{rel}","templated":true}]}}