{"id":500,"date":"2025-09-22T16:26:26","date_gmt":"2025-09-22T16:26:26","guid":{"rendered":"https:\/\/chenesme.com\/?post_type=product&#038;p=500"},"modified":"2025-09-22T16:26:27","modified_gmt":"2025-09-22T16:26:27","slug":"hydraulic-press-brake","status":"publish","type":"product","link":"https:\/\/chenesme.com\/de\/produkt\/hydraulic-press-brake\/","title":{"rendered":"Hydraulische Abkantpresse"},"content":{"rendered":"<p><img fetchpriority=\"high\" decoding=\"async\" class=\"aligncenter size-full wp-image-501\" src=\"https:\/\/chenesme.com\/wp-content\/uploads\/2025\/09\/1-111.jpg\" alt=\"\" width=\"800\" height=\"800\" srcset=\"https:\/\/chenesme.com\/wp-content\/uploads\/2025\/09\/1-111.jpg 800w, https:\/\/chenesme.com\/wp-content\/uploads\/2025\/09\/1-111-500x500.jpg 500w, https:\/\/chenesme.com\/wp-content\/uploads\/2025\/09\/1-111-300x300.jpg 300w, https:\/\/chenesme.com\/wp-content\/uploads\/2025\/09\/1-111-768x768.jpg 768w, https:\/\/chenesme.com\/wp-content\/uploads\/2025\/09\/1-111-12x12.jpg 12w, https:\/\/chenesme.com\/wp-content\/uploads\/2025\/09\/1-111-150x150.jpg 150w, https:\/\/chenesme.com\/wp-content\/uploads\/2025\/09\/1-111-75x75.jpg 75w, https:\/\/chenesme.com\/wp-content\/uploads\/2025\/09\/1-111-480x480.jpg 480w\" sizes=\"(max-width:767px) 480px, (max-width:800px) 100vw, 800px\" \/><img decoding=\"async\" class=\"aligncenter size-full wp-image-502\" src=\"https:\/\/chenesme.com\/wp-content\/uploads\/2025\/09\/1-112.jpg\" alt=\"\" width=\"800\" height=\"800\" srcset=\"https:\/\/chenesme.com\/wp-content\/uploads\/2025\/09\/1-112.jpg 800w, https:\/\/chenesme.com\/wp-content\/uploads\/2025\/09\/1-112-500x500.jpg 500w, https:\/\/chenesme.com\/wp-content\/uploads\/2025\/09\/1-112-300x300.jpg 300w, https:\/\/chenesme.com\/wp-content\/uploads\/2025\/09\/1-112-768x768.jpg 768w, https:\/\/chenesme.com\/wp-content\/uploads\/2025\/09\/1-112-12x12.jpg 12w, https:\/\/chenesme.com\/wp-content\/uploads\/2025\/09\/1-112-150x150.jpg 150w, https:\/\/chenesme.com\/wp-content\/uploads\/2025\/09\/1-112-75x75.jpg 75w, https:\/\/chenesme.com\/wp-content\/uploads\/2025\/09\/1-112-480x480.jpg 480w\" sizes=\"(max-width:767px) 480px, (max-width:800px) 100vw, 800px\" \/> <img decoding=\"async\" class=\"aligncenter size-full wp-image-503\" src=\"https:\/\/chenesme.com\/wp-content\/uploads\/2025\/09\/1-113.jpg\" alt=\"\" width=\"800\" height=\"800\" srcset=\"https:\/\/chenesme.com\/wp-content\/uploads\/2025\/09\/1-113.jpg 800w, https:\/\/chenesme.com\/wp-content\/uploads\/2025\/09\/1-113-500x500.jpg 500w, https:\/\/chenesme.com\/wp-content\/uploads\/2025\/09\/1-113-300x300.jpg 300w, https:\/\/chenesme.com\/wp-content\/uploads\/2025\/09\/1-113-768x768.jpg 768w, https:\/\/chenesme.com\/wp-content\/uploads\/2025\/09\/1-113-12x12.jpg 12w, https:\/\/chenesme.com\/wp-content\/uploads\/2025\/09\/1-113-150x150.jpg 150w, https:\/\/chenesme.com\/wp-content\/uploads\/2025\/09\/1-113-75x75.jpg 75w, https:\/\/chenesme.com\/wp-content\/uploads\/2025\/09\/1-113-480x480.jpg 480w\" sizes=\"(max-width:767px) 480px, (max-width:800px) 100vw, 800px\" \/><\/p>","protected":false},"excerpt":{"rendered":"<p>Die elektrohydraulische CNC-Abkantpresse erm\u00f6glicht exzentrisches Biegen durch synchrone Steuerung der Werkzeugmaschine \u00fcber den geschlossenen Regelkreis des elektrohydraulischen Proportionalservosystems. Die Maschine verf\u00fcgt \u00fcber ein System zur Vermeidung von Verformungen im Halsbereich, um die Biegegenauigkeit zu gew\u00e4hrleisten. (4+1 Achsen) ist das Standardmodell, mehrere Achsen sind optional.<\/p>","protected":false},"featured_media":502,"template":"","meta":{"_joinchat":[]},"product_brand":[],"product_cat":[17],"product_tag":[],"class_list":{"0":"post-500","1":"product","2":"type-product","3":"status-publish","4":"has-post-thumbnail","6":"product_cat-hydraulic-press-brake","8":"first","9":"instock","10":"shipping-taxable","11":"product-type-external"},"yoast_head":"<!-- This site is optimized with the Yoast SEO plugin v25.6 - https:\/\/yoast.com\/wordpress\/plugins\/seo\/ -->\n<title>Hydraulic Press brake - Anhui Chensi Machinery Equipment Co., Ltd.<\/title>\n<meta name=\"robots\" content=\"index, follow, max-snippet:-1, max-image-preview:large, max-video-preview:-1\" \/>\n<link rel=\"canonical\" href=\"https:\/\/chenesme.com\/de\/produkt\/hydraulic-press-brake\/\" \/>\n<meta property=\"og:locale\" content=\"de_DE\" \/>\n<meta property=\"og:type\" content=\"article\" \/>\n<meta property=\"og:title\" content=\"Hydraulic Press brake - Anhui Chensi Machinery Equipment Co., Ltd.\" \/>\n<meta property=\"og:description\" content=\"The CNC electro-hydraulic press brake \u00a0can perform eccentric bending by controlling the machine tool synchronously through the closed loop of the electro-hydraulic proportional servo system. The machine has a throat deformation prevention system to ensure bending accuracy. (4+1 axis) is the standard model, and multiple axes are optional.\" \/>\n<meta property=\"og:url\" content=\"https:\/\/chenesme.com\/de\/produkt\/hydraulic-press-brake\/\" \/>\n<meta property=\"og:site_name\" content=\"Anhui Chensi Machinery Equipment Co., Ltd.\" \/>\n<meta property=\"article:modified_time\" content=\"2025-09-22T16:26:27+00:00\" \/>\n<meta property=\"og:image\" content=\"https:\/\/chenesme.com\/wp-content\/uploads\/2025\/09\/1-112.jpg\" \/>\n\t<meta property=\"og:image:width\" content=\"800\" \/>\n\t<meta property=\"og:image:height\" content=\"800\" \/>\n\t<meta property=\"og:image:type\" content=\"image\/jpeg\" \/>\n<meta name=\"twitter:card\" content=\"summary_large_image\" \/>\n<meta name=\"twitter:label1\" content=\"Gesch\u00e4tzte Lesezeit\" \/>\n\t<meta name=\"twitter:data1\" content=\"1\u00a0Minute\" \/>\n<script type=\"application\/ld+json\" class=\"yoast-schema-graph\">{\"@context\":\"https:\/\/schema.org\",\"@graph\":[{\"@type\":\"WebPage\",\"@id\":\"https:\/\/chenesme.com\/product\/hydraulic-press-brake\/\",\"url\":\"https:\/\/chenesme.com\/product\/hydraulic-press-brake\/\",\"name\":\"Hydraulic Press brake - Anhui Chensi Machinery Equipment Co., Ltd.\",\"isPartOf\":{\"@id\":\"https:\/\/chenesme.com\/#website\"},\"primaryImageOfPage\":{\"@id\":\"https:\/\/chenesme.com\/product\/hydraulic-press-brake\/#primaryimage\"},\"image\":{\"@id\":\"https:\/\/chenesme.com\/product\/hydraulic-press-brake\/#primaryimage\"},\"thumbnailUrl\":\"https:\/\/chenesme.com\/wp-content\/uploads\/2025\/09\/1-112.jpg\",\"datePublished\":\"2025-09-22T16:26:26+00:00\",\"dateModified\":\"2025-09-22T16:26:27+00:00\",\"breadcrumb\":{\"@id\":\"https:\/\/chenesme.com\/product\/hydraulic-press-brake\/#breadcrumb\"},\"inLanguage\":\"de\",\"potentialAction\":[{\"@type\":\"ReadAction\",\"target\":[\"https:\/\/chenesme.com\/product\/hydraulic-press-brake\/\"]}]},{\"@type\":\"ImageObject\",\"inLanguage\":\"de\",\"@id\":\"https:\/\/chenesme.com\/product\/hydraulic-press-brake\/#primaryimage\",\"url\":\"https:\/\/chenesme.com\/wp-content\/uploads\/2025\/09\/1-112.jpg\",\"contentUrl\":\"https:\/\/chenesme.com\/wp-content\/uploads\/2025\/09\/1-112.jpg\",\"width\":800,\"height\":800},{\"@type\":\"BreadcrumbList\",\"@id\":\"https:\/\/chenesme.com\/product\/hydraulic-press-brake\/#breadcrumb\",\"itemListElement\":[{\"@type\":\"ListItem\",\"position\":1,\"name\":\"Home\",\"item\":\"https:\/\/chenesme.com\/\"},{\"@type\":\"ListItem\",\"position\":2,\"name\":\"Product\",\"item\":\"https:\/\/chenesme.com\/product\/\"},{\"@type\":\"ListItem\",\"position\":3,\"name\":\"Hydraulic Press brake\"}]},{\"@type\":\"WebSite\",\"@id\":\"https:\/\/chenesme.com\/#website\",\"url\":\"https:\/\/chenesme.com\/\",\"name\":\"Anhui Chensi Machinery Equipment Co., Ltd.\",\"description\":\"Anhui Chensi Machinery Equipment Co., Ltd.\",\"potentialAction\":[{\"@type\":\"SearchAction\",\"target\":{\"@type\":\"EntryPoint\",\"urlTemplate\":\"https:\/\/chenesme.com\/?s={search_term_string}\"},\"query-input\":{\"@type\":\"PropertyValueSpecification\",\"valueRequired\":true,\"valueName\":\"search_term_string\"}}],\"inLanguage\":\"de\"}]}<\/script>\n<!-- \/ Yoast SEO plugin. -->","yoast_head_json":{"title":"Hydraulic Press brake - Anhui Chensi Machinery Equipment Co., Ltd.","robots":{"index":"index","follow":"follow","max-snippet":"max-snippet:-1","max-image-preview":"max-image-preview:large","max-video-preview":"max-video-preview:-1"},"canonical":"https:\/\/chenesme.com\/de\/produkt\/hydraulic-press-brake\/","og_locale":"de_DE","og_type":"article","og_title":"Hydraulic Press brake - Anhui Chensi Machinery Equipment Co., Ltd.","og_description":"The CNC electro-hydraulic press brake \u00a0can perform eccentric bending by controlling the machine tool synchronously through the closed loop of the electro-hydraulic proportional servo system. The machine has a throat deformation prevention system to ensure bending accuracy. (4+1 axis) is the standard model, and multiple axes are optional.","og_url":"https:\/\/chenesme.com\/de\/produkt\/hydraulic-press-brake\/","og_site_name":"Anhui Chensi Machinery Equipment Co., Ltd.","article_modified_time":"2025-09-22T16:26:27+00:00","og_image":[{"width":800,"height":800,"url":"https:\/\/chenesme.com\/wp-content\/uploads\/2025\/09\/1-112.jpg","type":"image\/jpeg"}],"twitter_card":"summary_large_image","twitter_misc":{"Gesch\u00e4tzte Lesezeit":"1\u00a0Minute"},"schema":{"@context":"https:\/\/schema.org","@graph":[{"@type":"WebPage","@id":"https:\/\/chenesme.com\/product\/hydraulic-press-brake\/","url":"https:\/\/chenesme.com\/product\/hydraulic-press-brake\/","name":"Hydraulic Press brake - Anhui Chensi Machinery Equipment Co., Ltd.","isPartOf":{"@id":"https:\/\/chenesme.com\/#website"},"primaryImageOfPage":{"@id":"https:\/\/chenesme.com\/product\/hydraulic-press-brake\/#primaryimage"},"image":{"@id":"https:\/\/chenesme.com\/product\/hydraulic-press-brake\/#primaryimage"},"thumbnailUrl":"https:\/\/chenesme.com\/wp-content\/uploads\/2025\/09\/1-112.jpg","datePublished":"2025-09-22T16:26:26+00:00","dateModified":"2025-09-22T16:26:27+00:00","breadcrumb":{"@id":"https:\/\/chenesme.com\/product\/hydraulic-press-brake\/#breadcrumb"},"inLanguage":"de","potentialAction":[{"@type":"ReadAction","target":["https:\/\/chenesme.com\/product\/hydraulic-press-brake\/"]}]},{"@type":"ImageObject","inLanguage":"de","@id":"https:\/\/chenesme.com\/product\/hydraulic-press-brake\/#primaryimage","url":"https:\/\/chenesme.com\/wp-content\/uploads\/2025\/09\/1-112.jpg","contentUrl":"https:\/\/chenesme.com\/wp-content\/uploads\/2025\/09\/1-112.jpg","width":800,"height":800},{"@type":"BreadcrumbList","@id":"https:\/\/chenesme.com\/product\/hydraulic-press-brake\/#breadcrumb","itemListElement":[{"@type":"ListItem","position":1,"name":"Home","item":"https:\/\/chenesme.com\/"},{"@type":"ListItem","position":2,"name":"Product","item":"https:\/\/chenesme.com\/product\/"},{"@type":"ListItem","position":3,"name":"Hydraulic Press brake"}]},{"@type":"WebSite","@id":"https:\/\/chenesme.com\/#website","url":"https:\/\/chenesme.com\/","name":"Anhui Chensi Machinery Equipment Co., Ltd.","description":"Anhui Chensi Machinery Equipment Co., Ltd.","potentialAction":[{"@type":"SearchAction","target":{"@type":"EntryPoint","urlTemplate":"https:\/\/chenesme.com\/?s={search_term_string}"},"query-input":{"@type":"PropertyValueSpecification","valueRequired":true,"valueName":"search_term_string"}}],"inLanguage":"de"}]}},"_links":{"self":[{"href":"https:\/\/chenesme.com\/de\/wp-json\/wp\/v2\/product\/500","targetHints":{"allow":["GET"]}}],"collection":[{"href":"https:\/\/chenesme.com\/de\/wp-json\/wp\/v2\/product"}],"about":[{"href":"https:\/\/chenesme.com\/de\/wp-json\/wp\/v2\/types\/product"}],"version-history":[{"count":1,"href":"https:\/\/chenesme.com\/de\/wp-json\/wp\/v2\/product\/500\/revisions"}],"predecessor-version":[{"id":504,"href":"https:\/\/chenesme.com\/de\/wp-json\/wp\/v2\/product\/500\/revisions\/504"}],"wp:featuredmedia":[{"embeddable":true,"href":"https:\/\/chenesme.com\/de\/wp-json\/wp\/v2\/media\/502"}],"wp:attachment":[{"href":"https:\/\/chenesme.com\/de\/wp-json\/wp\/v2\/media?parent=500"}],"wp:term":[{"taxonomy":"product_brand","embeddable":true,"href":"https:\/\/chenesme.com\/de\/wp-json\/wp\/v2\/product_brand?post=500"},{"taxonomy":"product_cat","embeddable":true,"href":"https:\/\/chenesme.com\/de\/wp-json\/wp\/v2\/product_cat?post=500"},{"taxonomy":"product_tag","embeddable":true,"href":"https:\/\/chenesme.com\/de\/wp-json\/wp\/v2\/product_tag?post=500"}],"curies":[{"name":"wp","href":"https:\/\/api.w.org\/{rel}","templated":true}]}}