{"id":508,"date":"2025-09-22T16:28:14","date_gmt":"2025-09-22T16:28:14","guid":{"rendered":"https:\/\/chenesme.com\/?post_type=product&#038;p=508"},"modified":"2025-09-22T16:30:59","modified_gmt":"2025-09-22T16:30:59","slug":"hydraulic-shearing-machine","status":"publish","type":"product","link":"https:\/\/chenesme.com\/de\/produkt\/hydraulic-shearing-machine\/","title":{"rendered":"Hydraulische Schermaschine"},"content":{"rendered":"<p><img fetchpriority=\"high\" decoding=\"async\" class=\"aligncenter size-full wp-image-509\" src=\"https:\/\/chenesme.com\/wp-content\/uploads\/2025\/09\/1-3321.jpg\" alt=\"\" width=\"800\" height=\"800\" srcset=\"https:\/\/chenesme.com\/wp-content\/uploads\/2025\/09\/1-3321.jpg 800w, https:\/\/chenesme.com\/wp-content\/uploads\/2025\/09\/1-3321-500x500.jpg 500w, https:\/\/chenesme.com\/wp-content\/uploads\/2025\/09\/1-3321-300x300.jpg 300w, https:\/\/chenesme.com\/wp-content\/uploads\/2025\/09\/1-3321-768x768.jpg 768w, https:\/\/chenesme.com\/wp-content\/uploads\/2025\/09\/1-3321-12x12.jpg 12w, https:\/\/chenesme.com\/wp-content\/uploads\/2025\/09\/1-3321-150x150.jpg 150w, https:\/\/chenesme.com\/wp-content\/uploads\/2025\/09\/1-3321-75x75.jpg 75w, https:\/\/chenesme.com\/wp-content\/uploads\/2025\/09\/1-3321-480x480.jpg 480w\" sizes=\"(max-width:767px) 480px, (max-width:800px) 100vw, 800px\" \/> <img decoding=\"async\" class=\"aligncenter size-full wp-image-510\" src=\"https:\/\/chenesme.com\/wp-content\/uploads\/2025\/09\/1-3322.jpg\" alt=\"\" width=\"800\" height=\"800\" srcset=\"https:\/\/chenesme.com\/wp-content\/uploads\/2025\/09\/1-3322.jpg 800w, https:\/\/chenesme.com\/wp-content\/uploads\/2025\/09\/1-3322-500x500.jpg 500w, https:\/\/chenesme.com\/wp-content\/uploads\/2025\/09\/1-3322-300x300.jpg 300w, https:\/\/chenesme.com\/wp-content\/uploads\/2025\/09\/1-3322-768x768.jpg 768w, https:\/\/chenesme.com\/wp-content\/uploads\/2025\/09\/1-3322-12x12.jpg 12w, https:\/\/chenesme.com\/wp-content\/uploads\/2025\/09\/1-3322-150x150.jpg 150w, https:\/\/chenesme.com\/wp-content\/uploads\/2025\/09\/1-3322-75x75.jpg 75w, https:\/\/chenesme.com\/wp-content\/uploads\/2025\/09\/1-3322-480x480.jpg 480w\" sizes=\"(max-width:767px) 480px, (max-width:800px) 100vw, 800px\" \/> <img decoding=\"async\" class=\"aligncenter size-full wp-image-511\" src=\"https:\/\/chenesme.com\/wp-content\/uploads\/2025\/09\/1-3323.jpg\" alt=\"\" width=\"800\" height=\"800\" srcset=\"https:\/\/chenesme.com\/wp-content\/uploads\/2025\/09\/1-3323.jpg 800w, https:\/\/chenesme.com\/wp-content\/uploads\/2025\/09\/1-3323-500x500.jpg 500w, https:\/\/chenesme.com\/wp-content\/uploads\/2025\/09\/1-3323-300x300.jpg 300w, https:\/\/chenesme.com\/wp-content\/uploads\/2025\/09\/1-3323-768x768.jpg 768w, https:\/\/chenesme.com\/wp-content\/uploads\/2025\/09\/1-3323-12x12.jpg 12w, https:\/\/chenesme.com\/wp-content\/uploads\/2025\/09\/1-3323-150x150.jpg 150w, https:\/\/chenesme.com\/wp-content\/uploads\/2025\/09\/1-3323-75x75.jpg 75w, https:\/\/chenesme.com\/wp-content\/uploads\/2025\/09\/1-3323-480x480.jpg 480w\" sizes=\"(max-width:767px) 480px, (max-width:800px) 100vw, 800px\" \/><\/p>","protected":false},"excerpt":{"rendered":"<p>Die hydraulische Guillotine-Schermaschine verwendet Hydraulik\u00f6l als Medium und einen Elektromotor sowie eine Hydraulik\u00f6lpumpe als Antriebsquelle. \u00dcber die Ventilgruppe wird der \u00d6lzylinder bet\u00e4tigt, um die Schermaschine auf und ab zu bewegen und das Material zu scheren. Dadurch wird sichergestellt, dass die Schermaschine nicht \u00fcberlastet wird und die Werkzeugmaschine nicht besch\u00e4digt wird. Der Scherwinkel l\u00e4sst sich einstellen, wodurch der Schereffekt besser und gleichm\u00e4\u00dfiger wird.<\/p>","protected":false},"featured_media":510,"template":"","meta":{"_joinchat":[]},"product_brand":[],"product_cat":[19],"product_tag":[],"class_list":{"0":"post-508","1":"product","2":"type-product","3":"status-publish","4":"has-post-thumbnail","6":"product_cat-hydraulic-shearing-machine","8":"first","9":"instock","10":"shipping-taxable","11":"product-type-external"},"yoast_head":"<!-- This site is optimized with the Yoast SEO plugin v25.6 - https:\/\/yoast.com\/wordpress\/plugins\/seo\/ -->\n<title>Hydraulic shearing machine - Anhui Chensi Machinery Equipment Co., Ltd.<\/title>\n<meta name=\"robots\" content=\"index, follow, max-snippet:-1, max-image-preview:large, max-video-preview:-1\" \/>\n<link rel=\"canonical\" href=\"https:\/\/chenesme.com\/de\/produkt\/hydraulic-shearing-machine\/\" \/>\n<meta property=\"og:locale\" content=\"de_DE\" \/>\n<meta property=\"og:type\" content=\"article\" \/>\n<meta property=\"og:title\" content=\"Hydraulic shearing machine - Anhui Chensi Machinery Equipment Co., Ltd.\" \/>\n<meta property=\"og:description\" content=\"The hydraulic guillotine shearing machine uses hydraulic oil as a medium, and uses an electric motor and a hydraulic oil pump as a power source. Through the valve group, the oil cylinder is acted on to make the shearing machine move up and down to shear the material. This ensures that the shearing machine will not be overloaded and cause damage to the machine tool. Its shearing angle can be adjusted, which makes the shearing effect better and smoother.\" \/>\n<meta property=\"og:url\" content=\"https:\/\/chenesme.com\/de\/produkt\/hydraulic-shearing-machine\/\" \/>\n<meta property=\"og:site_name\" content=\"Anhui Chensi Machinery Equipment Co., Ltd.\" \/>\n<meta property=\"article:modified_time\" content=\"2025-09-22T16:30:59+00:00\" \/>\n<meta property=\"og:image\" content=\"https:\/\/chenesme.com\/wp-content\/uploads\/2025\/09\/1-3322.jpg\" \/>\n\t<meta property=\"og:image:width\" content=\"800\" \/>\n\t<meta property=\"og:image:height\" content=\"800\" \/>\n\t<meta property=\"og:image:type\" content=\"image\/jpeg\" \/>\n<meta name=\"twitter:card\" content=\"summary_large_image\" \/>\n<meta name=\"twitter:label1\" content=\"Gesch\u00e4tzte Lesezeit\" \/>\n\t<meta name=\"twitter:data1\" content=\"1\u00a0Minute\" \/>\n<script type=\"application\/ld+json\" class=\"yoast-schema-graph\">{\"@context\":\"https:\/\/schema.org\",\"@graph\":[{\"@type\":\"WebPage\",\"@id\":\"https:\/\/chenesme.com\/product\/hydraulic-shearing-machine\/\",\"url\":\"https:\/\/chenesme.com\/product\/hydraulic-shearing-machine\/\",\"name\":\"Hydraulic shearing machine - Anhui Chensi Machinery Equipment Co., Ltd.\",\"isPartOf\":{\"@id\":\"https:\/\/chenesme.com\/#website\"},\"primaryImageOfPage\":{\"@id\":\"https:\/\/chenesme.com\/product\/hydraulic-shearing-machine\/#primaryimage\"},\"image\":{\"@id\":\"https:\/\/chenesme.com\/product\/hydraulic-shearing-machine\/#primaryimage\"},\"thumbnailUrl\":\"https:\/\/chenesme.com\/wp-content\/uploads\/2025\/09\/1-3322.jpg\",\"datePublished\":\"2025-09-22T16:28:14+00:00\",\"dateModified\":\"2025-09-22T16:30:59+00:00\",\"breadcrumb\":{\"@id\":\"https:\/\/chenesme.com\/product\/hydraulic-shearing-machine\/#breadcrumb\"},\"inLanguage\":\"de\",\"potentialAction\":[{\"@type\":\"ReadAction\",\"target\":[\"https:\/\/chenesme.com\/product\/hydraulic-shearing-machine\/\"]}]},{\"@type\":\"ImageObject\",\"inLanguage\":\"de\",\"@id\":\"https:\/\/chenesme.com\/product\/hydraulic-shearing-machine\/#primaryimage\",\"url\":\"https:\/\/chenesme.com\/wp-content\/uploads\/2025\/09\/1-3322.jpg\",\"contentUrl\":\"https:\/\/chenesme.com\/wp-content\/uploads\/2025\/09\/1-3322.jpg\",\"width\":800,\"height\":800},{\"@type\":\"BreadcrumbList\",\"@id\":\"https:\/\/chenesme.com\/product\/hydraulic-shearing-machine\/#breadcrumb\",\"itemListElement\":[{\"@type\":\"ListItem\",\"position\":1,\"name\":\"Home\",\"item\":\"https:\/\/chenesme.com\/\"},{\"@type\":\"ListItem\",\"position\":2,\"name\":\"Product\",\"item\":\"https:\/\/chenesme.com\/product\/\"},{\"@type\":\"ListItem\",\"position\":3,\"name\":\"Hydraulic shearing machine\"}]},{\"@type\":\"WebSite\",\"@id\":\"https:\/\/chenesme.com\/#website\",\"url\":\"https:\/\/chenesme.com\/\",\"name\":\"Anhui Chensi Machinery Equipment Co., Ltd.\",\"description\":\"Anhui Chensi Machinery Equipment Co., Ltd.\",\"potentialAction\":[{\"@type\":\"SearchAction\",\"target\":{\"@type\":\"EntryPoint\",\"urlTemplate\":\"https:\/\/chenesme.com\/?s={search_term_string}\"},\"query-input\":{\"@type\":\"PropertyValueSpecification\",\"valueRequired\":true,\"valueName\":\"search_term_string\"}}],\"inLanguage\":\"de\"}]}<\/script>\n<!-- \/ Yoast SEO plugin. -->","yoast_head_json":{"title":"Hydraulic shearing machine - Anhui Chensi Machinery Equipment Co., Ltd.","robots":{"index":"index","follow":"follow","max-snippet":"max-snippet:-1","max-image-preview":"max-image-preview:large","max-video-preview":"max-video-preview:-1"},"canonical":"https:\/\/chenesme.com\/de\/produkt\/hydraulic-shearing-machine\/","og_locale":"de_DE","og_type":"article","og_title":"Hydraulic shearing machine - Anhui Chensi Machinery Equipment Co., Ltd.","og_description":"The hydraulic guillotine shearing machine uses hydraulic oil as a medium, and uses an electric motor and a hydraulic oil pump as a power source. Through the valve group, the oil cylinder is acted on to make the shearing machine move up and down to shear the material. This ensures that the shearing machine will not be overloaded and cause damage to the machine tool. Its shearing angle can be adjusted, which makes the shearing effect better and smoother.","og_url":"https:\/\/chenesme.com\/de\/produkt\/hydraulic-shearing-machine\/","og_site_name":"Anhui Chensi Machinery Equipment Co., Ltd.","article_modified_time":"2025-09-22T16:30:59+00:00","og_image":[{"width":800,"height":800,"url":"https:\/\/chenesme.com\/wp-content\/uploads\/2025\/09\/1-3322.jpg","type":"image\/jpeg"}],"twitter_card":"summary_large_image","twitter_misc":{"Gesch\u00e4tzte Lesezeit":"1\u00a0Minute"},"schema":{"@context":"https:\/\/schema.org","@graph":[{"@type":"WebPage","@id":"https:\/\/chenesme.com\/product\/hydraulic-shearing-machine\/","url":"https:\/\/chenesme.com\/product\/hydraulic-shearing-machine\/","name":"Hydraulic shearing machine - Anhui Chensi Machinery Equipment Co., Ltd.","isPartOf":{"@id":"https:\/\/chenesme.com\/#website"},"primaryImageOfPage":{"@id":"https:\/\/chenesme.com\/product\/hydraulic-shearing-machine\/#primaryimage"},"image":{"@id":"https:\/\/chenesme.com\/product\/hydraulic-shearing-machine\/#primaryimage"},"thumbnailUrl":"https:\/\/chenesme.com\/wp-content\/uploads\/2025\/09\/1-3322.jpg","datePublished":"2025-09-22T16:28:14+00:00","dateModified":"2025-09-22T16:30:59+00:00","breadcrumb":{"@id":"https:\/\/chenesme.com\/product\/hydraulic-shearing-machine\/#breadcrumb"},"inLanguage":"de","potentialAction":[{"@type":"ReadAction","target":["https:\/\/chenesme.com\/product\/hydraulic-shearing-machine\/"]}]},{"@type":"ImageObject","inLanguage":"de","@id":"https:\/\/chenesme.com\/product\/hydraulic-shearing-machine\/#primaryimage","url":"https:\/\/chenesme.com\/wp-content\/uploads\/2025\/09\/1-3322.jpg","contentUrl":"https:\/\/chenesme.com\/wp-content\/uploads\/2025\/09\/1-3322.jpg","width":800,"height":800},{"@type":"BreadcrumbList","@id":"https:\/\/chenesme.com\/product\/hydraulic-shearing-machine\/#breadcrumb","itemListElement":[{"@type":"ListItem","position":1,"name":"Home","item":"https:\/\/chenesme.com\/"},{"@type":"ListItem","position":2,"name":"Product","item":"https:\/\/chenesme.com\/product\/"},{"@type":"ListItem","position":3,"name":"Hydraulic shearing machine"}]},{"@type":"WebSite","@id":"https:\/\/chenesme.com\/#website","url":"https:\/\/chenesme.com\/","name":"Anhui Chensi Machinery Equipment Co., Ltd.","description":"Anhui Chensi Machinery Equipment Co., Ltd.","potentialAction":[{"@type":"SearchAction","target":{"@type":"EntryPoint","urlTemplate":"https:\/\/chenesme.com\/?s={search_term_string}"},"query-input":{"@type":"PropertyValueSpecification","valueRequired":true,"valueName":"search_term_string"}}],"inLanguage":"de"}]}},"_links":{"self":[{"href":"https:\/\/chenesme.com\/de\/wp-json\/wp\/v2\/product\/508","targetHints":{"allow":["GET"]}}],"collection":[{"href":"https:\/\/chenesme.com\/de\/wp-json\/wp\/v2\/product"}],"about":[{"href":"https:\/\/chenesme.com\/de\/wp-json\/wp\/v2\/types\/product"}],"version-history":[{"count":2,"href":"https:\/\/chenesme.com\/de\/wp-json\/wp\/v2\/product\/508\/revisions"}],"predecessor-version":[{"id":513,"href":"https:\/\/chenesme.com\/de\/wp-json\/wp\/v2\/product\/508\/revisions\/513"}],"wp:featuredmedia":[{"embeddable":true,"href":"https:\/\/chenesme.com\/de\/wp-json\/wp\/v2\/media\/510"}],"wp:attachment":[{"href":"https:\/\/chenesme.com\/de\/wp-json\/wp\/v2\/media?parent=508"}],"wp:term":[{"taxonomy":"product_brand","embeddable":true,"href":"https:\/\/chenesme.com\/de\/wp-json\/wp\/v2\/product_brand?post=508"},{"taxonomy":"product_cat","embeddable":true,"href":"https:\/\/chenesme.com\/de\/wp-json\/wp\/v2\/product_cat?post=508"},{"taxonomy":"product_tag","embeddable":true,"href":"https:\/\/chenesme.com\/de\/wp-json\/wp\/v2\/product_tag?post=508"}],"curies":[{"name":"wp","href":"https:\/\/api.w.org\/{rel}","templated":true}]}}