{"id":519,"date":"2025-09-22T16:35:07","date_gmt":"2025-09-22T16:35:07","guid":{"rendered":"https:\/\/chenesme.com\/?post_type=product&#038;p=519"},"modified":"2025-10-17T09:05:40","modified_gmt":"2025-10-17T09:05:40","slug":"pneumatic-form-press","status":"publish","type":"product","link":"https:\/\/chenesme.com\/de\/produkt\/pneumatic-form-press\/","title":{"rendered":"Pneumatische elektrische Formpresse"},"content":{"rendered":"<h3><strong>Pneumatische Stanzpresse f\u00fcr industrielle Anwendungen<\/strong><\/h3>\n<p><img fetchpriority=\"high\" decoding=\"async\" class=\"wp-image-723 alignleft\" src=\"https:\/\/chenesme.com\/wp-content\/uploads\/2025\/09\/Pneumatic-Punching-Press-2.jpg\" alt=\"\" width=\"718\" height=\"718\" srcset=\"https:\/\/chenesme.com\/wp-content\/uploads\/2025\/09\/Pneumatic-Punching-Press-2.jpg 1280w, https:\/\/chenesme.com\/wp-content\/uploads\/2025\/09\/Pneumatic-Punching-Press-2-500x500.jpg 500w, https:\/\/chenesme.com\/wp-content\/uploads\/2025\/09\/Pneumatic-Punching-Press-2-1200x1200.jpg 1200w, https:\/\/chenesme.com\/wp-content\/uploads\/2025\/09\/Pneumatic-Punching-Press-2-300x300.jpg 300w, https:\/\/chenesme.com\/wp-content\/uploads\/2025\/09\/Pneumatic-Punching-Press-2-768x768.jpg 768w, https:\/\/chenesme.com\/wp-content\/uploads\/2025\/09\/Pneumatic-Punching-Press-2-12x12.jpg 12w, https:\/\/chenesme.com\/wp-content\/uploads\/2025\/09\/Pneumatic-Punching-Press-2-150x150.jpg 150w, https:\/\/chenesme.com\/wp-content\/uploads\/2025\/09\/Pneumatic-Punching-Press-2-75x75.jpg 75w, https:\/\/chenesme.com\/wp-content\/uploads\/2025\/09\/Pneumatic-Punching-Press-2-480x480.jpg 480w, https:\/\/chenesme.com\/wp-content\/uploads\/2025\/09\/Pneumatic-Punching-Press-2-800x800.jpg 800w\" sizes=\"(max-width:767px) 480px, 718px\" \/><\/p>\n<p>&nbsp;<\/p>\n<p>&nbsp;<\/p>\n<p>&nbsp;<\/p>\n<p>&nbsp;<\/p>\n<p>&nbsp;<\/p>\n<p>&nbsp;<\/p>\n<p>&nbsp;<\/p>\n<p>&nbsp;<\/p>\n<p>&nbsp;<\/p>\n<p>&nbsp;<\/p>\n<p>&nbsp;<\/p>\n<p>&nbsp;<\/p>\n<p>&nbsp;<\/p>\n<p>&nbsp;<\/p>\n<p>&nbsp;<\/p>\n<p>&nbsp;<\/p>\n<p>&nbsp;<\/p>\n<p>&nbsp;<\/p>\n<p>&nbsp;<\/p>\n<p><b><span data-spm-anchor-id=\"a2700.details-description.0.i0.62fa4Y7x4Y7x0K\">Pneumatische elektrische Formpresse Lochstanze f\u00fcr Metallstanzmaschinen, Preis im Angebot <\/span>Anwendung: <\/b><\/p>\n<div><span data-spm-anchor-id=\"a2700.details-description.0.i1.62fa4Y7x4Y7x0K\">\u25cfRealisierung verschiedener Kaltumformverfahren wie Stanzen, Lochen, Umformen, Biegen und Flachziehen.<\/span><\/div>\n<div><\/div>\n<div>\u25cf Verwendung findet es in Elektroger\u00e4ten, Fahrzeugen, Traktoren, Bergbaumaschinen, Werkzeugen, im Maschinenbau und anderen Industriezweigen.<\/div>\n<div><strong>Struktur<\/strong><\/div>\n<div>\u25cf Die pneumatische Formpresse mit Lochstanze f\u00fcr Metallstanzmaschinen, Preis auf Anfrage, hat einen geschwei\u00dften K\u00f6rper mit guter Steifigkeit und stabilerer Genauigkeit.<\/div>\n<div><\/div>\n<div>\u25cfDie Kurbelwelle ist vertikal angeordnet, was f\u00fcr eine kompakte Bauweise und ein ansprechendes Aussehen sorgt.<\/div>\n<div><\/div>\n<div>\u25cf Die H\u00f6he der Form kann elektrisch verstellt werden, und die H\u00f6henverstellung erfolgt \u00fcber eine digitale Anzeige.<\/div>\n<div><\/div>\n<div>\u25cf Der Gleitblock verwendet eine rechteckige, hexaedrische, l\u00e4ngliche F\u00fchrungsschiene und eine Bronzeauskleidung, die eine hohe F\u00fchrungsgenauigkeit aufweist.<\/div>\n<div><\/div>\n<div>\u25cf Eine Sicherheitsvorrichtung vom Kompressionstyp gew\u00e4hrleistet die Sicherheit der gesamten Maschine im Betrieb.<br \/>\n\u00fcberladen.<\/div>\n<div><\/div>\n<div>\u25cf Die H\u00f6he des Schiebers ist mit einem Hubzylinder ausgestattet, um das Gleichgewicht der Schieber-Pleuelstange zu gew\u00e4hrleisten.<br \/>\n<b><img decoding=\"async\" class=\"wp-image-724 alignleft\" src=\"https:\/\/chenesme.com\/wp-content\/uploads\/2025\/09\/Pneumatic-Punching-Press-2.png\" alt=\"\" width=\"531\" height=\"653\" srcset=\"https:\/\/chenesme.com\/wp-content\/uploads\/2025\/09\/Pneumatic-Punching-Press-2.png 632w, https:\/\/chenesme.com\/wp-content\/uploads\/2025\/09\/Pneumatic-Punching-Press-2-407x500.png 407w, https:\/\/chenesme.com\/wp-content\/uploads\/2025\/09\/Pneumatic-Punching-Press-2-244x300.png 244w, https:\/\/chenesme.com\/wp-content\/uploads\/2025\/09\/Pneumatic-Punching-Press-2-10x12.png 10w, https:\/\/chenesme.com\/wp-content\/uploads\/2025\/09\/Pneumatic-Punching-Press-2-61x75.png 61w, https:\/\/chenesme.com\/wp-content\/uploads\/2025\/09\/Pneumatic-Punching-Press-2-480x590.png 480w\" sizes=\"(max-width:767px) 480px, 531px\" \/><\/b><\/div>\n<div><\/div>\n<div><\/div>\n<div><\/div>\n<div><\/div>\n<div><\/div>\n<div><\/div>\n<div><\/div>\n<div><\/div>\n<div><\/div>\n<div><\/div>\n<div><\/div>\n<div><\/div>\n<div><\/div>\n<div><\/div>\n<div><\/div>\n<div><\/div>\n<div><\/div>\n<div><\/div>\n<div><\/div>\n<div><\/div>\n<div><\/div>\n<div><\/div>\n<div><\/div>\n<div><\/div>\n<div><\/div>\n<div><\/div>\n<div><\/div>\n<div><\/div>\n<div><\/div>\n<div><b>Merkmale <\/b><\/div>\n<div>\u25cf Die pneumatische elektrische Formpresse f\u00fcr Lochstanzmaschinen (Preis auf Anfrage) kann zentimetergenau bewegt werden, und die Bewegung kann im Notfall gestoppt werden, was die Bedienung sicherer macht.<\/div>\n<div>\u25cf Die Stra\u00dfe verf\u00fcgt \u00fcber eine Doppelventilsteuerung, die feinf\u00fchlig arbeitet und die Sicherheitsstandards von Pressen erf\u00fcllt.<\/div>","protected":false},"excerpt":{"rendered":"<p>CNC-Pneumatik-Stanzmaschinen sind auf maximale Produktion ausgelegt. Schnelle Zykluszeiten erm\u00f6glichen einen Dauerbetrieb. Dies erh\u00f6ht die Leistung und reduziert die St\u00fcckzeit, wodurch sie ideal f\u00fcr die Gro\u00dfserienproduktion sind. Hohe Geschwindigkeiten sorgen f\u00fcr minimale Verz\u00f6gerungen zwischen den Arbeitsg\u00e4ngen und steigern so die Gesamteffizienz. Sie zeichnen sich durch hohe Effizienz, Geschwindigkeit und geringen Wartungsaufwand aus.<\/p>","protected":false},"featured_media":522,"template":"","meta":{"_joinchat":[]},"product_brand":[],"product_cat":[21],"product_tag":[],"class_list":{"0":"post-519","1":"product","2":"type-product","3":"status-publish","4":"has-post-thumbnail","6":"product_cat-pneumatic-punching-machine","8":"first","9":"instock","10":"shipping-taxable","11":"product-type-external"},"yoast_head":"<!-- This site is optimized with the Yoast SEO plugin v25.6 - https:\/\/yoast.com\/wordpress\/plugins\/seo\/ -->\n<title>Pneumatic electric form press - Anhui Chensi Machinery Equipment Co., Ltd.<\/title>\n<meta name=\"description\" content=\"Our Pneumatic Press Machine delivers high-speed, precise force for stamping and assembly. Boost your production efficiency with this robust solution.\" \/>\n<meta name=\"robots\" content=\"index, follow, max-snippet:-1, max-image-preview:large, max-video-preview:-1\" \/>\n<link rel=\"canonical\" href=\"https:\/\/chenesme.com\/de\/produkt\/pneumatic-form-press\/\" \/>\n<meta property=\"og:locale\" content=\"de_DE\" \/>\n<meta property=\"og:type\" content=\"article\" \/>\n<meta property=\"og:title\" content=\"Pneumatic electric form press - Anhui Chensi Machinery Equipment Co., Ltd.\" \/>\n<meta property=\"og:description\" content=\"Our Pneumatic Press Machine delivers high-speed, precise force for stamping and assembly. Boost your production efficiency with this robust solution.\" \/>\n<meta property=\"og:url\" content=\"https:\/\/chenesme.com\/de\/produkt\/pneumatic-form-press\/\" \/>\n<meta property=\"og:site_name\" content=\"Anhui Chensi Machinery Equipment Co., Ltd.\" \/>\n<meta property=\"article:modified_time\" content=\"2025-10-17T09:05:40+00:00\" \/>\n<meta property=\"og:image\" content=\"https:\/\/chenesme.com\/wp-content\/uploads\/2025\/09\/5-13.jpg\" \/>\n\t<meta property=\"og:image:width\" content=\"800\" \/>\n\t<meta property=\"og:image:height\" content=\"800\" \/>\n\t<meta property=\"og:image:type\" content=\"image\/jpeg\" \/>\n<meta name=\"twitter:card\" content=\"summary_large_image\" \/>\n<meta name=\"twitter:label1\" content=\"Gesch\u00e4tzte Lesezeit\" \/>\n\t<meta name=\"twitter:data1\" content=\"2\u00a0Minuten\" \/>\n<script type=\"application\/ld+json\" class=\"yoast-schema-graph\">{\"@context\":\"https:\/\/schema.org\",\"@graph\":[{\"@type\":\"WebPage\",\"@id\":\"https:\/\/chenesme.com\/product\/pneumatic-form-press\/\",\"url\":\"https:\/\/chenesme.com\/product\/pneumatic-form-press\/\",\"name\":\"Pneumatic electric form press - Anhui Chensi Machinery Equipment Co., Ltd.\",\"isPartOf\":{\"@id\":\"https:\/\/chenesme.com\/#website\"},\"primaryImageOfPage\":{\"@id\":\"https:\/\/chenesme.com\/product\/pneumatic-form-press\/#primaryimage\"},\"image\":{\"@id\":\"https:\/\/chenesme.com\/product\/pneumatic-form-press\/#primaryimage\"},\"thumbnailUrl\":\"https:\/\/chenesme.com\/wp-content\/uploads\/2025\/09\/5-13.jpg\",\"datePublished\":\"2025-09-22T16:35:07+00:00\",\"dateModified\":\"2025-10-17T09:05:40+00:00\",\"description\":\"Our Pneumatic Press Machine delivers high-speed, precise force for stamping and assembly. Boost your production efficiency with this robust solution.\",\"breadcrumb\":{\"@id\":\"https:\/\/chenesme.com\/product\/pneumatic-form-press\/#breadcrumb\"},\"inLanguage\":\"de\",\"potentialAction\":[{\"@type\":\"ReadAction\",\"target\":[\"https:\/\/chenesme.com\/product\/pneumatic-form-press\/\"]}]},{\"@type\":\"ImageObject\",\"inLanguage\":\"de\",\"@id\":\"https:\/\/chenesme.com\/product\/pneumatic-form-press\/#primaryimage\",\"url\":\"https:\/\/chenesme.com\/wp-content\/uploads\/2025\/09\/5-13.jpg\",\"contentUrl\":\"https:\/\/chenesme.com\/wp-content\/uploads\/2025\/09\/5-13.jpg\",\"width\":800,\"height\":800},{\"@type\":\"BreadcrumbList\",\"@id\":\"https:\/\/chenesme.com\/product\/pneumatic-form-press\/#breadcrumb\",\"itemListElement\":[{\"@type\":\"ListItem\",\"position\":1,\"name\":\"Home\",\"item\":\"https:\/\/chenesme.com\/\"},{\"@type\":\"ListItem\",\"position\":2,\"name\":\"Product\",\"item\":\"https:\/\/chenesme.com\/product\/\"},{\"@type\":\"ListItem\",\"position\":3,\"name\":\"Pneumatic electric form press\"}]},{\"@type\":\"WebSite\",\"@id\":\"https:\/\/chenesme.com\/#website\",\"url\":\"https:\/\/chenesme.com\/\",\"name\":\"Anhui Chensi Machinery Equipment Co., Ltd.\",\"description\":\"Anhui Chensi Machinery Equipment Co., Ltd.\",\"potentialAction\":[{\"@type\":\"SearchAction\",\"target\":{\"@type\":\"EntryPoint\",\"urlTemplate\":\"https:\/\/chenesme.com\/?s={search_term_string}\"},\"query-input\":{\"@type\":\"PropertyValueSpecification\",\"valueRequired\":true,\"valueName\":\"search_term_string\"}}],\"inLanguage\":\"de\"}]}<\/script>\n<!-- \/ Yoast SEO plugin. -->","yoast_head_json":{"title":"Pneumatic electric form press - Anhui Chensi Machinery Equipment Co., Ltd.","description":"Our Pneumatic Press Machine delivers high-speed, precise force for stamping and assembly. Boost your production efficiency with this robust solution.","robots":{"index":"index","follow":"follow","max-snippet":"max-snippet:-1","max-image-preview":"max-image-preview:large","max-video-preview":"max-video-preview:-1"},"canonical":"https:\/\/chenesme.com\/de\/produkt\/pneumatic-form-press\/","og_locale":"de_DE","og_type":"article","og_title":"Pneumatic electric form press - Anhui Chensi Machinery Equipment Co., Ltd.","og_description":"Our Pneumatic Press Machine delivers high-speed, precise force for stamping and assembly. Boost your production efficiency with this robust solution.","og_url":"https:\/\/chenesme.com\/de\/produkt\/pneumatic-form-press\/","og_site_name":"Anhui Chensi Machinery Equipment Co., Ltd.","article_modified_time":"2025-10-17T09:05:40+00:00","og_image":[{"width":800,"height":800,"url":"https:\/\/chenesme.com\/wp-content\/uploads\/2025\/09\/5-13.jpg","type":"image\/jpeg"}],"twitter_card":"summary_large_image","twitter_misc":{"Gesch\u00e4tzte Lesezeit":"2\u00a0Minuten"},"schema":{"@context":"https:\/\/schema.org","@graph":[{"@type":"WebPage","@id":"https:\/\/chenesme.com\/product\/pneumatic-form-press\/","url":"https:\/\/chenesme.com\/product\/pneumatic-form-press\/","name":"Pneumatic electric form press - Anhui Chensi Machinery Equipment Co., Ltd.","isPartOf":{"@id":"https:\/\/chenesme.com\/#website"},"primaryImageOfPage":{"@id":"https:\/\/chenesme.com\/product\/pneumatic-form-press\/#primaryimage"},"image":{"@id":"https:\/\/chenesme.com\/product\/pneumatic-form-press\/#primaryimage"},"thumbnailUrl":"https:\/\/chenesme.com\/wp-content\/uploads\/2025\/09\/5-13.jpg","datePublished":"2025-09-22T16:35:07+00:00","dateModified":"2025-10-17T09:05:40+00:00","description":"Our Pneumatic Press Machine delivers high-speed, precise force for stamping and assembly. Boost your production efficiency with this robust solution.","breadcrumb":{"@id":"https:\/\/chenesme.com\/product\/pneumatic-form-press\/#breadcrumb"},"inLanguage":"de","potentialAction":[{"@type":"ReadAction","target":["https:\/\/chenesme.com\/product\/pneumatic-form-press\/"]}]},{"@type":"ImageObject","inLanguage":"de","@id":"https:\/\/chenesme.com\/product\/pneumatic-form-press\/#primaryimage","url":"https:\/\/chenesme.com\/wp-content\/uploads\/2025\/09\/5-13.jpg","contentUrl":"https:\/\/chenesme.com\/wp-content\/uploads\/2025\/09\/5-13.jpg","width":800,"height":800},{"@type":"BreadcrumbList","@id":"https:\/\/chenesme.com\/product\/pneumatic-form-press\/#breadcrumb","itemListElement":[{"@type":"ListItem","position":1,"name":"Home","item":"https:\/\/chenesme.com\/"},{"@type":"ListItem","position":2,"name":"Product","item":"https:\/\/chenesme.com\/product\/"},{"@type":"ListItem","position":3,"name":"Pneumatic electric form press"}]},{"@type":"WebSite","@id":"https:\/\/chenesme.com\/#website","url":"https:\/\/chenesme.com\/","name":"Anhui Chensi Machinery Equipment Co., Ltd.","description":"Anhui Chensi Machinery Equipment Co., Ltd.","potentialAction":[{"@type":"SearchAction","target":{"@type":"EntryPoint","urlTemplate":"https:\/\/chenesme.com\/?s={search_term_string}"},"query-input":{"@type":"PropertyValueSpecification","valueRequired":true,"valueName":"search_term_string"}}],"inLanguage":"de"}]}},"_links":{"self":[{"href":"https:\/\/chenesme.com\/de\/wp-json\/wp\/v2\/product\/519","targetHints":{"allow":["GET"]}}],"collection":[{"href":"https:\/\/chenesme.com\/de\/wp-json\/wp\/v2\/product"}],"about":[{"href":"https:\/\/chenesme.com\/de\/wp-json\/wp\/v2\/types\/product"}],"version-history":[{"count":3,"href":"https:\/\/chenesme.com\/de\/wp-json\/wp\/v2\/product\/519\/revisions"}],"predecessor-version":[{"id":725,"href":"https:\/\/chenesme.com\/de\/wp-json\/wp\/v2\/product\/519\/revisions\/725"}],"wp:featuredmedia":[{"embeddable":true,"href":"https:\/\/chenesme.com\/de\/wp-json\/wp\/v2\/media\/522"}],"wp:attachment":[{"href":"https:\/\/chenesme.com\/de\/wp-json\/wp\/v2\/media?parent=519"}],"wp:term":[{"taxonomy":"product_brand","embeddable":true,"href":"https:\/\/chenesme.com\/de\/wp-json\/wp\/v2\/product_brand?post=519"},{"taxonomy":"product_cat","embeddable":true,"href":"https:\/\/chenesme.com\/de\/wp-json\/wp\/v2\/product_cat?post=519"},{"taxonomy":"product_tag","embeddable":true,"href":"https:\/\/chenesme.com\/de\/wp-json\/wp\/v2\/product_tag?post=519"}],"curies":[{"name":"wp","href":"https:\/\/api.w.org\/{rel}","templated":true}]}}