{"id":603,"date":"2025-10-14T07:35:23","date_gmt":"2025-10-14T07:35:23","guid":{"rendered":"https:\/\/chenesme.com\/?post_type=product&#038;p=603"},"modified":"2025-10-20T01:05:26","modified_gmt":"2025-10-20T01:05:26","slug":"pneumatic-punching-machine-2","status":"publish","type":"product","link":"https:\/\/chenesme.com\/de\/produkt\/pneumatic-punching-machine-2\/","title":{"rendered":"Automatisierungsbereite pneumatische Stanzpresse"},"content":{"rendered":"<div class=\"editor-header\">\n<div class=\"header-title\"><span class=\"title\">\u8be6\u60c5\u7f16\u8f91\u5668<\/span><\/div>\n<div class=\"header-center\">\n<div class=\"switch-view\"><\/div>\n<\/div>\n<div class=\"header-controls\"><button class=\"next-btn next-btn-text next-btn-normal next-btn-medium\" type=\"button\">\u66f4\u591a<i class=\"next-icon next-icon-arrow-down-filling next-icon-xs next-icon-last\"><\/i><\/button><a href=\"https:\/\/siteadmin.alibaba.com\/detail\/get_customized_template_groups.htm\" target=\"_blank\" rel=\"noopener\">\u7ba1\u7406\u81ea\u5b9a\u4e49\u6a21\u677f<\/a><button class=\"next-btn next-btn-normal next-btn-medium\" type=\"button\">\u6e05\u7a7a<\/button><button class=\"next-btn next-btn-normal next-btn-medium\" type=\"button\">\u53d6\u6d88<\/button><button class=\"next-btn next-btn-normal next-btn-medium\" type=\"button\">\u4fdd\u5b58<\/button><button class=\"next-btn next-btn-primary next-btn-medium\" type=\"button\">\u7f16\u8f91\u5b8c\u6210<\/button><\/div>\n<\/div>\n<div class=\"main-content\">\n<div class=\"shop-biz-left-menu\">\n<div class=\"manager-sidebar-wrap\">\n<div class=\"manager-sidebar\">\n<div class=\"manager-sidenav\">\n<div class=\"manager-wrap\"><\/div>\n<div class=\"manager-wrap\">\n<div class=\"panel\">\n<div class=\"manager__map-wrapper\">\n<div class=\"manager__item\">\n<div class=\"manager-drag-wrap\">\n<div class=\"manager__item-thumbnail\" draggable=\"true\"><\/div>\n<\/div>\n<\/div>\n<\/div>\n<\/div>\n<\/div>\n<\/div>\n<\/div>\n<\/div>\n<\/div>\n<div class=\"container-right\">\n<div id=\"detail_decorate_root\" data-spm-anchor-id=\"a2700.pc-decorate.0.i8.198b3333tWjjiF\">\n<div class=\"editor-plugin-canvas\">\n<div class=\"render-engien-app\">\n<div class=\"editor-component-row editor-component-row-relative\">\n<div class=\"editor-component-container\">\n<div class=\"previewer-item-wrap\">\n<div id=\"38364299346\" class=\"J_module\">\n<div id=\"ali-anchor-AliMagic-qyk0v5\" data-reactroot=\"\" data-section=\"AliMagic-qyk0v5\" data-section-title=\"Product Description\" data-spm-anchor-id=\"a2700.pc-decorate.0.i1.198b3333tWjjiF\">Produktbeschreibung<\/div>\n<\/div>\n<\/div>\n<div class=\"editor-component-container-mask\"><\/div>\n<\/div>\n<\/div>\n<div class=\"editor-component-row editor-component-row-relative\">\n<div class=\"editor-component-container\">\n<div class=\"previewer-item-wrap\">\n<div id=\"38364299347\" class=\"J_module\">\n<div class=\"detail-decorate-json-renderer-container\" data-reactroot=\"\">\n<div>\n<div>\n<div>\n<div>\n<div class=\"preview-edit-text-editor\" data-reactroot=\"\">\n<div id=\"preview-edit-2\" class=\"content-editor\" tabindex=\"1\" contenteditable=\"true\">Hochpr\u00e4zise pneumatische Stahlstanzpresse Typ JH21, Stanzmaschine f\u00fcr Blechbearbeitung<\/div>\n<\/div>\n<\/div>\n<\/div>\n<\/div>\n<\/div>\n<\/div>\n<\/div>\n<\/div>\n<div class=\"editor-component-container-mask\"><img fetchpriority=\"high\" decoding=\"async\" class=\"wp-image-604 alignleft\" src=\"https:\/\/chenesme.com\/wp-content\/uploads\/2025\/10\/\u5fae\u4fe1\u56fe\u7247_20251014152636_167_47.jpg\" alt=\"\" width=\"464\" height=\"619\" srcset=\"https:\/\/chenesme.com\/wp-content\/uploads\/2025\/10\/\u5fae\u4fe1\u56fe\u7247_20251014152636_167_47.jpg 1773w, https:\/\/chenesme.com\/wp-content\/uploads\/2025\/10\/\u5fae\u4fe1\u56fe\u7247_20251014152636_167_47-375x500.jpg 375w, https:\/\/chenesme.com\/wp-content\/uploads\/2025\/10\/\u5fae\u4fe1\u56fe\u7247_20251014152636_167_47-900x1200.jpg 900w, https:\/\/chenesme.com\/wp-content\/uploads\/2025\/10\/\u5fae\u4fe1\u56fe\u7247_20251014152636_167_47-225x300.jpg 225w, https:\/\/chenesme.com\/wp-content\/uploads\/2025\/10\/\u5fae\u4fe1\u56fe\u7247_20251014152636_167_47-768x1024.jpg 768w, https:\/\/chenesme.com\/wp-content\/uploads\/2025\/10\/\u5fae\u4fe1\u56fe\u7247_20251014152636_167_47-1152x1536.jpg 1152w, https:\/\/chenesme.com\/wp-content\/uploads\/2025\/10\/\u5fae\u4fe1\u56fe\u7247_20251014152636_167_47-1536x2048.jpg 1536w, https:\/\/chenesme.com\/wp-content\/uploads\/2025\/10\/\u5fae\u4fe1\u56fe\u7247_20251014152636_167_47-9x12.jpg 9w, https:\/\/chenesme.com\/wp-content\/uploads\/2025\/10\/\u5fae\u4fe1\u56fe\u7247_20251014152636_167_47-56x75.jpg 56w, https:\/\/chenesme.com\/wp-content\/uploads\/2025\/10\/\u5fae\u4fe1\u56fe\u7247_20251014152636_167_47-480x640.jpg 480w, https:\/\/chenesme.com\/wp-content\/uploads\/2025\/10\/\u5fae\u4fe1\u56fe\u7247_20251014152636_167_47-800x1067.jpg 800w\" sizes=\"(max-width:767px) 464px, 464px\" \/><\/div>\n<\/div>\n<\/div>\n<div class=\"editor-component-row editor-component-row-relative\">\n<div class=\"editor-component-container\">\n<div class=\"previewer-item-wrap\">\n<div id=\"38364299348\" class=\"J_module\">\n<div class=\"icbu-pc-images\" data-reactroot=\"\">\n<div class=\"flex-layout-v\">\n<div class=\"flex-layout-h\">\n<div class=\"preview-image-edit\">\n<div class=\"preview-edit-image-item\" data-reactroot=\"\"><\/div>\n<\/div>\n<p>&nbsp;<\/p>\n<\/div>\n<\/div>\n<\/div>\n<\/div>\n<\/div>\n<div class=\"editor-component-container-mask\"><\/div>\n<\/div>\n<\/div>\n<div class=\"editor-component-row editor-component-row-relative\">\n<div class=\"editor-component-container\">\n<div class=\"previewer-item-wrap\">\n<div id=\"38364299349\" class=\"J_module\">\n<div class=\"detail-decorate-json-renderer-container\" data-reactroot=\"\">\n<div class=\"preview-edit-text-editor\" data-reactroot=\"\">\n<div id=\"preview-edit-4\" class=\"content-editor\" tabindex=\"1\" contenteditable=\"true\">\n<p>&nbsp;<\/p>\n<p>&nbsp;<\/p>\n<p>&nbsp;<\/p>\n<p>&nbsp;<\/p>\n<p>&nbsp;<\/p>\n<p>&nbsp;<\/p>\n<p>&nbsp;<\/p>\n<p>&nbsp;<\/p>\n<p>&nbsp;<\/p>\n<p>&nbsp;<\/p>\n<p>&nbsp;<\/p>\n<p>&nbsp;<\/p>\n<p>&nbsp;<\/p>\n<p>&nbsp;<\/p>\n<p><b>Hauptmerkmale<\/b><br \/>\nOffene Presse der Serie JH21 mit Trockenkupplung und hydraulischem \u00dcberlastschutz<\/p>\n<p>1 Geschwei\u00dfter Korpus aus Stahlblech und hoher Festigkeit.<br \/>\n2. Der Hauptmotor ist von Siemens.<br \/>\n3. Verwendet eine kombinierte pneumatische Reibungskupplung und -bremse.<br \/>\n4 Das Clustergetriebe verwendet eine \u00d6lflutschmierung.<br \/>\n5 Sechsseitige rechteckige Verl\u00e4ngerungsf\u00fchrung; JH21-315B\/400B verwendet eine achtseitige Verl\u00e4ngerungsf\u00fchrung.<br \/>\n6 Ausgestattet mit einer hydraulischen \u00dcberlastschutzvorrichtung.<\/p>\n<\/div>\n<\/div>\n<\/div>\n<\/div>\n<\/div>\n<div class=\"editor-component-container-mask\"><\/div>\n<\/div>\n<\/div>\n<div class=\"editor-component-row editor-component-row-relative\">\n<div class=\"editor-component-container\">\n<div class=\"previewer-item-wrap\">\n<div id=\"38364299350\" class=\"J_module\">\n<div class=\"icbu-pc-images\" data-reactroot=\"\">\n<div>\n<div class=\"flex-layout-v\">\n<div class=\"flex-layout-h\">\n<div>\n<div class=\"preview-image-edit\">\n<div class=\"preview-edit-image-item\" data-reactroot=\"\"><\/div>\n<\/div>\n<p><img decoding=\"async\" src=\"https:\/\/sc04.alicdn.com\/kf\/H9ed558d8ada3492491b19ed848f1a141p\/232928308\/H9ed558d8ada3492491b19ed848f1a141p.jpg\" data-id=\"child-image-0\" \/><\/p>\n<\/div>\n<\/div>\n<\/div>\n<\/div>\n<\/div>\n<\/div>\n<\/div>\n<div class=\"editor-component-container-mask\"><\/div>\n<\/div>\n<\/div>\n<div class=\"editor-component-row editor-component-row-relative\">\n<div class=\"editor-component-container\">\n<div class=\"previewer-item-wrap\">\n<div id=\"38364299351\" class=\"J_module\">\n<div class=\"icbu-pc-images\" data-reactroot=\"\">\n<div class=\"flex-layout-v\">\n<div class=\"flex-layout-h\">\n<div class=\"preview-image-edit\">\n<div class=\"preview-edit-image-item\" data-reactroot=\"\"><\/div>\n<\/div>\n<\/div>\n<\/div>\n<\/div>\n<\/div>\n<\/div>\n<div class=\"editor-component-container-mask\"><\/div>\n<\/div>\n<\/div>\n<div class=\"editor-component-row editor-component-row-relative\">\n<div class=\"editor-component-container\">\n<div class=\"previewer-item-wrap\">\n<div id=\"38364299352\" class=\"J_module\">\n<div class=\"detail-decorate-json-renderer-container\" data-reactroot=\"\">\n<div class=\"preview-edit-text-editor\" data-reactroot=\"\">\n<div id=\"preview-edit-5\" class=\"content-editor\" tabindex=\"1\" contenteditable=\"true\"><b>Standardausf\u00fchrung<\/b><br \/>\nDer schwere, einteilig geschwei\u00dfte Stahlrahmen ist so konstruiert, dass er Verformungen widersteht und dadurch pr\u00e4zisere Stanzteile sowie eine l\u00e4ngere Werkzeuglebensdauer erm\u00f6glicht.<br \/>\nDie schnell reagierende hydraulische \u00dcberlastvorrichtung entlastet die Presse innerhalb von Millisekunden und stoppt sie sofort.<br \/>\nSchutz der Presse und der Matrizen vor Besch\u00e4digung.<br \/>\nNasskupplung und -bremse gew\u00e4hrleisten lange Lebensdauer, sehr geringen Wartungsaufwand und hohe Leistung auch bei hohen Einzeltaktraten.<\/div>\n<\/div>\n<\/div>\n<\/div>\n<\/div>\n<div class=\"editor-component-container-mask\"><\/div>\n<\/div>\n<\/div>\n<div class=\"editor-component-row editor-component-row-relative\">\n<div class=\"editor-component-container\">\n<div class=\"previewer-item-wrap\">\n<div id=\"38364299353\" class=\"J_module\">\n<div class=\"detail-decorate-json-renderer-container\" data-reactroot=\"\">\n<div>\n<div>\n<div>\n<div>\n<div class=\"preview-edit-text-editor\" data-reactroot=\"\">\n<div id=\"preview-edit-1\" class=\"content-editor\" tabindex=\"1\" contenteditable=\"true\"><b>Detailbild<\/b><\/div>\n<\/div>\n<\/div>\n<\/div>\n<\/div>\n<\/div>\n<\/div>\n<\/div>\n<\/div>\n<\/div>\n<\/div>\n<div class=\"editor-component-row editor-component-row-relative\">\n<div class=\"editor-component-container\">\n<div class=\"editor-component-container-mask\"><\/div>\n<\/div>\n<\/div>\n<div class=\"editor-component-row editor-component-row-relative\">\n<div class=\"editor-component-container\">\n<div class=\"previewer-item-wrap\">\n<div id=\"38364299355\" class=\"J_module\">\n<div class=\"icbu-pc-images\" data-reactroot=\"\">\n<div>\n<div class=\"flex-layout-v\">\n<div class=\"flex-layout-h\">\n<div>\n<div class=\"preview-image-edit\">\n<div class=\"preview-edit-image-item\" data-reactroot=\"\" data-spm-anchor-id=\"a2700.pc-decorate.0.i3.198b3333tWjjiF\"><\/div>\n<\/div>\n<p><img decoding=\"async\" src=\"https:\/\/sc04.alicdn.com\/kf\/H71abad08463143be8d5971e4f587f7f7V\/232928308\/H71abad08463143be8d5971e4f587f7f7V.jpg\" data-id=\"child-image-0\" \/><\/p>\n<\/div>\n<\/div>\n<\/div>\n<\/div>\n<\/div>\n<\/div>\n<\/div>\n<div class=\"editor-component-container-mask\"><\/div>\n<\/div>\n<\/div>\n<div class=\"editor-component-row editor-component-row-relative\">\n<div class=\"editor-component-container\">\n<div class=\"previewer-item-wrap\">\n<div id=\"38364299356\" class=\"J_module\">\n<div class=\"icbu-pc-images\" data-reactroot=\"\">\n<div>\n<div class=\"flex-layout-v\">\n<div class=\"flex-layout-h\">\n<div>\n<div class=\"preview-image-edit\">\n<div class=\"preview-edit-image-item\" data-reactroot=\"\" data-spm-anchor-id=\"a2700.pc-decorate.0.i4.198b3333tWjjiF\"><\/div>\n<\/div>\n<p><img decoding=\"async\" src=\"https:\/\/sc04.alicdn.com\/kf\/H092dae4d81364ad2adb071b45fc8c9e0m\/232928308\/H092dae4d81364ad2adb071b45fc8c9e0m.jpg\" data-id=\"child-image-0\" \/><\/p>\n<\/div>\n<\/div>\n<\/div>\n<\/div>\n<\/div>\n<\/div>\n<\/div>\n<div class=\"editor-component-container-mask\"><\/div>\n<\/div>\n<\/div>\n<\/div>\n<\/div>\n<\/div>\n<\/div>\n<\/div>","protected":false},"excerpt":{"rendered":"<p>CNC-Pneumatik-Stanzmaschinen sind auf maximale Produktion ausgelegt. Schnelle Zykluszeiten erm\u00f6glichen einen Dauerbetrieb. Dies erh\u00f6ht die Leistung und reduziert die St\u00fcckzeit, wodurch sie ideal f\u00fcr die Gro\u00dfserienproduktion sind. Hohe Geschwindigkeiten sorgen f\u00fcr minimale Verz\u00f6gerungen zwischen den Arbeitsg\u00e4ngen und steigern so die Gesamteffizienz. Sie zeichnen sich durch hohe Effizienz, Geschwindigkeit und geringen Wartungsaufwand aus.<\/p>","protected":false},"featured_media":727,"template":"","meta":{"_joinchat":[]},"product_brand":[],"product_cat":[21],"product_tag":[],"class_list":{"0":"post-603","1":"product","2":"type-product","3":"status-publish","4":"has-post-thumbnail","6":"product_cat-pneumatic-punching-machine","8":"first","9":"instock","10":"shipping-taxable","11":"product-type-external"},"yoast_head":"<!-- This site is optimized with the Yoast SEO plugin v25.6 - https:\/\/yoast.com\/wordpress\/plugins\/seo\/ -->\n<title>Automation-Ready Pneumatic Punch Press - Anhui Chensi Machinery Equipment Co., Ltd.<\/title>\n<meta name=\"robots\" content=\"index, follow, max-snippet:-1, max-image-preview:large, max-video-preview:-1\" \/>\n<link rel=\"canonical\" href=\"https:\/\/chenesme.com\/de\/produkt\/pneumatic-punching-machine-2\/\" \/>\n<meta property=\"og:locale\" content=\"de_DE\" \/>\n<meta property=\"og:type\" content=\"article\" \/>\n<meta property=\"og:title\" content=\"Automation-Ready Pneumatic Punch Press - Anhui Chensi Machinery Equipment Co., Ltd.\" \/>\n<meta property=\"og:description\" content=\"CNC pneumatic punching machines are designed to maximize production, with fast cycle times enabling continuous operation. This increases output and reduces unit time, making them ideal for large-scale production. High-speed capabilities ensure minimal delays between operations, increasing overall efficiency. They are characterized by high efficiency, speed, and low maintenance requirements.\" \/>\n<meta property=\"og:url\" content=\"https:\/\/chenesme.com\/de\/produkt\/pneumatic-punching-machine-2\/\" \/>\n<meta property=\"og:site_name\" content=\"Anhui Chensi Machinery Equipment Co., Ltd.\" \/>\n<meta property=\"article:modified_time\" content=\"2025-10-20T01:05:26+00:00\" \/>\n<meta property=\"og:image\" content=\"https:\/\/chenesme.com\/wp-content\/uploads\/2025\/10\/Pneumatic-Punching-Press-3.png\" \/>\n\t<meta property=\"og:image:width\" content=\"718\" \/>\n\t<meta property=\"og:image:height\" content=\"709\" \/>\n\t<meta property=\"og:image:type\" content=\"image\/png\" \/>\n<meta name=\"twitter:card\" content=\"summary_large_image\" \/>\n<meta name=\"twitter:label1\" content=\"Gesch\u00e4tzte Lesezeit\" \/>\n\t<meta name=\"twitter:data1\" content=\"2\u00a0Minuten\" \/>\n<script type=\"application\/ld+json\" class=\"yoast-schema-graph\">{\"@context\":\"https:\/\/schema.org\",\"@graph\":[{\"@type\":\"WebPage\",\"@id\":\"https:\/\/chenesme.com\/product\/pneumatic-punching-machine-2\/\",\"url\":\"https:\/\/chenesme.com\/product\/pneumatic-punching-machine-2\/\",\"name\":\"Automation-Ready Pneumatic Punch Press - Anhui Chensi Machinery Equipment Co., Ltd.\",\"isPartOf\":{\"@id\":\"https:\/\/chenesme.com\/#website\"},\"primaryImageOfPage\":{\"@id\":\"https:\/\/chenesme.com\/product\/pneumatic-punching-machine-2\/#primaryimage\"},\"image\":{\"@id\":\"https:\/\/chenesme.com\/product\/pneumatic-punching-machine-2\/#primaryimage\"},\"thumbnailUrl\":\"https:\/\/chenesme.com\/wp-content\/uploads\/2025\/10\/Pneumatic-Punching-Press-3.png\",\"datePublished\":\"2025-10-14T07:35:23+00:00\",\"dateModified\":\"2025-10-20T01:05:26+00:00\",\"breadcrumb\":{\"@id\":\"https:\/\/chenesme.com\/product\/pneumatic-punching-machine-2\/#breadcrumb\"},\"inLanguage\":\"de\",\"potentialAction\":[{\"@type\":\"ReadAction\",\"target\":[\"https:\/\/chenesme.com\/product\/pneumatic-punching-machine-2\/\"]}]},{\"@type\":\"ImageObject\",\"inLanguage\":\"de\",\"@id\":\"https:\/\/chenesme.com\/product\/pneumatic-punching-machine-2\/#primaryimage\",\"url\":\"https:\/\/chenesme.com\/wp-content\/uploads\/2025\/10\/Pneumatic-Punching-Press-3.png\",\"contentUrl\":\"https:\/\/chenesme.com\/wp-content\/uploads\/2025\/10\/Pneumatic-Punching-Press-3.png\",\"width\":718,\"height\":709},{\"@type\":\"BreadcrumbList\",\"@id\":\"https:\/\/chenesme.com\/product\/pneumatic-punching-machine-2\/#breadcrumb\",\"itemListElement\":[{\"@type\":\"ListItem\",\"position\":1,\"name\":\"Home\",\"item\":\"https:\/\/chenesme.com\/\"},{\"@type\":\"ListItem\",\"position\":2,\"name\":\"Product\",\"item\":\"https:\/\/chenesme.com\/product\/\"},{\"@type\":\"ListItem\",\"position\":3,\"name\":\"Automation-Ready Pneumatic Punch Press\"}]},{\"@type\":\"WebSite\",\"@id\":\"https:\/\/chenesme.com\/#website\",\"url\":\"https:\/\/chenesme.com\/\",\"name\":\"Anhui Chensi Machinery Equipment Co., Ltd.\",\"description\":\"Anhui Chensi Machinery Equipment Co., Ltd.\",\"potentialAction\":[{\"@type\":\"SearchAction\",\"target\":{\"@type\":\"EntryPoint\",\"urlTemplate\":\"https:\/\/chenesme.com\/?s={search_term_string}\"},\"query-input\":{\"@type\":\"PropertyValueSpecification\",\"valueRequired\":true,\"valueName\":\"search_term_string\"}}],\"inLanguage\":\"de\"}]}<\/script>\n<!-- \/ Yoast SEO plugin. -->","yoast_head_json":{"title":"Automation-Ready Pneumatic Punch Press - Anhui Chensi Machinery Equipment Co., Ltd.","robots":{"index":"index","follow":"follow","max-snippet":"max-snippet:-1","max-image-preview":"max-image-preview:large","max-video-preview":"max-video-preview:-1"},"canonical":"https:\/\/chenesme.com\/de\/produkt\/pneumatic-punching-machine-2\/","og_locale":"de_DE","og_type":"article","og_title":"Automation-Ready Pneumatic Punch Press - Anhui Chensi Machinery Equipment Co., Ltd.","og_description":"CNC pneumatic punching machines are designed to maximize production, with fast cycle times enabling continuous operation. This increases output and reduces unit time, making them ideal for large-scale production. High-speed capabilities ensure minimal delays between operations, increasing overall efficiency. They are characterized by high efficiency, speed, and low maintenance requirements.","og_url":"https:\/\/chenesme.com\/de\/produkt\/pneumatic-punching-machine-2\/","og_site_name":"Anhui Chensi Machinery Equipment Co., Ltd.","article_modified_time":"2025-10-20T01:05:26+00:00","og_image":[{"width":718,"height":709,"url":"https:\/\/chenesme.com\/wp-content\/uploads\/2025\/10\/Pneumatic-Punching-Press-3.png","type":"image\/png"}],"twitter_card":"summary_large_image","twitter_misc":{"Gesch\u00e4tzte Lesezeit":"2\u00a0Minuten"},"schema":{"@context":"https:\/\/schema.org","@graph":[{"@type":"WebPage","@id":"https:\/\/chenesme.com\/product\/pneumatic-punching-machine-2\/","url":"https:\/\/chenesme.com\/product\/pneumatic-punching-machine-2\/","name":"Automation-Ready Pneumatic Punch Press - Anhui Chensi Machinery Equipment Co., Ltd.","isPartOf":{"@id":"https:\/\/chenesme.com\/#website"},"primaryImageOfPage":{"@id":"https:\/\/chenesme.com\/product\/pneumatic-punching-machine-2\/#primaryimage"},"image":{"@id":"https:\/\/chenesme.com\/product\/pneumatic-punching-machine-2\/#primaryimage"},"thumbnailUrl":"https:\/\/chenesme.com\/wp-content\/uploads\/2025\/10\/Pneumatic-Punching-Press-3.png","datePublished":"2025-10-14T07:35:23+00:00","dateModified":"2025-10-20T01:05:26+00:00","breadcrumb":{"@id":"https:\/\/chenesme.com\/product\/pneumatic-punching-machine-2\/#breadcrumb"},"inLanguage":"de","potentialAction":[{"@type":"ReadAction","target":["https:\/\/chenesme.com\/product\/pneumatic-punching-machine-2\/"]}]},{"@type":"ImageObject","inLanguage":"de","@id":"https:\/\/chenesme.com\/product\/pneumatic-punching-machine-2\/#primaryimage","url":"https:\/\/chenesme.com\/wp-content\/uploads\/2025\/10\/Pneumatic-Punching-Press-3.png","contentUrl":"https:\/\/chenesme.com\/wp-content\/uploads\/2025\/10\/Pneumatic-Punching-Press-3.png","width":718,"height":709},{"@type":"BreadcrumbList","@id":"https:\/\/chenesme.com\/product\/pneumatic-punching-machine-2\/#breadcrumb","itemListElement":[{"@type":"ListItem","position":1,"name":"Home","item":"https:\/\/chenesme.com\/"},{"@type":"ListItem","position":2,"name":"Product","item":"https:\/\/chenesme.com\/product\/"},{"@type":"ListItem","position":3,"name":"Automation-Ready Pneumatic Punch Press"}]},{"@type":"WebSite","@id":"https:\/\/chenesme.com\/#website","url":"https:\/\/chenesme.com\/","name":"Anhui Chensi Machinery Equipment Co., Ltd.","description":"Anhui Chensi Machinery Equipment Co., Ltd.","potentialAction":[{"@type":"SearchAction","target":{"@type":"EntryPoint","urlTemplate":"https:\/\/chenesme.com\/?s={search_term_string}"},"query-input":{"@type":"PropertyValueSpecification","valueRequired":true,"valueName":"search_term_string"}}],"inLanguage":"de"}]}},"_links":{"self":[{"href":"https:\/\/chenesme.com\/de\/wp-json\/wp\/v2\/product\/603","targetHints":{"allow":["GET"]}}],"collection":[{"href":"https:\/\/chenesme.com\/de\/wp-json\/wp\/v2\/product"}],"about":[{"href":"https:\/\/chenesme.com\/de\/wp-json\/wp\/v2\/types\/product"}],"version-history":[{"count":6,"href":"https:\/\/chenesme.com\/de\/wp-json\/wp\/v2\/product\/603\/revisions"}],"predecessor-version":[{"id":728,"href":"https:\/\/chenesme.com\/de\/wp-json\/wp\/v2\/product\/603\/revisions\/728"}],"wp:featuredmedia":[{"embeddable":true,"href":"https:\/\/chenesme.com\/de\/wp-json\/wp\/v2\/media\/727"}],"wp:attachment":[{"href":"https:\/\/chenesme.com\/de\/wp-json\/wp\/v2\/media?parent=603"}],"wp:term":[{"taxonomy":"product_brand","embeddable":true,"href":"https:\/\/chenesme.com\/de\/wp-json\/wp\/v2\/product_brand?post=603"},{"taxonomy":"product_cat","embeddable":true,"href":"https:\/\/chenesme.com\/de\/wp-json\/wp\/v2\/product_cat?post=603"},{"taxonomy":"product_tag","embeddable":true,"href":"https:\/\/chenesme.com\/de\/wp-json\/wp\/v2\/product_tag?post=603"}],"curies":[{"name":"wp","href":"https:\/\/api.w.org\/{rel}","templated":true}]}}