{"id":613,"date":"2025-10-15T05:28:36","date_gmt":"2025-10-15T05:28:36","guid":{"rendered":"https:\/\/chenesme.com\/?post_type=product&#038;p=613"},"modified":"2025-10-20T02:15:00","modified_gmt":"2025-10-20T02:15:00","slug":"pneumatic-punch-machine","status":"publish","type":"product","link":"https:\/\/chenesme.com\/de\/produkt\/pneumatic-punch-machine\/","title":{"rendered":"Pneumatische Stanzpresse Hochgeschwindigkeit"},"content":{"rendered":"<h4 class=\"J_module\">Automatische CNC-Druckluftpresse f\u00fcr Flachplattenbohrungen<\/h4>\n<p>Pneumatische Stanzpressen sind bekannt f\u00fcr ihre hohe Taktfrequenz und gleichbleibende Leistung, die f\u00fcr eine maximale Produktionsleistung entscheidend sind. Ihre einfache Konstruktion f\u00fchrt im Vergleich zu hydraulischen Pressen zu geringerem Wartungsaufwand und einfacherer Bedienung, was sie zu einer kosteng\u00fcnstigen Wahl f\u00fcr die Serienfertigung macht.<\/p>\n<div class=\"J_module\">\n<div class=\"detail-decorate-json-renderer-container\">\n<div class=\"magic-10\">\n<h3><img fetchpriority=\"high\" decoding=\"async\" class=\"wp-image-741 alignleft\" src=\"https:\/\/chenesme.com\/wp-content\/uploads\/2025\/10\/1.webp\" alt=\"\" width=\"459\" height=\"612\" srcset=\"https:\/\/chenesme.com\/wp-content\/uploads\/2025\/10\/1.webp 1440w, https:\/\/chenesme.com\/wp-content\/uploads\/2025\/10\/1-375x500.webp 375w, https:\/\/chenesme.com\/wp-content\/uploads\/2025\/10\/1-900x1200.webp 900w, https:\/\/chenesme.com\/wp-content\/uploads\/2025\/10\/1-225x300.webp 225w, https:\/\/chenesme.com\/wp-content\/uploads\/2025\/10\/1-768x1023.webp 768w, https:\/\/chenesme.com\/wp-content\/uploads\/2025\/10\/1-1153x1536.webp 1153w, https:\/\/chenesme.com\/wp-content\/uploads\/2025\/10\/1-9x12.webp 9w, https:\/\/chenesme.com\/wp-content\/uploads\/2025\/10\/1-56x75.webp 56w, https:\/\/chenesme.com\/wp-content\/uploads\/2025\/10\/1-480x640.webp 480w, https:\/\/chenesme.com\/wp-content\/uploads\/2025\/10\/1-800x1066.webp 800w\" sizes=\"(max-width:767px) 459px, 459px\" \/><\/h3>\n<h3><\/h3>\n<h3><\/h3>\n<h3><\/h3>\n<h3><\/h3>\n<h3><\/h3>\n<h3><\/h3>\n<h3><\/h3>\n<h3><\/h3>\n<h3><\/h3>\n<\/div>\n<\/div>\n<h3><\/h3>\n<div class=\"detail-decorate-json-renderer-container\">\n<div class=\"magic-10\">\n<h3><\/h3>\n<h3><\/h3>\n<p class=\"magic-11\"><span class=\"magic-12\">Vorteile:<\/span><\/p>\n<div class=\"magic-14\">\n<div class=\"magic-15\">\n<p>1) Die Kurbelwelle kann w\u00e4hrend des Betriebs an jeder beliebigen Stelle anhalten, h\u00f6chste Sicherheit;<\/p>\n<div>2) Hohe Pr\u00e4zision; lange Lebensdauer; geringe Ger\u00e4uschentwicklung; einfacher Zugang zu anderen Ger\u00e4ten<\/div>\n<div>3) Es ist schwer zu verformen und besitzt eine hohe Tragf\u00e4higkeit;<\/div>\n<div>4) Die Lebensdauer der Form verl\u00e4ngern<\/div>\n<\/div>\n<\/div>\n<\/div>\n<\/div>\n<\/div>\n<div class=\"J_module\">\n<p id=\"ali-anchor-AliMagic-myix2p\" class=\"magic-0\" data-section=\"AliMagic-myix2p\" data-section-title=\"Details Images\">\n<\/div>\n<div class=\"J_module\">\n<div class=\"detail-decorate-json-renderer-container\">\n<div class=\"magic-10\">\n<div class=\"magic-16\">\n<div class=\"magic-17\"><\/div>\n<\/div>\n<\/div>\n<\/div>\n<\/div>\n<div class=\"J_module\">\n<div class=\"detail-decorate-json-renderer-container\">\n<div class=\"magic-10\">\n<div class=\"magic-16\">\n<div class=\"magic-17\">\n<div class=\"magic-23\"><img decoding=\"async\" class=\"wp-image-622 alignleft\" src=\"https:\/\/chenesme.com\/wp-content\/uploads\/2025\/10\/u4216269916793967256fm253app138fJPEG.jpg\" alt=\"\" width=\"362\" height=\"654\" srcset=\"https:\/\/chenesme.com\/wp-content\/uploads\/2025\/10\/u4216269916793967256fm253app138fJPEG.jpg 800w, https:\/\/chenesme.com\/wp-content\/uploads\/2025\/10\/u4216269916793967256fm253app138fJPEG-276x500.jpg 276w, https:\/\/chenesme.com\/wp-content\/uploads\/2025\/10\/u4216269916793967256fm253app138fJPEG-663x1200.jpg 663w, https:\/\/chenesme.com\/wp-content\/uploads\/2025\/10\/u4216269916793967256fm253app138fJPEG-166x300.jpg 166w, https:\/\/chenesme.com\/wp-content\/uploads\/2025\/10\/u4216269916793967256fm253app138fJPEG-768x1389.jpg 768w, https:\/\/chenesme.com\/wp-content\/uploads\/2025\/10\/u4216269916793967256fm253app138fJPEG-7x12.jpg 7w, https:\/\/chenesme.com\/wp-content\/uploads\/2025\/10\/u4216269916793967256fm253app138fJPEG-41x75.jpg 41w, https:\/\/chenesme.com\/wp-content\/uploads\/2025\/10\/u4216269916793967256fm253app138fJPEG-480x868.jpg 480w\" sizes=\"(max-width:767px) 362px, 362px\" \/><\/div>\n<\/div>\n<div class=\"magic-17\"><\/div>\n<\/div>\n<div class=\"magic-16\">\n<div class=\"magic-14\">\n<div class=\"magic-15\"><\/div>\n<\/div>\n<\/div>\n<\/div>\n<\/div>\n<\/div>\n<div class=\"J_module\">\n<div class=\"detail-decorate-json-renderer-container\">\n<div class=\"magic-10\">\n<div class=\"magic-16\">\n<div class=\"magic-17\">\n<div class=\"magic-27\"><\/div>\n<\/div>\n<\/div>\n<div class=\"magic-16\">\n<div class=\"magic-17\">\n<div class=\"magic-25\"><\/div>\n<\/div>\n<\/div>\n<\/div>\n<\/div>\n<\/div>","protected":false},"excerpt":{"rendered":"<p>CNC-Pneumatik-Stanzmaschinen sind auf maximale Produktion ausgelegt. Schnelle Zykluszeiten erm\u00f6glichen einen Dauerbetrieb. Dies erh\u00f6ht die Leistung und reduziert die St\u00fcckzeit, wodurch sie ideal f\u00fcr die Gro\u00dfserienproduktion sind. Hohe Geschwindigkeiten sorgen f\u00fcr minimale Verz\u00f6gerungen zwischen den Arbeitsg\u00e4ngen und steigern so die Gesamteffizienz. Sie zeichnen sich durch hohe Effizienz, Geschwindigkeit und geringen Wartungsaufwand aus.<\/p>","protected":false},"featured_media":740,"template":"","meta":{"_joinchat":[]},"product_brand":[],"product_cat":[21],"product_tag":[],"class_list":{"0":"post-613","1":"product","2":"type-product","3":"status-publish","4":"has-post-thumbnail","6":"product_cat-pneumatic-punching-machine","8":"first","9":"instock","10":"shipping-taxable","11":"product-type-external"},"yoast_head":"<!-- This site is optimized with the Yoast SEO plugin v25.6 - https:\/\/yoast.com\/wordpress\/plugins\/seo\/ -->\n<title>Pneumatic Punch Press High Speed - Anhui Chensi Machinery Equipment Co., Ltd.<\/title>\n<meta name=\"description\" content=\"Our Pneumatic Punch Press Machine delivers high-speed, precise force for stamping and assembly. Boost your production efficiency with this robust solution.\" \/>\n<meta name=\"robots\" content=\"index, follow, max-snippet:-1, max-image-preview:large, max-video-preview:-1\" \/>\n<link rel=\"canonical\" href=\"https:\/\/chenesme.com\/de\/produkt\/pneumatic-punch-machine\/\" \/>\n<meta property=\"og:locale\" content=\"de_DE\" \/>\n<meta property=\"og:type\" content=\"article\" \/>\n<meta property=\"og:title\" content=\"Pneumatic Punch Press High Speed - Anhui Chensi Machinery Equipment Co., Ltd.\" \/>\n<meta property=\"og:description\" content=\"Our Pneumatic Punch Press Machine delivers high-speed, precise force for stamping and assembly. Boost your production efficiency with this robust solution.\" \/>\n<meta property=\"og:url\" content=\"https:\/\/chenesme.com\/de\/produkt\/pneumatic-punch-machine\/\" \/>\n<meta property=\"og:site_name\" content=\"Anhui Chensi Machinery Equipment Co., Ltd.\" \/>\n<meta property=\"article:modified_time\" content=\"2025-10-20T02:15:00+00:00\" \/>\n<meta property=\"og:image\" content=\"https:\/\/chenesme.com\/wp-content\/uploads\/2025\/10\/Pneumatic-Punching-Press-6-1.png\" \/>\n\t<meta property=\"og:image:width\" content=\"715\" \/>\n\t<meta property=\"og:image:height\" content=\"712\" \/>\n\t<meta property=\"og:image:type\" content=\"image\/png\" \/>\n<meta name=\"twitter:card\" content=\"summary_large_image\" \/>\n<meta name=\"twitter:label1\" content=\"Gesch\u00e4tzte Lesezeit\" \/>\n\t<meta name=\"twitter:data1\" content=\"2\u00a0Minuten\" \/>\n<script type=\"application\/ld+json\" class=\"yoast-schema-graph\">{\"@context\":\"https:\/\/schema.org\",\"@graph\":[{\"@type\":\"WebPage\",\"@id\":\"https:\/\/chenesme.com\/product\/pneumatic-punch-machine\/\",\"url\":\"https:\/\/chenesme.com\/product\/pneumatic-punch-machine\/\",\"name\":\"Pneumatic Punch Press High Speed - Anhui Chensi Machinery Equipment Co., Ltd.\",\"isPartOf\":{\"@id\":\"https:\/\/chenesme.com\/#website\"},\"primaryImageOfPage\":{\"@id\":\"https:\/\/chenesme.com\/product\/pneumatic-punch-machine\/#primaryimage\"},\"image\":{\"@id\":\"https:\/\/chenesme.com\/product\/pneumatic-punch-machine\/#primaryimage\"},\"thumbnailUrl\":\"https:\/\/chenesme.com\/wp-content\/uploads\/2025\/10\/Pneumatic-Punching-Press-6-1.png\",\"datePublished\":\"2025-10-15T05:28:36+00:00\",\"dateModified\":\"2025-10-20T02:15:00+00:00\",\"description\":\"Our Pneumatic Punch Press Machine delivers high-speed, precise force for stamping and assembly. Boost your production efficiency with this robust solution.\",\"breadcrumb\":{\"@id\":\"https:\/\/chenesme.com\/product\/pneumatic-punch-machine\/#breadcrumb\"},\"inLanguage\":\"de\",\"potentialAction\":[{\"@type\":\"ReadAction\",\"target\":[\"https:\/\/chenesme.com\/product\/pneumatic-punch-machine\/\"]}]},{\"@type\":\"ImageObject\",\"inLanguage\":\"de\",\"@id\":\"https:\/\/chenesme.com\/product\/pneumatic-punch-machine\/#primaryimage\",\"url\":\"https:\/\/chenesme.com\/wp-content\/uploads\/2025\/10\/Pneumatic-Punching-Press-6-1.png\",\"contentUrl\":\"https:\/\/chenesme.com\/wp-content\/uploads\/2025\/10\/Pneumatic-Punching-Press-6-1.png\",\"width\":715,\"height\":712},{\"@type\":\"BreadcrumbList\",\"@id\":\"https:\/\/chenesme.com\/product\/pneumatic-punch-machine\/#breadcrumb\",\"itemListElement\":[{\"@type\":\"ListItem\",\"position\":1,\"name\":\"Home\",\"item\":\"https:\/\/chenesme.com\/\"},{\"@type\":\"ListItem\",\"position\":2,\"name\":\"Product\",\"item\":\"https:\/\/chenesme.com\/product\/\"},{\"@type\":\"ListItem\",\"position\":3,\"name\":\"Pneumatic Punch Press High Speed\"}]},{\"@type\":\"WebSite\",\"@id\":\"https:\/\/chenesme.com\/#website\",\"url\":\"https:\/\/chenesme.com\/\",\"name\":\"Anhui Chensi Machinery Equipment Co., Ltd.\",\"description\":\"Anhui Chensi Machinery Equipment Co., Ltd.\",\"potentialAction\":[{\"@type\":\"SearchAction\",\"target\":{\"@type\":\"EntryPoint\",\"urlTemplate\":\"https:\/\/chenesme.com\/?s={search_term_string}\"},\"query-input\":{\"@type\":\"PropertyValueSpecification\",\"valueRequired\":true,\"valueName\":\"search_term_string\"}}],\"inLanguage\":\"de\"}]}<\/script>\n<!-- \/ Yoast SEO plugin. -->","yoast_head_json":{"title":"Pneumatic Punch Press High Speed - Anhui Chensi Machinery Equipment Co., Ltd.","description":"Our Pneumatic Punch Press Machine delivers high-speed, precise force for stamping and assembly. Boost your production efficiency with this robust solution.","robots":{"index":"index","follow":"follow","max-snippet":"max-snippet:-1","max-image-preview":"max-image-preview:large","max-video-preview":"max-video-preview:-1"},"canonical":"https:\/\/chenesme.com\/de\/produkt\/pneumatic-punch-machine\/","og_locale":"de_DE","og_type":"article","og_title":"Pneumatic Punch Press High Speed - Anhui Chensi Machinery Equipment Co., Ltd.","og_description":"Our Pneumatic Punch Press Machine delivers high-speed, precise force for stamping and assembly. Boost your production efficiency with this robust solution.","og_url":"https:\/\/chenesme.com\/de\/produkt\/pneumatic-punch-machine\/","og_site_name":"Anhui Chensi Machinery Equipment Co., Ltd.","article_modified_time":"2025-10-20T02:15:00+00:00","og_image":[{"width":715,"height":712,"url":"https:\/\/chenesme.com\/wp-content\/uploads\/2025\/10\/Pneumatic-Punching-Press-6-1.png","type":"image\/png"}],"twitter_card":"summary_large_image","twitter_misc":{"Gesch\u00e4tzte Lesezeit":"2\u00a0Minuten"},"schema":{"@context":"https:\/\/schema.org","@graph":[{"@type":"WebPage","@id":"https:\/\/chenesme.com\/product\/pneumatic-punch-machine\/","url":"https:\/\/chenesme.com\/product\/pneumatic-punch-machine\/","name":"Pneumatic Punch Press High Speed - Anhui Chensi Machinery Equipment Co., Ltd.","isPartOf":{"@id":"https:\/\/chenesme.com\/#website"},"primaryImageOfPage":{"@id":"https:\/\/chenesme.com\/product\/pneumatic-punch-machine\/#primaryimage"},"image":{"@id":"https:\/\/chenesme.com\/product\/pneumatic-punch-machine\/#primaryimage"},"thumbnailUrl":"https:\/\/chenesme.com\/wp-content\/uploads\/2025\/10\/Pneumatic-Punching-Press-6-1.png","datePublished":"2025-10-15T05:28:36+00:00","dateModified":"2025-10-20T02:15:00+00:00","description":"Our Pneumatic Punch Press Machine delivers high-speed, precise force for stamping and assembly. Boost your production efficiency with this robust solution.","breadcrumb":{"@id":"https:\/\/chenesme.com\/product\/pneumatic-punch-machine\/#breadcrumb"},"inLanguage":"de","potentialAction":[{"@type":"ReadAction","target":["https:\/\/chenesme.com\/product\/pneumatic-punch-machine\/"]}]},{"@type":"ImageObject","inLanguage":"de","@id":"https:\/\/chenesme.com\/product\/pneumatic-punch-machine\/#primaryimage","url":"https:\/\/chenesme.com\/wp-content\/uploads\/2025\/10\/Pneumatic-Punching-Press-6-1.png","contentUrl":"https:\/\/chenesme.com\/wp-content\/uploads\/2025\/10\/Pneumatic-Punching-Press-6-1.png","width":715,"height":712},{"@type":"BreadcrumbList","@id":"https:\/\/chenesme.com\/product\/pneumatic-punch-machine\/#breadcrumb","itemListElement":[{"@type":"ListItem","position":1,"name":"Home","item":"https:\/\/chenesme.com\/"},{"@type":"ListItem","position":2,"name":"Product","item":"https:\/\/chenesme.com\/product\/"},{"@type":"ListItem","position":3,"name":"Pneumatic Punch Press High Speed"}]},{"@type":"WebSite","@id":"https:\/\/chenesme.com\/#website","url":"https:\/\/chenesme.com\/","name":"Anhui Chensi Machinery Equipment Co., Ltd.","description":"Anhui Chensi Machinery Equipment Co., Ltd.","potentialAction":[{"@type":"SearchAction","target":{"@type":"EntryPoint","urlTemplate":"https:\/\/chenesme.com\/?s={search_term_string}"},"query-input":{"@type":"PropertyValueSpecification","valueRequired":true,"valueName":"search_term_string"}}],"inLanguage":"de"}]}},"_links":{"self":[{"href":"https:\/\/chenesme.com\/de\/wp-json\/wp\/v2\/product\/613","targetHints":{"allow":["GET"]}}],"collection":[{"href":"https:\/\/chenesme.com\/de\/wp-json\/wp\/v2\/product"}],"about":[{"href":"https:\/\/chenesme.com\/de\/wp-json\/wp\/v2\/types\/product"}],"version-history":[{"count":3,"href":"https:\/\/chenesme.com\/de\/wp-json\/wp\/v2\/product\/613\/revisions"}],"predecessor-version":[{"id":742,"href":"https:\/\/chenesme.com\/de\/wp-json\/wp\/v2\/product\/613\/revisions\/742"}],"wp:featuredmedia":[{"embeddable":true,"href":"https:\/\/chenesme.com\/de\/wp-json\/wp\/v2\/media\/740"}],"wp:attachment":[{"href":"https:\/\/chenesme.com\/de\/wp-json\/wp\/v2\/media?parent=613"}],"wp:term":[{"taxonomy":"product_brand","embeddable":true,"href":"https:\/\/chenesme.com\/de\/wp-json\/wp\/v2\/product_brand?post=613"},{"taxonomy":"product_cat","embeddable":true,"href":"https:\/\/chenesme.com\/de\/wp-json\/wp\/v2\/product_cat?post=613"},{"taxonomy":"product_tag","embeddable":true,"href":"https:\/\/chenesme.com\/de\/wp-json\/wp\/v2\/product_tag?post=613"}],"curies":[{"name":"wp","href":"https:\/\/api.w.org\/{rel}","templated":true}]}}