{"id":676,"date":"2025-10-17T01:31:38","date_gmt":"2025-10-17T01:31:38","guid":{"rendered":"https:\/\/chenesme.com\/?post_type=product&#038;p=676"},"modified":"2025-10-20T01:36:03","modified_gmt":"2025-10-20T01:36:03","slug":"pneumatic-press-machine","status":"publish","type":"product","link":"https:\/\/chenesme.com\/de\/produkt\/pneumatic-press-machine\/","title":{"rendered":"Pneumatische Pressmaschine"},"content":{"rendered":"<div data-page-id=\"WN7NfJQHadmGNhcXuaEcxDdgnzc\" data-lark-html-role=\"root\" data-docx-has-block-data=\"false\">\n<h3 class=\"old-record-id-WN7NfJQHadmGNhcXuaEcxDdgnzc\">Pneumatische Presse \u2013 Zuverl\u00e4ssig und einfach zu bedienen<\/h3>\n<\/div>\n<div class=\"auto-hide-last-sibling-br paragraph-JOTKXA paragraph-element br-paragraph-space\">\n<div data-page-id=\"WN7NfJQHadmGNhcXuaEcxDdgnzc\" data-lark-html-role=\"root\" data-docx-has-block-data=\"false\">\n<div class=\"old-record-id-J0UYfGQVKdcf6ZcB8vTcP1rin2S\">Unser <strong>Pneumatische Pressmaschine<\/strong> ist ein hochwertiges, benutzerfreundliches Werkzeug f\u00fcr Ihre Fertigungsanforderungen. Es nutzt fortschrittliche pneumatische Technologie, um eine effiziente und gleichm\u00e4\u00dfige Leistung zu gew\u00e4hrleisten und ist somit eine hervorragende Wahl f\u00fcr verschiedene Werkst\u00e4tten.<\/div>\n<\/div>\n<p><img fetchpriority=\"high\" decoding=\"async\" class=\"wp-image-734 alignleft\" src=\"https:\/\/chenesme.com\/wp-content\/uploads\/2025\/10\/u42497967983177711456fm253app138fJPEG.jpeg\" alt=\"\" width=\"426\" height=\"773\" srcset=\"https:\/\/chenesme.com\/wp-content\/uploads\/2025\/10\/u42497967983177711456fm253app138fJPEG.jpeg 800w, https:\/\/chenesme.com\/wp-content\/uploads\/2025\/10\/u42497967983177711456fm253app138fJPEG-276x500.jpeg 276w, https:\/\/chenesme.com\/wp-content\/uploads\/2025\/10\/u42497967983177711456fm253app138fJPEG-662x1200.jpeg 662w, https:\/\/chenesme.com\/wp-content\/uploads\/2025\/10\/u42497967983177711456fm253app138fJPEG-165x300.jpeg 165w, https:\/\/chenesme.com\/wp-content\/uploads\/2025\/10\/u42497967983177711456fm253app138fJPEG-768x1393.jpeg 768w, https:\/\/chenesme.com\/wp-content\/uploads\/2025\/10\/u42497967983177711456fm253app138fJPEG-7x12.jpeg 7w, https:\/\/chenesme.com\/wp-content\/uploads\/2025\/10\/u42497967983177711456fm253app138fJPEG-41x75.jpeg 41w, https:\/\/chenesme.com\/wp-content\/uploads\/2025\/10\/u42497967983177711456fm253app138fJPEG-480x871.jpeg 480w\" sizes=\"(max-width:767px) 426px, 426px\" \/><\/div>\n<div data-page-id=\"WN7NfJQHadmGNhcXuaEcxDdgnzc\" data-lark-html-role=\"root\" data-docx-has-block-data=\"false\">\n<h3><\/h3>\n<h3><\/h3>\n<h3><\/h3>\n<h3><\/h3>\n<h3><\/h3>\n<h3><\/h3>\n<h3><\/h3>\n<h3><\/h3>\n<h3><\/h3>\n<h3><\/h3>\n<h3><\/h3>\n<h3><\/h3>\n<h3><\/h3>\n<h3><\/h3>\n<h3>Hervorragende Leistung<\/h3>\n<\/div>\n<div data-page-id=\"WN7NfJQHadmGNhcXuaEcxDdgnzc\" data-lark-html-role=\"root\" data-docx-has-block-data=\"false\">\n<div class=\"old-record-id-GXm1fxE62dMuVocEx47cDQcWnFg\">Diese mit Druckluft betriebene Maschine liefert eine gleichm\u00e4\u00dfige Presskraft. Sie eignet sich sowohl f\u00fcr leichte Montagearbeiten als auch f\u00fcr schwere Umformaufgaben und erzielt dabei stets gleichbleibende Ergebnisse, die Ihre Materialien schonen.<\/div>\n<div>\n<div data-page-id=\"WN7NfJQHadmGNhcXuaEcxDdgnzc\" data-lark-html-role=\"root\" data-docx-has-block-data=\"false\">\n<h3 class=\"old-record-id-Kr5HfQMZedkAvncw9PzcZPcWnqg\">Einfache Bedienung<\/h3>\n<div>\n<div data-page-id=\"WN7NfJQHadmGNhcXuaEcxDdgnzc\" data-lark-html-role=\"root\" data-docx-has-block-data=\"false\">\n<div class=\"old-record-id-WrzdfpikJd2QR2cwBEGcFurZncb\">Die Maschine verf\u00fcgt \u00fcber ein einfaches und leicht zu bedienendes Bedienfeld. Sie ist au\u00dferdem mit Sicherheitsfunktionen wie Not-Aus-Tastern ausgestattet, um die Sicherheit der Bediener zu gew\u00e4hrleisten. Dank ihrer kompakten Bauweise eignet sie sich sowohl f\u00fcr kleine Werkst\u00e4tten als auch f\u00fcr gro\u00dfe Fabriken und ist wartungsfreundlich.<\/div>\n<div>\n<div data-page-id=\"WN7NfJQHadmGNhcXuaEcxDdgnzc\" data-lark-html-role=\"root\" data-docx-has-block-data=\"false\">\n<h3 class=\"old-record-id-OHn7f6X4fduThYcQ1xycFhK2nUn\">Weit verbreitet<\/h3>\n<div data-page-id=\"WN7NfJQHadmGNhcXuaEcxDdgnzc\" data-lark-html-role=\"root\" data-docx-has-block-data=\"false\">\n<h6>Es eignet sich f\u00fcr viele Branchen, wie zum Beispiel:<\/h6>\n<div>\n<div data-page-id=\"WN7NfJQHadmGNhcXuaEcxDdgnzc\" data-lark-html-role=\"root\" data-docx-has-block-data=\"false\">\n<ul>\n<li data-list=\"bullet\">\n<h6>Automobilindustrie: Teilemontage und Blechvernietung<\/h6>\n<\/li>\n<li data-list=\"bullet\">\n<h6>Elektronik: Bauteileinpressung und Verpackung<\/h6>\n<\/li>\n<li data-list=\"bullet\">\n<h6>Hardware &amp; Kunststoff: Teileformung und -bearbeitung<\/h6>\n<\/li>\n<li data-list=\"bullet\">\n<h6>Medizin: Montage von Pr\u00e4zisionsger\u00e4ten<\/h6>\n<\/li>\n<\/ul>\n<\/div>\n<\/div>\n<\/div>\n<\/div>\n<\/div>\n<\/div>\n<\/div>\n<\/div>\n<\/div>\n<\/div>\n<div class=\"inter-rWzItm\">\n<div class=\"message-list-_25AQ9 table-spillover-vRPGcI slide-up-DojkpW opacity-0 transition-opacity duration-400 opacity-100\" data-table-spillover=\"true\">\n<div class=\"scroll-view-XcV8YY container-kbJd0r reverse-l21piI\" data-testid=\"scroll_view\">\n<div class=\"content-t1_P48\">\n<div class=\"scrollable-LNO7hx reverse-R2hqfx show-scrollbar-ghFI1k\" data-testid=\"message-list\">\n<div class=\"inter-jQQQ8P\">\n<div class=\"container-PrUkKo\">\n<div class=\"item-hGGxLi\">\n<div class=\"container-arOxqB chrome70-container\">\n<div class=\"inner-FyM8gE inner-item-f8P6nx\" data-target-id=\"message-box-target-id\" data-testid=\"union_message\">\n<div class=\"message-block-container-aFugD6\" data-testid=\"message-block-container\" data-ui-version=\"samantha\">\n<div class=\"flex flex-row w-full w-full max-w-full s-font-base text-s-color-text-secondary p-0 rounded-s-radius-s bg-transparent group data-[attr=select-mode]:-mt-10 data-[attr=select-mode]:py-10 data-[attr=select-mode]:px-16 data-[attr=select-mode]:sm:p-10 data-[attr=select-mode]:hover:bg-s-color-bg-base data-[attr=select-mode]:hover:rounded-s-radius-xs data-[attr=select-mode]:has-[:checked]:bg-s-color-bg-trans data-[attr=select-mode]:has-[:checked]:rounded-s-radius-xs data-[attr=select-mode]:pointer-events-none\" data-testid=\"receive_message\">\n<div class=\"flex flex-col flex-grow max-w-full min-w-0\">\n<div class=\"flex flex-row w-full\" data-testid=\"message_content\" data-message-id=\"24844686767632130\">\n<div class=\"flex w-full flex-col gap-20\">\n<div class=\"container-ZYIsnH flow-markdown-body mdbox-theme-next theme-samantha-Nbr9UN\" dir=\"ltr\" data-testid=\"message_text_content\" data-show-indicator=\"false\">\n<div class=\"auto-hide-last-sibling-br paragraph-JOTKXA paragraph-element br-paragraph-space\">\n<div data-page-id=\"WN7NfJQHadmGNhcXuaEcxDdgnzc\" data-lark-html-role=\"root\" data-docx-has-block-data=\"false\">\n<h3 class=\"old-record-id-OYWPflYCkdGGZJc2Uafc52CunPb\">Langlebig und stabil<\/h3>\n<div>\n<div data-page-id=\"WN7NfJQHadmGNhcXuaEcxDdgnzc\" data-lark-html-role=\"root\" data-docx-has-block-data=\"false\">\n<div class=\"old-record-id-JWdXfXyBNdngcncusjBcu2VDnLh\">Hergestellt aus hochwertigen Materialien, ist es langlebig und wartungsarm. Wir bieten Installationshilfe, Schulungen und Support rund um die Uhr, um einen reibungslosen Betrieb zu gew\u00e4hrleisten.<\/div>\n<div><img decoding=\"async\" class=\"wp-image-682 alignleft\" src=\"https:\/\/chenesme.com\/wp-content\/uploads\/2025\/10\/125t-Pneumatic-punch-1.jpg\" alt=\"\" width=\"750\" height=\"643\" srcset=\"https:\/\/chenesme.com\/wp-content\/uploads\/2025\/10\/125t-Pneumatic-punch-1.jpg 1024w, https:\/\/chenesme.com\/wp-content\/uploads\/2025\/10\/125t-Pneumatic-punch-1-500x429.jpg 500w, https:\/\/chenesme.com\/wp-content\/uploads\/2025\/10\/125t-Pneumatic-punch-1-300x257.jpg 300w, https:\/\/chenesme.com\/wp-content\/uploads\/2025\/10\/125t-Pneumatic-punch-1-768x659.jpg 768w, https:\/\/chenesme.com\/wp-content\/uploads\/2025\/10\/125t-Pneumatic-punch-1-14x12.jpg 14w, https:\/\/chenesme.com\/wp-content\/uploads\/2025\/10\/125t-Pneumatic-punch-1-87x75.jpg 87w, https:\/\/chenesme.com\/wp-content\/uploads\/2025\/10\/125t-Pneumatic-punch-1-480x412.jpg 480w, https:\/\/chenesme.com\/wp-content\/uploads\/2025\/10\/125t-Pneumatic-punch-1-800x686.jpg 800w\" sizes=\"(max-width:767px) 480px, 750px\" \/><\/div>\n<\/div>\n<\/div>\n<\/div>\n<\/div>\n<h3><\/h3>\n<h3><\/h3>\n<h3><\/h3>\n<h3><\/h3>\n<h3><\/h3>\n<h3><\/h3>\n<h3><\/h3>\n<h3><\/h3>\n<h3><\/h3>\n<h3><\/h3>\n<h3><\/h3>\n<h3><\/h3>\n<h3 class=\"header-vfC6AV auto-hide-last-sibling-br\">Kundendienst<\/h3>\n<ul class=\"auto-hide-last-sibling-br\">\n<li>1 Jahr Garantie auf mechanische Komponenten<\/li>\n<li>Technischer Support rund um die Uhr per E-Mail und Videoanruf<\/li>\n<li>Optionale Installation vor Ort und Bedienerschulung<\/li>\n<\/ul>\n<\/div>\n<\/div>\n<\/div>\n<div class=\"flex-row flex max-w-full min-w-0 flex-grow\"><\/div>\n<\/div>\n<\/div>\n<\/div>\n<\/div>\n<\/div>\n<\/div>\n<\/div>\n<\/div>\n<div class=\"top-lAPxtl\">\n<div class=\"container-arOxqB chrome70-container\">\n<div class=\"inner-FyM8gE top-item-NuXT_0\"><\/div>\n<\/div>\n<\/div>\n<\/div>\n<\/div>\n<\/div>\n<div class=\"container-arOxqB chrome70-container\">\n<div class=\"inner-FyM8gE\">\n<div class=\"bottom-center-button-H23oje max-dbx-xs:!bottom-0\">\n<div id=\"to-bottom-button\" class=\"container-HRpMdH to-bottom-button-FZyt0L hidden-MyOhBw\" data-testid=\"to-bottom-button\" data-visible=\"false\"><\/div>\n<\/div>\n<\/div>\n<\/div>\n<div><\/div>\n<\/div>\n<\/div>\n<div class=\"footer-Wl2Pj7\">\n<div class=\"container-arOxqB chrome70-container\">\n<div class=\"inner-FyM8gE\">\n<div class=\"footer-Vgmfgx\">\n<div class=\"h-0 w-full\"><\/div>\n<div class=\"w-full\" data-testid=\"chat_input\" data-onboarding-id=\"chat_input\">\n<div class=\"image-new-container-Woaxz7 test\" data-testid=\"skill-modal-image-skill\">\n<div class=\"input-content-container-zs4WWA\" data-testid=\"chat_input\">\n<div class=\"container-QrxCka guidance-input-yVXP1I\">\n<div class=\"custom-area-wrapper-e6UKsv\"><\/div>\n<div class=\"editor-container-yj5w_H\">\n<div class=\"editor-wrapper-AdiwSu\">\n<div class=\"editor-u_GcDR flex items-start w-full\">\n<div class=\"container-f_kTYv pt-4 -mt-4 box-content editor-_J1VG_\" dir=\"ltr\" role=\"textbox\" contenteditable=\"true\" aria-multiline=\"true\" data-testid=\"chat_input_input\" data-slate-editor=\"true\" data-slate-node=\"value\"><\/div>\n<\/div>\n<\/div>\n<\/div>\n<\/div>\n<\/div>\n<\/div>\n<\/div>\n<\/div>\n<\/div>\n<\/div>\n<\/div>","protected":false},"excerpt":{"rendered":"<p>CNC-Pneumatik-Stanzmaschinen sind auf maximale Produktion ausgelegt. Schnelle Zykluszeiten erm\u00f6glichen einen Dauerbetrieb. Dies erh\u00f6ht die Leistung und reduziert die St\u00fcckzeit, wodurch sie ideal f\u00fcr die Gro\u00dfserienproduktion sind. Hohe Geschwindigkeiten sorgen f\u00fcr minimale Verz\u00f6gerungen zwischen den Arbeitsg\u00e4ngen und steigern so die Gesamteffizienz. Sie zeichnen sich durch hohe Effizienz, Geschwindigkeit und geringen Wartungsaufwand aus.<\/p>","protected":false},"featured_media":736,"template":"","meta":{"_joinchat":[]},"product_brand":[],"product_cat":[21],"product_tag":[],"class_list":{"0":"post-676","1":"product","2":"type-product","3":"status-publish","4":"has-post-thumbnail","6":"product_cat-pneumatic-punching-machine","8":"first","9":"instock","10":"shipping-taxable","11":"product-type-external"},"yoast_head":"<!-- This site is optimized with the Yoast SEO plugin v25.6 - https:\/\/yoast.com\/wordpress\/plugins\/seo\/ -->\n<title>Pneumatic Press Machine High Efficient<\/title>\n<meta name=\"description\" content=\"Our Pneumatic Press Machine delivers high-speed, precise force for stamping and assembly. Boost your production efficiency with this robust solution.\" \/>\n<meta name=\"robots\" content=\"index, follow, max-snippet:-1, max-image-preview:large, max-video-preview:-1\" \/>\n<link rel=\"canonical\" href=\"https:\/\/chenesme.com\/de\/produkt\/pneumatic-press-machine\/\" \/>\n<meta property=\"og:locale\" content=\"de_DE\" \/>\n<meta property=\"og:type\" content=\"article\" \/>\n<meta property=\"og:title\" content=\"Pneumatic Press Machine High Efficient\" \/>\n<meta property=\"og:description\" content=\"Our Pneumatic Press Machine delivers high-speed, precise force for stamping and assembly. Boost your production efficiency with this robust solution.\" \/>\n<meta property=\"og:url\" content=\"https:\/\/chenesme.com\/de\/produkt\/pneumatic-press-machine\/\" \/>\n<meta property=\"og:site_name\" content=\"Anhui Chensi Machinery Equipment Co., Ltd.\" \/>\n<meta property=\"article:modified_time\" content=\"2025-10-20T01:36:03+00:00\" \/>\n<meta property=\"og:image\" content=\"https:\/\/chenesme.com\/wp-content\/uploads\/2025\/10\/Pneumatic-Punching-Press-5.png\" \/>\n\t<meta property=\"og:image:width\" content=\"695\" \/>\n\t<meta property=\"og:image:height\" content=\"712\" \/>\n\t<meta property=\"og:image:type\" content=\"image\/png\" \/>\n<meta name=\"twitter:card\" content=\"summary_large_image\" \/>\n<meta name=\"twitter:label1\" content=\"Gesch\u00e4tzte Lesezeit\" \/>\n\t<meta name=\"twitter:data1\" content=\"2\u00a0Minuten\" \/>\n<script type=\"application\/ld+json\" class=\"yoast-schema-graph\">{\"@context\":\"https:\/\/schema.org\",\"@graph\":[{\"@type\":\"WebPage\",\"@id\":\"https:\/\/chenesme.com\/product\/pneumatic-press-machine\/\",\"url\":\"https:\/\/chenesme.com\/product\/pneumatic-press-machine\/\",\"name\":\"Pneumatic Press Machine High Efficient\",\"isPartOf\":{\"@id\":\"https:\/\/chenesme.com\/#website\"},\"primaryImageOfPage\":{\"@id\":\"https:\/\/chenesme.com\/product\/pneumatic-press-machine\/#primaryimage\"},\"image\":{\"@id\":\"https:\/\/chenesme.com\/product\/pneumatic-press-machine\/#primaryimage\"},\"thumbnailUrl\":\"https:\/\/chenesme.com\/wp-content\/uploads\/2025\/10\/Pneumatic-Punching-Press-5.png\",\"datePublished\":\"2025-10-17T01:31:38+00:00\",\"dateModified\":\"2025-10-20T01:36:03+00:00\",\"description\":\"Our Pneumatic Press Machine delivers high-speed, precise force for stamping and assembly. Boost your production efficiency with this robust solution.\",\"breadcrumb\":{\"@id\":\"https:\/\/chenesme.com\/product\/pneumatic-press-machine\/#breadcrumb\"},\"inLanguage\":\"de\",\"potentialAction\":[{\"@type\":\"ReadAction\",\"target\":[\"https:\/\/chenesme.com\/product\/pneumatic-press-machine\/\"]}]},{\"@type\":\"ImageObject\",\"inLanguage\":\"de\",\"@id\":\"https:\/\/chenesme.com\/product\/pneumatic-press-machine\/#primaryimage\",\"url\":\"https:\/\/chenesme.com\/wp-content\/uploads\/2025\/10\/Pneumatic-Punching-Press-5.png\",\"contentUrl\":\"https:\/\/chenesme.com\/wp-content\/uploads\/2025\/10\/Pneumatic-Punching-Press-5.png\",\"width\":695,\"height\":712},{\"@type\":\"BreadcrumbList\",\"@id\":\"https:\/\/chenesme.com\/product\/pneumatic-press-machine\/#breadcrumb\",\"itemListElement\":[{\"@type\":\"ListItem\",\"position\":1,\"name\":\"Home\",\"item\":\"https:\/\/chenesme.com\/\"},{\"@type\":\"ListItem\",\"position\":2,\"name\":\"Product\",\"item\":\"https:\/\/chenesme.com\/product\/\"},{\"@type\":\"ListItem\",\"position\":3,\"name\":\"Pneumatic Press Machine\"}]},{\"@type\":\"WebSite\",\"@id\":\"https:\/\/chenesme.com\/#website\",\"url\":\"https:\/\/chenesme.com\/\",\"name\":\"Anhui Chensi Machinery Equipment Co., Ltd.\",\"description\":\"Anhui Chensi Machinery Equipment Co., Ltd.\",\"potentialAction\":[{\"@type\":\"SearchAction\",\"target\":{\"@type\":\"EntryPoint\",\"urlTemplate\":\"https:\/\/chenesme.com\/?s={search_term_string}\"},\"query-input\":{\"@type\":\"PropertyValueSpecification\",\"valueRequired\":true,\"valueName\":\"search_term_string\"}}],\"inLanguage\":\"de\"}]}<\/script>\n<!-- \/ Yoast SEO plugin. -->","yoast_head_json":{"title":"Pneumatic Press Machine High Efficient","description":"Our Pneumatic Press Machine delivers high-speed, precise force for stamping and assembly. Boost your production efficiency with this robust solution.","robots":{"index":"index","follow":"follow","max-snippet":"max-snippet:-1","max-image-preview":"max-image-preview:large","max-video-preview":"max-video-preview:-1"},"canonical":"https:\/\/chenesme.com\/de\/produkt\/pneumatic-press-machine\/","og_locale":"de_DE","og_type":"article","og_title":"Pneumatic Press Machine High Efficient","og_description":"Our Pneumatic Press Machine delivers high-speed, precise force for stamping and assembly. Boost your production efficiency with this robust solution.","og_url":"https:\/\/chenesme.com\/de\/produkt\/pneumatic-press-machine\/","og_site_name":"Anhui Chensi Machinery Equipment Co., Ltd.","article_modified_time":"2025-10-20T01:36:03+00:00","og_image":[{"width":695,"height":712,"url":"https:\/\/chenesme.com\/wp-content\/uploads\/2025\/10\/Pneumatic-Punching-Press-5.png","type":"image\/png"}],"twitter_card":"summary_large_image","twitter_misc":{"Gesch\u00e4tzte Lesezeit":"2\u00a0Minuten"},"schema":{"@context":"https:\/\/schema.org","@graph":[{"@type":"WebPage","@id":"https:\/\/chenesme.com\/product\/pneumatic-press-machine\/","url":"https:\/\/chenesme.com\/product\/pneumatic-press-machine\/","name":"Pneumatic Press Machine High Efficient","isPartOf":{"@id":"https:\/\/chenesme.com\/#website"},"primaryImageOfPage":{"@id":"https:\/\/chenesme.com\/product\/pneumatic-press-machine\/#primaryimage"},"image":{"@id":"https:\/\/chenesme.com\/product\/pneumatic-press-machine\/#primaryimage"},"thumbnailUrl":"https:\/\/chenesme.com\/wp-content\/uploads\/2025\/10\/Pneumatic-Punching-Press-5.png","datePublished":"2025-10-17T01:31:38+00:00","dateModified":"2025-10-20T01:36:03+00:00","description":"Our Pneumatic Press Machine delivers high-speed, precise force for stamping and assembly. Boost your production efficiency with this robust solution.","breadcrumb":{"@id":"https:\/\/chenesme.com\/product\/pneumatic-press-machine\/#breadcrumb"},"inLanguage":"de","potentialAction":[{"@type":"ReadAction","target":["https:\/\/chenesme.com\/product\/pneumatic-press-machine\/"]}]},{"@type":"ImageObject","inLanguage":"de","@id":"https:\/\/chenesme.com\/product\/pneumatic-press-machine\/#primaryimage","url":"https:\/\/chenesme.com\/wp-content\/uploads\/2025\/10\/Pneumatic-Punching-Press-5.png","contentUrl":"https:\/\/chenesme.com\/wp-content\/uploads\/2025\/10\/Pneumatic-Punching-Press-5.png","width":695,"height":712},{"@type":"BreadcrumbList","@id":"https:\/\/chenesme.com\/product\/pneumatic-press-machine\/#breadcrumb","itemListElement":[{"@type":"ListItem","position":1,"name":"Home","item":"https:\/\/chenesme.com\/"},{"@type":"ListItem","position":2,"name":"Product","item":"https:\/\/chenesme.com\/product\/"},{"@type":"ListItem","position":3,"name":"Pneumatic Press Machine"}]},{"@type":"WebSite","@id":"https:\/\/chenesme.com\/#website","url":"https:\/\/chenesme.com\/","name":"Anhui Chensi Machinery Equipment Co., Ltd.","description":"Anhui Chensi Machinery Equipment Co., Ltd.","potentialAction":[{"@type":"SearchAction","target":{"@type":"EntryPoint","urlTemplate":"https:\/\/chenesme.com\/?s={search_term_string}"},"query-input":{"@type":"PropertyValueSpecification","valueRequired":true,"valueName":"search_term_string"}}],"inLanguage":"de"}]}},"_links":{"self":[{"href":"https:\/\/chenesme.com\/de\/wp-json\/wp\/v2\/product\/676","targetHints":{"allow":["GET"]}}],"collection":[{"href":"https:\/\/chenesme.com\/de\/wp-json\/wp\/v2\/product"}],"about":[{"href":"https:\/\/chenesme.com\/de\/wp-json\/wp\/v2\/types\/product"}],"version-history":[{"count":3,"href":"https:\/\/chenesme.com\/de\/wp-json\/wp\/v2\/product\/676\/revisions"}],"predecessor-version":[{"id":737,"href":"https:\/\/chenesme.com\/de\/wp-json\/wp\/v2\/product\/676\/revisions\/737"}],"wp:featuredmedia":[{"embeddable":true,"href":"https:\/\/chenesme.com\/de\/wp-json\/wp\/v2\/media\/736"}],"wp:attachment":[{"href":"https:\/\/chenesme.com\/de\/wp-json\/wp\/v2\/media?parent=676"}],"wp:term":[{"taxonomy":"product_brand","embeddable":true,"href":"https:\/\/chenesme.com\/de\/wp-json\/wp\/v2\/product_brand?post=676"},{"taxonomy":"product_cat","embeddable":true,"href":"https:\/\/chenesme.com\/de\/wp-json\/wp\/v2\/product_cat?post=676"},{"taxonomy":"product_tag","embeddable":true,"href":"https:\/\/chenesme.com\/de\/wp-json\/wp\/v2\/product_tag?post=676"}],"curies":[{"name":"wp","href":"https:\/\/api.w.org\/{rel}","templated":true}]}}