{"id":701,"date":"2025-10-17T05:45:20","date_gmt":"2025-10-17T05:45:20","guid":{"rendered":"https:\/\/chenesme.com\/?post_type=product&#038;p=701"},"modified":"2025-10-20T01:28:13","modified_gmt":"2025-10-20T01:28:13","slug":"precision-pneumatic-press-for-metal-stamping","status":"publish","type":"product","link":"https:\/\/chenesme.com\/de\/produkt\/precision-pneumatic-press-for-metal-stamping\/","title":{"rendered":"Pneumatische Stanzpresse in Industriequalit\u00e4t"},"content":{"rendered":"<div class=\"container-PrUkKo\">\n<div class=\"item-hGGxLi\">\n<div class=\"container-arOxqB chrome70-container\">\n<div class=\"inner-FyM8gE inner-item-f8P6nx\" data-target-id=\"message-box-target-id\" data-testid=\"union_message\">\n<div class=\"message-block-container-aFugD6\" data-testid=\"message-block-container\" data-ui-version=\"samantha\">\n<div class=\"flex flex-row w-full w-full max-w-full s-font-base text-s-color-text-secondary p-0 rounded-s-radius-s bg-transparent group data-[attr=select-mode]:-mt-10 data-[attr=select-mode]:py-10 data-[attr=select-mode]:px-16 data-[attr=select-mode]:sm:p-10 data-[attr=select-mode]:hover:bg-s-color-bg-base data-[attr=select-mode]:hover:rounded-s-radius-xs data-[attr=select-mode]:has-[:checked]:bg-s-color-bg-trans data-[attr=select-mode]:has-[:checked]:rounded-s-radius-xs data-[attr=select-mode]:pointer-events-none\" data-testid=\"receive_message\">\n<div class=\"flex flex-col flex-grow max-w-full min-w-0\">\n<div class=\"flex flex-row w-full\" data-testid=\"message_content\" data-message-id=\"24872152091837698\">\n<div class=\"w-full\" data-plugin-identifier=\"Symbol(code-receive-artifact-message-content)\">\n<div class=\"container-ZYIsnH flow-markdown-body mdbox-theme-next theme-samantha-Nbr9UN\" dir=\"ltr\" data-testid=\"message_text_content\" data-show-indicator=\"false\">\n<h1 class=\"header-vfC6AV auto-hide-last-sibling-br\">Industrielle pneumatische Stanzpresse: Pr\u00e4zision, Leistung und Produktivit\u00e4t neu definiert<\/h1>\n<div class=\"auto-hide-last-sibling-br paragraph-JOTKXA paragraph-element br-paragraph-space\">Wenn es um die Bearbeitung schwerer Metalle, Pr\u00e4zisionsmontage oder Stanzvorg\u00e4nge in gro\u00dfen St\u00fcckzahlen geht, ist die pneumatische Industriestanzpresse die optimale L\u00f6sung f\u00fcr Zuverl\u00e4ssigkeit, Effizienz und Leistung. Entwickelt f\u00fcr die hohen Anforderungen industrieller Umgebungen, vereint dieses Kraftpaket fortschrittliche Pneumatiktechnologie mit robuster Bauweise und liefert so auch unter anspruchsvollsten Produktionsbedingungen konstant gute Ergebnisse.<\/div>\n<h2><img fetchpriority=\"high\" decoding=\"async\" class=\"wp-image-730 alignleft\" src=\"https:\/\/chenesme.com\/wp-content\/uploads\/2025\/10\/punch.jpeg\" alt=\"\" width=\"348\" height=\"631\" srcset=\"https:\/\/chenesme.com\/wp-content\/uploads\/2025\/10\/punch.jpeg 800w, https:\/\/chenesme.com\/wp-content\/uploads\/2025\/10\/punch-276x500.jpeg 276w, https:\/\/chenesme.com\/wp-content\/uploads\/2025\/10\/punch-662x1200.jpeg 662w, https:\/\/chenesme.com\/wp-content\/uploads\/2025\/10\/punch-165x300.jpeg 165w, https:\/\/chenesme.com\/wp-content\/uploads\/2025\/10\/punch-768x1393.jpeg 768w, https:\/\/chenesme.com\/wp-content\/uploads\/2025\/10\/punch-7x12.jpeg 7w, https:\/\/chenesme.com\/wp-content\/uploads\/2025\/10\/punch-41x75.jpeg 41w, https:\/\/chenesme.com\/wp-content\/uploads\/2025\/10\/punch-480x871.jpeg 480w\" sizes=\"(max-width:767px) 348px, 348px\" \/><\/h2>\n<h2><\/h2>\n<h2><\/h2>\n<h2><\/h2>\n<h2><\/h2>\n<h2><\/h2>\n<h2><\/h2>\n<h2><\/h2>\n<h2><\/h2>\n<h2><\/h2>\n<h2><\/h2>\n<h2><\/h2>\n<h2><\/h2>\n<h2 class=\"header-vfC6AV auto-hide-last-sibling-br\">Un\u00fcbertroffene Leistung: Kraft trifft auf Pr\u00e4zision<\/h2>\n<div class=\"auto-hide-last-sibling-br paragraph-JOTKXA paragraph-element br-paragraph-space\">Das Herzst\u00fcck unserer pneumatischen Industriestanzpresse ist ein Hochdruck-Pneumatiksystem, das eine Stanzkraft von bis zu [X] Tonnen erzeugt \u2013 ideal zum Stanzen, Ausklinken, Umformen oder Biegen einer Vielzahl von Materialien, darunter Stahl, Aluminium, Kupfer und Legierungen. Die pr\u00e4zisionsgefertigte St\u00f6\u00dfel- und Matrizenausrichtung gew\u00e4hrleistet Toleranzen von nur \u00b10,025 mm, wodurch Ausschuss vermieden und sichergestellt wird, dass jedes Teil den exakten Spezifikationen entspricht.<\/div>\n<div class=\"container-utlnW2 md-box-line-break wrapper-d0Cc1k undefined\"><\/div>\n<div class=\"auto-hide-last-sibling-br paragraph-JOTKXA paragraph-element br-paragraph-space\">Egal ob Sie mit d\u00fcnnen Blechen oder dicken Platten arbeiten, die einstellbare Hubl\u00e4nge (von [X]mm bis [X]mm) und die variable Geschwindigkeitsregelung (bis zu [X] H\u00fcbe pro Minute) der Presse erm\u00f6glichen eine nahtlose Anpassung an unterschiedlichste Anwendungen, von Kleinserien kundenspezifischer Teile bis hin zur Massenproduktion in gro\u00dfem Ma\u00dfstab.<\/div>\n<h2 class=\"header-vfC6AV auto-hide-last-sibling-br\">Gebaut f\u00fcr industrielle Langlebigkeit<\/h2>\n<div class=\"auto-hide-last-sibling-br paragraph-JOTKXA paragraph-element br-paragraph-space\">Diese Stanzpresse ist f\u00fcr den Dauerbetrieb ausgelegt und verf\u00fcgt \u00fcber einen robusten Gusseisenrahmen, der Vibrationen minimiert und die strukturelle Integrit\u00e4t unter Dauerlast gew\u00e4hrleistet. Wichtige Komponenten wie Pneumatikzylinder, Ventile und F\u00fchrungsschienen sind aus hochwertigem Stahl gefertigt und mit korrosionsbest\u00e4ndigen Beschichtungen versehen, was die Lebensdauer verl\u00e4ngert und Wartungsstillstandszeiten reduziert.<\/div>\n<div class=\"container-utlnW2 md-box-line-break wrapper-d0Cc1k undefined\"><\/div>\n<div class=\"auto-hide-last-sibling-br paragraph-JOTKXA paragraph-element br-paragraph-space\">Sicherheit hat oberste Priorit\u00e4t: Die Presse ist mit einer Zweihandbedienung, Not-Aus-Tastern und einem Schutzlichtvorhang ausgestattet, um versehentliche Ber\u00fchrungen w\u00e4hrend des Betriebs zu verhindern. Sie entspricht den globalen Sicherheitsstandards (OSHA, CE, ISO).<\/div>\n<h2 class=\"header-vfC6AV auto-hide-last-sibling-br\">Intelligente Effizienz f\u00fcr moderne Fabriken<\/h2>\n<div class=\"auto-hide-last-sibling-br paragraph-JOTKXA paragraph-element br-paragraph-space\">\u00dcber die reine Leistung hinaus integriert unsere pneumatische Industriestanzpresse intelligente Funktionen zur Optimierung Ihres Arbeitsablaufs:<\/div>\n<div class=\"container-utlnW2 md-box-line-break wrapper-d0Cc1k undefined\"><\/div>\n<ul class=\"auto-hide-last-sibling-br\">\n<li><strong>Energieeffizienz<\/strong>Das pneumatische System verbraucht weniger Energie als hydraulische Alternativen, wodurch die Betriebskosten gesenkt werden, ohne dass die Leistung beeintr\u00e4chtigt wird.<\/li>\n<li><strong>Schneller Wechsel<\/strong>Werkzeuglose Werkzeugspannsysteme reduzieren die R\u00fcstzeiten um bis zu 50% und maximieren so die Maschinenverf\u00fcgbarkeit bei h\u00e4ufigen Jobwechseln.<\/li>\n<li><strong>Integrierte Steuerungen<\/strong>Eine benutzerfreundliche Mensch-Maschine-Schnittstelle (HMI) erm\u00f6glicht es den Bedienern, benutzerdefinierte Stanzprogramme zu speichern, Leistungskennzahlen zu \u00fcberwachen und Probleme in Echtzeit zu beheben.<\/li>\n<\/ul>\n<h2 class=\"header-vfC6AV auto-hide-last-sibling-br\">Vielseitige Anwendungsm\u00f6glichkeiten in verschiedenen Branchen<\/h2>\n<div class=\"auto-hide-last-sibling-br paragraph-JOTKXA paragraph-element br-paragraph-space\">Von der Automobil- und Luftfahrtindustrie bis hin zur Elektronik und dem Bauwesen \u2013 diese Stanzpresse zeichnet sich durch folgende Anwendungen aus:<\/div>\n<div class=\"container-utlnW2 md-box-line-break wrapper-d0Cc1k undefined\"><\/div>\n<ul class=\"auto-hide-last-sibling-br\">\n<li>Metallpr\u00e4gung (Dichtungen, Halterungen, Paneele)<\/li>\n<li>Lochstanzen und Schlitzen<\/li>\n<li>Formen und Biegen von d\u00fcnnen bis mittelstarken Materialien<\/li>\n<li>Integration der Montagelinie f\u00fcr die automatisierte Produktion<\/li>\n<\/ul>\n<div class=\"container-utlnW2 md-box-line-break wrapper-d0Cc1k undefined\"><\/div>\n<div class=\"auto-hide-last-sibling-br paragraph-JOTKXA paragraph-element br-paragraph-space\">Unabh\u00e4ngig von der Branche bietet es die Geschwindigkeit, Genauigkeit und Langlebigkeit, die erforderlich sind, um Ihre Produktionslinie mit maximaler Effizienz am Laufen zu halten.<\/div>\n<h2 class=\"header-vfC6AV auto-hide-last-sibling-br\">Warum sollten Sie sich f\u00fcr unsere pneumatische Stanzpresse in Industriequalit\u00e4t entscheiden?<\/h2>\n<ul class=\"auto-hide-last-sibling-br\">\n<li><strong>Bew\u00e4hrte Zuverl\u00e4ssigkeit<\/strong>: Unterst\u00fctzt durch eine [X]-j\u00e4hrige Garantie und ein weltweites Servicenetzwerk, wodurch minimale Ausfallzeiten und langfristige Leistungsf\u00e4higkeit gew\u00e4hrleistet werden.<\/li>\n<li><strong>Anpassbare Optionen<\/strong>Erh\u00e4ltlich in verschiedenen Leistungskapazit\u00e4ten und Konfigurationen, um Ihren spezifischen Produktionsanforderungen gerecht zu werden.<\/li>\n<li><strong>Kosteng\u00fcnstig<\/strong>Geringerer Energieverbrauch, reduzierter Wartungsaufwand und hoher Durchsatz f\u00fchren zu einer schnelleren Amortisation der Investition.<\/li>\n<\/ul>\n<div class=\"container-utlnW2 md-box-line-break wrapper-d0Cc1k undefined\"><\/div>\n<div class=\"auto-hide-last-sibling-br paragraph-JOTKXA paragraph-element br-paragraph-space\">Erweitern Sie Ihre Fertigungsm\u00f6glichkeiten mit der pneumatischen Stanzpresse in Industriequalit\u00e4t \u2013 wo industrielle St\u00e4rke auf Pr\u00e4zisionstechnik trifft. Kontaktieren Sie uns noch heute, um zu erfahren, wie sie Ihre Prozesse optimieren kann.<\/div>\n<\/div>\n<\/div>\n<\/div>\n<\/div>\n<\/div>\n<\/div>\n<\/div>\n<\/div>\n<\/div>\n<\/div>\n<div class=\"container-PrUkKo\">\n<div class=\"item-hGGxLi\">\n<div class=\"container-arOxqB chrome70-container\">\n<div class=\"inner-FyM8gE inner-item-f8P6nx\" data-target-id=\"message-box-target-id\" data-testid=\"union_message\">\n<div class=\"message-block-container-aFugD6\" data-testid=\"message-block-container\" data-ui-version=\"samantha\">\n<div class=\"flex flex-row w-full w-full max-w-full s-font-base text-s-color-text-secondary p-0 rounded-s-radius-s bg-transparent group data-[attr=select-mode]:-mt-10 data-[attr=select-mode]:py-10 data-[attr=select-mode]:px-16 data-[attr=select-mode]:sm:p-10 data-[attr=select-mode]:hover:bg-s-color-bg-base data-[attr=select-mode]:hover:rounded-s-radius-xs data-[attr=select-mode]:has-[:checked]:bg-s-color-bg-trans data-[attr=select-mode]:has-[:checked]:rounded-s-radius-xs data-[attr=select-mode]:pointer-events-none\" data-testid=\"receive_message\">\n<div class=\"flex flex-col flex-grow max-w-full min-w-0\">\n<div class=\"flex flex-row w-full\" data-testid=\"message_content\" data-message-id=\"24875288354127362\">\n<div class=\"w-full\" data-plugin-identifier=\"Symbol(code-receive-artifact-message-content)\">\n<div class=\"container-ZYIsnH flow-markdown-body mdbox-theme-next theme-samantha-Nbr9UN\" dir=\"ltr\" data-testid=\"message_text_content\" data-show-indicator=\"false\">\n<h1 class=\"header-vfC6AV auto-hide-last-sibling-br\">Industrielle pneumatische Stanzpresse<\/h1>\n<div class=\"auto-hide-last-sibling-br paragraph-JOTKXA paragraph-element br-paragraph-space\">Die pneumatische Stanzpresse in Industriequalit\u00e4t ist f\u00fcr den harten industriellen Einsatz konzipiert und vereint Leistung, Pr\u00e4zision und Langlebigkeit, um in anspruchsvollen Fertigungsumgebungen hervorragende Ergebnisse zu erzielen.<\/div>\n<h2 class=\"header-vfC6AV auto-hide-last-sibling-br\">Gebaut f\u00fcr die Ewigkeit<\/h2>\n<div class=\"auto-hide-last-sibling-br paragraph-JOTKXA paragraph-element br-paragraph-space\">Ein robuster Gusseisenrahmen minimiert Vibrationen, w\u00e4hrend hochwertige Stahlkomponenten (Zylinder, Ventile, Schienen) \u00fcber korrosionsbest\u00e4ndige Beschichtungen verf\u00fcgen \u2013 ausgelegt f\u00fcr den 24\/7-Betrieb.<\/div>\n<div class=\"container-utlnW2 md-box-line-break wrapper-d0Cc1k undefined\"><\/div>\n<div class=\"auto-hide-last-sibling-br paragraph-JOTKXA paragraph-element br-paragraph-space\">Sicherheit hat oberste Priorit\u00e4t: Zweihandbedienung, Not-Aus-Schalter und Lichtvorh\u00e4nge erf\u00fcllen die OSHA-, CE- und ISO-Normen.<\/div>\n<h2 class=\"header-vfC6AV auto-hide-last-sibling-br\">Intelligente Effizienz<\/h2>\n<ul class=\"auto-hide-last-sibling-br\">\n<li><strong>Energieeinsparungen<\/strong>Verbraucht weniger Energie als hydraulische Pressen, wodurch die Betriebskosten gesenkt werden.<\/li>\n<li><strong>Schnelle Umr\u00fcstungen<\/strong>Werkzeugloses Spannen der Matrize reduziert die R\u00fcstzeit um 50%.<\/li>\n<li><strong>Benutzerfreundliche HMI<\/strong>Speichert benutzerdefinierte Programme, \u00fcberwacht Kennzahlen und vereinfacht die Fehlersuche.<\/li>\n<\/ul>\n<h2 class=\"header-vfC6AV auto-hide-last-sibling-br\">Vielseitige Anwendungsm\u00f6glichkeiten<\/h2>\n<div class=\"auto-hide-last-sibling-br paragraph-JOTKXA paragraph-element br-paragraph-space\">Ideal f\u00fcr die Automobil-, Luft- und Raumfahrt-, Elektronik- und Bauindustrie:<\/div>\n<div class=\"container-utlnW2 md-box-line-break wrapper-d0Cc1k undefined\"><\/div>\n<ul class=\"auto-hide-last-sibling-br\">\n<li>Metallpr\u00e4gung (Dichtungen, Halterungen)<\/li>\n<li>Lochstechen\/Schlitzen<\/li>\n<li>D\u00fcnn- bis Mittelblechumformung, Integration in automatisierte Produktionslinien<\/li>\n<\/ul>\n<h2 class=\"header-vfC6AV auto-hide-last-sibling-br\"><img decoding=\"async\" class=\"wp-image-713 alignleft\" src=\"https:\/\/chenesme.com\/wp-content\/uploads\/2025\/10\/Pneumatic-Punching-Press\uff081\uff09.jpg\" alt=\"\" width=\"439\" height=\"781\" srcset=\"https:\/\/chenesme.com\/wp-content\/uploads\/2025\/10\/Pneumatic-Punching-Press\uff081\uff09.jpg 562w, https:\/\/chenesme.com\/wp-content\/uploads\/2025\/10\/Pneumatic-Punching-Press\uff081\uff09-281x500.jpg 281w, https:\/\/chenesme.com\/wp-content\/uploads\/2025\/10\/Pneumatic-Punching-Press\uff081\uff09-169x300.jpg 169w, https:\/\/chenesme.com\/wp-content\/uploads\/2025\/10\/Pneumatic-Punching-Press\uff081\uff09-7x12.jpg 7w, https:\/\/chenesme.com\/wp-content\/uploads\/2025\/10\/Pneumatic-Punching-Press\uff081\uff09-42x75.jpg 42w, https:\/\/chenesme.com\/wp-content\/uploads\/2025\/10\/Pneumatic-Punching-Press\uff081\uff09-480x854.jpg 480w\" sizes=\"(max-width:767px) 439px, 439px\" \/><\/h2>\n<h2><\/h2>\n<h2><\/h2>\n<h2><\/h2>\n<h2><\/h2>\n<h2><\/h2>\n<h2><\/h2>\n<h2><\/h2>\n<h2><\/h2>\n<h2><\/h2>\n<h2><\/h2>\n<h2><\/h2>\n<h2><\/h2>\n<h2><\/h2>\n<h2><\/h2>\n<h2 class=\"header-vfC6AV auto-hide-last-sibling-br\">Warum sollten Sie sich f\u00fcr uns entscheiden?<\/h2>\n<ul class=\"auto-hide-last-sibling-br\">\n<li>2 Jahre Garantie und weltweiter Service f\u00fcr minimale Ausfallzeiten.<\/li>\n<li>Anpassbare Kraftkapazit\u00e4ten und Konfigurationen.<\/li>\n<li>Schneller ROI durch geringen Energieverbrauch, reduzierten Wartungsaufwand und hohen Durchsatz.<\/li>\n<\/ul>\n<div class=\"container-utlnW2 md-box-line-break wrapper-d0Cc1k undefined\"><\/div>\n<div class=\"auto-hide-last-sibling-br paragraph-JOTKXA paragraph-element br-paragraph-space\">Optimieren Sie Ihre Produktion mit der pneumatischen Industriestanzpresse \u2013 wo St\u00e4rke auf Pr\u00e4zision trifft. Kontaktieren Sie uns, um Ihren Workflow zu ver\u00e4ndern.<\/div>\n<\/div>\n<\/div>\n<\/div>\n<\/div>\n<\/div>\n<\/div>\n<\/div>\n<\/div>\n<\/div>\n<\/div>","protected":false},"excerpt":{"rendered":"<p>CNC-Pneumatik-Stanzmaschinen sind auf maximale Produktion ausgelegt. Schnelle Zykluszeiten erm\u00f6glichen einen Dauerbetrieb. Dies erh\u00f6ht die Leistung und reduziert die St\u00fcckzeit, wodurch sie ideal f\u00fcr die Gro\u00dfserienproduktion sind. Hohe Geschwindigkeiten sorgen f\u00fcr minimale Verz\u00f6gerungen zwischen den Arbeitsg\u00e4ngen und steigern so die Gesamteffizienz. Sie zeichnen sich durch hohe Effizienz, Geschwindigkeit und geringen Wartungsaufwand aus.<\/p>","protected":false},"featured_media":729,"template":"","meta":{"_joinchat":[]},"product_brand":[],"product_cat":[21],"product_tag":[],"class_list":{"0":"post-701","1":"product","2":"type-product","3":"status-publish","4":"has-post-thumbnail","6":"product_cat-pneumatic-punching-machine","8":"first","9":"instock","10":"shipping-taxable","11":"product-type-external"},"yoast_head":"<!-- This site is optimized with the Yoast SEO plugin v25.6 - https:\/\/yoast.com\/wordpress\/plugins\/seo\/ -->\n<title>Pneumatic Punch Press Industrial-Grade - Anhui Chensi Machinery Equipment Co., Ltd.<\/title>\n<meta name=\"description\" content=\"Our Pneumatic Punch Press delivers high-speed, precise force for stamping and assembly. Boost your production efficiency with this robust solution\" \/>\n<meta name=\"robots\" content=\"index, follow, max-snippet:-1, max-image-preview:large, max-video-preview:-1\" \/>\n<link rel=\"canonical\" href=\"https:\/\/chenesme.com\/de\/produkt\/precision-pneumatic-press-for-metal-stamping\/\" \/>\n<meta property=\"og:locale\" content=\"de_DE\" \/>\n<meta property=\"og:type\" content=\"article\" \/>\n<meta property=\"og:title\" content=\"Pneumatic Punch Press Industrial-Grade - Anhui Chensi Machinery Equipment Co., Ltd.\" \/>\n<meta property=\"og:description\" content=\"Our Pneumatic Punch Press delivers high-speed, precise force for stamping and assembly. Boost your production efficiency with this robust solution\" \/>\n<meta property=\"og:url\" content=\"https:\/\/chenesme.com\/de\/produkt\/precision-pneumatic-press-for-metal-stamping\/\" \/>\n<meta property=\"og:site_name\" content=\"Anhui Chensi Machinery Equipment Co., Ltd.\" \/>\n<meta property=\"article:modified_time\" content=\"2025-10-20T01:28:13+00:00\" \/>\n<meta property=\"og:image\" content=\"https:\/\/chenesme.com\/wp-content\/uploads\/2025\/10\/Pneumatic-Punching-Press-4.png\" \/>\n\t<meta property=\"og:image:width\" content=\"717\" \/>\n\t<meta property=\"og:image:height\" content=\"717\" \/>\n\t<meta property=\"og:image:type\" content=\"image\/png\" \/>\n<meta name=\"twitter:card\" content=\"summary_large_image\" \/>\n<meta name=\"twitter:label1\" content=\"Gesch\u00e4tzte Lesezeit\" \/>\n\t<meta name=\"twitter:data1\" content=\"5\u00a0Minuten\" \/>\n<script type=\"application\/ld+json\" class=\"yoast-schema-graph\">{\"@context\":\"https:\/\/schema.org\",\"@graph\":[{\"@type\":\"WebPage\",\"@id\":\"https:\/\/chenesme.com\/product\/precision-pneumatic-press-for-metal-stamping\/\",\"url\":\"https:\/\/chenesme.com\/product\/precision-pneumatic-press-for-metal-stamping\/\",\"name\":\"Pneumatic Punch Press Industrial-Grade - Anhui Chensi Machinery Equipment Co., Ltd.\",\"isPartOf\":{\"@id\":\"https:\/\/chenesme.com\/#website\"},\"primaryImageOfPage\":{\"@id\":\"https:\/\/chenesme.com\/product\/precision-pneumatic-press-for-metal-stamping\/#primaryimage\"},\"image\":{\"@id\":\"https:\/\/chenesme.com\/product\/precision-pneumatic-press-for-metal-stamping\/#primaryimage\"},\"thumbnailUrl\":\"https:\/\/chenesme.com\/wp-content\/uploads\/2025\/10\/Pneumatic-Punching-Press-4.png\",\"datePublished\":\"2025-10-17T05:45:20+00:00\",\"dateModified\":\"2025-10-20T01:28:13+00:00\",\"description\":\"Our Pneumatic Punch Press delivers high-speed, precise force for stamping and assembly. Boost your production efficiency with this robust solution\",\"breadcrumb\":{\"@id\":\"https:\/\/chenesme.com\/product\/precision-pneumatic-press-for-metal-stamping\/#breadcrumb\"},\"inLanguage\":\"de\",\"potentialAction\":[{\"@type\":\"ReadAction\",\"target\":[\"https:\/\/chenesme.com\/product\/precision-pneumatic-press-for-metal-stamping\/\"]}]},{\"@type\":\"ImageObject\",\"inLanguage\":\"de\",\"@id\":\"https:\/\/chenesme.com\/product\/precision-pneumatic-press-for-metal-stamping\/#primaryimage\",\"url\":\"https:\/\/chenesme.com\/wp-content\/uploads\/2025\/10\/Pneumatic-Punching-Press-4.png\",\"contentUrl\":\"https:\/\/chenesme.com\/wp-content\/uploads\/2025\/10\/Pneumatic-Punching-Press-4.png\",\"width\":717,\"height\":717},{\"@type\":\"BreadcrumbList\",\"@id\":\"https:\/\/chenesme.com\/product\/precision-pneumatic-press-for-metal-stamping\/#breadcrumb\",\"itemListElement\":[{\"@type\":\"ListItem\",\"position\":1,\"name\":\"Home\",\"item\":\"https:\/\/chenesme.com\/\"},{\"@type\":\"ListItem\",\"position\":2,\"name\":\"Product\",\"item\":\"https:\/\/chenesme.com\/product\/\"},{\"@type\":\"ListItem\",\"position\":3,\"name\":\"Pneumatic Punch Press Industrial-Grade\"}]},{\"@type\":\"WebSite\",\"@id\":\"https:\/\/chenesme.com\/#website\",\"url\":\"https:\/\/chenesme.com\/\",\"name\":\"Anhui Chensi Machinery Equipment Co., Ltd.\",\"description\":\"Anhui Chensi Machinery Equipment Co., Ltd.\",\"potentialAction\":[{\"@type\":\"SearchAction\",\"target\":{\"@type\":\"EntryPoint\",\"urlTemplate\":\"https:\/\/chenesme.com\/?s={search_term_string}\"},\"query-input\":{\"@type\":\"PropertyValueSpecification\",\"valueRequired\":true,\"valueName\":\"search_term_string\"}}],\"inLanguage\":\"de\"}]}<\/script>\n<!-- \/ Yoast SEO plugin. -->","yoast_head_json":{"title":"Pneumatic Punch Press Industrial-Grade - Anhui Chensi Machinery Equipment Co., Ltd.","description":"Our Pneumatic Punch Press delivers high-speed, precise force for stamping and assembly. Boost your production efficiency with this robust solution","robots":{"index":"index","follow":"follow","max-snippet":"max-snippet:-1","max-image-preview":"max-image-preview:large","max-video-preview":"max-video-preview:-1"},"canonical":"https:\/\/chenesme.com\/de\/produkt\/precision-pneumatic-press-for-metal-stamping\/","og_locale":"de_DE","og_type":"article","og_title":"Pneumatic Punch Press Industrial-Grade - Anhui Chensi Machinery Equipment Co., Ltd.","og_description":"Our Pneumatic Punch Press delivers high-speed, precise force for stamping and assembly. Boost your production efficiency with this robust solution","og_url":"https:\/\/chenesme.com\/de\/produkt\/precision-pneumatic-press-for-metal-stamping\/","og_site_name":"Anhui Chensi Machinery Equipment Co., Ltd.","article_modified_time":"2025-10-20T01:28:13+00:00","og_image":[{"width":717,"height":717,"url":"https:\/\/chenesme.com\/wp-content\/uploads\/2025\/10\/Pneumatic-Punching-Press-4.png","type":"image\/png"}],"twitter_card":"summary_large_image","twitter_misc":{"Gesch\u00e4tzte Lesezeit":"5\u00a0Minuten"},"schema":{"@context":"https:\/\/schema.org","@graph":[{"@type":"WebPage","@id":"https:\/\/chenesme.com\/product\/precision-pneumatic-press-for-metal-stamping\/","url":"https:\/\/chenesme.com\/product\/precision-pneumatic-press-for-metal-stamping\/","name":"Pneumatic Punch Press Industrial-Grade - Anhui Chensi Machinery Equipment Co., Ltd.","isPartOf":{"@id":"https:\/\/chenesme.com\/#website"},"primaryImageOfPage":{"@id":"https:\/\/chenesme.com\/product\/precision-pneumatic-press-for-metal-stamping\/#primaryimage"},"image":{"@id":"https:\/\/chenesme.com\/product\/precision-pneumatic-press-for-metal-stamping\/#primaryimage"},"thumbnailUrl":"https:\/\/chenesme.com\/wp-content\/uploads\/2025\/10\/Pneumatic-Punching-Press-4.png","datePublished":"2025-10-17T05:45:20+00:00","dateModified":"2025-10-20T01:28:13+00:00","description":"Our Pneumatic Punch Press delivers high-speed, precise force for stamping and assembly. Boost your production efficiency with this robust solution","breadcrumb":{"@id":"https:\/\/chenesme.com\/product\/precision-pneumatic-press-for-metal-stamping\/#breadcrumb"},"inLanguage":"de","potentialAction":[{"@type":"ReadAction","target":["https:\/\/chenesme.com\/product\/precision-pneumatic-press-for-metal-stamping\/"]}]},{"@type":"ImageObject","inLanguage":"de","@id":"https:\/\/chenesme.com\/product\/precision-pneumatic-press-for-metal-stamping\/#primaryimage","url":"https:\/\/chenesme.com\/wp-content\/uploads\/2025\/10\/Pneumatic-Punching-Press-4.png","contentUrl":"https:\/\/chenesme.com\/wp-content\/uploads\/2025\/10\/Pneumatic-Punching-Press-4.png","width":717,"height":717},{"@type":"BreadcrumbList","@id":"https:\/\/chenesme.com\/product\/precision-pneumatic-press-for-metal-stamping\/#breadcrumb","itemListElement":[{"@type":"ListItem","position":1,"name":"Home","item":"https:\/\/chenesme.com\/"},{"@type":"ListItem","position":2,"name":"Product","item":"https:\/\/chenesme.com\/product\/"},{"@type":"ListItem","position":3,"name":"Pneumatic Punch Press Industrial-Grade"}]},{"@type":"WebSite","@id":"https:\/\/chenesme.com\/#website","url":"https:\/\/chenesme.com\/","name":"Anhui Chensi Machinery Equipment Co., Ltd.","description":"Anhui Chensi Machinery Equipment Co., Ltd.","potentialAction":[{"@type":"SearchAction","target":{"@type":"EntryPoint","urlTemplate":"https:\/\/chenesme.com\/?s={search_term_string}"},"query-input":{"@type":"PropertyValueSpecification","valueRequired":true,"valueName":"search_term_string"}}],"inLanguage":"de"}]}},"_links":{"self":[{"href":"https:\/\/chenesme.com\/de\/wp-json\/wp\/v2\/product\/701","targetHints":{"allow":["GET"]}}],"collection":[{"href":"https:\/\/chenesme.com\/de\/wp-json\/wp\/v2\/product"}],"about":[{"href":"https:\/\/chenesme.com\/de\/wp-json\/wp\/v2\/types\/product"}],"version-history":[{"count":6,"href":"https:\/\/chenesme.com\/de\/wp-json\/wp\/v2\/product\/701\/revisions"}],"predecessor-version":[{"id":731,"href":"https:\/\/chenesme.com\/de\/wp-json\/wp\/v2\/product\/701\/revisions\/731"}],"wp:featuredmedia":[{"embeddable":true,"href":"https:\/\/chenesme.com\/de\/wp-json\/wp\/v2\/media\/729"}],"wp:attachment":[{"href":"https:\/\/chenesme.com\/de\/wp-json\/wp\/v2\/media?parent=701"}],"wp:term":[{"taxonomy":"product_brand","embeddable":true,"href":"https:\/\/chenesme.com\/de\/wp-json\/wp\/v2\/product_brand?post=701"},{"taxonomy":"product_cat","embeddable":true,"href":"https:\/\/chenesme.com\/de\/wp-json\/wp\/v2\/product_cat?post=701"},{"taxonomy":"product_tag","embeddable":true,"href":"https:\/\/chenesme.com\/de\/wp-json\/wp\/v2\/product_tag?post=701"}],"curies":[{"name":"wp","href":"https:\/\/api.w.org\/{rel}","templated":true}]}}