{"id":743,"date":"2025-10-20T02:15:28","date_gmt":"2025-10-20T02:15:28","guid":{"rendered":"https:\/\/chenesme.com\/?post_type=product&#038;p=743"},"modified":"2025-10-20T02:53:32","modified_gmt":"2025-10-20T02:53:32","slug":"cnc-controlled-pneumatic-punching-system","status":"publish","type":"product","link":"https:\/\/chenesme.com\/de\/produkt\/cnc-controlled-pneumatic-punching-system\/","title":{"rendered":"CNC-gesteuertes pneumatisches Stanzsystem"},"content":{"rendered":"<div class=\"J_module\">\n<div class=\"detail-decorate-json-renderer-container\">\n<div class=\"magic-6\">\n<div class=\"magic-7\">\n<div class=\"magic-8\">\n<h3 class=\"magic-9\"><span style=\"color: #000000;\"><b><span class=\"magic-10\" data-spm-anchor-id=\"a2700.details-description.0.i0.5a4b7wCS7wCSEc\">Hochpr\u00e4zise Einpunkt-Kraftpresse (offene Bauart)<\/span><\/b><\/span><\/h3>\n<p>Das CNC-gesteuerte pneumatische Stanzsystem kombiniert digitale Pr\u00e4zision mit pneumatischer Geschwindigkeit und liefert so gleichbleibend hochwertige Ergebnisse f\u00fcr die komplexe Blechbearbeitung.<\/p>\n<p><img fetchpriority=\"high\" decoding=\"async\" class=\"wp-image-748 alignleft\" src=\"https:\/\/chenesme.com\/wp-content\/uploads\/2025\/10\/Pneumatic-Punching-Press-7-1.png\" alt=\"\" width=\"503\" height=\"503\" srcset=\"https:\/\/chenesme.com\/wp-content\/uploads\/2025\/10\/Pneumatic-Punching-Press-7-1.png 707w, https:\/\/chenesme.com\/wp-content\/uploads\/2025\/10\/Pneumatic-Punching-Press-7-1-500x500.png 500w, https:\/\/chenesme.com\/wp-content\/uploads\/2025\/10\/Pneumatic-Punching-Press-7-1-300x300.png 300w, https:\/\/chenesme.com\/wp-content\/uploads\/2025\/10\/Pneumatic-Punching-Press-7-1-12x12.png 12w, https:\/\/chenesme.com\/wp-content\/uploads\/2025\/10\/Pneumatic-Punching-Press-7-1-150x150.png 150w, https:\/\/chenesme.com\/wp-content\/uploads\/2025\/10\/Pneumatic-Punching-Press-7-1-75x75.png 75w, https:\/\/chenesme.com\/wp-content\/uploads\/2025\/10\/Pneumatic-Punching-Press-7-1-480x480.png 480w\" sizes=\"(max-width:767px) 480px, 503px\" \/><\/p>\n<\/div>\n<\/div>\n<\/div>\n<\/div>\n<\/div>\n<div class=\"detail-decorate-json-renderer-container\">\n<div class=\"magic-6\">\n<div class=\"magic-7\">\n<div class=\"magic-8\">\n<div><\/div>\n<div><\/div>\n<div><\/div>\n<div><\/div>\n<div><\/div>\n<div><\/div>\n<div><\/div>\n<div><\/div>\n<div><\/div>\n<div><\/div>\n<div><\/div>\n<div><\/div>\n<div><\/div>\n<div><\/div>\n<div><\/div>\n<div><\/div>\n<div><\/div>\n<div><\/div>\n<div><\/div>\n<div><\/div>\n<div><\/div>\n<div class=\"magic-9\"><span style=\"color: #000000;\"><b><span class=\"magic-11\" data-spm-anchor-id=\"a2700.details-description.0.i1.5a4b7wCS7wCSEc\">CNC-gesteuerte pneumatische Stanzsysteme nutzen das von Kompressoren erzeugte Hochdruckgas, um Metall in Formen f\u00fcr die Waferbearbeitung, das Stanzen, Pr\u00e4gen usw. zu pressen.<\/span><\/b><\/span><\/div>\n<\/div>\n<\/div>\n<\/div>\n<\/div>\n<div class=\"J_module\">\n<div class=\"detail-decorate-json-renderer-container\">\n<div class=\"magic-6\">\n<div class=\"magic-7\">\n<div class=\"magic-8\">\n<div class=\"magic-9\">\n<div><span class=\"magic-12\" style=\"color: #000000;\">\u25cf Zu Maschinenk\u00f6rper verschwei\u00dfte Stahlplatten, zur Beseitigung innerer Spannungen behandelt, mit hoher Steifigkeit gekennzeichnet;<br \/>\n<\/span><\/div>\n<div><span class=\"magic-12\" style=\"color: #000000;\">\u25cf Kurbelwelle l\u00e4ngs angeordnet, kompakte Bauweise und ansprechendes Aussehen;<br \/>\n<\/span><\/div>\n<div><span class=\"magic-12\" style=\"color: #000000;\">\u25cf Sechskantige F\u00fchrungsschienen in \u00dcberl\u00e4nge, die eine hohe F\u00fchrungsgenauigkeit gew\u00e4hrleisten;<br \/>\n<\/span><\/div>\n<div><span class=\"magic-12\" style=\"color: #000000;\"><span class=\"magic-13\">\u25cf <span class=\"magic-13\">SPS-gesteuerter elektrischer Schaltkreis, Sicherheits-Duplexventil f\u00fcr Luftleitungen, flexibel und hochsensibel in der Bewegung, sicher und zuverl\u00e4ssig, Einzel-, Tipp- und Dauerbetrieb als Optionen, entspricht dem Sicherheitsstandard f\u00fcr Stanzmaschinen;<\/span><\/span><br \/>\n<\/span><\/div>\n<p><span class=\"magic-13\" style=\"color: #000000;\"><span class=\"magic-11\"><span class=\"magic-12\">\u25cf Hydraulische \u00dcberlastschutzvorrichtung und starre Schutzvorrichtung zur Verhinderung von Sch\u00e4den an den Werkzeugmaschinen durch \u00dcberlastung;<\/span><br \/>\n<\/span><\/span><\/p>\n<p><span class=\"magic-13\" style=\"color: #000000;\"><span class=\"magic-11\"><span class=\"magic-12\">\u25cf Kombinierte pneumatische Reibungskupplungsbremse, gleichm\u00e4\u00dfiger Eingriff, niedriger Ger\u00e4uschpegel;<\/span><\/span><\/span><\/p>\n<p><img decoding=\"async\" class=\"alignleft wp-image-745\" src=\"https:\/\/chenesme.com\/wp-content\/uploads\/2025\/10\/\u6c14\u52a8\u51b2\u5e8a.jpg\" alt=\"\" width=\"377\" height=\"671\" srcset=\"https:\/\/chenesme.com\/wp-content\/uploads\/2025\/10\/\u6c14\u52a8\u51b2\u5e8a.jpg 562w, https:\/\/chenesme.com\/wp-content\/uploads\/2025\/10\/\u6c14\u52a8\u51b2\u5e8a-281x500.jpg 281w, https:\/\/chenesme.com\/wp-content\/uploads\/2025\/10\/\u6c14\u52a8\u51b2\u5e8a-169x300.jpg 169w, https:\/\/chenesme.com\/wp-content\/uploads\/2025\/10\/\u6c14\u52a8\u51b2\u5e8a-7x12.jpg 7w, https:\/\/chenesme.com\/wp-content\/uploads\/2025\/10\/\u6c14\u52a8\u51b2\u5e8a-42x75.jpg 42w, https:\/\/chenesme.com\/wp-content\/uploads\/2025\/10\/\u6c14\u52a8\u51b2\u5e8a-480x854.jpg 480w\" sizes=\"(max-width:767px) 377px, 377px\" \/><\/p>\n<\/div>\n<\/div>\n<\/div>\n<\/div>\n<\/div>\n<\/div>","protected":false},"excerpt":{"rendered":"<p>CNC-Pneumatik-Stanzmaschinen sind auf maximale Produktion ausgelegt. Schnelle Zykluszeiten erm\u00f6glichen einen Dauerbetrieb. Dies erh\u00f6ht die Leistung und reduziert die St\u00fcckzeit, wodurch sie ideal f\u00fcr die Gro\u00dfserienproduktion sind. Hohe Geschwindigkeiten sorgen f\u00fcr minimale Verz\u00f6gerungen zwischen den Arbeitsg\u00e4ngen und steigern so die Gesamteffizienz. Sie zeichnen sich durch hohe Effizienz, Geschwindigkeit und geringen Wartungsaufwand aus.<\/p>","protected":false},"featured_media":748,"template":"","meta":{"_joinchat":[]},"product_brand":[],"product_cat":[21],"product_tag":[],"class_list":{"0":"post-743","1":"product","2":"type-product","3":"status-publish","4":"has-post-thumbnail","6":"product_cat-pneumatic-punching-machine","8":"first","9":"instock","10":"shipping-taxable","11":"product-type-external"},"yoast_head":"<!-- This site is optimized with the Yoast SEO plugin v25.6 - https:\/\/yoast.com\/wordpress\/plugins\/seo\/ -->\n<title>CNC-Controlled Pneumatic Punching System - Anhui Chensi Machinery Equipment Co., Ltd.<\/title>\n<meta name=\"description\" content=\"Our CNC-Controlled Pneumatic Punching System high-speed, precise force for stamping. Boost your production efficiency with this robust solution..\" \/>\n<meta name=\"robots\" content=\"index, follow, max-snippet:-1, max-image-preview:large, max-video-preview:-1\" \/>\n<link rel=\"canonical\" href=\"https:\/\/chenesme.com\/de\/produkt\/cnc-controlled-pneumatic-punching-system\/\" \/>\n<meta property=\"og:locale\" content=\"de_DE\" \/>\n<meta property=\"og:type\" content=\"article\" \/>\n<meta property=\"og:title\" content=\"CNC-Controlled Pneumatic Punching System - Anhui Chensi Machinery Equipment Co., Ltd.\" \/>\n<meta property=\"og:description\" content=\"Our CNC-Controlled Pneumatic Punching System high-speed, precise force for stamping. Boost your production efficiency with this robust solution..\" \/>\n<meta property=\"og:url\" content=\"https:\/\/chenesme.com\/de\/produkt\/cnc-controlled-pneumatic-punching-system\/\" \/>\n<meta property=\"og:site_name\" content=\"Anhui Chensi Machinery Equipment Co., Ltd.\" \/>\n<meta property=\"article:modified_time\" content=\"2025-10-20T02:53:32+00:00\" \/>\n<meta property=\"og:image\" content=\"https:\/\/chenesme.com\/wp-content\/uploads\/2025\/10\/Pneumatic-Punching-Press-7-1.png\" \/>\n\t<meta property=\"og:image:width\" content=\"707\" \/>\n\t<meta property=\"og:image:height\" content=\"707\" \/>\n\t<meta property=\"og:image:type\" content=\"image\/png\" \/>\n<meta name=\"twitter:card\" content=\"summary_large_image\" \/>\n<meta name=\"twitter:label1\" content=\"Gesch\u00e4tzte Lesezeit\" \/>\n\t<meta name=\"twitter:data1\" content=\"2\u00a0Minuten\" \/>\n<script type=\"application\/ld+json\" class=\"yoast-schema-graph\">{\"@context\":\"https:\/\/schema.org\",\"@graph\":[{\"@type\":\"WebPage\",\"@id\":\"https:\/\/chenesme.com\/product\/cnc-controlled-pneumatic-punching-system\/\",\"url\":\"https:\/\/chenesme.com\/product\/cnc-controlled-pneumatic-punching-system\/\",\"name\":\"CNC-Controlled Pneumatic Punching System - Anhui Chensi Machinery Equipment Co., Ltd.\",\"isPartOf\":{\"@id\":\"https:\/\/chenesme.com\/#website\"},\"primaryImageOfPage\":{\"@id\":\"https:\/\/chenesme.com\/product\/cnc-controlled-pneumatic-punching-system\/#primaryimage\"},\"image\":{\"@id\":\"https:\/\/chenesme.com\/product\/cnc-controlled-pneumatic-punching-system\/#primaryimage\"},\"thumbnailUrl\":\"https:\/\/chenesme.com\/wp-content\/uploads\/2025\/10\/Pneumatic-Punching-Press-7-1.png\",\"datePublished\":\"2025-10-20T02:15:28+00:00\",\"dateModified\":\"2025-10-20T02:53:32+00:00\",\"description\":\"Our CNC-Controlled Pneumatic Punching System high-speed, precise force for stamping. Boost your production efficiency with this robust solution..\",\"breadcrumb\":{\"@id\":\"https:\/\/chenesme.com\/product\/cnc-controlled-pneumatic-punching-system\/#breadcrumb\"},\"inLanguage\":\"de\",\"potentialAction\":[{\"@type\":\"ReadAction\",\"target\":[\"https:\/\/chenesme.com\/product\/cnc-controlled-pneumatic-punching-system\/\"]}]},{\"@type\":\"ImageObject\",\"inLanguage\":\"de\",\"@id\":\"https:\/\/chenesme.com\/product\/cnc-controlled-pneumatic-punching-system\/#primaryimage\",\"url\":\"https:\/\/chenesme.com\/wp-content\/uploads\/2025\/10\/Pneumatic-Punching-Press-7-1.png\",\"contentUrl\":\"https:\/\/chenesme.com\/wp-content\/uploads\/2025\/10\/Pneumatic-Punching-Press-7-1.png\",\"width\":707,\"height\":707},{\"@type\":\"BreadcrumbList\",\"@id\":\"https:\/\/chenesme.com\/product\/cnc-controlled-pneumatic-punching-system\/#breadcrumb\",\"itemListElement\":[{\"@type\":\"ListItem\",\"position\":1,\"name\":\"Home\",\"item\":\"https:\/\/chenesme.com\/\"},{\"@type\":\"ListItem\",\"position\":2,\"name\":\"Product\",\"item\":\"https:\/\/chenesme.com\/product\/\"},{\"@type\":\"ListItem\",\"position\":3,\"name\":\"CNC-Controlled Pneumatic Punching System\"}]},{\"@type\":\"WebSite\",\"@id\":\"https:\/\/chenesme.com\/#website\",\"url\":\"https:\/\/chenesme.com\/\",\"name\":\"Anhui Chensi Machinery Equipment Co., Ltd.\",\"description\":\"Anhui Chensi Machinery Equipment Co., Ltd.\",\"potentialAction\":[{\"@type\":\"SearchAction\",\"target\":{\"@type\":\"EntryPoint\",\"urlTemplate\":\"https:\/\/chenesme.com\/?s={search_term_string}\"},\"query-input\":{\"@type\":\"PropertyValueSpecification\",\"valueRequired\":true,\"valueName\":\"search_term_string\"}}],\"inLanguage\":\"de\"}]}<\/script>\n<!-- \/ Yoast SEO plugin. -->","yoast_head_json":{"title":"CNC-Controlled Pneumatic Punching System - Anhui Chensi Machinery Equipment Co., Ltd.","description":"Our CNC-Controlled Pneumatic Punching System high-speed, precise force for stamping. Boost your production efficiency with this robust solution..","robots":{"index":"index","follow":"follow","max-snippet":"max-snippet:-1","max-image-preview":"max-image-preview:large","max-video-preview":"max-video-preview:-1"},"canonical":"https:\/\/chenesme.com\/de\/produkt\/cnc-controlled-pneumatic-punching-system\/","og_locale":"de_DE","og_type":"article","og_title":"CNC-Controlled Pneumatic Punching System - Anhui Chensi Machinery Equipment Co., Ltd.","og_description":"Our CNC-Controlled Pneumatic Punching System high-speed, precise force for stamping. Boost your production efficiency with this robust solution..","og_url":"https:\/\/chenesme.com\/de\/produkt\/cnc-controlled-pneumatic-punching-system\/","og_site_name":"Anhui Chensi Machinery Equipment Co., Ltd.","article_modified_time":"2025-10-20T02:53:32+00:00","og_image":[{"width":707,"height":707,"url":"https:\/\/chenesme.com\/wp-content\/uploads\/2025\/10\/Pneumatic-Punching-Press-7-1.png","type":"image\/png"}],"twitter_card":"summary_large_image","twitter_misc":{"Gesch\u00e4tzte Lesezeit":"2\u00a0Minuten"},"schema":{"@context":"https:\/\/schema.org","@graph":[{"@type":"WebPage","@id":"https:\/\/chenesme.com\/product\/cnc-controlled-pneumatic-punching-system\/","url":"https:\/\/chenesme.com\/product\/cnc-controlled-pneumatic-punching-system\/","name":"CNC-Controlled Pneumatic Punching System - Anhui Chensi Machinery Equipment Co., Ltd.","isPartOf":{"@id":"https:\/\/chenesme.com\/#website"},"primaryImageOfPage":{"@id":"https:\/\/chenesme.com\/product\/cnc-controlled-pneumatic-punching-system\/#primaryimage"},"image":{"@id":"https:\/\/chenesme.com\/product\/cnc-controlled-pneumatic-punching-system\/#primaryimage"},"thumbnailUrl":"https:\/\/chenesme.com\/wp-content\/uploads\/2025\/10\/Pneumatic-Punching-Press-7-1.png","datePublished":"2025-10-20T02:15:28+00:00","dateModified":"2025-10-20T02:53:32+00:00","description":"Our CNC-Controlled Pneumatic Punching System high-speed, precise force for stamping. Boost your production efficiency with this robust solution..","breadcrumb":{"@id":"https:\/\/chenesme.com\/product\/cnc-controlled-pneumatic-punching-system\/#breadcrumb"},"inLanguage":"de","potentialAction":[{"@type":"ReadAction","target":["https:\/\/chenesme.com\/product\/cnc-controlled-pneumatic-punching-system\/"]}]},{"@type":"ImageObject","inLanguage":"de","@id":"https:\/\/chenesme.com\/product\/cnc-controlled-pneumatic-punching-system\/#primaryimage","url":"https:\/\/chenesme.com\/wp-content\/uploads\/2025\/10\/Pneumatic-Punching-Press-7-1.png","contentUrl":"https:\/\/chenesme.com\/wp-content\/uploads\/2025\/10\/Pneumatic-Punching-Press-7-1.png","width":707,"height":707},{"@type":"BreadcrumbList","@id":"https:\/\/chenesme.com\/product\/cnc-controlled-pneumatic-punching-system\/#breadcrumb","itemListElement":[{"@type":"ListItem","position":1,"name":"Home","item":"https:\/\/chenesme.com\/"},{"@type":"ListItem","position":2,"name":"Product","item":"https:\/\/chenesme.com\/product\/"},{"@type":"ListItem","position":3,"name":"CNC-Controlled Pneumatic Punching System"}]},{"@type":"WebSite","@id":"https:\/\/chenesme.com\/#website","url":"https:\/\/chenesme.com\/","name":"Anhui Chensi Machinery Equipment Co., Ltd.","description":"Anhui Chensi Machinery Equipment Co., Ltd.","potentialAction":[{"@type":"SearchAction","target":{"@type":"EntryPoint","urlTemplate":"https:\/\/chenesme.com\/?s={search_term_string}"},"query-input":{"@type":"PropertyValueSpecification","valueRequired":true,"valueName":"search_term_string"}}],"inLanguage":"de"}]}},"_links":{"self":[{"href":"https:\/\/chenesme.com\/de\/wp-json\/wp\/v2\/product\/743","targetHints":{"allow":["GET"]}}],"collection":[{"href":"https:\/\/chenesme.com\/de\/wp-json\/wp\/v2\/product"}],"about":[{"href":"https:\/\/chenesme.com\/de\/wp-json\/wp\/v2\/types\/product"}],"version-history":[{"count":3,"href":"https:\/\/chenesme.com\/de\/wp-json\/wp\/v2\/product\/743\/revisions"}],"predecessor-version":[{"id":749,"href":"https:\/\/chenesme.com\/de\/wp-json\/wp\/v2\/product\/743\/revisions\/749"}],"wp:featuredmedia":[{"embeddable":true,"href":"https:\/\/chenesme.com\/de\/wp-json\/wp\/v2\/media\/748"}],"wp:attachment":[{"href":"https:\/\/chenesme.com\/de\/wp-json\/wp\/v2\/media?parent=743"}],"wp:term":[{"taxonomy":"product_brand","embeddable":true,"href":"https:\/\/chenesme.com\/de\/wp-json\/wp\/v2\/product_brand?post=743"},{"taxonomy":"product_cat","embeddable":true,"href":"https:\/\/chenesme.com\/de\/wp-json\/wp\/v2\/product_cat?post=743"},{"taxonomy":"product_tag","embeddable":true,"href":"https:\/\/chenesme.com\/de\/wp-json\/wp\/v2\/product_tag?post=743"}],"curies":[{"name":"wp","href":"https:\/\/api.w.org\/{rel}","templated":true}]}}