{"id":750,"date":"2025-10-20T02:54:42","date_gmt":"2025-10-20T02:54:42","guid":{"rendered":"https:\/\/chenesme.com\/?post_type=product&#038;p=750"},"modified":"2025-10-20T03:16:01","modified_gmt":"2025-10-20T03:16:01","slug":"pneumatic-punching-press-for-sheet-metal-fabrication","status":"publish","type":"product","link":"https:\/\/chenesme.com\/de\/produkt\/pneumatic-punching-press-for-sheet-metal-fabrication\/","title":{"rendered":"Pneumatische Stanzpresse f\u00fcr Blech"},"content":{"rendered":"<h3><strong>Pneumatische Stanzpresse f\u00fcr industrielle Anwendungen<\/strong><\/h3>\n<p><img fetchpriority=\"high\" decoding=\"async\" class=\"wp-image-727 alignleft\" src=\"https:\/\/chenesme.com\/wp-content\/uploads\/2025\/10\/Pneumatic-Punching-Press-3.png\" alt=\"\" width=\"526\" height=\"519\" srcset=\"https:\/\/chenesme.com\/wp-content\/uploads\/2025\/10\/Pneumatic-Punching-Press-3.png 718w, https:\/\/chenesme.com\/wp-content\/uploads\/2025\/10\/Pneumatic-Punching-Press-3-500x494.png 500w, https:\/\/chenesme.com\/wp-content\/uploads\/2025\/10\/Pneumatic-Punching-Press-3-300x296.png 300w, https:\/\/chenesme.com\/wp-content\/uploads\/2025\/10\/Pneumatic-Punching-Press-3-12x12.png 12w, https:\/\/chenesme.com\/wp-content\/uploads\/2025\/10\/Pneumatic-Punching-Press-3-76x75.png 76w, https:\/\/chenesme.com\/wp-content\/uploads\/2025\/10\/Pneumatic-Punching-Press-3-480x474.png 480w\" sizes=\"(max-width:767px) 480px, 526px\" \/><\/p>\n<p>&nbsp;<\/p>\n<p>&nbsp;<\/p>\n<p>&nbsp;<\/p>\n<p>&nbsp;<\/p>\n<p>&nbsp;<\/p>\n<p>&nbsp;<\/p>\n<p>&nbsp;<\/p>\n<p>&nbsp;<\/p>\n<p>&nbsp;<\/p>\n<p>&nbsp;<\/p>\n<p>&nbsp;<\/p>\n<p>&nbsp;<\/p>\n<p>&nbsp;<\/p>\n<p>&nbsp;<\/p>\n<p><b><span data-spm-anchor-id=\"a2700.details-description.0.i0.62fa4Y7x4Y7x0K\">Pneumatische Stanzpresse f\u00fcr Blechbearbeitung \u2013 Preis und Verkauf <\/span>Anwendung: <\/b><\/p>\n<div><span data-spm-anchor-id=\"a2700.details-description.0.i1.62fa4Y7x4Y7x0K\">\u25cfRealisierung verschiedener Kaltumformverfahren wie Stanzen, Lochen, Umformen, Biegen und Flachziehen.<\/span><\/div>\n<div><\/div>\n<div>\u25cf Verwendung findet es in Elektroger\u00e4ten, Fahrzeugen, Traktoren, Bergbaumaschinen, Werkzeugen, im Maschinenbau und anderen Industriezweigen.<\/div>\n<div><\/div>\n<div>\u25cf Die pneumatische Formpresse mit Lochstanze f\u00fcr Metallstanzmaschinen, Preis auf Anfrage, hat einen geschwei\u00dften K\u00f6rper mit guter Steifigkeit und stabilerer Genauigkeit.<\/div>\n<div><\/div>\n<div>\u25cfDie Kurbelwelle ist vertikal angeordnet, was f\u00fcr eine kompakte Bauweise und ein ansprechendes Aussehen sorgt.<\/div>\n<div><\/div>\n<div>\u25cf Die H\u00f6he der Form kann elektrisch verstellt werden, und die H\u00f6henverstellung erfolgt \u00fcber eine digitale Anzeige.<\/div>\n<div><\/div>\n<div>\u25cf Der Gleitblock verwendet eine rechteckige, hexaedrische, l\u00e4ngliche F\u00fchrungsschiene und eine Bronzeauskleidung, die eine hohe F\u00fchrungsgenauigkeit aufweist.<\/div>\n<div><\/div>\n<div>\u25cf Eine Sicherheitsvorrichtung vom Kompressionstyp gew\u00e4hrleistet die Sicherheit der gesamten Maschine im Betrieb.<br \/>\n\u00fcberladen.<\/div>\n<div><\/div>\n<div>\n<p>\u25cf Die H\u00f6he des Schiebers ist mit einem Hubzylinder ausgestattet, um das Gleichgewicht der Schieber-Pleuelstange zu gew\u00e4hrleisten.<\/p>\n<\/div>\n<div><\/div>\n<div><\/div>\n<div><img decoding=\"async\" class=\"wp-image-751 alignleft\" src=\"https:\/\/chenesme.com\/wp-content\/uploads\/2025\/10\/Pneumatic-Punching-Press\uff081\uff09-1.jpg\" alt=\"\" width=\"452\" height=\"804\" srcset=\"https:\/\/chenesme.com\/wp-content\/uploads\/2025\/10\/Pneumatic-Punching-Press\uff081\uff09-1.jpg 562w, https:\/\/chenesme.com\/wp-content\/uploads\/2025\/10\/Pneumatic-Punching-Press\uff081\uff09-1-281x500.jpg 281w, https:\/\/chenesme.com\/wp-content\/uploads\/2025\/10\/Pneumatic-Punching-Press\uff081\uff09-1-169x300.jpg 169w, https:\/\/chenesme.com\/wp-content\/uploads\/2025\/10\/Pneumatic-Punching-Press\uff081\uff09-1-7x12.jpg 7w, https:\/\/chenesme.com\/wp-content\/uploads\/2025\/10\/Pneumatic-Punching-Press\uff081\uff09-1-42x75.jpg 42w, https:\/\/chenesme.com\/wp-content\/uploads\/2025\/10\/Pneumatic-Punching-Press\uff081\uff09-1-480x854.jpg 480w\" sizes=\"(max-width:767px) 452px, 452px\" \/><\/div>\n<div><\/div>\n<div><\/div>\n<div><\/div>\n<div><\/div>\n<div><\/div>\n<div><\/div>\n<div><\/div>\n<div><\/div>\n<div><\/div>\n<div><\/div>\n<div><\/div>\n<div><\/div>\n<div><\/div>\n<div><\/div>\n<div><\/div>\n<div><\/div>\n<div><\/div>\n<div><\/div>\n<div><\/div>\n<div><\/div>\n<div><\/div>\n<div><\/div>\n<div><\/div>\n<div><\/div>\n<div><\/div>\n<div><\/div>\n<div><\/div>\n<div><\/div>\n<div><\/div>\n<div><\/div>\n<div><\/div>\n<div><\/div>\n<div><\/div>\n<div><b>Merkmale <\/b><\/div>\n<div>\u25cf Die pneumatische Stanzpresse f\u00fcr Blechbearbeitung kann zentimetergenau bewegt werden, und die Bewegung kann im Notfall gestoppt werden, was die Bedienung sicherer macht.<\/div>\n<div>\u25cf Die Stra\u00dfe verf\u00fcgt \u00fcber eine Doppelventilsteuerung, die feinf\u00fchlig arbeitet und die Sicherheitsstandards von Pressen erf\u00fcllt.<\/div>","protected":false},"excerpt":{"rendered":"<p>CNC-Pneumatik-Stanzmaschinen sind auf maximale Produktion ausgelegt. Schnelle Zykluszeiten erm\u00f6glichen einen Dauerbetrieb. Dies erh\u00f6ht die Leistung und reduziert die St\u00fcckzeit, wodurch sie ideal f\u00fcr die Gro\u00dfserienproduktion sind. Hohe Geschwindigkeiten sorgen f\u00fcr minimale Verz\u00f6gerungen zwischen den Arbeitsg\u00e4ngen und steigern so die Gesamteffizienz. Sie zeichnen sich durch hohe Effizienz, Geschwindigkeit und geringen Wartungsaufwand aus.<\/p>","protected":false},"featured_media":752,"template":"","meta":{"_joinchat":[]},"product_brand":[],"product_cat":[21],"product_tag":[],"class_list":{"0":"post-750","1":"product","2":"type-product","3":"status-publish","4":"has-post-thumbnail","6":"product_cat-pneumatic-punching-machine","8":"first","9":"instock","10":"shipping-taxable","11":"product-type-external"},"yoast_head":"<!-- This site is optimized with the Yoast SEO plugin v25.6 - https:\/\/yoast.com\/wordpress\/plugins\/seo\/ -->\n<title>Pneumatic Punching Press for Sheet Metal - Anhui Chensi Machinery Equipment Co., Ltd.<\/title>\n<meta name=\"description\" content=\"Our Pneumatic Punching Press for Sheet Metal , precise force for stamping and assembly. Boost your production efficiency with this robust solution.\" \/>\n<meta name=\"robots\" content=\"index, follow, max-snippet:-1, max-image-preview:large, max-video-preview:-1\" \/>\n<link rel=\"canonical\" href=\"https:\/\/chenesme.com\/de\/produkt\/pneumatic-punching-press-for-sheet-metal-fabrication\/\" \/>\n<meta property=\"og:locale\" content=\"de_DE\" \/>\n<meta property=\"og:type\" content=\"article\" \/>\n<meta property=\"og:title\" content=\"Pneumatic Punching Press for Sheet Metal - Anhui Chensi Machinery Equipment Co., Ltd.\" \/>\n<meta property=\"og:description\" content=\"Our Pneumatic Punching Press for Sheet Metal , precise force for stamping and assembly. Boost your production efficiency with this robust solution.\" \/>\n<meta property=\"og:url\" content=\"https:\/\/chenesme.com\/de\/produkt\/pneumatic-punching-press-for-sheet-metal-fabrication\/\" \/>\n<meta property=\"og:site_name\" content=\"Anhui Chensi Machinery Equipment Co., Ltd.\" \/>\n<meta property=\"article:modified_time\" content=\"2025-10-20T03:16:01+00:00\" \/>\n<meta property=\"og:image\" content=\"https:\/\/chenesme.com\/wp-content\/uploads\/2025\/10\/Pneumatic-Punching-Press-3-1.png\" \/>\n\t<meta property=\"og:image:width\" content=\"718\" \/>\n\t<meta property=\"og:image:height\" content=\"709\" \/>\n\t<meta property=\"og:image:type\" content=\"image\/png\" \/>\n<meta name=\"twitter:card\" content=\"summary_large_image\" \/>\n<meta name=\"twitter:label1\" content=\"Gesch\u00e4tzte Lesezeit\" \/>\n\t<meta name=\"twitter:data1\" content=\"2\u00a0Minuten\" \/>\n<script type=\"application\/ld+json\" class=\"yoast-schema-graph\">{\"@context\":\"https:\/\/schema.org\",\"@graph\":[{\"@type\":\"WebPage\",\"@id\":\"https:\/\/chenesme.com\/product\/pneumatic-punching-press-for-sheet-metal-fabrication\/\",\"url\":\"https:\/\/chenesme.com\/product\/pneumatic-punching-press-for-sheet-metal-fabrication\/\",\"name\":\"Pneumatic Punching Press for Sheet Metal - Anhui Chensi Machinery Equipment Co., Ltd.\",\"isPartOf\":{\"@id\":\"https:\/\/chenesme.com\/#website\"},\"primaryImageOfPage\":{\"@id\":\"https:\/\/chenesme.com\/product\/pneumatic-punching-press-for-sheet-metal-fabrication\/#primaryimage\"},\"image\":{\"@id\":\"https:\/\/chenesme.com\/product\/pneumatic-punching-press-for-sheet-metal-fabrication\/#primaryimage\"},\"thumbnailUrl\":\"https:\/\/chenesme.com\/wp-content\/uploads\/2025\/10\/Pneumatic-Punching-Press-3-1.png\",\"datePublished\":\"2025-10-20T02:54:42+00:00\",\"dateModified\":\"2025-10-20T03:16:01+00:00\",\"description\":\"Our Pneumatic Punching Press for Sheet Metal , precise force for stamping and assembly. Boost your production efficiency with this robust solution.\",\"breadcrumb\":{\"@id\":\"https:\/\/chenesme.com\/product\/pneumatic-punching-press-for-sheet-metal-fabrication\/#breadcrumb\"},\"inLanguage\":\"de\",\"potentialAction\":[{\"@type\":\"ReadAction\",\"target\":[\"https:\/\/chenesme.com\/product\/pneumatic-punching-press-for-sheet-metal-fabrication\/\"]}]},{\"@type\":\"ImageObject\",\"inLanguage\":\"de\",\"@id\":\"https:\/\/chenesme.com\/product\/pneumatic-punching-press-for-sheet-metal-fabrication\/#primaryimage\",\"url\":\"https:\/\/chenesme.com\/wp-content\/uploads\/2025\/10\/Pneumatic-Punching-Press-3-1.png\",\"contentUrl\":\"https:\/\/chenesme.com\/wp-content\/uploads\/2025\/10\/Pneumatic-Punching-Press-3-1.png\",\"width\":718,\"height\":709},{\"@type\":\"BreadcrumbList\",\"@id\":\"https:\/\/chenesme.com\/product\/pneumatic-punching-press-for-sheet-metal-fabrication\/#breadcrumb\",\"itemListElement\":[{\"@type\":\"ListItem\",\"position\":1,\"name\":\"Home\",\"item\":\"https:\/\/chenesme.com\/\"},{\"@type\":\"ListItem\",\"position\":2,\"name\":\"Product\",\"item\":\"https:\/\/chenesme.com\/product\/\"},{\"@type\":\"ListItem\",\"position\":3,\"name\":\"Pneumatic Punching Press for Sheet Metal\"}]},{\"@type\":\"WebSite\",\"@id\":\"https:\/\/chenesme.com\/#website\",\"url\":\"https:\/\/chenesme.com\/\",\"name\":\"Anhui Chensi Machinery Equipment Co., Ltd.\",\"description\":\"Anhui Chensi Machinery Equipment Co., Ltd.\",\"potentialAction\":[{\"@type\":\"SearchAction\",\"target\":{\"@type\":\"EntryPoint\",\"urlTemplate\":\"https:\/\/chenesme.com\/?s={search_term_string}\"},\"query-input\":{\"@type\":\"PropertyValueSpecification\",\"valueRequired\":true,\"valueName\":\"search_term_string\"}}],\"inLanguage\":\"de\"}]}<\/script>\n<!-- \/ Yoast SEO plugin. -->","yoast_head_json":{"title":"Pneumatic Punching Press for Sheet Metal - Anhui Chensi Machinery Equipment Co., Ltd.","description":"Our Pneumatic Punching Press for Sheet Metal , precise force for stamping and assembly. Boost your production efficiency with this robust solution.","robots":{"index":"index","follow":"follow","max-snippet":"max-snippet:-1","max-image-preview":"max-image-preview:large","max-video-preview":"max-video-preview:-1"},"canonical":"https:\/\/chenesme.com\/de\/produkt\/pneumatic-punching-press-for-sheet-metal-fabrication\/","og_locale":"de_DE","og_type":"article","og_title":"Pneumatic Punching Press for Sheet Metal - Anhui Chensi Machinery Equipment Co., Ltd.","og_description":"Our Pneumatic Punching Press for Sheet Metal , precise force for stamping and assembly. Boost your production efficiency with this robust solution.","og_url":"https:\/\/chenesme.com\/de\/produkt\/pneumatic-punching-press-for-sheet-metal-fabrication\/","og_site_name":"Anhui Chensi Machinery Equipment Co., Ltd.","article_modified_time":"2025-10-20T03:16:01+00:00","og_image":[{"width":718,"height":709,"url":"https:\/\/chenesme.com\/wp-content\/uploads\/2025\/10\/Pneumatic-Punching-Press-3-1.png","type":"image\/png"}],"twitter_card":"summary_large_image","twitter_misc":{"Gesch\u00e4tzte Lesezeit":"2\u00a0Minuten"},"schema":{"@context":"https:\/\/schema.org","@graph":[{"@type":"WebPage","@id":"https:\/\/chenesme.com\/product\/pneumatic-punching-press-for-sheet-metal-fabrication\/","url":"https:\/\/chenesme.com\/product\/pneumatic-punching-press-for-sheet-metal-fabrication\/","name":"Pneumatic Punching Press for Sheet Metal - Anhui Chensi Machinery Equipment Co., Ltd.","isPartOf":{"@id":"https:\/\/chenesme.com\/#website"},"primaryImageOfPage":{"@id":"https:\/\/chenesme.com\/product\/pneumatic-punching-press-for-sheet-metal-fabrication\/#primaryimage"},"image":{"@id":"https:\/\/chenesme.com\/product\/pneumatic-punching-press-for-sheet-metal-fabrication\/#primaryimage"},"thumbnailUrl":"https:\/\/chenesme.com\/wp-content\/uploads\/2025\/10\/Pneumatic-Punching-Press-3-1.png","datePublished":"2025-10-20T02:54:42+00:00","dateModified":"2025-10-20T03:16:01+00:00","description":"Our Pneumatic Punching Press for Sheet Metal , precise force for stamping and assembly. Boost your production efficiency with this robust solution.","breadcrumb":{"@id":"https:\/\/chenesme.com\/product\/pneumatic-punching-press-for-sheet-metal-fabrication\/#breadcrumb"},"inLanguage":"de","potentialAction":[{"@type":"ReadAction","target":["https:\/\/chenesme.com\/product\/pneumatic-punching-press-for-sheet-metal-fabrication\/"]}]},{"@type":"ImageObject","inLanguage":"de","@id":"https:\/\/chenesme.com\/product\/pneumatic-punching-press-for-sheet-metal-fabrication\/#primaryimage","url":"https:\/\/chenesme.com\/wp-content\/uploads\/2025\/10\/Pneumatic-Punching-Press-3-1.png","contentUrl":"https:\/\/chenesme.com\/wp-content\/uploads\/2025\/10\/Pneumatic-Punching-Press-3-1.png","width":718,"height":709},{"@type":"BreadcrumbList","@id":"https:\/\/chenesme.com\/product\/pneumatic-punching-press-for-sheet-metal-fabrication\/#breadcrumb","itemListElement":[{"@type":"ListItem","position":1,"name":"Home","item":"https:\/\/chenesme.com\/"},{"@type":"ListItem","position":2,"name":"Product","item":"https:\/\/chenesme.com\/product\/"},{"@type":"ListItem","position":3,"name":"Pneumatic Punching Press for Sheet Metal"}]},{"@type":"WebSite","@id":"https:\/\/chenesme.com\/#website","url":"https:\/\/chenesme.com\/","name":"Anhui Chensi Machinery Equipment Co., Ltd.","description":"Anhui Chensi Machinery Equipment Co., Ltd.","potentialAction":[{"@type":"SearchAction","target":{"@type":"EntryPoint","urlTemplate":"https:\/\/chenesme.com\/?s={search_term_string}"},"query-input":{"@type":"PropertyValueSpecification","valueRequired":true,"valueName":"search_term_string"}}],"inLanguage":"de"}]}},"_links":{"self":[{"href":"https:\/\/chenesme.com\/de\/wp-json\/wp\/v2\/product\/750","targetHints":{"allow":["GET"]}}],"collection":[{"href":"https:\/\/chenesme.com\/de\/wp-json\/wp\/v2\/product"}],"about":[{"href":"https:\/\/chenesme.com\/de\/wp-json\/wp\/v2\/types\/product"}],"version-history":[{"count":2,"href":"https:\/\/chenesme.com\/de\/wp-json\/wp\/v2\/product\/750\/revisions"}],"predecessor-version":[{"id":754,"href":"https:\/\/chenesme.com\/de\/wp-json\/wp\/v2\/product\/750\/revisions\/754"}],"wp:featuredmedia":[{"embeddable":true,"href":"https:\/\/chenesme.com\/de\/wp-json\/wp\/v2\/media\/752"}],"wp:attachment":[{"href":"https:\/\/chenesme.com\/de\/wp-json\/wp\/v2\/media?parent=750"}],"wp:term":[{"taxonomy":"product_brand","embeddable":true,"href":"https:\/\/chenesme.com\/de\/wp-json\/wp\/v2\/product_brand?post=750"},{"taxonomy":"product_cat","embeddable":true,"href":"https:\/\/chenesme.com\/de\/wp-json\/wp\/v2\/product_cat?post=750"},{"taxonomy":"product_tag","embeddable":true,"href":"https:\/\/chenesme.com\/de\/wp-json\/wp\/v2\/product_tag?post=750"}],"curies":[{"name":"wp","href":"https:\/\/api.w.org\/{rel}","templated":true}]}}