{"id":760,"date":"2025-10-20T07:02:48","date_gmt":"2025-10-20T07:02:48","guid":{"rendered":"https:\/\/chenesme.com\/?post_type=product&#038;p=760"},"modified":"2025-10-22T06:42:35","modified_gmt":"2025-10-22T06:42:35","slug":"precision-air-power-press","status":"publish","type":"product","link":"https:\/\/chenesme.com\/de\/produkt\/precision-air-power-press\/","title":{"rendered":"Luftkraftpresse"},"content":{"rendered":"<h3><strong>Effiziente luftbetriebene Presse zum Metallstanzen<\/strong><\/h3>\n<p>Die Pr\u00e4zisions-Druckluftpresse bietet \u00fcberlegene Kontrolle, konstante Kraft und sauberen Betrieb f\u00fcr Ihre anspruchsvollsten Stanz-, Ausstanz- und Umformaufgaben. Erzielen Sie hohe Wiederholgenauigkeit und steigern Sie Ihre Produktivit\u00e4t. Entdecken Sie die ideale L\u00f6sung f\u00fcr Ihre Fertigungslinie.<\/p>\n<p><img fetchpriority=\"high\" decoding=\"async\" class=\"size-full wp-image-828 alignleft\" src=\"https:\/\/chenesme.com\/wp-content\/uploads\/2025\/10\/Pneumatic-Punching-Press-4-1.png\" alt=\"\" width=\"699\" height=\"711\" srcset=\"https:\/\/chenesme.com\/wp-content\/uploads\/2025\/10\/Pneumatic-Punching-Press-4-1.png 699w, https:\/\/chenesme.com\/wp-content\/uploads\/2025\/10\/Pneumatic-Punching-Press-4-1-492x500.png 492w, https:\/\/chenesme.com\/wp-content\/uploads\/2025\/10\/Pneumatic-Punching-Press-4-1-295x300.png 295w, https:\/\/chenesme.com\/wp-content\/uploads\/2025\/10\/Pneumatic-Punching-Press-4-1-12x12.png 12w, https:\/\/chenesme.com\/wp-content\/uploads\/2025\/10\/Pneumatic-Punching-Press-4-1-74x75.png 74w, https:\/\/chenesme.com\/wp-content\/uploads\/2025\/10\/Pneumatic-Punching-Press-4-1-480x488.png 480w\" sizes=\"(max-width:767px) 480px, 699px\" \/><\/p>\n<p>&nbsp;<\/p>\n<p>&nbsp;<\/p>\n<p>&nbsp;<\/p>\n<p>&nbsp;<\/p>\n<p>&nbsp;<\/p>\n<p>&nbsp;<\/p>\n<p>&nbsp;<\/p>\n<p>&nbsp;<\/p>\n<p>&nbsp;<\/p>\n<p>&nbsp;<\/p>\n<p>&nbsp;<\/p>\n<p>&nbsp;<\/p>\n<p>&nbsp;<\/p>\n<p>&nbsp;<\/p>\n<p>&nbsp;<\/p>\n<p>&nbsp;<\/p>\n<p>&nbsp;<\/p>\n<p>&nbsp;<\/p>\n<p>&nbsp;<\/p>\n<p>&nbsp;<\/p>\n<p><b><span data-spm-anchor-id=\"a2700.details-description.0.i0.62fa4Y7x4Y7x0K\"><strong>Luftkraftpresse <\/strong>Lochstanze f\u00fcr Metallstanzmaschinen \u2013 Preis im Angebot <\/span>Anwendung: <\/b><\/p>\n<div><span data-spm-anchor-id=\"a2700.details-description.0.i1.62fa4Y7x4Y7x0K\">\u25cfRealisierung verschiedener Kaltumformverfahren wie Stanzen, Lochen, Umformen, Biegen und Flachziehen.<\/span><\/div>\n<div><\/div>\n<div>\u25cf Verwendung findet es in Elektroger\u00e4ten, Fahrzeugen, Traktoren, Bergbaumaschinen, Werkzeugen, im Maschinenbau und anderen Industriezweigen.<\/div>\n<div><\/div>\n<div>\u25cf Die pneumatische Formpresse mit Lochstanze f\u00fcr Metallstanzmaschinen, Preis auf Anfrage, hat einen geschwei\u00dften K\u00f6rper mit guter Steifigkeit und stabilerer Genauigkeit.<\/div>\n<div><\/div>\n<div>\u25cfDie Kurbelwelle ist vertikal angeordnet, was f\u00fcr eine kompakte Bauweise und ein ansprechendes Aussehen sorgt.<\/div>\n<div><\/div>\n<div>\u25cf Die H\u00f6he der Form kann elektrisch verstellt werden, und die H\u00f6henverstellung erfolgt \u00fcber eine digitale Anzeige.<\/div>\n<div><\/div>\n<div>\u25cf Der Gleitblock verwendet eine rechteckige, hexaedrische, l\u00e4ngliche F\u00fchrungsschiene und eine Bronzeauskleidung, die eine hohe F\u00fchrungsgenauigkeit aufweist.<\/div>\n<div><\/div>\n<div>\u25cf Eine Sicherheitsvorrichtung vom Kompressionstyp gew\u00e4hrleistet die Sicherheit der gesamten Maschine im Betrieb.<br \/>\n\u00fcberladen.<\/div>\n<div><\/div>\n<div>\u25cf Die H\u00f6he des Schiebers ist mit einem Hubzylinder ausgestattet, um das Gleichgewicht der Schieber-Pleuelstange zu gew\u00e4hrleisten.<\/p>\n<\/div>\n<div><\/div>\n<div><\/div>\n<div><img decoding=\"async\" class=\"wp-image-758 alignleft\" src=\"https:\/\/chenesme.com\/wp-content\/uploads\/2025\/10\/punch.jpg\" alt=\"\" width=\"709\" height=\"399\" srcset=\"https:\/\/chenesme.com\/wp-content\/uploads\/2025\/10\/punch.jpg 1000w, https:\/\/chenesme.com\/wp-content\/uploads\/2025\/10\/punch-500x282.jpg 500w, https:\/\/chenesme.com\/wp-content\/uploads\/2025\/10\/punch-300x169.jpg 300w, https:\/\/chenesme.com\/wp-content\/uploads\/2025\/10\/punch-768x432.jpg 768w, https:\/\/chenesme.com\/wp-content\/uploads\/2025\/10\/punch-18x10.jpg 18w, https:\/\/chenesme.com\/wp-content\/uploads\/2025\/10\/punch-133x75.jpg 133w, https:\/\/chenesme.com\/wp-content\/uploads\/2025\/10\/punch-480x270.jpg 480w, https:\/\/chenesme.com\/wp-content\/uploads\/2025\/10\/punch-800x450.jpg 800w\" sizes=\"(max-width:767px) 480px, 709px\" \/><\/div>\n<div><\/div>\n<div><\/div>\n<div><\/div>\n<div><\/div>\n<div><\/div>\n<div><\/div>\n<div><\/div>\n<div><\/div>\n<div><\/div>\n<div><\/div>\n<div><\/div>\n<div><\/div>\n<div><\/div>\n<div><\/div>\n<div><\/div>\n<div><\/div>\n<div><\/div>\n<div><\/div>\n<div><\/div>\n<div><\/div>\n<div><b>Merkmale <\/b><\/div>\n<div>\u25cf Die Lochstanze der Air Power Press f\u00fcr Metallstanzmaschinen kann zentimetergenau bewegt werden, und die Bewegung kann abrupt gestoppt werden, was die Bedienung sicherer macht.<\/div>\n<div>\u25cf Die Stra\u00dfe verf\u00fcgt \u00fcber eine Doppelventilsteuerung, die feinf\u00fchlig arbeitet und die Sicherheitsstandards von Pressen erf\u00fcllt.<\/div>","protected":false},"excerpt":{"rendered":"<p>CNC-Pneumatik-Stanzmaschinen sind auf maximale Produktion ausgelegt. Schnelle Zykluszeiten erm\u00f6glichen einen Dauerbetrieb. Dies erh\u00f6ht die Leistung und reduziert die St\u00fcckzeit, wodurch sie ideal f\u00fcr die Gro\u00dfserienproduktion sind. Hohe Geschwindigkeiten sorgen f\u00fcr minimale Verz\u00f6gerungen zwischen den Arbeitsg\u00e4ngen und steigern so die Gesamteffizienz. Sie zeichnen sich durch hohe Effizienz, Geschwindigkeit und geringen Wartungsaufwand aus.<\/p>","protected":false},"featured_media":828,"template":"","meta":{"_joinchat":[]},"product_brand":[],"product_cat":[21],"product_tag":[],"class_list":{"0":"post-760","1":"product","2":"type-product","3":"status-publish","4":"has-post-thumbnail","6":"product_cat-pneumatic-punching-machine","8":"first","9":"instock","10":"shipping-taxable","11":"product-type-external"},"yoast_head":"<!-- This site is optimized with the Yoast SEO plugin v25.6 - https:\/\/yoast.com\/wordpress\/plugins\/seo\/ -->\n<title>Air Power Press - Anhui Chensi Machinery Equipment Co., Ltd.<\/title>\n<meta name=\"description\" content=\"The Air Power Press,For precision stamping, forming &amp; assembly. Affordable, reliable solutions.Precision control &amp; repeatability for manufacturing.\" \/>\n<meta name=\"robots\" content=\"index, follow, max-snippet:-1, max-image-preview:large, max-video-preview:-1\" \/>\n<link rel=\"canonical\" href=\"https:\/\/chenesme.com\/de\/produkt\/precision-air-power-press\/\" \/>\n<meta property=\"og:locale\" content=\"de_DE\" \/>\n<meta property=\"og:type\" content=\"article\" \/>\n<meta property=\"og:title\" content=\"Air Power Press - Anhui Chensi Machinery Equipment Co., Ltd.\" \/>\n<meta property=\"og:description\" content=\"The Air Power Press,For precision stamping, forming &amp; assembly. Affordable, reliable solutions.Precision control &amp; repeatability for manufacturing.\" \/>\n<meta property=\"og:url\" content=\"https:\/\/chenesme.com\/de\/produkt\/precision-air-power-press\/\" \/>\n<meta property=\"og:site_name\" content=\"Anhui Chensi Machinery Equipment Co., Ltd.\" \/>\n<meta property=\"article:modified_time\" content=\"2025-10-22T06:42:35+00:00\" \/>\n<meta property=\"og:image\" content=\"https:\/\/chenesme.com\/wp-content\/uploads\/2025\/10\/Pneumatic-Punching-Press-4-1.png\" \/>\n\t<meta property=\"og:image:width\" content=\"699\" \/>\n\t<meta property=\"og:image:height\" content=\"711\" \/>\n\t<meta property=\"og:image:type\" content=\"image\/png\" \/>\n<meta name=\"twitter:card\" content=\"summary_large_image\" \/>\n<meta name=\"twitter:label1\" content=\"Gesch\u00e4tzte Lesezeit\" \/>\n\t<meta name=\"twitter:data1\" content=\"2\u00a0Minuten\" \/>\n<script type=\"application\/ld+json\" class=\"yoast-schema-graph\">{\"@context\":\"https:\/\/schema.org\",\"@graph\":[{\"@type\":\"WebPage\",\"@id\":\"https:\/\/chenesme.com\/product\/precision-air-power-press\/\",\"url\":\"https:\/\/chenesme.com\/product\/precision-air-power-press\/\",\"name\":\"Air Power Press - Anhui Chensi Machinery Equipment Co., Ltd.\",\"isPartOf\":{\"@id\":\"https:\/\/chenesme.com\/#website\"},\"primaryImageOfPage\":{\"@id\":\"https:\/\/chenesme.com\/product\/precision-air-power-press\/#primaryimage\"},\"image\":{\"@id\":\"https:\/\/chenesme.com\/product\/precision-air-power-press\/#primaryimage\"},\"thumbnailUrl\":\"https:\/\/chenesme.com\/wp-content\/uploads\/2025\/10\/Pneumatic-Punching-Press-4-1.png\",\"datePublished\":\"2025-10-20T07:02:48+00:00\",\"dateModified\":\"2025-10-22T06:42:35+00:00\",\"description\":\"The Air Power Press,For precision stamping, forming & assembly. Affordable, reliable solutions.Precision control & repeatability for manufacturing.\",\"breadcrumb\":{\"@id\":\"https:\/\/chenesme.com\/product\/precision-air-power-press\/#breadcrumb\"},\"inLanguage\":\"de\",\"potentialAction\":[{\"@type\":\"ReadAction\",\"target\":[\"https:\/\/chenesme.com\/product\/precision-air-power-press\/\"]}]},{\"@type\":\"ImageObject\",\"inLanguage\":\"de\",\"@id\":\"https:\/\/chenesme.com\/product\/precision-air-power-press\/#primaryimage\",\"url\":\"https:\/\/chenesme.com\/wp-content\/uploads\/2025\/10\/Pneumatic-Punching-Press-4-1.png\",\"contentUrl\":\"https:\/\/chenesme.com\/wp-content\/uploads\/2025\/10\/Pneumatic-Punching-Press-4-1.png\",\"width\":699,\"height\":711},{\"@type\":\"BreadcrumbList\",\"@id\":\"https:\/\/chenesme.com\/product\/precision-air-power-press\/#breadcrumb\",\"itemListElement\":[{\"@type\":\"ListItem\",\"position\":1,\"name\":\"Home\",\"item\":\"https:\/\/chenesme.com\/\"},{\"@type\":\"ListItem\",\"position\":2,\"name\":\"Product\",\"item\":\"https:\/\/chenesme.com\/product\/\"},{\"@type\":\"ListItem\",\"position\":3,\"name\":\"Air Power Press\"}]},{\"@type\":\"WebSite\",\"@id\":\"https:\/\/chenesme.com\/#website\",\"url\":\"https:\/\/chenesme.com\/\",\"name\":\"Anhui Chensi Machinery Equipment Co., Ltd.\",\"description\":\"Anhui Chensi Machinery Equipment Co., Ltd.\",\"potentialAction\":[{\"@type\":\"SearchAction\",\"target\":{\"@type\":\"EntryPoint\",\"urlTemplate\":\"https:\/\/chenesme.com\/?s={search_term_string}\"},\"query-input\":{\"@type\":\"PropertyValueSpecification\",\"valueRequired\":true,\"valueName\":\"search_term_string\"}}],\"inLanguage\":\"de\"}]}<\/script>\n<!-- \/ Yoast SEO plugin. -->","yoast_head_json":{"title":"Air Power Press - Anhui Chensi Machinery Equipment Co., Ltd.","description":"The Air Power Press,For precision stamping, forming & assembly. Affordable, reliable solutions.Precision control & repeatability for manufacturing.","robots":{"index":"index","follow":"follow","max-snippet":"max-snippet:-1","max-image-preview":"max-image-preview:large","max-video-preview":"max-video-preview:-1"},"canonical":"https:\/\/chenesme.com\/de\/produkt\/precision-air-power-press\/","og_locale":"de_DE","og_type":"article","og_title":"Air Power Press - Anhui Chensi Machinery Equipment Co., Ltd.","og_description":"The Air Power Press,For precision stamping, forming & assembly. Affordable, reliable solutions.Precision control & repeatability for manufacturing.","og_url":"https:\/\/chenesme.com\/de\/produkt\/precision-air-power-press\/","og_site_name":"Anhui Chensi Machinery Equipment Co., Ltd.","article_modified_time":"2025-10-22T06:42:35+00:00","og_image":[{"width":699,"height":711,"url":"https:\/\/chenesme.com\/wp-content\/uploads\/2025\/10\/Pneumatic-Punching-Press-4-1.png","type":"image\/png"}],"twitter_card":"summary_large_image","twitter_misc":{"Gesch\u00e4tzte Lesezeit":"2\u00a0Minuten"},"schema":{"@context":"https:\/\/schema.org","@graph":[{"@type":"WebPage","@id":"https:\/\/chenesme.com\/product\/precision-air-power-press\/","url":"https:\/\/chenesme.com\/product\/precision-air-power-press\/","name":"Air Power Press - Anhui Chensi Machinery Equipment Co., Ltd.","isPartOf":{"@id":"https:\/\/chenesme.com\/#website"},"primaryImageOfPage":{"@id":"https:\/\/chenesme.com\/product\/precision-air-power-press\/#primaryimage"},"image":{"@id":"https:\/\/chenesme.com\/product\/precision-air-power-press\/#primaryimage"},"thumbnailUrl":"https:\/\/chenesme.com\/wp-content\/uploads\/2025\/10\/Pneumatic-Punching-Press-4-1.png","datePublished":"2025-10-20T07:02:48+00:00","dateModified":"2025-10-22T06:42:35+00:00","description":"The Air Power Press,For precision stamping, forming & assembly. Affordable, reliable solutions.Precision control & repeatability for manufacturing.","breadcrumb":{"@id":"https:\/\/chenesme.com\/product\/precision-air-power-press\/#breadcrumb"},"inLanguage":"de","potentialAction":[{"@type":"ReadAction","target":["https:\/\/chenesme.com\/product\/precision-air-power-press\/"]}]},{"@type":"ImageObject","inLanguage":"de","@id":"https:\/\/chenesme.com\/product\/precision-air-power-press\/#primaryimage","url":"https:\/\/chenesme.com\/wp-content\/uploads\/2025\/10\/Pneumatic-Punching-Press-4-1.png","contentUrl":"https:\/\/chenesme.com\/wp-content\/uploads\/2025\/10\/Pneumatic-Punching-Press-4-1.png","width":699,"height":711},{"@type":"BreadcrumbList","@id":"https:\/\/chenesme.com\/product\/precision-air-power-press\/#breadcrumb","itemListElement":[{"@type":"ListItem","position":1,"name":"Home","item":"https:\/\/chenesme.com\/"},{"@type":"ListItem","position":2,"name":"Product","item":"https:\/\/chenesme.com\/product\/"},{"@type":"ListItem","position":3,"name":"Air Power Press"}]},{"@type":"WebSite","@id":"https:\/\/chenesme.com\/#website","url":"https:\/\/chenesme.com\/","name":"Anhui Chensi Machinery Equipment Co., Ltd.","description":"Anhui Chensi Machinery Equipment Co., Ltd.","potentialAction":[{"@type":"SearchAction","target":{"@type":"EntryPoint","urlTemplate":"https:\/\/chenesme.com\/?s={search_term_string}"},"query-input":{"@type":"PropertyValueSpecification","valueRequired":true,"valueName":"search_term_string"}}],"inLanguage":"de"}]}},"_links":{"self":[{"href":"https:\/\/chenesme.com\/de\/wp-json\/wp\/v2\/product\/760","targetHints":{"allow":["GET"]}}],"collection":[{"href":"https:\/\/chenesme.com\/de\/wp-json\/wp\/v2\/product"}],"about":[{"href":"https:\/\/chenesme.com\/de\/wp-json\/wp\/v2\/types\/product"}],"version-history":[{"count":1,"href":"https:\/\/chenesme.com\/de\/wp-json\/wp\/v2\/product\/760\/revisions"}],"predecessor-version":[{"id":829,"href":"https:\/\/chenesme.com\/de\/wp-json\/wp\/v2\/product\/760\/revisions\/829"}],"wp:featuredmedia":[{"embeddable":true,"href":"https:\/\/chenesme.com\/de\/wp-json\/wp\/v2\/media\/828"}],"wp:attachment":[{"href":"https:\/\/chenesme.com\/de\/wp-json\/wp\/v2\/media?parent=760"}],"wp:term":[{"taxonomy":"product_brand","embeddable":true,"href":"https:\/\/chenesme.com\/de\/wp-json\/wp\/v2\/product_brand?post=760"},{"taxonomy":"product_cat","embeddable":true,"href":"https:\/\/chenesme.com\/de\/wp-json\/wp\/v2\/product_cat?post=760"},{"taxonomy":"product_tag","embeddable":true,"href":"https:\/\/chenesme.com\/de\/wp-json\/wp\/v2\/product_tag?post=760"}],"curies":[{"name":"wp","href":"https:\/\/api.w.org\/{rel}","templated":true}]}}