{"id":834,"date":"2025-10-22T08:49:51","date_gmt":"2025-10-22T08:49:51","guid":{"rendered":"https:\/\/chenesme.com\/?post_type=product&#038;p=834"},"modified":"2025-10-23T02:50:16","modified_gmt":"2025-10-23T02:50:16","slug":"pneumatic-punch-press","status":"publish","type":"product","link":"https:\/\/chenesme.com\/de\/produkt\/pneumatic-punch-press\/","title":{"rendered":"Pr\u00e4zise pneumatische Presse f\u00fcr elektronische Komponenten"},"content":{"rendered":"<h3><strong>Hochgeschwindigkeits-Pneumatik-Stanzpresse<\/strong><\/h3>\n<p>Pr\u00e4zisions-Druckluftpresse f\u00fcr Elektronikbauteile, automatisierungsf\u00e4hige pneumatische Stanzpresse: Diese Pr\u00e4zisions-Druckluftpresse bietet \u00fcberlegene Kontrolle, konstante Kraft und sauberen Betrieb f\u00fcr Ihre anspruchsvollsten Stanz-, Ausstanz- und Umformaufgaben. Erzielen Sie hohe Wiederholgenauigkeit und steigern Sie Ihre Produktivit\u00e4t. Entdecken Sie die ideale L\u00f6sung f\u00fcr Ihre Montagelinie.<\/p>\n<p><img fetchpriority=\"high\" decoding=\"async\" class=\"wp-image-842 alignleft\" src=\"https:\/\/chenesme.com\/wp-content\/uploads\/2025\/10\/JH21-315.jpg\" alt=\"\" width=\"501\" height=\"668\" srcset=\"https:\/\/chenesme.com\/wp-content\/uploads\/2025\/10\/JH21-315.jpg 1773w, https:\/\/chenesme.com\/wp-content\/uploads\/2025\/10\/JH21-315-375x500.jpg 375w, https:\/\/chenesme.com\/wp-content\/uploads\/2025\/10\/JH21-315-900x1200.jpg 900w, https:\/\/chenesme.com\/wp-content\/uploads\/2025\/10\/JH21-315-225x300.jpg 225w, https:\/\/chenesme.com\/wp-content\/uploads\/2025\/10\/JH21-315-768x1024.jpg 768w, https:\/\/chenesme.com\/wp-content\/uploads\/2025\/10\/JH21-315-1152x1536.jpg 1152w, https:\/\/chenesme.com\/wp-content\/uploads\/2025\/10\/JH21-315-1536x2048.jpg 1536w, https:\/\/chenesme.com\/wp-content\/uploads\/2025\/10\/JH21-315-9x12.jpg 9w, https:\/\/chenesme.com\/wp-content\/uploads\/2025\/10\/JH21-315-56x75.jpg 56w, https:\/\/chenesme.com\/wp-content\/uploads\/2025\/10\/JH21-315-480x640.jpg 480w, https:\/\/chenesme.com\/wp-content\/uploads\/2025\/10\/JH21-315-800x1067.jpg 800w\" sizes=\"(max-width:767px) 480px, 501px\" \/><\/p>\n<p>&nbsp;<\/p>\n<p>&nbsp;<\/p>\n<p>&nbsp;<\/p>\n<p>&nbsp;<\/p>\n<p>&nbsp;<\/p>\n<p>&nbsp;<\/p>\n<p>&nbsp;<\/p>\n<p>&nbsp;<\/p>\n<p>&nbsp;<\/p>\n<p>&nbsp;<\/p>\n<p>&nbsp;<\/p>\n<p>&nbsp;<\/p>\n<p>&nbsp;<\/p>\n<p>&nbsp;<\/p>\n<p>&nbsp;<\/p>\n<p>&nbsp;<\/p>\n<p>&nbsp;<\/p>\n<p>&nbsp;<\/p>\n<p><b><span data-spm-anchor-id=\"a2700.details-description.0.i0.62fa4Y7x4Y7x0K\"><strong>Luftkraftpresse <\/strong>Lochstanze f\u00fcr Metallstanzmaschinen \u2013 Preis im Angebot <\/span>Anwendung: <\/b><\/p>\n<div><span data-spm-anchor-id=\"a2700.details-description.0.i1.62fa4Y7x4Y7x0K\">\u25cfRealisierung verschiedener Kaltumformverfahren wie Stanzen, Lochen, Umformen, Biegen und Flachziehen.<\/span><\/div>\n<div><\/div>\n<div>\u25cf Verwendung findet es in Elektroger\u00e4ten, Fahrzeugen, Traktoren, Bergbaumaschinen, Werkzeugen, im Maschinenbau und anderen Industriezweigen.<\/div>\n<div><\/div>\n<div>\u25cf Die pneumatische Formpresse mit Lochstanze f\u00fcr Metallstanzmaschinen, Preis auf Anfrage, hat einen geschwei\u00dften K\u00f6rper mit guter Steifigkeit und stabilerer Genauigkeit.<\/div>\n<div><\/div>\n<div>\u25cfDie Kurbelwelle ist vertikal angeordnet, was f\u00fcr eine kompakte Bauweise und ein ansprechendes Aussehen sorgt.<\/div>\n<div><\/div>\n<div>\u25cf Die H\u00f6he der Form kann elektrisch verstellt werden, und die H\u00f6henverstellung erfolgt \u00fcber eine digitale Anzeige.<\/div>\n<div><\/div>\n<div>\u25cf Der Gleitblock verwendet eine rechteckige, hexaedrische, l\u00e4ngliche F\u00fchrungsschiene und eine Bronzeauskleidung, die eine hohe F\u00fchrungsgenauigkeit aufweist.<\/div>\n<div><\/div>\n<div>\u25cf Eine Sicherheitsvorrichtung vom Kompressionstyp gew\u00e4hrleistet die Sicherheit der gesamten Maschine im Betrieb.<br \/>\n\u00fcberladen.<\/div>\n<div>\n<p>\u25cf Die H\u00f6he des Schiebers ist mit einem Hubzylinder ausgestattet, um das Gleichgewicht der Schieber-Pleuelstange zu gew\u00e4hrleisten.<\/p>\n<\/div>\n<div><\/div>\n<p><img decoding=\"async\" class=\"wp-image-836 alignleft\" src=\"https:\/\/chenesme.com\/wp-content\/uploads\/2025\/10\/IMG_20180927_143333.jpg\" alt=\"\" width=\"766\" height=\"766\" srcset=\"https:\/\/chenesme.com\/wp-content\/uploads\/2025\/10\/IMG_20180927_143333.jpg 1500w, https:\/\/chenesme.com\/wp-content\/uploads\/2025\/10\/IMG_20180927_143333-500x500.jpg 500w, https:\/\/chenesme.com\/wp-content\/uploads\/2025\/10\/IMG_20180927_143333-1200x1200.jpg 1200w, https:\/\/chenesme.com\/wp-content\/uploads\/2025\/10\/IMG_20180927_143333-300x300.jpg 300w, https:\/\/chenesme.com\/wp-content\/uploads\/2025\/10\/IMG_20180927_143333-768x768.jpg 768w, https:\/\/chenesme.com\/wp-content\/uploads\/2025\/10\/IMG_20180927_143333-12x12.jpg 12w, https:\/\/chenesme.com\/wp-content\/uploads\/2025\/10\/IMG_20180927_143333-150x150.jpg 150w, https:\/\/chenesme.com\/wp-content\/uploads\/2025\/10\/IMG_20180927_143333-75x75.jpg 75w, https:\/\/chenesme.com\/wp-content\/uploads\/2025\/10\/IMG_20180927_143333-480x480.jpg 480w, https:\/\/chenesme.com\/wp-content\/uploads\/2025\/10\/IMG_20180927_143333-800x800.jpg 800w\" sizes=\"(max-width:767px) 480px, 766px\" \/><\/p>\n<p>&nbsp;<\/p>\n<div><\/div>\n<div><\/div>\n<div><\/div>\n<div><\/div>\n<div><\/div>\n<div><\/div>\n<div><\/div>\n<div><\/div>\n<div><\/div>\n<div><\/div>\n<div><\/div>\n<div><\/div>\n<div><\/div>\n<div><\/div>\n<div><\/div>\n<div><\/div>\n<div><\/div>\n<div><\/div>\n<div><\/div>\n<div><\/div>\n<div><\/div>\n<div><\/div>\n<div><\/div>\n<div><\/div>\n<div><\/div>\n<div><\/div>\n<div><\/div>\n<div><\/div>\n<div><\/div>\n<div><\/div>\n<div><\/div>\n<div><b>Merkmale <\/b><\/div>\n<div>\u25cf Die Lochstanze der Air Power Press f\u00fcr Metallstanzmaschinen kann zentimetergenau bewegt werden, und die Bewegung kann abrupt gestoppt werden, was die Bedienung sicherer macht.<\/div>\n<div>\u25cf Die Stra\u00dfe verf\u00fcgt \u00fcber eine Doppelventilsteuerung, die feinf\u00fchlig arbeitet und die Sicherheitsstandards von Pressen erf\u00fcllt.<\/div>\n<div><img decoding=\"async\" class=\"wp-image-844 alignleft\" src=\"https:\/\/chenesme.com\/wp-content\/uploads\/2025\/10\/\u6c14\u52a8\u51b2\u5e8a-2.jpg\" alt=\"\" width=\"694\" height=\"694\" srcset=\"https:\/\/chenesme.com\/wp-content\/uploads\/2025\/10\/\u6c14\u52a8\u51b2\u5e8a-2.jpg 800w, https:\/\/chenesme.com\/wp-content\/uploads\/2025\/10\/\u6c14\u52a8\u51b2\u5e8a-2-500x500.jpg 500w, https:\/\/chenesme.com\/wp-content\/uploads\/2025\/10\/\u6c14\u52a8\u51b2\u5e8a-2-300x300.jpg 300w, https:\/\/chenesme.com\/wp-content\/uploads\/2025\/10\/\u6c14\u52a8\u51b2\u5e8a-2-768x768.jpg 768w, https:\/\/chenesme.com\/wp-content\/uploads\/2025\/10\/\u6c14\u52a8\u51b2\u5e8a-2-12x12.jpg 12w, https:\/\/chenesme.com\/wp-content\/uploads\/2025\/10\/\u6c14\u52a8\u51b2\u5e8a-2-150x150.jpg 150w, https:\/\/chenesme.com\/wp-content\/uploads\/2025\/10\/\u6c14\u52a8\u51b2\u5e8a-2-75x75.jpg 75w, https:\/\/chenesme.com\/wp-content\/uploads\/2025\/10\/\u6c14\u52a8\u51b2\u5e8a-2-480x480.jpg 480w\" sizes=\"(max-width:767px) 480px, 694px\" \/><\/div>\n<div><\/div>\n<div><\/div>\n<div><\/div>\n<div><\/div>\n<div><\/div>\n<div><\/div>\n<div><\/div>\n<div><\/div>\n<div><\/div>\n<div><\/div>\n<div><\/div>\n<div><\/div>\n<div><\/div>\n<div><\/div>\n<div><\/div>\n<div><\/div>\n<div><\/div>\n<div><\/div>\n<div><\/div>\n<div><\/div>\n<div><\/div>\n<div><\/div>\n<div><\/div>\n<div><\/div>\n<div><\/div>\n<div><\/div>\n<div><\/div>\n<div><\/div>\n<div><\/div>\n<div><strong>Pr\u00e4zisions-Luftdruckpresse<\/strong>Ihre L\u00f6sung f\u00fcr anspruchsvolle Fertigungsarbeiten. Erzielen Sie herausragende Pr\u00e4zision beim Stanzen und Montieren mit einer Maschine, die f\u00fcr Zuverl\u00e4ssigkeit, Effizienz und langfristigen Nutzen im industriellen Umfeld entwickelt wurde.<\/div>","protected":false},"excerpt":{"rendered":"<p>CNC-Pneumatik-Stanzmaschinen sind auf maximale Produktion ausgelegt. Schnelle Zykluszeiten erm\u00f6glichen einen Dauerbetrieb. Dies erh\u00f6ht die Leistung und reduziert die St\u00fcckzeit, wodurch sie ideal f\u00fcr die Gro\u00dfserienproduktion sind. Hohe Geschwindigkeiten sorgen f\u00fcr minimale Verz\u00f6gerungen zwischen den Arbeitsg\u00e4ngen und steigern so die Gesamteffizienz. Sie zeichnen sich durch hohe Effizienz, Geschwindigkeit und geringen Wartungsaufwand aus.<\/p>","protected":false},"featured_media":841,"template":"","meta":{"_joinchat":[]},"product_brand":[],"product_cat":[21],"product_tag":[],"class_list":{"0":"post-834","1":"product","2":"type-product","3":"status-publish","4":"has-post-thumbnail","6":"product_cat-pneumatic-punching-machine","8":"first","9":"instock","10":"shipping-taxable","11":"product-type-external"},"yoast_head":"<!-- This site is optimized with the Yoast SEO plugin v25.6 - https:\/\/yoast.com\/wordpress\/plugins\/seo\/ -->\n<title>Precision Pneumatic Press for Electronics Components - Anhui Chensi Machinery Equipment Co., Ltd.<\/title>\n<meta name=\"description\" content=\"Precision Pneumatic Press for Electronics Components ,For precision stamping, forming &amp; assembly. Affordable, reliable solutions.\" \/>\n<meta name=\"robots\" content=\"index, follow, max-snippet:-1, max-image-preview:large, max-video-preview:-1\" \/>\n<link rel=\"canonical\" href=\"https:\/\/chenesme.com\/de\/produkt\/pneumatic-punch-press\/\" \/>\n<meta property=\"og:locale\" content=\"de_DE\" \/>\n<meta property=\"og:type\" content=\"article\" \/>\n<meta property=\"og:title\" content=\"Precision Pneumatic Press for Electronics Components - Anhui Chensi Machinery Equipment Co., Ltd.\" \/>\n<meta property=\"og:description\" content=\"Precision Pneumatic Press for Electronics Components ,For precision stamping, forming &amp; assembly. Affordable, reliable solutions.\" \/>\n<meta property=\"og:url\" content=\"https:\/\/chenesme.com\/de\/produkt\/pneumatic-punch-press\/\" \/>\n<meta property=\"og:site_name\" content=\"Anhui Chensi Machinery Equipment Co., Ltd.\" \/>\n<meta property=\"article:modified_time\" content=\"2025-10-23T02:50:16+00:00\" \/>\n<meta property=\"og:image\" content=\"https:\/\/chenesme.com\/wp-content\/uploads\/2025\/10\/JH21-315-e1761187114459.png\" \/>\n\t<meta property=\"og:image:width\" content=\"692\" \/>\n\t<meta property=\"og:image:height\" content=\"692\" \/>\n\t<meta property=\"og:image:type\" content=\"image\/png\" \/>\n<meta name=\"twitter:card\" content=\"summary_large_image\" \/>\n<meta name=\"twitter:label1\" content=\"Gesch\u00e4tzte Lesezeit\" \/>\n\t<meta name=\"twitter:data1\" content=\"3\u00a0Minuten\" \/>\n<script type=\"application\/ld+json\" class=\"yoast-schema-graph\">{\"@context\":\"https:\/\/schema.org\",\"@graph\":[{\"@type\":\"WebPage\",\"@id\":\"https:\/\/chenesme.com\/product\/pneumatic-punch-press\/\",\"url\":\"https:\/\/chenesme.com\/product\/pneumatic-punch-press\/\",\"name\":\"Precision Pneumatic Press for Electronics Components - Anhui Chensi Machinery Equipment Co., Ltd.\",\"isPartOf\":{\"@id\":\"https:\/\/chenesme.com\/#website\"},\"primaryImageOfPage\":{\"@id\":\"https:\/\/chenesme.com\/product\/pneumatic-punch-press\/#primaryimage\"},\"image\":{\"@id\":\"https:\/\/chenesme.com\/product\/pneumatic-punch-press\/#primaryimage\"},\"thumbnailUrl\":\"https:\/\/chenesme.com\/wp-content\/uploads\/2025\/10\/JH21-315-e1761187114459.png\",\"datePublished\":\"2025-10-22T08:49:51+00:00\",\"dateModified\":\"2025-10-23T02:50:16+00:00\",\"description\":\"Precision Pneumatic Press for Electronics Components ,For precision stamping, forming & assembly. Affordable, reliable solutions.\",\"breadcrumb\":{\"@id\":\"https:\/\/chenesme.com\/product\/pneumatic-punch-press\/#breadcrumb\"},\"inLanguage\":\"de\",\"potentialAction\":[{\"@type\":\"ReadAction\",\"target\":[\"https:\/\/chenesme.com\/product\/pneumatic-punch-press\/\"]}]},{\"@type\":\"ImageObject\",\"inLanguage\":\"de\",\"@id\":\"https:\/\/chenesme.com\/product\/pneumatic-punch-press\/#primaryimage\",\"url\":\"https:\/\/chenesme.com\/wp-content\/uploads\/2025\/10\/JH21-315-e1761187114459.png\",\"contentUrl\":\"https:\/\/chenesme.com\/wp-content\/uploads\/2025\/10\/JH21-315-e1761187114459.png\",\"width\":692,\"height\":692},{\"@type\":\"BreadcrumbList\",\"@id\":\"https:\/\/chenesme.com\/product\/pneumatic-punch-press\/#breadcrumb\",\"itemListElement\":[{\"@type\":\"ListItem\",\"position\":1,\"name\":\"Home\",\"item\":\"https:\/\/chenesme.com\/\"},{\"@type\":\"ListItem\",\"position\":2,\"name\":\"Product\",\"item\":\"https:\/\/chenesme.com\/product\/\"},{\"@type\":\"ListItem\",\"position\":3,\"name\":\"Precision Pneumatic Press for Electronics Components\"}]},{\"@type\":\"WebSite\",\"@id\":\"https:\/\/chenesme.com\/#website\",\"url\":\"https:\/\/chenesme.com\/\",\"name\":\"Anhui Chensi Machinery Equipment Co., Ltd.\",\"description\":\"Anhui Chensi Machinery Equipment Co., Ltd.\",\"potentialAction\":[{\"@type\":\"SearchAction\",\"target\":{\"@type\":\"EntryPoint\",\"urlTemplate\":\"https:\/\/chenesme.com\/?s={search_term_string}\"},\"query-input\":{\"@type\":\"PropertyValueSpecification\",\"valueRequired\":true,\"valueName\":\"search_term_string\"}}],\"inLanguage\":\"de\"}]}<\/script>\n<!-- \/ Yoast SEO plugin. -->","yoast_head_json":{"title":"Precision Pneumatic Press for Electronics Components - Anhui Chensi Machinery Equipment Co., Ltd.","description":"Precision Pneumatic Press for Electronics Components ,For precision stamping, forming & assembly. Affordable, reliable solutions.","robots":{"index":"index","follow":"follow","max-snippet":"max-snippet:-1","max-image-preview":"max-image-preview:large","max-video-preview":"max-video-preview:-1"},"canonical":"https:\/\/chenesme.com\/de\/produkt\/pneumatic-punch-press\/","og_locale":"de_DE","og_type":"article","og_title":"Precision Pneumatic Press for Electronics Components - Anhui Chensi Machinery Equipment Co., Ltd.","og_description":"Precision Pneumatic Press for Electronics Components ,For precision stamping, forming & assembly. Affordable, reliable solutions.","og_url":"https:\/\/chenesme.com\/de\/produkt\/pneumatic-punch-press\/","og_site_name":"Anhui Chensi Machinery Equipment Co., Ltd.","article_modified_time":"2025-10-23T02:50:16+00:00","og_image":[{"width":692,"height":692,"url":"https:\/\/chenesme.com\/wp-content\/uploads\/2025\/10\/JH21-315-e1761187114459.png","type":"image\/png"}],"twitter_card":"summary_large_image","twitter_misc":{"Gesch\u00e4tzte Lesezeit":"3\u00a0Minuten"},"schema":{"@context":"https:\/\/schema.org","@graph":[{"@type":"WebPage","@id":"https:\/\/chenesme.com\/product\/pneumatic-punch-press\/","url":"https:\/\/chenesme.com\/product\/pneumatic-punch-press\/","name":"Precision Pneumatic Press for Electronics Components - Anhui Chensi Machinery Equipment Co., Ltd.","isPartOf":{"@id":"https:\/\/chenesme.com\/#website"},"primaryImageOfPage":{"@id":"https:\/\/chenesme.com\/product\/pneumatic-punch-press\/#primaryimage"},"image":{"@id":"https:\/\/chenesme.com\/product\/pneumatic-punch-press\/#primaryimage"},"thumbnailUrl":"https:\/\/chenesme.com\/wp-content\/uploads\/2025\/10\/JH21-315-e1761187114459.png","datePublished":"2025-10-22T08:49:51+00:00","dateModified":"2025-10-23T02:50:16+00:00","description":"Precision Pneumatic Press for Electronics Components ,For precision stamping, forming & assembly. Affordable, reliable solutions.","breadcrumb":{"@id":"https:\/\/chenesme.com\/product\/pneumatic-punch-press\/#breadcrumb"},"inLanguage":"de","potentialAction":[{"@type":"ReadAction","target":["https:\/\/chenesme.com\/product\/pneumatic-punch-press\/"]}]},{"@type":"ImageObject","inLanguage":"de","@id":"https:\/\/chenesme.com\/product\/pneumatic-punch-press\/#primaryimage","url":"https:\/\/chenesme.com\/wp-content\/uploads\/2025\/10\/JH21-315-e1761187114459.png","contentUrl":"https:\/\/chenesme.com\/wp-content\/uploads\/2025\/10\/JH21-315-e1761187114459.png","width":692,"height":692},{"@type":"BreadcrumbList","@id":"https:\/\/chenesme.com\/product\/pneumatic-punch-press\/#breadcrumb","itemListElement":[{"@type":"ListItem","position":1,"name":"Home","item":"https:\/\/chenesme.com\/"},{"@type":"ListItem","position":2,"name":"Product","item":"https:\/\/chenesme.com\/product\/"},{"@type":"ListItem","position":3,"name":"Precision Pneumatic Press for Electronics Components"}]},{"@type":"WebSite","@id":"https:\/\/chenesme.com\/#website","url":"https:\/\/chenesme.com\/","name":"Anhui Chensi Machinery Equipment Co., Ltd.","description":"Anhui Chensi Machinery Equipment Co., Ltd.","potentialAction":[{"@type":"SearchAction","target":{"@type":"EntryPoint","urlTemplate":"https:\/\/chenesme.com\/?s={search_term_string}"},"query-input":{"@type":"PropertyValueSpecification","valueRequired":true,"valueName":"search_term_string"}}],"inLanguage":"de"}]}},"_links":{"self":[{"href":"https:\/\/chenesme.com\/de\/wp-json\/wp\/v2\/product\/834","targetHints":{"allow":["GET"]}}],"collection":[{"href":"https:\/\/chenesme.com\/de\/wp-json\/wp\/v2\/product"}],"about":[{"href":"https:\/\/chenesme.com\/de\/wp-json\/wp\/v2\/types\/product"}],"version-history":[{"count":3,"href":"https:\/\/chenesme.com\/de\/wp-json\/wp\/v2\/product\/834\/revisions"}],"predecessor-version":[{"id":845,"href":"https:\/\/chenesme.com\/de\/wp-json\/wp\/v2\/product\/834\/revisions\/845"}],"wp:featuredmedia":[{"embeddable":true,"href":"https:\/\/chenesme.com\/de\/wp-json\/wp\/v2\/media\/841"}],"wp:attachment":[{"href":"https:\/\/chenesme.com\/de\/wp-json\/wp\/v2\/media?parent=834"}],"wp:term":[{"taxonomy":"product_brand","embeddable":true,"href":"https:\/\/chenesme.com\/de\/wp-json\/wp\/v2\/product_brand?post=834"},{"taxonomy":"product_cat","embeddable":true,"href":"https:\/\/chenesme.com\/de\/wp-json\/wp\/v2\/product_cat?post=834"},{"taxonomy":"product_tag","embeddable":true,"href":"https:\/\/chenesme.com\/de\/wp-json\/wp\/v2\/product_tag?post=834"}],"curies":[{"name":"wp","href":"https:\/\/api.w.org\/{rel}","templated":true}]}}