{"id":881,"date":"2025-10-24T06:40:25","date_gmt":"2025-10-24T06:40:25","guid":{"rendered":"https:\/\/chenesme.com\/?post_type=product&#038;p=881"},"modified":"2025-10-24T06:46:20","modified_gmt":"2025-10-24T06:46:20","slug":"laser-cutting-machine-for-stainless-steel-carbon-steel-square-tube","status":"publish","type":"product","link":"https:\/\/chenesme.com\/de\/produkt\/laser-cutting-machine-for-stainless-steel-carbon-steel-square-tube\/","title":{"rendered":"Laserschneidmaschine f\u00fcr Edelstahl, Kohlenstoffstahl, Vierkantrohre"},"content":{"rendered":"<p><img fetchpriority=\"high\" decoding=\"async\" class=\"aligncenter wp-image-889 size-full\" src=\"https:\/\/chenesme.com\/wp-content\/uploads\/2025\/10\/logo-\u6fc0\u5149\u56fe-2.jpg\" alt=\"\" width=\"800\" height=\"800\" srcset=\"https:\/\/chenesme.com\/wp-content\/uploads\/2025\/10\/logo-\u6fc0\u5149\u56fe-2.jpg 800w, https:\/\/chenesme.com\/wp-content\/uploads\/2025\/10\/logo-\u6fc0\u5149\u56fe-2-500x500.jpg 500w, https:\/\/chenesme.com\/wp-content\/uploads\/2025\/10\/logo-\u6fc0\u5149\u56fe-2-300x300.jpg 300w, https:\/\/chenesme.com\/wp-content\/uploads\/2025\/10\/logo-\u6fc0\u5149\u56fe-2-768x768.jpg 768w, https:\/\/chenesme.com\/wp-content\/uploads\/2025\/10\/logo-\u6fc0\u5149\u56fe-2-12x12.jpg 12w, https:\/\/chenesme.com\/wp-content\/uploads\/2025\/10\/logo-\u6fc0\u5149\u56fe-2-150x150.jpg 150w, https:\/\/chenesme.com\/wp-content\/uploads\/2025\/10\/logo-\u6fc0\u5149\u56fe-2-75x75.jpg 75w, https:\/\/chenesme.com\/wp-content\/uploads\/2025\/10\/logo-\u6fc0\u5149\u56fe-2-480x480.jpg 480w\" sizes=\"(max-width:767px) 480px, (max-width:800px) 100vw, 800px\" \/><\/p>\n<p>&nbsp;<\/p>\n<h2><strong>Produktpr\u00e4sentation<\/strong><\/h2>\n<h4>Diese Faserlaserschneidmaschine ist das beste Einstiegsmodell in diesem Segment. Sie verf\u00fcgt \u00fcber eine eigens entwickelte Portalkonstruktion. Die gesamte Maschine besteht aus hochfestem, nahtlosem Stahl und zeichnet sich durch hohe Stabilit\u00e4t aus. Dank Hochtemperaturgl\u00fchen bleibt der Rahmen auch nach 20 Jahren formstabil. Die Faserlaserschneidmaschine eignet sich zum Schneiden von Kohlenstoffstahl, Edelstahl, Aluminium, Messing und Legierungen.<\/h4>\n<p><img decoding=\"async\" class=\"aligncenter size-full wp-image-587\" src=\"https:\/\/chenesme.com\/wp-content\/uploads\/2025\/10\/IMG_20200327_151849-scaled.jpg\" alt=\"\" width=\"2560\" height=\"1920\" srcset=\"https:\/\/chenesme.com\/wp-content\/uploads\/2025\/10\/IMG_20200327_151849-scaled.jpg 2560w, https:\/\/chenesme.com\/wp-content\/uploads\/2025\/10\/IMG_20200327_151849-500x375.jpg 500w, https:\/\/chenesme.com\/wp-content\/uploads\/2025\/10\/IMG_20200327_151849-1200x900.jpg 1200w, https:\/\/chenesme.com\/wp-content\/uploads\/2025\/10\/IMG_20200327_151849-300x225.jpg 300w, https:\/\/chenesme.com\/wp-content\/uploads\/2025\/10\/IMG_20200327_151849-768x576.jpg 768w, https:\/\/chenesme.com\/wp-content\/uploads\/2025\/10\/IMG_20200327_151849-1536x1152.jpg 1536w, https:\/\/chenesme.com\/wp-content\/uploads\/2025\/10\/IMG_20200327_151849-2048x1536.jpg 2048w, https:\/\/chenesme.com\/wp-content\/uploads\/2025\/10\/IMG_20200327_151849-16x12.jpg 16w, https:\/\/chenesme.com\/wp-content\/uploads\/2025\/10\/IMG_20200327_151849-100x75.jpg 100w, https:\/\/chenesme.com\/wp-content\/uploads\/2025\/10\/IMG_20200327_151849-960x720.jpg 960w, https:\/\/chenesme.com\/wp-content\/uploads\/2025\/10\/IMG_20200327_151849-480x360.jpg 480w, https:\/\/chenesme.com\/wp-content\/uploads\/2025\/10\/IMG_20200327_151849-800x600.jpg 800w\" sizes=\"(max-width:767px) 480px, (max-width:2560px) 100vw, 2560px\" \/><\/p>\n<p>&nbsp;<\/p>\n<h2><strong>Maschinenkonfiguration<\/strong><\/h2>\n<h4>\u25c6Verbesserter, hochbelastbarer Maschinenrahmen<br \/>\n\u25c6Wabenf\u00f6rmiger Aluminium-Portalkran f\u00fcr die Luftfahrt<br \/>\n\u25c6Lasergenerator 2000 W<br \/>\n\u25c6Laserkopf: Laserkopf von Swiss Raytools mit Autofokus<br \/>\n\u25c6Steuerung und Software: WEIHONG<br \/>\n\u25c6Taiwan PMI Linearschienen<br \/>\n\u25c6Deutsches Herion-Getriebe<br \/>\n\u25c6TBI-Kugelgewindetrieb in Z-Achse<br \/>\n\u25c6Japanischer FUJI-Wechselstrom-Servomotor und Treiber<br \/>\n\u25c6Japan Shimpo Reduzierst\u00fcck<br \/>\n\u25c6Schneider Electric Device Frankreich<\/h4>\n<p><img decoding=\"async\" class=\"aligncenter wp-image-517\" src=\"https:\/\/chenesme.com\/wp-content\/uploads\/2025\/09\/4-13.jpg\" alt=\"\" width=\"1034\" height=\"1034\" srcset=\"https:\/\/chenesme.com\/wp-content\/uploads\/2025\/09\/4-13.jpg 800w, https:\/\/chenesme.com\/wp-content\/uploads\/2025\/09\/4-13-500x500.jpg 500w, https:\/\/chenesme.com\/wp-content\/uploads\/2025\/09\/4-13-300x300.jpg 300w, https:\/\/chenesme.com\/wp-content\/uploads\/2025\/09\/4-13-768x768.jpg 768w, https:\/\/chenesme.com\/wp-content\/uploads\/2025\/09\/4-13-12x12.jpg 12w, https:\/\/chenesme.com\/wp-content\/uploads\/2025\/09\/4-13-150x150.jpg 150w, https:\/\/chenesme.com\/wp-content\/uploads\/2025\/09\/4-13-75x75.jpg 75w, https:\/\/chenesme.com\/wp-content\/uploads\/2025\/09\/4-13-480x480.jpg 480w\" sizes=\"(max-width:767px) 480px, (max-width:1034px) 100vw, 1034px\" \/><\/p>\n<p>&nbsp;<\/p>\n<h2><strong>INKLUSIVE?<\/strong><\/h2>\n<h4>\u25c6Selbstentwickeltes Hochleistungs-CNC-System<\/h4>\n<h4>\u25c6Autofokus-Laserschneidkopf<\/h4>\n<h4>\u25c6Pr\u00e4zisions-Rohrschwei\u00dfmaschine<\/h4>\n<h4>\u25c6Pneumatisches selbstzentrierendes Spannfutter<\/h4>\n<h4>\u25c6Hochfester Aluminiumlegierungstr\u00e4ger<\/h4>\n<h4>\u25c6Kleiner Lasergenerator<\/h4>\n<h4>\u25c62 Jahre Garantiezeit<\/h4>\n<h4>\u25c6Technischer Support rund um die Uhr, 365 Tage im Jahr<\/h4>","protected":false},"excerpt":{"rendered":"<p>Faserlaserschneidmaschinen sind die Vorzeigel\u00f6sung f\u00fcr die moderne Metallverarbeitung. Durch die Integration deutsch-amerikanischer Laser, hochpr\u00e4ziser Werkzeugmaschinen und intelligenter CNC-Systeme bieten sie effiziente, pr\u00e4zise und zuverl\u00e4ssige Schneiddienstleistungen f\u00fcr Branchen wie Blechverarbeitung, Fahrgestelle und Schr\u00e4nke, Autoteile, K\u00fcchen- und Badausstattung sowie Werbeschilder. Wir bieten Ihnen kosteng\u00fcnstige Ausr\u00fcstung, die Ihnen hilft, Ihre Produktionskosten zu senken und Ihre Wettbewerbsf\u00e4higkeit auf dem Markt zu steigern.<\/p>","protected":false},"featured_media":855,"template":"","meta":{"_joinchat":[]},"product_brand":[],"product_cat":[20],"product_tag":[],"class_list":{"0":"post-881","1":"product","2":"type-product","3":"status-publish","4":"has-post-thumbnail","6":"product_cat-laser-cutting-machine","8":"first","9":"instock","10":"shipping-taxable","11":"product-type-external"},"yoast_head":"<!-- This site is optimized with the Yoast SEO plugin v25.6 - https:\/\/yoast.com\/wordpress\/plugins\/seo\/ -->\n<title>Laser cutting machine for stainless steel, carbon steel, square tube, - Anhui Chensi Machinery Equipment Co., Ltd.<\/title>\n<meta name=\"robots\" content=\"index, follow, max-snippet:-1, max-image-preview:large, max-video-preview:-1\" \/>\n<link rel=\"canonical\" href=\"https:\/\/chenesme.com\/de\/produkt\/laser-cutting-machine-for-stainless-steel-carbon-steel-square-tube\/\" \/>\n<meta property=\"og:locale\" content=\"de_DE\" \/>\n<meta property=\"og:type\" content=\"article\" \/>\n<meta property=\"og:title\" content=\"Laser cutting machine for stainless steel, carbon steel, square tube, - Anhui Chensi Machinery Equipment Co., Ltd.\" \/>\n<meta property=\"og:description\" content=\"Fiber laser cutting machines are the flagship solution for modern metal processing. Integrating German\/American lasers, high-precision machine tools, and intelligent CNC systems, they provide efficient, accurate, and reliable cutting services for industries such as sheet metal processing, chassis and cabinets, automotive parts, kitchen and bathroom hardware, and advertising signage. We are committed to providing you with cost-effective equipment to help you reduce production costs and enhance your market competitiveness.\" \/>\n<meta property=\"og:url\" content=\"https:\/\/chenesme.com\/de\/produkt\/laser-cutting-machine-for-stainless-steel-carbon-steel-square-tube\/\" \/>\n<meta property=\"og:site_name\" content=\"Anhui Chensi Machinery Equipment Co., Ltd.\" \/>\n<meta property=\"article:modified_time\" content=\"2025-10-24T06:46:20+00:00\" \/>\n<meta property=\"og:image\" content=\"https:\/\/chenesme.com\/wp-content\/uploads\/2025\/10\/\u56fe8.jpg\" \/>\n\t<meta property=\"og:image:width\" content=\"800\" \/>\n\t<meta property=\"og:image:height\" content=\"800\" \/>\n\t<meta property=\"og:image:type\" content=\"image\/jpeg\" \/>\n<meta name=\"twitter:card\" content=\"summary_large_image\" \/>\n<meta name=\"twitter:label1\" content=\"Gesch\u00e4tzte Lesezeit\" \/>\n\t<meta name=\"twitter:data1\" content=\"2\u00a0Minuten\" \/>\n<script type=\"application\/ld+json\" class=\"yoast-schema-graph\">{\"@context\":\"https:\/\/schema.org\",\"@graph\":[{\"@type\":\"WebPage\",\"@id\":\"https:\/\/chenesme.com\/product\/laser-cutting-machine-for-stainless-steel-carbon-steel-square-tube\/\",\"url\":\"https:\/\/chenesme.com\/product\/laser-cutting-machine-for-stainless-steel-carbon-steel-square-tube\/\",\"name\":\"Laser cutting machine for stainless steel, carbon steel, square tube, - Anhui Chensi Machinery Equipment Co., Ltd.\",\"isPartOf\":{\"@id\":\"https:\/\/chenesme.com\/#website\"},\"primaryImageOfPage\":{\"@id\":\"https:\/\/chenesme.com\/product\/laser-cutting-machine-for-stainless-steel-carbon-steel-square-tube\/#primaryimage\"},\"image\":{\"@id\":\"https:\/\/chenesme.com\/product\/laser-cutting-machine-for-stainless-steel-carbon-steel-square-tube\/#primaryimage\"},\"thumbnailUrl\":\"https:\/\/chenesme.com\/wp-content\/uploads\/2025\/10\/\u56fe8.jpg\",\"datePublished\":\"2025-10-24T06:40:25+00:00\",\"dateModified\":\"2025-10-24T06:46:20+00:00\",\"breadcrumb\":{\"@id\":\"https:\/\/chenesme.com\/product\/laser-cutting-machine-for-stainless-steel-carbon-steel-square-tube\/#breadcrumb\"},\"inLanguage\":\"de\",\"potentialAction\":[{\"@type\":\"ReadAction\",\"target\":[\"https:\/\/chenesme.com\/product\/laser-cutting-machine-for-stainless-steel-carbon-steel-square-tube\/\"]}]},{\"@type\":\"ImageObject\",\"inLanguage\":\"de\",\"@id\":\"https:\/\/chenesme.com\/product\/laser-cutting-machine-for-stainless-steel-carbon-steel-square-tube\/#primaryimage\",\"url\":\"https:\/\/chenesme.com\/wp-content\/uploads\/2025\/10\/\u56fe8.jpg\",\"contentUrl\":\"https:\/\/chenesme.com\/wp-content\/uploads\/2025\/10\/\u56fe8.jpg\",\"width\":800,\"height\":800},{\"@type\":\"BreadcrumbList\",\"@id\":\"https:\/\/chenesme.com\/product\/laser-cutting-machine-for-stainless-steel-carbon-steel-square-tube\/#breadcrumb\",\"itemListElement\":[{\"@type\":\"ListItem\",\"position\":1,\"name\":\"Home\",\"item\":\"https:\/\/chenesme.com\/\"},{\"@type\":\"ListItem\",\"position\":2,\"name\":\"Product\",\"item\":\"https:\/\/chenesme.com\/product\/\"},{\"@type\":\"ListItem\",\"position\":3,\"name\":\"Laser cutting machine for stainless steel, carbon steel, square tube,\"}]},{\"@type\":\"WebSite\",\"@id\":\"https:\/\/chenesme.com\/#website\",\"url\":\"https:\/\/chenesme.com\/\",\"name\":\"Anhui Chensi Machinery Equipment Co., Ltd.\",\"description\":\"Anhui Chensi Machinery Equipment Co., Ltd.\",\"potentialAction\":[{\"@type\":\"SearchAction\",\"target\":{\"@type\":\"EntryPoint\",\"urlTemplate\":\"https:\/\/chenesme.com\/?s={search_term_string}\"},\"query-input\":{\"@type\":\"PropertyValueSpecification\",\"valueRequired\":true,\"valueName\":\"search_term_string\"}}],\"inLanguage\":\"de\"}]}<\/script>\n<!-- \/ Yoast SEO plugin. -->","yoast_head_json":{"title":"Laser cutting machine for stainless steel, carbon steel, square tube, - Anhui Chensi Machinery Equipment Co., Ltd.","robots":{"index":"index","follow":"follow","max-snippet":"max-snippet:-1","max-image-preview":"max-image-preview:large","max-video-preview":"max-video-preview:-1"},"canonical":"https:\/\/chenesme.com\/de\/produkt\/laser-cutting-machine-for-stainless-steel-carbon-steel-square-tube\/","og_locale":"de_DE","og_type":"article","og_title":"Laser cutting machine for stainless steel, carbon steel, square tube, - Anhui Chensi Machinery Equipment Co., Ltd.","og_description":"Fiber laser cutting machines are the flagship solution for modern metal processing. Integrating German\/American lasers, high-precision machine tools, and intelligent CNC systems, they provide efficient, accurate, and reliable cutting services for industries such as sheet metal processing, chassis and cabinets, automotive parts, kitchen and bathroom hardware, and advertising signage. We are committed to providing you with cost-effective equipment to help you reduce production costs and enhance your market competitiveness.","og_url":"https:\/\/chenesme.com\/de\/produkt\/laser-cutting-machine-for-stainless-steel-carbon-steel-square-tube\/","og_site_name":"Anhui Chensi Machinery Equipment Co., Ltd.","article_modified_time":"2025-10-24T06:46:20+00:00","og_image":[{"width":800,"height":800,"url":"https:\/\/chenesme.com\/wp-content\/uploads\/2025\/10\/\u56fe8.jpg","type":"image\/jpeg"}],"twitter_card":"summary_large_image","twitter_misc":{"Gesch\u00e4tzte Lesezeit":"2\u00a0Minuten"},"schema":{"@context":"https:\/\/schema.org","@graph":[{"@type":"WebPage","@id":"https:\/\/chenesme.com\/product\/laser-cutting-machine-for-stainless-steel-carbon-steel-square-tube\/","url":"https:\/\/chenesme.com\/product\/laser-cutting-machine-for-stainless-steel-carbon-steel-square-tube\/","name":"Laser cutting machine for stainless steel, carbon steel, square tube, - Anhui Chensi Machinery Equipment Co., Ltd.","isPartOf":{"@id":"https:\/\/chenesme.com\/#website"},"primaryImageOfPage":{"@id":"https:\/\/chenesme.com\/product\/laser-cutting-machine-for-stainless-steel-carbon-steel-square-tube\/#primaryimage"},"image":{"@id":"https:\/\/chenesme.com\/product\/laser-cutting-machine-for-stainless-steel-carbon-steel-square-tube\/#primaryimage"},"thumbnailUrl":"https:\/\/chenesme.com\/wp-content\/uploads\/2025\/10\/\u56fe8.jpg","datePublished":"2025-10-24T06:40:25+00:00","dateModified":"2025-10-24T06:46:20+00:00","breadcrumb":{"@id":"https:\/\/chenesme.com\/product\/laser-cutting-machine-for-stainless-steel-carbon-steel-square-tube\/#breadcrumb"},"inLanguage":"de","potentialAction":[{"@type":"ReadAction","target":["https:\/\/chenesme.com\/product\/laser-cutting-machine-for-stainless-steel-carbon-steel-square-tube\/"]}]},{"@type":"ImageObject","inLanguage":"de","@id":"https:\/\/chenesme.com\/product\/laser-cutting-machine-for-stainless-steel-carbon-steel-square-tube\/#primaryimage","url":"https:\/\/chenesme.com\/wp-content\/uploads\/2025\/10\/\u56fe8.jpg","contentUrl":"https:\/\/chenesme.com\/wp-content\/uploads\/2025\/10\/\u56fe8.jpg","width":800,"height":800},{"@type":"BreadcrumbList","@id":"https:\/\/chenesme.com\/product\/laser-cutting-machine-for-stainless-steel-carbon-steel-square-tube\/#breadcrumb","itemListElement":[{"@type":"ListItem","position":1,"name":"Home","item":"https:\/\/chenesme.com\/"},{"@type":"ListItem","position":2,"name":"Product","item":"https:\/\/chenesme.com\/product\/"},{"@type":"ListItem","position":3,"name":"Laser cutting machine for stainless steel, carbon steel, square tube,"}]},{"@type":"WebSite","@id":"https:\/\/chenesme.com\/#website","url":"https:\/\/chenesme.com\/","name":"Anhui Chensi Machinery Equipment Co., Ltd.","description":"Anhui Chensi Machinery Equipment Co., Ltd.","potentialAction":[{"@type":"SearchAction","target":{"@type":"EntryPoint","urlTemplate":"https:\/\/chenesme.com\/?s={search_term_string}"},"query-input":{"@type":"PropertyValueSpecification","valueRequired":true,"valueName":"search_term_string"}}],"inLanguage":"de"}]}},"_links":{"self":[{"href":"https:\/\/chenesme.com\/de\/wp-json\/wp\/v2\/product\/881","targetHints":{"allow":["GET"]}}],"collection":[{"href":"https:\/\/chenesme.com\/de\/wp-json\/wp\/v2\/product"}],"about":[{"href":"https:\/\/chenesme.com\/de\/wp-json\/wp\/v2\/types\/product"}],"version-history":[{"count":1,"href":"https:\/\/chenesme.com\/de\/wp-json\/wp\/v2\/product\/881\/revisions"}],"predecessor-version":[{"id":890,"href":"https:\/\/chenesme.com\/de\/wp-json\/wp\/v2\/product\/881\/revisions\/890"}],"wp:featuredmedia":[{"embeddable":true,"href":"https:\/\/chenesme.com\/de\/wp-json\/wp\/v2\/media\/855"}],"wp:attachment":[{"href":"https:\/\/chenesme.com\/de\/wp-json\/wp\/v2\/media?parent=881"}],"wp:term":[{"taxonomy":"product_brand","embeddable":true,"href":"https:\/\/chenesme.com\/de\/wp-json\/wp\/v2\/product_brand?post=881"},{"taxonomy":"product_cat","embeddable":true,"href":"https:\/\/chenesme.com\/de\/wp-json\/wp\/v2\/product_cat?post=881"},{"taxonomy":"product_tag","embeddable":true,"href":"https:\/\/chenesme.com\/de\/wp-json\/wp\/v2\/product_tag?post=881"}],"curies":[{"name":"wp","href":"https:\/\/api.w.org\/{rel}","templated":true}]}}