{"id":947,"date":"2025-10-24T08:48:47","date_gmt":"2025-10-24T08:48:47","guid":{"rendered":"https:\/\/chenesme.com\/?post_type=product&#038;p=947"},"modified":"2025-10-24T08:58:02","modified_gmt":"2025-10-24T08:58:02","slug":"80t-2500mm-da66t-61-axis-hydraulic-press-brake","status":"publish","type":"product","link":"https:\/\/chenesme.com\/de\/produkt\/80t-2500mm-da66t-61-axis-hydraulic-press-brake\/","title":{"rendered":"80T 2500MM DA66T 6+1 Achsen Hydraulische Abkantpresse"},"content":{"rendered":"<h2 style=\"text-align: center;\" title=\"40T 30T ESTUN E21 1200 1600 Hydraulische CNC-Abkantpresse Mini-Biegemaschinen\" data-spm-anchor-id=\"a2700.details.0.i31.ad547cbfndgHs2\">80T 2500MM DA66T 6+1 Achsen Hydraulische Abkantpresse<\/h2>\n<div style=\"width: 1220px;\" class=\"wp-video\"><video class=\"wp-video-shortcode\" id=\"video-947-1\" width=\"1220\" height=\"686\" preload=\"metadata\" controls=\"controls\"><source type=\"video\/mp4\" src=\"https:\/\/chenesme.com\/wp-content\/uploads\/2025\/10\/80T2500\uff2d\uff2d-DA66T-6\uff0b1-Axis-press-brake-1.mp4?_=1\" \/><a href=\"https:\/\/chenesme.com\/wp-content\/uploads\/2025\/10\/80T2500\uff2d\uff2d-DA66T-6\uff0b1-Axis-press-brake-1.mp4\">https:\/\/chenesme.com\/wp-content\/uploads\/2025\/10\/80T2500\uff2d\uff2d-DA66T-6\uff0b1-Axis-press-brake-1.mp4<\/a><\/video><\/div>\n<h2>Standard-Exportkonfiguration:<\/h2>\n<p><img fetchpriority=\"high\" decoding=\"async\" class=\"alignleft wp-image-642 size-medium\" src=\"https:\/\/chenesme.com\/wp-content\/uploads\/2025\/10\/Standard-export-configuration-444x500.png\" alt=\"\" width=\"444\" height=\"500\" srcset=\"https:\/\/chenesme.com\/wp-content\/uploads\/2025\/10\/Standard-export-configuration-444x500.png 444w, https:\/\/chenesme.com\/wp-content\/uploads\/2025\/10\/Standard-export-configuration-267x300.png 267w, https:\/\/chenesme.com\/wp-content\/uploads\/2025\/10\/Standard-export-configuration-768x864.png 768w, https:\/\/chenesme.com\/wp-content\/uploads\/2025\/10\/Standard-export-configuration-11x12.png 11w, https:\/\/chenesme.com\/wp-content\/uploads\/2025\/10\/Standard-export-configuration-67x75.png 67w, https:\/\/chenesme.com\/wp-content\/uploads\/2025\/10\/Standard-export-configuration-480x540.png 480w, https:\/\/chenesme.com\/wp-content\/uploads\/2025\/10\/Standard-export-configuration.png 800w\" sizes=\"(max-width:767px) 444px, 444px\" \/><\/p>\n<p>&nbsp;<\/p>\n<p>&nbsp;<\/p>\n<p>&nbsp;<\/p>\n<h4>\u203b Deutschland Rexroth Ventilgruppe \u203b Rohrverbindung Deutschland EMB<br \/>\n\u203b Sunny\/Erste \u00d6lpumpe, die USA<br \/>\n\u203b Kugelumlaufspindel-Linearf\u00fchrung, Taiwan HIWIN (China)<br \/>\n\u203b Schneider Electric System, Frankreich<br \/>\n\u203b Vordere Unterst\u00fctzung<br \/>\n\u203b Hochpr\u00e4ziser R\u00fcckanschlag<br \/>\n\u203b Fu\u00dfschalter<br \/>\n\u203b Seitengel\u00e4nder und Heckgel\u00e4nder (optional)<br \/>\n\u203b Lichtvorhangschutz und Laserschutz (optional)<\/h4>\n<p>&nbsp;<\/p>\n<p>&nbsp;<\/p>\n<p><img decoding=\"async\" class=\"aligncenter wp-image-777 size-full\" src=\"https:\/\/chenesme.com\/wp-content\/uploads\/2025\/10\/110T3200MM-61-Axis-bending-machine.jpg\" alt=\"\" width=\"1200\" height=\"900\" srcset=\"https:\/\/chenesme.com\/wp-content\/uploads\/2025\/10\/110T3200MM-61-Axis-bending-machine.jpg 1200w, https:\/\/chenesme.com\/wp-content\/uploads\/2025\/10\/110T3200MM-61-Axis-bending-machine-500x375.jpg 500w, https:\/\/chenesme.com\/wp-content\/uploads\/2025\/10\/110T3200MM-61-Axis-bending-machine-300x225.jpg 300w, https:\/\/chenesme.com\/wp-content\/uploads\/2025\/10\/110T3200MM-61-Axis-bending-machine-768x576.jpg 768w, https:\/\/chenesme.com\/wp-content\/uploads\/2025\/10\/110T3200MM-61-Axis-bending-machine-16x12.jpg 16w, https:\/\/chenesme.com\/wp-content\/uploads\/2025\/10\/110T3200MM-61-Axis-bending-machine-100x75.jpg 100w, https:\/\/chenesme.com\/wp-content\/uploads\/2025\/10\/110T3200MM-61-Axis-bending-machine-960x720.jpg 960w, https:\/\/chenesme.com\/wp-content\/uploads\/2025\/10\/110T3200MM-61-Axis-bending-machine-480x360.jpg 480w, https:\/\/chenesme.com\/wp-content\/uploads\/2025\/10\/110T3200MM-61-Axis-bending-machine-800x600.jpg 800w\" sizes=\"(max-width:767px) 480px, (max-width:1200px) 100vw, 1200px\" \/><\/p>\n<h4 style=\"text-align: left;\"><strong><b><span data-spm-anchor-id=\"a2700.details-description.0.i1.5bda5Cij5CijfN\">DA66T <\/span>Steuerungssystem:<\/b><\/strong><\/h4>\n<h5 style=\"text-align: left;\">1. 17\u2033 hochaufl\u00f6sendes TFT-Farbdisplay (1280 x 1024 Pixel), 32-Bit-Farbtiefe, Infrarot-Touch-Bedienung, 1 GB Speicherkapazit\u00e4t<\/h5>\n<h5 style=\"text-align: left;\">2. Die Speicherkapazit\u00e4t f\u00fcr Produkte und Formen betr\u00e4gt 256 MB, 3D-Grafikbeschleunigung<\/h5>\n<h5 style=\"text-align: left;\">3. Integriertes, personalisiertes Bedienfeld, USB-Speicherstick<\/h5>\n<h5 style=\"text-align: left;\">4. Windows-basiertes Embedded-Betriebssystem in Echtzeit, Multitasking-Umgebung, Unterst\u00fctzung f\u00fcr sofortiges Herunterfahren, kompatibel mit Modulen der DELEM-Serie.<\/h5>\n<h5 style=\"text-align: left;\">5.2D-Echtzeit-Proportionalprogrammierung und -anzeige, 2D-Biegeprozess wird automatisch berechnet<\/h5>\n<h5 style=\"text-align: left;\">6. Automatische Berechnung von Biegedruck, Biegetoleranz und Anpassung der Tischverformung<\/h5>\n<p>&nbsp;<\/p>\n<p><img decoding=\"async\" class=\"aligncenter wp-image-709 size-full\" src=\"https:\/\/chenesme.com\/wp-content\/uploads\/2025\/10\/H2e35447c069944c497b334bcd7737efcO-scaled.jpg\" alt=\"\" width=\"1059\" height=\"2560\" srcset=\"https:\/\/chenesme.com\/wp-content\/uploads\/2025\/10\/H2e35447c069944c497b334bcd7737efcO-scaled.jpg 1059w, https:\/\/chenesme.com\/wp-content\/uploads\/2025\/10\/H2e35447c069944c497b334bcd7737efcO-207x500.jpg 207w, https:\/\/chenesme.com\/wp-content\/uploads\/2025\/10\/H2e35447c069944c497b334bcd7737efcO-497x1200.jpg 497w, https:\/\/chenesme.com\/wp-content\/uploads\/2025\/10\/H2e35447c069944c497b334bcd7737efcO-124x300.jpg 124w, https:\/\/chenesme.com\/wp-content\/uploads\/2025\/10\/H2e35447c069944c497b334bcd7737efcO-768x1856.jpg 768w, https:\/\/chenesme.com\/wp-content\/uploads\/2025\/10\/H2e35447c069944c497b334bcd7737efcO-636x1536.jpg 636w, https:\/\/chenesme.com\/wp-content\/uploads\/2025\/10\/H2e35447c069944c497b334bcd7737efcO-847x2048.jpg 847w, https:\/\/chenesme.com\/wp-content\/uploads\/2025\/10\/H2e35447c069944c497b334bcd7737efcO-5x12.jpg 5w, https:\/\/chenesme.com\/wp-content\/uploads\/2025\/10\/H2e35447c069944c497b334bcd7737efcO-31x75.jpg 31w, https:\/\/chenesme.com\/wp-content\/uploads\/2025\/10\/H2e35447c069944c497b334bcd7737efcO-397x960.jpg 397w, https:\/\/chenesme.com\/wp-content\/uploads\/2025\/10\/H2e35447c069944c497b334bcd7737efcO-800x1933.jpg 800w\" sizes=\"(max-width:767px) 480px, (max-width:1059px) 100vw, 1059px\" \/><img loading=\"lazy\" decoding=\"async\" class=\"aligncenter size-full wp-image-710\" src=\"https:\/\/chenesme.com\/wp-content\/uploads\/2025\/10\/H91418792f3c54833a3d5a1d733b00e40O.jpg\" alt=\"\" width=\"1200\" height=\"1311\" srcset=\"https:\/\/chenesme.com\/wp-content\/uploads\/2025\/10\/H91418792f3c54833a3d5a1d733b00e40O.jpg 1200w, https:\/\/chenesme.com\/wp-content\/uploads\/2025\/10\/H91418792f3c54833a3d5a1d733b00e40O-458x500.jpg 458w, https:\/\/chenesme.com\/wp-content\/uploads\/2025\/10\/H91418792f3c54833a3d5a1d733b00e40O-1098x1200.jpg 1098w, https:\/\/chenesme.com\/wp-content\/uploads\/2025\/10\/H91418792f3c54833a3d5a1d733b00e40O-275x300.jpg 275w, https:\/\/chenesme.com\/wp-content\/uploads\/2025\/10\/H91418792f3c54833a3d5a1d733b00e40O-768x839.jpg 768w, https:\/\/chenesme.com\/wp-content\/uploads\/2025\/10\/H91418792f3c54833a3d5a1d733b00e40O-11x12.jpg 11w, https:\/\/chenesme.com\/wp-content\/uploads\/2025\/10\/H91418792f3c54833a3d5a1d733b00e40O-69x75.jpg 69w, https:\/\/chenesme.com\/wp-content\/uploads\/2025\/10\/H91418792f3c54833a3d5a1d733b00e40O-480x524.jpg 480w, https:\/\/chenesme.com\/wp-content\/uploads\/2025\/10\/H91418792f3c54833a3d5a1d733b00e40O-800x874.jpg 800w\" sizes=\"(max-width:767px) 480px, (max-width:1200px) 100vw, 1200px\" \/><\/p>\n<p>&nbsp;<\/p>\n<h3>Parameter (anpassbar):<\/h3>\n<p><img loading=\"lazy\" decoding=\"async\" class=\"aligncenter size-full wp-image-661\" src=\"https:\/\/chenesme.com\/wp-content\/uploads\/2025\/10\/H2807dc6ca004411d913e8d9042279563k.png\" alt=\"\" width=\"1000\" height=\"1033\" srcset=\"https:\/\/chenesme.com\/wp-content\/uploads\/2025\/10\/H2807dc6ca004411d913e8d9042279563k.png 1000w, https:\/\/chenesme.com\/wp-content\/uploads\/2025\/10\/H2807dc6ca004411d913e8d9042279563k-484x500.png 484w, https:\/\/chenesme.com\/wp-content\/uploads\/2025\/10\/H2807dc6ca004411d913e8d9042279563k-290x300.png 290w, https:\/\/chenesme.com\/wp-content\/uploads\/2025\/10\/H2807dc6ca004411d913e8d9042279563k-768x793.png 768w, https:\/\/chenesme.com\/wp-content\/uploads\/2025\/10\/H2807dc6ca004411d913e8d9042279563k-12x12.png 12w, https:\/\/chenesme.com\/wp-content\/uploads\/2025\/10\/H2807dc6ca004411d913e8d9042279563k-73x75.png 73w, https:\/\/chenesme.com\/wp-content\/uploads\/2025\/10\/H2807dc6ca004411d913e8d9042279563k-480x496.png 480w, https:\/\/chenesme.com\/wp-content\/uploads\/2025\/10\/H2807dc6ca004411d913e8d9042279563k-800x826.png 800w\" sizes=\"(max-width:767px) 480px, (max-width:1000px) 100vw, 1000px\" \/><\/p>","protected":false},"excerpt":{"rendered":"<p>80T 2500MM DA66T 6+1-Achs-Hydraulik-Abkantpresse Standard-Exportkonfiguration: \u203b Rexroth-Ventilgruppe (Deutschland) \u203b Rohrverbindung EMB (Deutschland) \u203b Sunny\/First \u00d6l<span class=\"excerpt-hellip\"> [\u2026]<\/span><\/p>","protected":false},"featured_media":953,"template":"","meta":{"_joinchat":[]},"product_brand":[],"product_cat":[17],"product_tag":[],"class_list":{"0":"post-947","1":"product","2":"type-product","3":"status-publish","4":"has-post-thumbnail","6":"product_cat-hydraulic-press-brake","8":"first","9":"instock","10":"shipping-taxable","11":"product-type-external"},"yoast_head":"<!-- This site is optimized with the Yoast SEO plugin v25.6 - https:\/\/yoast.com\/wordpress\/plugins\/seo\/ -->\n<title>80T 2500MM DA66T 6+1 Axis Hydraulic Press Brake - Anhui Chensi Machinery Equipment Co., Ltd.<\/title>\n<meta name=\"robots\" content=\"index, follow, max-snippet:-1, max-image-preview:large, max-video-preview:-1\" \/>\n<link rel=\"canonical\" href=\"https:\/\/chenesme.com\/de\/produkt\/80t-2500mm-da66t-61-axis-hydraulic-press-brake\/\" \/>\n<meta property=\"og:locale\" content=\"de_DE\" \/>\n<meta property=\"og:type\" content=\"article\" \/>\n<meta property=\"og:title\" content=\"80T 2500MM DA66T 6+1 Axis Hydraulic Press Brake - Anhui Chensi Machinery Equipment Co., Ltd.\" \/>\n<meta property=\"og:description\" content=\"80T 2500MM DA66T 6+1 Axis Hydraulic Press Brake Standard export configuration\uff1a &nbsp; &nbsp; &nbsp; \u203b Germany Rexroth valve group\u203b Pipe joint Germany EMB \u203b Sunny\/First oil [\u2026]\" \/>\n<meta property=\"og:url\" content=\"https:\/\/chenesme.com\/de\/produkt\/80t-2500mm-da66t-61-axis-hydraulic-press-brake\/\" \/>\n<meta property=\"og:site_name\" content=\"Anhui Chensi Machinery Equipment Co., Ltd.\" \/>\n<meta property=\"article:modified_time\" content=\"2025-10-24T08:58:02+00:00\" \/>\n<meta property=\"og:image\" content=\"https:\/\/chenesme.com\/wp-content\/uploads\/2025\/10\/80T2500\uff2d\uff2d-DA66T-6\uff0b1-Axis-press-brake.png\" \/>\n\t<meta property=\"og:image:width\" content=\"800\" \/>\n\t<meta property=\"og:image:height\" content=\"800\" \/>\n\t<meta property=\"og:image:type\" content=\"image\/png\" \/>\n<meta name=\"twitter:card\" content=\"summary_large_image\" \/>\n<meta name=\"twitter:label1\" content=\"Gesch\u00e4tzte Lesezeit\" \/>\n\t<meta name=\"twitter:data1\" content=\"3\u00a0Minuten\" \/>\n<script type=\"application\/ld+json\" class=\"yoast-schema-graph\">{\"@context\":\"https:\/\/schema.org\",\"@graph\":[{\"@type\":\"WebPage\",\"@id\":\"https:\/\/chenesme.com\/product\/80t-2500mm-da66t-61-axis-hydraulic-press-brake\/\",\"url\":\"https:\/\/chenesme.com\/product\/80t-2500mm-da66t-61-axis-hydraulic-press-brake\/\",\"name\":\"80T 2500MM DA66T 6+1 Axis Hydraulic Press Brake - Anhui Chensi Machinery Equipment Co., Ltd.\",\"isPartOf\":{\"@id\":\"https:\/\/chenesme.com\/#website\"},\"primaryImageOfPage\":{\"@id\":\"https:\/\/chenesme.com\/product\/80t-2500mm-da66t-61-axis-hydraulic-press-brake\/#primaryimage\"},\"image\":{\"@id\":\"https:\/\/chenesme.com\/product\/80t-2500mm-da66t-61-axis-hydraulic-press-brake\/#primaryimage\"},\"thumbnailUrl\":\"https:\/\/chenesme.com\/wp-content\/uploads\/2025\/10\/80T2500\uff2d\uff2d-DA66T-6\uff0b1-Axis-press-brake.png\",\"datePublished\":\"2025-10-24T08:48:47+00:00\",\"dateModified\":\"2025-10-24T08:58:02+00:00\",\"breadcrumb\":{\"@id\":\"https:\/\/chenesme.com\/product\/80t-2500mm-da66t-61-axis-hydraulic-press-brake\/#breadcrumb\"},\"inLanguage\":\"de\",\"potentialAction\":[{\"@type\":\"ReadAction\",\"target\":[\"https:\/\/chenesme.com\/product\/80t-2500mm-da66t-61-axis-hydraulic-press-brake\/\"]}]},{\"@type\":\"ImageObject\",\"inLanguage\":\"de\",\"@id\":\"https:\/\/chenesme.com\/product\/80t-2500mm-da66t-61-axis-hydraulic-press-brake\/#primaryimage\",\"url\":\"https:\/\/chenesme.com\/wp-content\/uploads\/2025\/10\/80T2500\uff2d\uff2d-DA66T-6\uff0b1-Axis-press-brake.png\",\"contentUrl\":\"https:\/\/chenesme.com\/wp-content\/uploads\/2025\/10\/80T2500\uff2d\uff2d-DA66T-6\uff0b1-Axis-press-brake.png\",\"width\":800,\"height\":800},{\"@type\":\"BreadcrumbList\",\"@id\":\"https:\/\/chenesme.com\/product\/80t-2500mm-da66t-61-axis-hydraulic-press-brake\/#breadcrumb\",\"itemListElement\":[{\"@type\":\"ListItem\",\"position\":1,\"name\":\"Home\",\"item\":\"https:\/\/chenesme.com\/\"},{\"@type\":\"ListItem\",\"position\":2,\"name\":\"Product\",\"item\":\"https:\/\/chenesme.com\/product\/\"},{\"@type\":\"ListItem\",\"position\":3,\"name\":\"80T 2500MM DA66T 6+1 Axis Hydraulic Press Brake\"}]},{\"@type\":\"WebSite\",\"@id\":\"https:\/\/chenesme.com\/#website\",\"url\":\"https:\/\/chenesme.com\/\",\"name\":\"Anhui Chensi Machinery Equipment Co., Ltd.\",\"description\":\"Anhui Chensi Machinery Equipment Co., Ltd.\",\"potentialAction\":[{\"@type\":\"SearchAction\",\"target\":{\"@type\":\"EntryPoint\",\"urlTemplate\":\"https:\/\/chenesme.com\/?s={search_term_string}\"},\"query-input\":{\"@type\":\"PropertyValueSpecification\",\"valueRequired\":true,\"valueName\":\"search_term_string\"}}],\"inLanguage\":\"de\"}]}<\/script>\n<!-- \/ Yoast SEO plugin. -->","yoast_head_json":{"title":"80T 2500MM DA66T 6+1 Axis Hydraulic Press Brake - Anhui Chensi Machinery Equipment Co., Ltd.","robots":{"index":"index","follow":"follow","max-snippet":"max-snippet:-1","max-image-preview":"max-image-preview:large","max-video-preview":"max-video-preview:-1"},"canonical":"https:\/\/chenesme.com\/de\/produkt\/80t-2500mm-da66t-61-axis-hydraulic-press-brake\/","og_locale":"de_DE","og_type":"article","og_title":"80T 2500MM DA66T 6+1 Axis Hydraulic Press Brake - Anhui Chensi Machinery Equipment Co., Ltd.","og_description":"80T 2500MM DA66T 6+1 Axis Hydraulic Press Brake Standard export configuration\uff1a &nbsp; &nbsp; &nbsp; \u203b Germany Rexroth valve group\u203b Pipe joint Germany EMB \u203b Sunny\/First oil [\u2026]","og_url":"https:\/\/chenesme.com\/de\/produkt\/80t-2500mm-da66t-61-axis-hydraulic-press-brake\/","og_site_name":"Anhui Chensi Machinery Equipment Co., Ltd.","article_modified_time":"2025-10-24T08:58:02+00:00","og_image":[{"width":800,"height":800,"url":"https:\/\/chenesme.com\/wp-content\/uploads\/2025\/10\/80T2500\uff2d\uff2d-DA66T-6\uff0b1-Axis-press-brake.png","type":"image\/png"}],"twitter_card":"summary_large_image","twitter_misc":{"Gesch\u00e4tzte Lesezeit":"3\u00a0Minuten"},"schema":{"@context":"https:\/\/schema.org","@graph":[{"@type":"WebPage","@id":"https:\/\/chenesme.com\/product\/80t-2500mm-da66t-61-axis-hydraulic-press-brake\/","url":"https:\/\/chenesme.com\/product\/80t-2500mm-da66t-61-axis-hydraulic-press-brake\/","name":"80T 2500MM DA66T 6+1 Axis Hydraulic Press Brake - Anhui Chensi Machinery Equipment Co., Ltd.","isPartOf":{"@id":"https:\/\/chenesme.com\/#website"},"primaryImageOfPage":{"@id":"https:\/\/chenesme.com\/product\/80t-2500mm-da66t-61-axis-hydraulic-press-brake\/#primaryimage"},"image":{"@id":"https:\/\/chenesme.com\/product\/80t-2500mm-da66t-61-axis-hydraulic-press-brake\/#primaryimage"},"thumbnailUrl":"https:\/\/chenesme.com\/wp-content\/uploads\/2025\/10\/80T2500\uff2d\uff2d-DA66T-6\uff0b1-Axis-press-brake.png","datePublished":"2025-10-24T08:48:47+00:00","dateModified":"2025-10-24T08:58:02+00:00","breadcrumb":{"@id":"https:\/\/chenesme.com\/product\/80t-2500mm-da66t-61-axis-hydraulic-press-brake\/#breadcrumb"},"inLanguage":"de","potentialAction":[{"@type":"ReadAction","target":["https:\/\/chenesme.com\/product\/80t-2500mm-da66t-61-axis-hydraulic-press-brake\/"]}]},{"@type":"ImageObject","inLanguage":"de","@id":"https:\/\/chenesme.com\/product\/80t-2500mm-da66t-61-axis-hydraulic-press-brake\/#primaryimage","url":"https:\/\/chenesme.com\/wp-content\/uploads\/2025\/10\/80T2500\uff2d\uff2d-DA66T-6\uff0b1-Axis-press-brake.png","contentUrl":"https:\/\/chenesme.com\/wp-content\/uploads\/2025\/10\/80T2500\uff2d\uff2d-DA66T-6\uff0b1-Axis-press-brake.png","width":800,"height":800},{"@type":"BreadcrumbList","@id":"https:\/\/chenesme.com\/product\/80t-2500mm-da66t-61-axis-hydraulic-press-brake\/#breadcrumb","itemListElement":[{"@type":"ListItem","position":1,"name":"Home","item":"https:\/\/chenesme.com\/"},{"@type":"ListItem","position":2,"name":"Product","item":"https:\/\/chenesme.com\/product\/"},{"@type":"ListItem","position":3,"name":"80T 2500MM DA66T 6+1 Axis Hydraulic Press Brake"}]},{"@type":"WebSite","@id":"https:\/\/chenesme.com\/#website","url":"https:\/\/chenesme.com\/","name":"Anhui Chensi Machinery Equipment Co., Ltd.","description":"Anhui Chensi Machinery Equipment Co., Ltd.","potentialAction":[{"@type":"SearchAction","target":{"@type":"EntryPoint","urlTemplate":"https:\/\/chenesme.com\/?s={search_term_string}"},"query-input":{"@type":"PropertyValueSpecification","valueRequired":true,"valueName":"search_term_string"}}],"inLanguage":"de"}]}},"_links":{"self":[{"href":"https:\/\/chenesme.com\/de\/wp-json\/wp\/v2\/product\/947","targetHints":{"allow":["GET"]}}],"collection":[{"href":"https:\/\/chenesme.com\/de\/wp-json\/wp\/v2\/product"}],"about":[{"href":"https:\/\/chenesme.com\/de\/wp-json\/wp\/v2\/types\/product"}],"version-history":[{"count":1,"href":"https:\/\/chenesme.com\/de\/wp-json\/wp\/v2\/product\/947\/revisions"}],"predecessor-version":[{"id":954,"href":"https:\/\/chenesme.com\/de\/wp-json\/wp\/v2\/product\/947\/revisions\/954"}],"wp:featuredmedia":[{"embeddable":true,"href":"https:\/\/chenesme.com\/de\/wp-json\/wp\/v2\/media\/953"}],"wp:attachment":[{"href":"https:\/\/chenesme.com\/de\/wp-json\/wp\/v2\/media?parent=947"}],"wp:term":[{"taxonomy":"product_brand","embeddable":true,"href":"https:\/\/chenesme.com\/de\/wp-json\/wp\/v2\/product_brand?post=947"},{"taxonomy":"product_cat","embeddable":true,"href":"https:\/\/chenesme.com\/de\/wp-json\/wp\/v2\/product_cat?post=947"},{"taxonomy":"product_tag","embeddable":true,"href":"https:\/\/chenesme.com\/de\/wp-json\/wp\/v2\/product_tag?post=947"}],"curies":[{"name":"wp","href":"https:\/\/api.w.org\/{rel}","templated":true}]}}