{"id":999,"date":"2025-10-27T06:39:21","date_gmt":"2025-10-27T06:39:21","guid":{"rendered":"https:\/\/chenesme.com\/?post_type=product&#038;p=999"},"modified":"2025-10-27T06:48:45","modified_gmt":"2025-10-27T06:48:45","slug":"qc12y-43200mm-hydraulic-plate-swing-shearing-machine-e21s-system-shearing-machine-%e5%a4%8d%e5%88%b6-%e5%a4%8d%e5%88%b6","status":"publish","type":"product","link":"https:\/\/chenesme.com\/de\/produkt\/qc12y-43200mm-hydraulic-plate-swing-shearing-machine-e21s-system-shearing-machine-%e5%a4%8d%e5%88%b6-%e5%a4%8d%e5%88%b6\/","title":{"rendered":"6MMX2500MM CNC-Schwenkschere-Edelstahlschneidmaschine mit E21S-System"},"content":{"rendered":"<p><img fetchpriority=\"high\" decoding=\"async\" class=\"aligncenter wp-image-1005 size-full\" src=\"https:\/\/chenesme.com\/wp-content\/uploads\/2025\/10\/\u56fe4-2.jpg\" alt=\"\" width=\"800\" height=\"800\" srcset=\"https:\/\/chenesme.com\/wp-content\/uploads\/2025\/10\/\u56fe4-2.jpg 800w, https:\/\/chenesme.com\/wp-content\/uploads\/2025\/10\/\u56fe4-2-500x500.jpg 500w, https:\/\/chenesme.com\/wp-content\/uploads\/2025\/10\/\u56fe4-2-300x300.jpg 300w, https:\/\/chenesme.com\/wp-content\/uploads\/2025\/10\/\u56fe4-2-768x768.jpg 768w, https:\/\/chenesme.com\/wp-content\/uploads\/2025\/10\/\u56fe4-2-12x12.jpg 12w, https:\/\/chenesme.com\/wp-content\/uploads\/2025\/10\/\u56fe4-2-150x150.jpg 150w, https:\/\/chenesme.com\/wp-content\/uploads\/2025\/10\/\u56fe4-2-75x75.jpg 75w, https:\/\/chenesme.com\/wp-content\/uploads\/2025\/10\/\u56fe4-2-480x480.jpg 480w\" sizes=\"(max-width:767px) 480px, (max-width:800px) 100vw, 800px\" \/><\/p>\n<h4>Automatische CNC-Schneideanlage mit Schwenkschere f\u00fcr elektrische Blechspulen zur Herstellung von Transformatorenkernen. Diese CNC-Schneideanlage dient der Bearbeitung von Transformatorenkernen und Reaktorkernen. Sie ist mit einem Servomotor, einer automatischen Bewegungssteuerung (SPS) von Delta f\u00fcr pr\u00e4zise L\u00e4ngenbestimmung und einer Delta-Benutzeroberfl\u00e4che (5\u2033, 7\u2033) ausgestattet. Der Bediener kann Parameter einfach \u00fcber den Touchscreen eingeben und korrigieren. Der Eisenkern wird horizontal und vertikal in sieben Durchg\u00e4ngen bearbeitet. Die Zuf\u00fchrung erfolgt \u00fcber ein AC-Servosystem mit zentraler Positionierung.<\/h4>\n<p>&nbsp;<\/p>\n<p>&nbsp;<\/p>\n<p>&nbsp;<\/p>\n<p><img decoding=\"async\" class=\"aligncenter wp-image-1002 size-full\" src=\"https:\/\/chenesme.com\/wp-content\/uploads\/2025\/10\/\u5fae\u4fe1\u56fe\u7247_20241203150242-scaled.jpg\" alt=\"\" width=\"2560\" height=\"1920\" srcset=\"https:\/\/chenesme.com\/wp-content\/uploads\/2025\/10\/\u5fae\u4fe1\u56fe\u7247_20241203150242-scaled.jpg 2560w, https:\/\/chenesme.com\/wp-content\/uploads\/2025\/10\/\u5fae\u4fe1\u56fe\u7247_20241203150242-500x375.jpg 500w, https:\/\/chenesme.com\/wp-content\/uploads\/2025\/10\/\u5fae\u4fe1\u56fe\u7247_20241203150242-1200x900.jpg 1200w, https:\/\/chenesme.com\/wp-content\/uploads\/2025\/10\/\u5fae\u4fe1\u56fe\u7247_20241203150242-300x225.jpg 300w, https:\/\/chenesme.com\/wp-content\/uploads\/2025\/10\/\u5fae\u4fe1\u56fe\u7247_20241203150242-768x576.jpg 768w, https:\/\/chenesme.com\/wp-content\/uploads\/2025\/10\/\u5fae\u4fe1\u56fe\u7247_20241203150242-1536x1152.jpg 1536w, https:\/\/chenesme.com\/wp-content\/uploads\/2025\/10\/\u5fae\u4fe1\u56fe\u7247_20241203150242-2048x1536.jpg 2048w, https:\/\/chenesme.com\/wp-content\/uploads\/2025\/10\/\u5fae\u4fe1\u56fe\u7247_20241203150242-16x12.jpg 16w, https:\/\/chenesme.com\/wp-content\/uploads\/2025\/10\/\u5fae\u4fe1\u56fe\u7247_20241203150242-100x75.jpg 100w, https:\/\/chenesme.com\/wp-content\/uploads\/2025\/10\/\u5fae\u4fe1\u56fe\u7247_20241203150242-960x720.jpg 960w, https:\/\/chenesme.com\/wp-content\/uploads\/2025\/10\/\u5fae\u4fe1\u56fe\u7247_20241203150242-480x360.jpg 480w, https:\/\/chenesme.com\/wp-content\/uploads\/2025\/10\/\u5fae\u4fe1\u56fe\u7247_20241203150242-800x600.jpg 800w\" sizes=\"(max-width:767px) 480px, (max-width:2560px) 100vw, 2560px\" \/><\/p>\n<h2 data-key=\"22\" data-slate-type=\"p\" data-style=\"{}\"><span class=\"slate-node-text\" data-key=\"23\">Hauptmerkmale<\/span><\/h2>\n<h4 data-key=\"24\" data-slate-type=\"p\" data-style=\"{}\"><span class=\"slate-node-text\" data-key=\"25\"><span data-offset-key=\"25:0\">1. Geschwei\u00dfte Stahlblechkonstruktion, hydraulischer Antrieb, Stickstoffzylinder-R\u00fccklauf, bequeme Bedienung, zuverl\u00e4ssige Leistung, sch\u00f6nes Aussehen.<\/span><\/span><\/h4>\n<h4 data-key=\"26\" data-slate-type=\"p\" data-style=\"{}\"><span class=\"slate-node-text\" data-key=\"27\"><span data-offset-key=\"27:0\">2. Kantenverstellschilder, leichtg\u00e4ngig und schnell einstellbar, stufenloses Getriebe.<\/span><\/span><\/h4>\n<h4 data-key=\"28\" data-slate-type=\"p\" data-style=\"{}\"><span class=\"slate-node-text\" data-key=\"29\"><span data-offset-key=\"29:0\">3. Beleuchtungsvorrichtung entlang der Strecke und stufenlose Anpassung der oberen Tr\u00e4gerroute.<\/span><\/span><\/h4>\n<h4 data-key=\"30\" data-slate-type=\"p\" data-style=\"{}\"><span class=\"slate-node-text\" data-key=\"31\"><span data-offset-key=\"31:0\">4. Sicherheitsvorrichtung vom Typ Zaun.<\/span><\/span><\/h4>\n<h4><\/h4>\n<p>&nbsp;<\/p>\n<p><img decoding=\"async\" class=\"aligncenter wp-image-992 size-full\" src=\"https:\/\/chenesme.com\/wp-content\/uploads\/2025\/10\/Dingtalk_20251027100822.jpg\" alt=\"\" width=\"664\" height=\"777\" srcset=\"https:\/\/chenesme.com\/wp-content\/uploads\/2025\/10\/Dingtalk_20251027100822.jpg 664w, https:\/\/chenesme.com\/wp-content\/uploads\/2025\/10\/Dingtalk_20251027100822-427x500.jpg 427w, https:\/\/chenesme.com\/wp-content\/uploads\/2025\/10\/Dingtalk_20251027100822-256x300.jpg 256w, https:\/\/chenesme.com\/wp-content\/uploads\/2025\/10\/Dingtalk_20251027100822-10x12.jpg 10w, https:\/\/chenesme.com\/wp-content\/uploads\/2025\/10\/Dingtalk_20251027100822-64x75.jpg 64w, https:\/\/chenesme.com\/wp-content\/uploads\/2025\/10\/Dingtalk_20251027100822-480x562.jpg 480w\" sizes=\"(max-width:767px) 480px, 664px\" \/><\/p>\n<h2 data-key=\"35\" data-slate-type=\"p\" data-style=\"{}\"><span class=\"slate-node-text\" data-key=\"36\"><span data-offset-key=\"36:0\"><strong data-slate-leaf=\"true\" data-slate-type=\"strong\">Die Standardkonfiguration:<\/strong><\/span><\/span><\/h2>\n<h4 data-key=\"37\" data-slate-type=\"p\" data-style=\"{}\"><span class=\"slate-node-text\" data-key=\"38\"><span data-offset-key=\"38:0\">\u203b Eingebauter Federdruckzylinder<\/span><\/span><\/h4>\n<h4 data-key=\"39\" data-slate-type=\"p\" data-style=\"{}\"><span class=\"slate-node-text\" data-key=\"40\"><span data-offset-key=\"40:0\">\u203b Werkbank-Rollstahlkugel<\/span><\/span><\/h4>\n<h4 data-key=\"41\" data-slate-type=\"p\" data-style=\"{}\"><span class=\"slate-node-text\" data-key=\"42\"><span data-offset-key=\"42:0\">\u203b Winkelarm und vordere St\u00fctzarme<\/span><\/span><\/h4>\n<h4 data-key=\"43\" data-slate-type=\"p\" data-style=\"{}\"><span class=\"slate-node-text\" data-key=\"44\"><span data-offset-key=\"44:0\">\u203b Deutschland Bosch-Rexroth Hydraulikventilgruppe<\/span><\/span><\/h4>\n<h4 data-key=\"45\" data-slate-type=\"p\" data-style=\"{}\"><span class=\"slate-node-text\" data-key=\"46\"><span data-offset-key=\"46:0\">\u203b Deutschland EMB Schlauchverbinder<\/span><\/span><\/h4>\n<h4 data-key=\"47\" data-slate-type=\"p\" data-style=\"{}\"><span class=\"slate-node-text\" data-key=\"48\"><span data-offset-key=\"48:0\">\u203b Hauptmotor von Siemens (Deutschland)<\/span><\/span><\/h4>\n<h4 data-key=\"49\" data-slate-type=\"p\" data-style=\"{}\"><span class=\"slate-node-text\" data-key=\"50\"><span data-offset-key=\"50:0\">\u203b Frankreich Schneider Electrics<\/span><\/span><\/h4>\n<h4 data-key=\"51\" data-slate-type=\"p\" data-style=\"{}\"><span class=\"slate-node-text\" data-key=\"52\"><span data-offset-key=\"52:0\">\u203b Manuelle Einstellung des Blattspiels<\/span><\/span><\/h4>\n<h4 data-key=\"53\" data-slate-type=\"p\" data-style=\"{}\" data-slate-fragment=\"JTdCJTIyb2JqZWN0JTIyJTNBJTIyZG9jdW1lbnQlMjIlMkMlMjJkYXRhJTIyJTNBJTdCJTdEJTJDJTIybm9kZXMlMjIlM0ElNUIlN0IlMjJvYmplY3QlMjIlM0ElMjJibG9jayUyMiUyQyUyMnR5cGUlMjIlM0ElMjJwYXJhZ3JhcGglMjIlMkMlMjJpc1ZvaWQlMjIlM0FmYWxzZSUyQyUyMmRhdGElMjIlM0ElN0IlN0QlMkMlMjJub2RlcyUyMiUzQSU1QiU3QiUyMm9iamVjdCUyMiUzQSUyMnRleHQlMjIlMkMlMjJsZWF2ZXMlMjIlM0ElNUIlN0IlMjJvYmplY3QlMjIlM0ElMjJsZWFmJTIyJTJDJTIydGV4dCUyMiUzQSUyMlRoZSUyMHN0YW5kYXJkJTIwY29uZmlndXJhdGlvbiUzQSUyMiUyQyUyMm1hcmtzJTIyJTNBJTVCJTdCJTIyb2JqZWN0JTIyJTNBJTIybWFyayUyMiUyQyUyMnR5cGUlMjIlM0ElMjJDT01NT05TVFlMRSUyMiUyQyUyMmRhdGElMjIlM0ElN0IlMjJjb2xvciUyMiUzQSUyMnJnYigwJTJDJTIwMCUyQyUyMDApJTIyJTJDJTIyZm9udFNpemUlMjIlM0ElMjIyNHB4JTIyJTJDJTIyZm9udEZhbWlseSUyMiUzQSUyMk9wZW5TYW5zJTIyJTdEJTdEJTJDJTdCJTIyb2JqZWN0JTIyJTNBJTIybWFyayUyMiUyQyUyMnR5cGUlMjIlM0ElMjJCT0xEJTIyJTJDJTIyZGF0YSUyMiUzQSU3QiU3RCU3RCU1RCU3RCU1RCU3RCU1RCU3RCUyQyU3QiUyMm9iamVjdCUyMiUzQSUyMmJsb2NrJTIyJTJDJTIydHlwZSUyMiUzQSUyMnBhcmFncmFwaCUyMiUyQyUyMmlzVm9pZCUyMiUzQWZhbHNlJTJDJTIyZGF0YSUyMiUzQSU3QiU3RCUyQyUyMm5vZGVzJTIyJTNBJTVCJTdCJTIyb2JqZWN0JTIyJTNBJTIydGV4dCUyMiUyQyUyMmxlYXZlcyUyMiUzQSU1QiU3QiUyMm9iamVjdCUyMiUzQSUyMmxlYWYlMjIlMkMlMjJ0ZXh0JTIyJTNBJTIyJUUyJTgwJUJCJTIwQnVpbHQtJTIwaW4lMjBTcHJpbmclMjBQcmVzc3VyZSUyMEN5bGluZGVyJTIyJTJDJTIybWFya3MlMjIlM0ElNUIlN0IlMjJvYmplY3QlMjIlM0ElMjJtYXJrJTIyJTJDJTIydHlwZSUyMiUzQSUyMkNPTU1PTlNUWUxFJTIyJTJDJTIyZGF0YSUyMiUzQSU3QiUyMmNvbG9yJTIyJTNBJTIycmdiKDAlMkMlMjAwJTJDJTIwMCklMjIlMkMlMjJmb250U2l6ZSUyMiUzQSUyMjE4cHglMjIlMkMlMjJmb250RmFtaWx5JTIyJTNBJTIyT3BlblNhbnMlMjIlN0QlN0QlNUQlN0QlNUQlN0QlNUQlN0QlMkMlN0IlMjJvYmplY3QlMjIlM0ElMjJibG9jayUyMiUyQyUyMnR5cGUlMjIlM0ElMjJwYXJhZ3JhcGglMjIlMkMlMjJpc1ZvaWQlMjIlM0FmYWxzZSUyQyUyMmRhdGElMjIlM0ElN0IlN0QlMkMlMjJub2RlcyUyMiUzQSU1QiU3QiUyMm9iamVjdCUyMiUzQSUyMnRleHQlMjIlMkMlMjJsZWF2ZXMlMjIlM0ElNUIlN0IlMjJvYmplY3QlMjIlM0ElMjJsZWFmJTIyJTJDJTIydGV4dCUyMiUzQSUyMiVFMiU4MCVCQiUyMFdvcmtiZW5jaCUyMG9sbGluZyUyMFN0ZWVsJTIwQmFsbCUyMiUyQyUyMm1hcmtzJTIyJTNBJTVCJTdCJTIyb2JqZWN0JTIyJTNBJTIybWFyayUyMiUyQyUyMnR5cGUlMjIlM0ElMjJDT01NT05TVFlMRSUyMiUyQyUyMmRhdGElMjIlM0ElN0IlMjJjb2xvciUyMiUzQSUyMnJnYigwJTJDJTIwMCUyQyUyMDApJTIyJTJDJTIyZm9udFNpemUlMjIlM0ElMjIxOHB4JTIyJTJDJTIyZm9udEZhbWlseSUyMiUzQSUyMk9wZW5TYW5zJTIyJTdEJTdEJTVEJTdEJTVEJTdEJTVEJTdEJTJDJTdCJTIyb2JqZWN0JTIyJTNBJTIyYmxvY2slMjIlMkMlMjJ0eXBlJTIyJTNBJTIycGFyYWdyYXBoJTIyJTJDJTIyaXNWb2lkJTIyJTNBZmFsc2UlMkMlMjJkYXRhJTIyJTNBJTdCJTdEJTJDJTIybm9kZXMlMjIlM0ElNUIlN0IlMjJvYmplY3QlMjIlM0ElMjJ0ZXh0JTIyJTJDJTIybGVhdmVzJTIyJTNBJTVCJTdCJTIyb2JqZWN0JTIyJTNBJTIybGVhZiUyMiUyQyUyMnRleHQlMjIlM0ElMjIlRTIlODAlQkIlMjBTcXVhcmluZyUyMEFybSUyMGFuZCUyMEZyb250JTIwU3VwcG9ydCUyMEFybXMlMjIlMkMlMjJtYXJrcyUyMiUzQSU1QiU3QiUyMm9iamVjdCUyMiUzQSUyMm1hcmslMjIlMkMlMjJ0eXBlJTIyJTNBJTIyQ09NTU9OU1RZTEUlMjIlMkMlMjJkYXRhJTIyJTNBJTdCJTIyY29sb3IlMjIlM0ElMjJyZ2IoMCUyQyUyMDAlMkMlMjAwKSUyMiUyQyUyMmZvbnRTaXplJTIyJTNBJTIyMThweCUyMiUyQyUyMmZvbnRGYW1pbHklMjIlM0ElMjJPcGVuU2FucyUyMiU3RCU3RCU1RCU3RCU1RCU3RCU1RCU3RCUyQyU3QiUyMm9iamVjdCUyMiUzQSUyMmJsb2NrJTIyJTJDJTIydHlwZSUyMiUzQSUyMnBhcmFncmFwaCUyMiUyQyUyMmlzVm9pZCUyMiUzQWZhbHNlJTJDJTIyZGF0YSUyMiUzQSU3QiU3RCUyQyUyMm5vZGVzJTIyJTNBJTVCJTdCJTIyb2JqZWN0JTIyJTNBJTIydGV4dCUyMiUyQyUyMmxlYXZlcyUyMiUzQSU1QiU3QiUyMm9iamVjdCUyMiUzQSUyMmxlYWYlMjIlMkMlMjJ0ZXh0JTIyJTNBJTIyJUUyJTgwJUJCJTIwR2VybWFueSUyMEJvc2NoLSUyMFJleHJvdGglMjBIeWRyYXVsaWMlMjB2YWx2ZSUyMGdyb3VwJTIyJTJDJTIybWFya3MlMjIlM0ElNUIlN0IlMjJvYmplY3QlMjIlM0ElMjJtYXJrJTIyJTJDJTIydHlwZSUyMiUzQSUyMkNPTU1PTlNUWUxFJTIyJTJDJTIyZGF0YSUyMiUzQSU3QiUyMmNvbG9yJTIyJTNBJTIycmdiKDAlMkMlMjAwJTJDJTIwMCklMjIlMkMlMjJmb250U2l6ZSUyMiUzQSUyMjE4cHglMjIlMkMlMjJmb250RmFtaWx5JTIyJTNBJTIyT3BlblNhbnMlMjIlN0QlN0QlNUQlN0QlNUQlN0QlNUQlN0QlMkMlN0IlMjJvYmplY3QlMjIlM0ElMjJibG9jayUyMiUyQyUyMnR5cGUlMjIlM0ElMjJwYXJhZ3JhcGglMjIlMkMlMjJpc1ZvaWQlMjIlM0FmYWxzZSUyQyUyMmRhdGElMjIlM0ElN0IlN0QlMkMlMjJub2RlcyUyMiUzQSU1QiU3QiUyMm9iamVjdCUyMiUzQSUyMnRleHQlMjIlMkMlMjJsZWF2ZXMlMjIlM0ElNUIlN0IlMjJvYmplY3QlMjIlM0ElMjJsZWFmJTIyJTJDJTIydGV4dCUyMiUzQSUyMiVFMiU4MCVCQiUyMEdlcm1hbnklMjBFTUIlMjBUdWJpbmclMjBjb25uZWN0b3IlMjIlMkMlMjJtYXJrcyUyMiUzQSU1QiU3QiUyMm9iamVjdCUyMiUzQSUyMm1hcmslMjIlMkMlMjJ0eXBlJTIyJTNBJTIyQ09NTU9OU1RZTEUlMjIlMkMlMjJkYXRhJTIyJTNBJTdCJTIyY29sb3IlMjIlM0ElMjJyZ2IoMCUyQyUyMDAlMkMlMjAwKSUyMiUyQyUyMmZvbnRTaXplJTIyJTNBJTIyMThweCUyMiUyQyUyMmZvbnRGYW1pbHklMjIlM0ElMjJPcGVuU2FucyUyMiU3RCU3RCU1RCU3RCU1RCU3RCU1RCU3RCUyQyU3QiUyMm9iamVjdCUyMiUzQSUyMmJsb2NrJTIyJTJDJTIydHlwZSUyMiUzQSUyMnBhcmFncmFwaCUyMiUyQyUyMmlzVm9pZCUyMiUzQWZhbHNlJTJDJTIyZGF0YSUyMiUzQSU3QiU3RCUyQyUyMm5vZGVzJTIyJTNBJTVCJTdCJTIyb2JqZWN0JTIyJTNBJTIydGV4dCUyMiUyQyUyMmxlYXZlcyUyMiUzQSU1QiU3QiUyMm9iamVjdCUyMiUzQSUyMmxlYWYlMjIlMkMlMjJ0ZXh0JTIyJTNBJTIyJUUyJTgwJUJCJTIwR2VybWFueSUyMFNpZW1lbnMlMjBNYWluJTIwTW90b3IlMjIlMkMlMjJtYXJrcyUyMiUzQSU1QiU3QiUyMm9iamVjdCUyMiUzQSUyMm1hcmslMjIlMkMlMjJ0eXBlJTIyJTNBJTIyQ09NTU9OU1RZTEUlMjIlMkMlMjJkYXRhJTIyJTNBJTdCJTIyY29sb3IlMjIlM0ElMjJyZ2IoMCUyQyUyMDAlMkMlMjAwKSUyMiUyQyUyMmZvbnRTaXplJTIyJTNBJTIyMThweCUyMiUyQyUyMmZvbnRGYW1pbHklMjIlM0ElMjJPcGVuU2FucyUyMiU3RCU3RCU1RCU3RCU1RCU3RCU1RCU3RCUyQyU3QiUyMm9iamVjdCUyMiUzQSUyMmJsb2NrJTIyJTJDJTIydHlwZSUyMiUzQSUyMnBhcmFncmFwaCUyMiUyQyUyMmlzVm9pZCUyMiUzQWZhbHNlJTJDJTIyZGF0YSUyMiUzQSU3QiU3RCUyQyUyMm5vZGVzJTIyJTNBJTVCJTdCJTIyb2JqZWN0JTIyJTNBJTIydGV4dCUyMiUyQyUyMmxlYXZlcyUyMiUzQSU1QiU3QiUyMm9iamVjdCUyMiUzQSUyMmxlYWYlMjIlMkMlMjJ0ZXh0JTIyJTNBJTIyJUUyJTgwJUJCJTIwRnJhbmNlJTIwU2NobmVpZGVyJTIwRWxlY3RyaWNzJTIyJTJDJTIybWFya3MlMjIlM0ElNUIlN0IlMjJvYmplY3QlMjIlM0ElMjJtYXJrJTIyJTJDJTIydHlwZSUyMiUzQSUyMkNPTU1PTlNUWUxFJTIyJTJDJTIyZGF0YSUyMiUzQSU3QiUyMmNvbG9yJTIyJTNBJTIycmdiKDAlMkMlMjAwJTJDJTIwMCklMjIlMkMlMjJmb250U2l6ZSUyMiUzQSUyMjE4cHglMjIlMkMlMjJmb250RmFtaWx5JTIyJTNBJTIyT3BlblNhbnMlMjIlN0QlN0QlNUQlN0QlNUQlN0QlNUQlN0QlMkMlN0IlMjJvYmplY3QlMjIlM0ElMjJibG9jayUyMiUyQyUyMnR5cGUlMjIlM0ElMjJwYXJhZ3JhcGglMjIlMkMlMjJpc1ZvaWQlMjIlM0FmYWxzZSUyQyUyMmRhdGElMjIlM0ElN0IlN0QlMkMlMjJub2RlcyUyMiUzQSU1QiU3QiUyMm9iamVjdCUyMiUzQSUyMnRleHQlMjIlMkMlMjJsZWF2ZXMlMjIlM0ElNUIlN0IlMjJvYmplY3QlMjIlM0ElMjJsZWFmJTIyJTJDJTIydGV4dCUyMiUzQSUyMiVFMiU4MCVCQiUyME1hbnVhbCUyMEJsYWQlMjBjbGVhcmFuY2UlMjBhZGp1c3RtZW50JTIyJTJDJTIybWFya3MlMjIlM0ElNUIlN0IlMjJvYmplY3QlMjIlM0ElMjJtYXJrJTIyJTJDJTIydHlwZSUyMiUzQSUyMkNPTU1PTlNUWUxFJTIyJTJDJTIyZGF0YSUyMiUzQSU3QiUyMmNvbG9yJTIyJTNBJTIycmdiKDAlMkMlMjAwJTJDJTIwMCklMjIlMkMlMjJmb250U2l6ZSUyMiUzQSUyMjE4cHglMjIlMkMlMjJmb250RmFtaWx5JTIyJTNBJTIyT3BlblNhbnMlMjIlN0QlN0QlNUQlN0QlNUQlN0QlNUQlN0QlMkMlN0IlMjJvYmplY3QlMjIlM0ElMjJibG9jayUyMiUyQyUyMnR5cGUlMjIlM0ElMjJwYXJhZ3JhcGglMjIlMkMlMjJpc1ZvaWQlMjIlM0FmYWxzZSUyQyUyMmRhdGElMjIlM0ElN0IlN0QlMkMlMjJub2RlcyUyMiUzQSU1QiU3QiUyMm9iamVjdCUyMiUzQSUyMnRleHQlMjIlMkMlMjJsZWF2ZXMlMjIlM0ElNUIlN0IlMjJvYmplY3QlMjIlM0ElMjJsZWFmJTIyJTJDJTIydGV4dCUyMiUzQSUyMiVFMiU4MCVCQiUyME9uZSUyMHNldCUyMG9mJTIwZGlhbW9uZCUyMGJsYWRlJTIwKHVwcGVyJTIwYW5kJTIwbG93ZXIpJTIwbWF0ZXJpYWxzJTIwaXMlMjA2Q3JXMlNpJTIyJTJDJTIybWFya3MlMjIlM0ElNUIlN0IlMjJvYmplY3QlMjIlM0ElMjJtYXJrJTIyJTJDJTIydHlwZSUyMiUzQSUyMkNPTU1PTlNUWUxFJTIyJTJDJTIyZGF0YSUyMiUzQSU3QiUyMmNvbG9yJTIyJTNBJTIycmdiKDAlMkMlMjAwJTJDJTIwMCklMjIlMkMlMjJmb250U2l6ZSUyMiUzQSUyMjE4cHglMjIlMkMlMjJmb250RmFtaWx5JTIyJTNBJTIyT3BlblNhbnMlMjIlN0QlN0QlNUQlN0QlNUQlN0QlNUQlN0QlNUQlN0Q=\"><span class=\"slate-node-text\" data-key=\"54\"><span data-offset-key=\"54:0\">\u203b Ein Satz Diamanttrennscheiben (oben und unten) besteht aus 6CrW2Si.<\/span><\/span><\/h4>","protected":false},"excerpt":{"rendered":"<p>Die hydraulische Guillotine-Schermaschine verwendet Hydraulik\u00f6l als Medium und einen Elektromotor sowie eine Hydraulik\u00f6lpumpe als Antriebsquelle. \u00dcber die Ventilgruppe wird der \u00d6lzylinder bet\u00e4tigt, um die Schermaschine auf und ab zu bewegen und das Material zu scheren. Dadurch wird sichergestellt, dass die Schermaschine nicht \u00fcberlastet wird und die Werkzeugmaschine nicht besch\u00e4digt wird. Der Scherwinkel l\u00e4sst sich einstellen, wodurch der Schereffekt besser und gleichm\u00e4\u00dfiger wird.<\/p>","protected":false},"featured_media":1005,"template":"","meta":{"_joinchat":[]},"product_brand":[],"product_cat":[19],"product_tag":[],"class_list":{"0":"post-999","1":"product","2":"type-product","3":"status-publish","4":"has-post-thumbnail","6":"product_cat-hydraulic-shearing-machine","8":"first","9":"instock","10":"shipping-taxable","11":"product-type-external"},"yoast_head":"<!-- This site is optimized with the Yoast SEO plugin v25.6 - https:\/\/yoast.com\/wordpress\/plugins\/seo\/ -->\n<title>6MMX2500MM CNC swing shears stainless steel cutting machine with E21S system - Anhui Chensi Machinery Equipment Co., Ltd.<\/title>\n<meta name=\"robots\" content=\"index, follow, max-snippet:-1, max-image-preview:large, max-video-preview:-1\" \/>\n<link rel=\"canonical\" href=\"https:\/\/chenesme.com\/de\/produkt\/qc12y-43200mm-hydraulic-plate-swing-shearing-machine-e21s-system-shearing-machine-\u590d\u5236-\u590d\u5236\/\" \/>\n<meta property=\"og:locale\" content=\"de_DE\" \/>\n<meta property=\"og:type\" content=\"article\" \/>\n<meta property=\"og:title\" content=\"6MMX2500MM CNC swing shears stainless steel cutting machine with E21S system - Anhui Chensi Machinery Equipment Co., Ltd.\" \/>\n<meta property=\"og:description\" content=\"The hydraulic guillotine shearing machine uses hydraulic oil as a medium, and uses an electric motor and a hydraulic oil pump as a power source. Through the valve group, the oil cylinder is acted on to make the shearing machine move up and down to shear the material. This ensures that the shearing machine will not be overloaded and cause damage to the machine tool. Its shearing angle can be adjusted, which makes the shearing effect better and smoother.\" \/>\n<meta property=\"og:url\" content=\"https:\/\/chenesme.com\/de\/produkt\/qc12y-43200mm-hydraulic-plate-swing-shearing-machine-e21s-system-shearing-machine-\u590d\u5236-\u590d\u5236\/\" \/>\n<meta property=\"og:site_name\" content=\"Anhui Chensi Machinery Equipment Co., Ltd.\" \/>\n<meta property=\"article:modified_time\" content=\"2025-10-27T06:48:45+00:00\" \/>\n<meta property=\"og:image\" content=\"https:\/\/chenesme.com\/wp-content\/uploads\/2025\/10\/\u56fe4-2.jpg\" \/>\n\t<meta property=\"og:image:width\" content=\"800\" \/>\n\t<meta property=\"og:image:height\" content=\"800\" \/>\n\t<meta property=\"og:image:type\" content=\"image\/jpeg\" \/>\n<meta name=\"twitter:card\" content=\"summary_large_image\" \/>\n<meta name=\"twitter:label1\" content=\"Gesch\u00e4tzte Lesezeit\" \/>\n\t<meta name=\"twitter:data1\" content=\"2\u00a0Minuten\" \/>\n<script type=\"application\/ld+json\" class=\"yoast-schema-graph\">{\"@context\":\"https:\/\/schema.org\",\"@graph\":[{\"@type\":\"WebPage\",\"@id\":\"https:\/\/chenesme.com\/product\/qc12y-43200mm-hydraulic-plate-swing-shearing-machine-e21s-system-shearing-machine-%e5%a4%8d%e5%88%b6-%e5%a4%8d%e5%88%b6\/\",\"url\":\"https:\/\/chenesme.com\/product\/qc12y-43200mm-hydraulic-plate-swing-shearing-machine-e21s-system-shearing-machine-%e5%a4%8d%e5%88%b6-%e5%a4%8d%e5%88%b6\/\",\"name\":\"6MMX2500MM CNC swing shears stainless steel cutting machine with E21S system - Anhui Chensi Machinery Equipment Co., Ltd.\",\"isPartOf\":{\"@id\":\"https:\/\/chenesme.com\/#website\"},\"primaryImageOfPage\":{\"@id\":\"https:\/\/chenesme.com\/product\/qc12y-43200mm-hydraulic-plate-swing-shearing-machine-e21s-system-shearing-machine-%e5%a4%8d%e5%88%b6-%e5%a4%8d%e5%88%b6\/#primaryimage\"},\"image\":{\"@id\":\"https:\/\/chenesme.com\/product\/qc12y-43200mm-hydraulic-plate-swing-shearing-machine-e21s-system-shearing-machine-%e5%a4%8d%e5%88%b6-%e5%a4%8d%e5%88%b6\/#primaryimage\"},\"thumbnailUrl\":\"https:\/\/chenesme.com\/wp-content\/uploads\/2025\/10\/\u56fe4-2.jpg\",\"datePublished\":\"2025-10-27T06:39:21+00:00\",\"dateModified\":\"2025-10-27T06:48:45+00:00\",\"breadcrumb\":{\"@id\":\"https:\/\/chenesme.com\/product\/qc12y-43200mm-hydraulic-plate-swing-shearing-machine-e21s-system-shearing-machine-%e5%a4%8d%e5%88%b6-%e5%a4%8d%e5%88%b6\/#breadcrumb\"},\"inLanguage\":\"de\",\"potentialAction\":[{\"@type\":\"ReadAction\",\"target\":[\"https:\/\/chenesme.com\/product\/qc12y-43200mm-hydraulic-plate-swing-shearing-machine-e21s-system-shearing-machine-%e5%a4%8d%e5%88%b6-%e5%a4%8d%e5%88%b6\/\"]}]},{\"@type\":\"ImageObject\",\"inLanguage\":\"de\",\"@id\":\"https:\/\/chenesme.com\/product\/qc12y-43200mm-hydraulic-plate-swing-shearing-machine-e21s-system-shearing-machine-%e5%a4%8d%e5%88%b6-%e5%a4%8d%e5%88%b6\/#primaryimage\",\"url\":\"https:\/\/chenesme.com\/wp-content\/uploads\/2025\/10\/\u56fe4-2.jpg\",\"contentUrl\":\"https:\/\/chenesme.com\/wp-content\/uploads\/2025\/10\/\u56fe4-2.jpg\",\"width\":800,\"height\":800},{\"@type\":\"BreadcrumbList\",\"@id\":\"https:\/\/chenesme.com\/product\/qc12y-43200mm-hydraulic-plate-swing-shearing-machine-e21s-system-shearing-machine-%e5%a4%8d%e5%88%b6-%e5%a4%8d%e5%88%b6\/#breadcrumb\",\"itemListElement\":[{\"@type\":\"ListItem\",\"position\":1,\"name\":\"Home\",\"item\":\"https:\/\/chenesme.com\/\"},{\"@type\":\"ListItem\",\"position\":2,\"name\":\"Product\",\"item\":\"https:\/\/chenesme.com\/product\/\"},{\"@type\":\"ListItem\",\"position\":3,\"name\":\"6MMX2500MM CNC swing shears stainless steel cutting machine with E21S system\"}]},{\"@type\":\"WebSite\",\"@id\":\"https:\/\/chenesme.com\/#website\",\"url\":\"https:\/\/chenesme.com\/\",\"name\":\"Anhui Chensi Machinery Equipment Co., Ltd.\",\"description\":\"Anhui Chensi Machinery Equipment Co., Ltd.\",\"potentialAction\":[{\"@type\":\"SearchAction\",\"target\":{\"@type\":\"EntryPoint\",\"urlTemplate\":\"https:\/\/chenesme.com\/?s={search_term_string}\"},\"query-input\":{\"@type\":\"PropertyValueSpecification\",\"valueRequired\":true,\"valueName\":\"search_term_string\"}}],\"inLanguage\":\"de\"}]}<\/script>\n<!-- \/ Yoast SEO plugin. -->","yoast_head_json":{"title":"6MMX2500MM CNC swing shears stainless steel cutting machine with E21S system - Anhui Chensi Machinery Equipment Co., Ltd.","robots":{"index":"index","follow":"follow","max-snippet":"max-snippet:-1","max-image-preview":"max-image-preview:large","max-video-preview":"max-video-preview:-1"},"canonical":"https:\/\/chenesme.com\/de\/produkt\/qc12y-43200mm-hydraulic-plate-swing-shearing-machine-e21s-system-shearing-machine-\u590d\u5236-\u590d\u5236\/","og_locale":"de_DE","og_type":"article","og_title":"6MMX2500MM CNC swing shears stainless steel cutting machine with E21S system - Anhui Chensi Machinery Equipment Co., Ltd.","og_description":"The hydraulic guillotine shearing machine uses hydraulic oil as a medium, and uses an electric motor and a hydraulic oil pump as a power source. Through the valve group, the oil cylinder is acted on to make the shearing machine move up and down to shear the material. This ensures that the shearing machine will not be overloaded and cause damage to the machine tool. Its shearing angle can be adjusted, which makes the shearing effect better and smoother.","og_url":"https:\/\/chenesme.com\/de\/produkt\/qc12y-43200mm-hydraulic-plate-swing-shearing-machine-e21s-system-shearing-machine-\u590d\u5236-\u590d\u5236\/","og_site_name":"Anhui Chensi Machinery Equipment Co., Ltd.","article_modified_time":"2025-10-27T06:48:45+00:00","og_image":[{"width":800,"height":800,"url":"https:\/\/chenesme.com\/wp-content\/uploads\/2025\/10\/\u56fe4-2.jpg","type":"image\/jpeg"}],"twitter_card":"summary_large_image","twitter_misc":{"Gesch\u00e4tzte Lesezeit":"2\u00a0Minuten"},"schema":{"@context":"https:\/\/schema.org","@graph":[{"@type":"WebPage","@id":"https:\/\/chenesme.com\/product\/qc12y-43200mm-hydraulic-plate-swing-shearing-machine-e21s-system-shearing-machine-%e5%a4%8d%e5%88%b6-%e5%a4%8d%e5%88%b6\/","url":"https:\/\/chenesme.com\/product\/qc12y-43200mm-hydraulic-plate-swing-shearing-machine-e21s-system-shearing-machine-%e5%a4%8d%e5%88%b6-%e5%a4%8d%e5%88%b6\/","name":"6MMX2500MM CNC swing shears stainless steel cutting machine with E21S system - Anhui Chensi Machinery Equipment Co., Ltd.","isPartOf":{"@id":"https:\/\/chenesme.com\/#website"},"primaryImageOfPage":{"@id":"https:\/\/chenesme.com\/product\/qc12y-43200mm-hydraulic-plate-swing-shearing-machine-e21s-system-shearing-machine-%e5%a4%8d%e5%88%b6-%e5%a4%8d%e5%88%b6\/#primaryimage"},"image":{"@id":"https:\/\/chenesme.com\/product\/qc12y-43200mm-hydraulic-plate-swing-shearing-machine-e21s-system-shearing-machine-%e5%a4%8d%e5%88%b6-%e5%a4%8d%e5%88%b6\/#primaryimage"},"thumbnailUrl":"https:\/\/chenesme.com\/wp-content\/uploads\/2025\/10\/\u56fe4-2.jpg","datePublished":"2025-10-27T06:39:21+00:00","dateModified":"2025-10-27T06:48:45+00:00","breadcrumb":{"@id":"https:\/\/chenesme.com\/product\/qc12y-43200mm-hydraulic-plate-swing-shearing-machine-e21s-system-shearing-machine-%e5%a4%8d%e5%88%b6-%e5%a4%8d%e5%88%b6\/#breadcrumb"},"inLanguage":"de","potentialAction":[{"@type":"ReadAction","target":["https:\/\/chenesme.com\/product\/qc12y-43200mm-hydraulic-plate-swing-shearing-machine-e21s-system-shearing-machine-%e5%a4%8d%e5%88%b6-%e5%a4%8d%e5%88%b6\/"]}]},{"@type":"ImageObject","inLanguage":"de","@id":"https:\/\/chenesme.com\/product\/qc12y-43200mm-hydraulic-plate-swing-shearing-machine-e21s-system-shearing-machine-%e5%a4%8d%e5%88%b6-%e5%a4%8d%e5%88%b6\/#primaryimage","url":"https:\/\/chenesme.com\/wp-content\/uploads\/2025\/10\/\u56fe4-2.jpg","contentUrl":"https:\/\/chenesme.com\/wp-content\/uploads\/2025\/10\/\u56fe4-2.jpg","width":800,"height":800},{"@type":"BreadcrumbList","@id":"https:\/\/chenesme.com\/product\/qc12y-43200mm-hydraulic-plate-swing-shearing-machine-e21s-system-shearing-machine-%e5%a4%8d%e5%88%b6-%e5%a4%8d%e5%88%b6\/#breadcrumb","itemListElement":[{"@type":"ListItem","position":1,"name":"Home","item":"https:\/\/chenesme.com\/"},{"@type":"ListItem","position":2,"name":"Product","item":"https:\/\/chenesme.com\/product\/"},{"@type":"ListItem","position":3,"name":"6MMX2500MM CNC swing shears stainless steel cutting machine with E21S system"}]},{"@type":"WebSite","@id":"https:\/\/chenesme.com\/#website","url":"https:\/\/chenesme.com\/","name":"Anhui Chensi Machinery Equipment Co., Ltd.","description":"Anhui Chensi Machinery Equipment Co., Ltd.","potentialAction":[{"@type":"SearchAction","target":{"@type":"EntryPoint","urlTemplate":"https:\/\/chenesme.com\/?s={search_term_string}"},"query-input":{"@type":"PropertyValueSpecification","valueRequired":true,"valueName":"search_term_string"}}],"inLanguage":"de"}]}},"_links":{"self":[{"href":"https:\/\/chenesme.com\/de\/wp-json\/wp\/v2\/product\/999","targetHints":{"allow":["GET"]}}],"collection":[{"href":"https:\/\/chenesme.com\/de\/wp-json\/wp\/v2\/product"}],"about":[{"href":"https:\/\/chenesme.com\/de\/wp-json\/wp\/v2\/types\/product"}],"version-history":[{"count":3,"href":"https:\/\/chenesme.com\/de\/wp-json\/wp\/v2\/product\/999\/revisions"}],"predecessor-version":[{"id":1023,"href":"https:\/\/chenesme.com\/de\/wp-json\/wp\/v2\/product\/999\/revisions\/1023"}],"wp:featuredmedia":[{"embeddable":true,"href":"https:\/\/chenesme.com\/de\/wp-json\/wp\/v2\/media\/1005"}],"wp:attachment":[{"href":"https:\/\/chenesme.com\/de\/wp-json\/wp\/v2\/media?parent=999"}],"wp:term":[{"taxonomy":"product_brand","embeddable":true,"href":"https:\/\/chenesme.com\/de\/wp-json\/wp\/v2\/product_brand?post=999"},{"taxonomy":"product_cat","embeddable":true,"href":"https:\/\/chenesme.com\/de\/wp-json\/wp\/v2\/product_cat?post=999"},{"taxonomy":"product_tag","embeddable":true,"href":"https:\/\/chenesme.com\/de\/wp-json\/wp\/v2\/product_tag?post=999"}],"curies":[{"name":"wp","href":"https:\/\/api.w.org\/{rel}","templated":true}]}}