{"id":1022,"date":"2025-10-27T07:15:19","date_gmt":"2025-10-27T07:15:19","guid":{"rendered":"https:\/\/chenesme.com\/?post_type=product&#038;p=1022"},"modified":"2025-10-27T07:43:10","modified_gmt":"2025-10-27T07:43:10","slug":"the-pure-electric-press-brake-good-quality","status":"publish","type":"product","link":"https:\/\/chenesme.com\/es\/producto\/the-pure-electric-press-brake-good-quality\/","title":{"rendered":"La prensa plegadora el\u00e9ctrica pura a buen precio"},"content":{"rendered":"<h3><strong>Prensa plegadora totalmente el\u00e9ctrica<\/strong><\/h3>\n<p>La prensa plegadora el\u00e9ctrica pura, dise\u00f1ada para satisfacer las demandas cambiantes de los talleres modernos, plantas de fabricaci\u00f3n e instalaciones de procesamiento de metales, esta m\u00e1quina redefine lo que es posible en las operaciones de plegado, ofreciendo resultados consistentes y reduciendo los costos operativos.<\/p>\n<p><img fetchpriority=\"high\" decoding=\"async\" class=\"wp-image-1027 alignleft\" src=\"https:\/\/chenesme.com\/wp-content\/uploads\/2025\/10\/6T400.png\" alt=\"\" width=\"613\" height=\"777\" srcset=\"https:\/\/chenesme.com\/wp-content\/uploads\/2025\/10\/6T400.png 672w, https:\/\/chenesme.com\/wp-content\/uploads\/2025\/10\/6T400-394x500.png 394w, https:\/\/chenesme.com\/wp-content\/uploads\/2025\/10\/6T400-237x300.png 237w, https:\/\/chenesme.com\/wp-content\/uploads\/2025\/10\/6T400-9x12.png 9w, https:\/\/chenesme.com\/wp-content\/uploads\/2025\/10\/6T400-59x75.png 59w, https:\/\/chenesme.com\/wp-content\/uploads\/2025\/10\/6T400-480x609.png 480w\" sizes=\"(max-width:767px) 480px, 613px\" \/><\/p>\n<p>&nbsp;<\/p>\n<p>&nbsp;<\/p>\n<p>&nbsp;<\/p>\n<p>&nbsp;<\/p>\n<p>&nbsp;<\/p>\n<p>&nbsp;<\/p>\n<p>&nbsp;<\/p>\n<p>&nbsp;<\/p>\n<p>&nbsp;<\/p>\n<p>&nbsp;<\/p>\n<p>&nbsp;<\/p>\n<p>&nbsp;<\/p>\n<p>&nbsp;<\/p>\n<p>&nbsp;<\/p>\n<p>&nbsp;<\/p>\n<p>&nbsp;<\/p>\n<p>&nbsp;<\/p>\n<p>&nbsp;<\/p>\n<p>&nbsp;<\/p>\n<p>&nbsp;<\/p>\n<p>&nbsp;<\/p>\n<p>\u2013 Excelencia en ahorro de energ\u00eda: a diferencia de las m\u00e1quinas dobladoras hidr\u00e1ulicas tradicionales, nuestro modelo el\u00e9ctrico funciona con un sistema de servomotor de alta eficiencia que consume hasta 60% menos energ\u00eda, lo que reduce sus facturas de servicios p\u00fablicos y su huella de carbono.<br \/>\nPrecisi\u00f3n microm\u00e9trica: Equipada con un sistema de control CNC y gu\u00edas lineales de alta precisi\u00f3n, esta m\u00e1quina alcanza una precisi\u00f3n de plegado de \u00b10,01 mm. El cilindro servoaccionado garantiza un plegado suave.<br \/>\n\u2013 Operaci\u00f3n ultrarr\u00e1pida: con velocidad de posicionamiento r\u00e1pida (hasta 150 mm\/s) y respuesta instant\u00e1nea a los comandos de control<br \/>\n\u2013 Silencioso y ecol\u00f3gico: diga adi\u00f3s al ruido fuerte de los sistemas hidr\u00e1ulicos<br \/>\n\u2013 Duradero y de bajo mantenimiento: el sistema de accionamiento totalmente el\u00e9ctrico tiene menos piezas m\u00f3viles que los modelos hidr\u00e1ulicos, lo que reduce el desgaste.<\/p>\n<p><img decoding=\"async\" class=\"wp-image-1001 alignleft\" src=\"https:\/\/chenesme.com\/wp-content\/uploads\/2025\/10\/press-brake-scaled.jpg\" alt=\"\" width=\"635\" height=\"476\" srcset=\"https:\/\/chenesme.com\/wp-content\/uploads\/2025\/10\/press-brake-scaled.jpg 2560w, https:\/\/chenesme.com\/wp-content\/uploads\/2025\/10\/press-brake-500x375.jpg 500w, https:\/\/chenesme.com\/wp-content\/uploads\/2025\/10\/press-brake-1200x900.jpg 1200w, https:\/\/chenesme.com\/wp-content\/uploads\/2025\/10\/press-brake-300x225.jpg 300w, https:\/\/chenesme.com\/wp-content\/uploads\/2025\/10\/press-brake-768x576.jpg 768w, https:\/\/chenesme.com\/wp-content\/uploads\/2025\/10\/press-brake-1536x1152.jpg 1536w, https:\/\/chenesme.com\/wp-content\/uploads\/2025\/10\/press-brake-2048x1536.jpg 2048w, https:\/\/chenesme.com\/wp-content\/uploads\/2025\/10\/press-brake-16x12.jpg 16w, https:\/\/chenesme.com\/wp-content\/uploads\/2025\/10\/press-brake-100x75.jpg 100w, https:\/\/chenesme.com\/wp-content\/uploads\/2025\/10\/press-brake-960x720.jpg 960w, https:\/\/chenesme.com\/wp-content\/uploads\/2025\/10\/press-brake-480x360.jpg 480w, https:\/\/chenesme.com\/wp-content\/uploads\/2025\/10\/press-brake-800x600.jpg 800w\" sizes=\"(max-width:767px) 480px, 635px\" \/><\/p>\n<p>&nbsp;<\/p>\n<h4><\/h4>\n<h4><\/h4>\n<h4><\/h4>\n<h4><\/h4>\n<h4><\/h4>\n<h4><\/h4>\n<h4><\/h4>\n<h4><\/h4>\n<h4><\/h4>\n<h4>Amplia gama de aplicaciones<\/h4>\n<p>Nuestra prensa plegadora totalmente el\u00e9ctrica es lo suficientemente vers\u00e1til para manejar diversos materiales e industrias, incluidos:<\/p>\n<p>\u2013 Automotriz: Doblado de componentes de chasis, piezas de escape y accesorios met\u00e1licos interiores.<\/p>\n<p>\u2013 Aeroespacial: Plegado de precisi\u00f3n de piezas de aleaci\u00f3n de aluminio y titanio<\/p>\n<p>\u2013 Electr\u00f3nica: Fabricaci\u00f3n de racks de servidores, carcasas de armarios de control y disipadores de calor.<\/p>\n<p>\u2013 Construcci\u00f3n: Producci\u00f3n de montantes met\u00e1licos, perfiles met\u00e1licos decorativos y soportes para tuber\u00edas.<\/p>\n<p>\u2013 Ferreter\u00eda: Fabricaci\u00f3n de bisagras, soportes y componentes de herramientas.<\/p>","protected":false},"excerpt":{"rendered":"<p>Las prensas plegadoras el\u00e9ctricas ofrecen una eficiencia energ\u00e9tica superior, son respetuosas con el medio ambiente, tienen una precisi\u00f3n de plegado superior y bajos costes de mantenimiento. Estas ventajas las convierten en una opci\u00f3n atractiva para los fabricantes que buscan reducir el consumo energ\u00e9tico, minimizar el impacto ambiental y mejorar la eficiencia de la producci\u00f3n.<\/p>","protected":false},"featured_media":1025,"template":"","meta":{"_joinchat":[]},"product_brand":[],"product_cat":[18],"product_tag":[],"class_list":{"0":"post-1022","1":"product","2":"type-product","3":"status-publish","4":"has-post-thumbnail","6":"product_cat-pure-electric-press-brake","8":"first","9":"instock","10":"shipping-taxable","11":"product-type-external"},"yoast_head":"<!-- This site is optimized with the Yoast SEO plugin v25.6 - https:\/\/yoast.com\/wordpress\/plugins\/seo\/ -->\n<title>The Pure Electric Press Brake Good Price - Anhui Chensi Machinery Equipment Co., Ltd.<\/title>\n<meta name=\"description\" content=\"The Pure Electric Press Brake,superior precision and quieter operation for a sustainable workshop.Zero Hydraulics, Maximum Efficiency\" \/>\n<meta name=\"robots\" content=\"index, follow, max-snippet:-1, max-image-preview:large, max-video-preview:-1\" \/>\n<link rel=\"canonical\" href=\"https:\/\/chenesme.com\/es\/producto\/the-pure-electric-press-brake-good-quality\/\" \/>\n<meta property=\"og:locale\" content=\"es_ES\" \/>\n<meta property=\"og:type\" content=\"article\" \/>\n<meta property=\"og:title\" content=\"The Pure Electric Press Brake Good Price - Anhui Chensi Machinery Equipment Co., Ltd.\" \/>\n<meta property=\"og:description\" content=\"The Pure Electric Press Brake,superior precision and quieter operation for a sustainable workshop.Zero Hydraulics, Maximum Efficiency\" \/>\n<meta property=\"og:url\" content=\"https:\/\/chenesme.com\/es\/producto\/the-pure-electric-press-brake-good-quality\/\" \/>\n<meta property=\"og:site_name\" content=\"Anhui Chensi Machinery Equipment Co., Ltd.\" \/>\n<meta property=\"article:modified_time\" content=\"2025-10-27T07:43:10+00:00\" \/>\n<meta property=\"og:image\" content=\"https:\/\/chenesme.com\/wp-content\/uploads\/2025\/10\/electric-press-brakre.png\" \/>\n\t<meta property=\"og:image:width\" content=\"707\" \/>\n\t<meta property=\"og:image:height\" content=\"707\" \/>\n\t<meta property=\"og:image:type\" content=\"image\/png\" \/>\n<meta name=\"twitter:card\" content=\"summary_large_image\" \/>\n<meta name=\"twitter:label1\" content=\"Tiempo de lectura\" \/>\n\t<meta name=\"twitter:data1\" content=\"2 minutos\" \/>\n<script type=\"application\/ld+json\" class=\"yoast-schema-graph\">{\"@context\":\"https:\/\/schema.org\",\"@graph\":[{\"@type\":\"WebPage\",\"@id\":\"https:\/\/chenesme.com\/product\/the-pure-electric-press-brake-good-quality\/\",\"url\":\"https:\/\/chenesme.com\/product\/the-pure-electric-press-brake-good-quality\/\",\"name\":\"The Pure Electric Press Brake Good Price - Anhui Chensi Machinery Equipment Co., Ltd.\",\"isPartOf\":{\"@id\":\"https:\/\/chenesme.com\/#website\"},\"primaryImageOfPage\":{\"@id\":\"https:\/\/chenesme.com\/product\/the-pure-electric-press-brake-good-quality\/#primaryimage\"},\"image\":{\"@id\":\"https:\/\/chenesme.com\/product\/the-pure-electric-press-brake-good-quality\/#primaryimage\"},\"thumbnailUrl\":\"https:\/\/chenesme.com\/wp-content\/uploads\/2025\/10\/electric-press-brakre.png\",\"datePublished\":\"2025-10-27T07:15:19+00:00\",\"dateModified\":\"2025-10-27T07:43:10+00:00\",\"description\":\"The Pure Electric Press Brake,superior precision and quieter operation for a sustainable workshop.Zero Hydraulics, Maximum Efficiency\",\"breadcrumb\":{\"@id\":\"https:\/\/chenesme.com\/product\/the-pure-electric-press-brake-good-quality\/#breadcrumb\"},\"inLanguage\":\"es\",\"potentialAction\":[{\"@type\":\"ReadAction\",\"target\":[\"https:\/\/chenesme.com\/product\/the-pure-electric-press-brake-good-quality\/\"]}]},{\"@type\":\"ImageObject\",\"inLanguage\":\"es\",\"@id\":\"https:\/\/chenesme.com\/product\/the-pure-electric-press-brake-good-quality\/#primaryimage\",\"url\":\"https:\/\/chenesme.com\/wp-content\/uploads\/2025\/10\/electric-press-brakre.png\",\"contentUrl\":\"https:\/\/chenesme.com\/wp-content\/uploads\/2025\/10\/electric-press-brakre.png\",\"width\":707,\"height\":707},{\"@type\":\"BreadcrumbList\",\"@id\":\"https:\/\/chenesme.com\/product\/the-pure-electric-press-brake-good-quality\/#breadcrumb\",\"itemListElement\":[{\"@type\":\"ListItem\",\"position\":1,\"name\":\"Home\",\"item\":\"https:\/\/chenesme.com\/\"},{\"@type\":\"ListItem\",\"position\":2,\"name\":\"Product\",\"item\":\"https:\/\/chenesme.com\/product\/\"},{\"@type\":\"ListItem\",\"position\":3,\"name\":\"The Pure Electric Press Brake Good Price\"}]},{\"@type\":\"WebSite\",\"@id\":\"https:\/\/chenesme.com\/#website\",\"url\":\"https:\/\/chenesme.com\/\",\"name\":\"Anhui Chensi Machinery Equipment Co., Ltd.\",\"description\":\"Anhui Chensi Machinery Equipment Co., Ltd.\",\"potentialAction\":[{\"@type\":\"SearchAction\",\"target\":{\"@type\":\"EntryPoint\",\"urlTemplate\":\"https:\/\/chenesme.com\/?s={search_term_string}\"},\"query-input\":{\"@type\":\"PropertyValueSpecification\",\"valueRequired\":true,\"valueName\":\"search_term_string\"}}],\"inLanguage\":\"es\"}]}<\/script>\n<!-- \/ Yoast SEO plugin. -->","yoast_head_json":{"title":"The Pure Electric Press Brake Good Price - Anhui Chensi Machinery Equipment Co., Ltd.","description":"The Pure Electric Press Brake,superior precision and quieter operation for a sustainable workshop.Zero Hydraulics, Maximum Efficiency","robots":{"index":"index","follow":"follow","max-snippet":"max-snippet:-1","max-image-preview":"max-image-preview:large","max-video-preview":"max-video-preview:-1"},"canonical":"https:\/\/chenesme.com\/es\/producto\/the-pure-electric-press-brake-good-quality\/","og_locale":"es_ES","og_type":"article","og_title":"The Pure Electric Press Brake Good Price - Anhui Chensi Machinery Equipment Co., Ltd.","og_description":"The Pure Electric Press Brake,superior precision and quieter operation for a sustainable workshop.Zero Hydraulics, Maximum Efficiency","og_url":"https:\/\/chenesme.com\/es\/producto\/the-pure-electric-press-brake-good-quality\/","og_site_name":"Anhui Chensi Machinery Equipment Co., Ltd.","article_modified_time":"2025-10-27T07:43:10+00:00","og_image":[{"width":707,"height":707,"url":"https:\/\/chenesme.com\/wp-content\/uploads\/2025\/10\/electric-press-brakre.png","type":"image\/png"}],"twitter_card":"summary_large_image","twitter_misc":{"Tiempo de lectura":"2 minutos"},"schema":{"@context":"https:\/\/schema.org","@graph":[{"@type":"WebPage","@id":"https:\/\/chenesme.com\/product\/the-pure-electric-press-brake-good-quality\/","url":"https:\/\/chenesme.com\/product\/the-pure-electric-press-brake-good-quality\/","name":"The Pure Electric Press Brake Good Price - Anhui Chensi Machinery Equipment Co., Ltd.","isPartOf":{"@id":"https:\/\/chenesme.com\/#website"},"primaryImageOfPage":{"@id":"https:\/\/chenesme.com\/product\/the-pure-electric-press-brake-good-quality\/#primaryimage"},"image":{"@id":"https:\/\/chenesme.com\/product\/the-pure-electric-press-brake-good-quality\/#primaryimage"},"thumbnailUrl":"https:\/\/chenesme.com\/wp-content\/uploads\/2025\/10\/electric-press-brakre.png","datePublished":"2025-10-27T07:15:19+00:00","dateModified":"2025-10-27T07:43:10+00:00","description":"The Pure Electric Press Brake,superior precision and quieter operation for a sustainable workshop.Zero Hydraulics, Maximum Efficiency","breadcrumb":{"@id":"https:\/\/chenesme.com\/product\/the-pure-electric-press-brake-good-quality\/#breadcrumb"},"inLanguage":"es","potentialAction":[{"@type":"ReadAction","target":["https:\/\/chenesme.com\/product\/the-pure-electric-press-brake-good-quality\/"]}]},{"@type":"ImageObject","inLanguage":"es","@id":"https:\/\/chenesme.com\/product\/the-pure-electric-press-brake-good-quality\/#primaryimage","url":"https:\/\/chenesme.com\/wp-content\/uploads\/2025\/10\/electric-press-brakre.png","contentUrl":"https:\/\/chenesme.com\/wp-content\/uploads\/2025\/10\/electric-press-brakre.png","width":707,"height":707},{"@type":"BreadcrumbList","@id":"https:\/\/chenesme.com\/product\/the-pure-electric-press-brake-good-quality\/#breadcrumb","itemListElement":[{"@type":"ListItem","position":1,"name":"Home","item":"https:\/\/chenesme.com\/"},{"@type":"ListItem","position":2,"name":"Product","item":"https:\/\/chenesme.com\/product\/"},{"@type":"ListItem","position":3,"name":"The Pure Electric Press Brake Good Price"}]},{"@type":"WebSite","@id":"https:\/\/chenesme.com\/#website","url":"https:\/\/chenesme.com\/","name":"Anhui Chensi Machinery Equipment Co., Ltd.","description":"Anhui Chensi Machinery Equipment Co., Ltd.","potentialAction":[{"@type":"SearchAction","target":{"@type":"EntryPoint","urlTemplate":"https:\/\/chenesme.com\/?s={search_term_string}"},"query-input":{"@type":"PropertyValueSpecification","valueRequired":true,"valueName":"search_term_string"}}],"inLanguage":"es"}]}},"_links":{"self":[{"href":"https:\/\/chenesme.com\/es\/wp-json\/wp\/v2\/product\/1022","targetHints":{"allow":["GET"]}}],"collection":[{"href":"https:\/\/chenesme.com\/es\/wp-json\/wp\/v2\/product"}],"about":[{"href":"https:\/\/chenesme.com\/es\/wp-json\/wp\/v2\/types\/product"}],"version-history":[{"count":1,"href":"https:\/\/chenesme.com\/es\/wp-json\/wp\/v2\/product\/1022\/revisions"}],"predecessor-version":[{"id":1032,"href":"https:\/\/chenesme.com\/es\/wp-json\/wp\/v2\/product\/1022\/revisions\/1032"}],"wp:featuredmedia":[{"embeddable":true,"href":"https:\/\/chenesme.com\/es\/wp-json\/wp\/v2\/media\/1025"}],"wp:attachment":[{"href":"https:\/\/chenesme.com\/es\/wp-json\/wp\/v2\/media?parent=1022"}],"wp:term":[{"taxonomy":"product_brand","embeddable":true,"href":"https:\/\/chenesme.com\/es\/wp-json\/wp\/v2\/product_brand?post=1022"},{"taxonomy":"product_cat","embeddable":true,"href":"https:\/\/chenesme.com\/es\/wp-json\/wp\/v2\/product_cat?post=1022"},{"taxonomy":"product_tag","embeddable":true,"href":"https:\/\/chenesme.com\/es\/wp-json\/wp\/v2\/product_tag?post=1022"}],"curies":[{"name":"wp","href":"https:\/\/api.w.org\/{rel}","templated":true}]}}