{"id":505,"date":"2025-09-22T16:26:37","date_gmt":"2025-09-22T16:26:37","guid":{"rendered":"https:\/\/chenesme.com\/?post_type=product&#038;p=505"},"modified":"2025-09-22T16:28:03","modified_gmt":"2025-09-22T16:28:03","slug":"pure-electric-press-brake","status":"publish","type":"product","link":"https:\/\/chenesme.com\/es\/producto\/pure-electric-press-brake\/","title":{"rendered":"Prensa plegadora el\u00e9ctrica pura"},"content":{"rendered":"<p><img fetchpriority=\"high\" decoding=\"async\" class=\"aligncenter wp-image-419\" src=\"https:\/\/chenesme.com\/wp-content\/uploads\/2025\/09\/222.jpg\" alt=\"\" width=\"800\" height=\"800\" srcset=\"https:\/\/chenesme.com\/wp-content\/uploads\/2025\/09\/222.jpg 600w, https:\/\/chenesme.com\/wp-content\/uploads\/2025\/09\/222-500x500.jpg 500w, https:\/\/chenesme.com\/wp-content\/uploads\/2025\/09\/222-300x300.jpg 300w, https:\/\/chenesme.com\/wp-content\/uploads\/2025\/09\/222-12x12.jpg 12w, https:\/\/chenesme.com\/wp-content\/uploads\/2025\/09\/222-150x150.jpg 150w, https:\/\/chenesme.com\/wp-content\/uploads\/2025\/09\/222-75x75.jpg 75w, https:\/\/chenesme.com\/wp-content\/uploads\/2025\/09\/222-480x480.jpg 480w\" sizes=\"(max-width:767px) 480px, (max-width:800px) 100vw, 800px\" \/><\/p>","protected":false},"excerpt":{"rendered":"<p>Las prensas plegadoras el\u00e9ctricas ofrecen una eficiencia energ\u00e9tica superior, son respetuosas con el medio ambiente, tienen una precisi\u00f3n de plegado superior y bajos costes de mantenimiento. Estas ventajas las convierten en una opci\u00f3n atractiva para los fabricantes que buscan reducir el consumo energ\u00e9tico, minimizar el impacto ambiental y mejorar la eficiencia de la producci\u00f3n.<\/p>","protected":false},"featured_media":419,"template":"","meta":{"_joinchat":[]},"product_brand":[],"product_cat":[18],"product_tag":[],"class_list":{"0":"post-505","1":"product","2":"type-product","3":"status-publish","4":"has-post-thumbnail","6":"product_cat-pure-electric-press-brake","8":"first","9":"instock","10":"shipping-taxable","11":"product-type-external"},"yoast_head":"<!-- This site is optimized with the Yoast SEO plugin v25.6 - https:\/\/yoast.com\/wordpress\/plugins\/seo\/ -->\n<title>Pure electric press brake - Anhui Chensi Machinery Equipment Co., Ltd.<\/title>\n<meta name=\"robots\" content=\"index, follow, max-snippet:-1, max-image-preview:large, max-video-preview:-1\" \/>\n<link rel=\"canonical\" href=\"https:\/\/chenesme.com\/es\/producto\/pure-electric-press-brake\/\" \/>\n<meta property=\"og:locale\" content=\"es_ES\" \/>\n<meta property=\"og:type\" content=\"article\" \/>\n<meta property=\"og:title\" content=\"Pure electric press brake - Anhui Chensi Machinery Equipment Co., Ltd.\" \/>\n<meta property=\"og:description\" content=\"Pure electric press brakes have superior energy efficiency, environmental friendliness, bending accuracy and low maintenance costs. These advantages make them an attractive choice for manufacturers seeking to reduce energy consumption, minimize environmental impact and improve production efficiency.\" \/>\n<meta property=\"og:url\" content=\"https:\/\/chenesme.com\/es\/producto\/pure-electric-press-brake\/\" \/>\n<meta property=\"og:site_name\" content=\"Anhui Chensi Machinery Equipment Co., Ltd.\" \/>\n<meta property=\"article:modified_time\" content=\"2025-09-22T16:28:03+00:00\" \/>\n<meta property=\"og:image\" content=\"https:\/\/chenesme.com\/wp-content\/uploads\/2025\/09\/222.jpg\" \/>\n\t<meta property=\"og:image:width\" content=\"600\" \/>\n\t<meta property=\"og:image:height\" content=\"600\" \/>\n\t<meta property=\"og:image:type\" content=\"image\/jpeg\" \/>\n<meta name=\"twitter:card\" content=\"summary_large_image\" \/>\n<meta name=\"twitter:label1\" content=\"Tiempo de lectura\" \/>\n\t<meta name=\"twitter:data1\" content=\"1 minuto\" \/>\n<script type=\"application\/ld+json\" class=\"yoast-schema-graph\">{\"@context\":\"https:\/\/schema.org\",\"@graph\":[{\"@type\":\"WebPage\",\"@id\":\"https:\/\/chenesme.com\/product\/pure-electric-press-brake\/\",\"url\":\"https:\/\/chenesme.com\/product\/pure-electric-press-brake\/\",\"name\":\"Pure electric press brake - Anhui Chensi Machinery Equipment Co., Ltd.\",\"isPartOf\":{\"@id\":\"https:\/\/chenesme.com\/#website\"},\"primaryImageOfPage\":{\"@id\":\"https:\/\/chenesme.com\/product\/pure-electric-press-brake\/#primaryimage\"},\"image\":{\"@id\":\"https:\/\/chenesme.com\/product\/pure-electric-press-brake\/#primaryimage\"},\"thumbnailUrl\":\"https:\/\/chenesme.com\/wp-content\/uploads\/2025\/09\/222.jpg\",\"datePublished\":\"2025-09-22T16:26:37+00:00\",\"dateModified\":\"2025-09-22T16:28:03+00:00\",\"breadcrumb\":{\"@id\":\"https:\/\/chenesme.com\/product\/pure-electric-press-brake\/#breadcrumb\"},\"inLanguage\":\"es\",\"potentialAction\":[{\"@type\":\"ReadAction\",\"target\":[\"https:\/\/chenesme.com\/product\/pure-electric-press-brake\/\"]}]},{\"@type\":\"ImageObject\",\"inLanguage\":\"es\",\"@id\":\"https:\/\/chenesme.com\/product\/pure-electric-press-brake\/#primaryimage\",\"url\":\"https:\/\/chenesme.com\/wp-content\/uploads\/2025\/09\/222.jpg\",\"contentUrl\":\"https:\/\/chenesme.com\/wp-content\/uploads\/2025\/09\/222.jpg\",\"width\":600,\"height\":600},{\"@type\":\"BreadcrumbList\",\"@id\":\"https:\/\/chenesme.com\/product\/pure-electric-press-brake\/#breadcrumb\",\"itemListElement\":[{\"@type\":\"ListItem\",\"position\":1,\"name\":\"Home\",\"item\":\"https:\/\/chenesme.com\/\"},{\"@type\":\"ListItem\",\"position\":2,\"name\":\"Product\",\"item\":\"https:\/\/chenesme.com\/product\/\"},{\"@type\":\"ListItem\",\"position\":3,\"name\":\"Pure electric press brake\"}]},{\"@type\":\"WebSite\",\"@id\":\"https:\/\/chenesme.com\/#website\",\"url\":\"https:\/\/chenesme.com\/\",\"name\":\"Anhui Chensi Machinery Equipment Co., Ltd.\",\"description\":\"Anhui Chensi Machinery Equipment Co., Ltd.\",\"potentialAction\":[{\"@type\":\"SearchAction\",\"target\":{\"@type\":\"EntryPoint\",\"urlTemplate\":\"https:\/\/chenesme.com\/?s={search_term_string}\"},\"query-input\":{\"@type\":\"PropertyValueSpecification\",\"valueRequired\":true,\"valueName\":\"search_term_string\"}}],\"inLanguage\":\"es\"}]}<\/script>\n<!-- \/ Yoast SEO plugin. -->","yoast_head_json":{"title":"Pure electric press brake - Anhui Chensi Machinery Equipment Co., Ltd.","robots":{"index":"index","follow":"follow","max-snippet":"max-snippet:-1","max-image-preview":"max-image-preview:large","max-video-preview":"max-video-preview:-1"},"canonical":"https:\/\/chenesme.com\/es\/producto\/pure-electric-press-brake\/","og_locale":"es_ES","og_type":"article","og_title":"Pure electric press brake - Anhui Chensi Machinery Equipment Co., Ltd.","og_description":"Pure electric press brakes have superior energy efficiency, environmental friendliness, bending accuracy and low maintenance costs. These advantages make them an attractive choice for manufacturers seeking to reduce energy consumption, minimize environmental impact and improve production efficiency.","og_url":"https:\/\/chenesme.com\/es\/producto\/pure-electric-press-brake\/","og_site_name":"Anhui Chensi Machinery Equipment Co., Ltd.","article_modified_time":"2025-09-22T16:28:03+00:00","og_image":[{"width":600,"height":600,"url":"https:\/\/chenesme.com\/wp-content\/uploads\/2025\/09\/222.jpg","type":"image\/jpeg"}],"twitter_card":"summary_large_image","twitter_misc":{"Tiempo de lectura":"1 minuto"},"schema":{"@context":"https:\/\/schema.org","@graph":[{"@type":"WebPage","@id":"https:\/\/chenesme.com\/product\/pure-electric-press-brake\/","url":"https:\/\/chenesme.com\/product\/pure-electric-press-brake\/","name":"Pure electric press brake - Anhui Chensi Machinery Equipment Co., Ltd.","isPartOf":{"@id":"https:\/\/chenesme.com\/#website"},"primaryImageOfPage":{"@id":"https:\/\/chenesme.com\/product\/pure-electric-press-brake\/#primaryimage"},"image":{"@id":"https:\/\/chenesme.com\/product\/pure-electric-press-brake\/#primaryimage"},"thumbnailUrl":"https:\/\/chenesme.com\/wp-content\/uploads\/2025\/09\/222.jpg","datePublished":"2025-09-22T16:26:37+00:00","dateModified":"2025-09-22T16:28:03+00:00","breadcrumb":{"@id":"https:\/\/chenesme.com\/product\/pure-electric-press-brake\/#breadcrumb"},"inLanguage":"es","potentialAction":[{"@type":"ReadAction","target":["https:\/\/chenesme.com\/product\/pure-electric-press-brake\/"]}]},{"@type":"ImageObject","inLanguage":"es","@id":"https:\/\/chenesme.com\/product\/pure-electric-press-brake\/#primaryimage","url":"https:\/\/chenesme.com\/wp-content\/uploads\/2025\/09\/222.jpg","contentUrl":"https:\/\/chenesme.com\/wp-content\/uploads\/2025\/09\/222.jpg","width":600,"height":600},{"@type":"BreadcrumbList","@id":"https:\/\/chenesme.com\/product\/pure-electric-press-brake\/#breadcrumb","itemListElement":[{"@type":"ListItem","position":1,"name":"Home","item":"https:\/\/chenesme.com\/"},{"@type":"ListItem","position":2,"name":"Product","item":"https:\/\/chenesme.com\/product\/"},{"@type":"ListItem","position":3,"name":"Pure electric press brake"}]},{"@type":"WebSite","@id":"https:\/\/chenesme.com\/#website","url":"https:\/\/chenesme.com\/","name":"Anhui Chensi Machinery Equipment Co., Ltd.","description":"Anhui Chensi Machinery Equipment Co., Ltd.","potentialAction":[{"@type":"SearchAction","target":{"@type":"EntryPoint","urlTemplate":"https:\/\/chenesme.com\/?s={search_term_string}"},"query-input":{"@type":"PropertyValueSpecification","valueRequired":true,"valueName":"search_term_string"}}],"inLanguage":"es"}]}},"_links":{"self":[{"href":"https:\/\/chenesme.com\/es\/wp-json\/wp\/v2\/product\/505","targetHints":{"allow":["GET"]}}],"collection":[{"href":"https:\/\/chenesme.com\/es\/wp-json\/wp\/v2\/product"}],"about":[{"href":"https:\/\/chenesme.com\/es\/wp-json\/wp\/v2\/types\/product"}],"version-history":[{"count":2,"href":"https:\/\/chenesme.com\/es\/wp-json\/wp\/v2\/product\/505\/revisions"}],"predecessor-version":[{"id":507,"href":"https:\/\/chenesme.com\/es\/wp-json\/wp\/v2\/product\/505\/revisions\/507"}],"wp:featuredmedia":[{"embeddable":true,"href":"https:\/\/chenesme.com\/es\/wp-json\/wp\/v2\/media\/419"}],"wp:attachment":[{"href":"https:\/\/chenesme.com\/es\/wp-json\/wp\/v2\/media?parent=505"}],"wp:term":[{"taxonomy":"product_brand","embeddable":true,"href":"https:\/\/chenesme.com\/es\/wp-json\/wp\/v2\/product_brand?post=505"},{"taxonomy":"product_cat","embeddable":true,"href":"https:\/\/chenesme.com\/es\/wp-json\/wp\/v2\/product_cat?post=505"},{"taxonomy":"product_tag","embeddable":true,"href":"https:\/\/chenesme.com\/es\/wp-json\/wp\/v2\/product_tag?post=505"}],"curies":[{"name":"wp","href":"https:\/\/api.w.org\/{rel}","templated":true}]}}