{"id":603,"date":"2025-10-14T07:35:23","date_gmt":"2025-10-14T07:35:23","guid":{"rendered":"https:\/\/chenesme.com\/?post_type=product&#038;p=603"},"modified":"2025-10-20T01:05:26","modified_gmt":"2025-10-20T01:05:26","slug":"pneumatic-punching-machine-2","status":"publish","type":"product","link":"https:\/\/chenesme.com\/es\/producto\/pneumatic-punching-machine-2\/","title":{"rendered":"Prensa punzonadora neum\u00e1tica lista para automatizaci\u00f3n"},"content":{"rendered":"<div class=\"editor-header\">\n<div class=\"header-title\"><span class=\"title\">\u8be6\u60c5\u7f16\u8f91\u5668<\/span><\/div>\n<div class=\"header-center\">\n<div class=\"switch-view\"><\/div>\n<\/div>\n<div class=\"header-controls\"><button class=\"next-btn next-btn-text next-btn-normal next-btn-medium\" type=\"button\">\u66f4\u591a<i class=\"next-icon next-icon-arrow-down-filling next-icon-xs next-icon-last\"><\/i><\/button><a href=\"https:\/\/siteadmin.alibaba.com\/detail\/get_customized_template_groups.htm\" target=\"_blank\" rel=\"noopener\">\u7ba1\u7406\u81ea\u5b9a\u4e49\u6a21\u677f<\/a><button class=\"next-btn next-btn-normal next-btn-medium\" type=\"button\">\u6e05\u7a7a<\/button><button class=\"next-btn next-btn-normal next-btn-medium\" type=\"button\">\u53d6\u6d88<\/button><button class=\"next-btn next-btn-normal next-btn-medium\" type=\"button\">\u4fdd\u5b58<\/button><button class=\"next-btn next-btn-primary next-btn-medium\" type=\"button\">\u7f16\u8f91\u5b8c\u6210<\/button><\/div>\n<\/div>\n<div class=\"main-content\">\n<div class=\"shop-biz-left-menu\">\n<div class=\"manager-sidebar-wrap\">\n<div class=\"manager-sidebar\">\n<div class=\"manager-sidenav\">\n<div class=\"manager-wrap\"><\/div>\n<div class=\"manager-wrap\">\n<div class=\"panel\">\n<div class=\"manager__map-wrapper\">\n<div class=\"manager__item\">\n<div class=\"manager-drag-wrap\">\n<div class=\"manager__item-thumbnail\" draggable=\"true\"><\/div>\n<\/div>\n<\/div>\n<\/div>\n<\/div>\n<\/div>\n<\/div>\n<\/div>\n<\/div>\n<\/div>\n<div class=\"container-right\">\n<div id=\"detail_decorate_root\" data-spm-anchor-id=\"a2700.pc-decorate.0.i8.198b3333tWjjiF\">\n<div class=\"editor-plugin-canvas\">\n<div class=\"render-engien-app\">\n<div class=\"editor-component-row editor-component-row-relative\">\n<div class=\"editor-component-container\">\n<div class=\"previewer-item-wrap\">\n<div id=\"38364299346\" class=\"J_module\">\n<div id=\"ali-anchor-AliMagic-qyk0v5\" data-reactroot=\"\" data-section=\"AliMagic-qyk0v5\" data-section-title=\"Product Description\" data-spm-anchor-id=\"a2700.pc-decorate.0.i1.198b3333tWjjiF\">Descripci\u00f3n del Producto<\/div>\n<\/div>\n<\/div>\n<div class=\"editor-component-container-mask\"><\/div>\n<\/div>\n<\/div>\n<div class=\"editor-component-row editor-component-row-relative\">\n<div class=\"editor-component-container\">\n<div class=\"previewer-item-wrap\">\n<div id=\"38364299347\" class=\"J_module\">\n<div class=\"detail-decorate-json-renderer-container\" data-reactroot=\"\">\n<div>\n<div>\n<div>\n<div>\n<div class=\"preview-edit-text-editor\" data-reactroot=\"\">\n<div id=\"preview-edit-2\" class=\"content-editor\" tabindex=\"1\" contenteditable=\"true\">Prensa punzadora neum\u00e1tica de acero tipo JH21 de alta precisi\u00f3n, m\u00e1quina punzadora para chapa met\u00e1lica.<\/div>\n<\/div>\n<\/div>\n<\/div>\n<\/div>\n<\/div>\n<\/div>\n<\/div>\n<\/div>\n<div class=\"editor-component-container-mask\"><img fetchpriority=\"high\" decoding=\"async\" class=\"wp-image-604 alignleft\" src=\"https:\/\/chenesme.com\/wp-content\/uploads\/2025\/10\/\u5fae\u4fe1\u56fe\u7247_20251014152636_167_47.jpg\" alt=\"\" width=\"464\" height=\"619\" srcset=\"https:\/\/chenesme.com\/wp-content\/uploads\/2025\/10\/\u5fae\u4fe1\u56fe\u7247_20251014152636_167_47.jpg 1773w, https:\/\/chenesme.com\/wp-content\/uploads\/2025\/10\/\u5fae\u4fe1\u56fe\u7247_20251014152636_167_47-375x500.jpg 375w, https:\/\/chenesme.com\/wp-content\/uploads\/2025\/10\/\u5fae\u4fe1\u56fe\u7247_20251014152636_167_47-900x1200.jpg 900w, https:\/\/chenesme.com\/wp-content\/uploads\/2025\/10\/\u5fae\u4fe1\u56fe\u7247_20251014152636_167_47-225x300.jpg 225w, https:\/\/chenesme.com\/wp-content\/uploads\/2025\/10\/\u5fae\u4fe1\u56fe\u7247_20251014152636_167_47-768x1024.jpg 768w, https:\/\/chenesme.com\/wp-content\/uploads\/2025\/10\/\u5fae\u4fe1\u56fe\u7247_20251014152636_167_47-1152x1536.jpg 1152w, https:\/\/chenesme.com\/wp-content\/uploads\/2025\/10\/\u5fae\u4fe1\u56fe\u7247_20251014152636_167_47-1536x2048.jpg 1536w, https:\/\/chenesme.com\/wp-content\/uploads\/2025\/10\/\u5fae\u4fe1\u56fe\u7247_20251014152636_167_47-9x12.jpg 9w, https:\/\/chenesme.com\/wp-content\/uploads\/2025\/10\/\u5fae\u4fe1\u56fe\u7247_20251014152636_167_47-56x75.jpg 56w, https:\/\/chenesme.com\/wp-content\/uploads\/2025\/10\/\u5fae\u4fe1\u56fe\u7247_20251014152636_167_47-480x640.jpg 480w, https:\/\/chenesme.com\/wp-content\/uploads\/2025\/10\/\u5fae\u4fe1\u56fe\u7247_20251014152636_167_47-800x1067.jpg 800w\" sizes=\"(max-width:767px) 464px, 464px\" \/><\/div>\n<\/div>\n<\/div>\n<div class=\"editor-component-row editor-component-row-relative\">\n<div class=\"editor-component-container\">\n<div class=\"previewer-item-wrap\">\n<div id=\"38364299348\" class=\"J_module\">\n<div class=\"icbu-pc-images\" data-reactroot=\"\">\n<div class=\"flex-layout-v\">\n<div class=\"flex-layout-h\">\n<div class=\"preview-image-edit\">\n<div class=\"preview-edit-image-item\" data-reactroot=\"\"><\/div>\n<\/div>\n<p>&nbsp;<\/p>\n<\/div>\n<\/div>\n<\/div>\n<\/div>\n<\/div>\n<div class=\"editor-component-container-mask\"><\/div>\n<\/div>\n<\/div>\n<div class=\"editor-component-row editor-component-row-relative\">\n<div class=\"editor-component-container\">\n<div class=\"previewer-item-wrap\">\n<div id=\"38364299349\" class=\"J_module\">\n<div class=\"detail-decorate-json-renderer-container\" data-reactroot=\"\">\n<div class=\"preview-edit-text-editor\" data-reactroot=\"\">\n<div id=\"preview-edit-4\" class=\"content-editor\" tabindex=\"1\" contenteditable=\"true\">\n<p>&nbsp;<\/p>\n<p>&nbsp;<\/p>\n<p>&nbsp;<\/p>\n<p>&nbsp;<\/p>\n<p>&nbsp;<\/p>\n<p>&nbsp;<\/p>\n<p>&nbsp;<\/p>\n<p>&nbsp;<\/p>\n<p>&nbsp;<\/p>\n<p>&nbsp;<\/p>\n<p>&nbsp;<\/p>\n<p>&nbsp;<\/p>\n<p>&nbsp;<\/p>\n<p>&nbsp;<\/p>\n<p><b>Caracter\u00edsticas principales<\/b><br \/>\nPrensa de lomo abierto serie JH21 con embrague seco y protector de sobrecarga hidr\u00e1ulico<\/p>\n<p>1 Cuerpo soldado con chapa de acero y alta intensidad.<br \/>\n2 El motor principal est\u00e1 fabricado por Siemens.<br \/>\n3 Adopta embrague y freno de fricci\u00f3n neum\u00e1ticos combinados.<br \/>\nEl engranaje de 4 velocidades adopta lubricaci\u00f3n por inundaci\u00f3n de aceite.<br \/>\nGu\u00eda alargada rectangular de seis caras; JH21-315B\/400B adopta una gu\u00eda alargada de ocho caras.<br \/>\n6 Equipado con dispositivo de protecci\u00f3n contra sobrecarga hidr\u00e1ulica.<\/p>\n<\/div>\n<\/div>\n<\/div>\n<\/div>\n<\/div>\n<div class=\"editor-component-container-mask\"><\/div>\n<\/div>\n<\/div>\n<div class=\"editor-component-row editor-component-row-relative\">\n<div class=\"editor-component-container\">\n<div class=\"previewer-item-wrap\">\n<div id=\"38364299350\" class=\"J_module\">\n<div class=\"icbu-pc-images\" data-reactroot=\"\">\n<div>\n<div class=\"flex-layout-v\">\n<div class=\"flex-layout-h\">\n<div>\n<div class=\"preview-image-edit\">\n<div class=\"preview-edit-image-item\" data-reactroot=\"\"><\/div>\n<\/div>\n<p><img decoding=\"async\" src=\"https:\/\/sc04.alicdn.com\/kf\/H9ed558d8ada3492491b19ed848f1a141p\/232928308\/H9ed558d8ada3492491b19ed848f1a141p.jpg\" data-id=\"child-image-0\" \/><\/p>\n<\/div>\n<\/div>\n<\/div>\n<\/div>\n<\/div>\n<\/div>\n<\/div>\n<div class=\"editor-component-container-mask\"><\/div>\n<\/div>\n<\/div>\n<div class=\"editor-component-row editor-component-row-relative\">\n<div class=\"editor-component-container\">\n<div class=\"previewer-item-wrap\">\n<div id=\"38364299351\" class=\"J_module\">\n<div class=\"icbu-pc-images\" data-reactroot=\"\">\n<div class=\"flex-layout-v\">\n<div class=\"flex-layout-h\">\n<div class=\"preview-image-edit\">\n<div class=\"preview-edit-image-item\" data-reactroot=\"\"><\/div>\n<\/div>\n<\/div>\n<\/div>\n<\/div>\n<\/div>\n<\/div>\n<div class=\"editor-component-container-mask\"><\/div>\n<\/div>\n<\/div>\n<div class=\"editor-component-row editor-component-row-relative\">\n<div class=\"editor-component-container\">\n<div class=\"previewer-item-wrap\">\n<div id=\"38364299352\" class=\"J_module\">\n<div class=\"detail-decorate-json-renderer-container\" data-reactroot=\"\">\n<div class=\"preview-edit-text-editor\" data-reactroot=\"\">\n<div id=\"preview-edit-5\" class=\"content-editor\" tabindex=\"1\" contenteditable=\"true\"><b>Ejecuci\u00f3n est\u00e1ndar<\/b><br \/>\nEl marco de acero soldado de una sola pieza, pesado, est\u00e1 dise\u00f1ado para resistir la deflexi\u00f3n, lo que proporciona estampados m\u00e1s precisos y una vida \u00fatil m\u00e1s prolongada de la matriz.<br \/>\nLa sobrecarga hidr\u00e1ulica de respuesta r\u00e1pida alivia la presi\u00f3n de una sobrecarga de tonelaje en milisegundos, deteniendo la prensa inmediatamente y<br \/>\nprotegiendo la prensa y las matrices contra da\u00f1os.<br \/>\nEl embrague y el freno h\u00famedos proporcionan una larga vida \u00fatil, muy poco mantenimiento y un alto rendimiento incluso a un alto ritmo de una sola carrera.<\/div>\n<\/div>\n<\/div>\n<\/div>\n<\/div>\n<div class=\"editor-component-container-mask\"><\/div>\n<\/div>\n<\/div>\n<div class=\"editor-component-row editor-component-row-relative\">\n<div class=\"editor-component-container\">\n<div class=\"previewer-item-wrap\">\n<div id=\"38364299353\" class=\"J_module\">\n<div class=\"detail-decorate-json-renderer-container\" data-reactroot=\"\">\n<div>\n<div>\n<div>\n<div>\n<div class=\"preview-edit-text-editor\" data-reactroot=\"\">\n<div id=\"preview-edit-1\" class=\"content-editor\" tabindex=\"1\" contenteditable=\"true\"><b>Imagen de detalle<\/b><\/div>\n<\/div>\n<\/div>\n<\/div>\n<\/div>\n<\/div>\n<\/div>\n<\/div>\n<\/div>\n<\/div>\n<\/div>\n<div class=\"editor-component-row editor-component-row-relative\">\n<div class=\"editor-component-container\">\n<div class=\"editor-component-container-mask\"><\/div>\n<\/div>\n<\/div>\n<div class=\"editor-component-row editor-component-row-relative\">\n<div class=\"editor-component-container\">\n<div class=\"previewer-item-wrap\">\n<div id=\"38364299355\" class=\"J_module\">\n<div class=\"icbu-pc-images\" data-reactroot=\"\">\n<div>\n<div class=\"flex-layout-v\">\n<div class=\"flex-layout-h\">\n<div>\n<div class=\"preview-image-edit\">\n<div class=\"preview-edit-image-item\" data-reactroot=\"\" data-spm-anchor-id=\"a2700.pc-decorate.0.i3.198b3333tWjjiF\"><\/div>\n<\/div>\n<p><img decoding=\"async\" src=\"https:\/\/sc04.alicdn.com\/kf\/H71abad08463143be8d5971e4f587f7f7V\/232928308\/H71abad08463143be8d5971e4f587f7f7V.jpg\" data-id=\"child-image-0\" \/><\/p>\n<\/div>\n<\/div>\n<\/div>\n<\/div>\n<\/div>\n<\/div>\n<\/div>\n<div class=\"editor-component-container-mask\"><\/div>\n<\/div>\n<\/div>\n<div class=\"editor-component-row editor-component-row-relative\">\n<div class=\"editor-component-container\">\n<div class=\"previewer-item-wrap\">\n<div id=\"38364299356\" class=\"J_module\">\n<div class=\"icbu-pc-images\" data-reactroot=\"\">\n<div>\n<div class=\"flex-layout-v\">\n<div class=\"flex-layout-h\">\n<div>\n<div class=\"preview-image-edit\">\n<div class=\"preview-edit-image-item\" data-reactroot=\"\" data-spm-anchor-id=\"a2700.pc-decorate.0.i4.198b3333tWjjiF\"><\/div>\n<\/div>\n<p><img decoding=\"async\" src=\"https:\/\/sc04.alicdn.com\/kf\/H092dae4d81364ad2adb071b45fc8c9e0m\/232928308\/H092dae4d81364ad2adb071b45fc8c9e0m.jpg\" data-id=\"child-image-0\" \/><\/p>\n<\/div>\n<\/div>\n<\/div>\n<\/div>\n<\/div>\n<\/div>\n<\/div>\n<div class=\"editor-component-container-mask\"><\/div>\n<\/div>\n<\/div>\n<\/div>\n<\/div>\n<\/div>\n<\/div>\n<\/div>","protected":false},"excerpt":{"rendered":"<p>Las punzonadoras neum\u00e1ticas CNC est\u00e1n dise\u00f1adas para maximizar la producci\u00f3n, con ciclos r\u00e1pidos que permiten un funcionamiento continuo. Esto aumenta la producci\u00f3n y reduce el tiempo unitario, lo que las hace ideales para la producci\u00f3n a gran escala. Su alta velocidad garantiza retrasos m\u00ednimos entre operaciones, lo que aumenta la eficiencia general. Se caracterizan por su alta eficiencia, velocidad y bajo mantenimiento.<\/p>","protected":false},"featured_media":727,"template":"","meta":{"_joinchat":[]},"product_brand":[],"product_cat":[21],"product_tag":[],"class_list":{"0":"post-603","1":"product","2":"type-product","3":"status-publish","4":"has-post-thumbnail","6":"product_cat-pneumatic-punching-machine","8":"first","9":"instock","10":"shipping-taxable","11":"product-type-external"},"yoast_head":"<!-- This site is optimized with the Yoast SEO plugin v25.6 - https:\/\/yoast.com\/wordpress\/plugins\/seo\/ -->\n<title>Automation-Ready Pneumatic Punch Press - Anhui Chensi Machinery Equipment Co., Ltd.<\/title>\n<meta name=\"robots\" content=\"index, follow, max-snippet:-1, max-image-preview:large, max-video-preview:-1\" \/>\n<link rel=\"canonical\" href=\"https:\/\/chenesme.com\/es\/producto\/pneumatic-punching-machine-2\/\" \/>\n<meta property=\"og:locale\" content=\"es_ES\" \/>\n<meta property=\"og:type\" content=\"article\" \/>\n<meta property=\"og:title\" content=\"Automation-Ready Pneumatic Punch Press - Anhui Chensi Machinery Equipment Co., Ltd.\" \/>\n<meta property=\"og:description\" content=\"CNC pneumatic punching machines are designed to maximize production, with fast cycle times enabling continuous operation. This increases output and reduces unit time, making them ideal for large-scale production. High-speed capabilities ensure minimal delays between operations, increasing overall efficiency. They are characterized by high efficiency, speed, and low maintenance requirements.\" \/>\n<meta property=\"og:url\" content=\"https:\/\/chenesme.com\/es\/producto\/pneumatic-punching-machine-2\/\" \/>\n<meta property=\"og:site_name\" content=\"Anhui Chensi Machinery Equipment Co., Ltd.\" \/>\n<meta property=\"article:modified_time\" content=\"2025-10-20T01:05:26+00:00\" \/>\n<meta property=\"og:image\" content=\"https:\/\/chenesme.com\/wp-content\/uploads\/2025\/10\/Pneumatic-Punching-Press-3.png\" \/>\n\t<meta property=\"og:image:width\" content=\"718\" \/>\n\t<meta property=\"og:image:height\" content=\"709\" \/>\n\t<meta property=\"og:image:type\" content=\"image\/png\" \/>\n<meta name=\"twitter:card\" content=\"summary_large_image\" \/>\n<meta name=\"twitter:label1\" content=\"Tiempo de lectura\" \/>\n\t<meta name=\"twitter:data1\" content=\"2 minutos\" \/>\n<script type=\"application\/ld+json\" class=\"yoast-schema-graph\">{\"@context\":\"https:\/\/schema.org\",\"@graph\":[{\"@type\":\"WebPage\",\"@id\":\"https:\/\/chenesme.com\/product\/pneumatic-punching-machine-2\/\",\"url\":\"https:\/\/chenesme.com\/product\/pneumatic-punching-machine-2\/\",\"name\":\"Automation-Ready Pneumatic Punch Press - Anhui Chensi Machinery Equipment Co., Ltd.\",\"isPartOf\":{\"@id\":\"https:\/\/chenesme.com\/#website\"},\"primaryImageOfPage\":{\"@id\":\"https:\/\/chenesme.com\/product\/pneumatic-punching-machine-2\/#primaryimage\"},\"image\":{\"@id\":\"https:\/\/chenesme.com\/product\/pneumatic-punching-machine-2\/#primaryimage\"},\"thumbnailUrl\":\"https:\/\/chenesme.com\/wp-content\/uploads\/2025\/10\/Pneumatic-Punching-Press-3.png\",\"datePublished\":\"2025-10-14T07:35:23+00:00\",\"dateModified\":\"2025-10-20T01:05:26+00:00\",\"breadcrumb\":{\"@id\":\"https:\/\/chenesme.com\/product\/pneumatic-punching-machine-2\/#breadcrumb\"},\"inLanguage\":\"es\",\"potentialAction\":[{\"@type\":\"ReadAction\",\"target\":[\"https:\/\/chenesme.com\/product\/pneumatic-punching-machine-2\/\"]}]},{\"@type\":\"ImageObject\",\"inLanguage\":\"es\",\"@id\":\"https:\/\/chenesme.com\/product\/pneumatic-punching-machine-2\/#primaryimage\",\"url\":\"https:\/\/chenesme.com\/wp-content\/uploads\/2025\/10\/Pneumatic-Punching-Press-3.png\",\"contentUrl\":\"https:\/\/chenesme.com\/wp-content\/uploads\/2025\/10\/Pneumatic-Punching-Press-3.png\",\"width\":718,\"height\":709},{\"@type\":\"BreadcrumbList\",\"@id\":\"https:\/\/chenesme.com\/product\/pneumatic-punching-machine-2\/#breadcrumb\",\"itemListElement\":[{\"@type\":\"ListItem\",\"position\":1,\"name\":\"Home\",\"item\":\"https:\/\/chenesme.com\/\"},{\"@type\":\"ListItem\",\"position\":2,\"name\":\"Product\",\"item\":\"https:\/\/chenesme.com\/product\/\"},{\"@type\":\"ListItem\",\"position\":3,\"name\":\"Automation-Ready Pneumatic Punch Press\"}]},{\"@type\":\"WebSite\",\"@id\":\"https:\/\/chenesme.com\/#website\",\"url\":\"https:\/\/chenesme.com\/\",\"name\":\"Anhui Chensi Machinery Equipment Co., Ltd.\",\"description\":\"Anhui Chensi Machinery Equipment Co., Ltd.\",\"potentialAction\":[{\"@type\":\"SearchAction\",\"target\":{\"@type\":\"EntryPoint\",\"urlTemplate\":\"https:\/\/chenesme.com\/?s={search_term_string}\"},\"query-input\":{\"@type\":\"PropertyValueSpecification\",\"valueRequired\":true,\"valueName\":\"search_term_string\"}}],\"inLanguage\":\"es\"}]}<\/script>\n<!-- \/ Yoast SEO plugin. -->","yoast_head_json":{"title":"Automation-Ready Pneumatic Punch Press - Anhui Chensi Machinery Equipment Co., Ltd.","robots":{"index":"index","follow":"follow","max-snippet":"max-snippet:-1","max-image-preview":"max-image-preview:large","max-video-preview":"max-video-preview:-1"},"canonical":"https:\/\/chenesme.com\/es\/producto\/pneumatic-punching-machine-2\/","og_locale":"es_ES","og_type":"article","og_title":"Automation-Ready Pneumatic Punch Press - Anhui Chensi Machinery Equipment Co., Ltd.","og_description":"CNC pneumatic punching machines are designed to maximize production, with fast cycle times enabling continuous operation. This increases output and reduces unit time, making them ideal for large-scale production. High-speed capabilities ensure minimal delays between operations, increasing overall efficiency. They are characterized by high efficiency, speed, and low maintenance requirements.","og_url":"https:\/\/chenesme.com\/es\/producto\/pneumatic-punching-machine-2\/","og_site_name":"Anhui Chensi Machinery Equipment Co., Ltd.","article_modified_time":"2025-10-20T01:05:26+00:00","og_image":[{"width":718,"height":709,"url":"https:\/\/chenesme.com\/wp-content\/uploads\/2025\/10\/Pneumatic-Punching-Press-3.png","type":"image\/png"}],"twitter_card":"summary_large_image","twitter_misc":{"Tiempo de lectura":"2 minutos"},"schema":{"@context":"https:\/\/schema.org","@graph":[{"@type":"WebPage","@id":"https:\/\/chenesme.com\/product\/pneumatic-punching-machine-2\/","url":"https:\/\/chenesme.com\/product\/pneumatic-punching-machine-2\/","name":"Automation-Ready Pneumatic Punch Press - Anhui Chensi Machinery Equipment Co., Ltd.","isPartOf":{"@id":"https:\/\/chenesme.com\/#website"},"primaryImageOfPage":{"@id":"https:\/\/chenesme.com\/product\/pneumatic-punching-machine-2\/#primaryimage"},"image":{"@id":"https:\/\/chenesme.com\/product\/pneumatic-punching-machine-2\/#primaryimage"},"thumbnailUrl":"https:\/\/chenesme.com\/wp-content\/uploads\/2025\/10\/Pneumatic-Punching-Press-3.png","datePublished":"2025-10-14T07:35:23+00:00","dateModified":"2025-10-20T01:05:26+00:00","breadcrumb":{"@id":"https:\/\/chenesme.com\/product\/pneumatic-punching-machine-2\/#breadcrumb"},"inLanguage":"es","potentialAction":[{"@type":"ReadAction","target":["https:\/\/chenesme.com\/product\/pneumatic-punching-machine-2\/"]}]},{"@type":"ImageObject","inLanguage":"es","@id":"https:\/\/chenesme.com\/product\/pneumatic-punching-machine-2\/#primaryimage","url":"https:\/\/chenesme.com\/wp-content\/uploads\/2025\/10\/Pneumatic-Punching-Press-3.png","contentUrl":"https:\/\/chenesme.com\/wp-content\/uploads\/2025\/10\/Pneumatic-Punching-Press-3.png","width":718,"height":709},{"@type":"BreadcrumbList","@id":"https:\/\/chenesme.com\/product\/pneumatic-punching-machine-2\/#breadcrumb","itemListElement":[{"@type":"ListItem","position":1,"name":"Home","item":"https:\/\/chenesme.com\/"},{"@type":"ListItem","position":2,"name":"Product","item":"https:\/\/chenesme.com\/product\/"},{"@type":"ListItem","position":3,"name":"Automation-Ready Pneumatic Punch Press"}]},{"@type":"WebSite","@id":"https:\/\/chenesme.com\/#website","url":"https:\/\/chenesme.com\/","name":"Anhui Chensi Machinery Equipment Co., Ltd.","description":"Anhui Chensi Machinery Equipment Co., Ltd.","potentialAction":[{"@type":"SearchAction","target":{"@type":"EntryPoint","urlTemplate":"https:\/\/chenesme.com\/?s={search_term_string}"},"query-input":{"@type":"PropertyValueSpecification","valueRequired":true,"valueName":"search_term_string"}}],"inLanguage":"es"}]}},"_links":{"self":[{"href":"https:\/\/chenesme.com\/es\/wp-json\/wp\/v2\/product\/603","targetHints":{"allow":["GET"]}}],"collection":[{"href":"https:\/\/chenesme.com\/es\/wp-json\/wp\/v2\/product"}],"about":[{"href":"https:\/\/chenesme.com\/es\/wp-json\/wp\/v2\/types\/product"}],"version-history":[{"count":6,"href":"https:\/\/chenesme.com\/es\/wp-json\/wp\/v2\/product\/603\/revisions"}],"predecessor-version":[{"id":728,"href":"https:\/\/chenesme.com\/es\/wp-json\/wp\/v2\/product\/603\/revisions\/728"}],"wp:featuredmedia":[{"embeddable":true,"href":"https:\/\/chenesme.com\/es\/wp-json\/wp\/v2\/media\/727"}],"wp:attachment":[{"href":"https:\/\/chenesme.com\/es\/wp-json\/wp\/v2\/media?parent=603"}],"wp:term":[{"taxonomy":"product_brand","embeddable":true,"href":"https:\/\/chenesme.com\/es\/wp-json\/wp\/v2\/product_brand?post=603"},{"taxonomy":"product_cat","embeddable":true,"href":"https:\/\/chenesme.com\/es\/wp-json\/wp\/v2\/product_cat?post=603"},{"taxonomy":"product_tag","embeddable":true,"href":"https:\/\/chenesme.com\/es\/wp-json\/wp\/v2\/product_tag?post=603"}],"curies":[{"name":"wp","href":"https:\/\/api.w.org\/{rel}","templated":true}]}}