{"id":609,"date":"2025-10-15T01:12:17","date_gmt":"2025-10-15T01:12:17","guid":{"rendered":"https:\/\/chenesme.com\/?post_type=product&#038;p=609"},"modified":"2025-10-17T01:09:33","modified_gmt":"2025-10-17T01:09:33","slug":"wg67k-125t-2500mm-press-brake-machine-cnc-sheet-metal-bending-machine-with-tp10s-system","status":"publish","type":"product","link":"https:\/\/chenesme.com\/es\/producto\/wg67k-125t-2500mm-press-brake-machine-cnc-sheet-metal-bending-machine-with-tp10s-system\/","title":{"rendered":"Prensa plegadora CNC WG67K de 80 T\/3200 mm con sistema TP10S"},"content":{"rendered":"<h4><\/h4>\n<h3 style=\"text-align: center;\" title=\"Prensa plegadora CNC WG67K de 125T\/2500 mm con sistema TP10S\" data-spm-anchor-id=\"a2700.details.0.i108.20261297FJobhY\">Prensa plegadora CNC WG67K de 80 T\/3200 mm con sistema TP10S<\/h3>\n<div style=\"width: 1220px;\" class=\"wp-video\"><video class=\"wp-video-shortcode\" id=\"video-609-1\" width=\"1220\" height=\"686\" preload=\"metadata\" controls=\"controls\"><source type=\"video\/mp4\" src=\"https:\/\/chenesme.com\/wp-content\/uploads\/2025\/10\/hydraulic-press-brake-18.mp4?_=1\" \/><a href=\"https:\/\/chenesme.com\/wp-content\/uploads\/2025\/10\/hydraulic-press-brake-18.mp4\">https:\/\/chenesme.com\/wp-content\/uploads\/2025\/10\/hydraulic-press-brake-18.mp4<\/a><\/video><\/div>\n<h2>Configuraci\u00f3n de exportaci\u00f3n est\u00e1ndar:<\/h2>\n<p><img fetchpriority=\"high\" decoding=\"async\" class=\"alignleft wp-image-642 size-medium\" src=\"https:\/\/chenesme.com\/wp-content\/uploads\/2025\/10\/Standard-export-configuration-444x500.png\" alt=\"\" width=\"444\" height=\"500\" srcset=\"https:\/\/chenesme.com\/wp-content\/uploads\/2025\/10\/Standard-export-configuration-444x500.png 444w, https:\/\/chenesme.com\/wp-content\/uploads\/2025\/10\/Standard-export-configuration-267x300.png 267w, https:\/\/chenesme.com\/wp-content\/uploads\/2025\/10\/Standard-export-configuration-768x864.png 768w, https:\/\/chenesme.com\/wp-content\/uploads\/2025\/10\/Standard-export-configuration-11x12.png 11w, https:\/\/chenesme.com\/wp-content\/uploads\/2025\/10\/Standard-export-configuration-67x75.png 67w, https:\/\/chenesme.com\/wp-content\/uploads\/2025\/10\/Standard-export-configuration-480x540.png 480w, https:\/\/chenesme.com\/wp-content\/uploads\/2025\/10\/Standard-export-configuration.png 800w\" sizes=\"(max-width:767px) 444px, 444px\" \/><\/p>\n<p>&nbsp;<\/p>\n<p>&nbsp;<\/p>\n<p>&nbsp;<\/p>\n<h4>\u203b Grupo de v\u00e1lvulas Rexroth de Alemania \u203b Uni\u00f3n de tuber\u00edas EMB de Alemania<br \/>\n\u203b Sunny\/Primera bomba de aceite, EE. UU.<br \/>\n\u203b Gu\u00eda lineal de husillo de bolas, Taiw\u00e1n HIWIN (China)<br \/>\n\u203b Sistema el\u00e9ctrico Schneider, Francia<br \/>\n\u203b Soporte frontal<br \/>\n\u203b Tope trasero de alta precisi\u00f3n<br \/>\n\u203b Interruptor de pie<br \/>\n\u203b Barandilla lateral y barandilla trasera (opcional)<br \/>\n\u203b Protecci\u00f3n de cortina de luz y protecci\u00f3n l\u00e1ser (opcional)<\/h4>\n<p>&nbsp;<\/p>\n<p>&nbsp;<\/p>\n<p>&nbsp;<\/p>\n<p>&nbsp;<\/p>\n<p><img decoding=\"async\" class=\"aligncenter wp-image-637\" src=\"https:\/\/chenesme.com\/wp-content\/uploads\/2025\/10\/hydraulic-press-brake-8.jpg\" alt=\"\" width=\"800\" height=\"600\" srcset=\"https:\/\/chenesme.com\/wp-content\/uploads\/2025\/10\/hydraulic-press-brake-8.jpg 1100w, https:\/\/chenesme.com\/wp-content\/uploads\/2025\/10\/hydraulic-press-brake-8-500x375.jpg 500w, https:\/\/chenesme.com\/wp-content\/uploads\/2025\/10\/hydraulic-press-brake-8-300x225.jpg 300w, https:\/\/chenesme.com\/wp-content\/uploads\/2025\/10\/hydraulic-press-brake-8-768x576.jpg 768w, https:\/\/chenesme.com\/wp-content\/uploads\/2025\/10\/hydraulic-press-brake-8-16x12.jpg 16w, https:\/\/chenesme.com\/wp-content\/uploads\/2025\/10\/hydraulic-press-brake-8-100x75.jpg 100w, https:\/\/chenesme.com\/wp-content\/uploads\/2025\/10\/hydraulic-press-brake-8-960x720.jpg 960w, https:\/\/chenesme.com\/wp-content\/uploads\/2025\/10\/hydraulic-press-brake-8-480x360.jpg 480w, https:\/\/chenesme.com\/wp-content\/uploads\/2025\/10\/hydraulic-press-brake-8-800x600.jpg 800w\" sizes=\"(max-width:767px) 480px, (max-width:800px) 100vw, 800px\" \/><\/p>\n<h4 style=\"text-align: left;\"><strong><b>Sistema controlador:<\/b><\/strong><\/h4>\n<h5 style=\"text-align: left;\"><strong><b>\u2013 Pantalla t\u00e1ctil a color de alta definici\u00f3n de 10 pulgadas. Interfaz de programaci\u00f3n de men\u00fa. <\/b><\/strong><\/h5>\n<h5 style=\"text-align: left;\"><strong><b>\u2013 Equipado con servomotor <\/b><\/strong><\/h5>\n<h5 style=\"text-align: left;\"><strong><b>\u2013 M\u00e9todo de control de bus CAN abierto, eliminando por completo los errores de posicionamiento por interferencia <\/b><\/strong><\/h5>\n<h5 style=\"text-align: left;\"><strong><b>\u2013 Admite programaci\u00f3n de \u00e1ngulos y el sistema calcula autom\u00e1ticamente la profundidad de doblado de la placa Control de posici\u00f3n del deslizador <\/b><\/strong><\/h5>\n<h5 style=\"text-align: left;\"><strong><b>\u2013 Control de posici\u00f3n del tope trasero Ajuste del tiempo de mantenimiento de la presi\u00f3n<\/b><\/strong><\/h5>\n<h5 style=\"text-align: left;\"><strong><b>-20 programas, cada programa tiene 20 pasos<\/b><\/strong><\/h5>\n<h5 style=\"text-align: left;\"><strong><b>\u2013 Funci\u00f3n de l\u00edmite suave \u2013 Memoria de apagado<\/b><\/strong><\/h5>\n<p>&nbsp;<\/p>\n<h3>Par\u00e1metros (personalizables):<\/h3>\n<p><img decoding=\"async\" class=\"aligncenter size-full wp-image-661\" src=\"https:\/\/chenesme.com\/wp-content\/uploads\/2025\/10\/H2807dc6ca004411d913e8d9042279563k.png\" alt=\"\" width=\"1000\" height=\"1033\" srcset=\"https:\/\/chenesme.com\/wp-content\/uploads\/2025\/10\/H2807dc6ca004411d913e8d9042279563k.png 1000w, https:\/\/chenesme.com\/wp-content\/uploads\/2025\/10\/H2807dc6ca004411d913e8d9042279563k-484x500.png 484w, https:\/\/chenesme.com\/wp-content\/uploads\/2025\/10\/H2807dc6ca004411d913e8d9042279563k-290x300.png 290w, https:\/\/chenesme.com\/wp-content\/uploads\/2025\/10\/H2807dc6ca004411d913e8d9042279563k-768x793.png 768w, https:\/\/chenesme.com\/wp-content\/uploads\/2025\/10\/H2807dc6ca004411d913e8d9042279563k-12x12.png 12w, https:\/\/chenesme.com\/wp-content\/uploads\/2025\/10\/H2807dc6ca004411d913e8d9042279563k-73x75.png 73w, https:\/\/chenesme.com\/wp-content\/uploads\/2025\/10\/H2807dc6ca004411d913e8d9042279563k-480x496.png 480w, https:\/\/chenesme.com\/wp-content\/uploads\/2025\/10\/H2807dc6ca004411d913e8d9042279563k-800x826.png 800w\" sizes=\"(max-width:767px) 480px, (max-width:1000px) 100vw, 1000px\" \/><\/p>\n<p style=\"text-align: left;\">","protected":false},"excerpt":{"rendered":"<p>M\u00e1quina plegadora de chapa met\u00e1lica CNC WG67K 80T\/3200 mm con sistema TP10S Configuraci\u00f3n de exportaci\u00f3n est\u00e1ndar: \u203b Grupo de v\u00e1lvulas Rexroth de Alemania \u203b Junta de tuber\u00eda<span class=\"excerpt-hellip\"> [\u2026]<\/span><\/p>","protected":false},"featured_media":635,"template":"","meta":{"_joinchat":[]},"product_brand":[],"product_cat":[17],"product_tag":[],"class_list":{"0":"post-609","1":"product","2":"type-product","3":"status-publish","4":"has-post-thumbnail","6":"product_cat-hydraulic-press-brake","8":"first","9":"instock","10":"shipping-taxable","11":"product-type-external"},"yoast_head":"<!-- This site is optimized with the Yoast SEO plugin v25.6 - https:\/\/yoast.com\/wordpress\/plugins\/seo\/ -->\n<title>WG67K 80T\/3200mm Press Brake Machine Cnc Sheet Metal Bending Machine with TP10S System - Anhui Chensi Machinery Equipment Co., Ltd.<\/title>\n<meta name=\"robots\" content=\"index, follow, max-snippet:-1, max-image-preview:large, max-video-preview:-1\" \/>\n<link rel=\"canonical\" href=\"https:\/\/chenesme.com\/es\/producto\/wg67k-125t-2500mm-press-brake-machine-cnc-sheet-metal-bending-machine-with-tp10s-system\/\" \/>\n<meta property=\"og:locale\" content=\"es_ES\" \/>\n<meta property=\"og:type\" content=\"article\" \/>\n<meta property=\"og:title\" content=\"WG67K 80T\/3200mm Press Brake Machine Cnc Sheet Metal Bending Machine with TP10S System - Anhui Chensi Machinery Equipment Co., Ltd.\" \/>\n<meta property=\"og:description\" content=\"WG67K 80T\/3200mm Press Brake Machine Cnc Sheet Metal Bending Machine with TP10S System Standard export configuration\uff1a &nbsp; &nbsp; &nbsp; \u203b Germany Rexroth valve group\u203b Pipe joint [\u2026]\" \/>\n<meta property=\"og:url\" content=\"https:\/\/chenesme.com\/es\/producto\/wg67k-125t-2500mm-press-brake-machine-cnc-sheet-metal-bending-machine-with-tp10s-system\/\" \/>\n<meta property=\"og:site_name\" content=\"Anhui Chensi Machinery Equipment Co., Ltd.\" \/>\n<meta property=\"article:modified_time\" content=\"2025-10-17T01:09:33+00:00\" \/>\n<meta property=\"og:image\" content=\"https:\/\/chenesme.com\/wp-content\/uploads\/2025\/10\/hydraulic-press-brake-1.png\" \/>\n\t<meta property=\"og:image:width\" content=\"800\" \/>\n\t<meta property=\"og:image:height\" content=\"800\" \/>\n\t<meta property=\"og:image:type\" content=\"image\/png\" \/>\n<meta name=\"twitter:card\" content=\"summary_large_image\" \/>\n<meta name=\"twitter:label1\" content=\"Tiempo de lectura\" \/>\n\t<meta name=\"twitter:data1\" content=\"2 minutos\" \/>\n<script type=\"application\/ld+json\" class=\"yoast-schema-graph\">{\"@context\":\"https:\/\/schema.org\",\"@graph\":[{\"@type\":\"WebPage\",\"@id\":\"https:\/\/chenesme.com\/product\/wg67k-125t-2500mm-press-brake-machine-cnc-sheet-metal-bending-machine-with-tp10s-system\/\",\"url\":\"https:\/\/chenesme.com\/product\/wg67k-125t-2500mm-press-brake-machine-cnc-sheet-metal-bending-machine-with-tp10s-system\/\",\"name\":\"WG67K 80T\/3200mm Press Brake Machine Cnc Sheet Metal Bending Machine with TP10S System - Anhui Chensi Machinery Equipment Co., Ltd.\",\"isPartOf\":{\"@id\":\"https:\/\/chenesme.com\/#website\"},\"primaryImageOfPage\":{\"@id\":\"https:\/\/chenesme.com\/product\/wg67k-125t-2500mm-press-brake-machine-cnc-sheet-metal-bending-machine-with-tp10s-system\/#primaryimage\"},\"image\":{\"@id\":\"https:\/\/chenesme.com\/product\/wg67k-125t-2500mm-press-brake-machine-cnc-sheet-metal-bending-machine-with-tp10s-system\/#primaryimage\"},\"thumbnailUrl\":\"https:\/\/chenesme.com\/wp-content\/uploads\/2025\/10\/hydraulic-press-brake-1.png\",\"datePublished\":\"2025-10-15T01:12:17+00:00\",\"dateModified\":\"2025-10-17T01:09:33+00:00\",\"breadcrumb\":{\"@id\":\"https:\/\/chenesme.com\/product\/wg67k-125t-2500mm-press-brake-machine-cnc-sheet-metal-bending-machine-with-tp10s-system\/#breadcrumb\"},\"inLanguage\":\"es\",\"potentialAction\":[{\"@type\":\"ReadAction\",\"target\":[\"https:\/\/chenesme.com\/product\/wg67k-125t-2500mm-press-brake-machine-cnc-sheet-metal-bending-machine-with-tp10s-system\/\"]}]},{\"@type\":\"ImageObject\",\"inLanguage\":\"es\",\"@id\":\"https:\/\/chenesme.com\/product\/wg67k-125t-2500mm-press-brake-machine-cnc-sheet-metal-bending-machine-with-tp10s-system\/#primaryimage\",\"url\":\"https:\/\/chenesme.com\/wp-content\/uploads\/2025\/10\/hydraulic-press-brake-1.png\",\"contentUrl\":\"https:\/\/chenesme.com\/wp-content\/uploads\/2025\/10\/hydraulic-press-brake-1.png\",\"width\":800,\"height\":800},{\"@type\":\"BreadcrumbList\",\"@id\":\"https:\/\/chenesme.com\/product\/wg67k-125t-2500mm-press-brake-machine-cnc-sheet-metal-bending-machine-with-tp10s-system\/#breadcrumb\",\"itemListElement\":[{\"@type\":\"ListItem\",\"position\":1,\"name\":\"Home\",\"item\":\"https:\/\/chenesme.com\/\"},{\"@type\":\"ListItem\",\"position\":2,\"name\":\"Product\",\"item\":\"https:\/\/chenesme.com\/product\/\"},{\"@type\":\"ListItem\",\"position\":3,\"name\":\"WG67K 80T\/3200mm Press Brake Machine Cnc Sheet Metal Bending Machine with TP10S System\"}]},{\"@type\":\"WebSite\",\"@id\":\"https:\/\/chenesme.com\/#website\",\"url\":\"https:\/\/chenesme.com\/\",\"name\":\"Anhui Chensi Machinery Equipment Co., Ltd.\",\"description\":\"Anhui Chensi Machinery Equipment Co., Ltd.\",\"potentialAction\":[{\"@type\":\"SearchAction\",\"target\":{\"@type\":\"EntryPoint\",\"urlTemplate\":\"https:\/\/chenesme.com\/?s={search_term_string}\"},\"query-input\":{\"@type\":\"PropertyValueSpecification\",\"valueRequired\":true,\"valueName\":\"search_term_string\"}}],\"inLanguage\":\"es\"}]}<\/script>\n<!-- \/ Yoast SEO plugin. -->","yoast_head_json":{"title":"WG67K 80T\/3200mm Press Brake Machine Cnc Sheet Metal Bending Machine with TP10S System - Anhui Chensi Machinery Equipment Co., Ltd.","robots":{"index":"index","follow":"follow","max-snippet":"max-snippet:-1","max-image-preview":"max-image-preview:large","max-video-preview":"max-video-preview:-1"},"canonical":"https:\/\/chenesme.com\/es\/producto\/wg67k-125t-2500mm-press-brake-machine-cnc-sheet-metal-bending-machine-with-tp10s-system\/","og_locale":"es_ES","og_type":"article","og_title":"WG67K 80T\/3200mm Press Brake Machine Cnc Sheet Metal Bending Machine with TP10S System - Anhui Chensi Machinery Equipment Co., Ltd.","og_description":"WG67K 80T\/3200mm Press Brake Machine Cnc Sheet Metal Bending Machine with TP10S System Standard export configuration\uff1a &nbsp; &nbsp; &nbsp; \u203b Germany Rexroth valve group\u203b Pipe joint [\u2026]","og_url":"https:\/\/chenesme.com\/es\/producto\/wg67k-125t-2500mm-press-brake-machine-cnc-sheet-metal-bending-machine-with-tp10s-system\/","og_site_name":"Anhui Chensi Machinery Equipment Co., Ltd.","article_modified_time":"2025-10-17T01:09:33+00:00","og_image":[{"width":800,"height":800,"url":"https:\/\/chenesme.com\/wp-content\/uploads\/2025\/10\/hydraulic-press-brake-1.png","type":"image\/png"}],"twitter_card":"summary_large_image","twitter_misc":{"Tiempo de lectura":"2 minutos"},"schema":{"@context":"https:\/\/schema.org","@graph":[{"@type":"WebPage","@id":"https:\/\/chenesme.com\/product\/wg67k-125t-2500mm-press-brake-machine-cnc-sheet-metal-bending-machine-with-tp10s-system\/","url":"https:\/\/chenesme.com\/product\/wg67k-125t-2500mm-press-brake-machine-cnc-sheet-metal-bending-machine-with-tp10s-system\/","name":"WG67K 80T\/3200mm Press Brake Machine Cnc Sheet Metal Bending Machine with TP10S System - Anhui Chensi Machinery Equipment Co., Ltd.","isPartOf":{"@id":"https:\/\/chenesme.com\/#website"},"primaryImageOfPage":{"@id":"https:\/\/chenesme.com\/product\/wg67k-125t-2500mm-press-brake-machine-cnc-sheet-metal-bending-machine-with-tp10s-system\/#primaryimage"},"image":{"@id":"https:\/\/chenesme.com\/product\/wg67k-125t-2500mm-press-brake-machine-cnc-sheet-metal-bending-machine-with-tp10s-system\/#primaryimage"},"thumbnailUrl":"https:\/\/chenesme.com\/wp-content\/uploads\/2025\/10\/hydraulic-press-brake-1.png","datePublished":"2025-10-15T01:12:17+00:00","dateModified":"2025-10-17T01:09:33+00:00","breadcrumb":{"@id":"https:\/\/chenesme.com\/product\/wg67k-125t-2500mm-press-brake-machine-cnc-sheet-metal-bending-machine-with-tp10s-system\/#breadcrumb"},"inLanguage":"es","potentialAction":[{"@type":"ReadAction","target":["https:\/\/chenesme.com\/product\/wg67k-125t-2500mm-press-brake-machine-cnc-sheet-metal-bending-machine-with-tp10s-system\/"]}]},{"@type":"ImageObject","inLanguage":"es","@id":"https:\/\/chenesme.com\/product\/wg67k-125t-2500mm-press-brake-machine-cnc-sheet-metal-bending-machine-with-tp10s-system\/#primaryimage","url":"https:\/\/chenesme.com\/wp-content\/uploads\/2025\/10\/hydraulic-press-brake-1.png","contentUrl":"https:\/\/chenesme.com\/wp-content\/uploads\/2025\/10\/hydraulic-press-brake-1.png","width":800,"height":800},{"@type":"BreadcrumbList","@id":"https:\/\/chenesme.com\/product\/wg67k-125t-2500mm-press-brake-machine-cnc-sheet-metal-bending-machine-with-tp10s-system\/#breadcrumb","itemListElement":[{"@type":"ListItem","position":1,"name":"Home","item":"https:\/\/chenesme.com\/"},{"@type":"ListItem","position":2,"name":"Product","item":"https:\/\/chenesme.com\/product\/"},{"@type":"ListItem","position":3,"name":"WG67K 80T\/3200mm Press Brake Machine Cnc Sheet Metal Bending Machine with TP10S System"}]},{"@type":"WebSite","@id":"https:\/\/chenesme.com\/#website","url":"https:\/\/chenesme.com\/","name":"Anhui Chensi Machinery Equipment Co., Ltd.","description":"Anhui Chensi Machinery Equipment Co., Ltd.","potentialAction":[{"@type":"SearchAction","target":{"@type":"EntryPoint","urlTemplate":"https:\/\/chenesme.com\/?s={search_term_string}"},"query-input":{"@type":"PropertyValueSpecification","valueRequired":true,"valueName":"search_term_string"}}],"inLanguage":"es"}]}},"_links":{"self":[{"href":"https:\/\/chenesme.com\/es\/wp-json\/wp\/v2\/product\/609","targetHints":{"allow":["GET"]}}],"collection":[{"href":"https:\/\/chenesme.com\/es\/wp-json\/wp\/v2\/product"}],"about":[{"href":"https:\/\/chenesme.com\/es\/wp-json\/wp\/v2\/types\/product"}],"version-history":[{"count":20,"href":"https:\/\/chenesme.com\/es\/wp-json\/wp\/v2\/product\/609\/revisions"}],"predecessor-version":[{"id":663,"href":"https:\/\/chenesme.com\/es\/wp-json\/wp\/v2\/product\/609\/revisions\/663"}],"wp:featuredmedia":[{"embeddable":true,"href":"https:\/\/chenesme.com\/es\/wp-json\/wp\/v2\/media\/635"}],"wp:attachment":[{"href":"https:\/\/chenesme.com\/es\/wp-json\/wp\/v2\/media?parent=609"}],"wp:term":[{"taxonomy":"product_brand","embeddable":true,"href":"https:\/\/chenesme.com\/es\/wp-json\/wp\/v2\/product_brand?post=609"},{"taxonomy":"product_cat","embeddable":true,"href":"https:\/\/chenesme.com\/es\/wp-json\/wp\/v2\/product_cat?post=609"},{"taxonomy":"product_tag","embeddable":true,"href":"https:\/\/chenesme.com\/es\/wp-json\/wp\/v2\/product_tag?post=609"}],"curies":[{"name":"wp","href":"https:\/\/api.w.org\/{rel}","templated":true}]}}