{"id":625,"date":"2025-10-15T06:38:18","date_gmt":"2025-10-15T06:38:18","guid":{"rendered":"https:\/\/chenesme.com\/?post_type=product&#038;p=625"},"modified":"2025-10-17T06:42:38","modified_gmt":"2025-10-17T06:42:38","slug":"air-powered-press-for-metal-stamping","status":"publish","type":"product","link":"https:\/\/chenesme.com\/es\/producto\/air-powered-press-for-metal-stamping\/","title":{"rendered":"Prensa neum\u00e1tica eficiente para estampaci\u00f3n de metal"},"content":{"rendered":"<div data-spm-anchor-id=\"a2700.details-description.0.i18.a5007qTM7qTMOs\">\n<h2 class=\"header-vfC6AV auto-hide-last-sibling-br\">Prensa de estampaci\u00f3n neum\u00e1tica a buen precio<\/h2>\n<div class=\"auto-hide-last-sibling-br paragraph-JOTKXA paragraph-element br-paragraph-space\">\n<p class=\"header-vfC6AV auto-hide-last-sibling-br\">Prensa de estampaci\u00f3n neum\u00e1tica a buen precio En el campo del procesamiento y estampaci\u00f3n de metales, la <strong>Prensa punzonadora neum\u00e1tica JH21-125T<\/strong> Se ha convertido en un equipo central favorito en la industria debido a su excelente rendimiento, artesan\u00eda precisa y funcionamiento estable.<\/p>\n<\/div>\n<div>\n<h4 class=\"header-vfC6AV auto-hide-last-sibling-br\">Descripci\u00f3n general del producto<\/h4>\n<div class=\"auto-hide-last-sibling-br paragraph-JOTKXA paragraph-element br-paragraph-space\">Dise\u00f1ado para aplicaciones de estampado de medianas a pesadas, el JH21-125T ofrece un control constante de fuerza y movimiento, lo que lo convierte en la opci\u00f3n ideal para industrias que requieren la producci\u00f3n de piezas met\u00e1licas de alta precisi\u00f3n. Su sistema neum\u00e1tico y su robusta estructura garantizan un rendimiento \u00f3ptimo en diversos procesos de estampado.<\/div>\n<\/div>\n<div class=\"auto-hide-last-sibling-br paragraph-JOTKXA paragraph-element br-paragraph-space\"><img fetchpriority=\"high\" decoding=\"async\" class=\"wp-image-673 alignleft\" src=\"https:\/\/chenesme.com\/wp-content\/uploads\/2025\/10\/Pneumatic-punch-2.jpg\" alt=\"\" width=\"599\" height=\"599\" srcset=\"https:\/\/chenesme.com\/wp-content\/uploads\/2025\/10\/Pneumatic-punch-2.jpg 2048w, https:\/\/chenesme.com\/wp-content\/uploads\/2025\/10\/Pneumatic-punch-2-500x500.jpg 500w, https:\/\/chenesme.com\/wp-content\/uploads\/2025\/10\/Pneumatic-punch-2-1200x1200.jpg 1200w, https:\/\/chenesme.com\/wp-content\/uploads\/2025\/10\/Pneumatic-punch-2-300x300.jpg 300w, https:\/\/chenesme.com\/wp-content\/uploads\/2025\/10\/Pneumatic-punch-2-768x768.jpg 768w, https:\/\/chenesme.com\/wp-content\/uploads\/2025\/10\/Pneumatic-punch-2-1536x1536.jpg 1536w, https:\/\/chenesme.com\/wp-content\/uploads\/2025\/10\/Pneumatic-punch-2-12x12.jpg 12w, https:\/\/chenesme.com\/wp-content\/uploads\/2025\/10\/Pneumatic-punch-2-150x150.jpg 150w, https:\/\/chenesme.com\/wp-content\/uploads\/2025\/10\/Pneumatic-punch-2-75x75.jpg 75w, https:\/\/chenesme.com\/wp-content\/uploads\/2025\/10\/Pneumatic-punch-2-480x480.jpg 480w, https:\/\/chenesme.com\/wp-content\/uploads\/2025\/10\/Pneumatic-punch-2-800x800.jpg 800w\" sizes=\"(max-width:767px) 480px, 599px\" \/><\/div>\n<div class=\"auto-hide-last-sibling-br paragraph-JOTKXA paragraph-element br-paragraph-space\">\n<p>&nbsp;<\/p>\n<p>&nbsp;<\/p>\n<p>&nbsp;<\/p>\n<p>&nbsp;<\/p>\n<p>&nbsp;<\/p>\n<p>&nbsp;<\/p>\n<p>&nbsp;<\/p>\n<p>&nbsp;<\/p>\n<p>&nbsp;<\/p>\n<p>&nbsp;<\/p>\n<p>&nbsp;<\/p>\n<p>&nbsp;<\/p>\n<p>&nbsp;<\/p>\n<p>&nbsp;<\/p>\n<p>&nbsp;<\/p>\n<p>&nbsp;<\/p>\n<p>125T (toneladas), que puede satisfacer f\u00e1cilmente las necesidades de procesamiento de estampado mediano y grande, asegurando de manera efectiva la precisi\u00f3n de estampado y la vida \u00fatil del equipo.<\/p>\n<p>En comparaci\u00f3n con las prensas punzonadoras tradicionales, tiene ventajas significativas en la frecuencia de estampado y la coherencia de acci\u00f3n.<\/p>\n<p>Equipado con un mecanismo de gu\u00eda de precisi\u00f3n y un sistema de ajuste, que cumple con los requisitos de procesamiento de alta precisi\u00f3n.<img decoding=\"async\" class=\"wp-image-665 alignleft\" src=\"https:\/\/chenesme.com\/wp-content\/uploads\/2025\/10\/125t-Pneumatic-punch.jpg\" alt=\"\" width=\"600\" height=\"515\" srcset=\"https:\/\/chenesme.com\/wp-content\/uploads\/2025\/10\/125t-Pneumatic-punch.jpg 1024w, https:\/\/chenesme.com\/wp-content\/uploads\/2025\/10\/125t-Pneumatic-punch-500x429.jpg 500w, https:\/\/chenesme.com\/wp-content\/uploads\/2025\/10\/125t-Pneumatic-punch-300x257.jpg 300w, https:\/\/chenesme.com\/wp-content\/uploads\/2025\/10\/125t-Pneumatic-punch-768x659.jpg 768w, https:\/\/chenesme.com\/wp-content\/uploads\/2025\/10\/125t-Pneumatic-punch-14x12.jpg 14w, https:\/\/chenesme.com\/wp-content\/uploads\/2025\/10\/125t-Pneumatic-punch-87x75.jpg 87w, https:\/\/chenesme.com\/wp-content\/uploads\/2025\/10\/125t-Pneumatic-punch-480x412.jpg 480w, https:\/\/chenesme.com\/wp-content\/uploads\/2025\/10\/125t-Pneumatic-punch-800x686.jpg 800w\" sizes=\"(max-width:767px) 480px, 600px\" \/><\/p>\n<\/div>\n<\/div>\n<p>&nbsp;<\/p>\n<p>&nbsp;<\/p>\n<p>&nbsp;<\/p>\n<p>&nbsp;<\/p>\n<p>&nbsp;<\/p>\n<p>&nbsp;<\/p>\n<p>&nbsp;<\/p>\n<p>&nbsp;<\/p>\n<p>&nbsp;<\/p>\n<p>&nbsp;<\/p>\n<p>&nbsp;<\/p>\n<p>&nbsp;<\/p>\n<p>&nbsp;<\/p>\n<p>Invierta en la punzonadora neum\u00e1tica JH21-125T para aumentar la productividad, precisi\u00f3n y eficiencia operativa de su estampado. Cont\u00e1ctenos hoy mismo para obtener una soluci\u00f3n personalizada a la medida de sus necesidades de fabricaci\u00f3n.<\/p>\n<p>&nbsp;<\/p>","protected":false},"excerpt":{"rendered":"<p>Las punzonadoras neum\u00e1ticas CNC est\u00e1n dise\u00f1adas para maximizar la producci\u00f3n, con ciclos r\u00e1pidos que permiten un funcionamiento continuo. Esto aumenta la producci\u00f3n y reduce el tiempo unitario, lo que las hace ideales para la producci\u00f3n a gran escala. Su alta velocidad garantiza retrasos m\u00ednimos entre operaciones, lo que aumenta la eficiencia general. Se caracterizan por su alta eficiencia, velocidad y bajo mantenimiento.<\/p>","protected":false},"featured_media":628,"template":"","meta":{"_joinchat":[]},"product_brand":[],"product_cat":[21],"product_tag":[],"class_list":{"0":"post-625","1":"product","2":"type-product","3":"status-publish","4":"has-post-thumbnail","6":"product_cat-pneumatic-punching-machine","8":"first","9":"instock","10":"shipping-taxable","11":"product-type-external"},"yoast_head":"<!-- This site is optimized with the Yoast SEO plugin v25.6 - https:\/\/yoast.com\/wordpress\/plugins\/seo\/ -->\n<title>Efficient Air-Powered Press for Metal Stamping - Anhui Chensi Machinery Equipment Co., Ltd.<\/title>\n<meta name=\"robots\" content=\"index, follow, max-snippet:-1, max-image-preview:large, max-video-preview:-1\" \/>\n<link rel=\"canonical\" href=\"https:\/\/chenesme.com\/es\/producto\/air-powered-press-for-metal-stamping\/\" \/>\n<meta property=\"og:locale\" content=\"es_ES\" \/>\n<meta property=\"og:type\" content=\"article\" \/>\n<meta property=\"og:title\" content=\"Efficient Air-Powered Press for Metal Stamping - Anhui Chensi Machinery Equipment Co., Ltd.\" \/>\n<meta property=\"og:description\" content=\"CNC pneumatic punching machines are designed to maximize production, with fast cycle times enabling continuous operation. This increases output and reduces unit time, making them ideal for large-scale production. High-speed capabilities ensure minimal delays between operations, increasing overall efficiency. They are characterized by high efficiency, speed, and low maintenance requirements.\" \/>\n<meta property=\"og:url\" content=\"https:\/\/chenesme.com\/es\/producto\/air-powered-press-for-metal-stamping\/\" \/>\n<meta property=\"og:site_name\" content=\"Anhui Chensi Machinery Equipment Co., Ltd.\" \/>\n<meta property=\"article:modified_time\" content=\"2025-10-17T06:42:38+00:00\" \/>\n<meta property=\"og:image\" content=\"https:\/\/chenesme.com\/wp-content\/uploads\/2025\/10\/7f65664e8d547fb6d18f4a38356267ab-1.jpg\" \/>\n\t<meta property=\"og:image:width\" content=\"2048\" \/>\n\t<meta property=\"og:image:height\" content=\"2048\" \/>\n\t<meta property=\"og:image:type\" content=\"image\/jpeg\" \/>\n<meta name=\"twitter:card\" content=\"summary_large_image\" \/>\n<meta name=\"twitter:label1\" content=\"Tiempo de lectura\" \/>\n\t<meta name=\"twitter:data1\" content=\"2 minutos\" \/>\n<script type=\"application\/ld+json\" class=\"yoast-schema-graph\">{\"@context\":\"https:\/\/schema.org\",\"@graph\":[{\"@type\":\"WebPage\",\"@id\":\"https:\/\/chenesme.com\/product\/air-powered-press-for-metal-stamping\/\",\"url\":\"https:\/\/chenesme.com\/product\/air-powered-press-for-metal-stamping\/\",\"name\":\"Efficient Air-Powered Press for Metal Stamping - Anhui Chensi Machinery Equipment Co., Ltd.\",\"isPartOf\":{\"@id\":\"https:\/\/chenesme.com\/#website\"},\"primaryImageOfPage\":{\"@id\":\"https:\/\/chenesme.com\/product\/air-powered-press-for-metal-stamping\/#primaryimage\"},\"image\":{\"@id\":\"https:\/\/chenesme.com\/product\/air-powered-press-for-metal-stamping\/#primaryimage\"},\"thumbnailUrl\":\"https:\/\/chenesme.com\/wp-content\/uploads\/2025\/10\/7f65664e8d547fb6d18f4a38356267ab-1.jpg\",\"datePublished\":\"2025-10-15T06:38:18+00:00\",\"dateModified\":\"2025-10-17T06:42:38+00:00\",\"breadcrumb\":{\"@id\":\"https:\/\/chenesme.com\/product\/air-powered-press-for-metal-stamping\/#breadcrumb\"},\"inLanguage\":\"es\",\"potentialAction\":[{\"@type\":\"ReadAction\",\"target\":[\"https:\/\/chenesme.com\/product\/air-powered-press-for-metal-stamping\/\"]}]},{\"@type\":\"ImageObject\",\"inLanguage\":\"es\",\"@id\":\"https:\/\/chenesme.com\/product\/air-powered-press-for-metal-stamping\/#primaryimage\",\"url\":\"https:\/\/chenesme.com\/wp-content\/uploads\/2025\/10\/7f65664e8d547fb6d18f4a38356267ab-1.jpg\",\"contentUrl\":\"https:\/\/chenesme.com\/wp-content\/uploads\/2025\/10\/7f65664e8d547fb6d18f4a38356267ab-1.jpg\",\"width\":2048,\"height\":2048},{\"@type\":\"BreadcrumbList\",\"@id\":\"https:\/\/chenesme.com\/product\/air-powered-press-for-metal-stamping\/#breadcrumb\",\"itemListElement\":[{\"@type\":\"ListItem\",\"position\":1,\"name\":\"Home\",\"item\":\"https:\/\/chenesme.com\/\"},{\"@type\":\"ListItem\",\"position\":2,\"name\":\"Product\",\"item\":\"https:\/\/chenesme.com\/product\/\"},{\"@type\":\"ListItem\",\"position\":3,\"name\":\"Efficient Air-Powered Press for Metal Stamping\"}]},{\"@type\":\"WebSite\",\"@id\":\"https:\/\/chenesme.com\/#website\",\"url\":\"https:\/\/chenesme.com\/\",\"name\":\"Anhui Chensi Machinery Equipment Co., Ltd.\",\"description\":\"Anhui Chensi Machinery Equipment Co., Ltd.\",\"potentialAction\":[{\"@type\":\"SearchAction\",\"target\":{\"@type\":\"EntryPoint\",\"urlTemplate\":\"https:\/\/chenesme.com\/?s={search_term_string}\"},\"query-input\":{\"@type\":\"PropertyValueSpecification\",\"valueRequired\":true,\"valueName\":\"search_term_string\"}}],\"inLanguage\":\"es\"}]}<\/script>\n<!-- \/ Yoast SEO plugin. -->","yoast_head_json":{"title":"Efficient Air-Powered Press for Metal Stamping - Anhui Chensi Machinery Equipment Co., Ltd.","robots":{"index":"index","follow":"follow","max-snippet":"max-snippet:-1","max-image-preview":"max-image-preview:large","max-video-preview":"max-video-preview:-1"},"canonical":"https:\/\/chenesme.com\/es\/producto\/air-powered-press-for-metal-stamping\/","og_locale":"es_ES","og_type":"article","og_title":"Efficient Air-Powered Press for Metal Stamping - Anhui Chensi Machinery Equipment Co., Ltd.","og_description":"CNC pneumatic punching machines are designed to maximize production, with fast cycle times enabling continuous operation. This increases output and reduces unit time, making them ideal for large-scale production. High-speed capabilities ensure minimal delays between operations, increasing overall efficiency. They are characterized by high efficiency, speed, and low maintenance requirements.","og_url":"https:\/\/chenesme.com\/es\/producto\/air-powered-press-for-metal-stamping\/","og_site_name":"Anhui Chensi Machinery Equipment Co., Ltd.","article_modified_time":"2025-10-17T06:42:38+00:00","og_image":[{"width":2048,"height":2048,"url":"https:\/\/chenesme.com\/wp-content\/uploads\/2025\/10\/7f65664e8d547fb6d18f4a38356267ab-1.jpg","type":"image\/jpeg"}],"twitter_card":"summary_large_image","twitter_misc":{"Tiempo de lectura":"2 minutos"},"schema":{"@context":"https:\/\/schema.org","@graph":[{"@type":"WebPage","@id":"https:\/\/chenesme.com\/product\/air-powered-press-for-metal-stamping\/","url":"https:\/\/chenesme.com\/product\/air-powered-press-for-metal-stamping\/","name":"Efficient Air-Powered Press for Metal Stamping - Anhui Chensi Machinery Equipment Co., Ltd.","isPartOf":{"@id":"https:\/\/chenesme.com\/#website"},"primaryImageOfPage":{"@id":"https:\/\/chenesme.com\/product\/air-powered-press-for-metal-stamping\/#primaryimage"},"image":{"@id":"https:\/\/chenesme.com\/product\/air-powered-press-for-metal-stamping\/#primaryimage"},"thumbnailUrl":"https:\/\/chenesme.com\/wp-content\/uploads\/2025\/10\/7f65664e8d547fb6d18f4a38356267ab-1.jpg","datePublished":"2025-10-15T06:38:18+00:00","dateModified":"2025-10-17T06:42:38+00:00","breadcrumb":{"@id":"https:\/\/chenesme.com\/product\/air-powered-press-for-metal-stamping\/#breadcrumb"},"inLanguage":"es","potentialAction":[{"@type":"ReadAction","target":["https:\/\/chenesme.com\/product\/air-powered-press-for-metal-stamping\/"]}]},{"@type":"ImageObject","inLanguage":"es","@id":"https:\/\/chenesme.com\/product\/air-powered-press-for-metal-stamping\/#primaryimage","url":"https:\/\/chenesme.com\/wp-content\/uploads\/2025\/10\/7f65664e8d547fb6d18f4a38356267ab-1.jpg","contentUrl":"https:\/\/chenesme.com\/wp-content\/uploads\/2025\/10\/7f65664e8d547fb6d18f4a38356267ab-1.jpg","width":2048,"height":2048},{"@type":"BreadcrumbList","@id":"https:\/\/chenesme.com\/product\/air-powered-press-for-metal-stamping\/#breadcrumb","itemListElement":[{"@type":"ListItem","position":1,"name":"Home","item":"https:\/\/chenesme.com\/"},{"@type":"ListItem","position":2,"name":"Product","item":"https:\/\/chenesme.com\/product\/"},{"@type":"ListItem","position":3,"name":"Efficient Air-Powered Press for Metal Stamping"}]},{"@type":"WebSite","@id":"https:\/\/chenesme.com\/#website","url":"https:\/\/chenesme.com\/","name":"Anhui Chensi Machinery Equipment Co., Ltd.","description":"Anhui Chensi Machinery Equipment Co., Ltd.","potentialAction":[{"@type":"SearchAction","target":{"@type":"EntryPoint","urlTemplate":"https:\/\/chenesme.com\/?s={search_term_string}"},"query-input":{"@type":"PropertyValueSpecification","valueRequired":true,"valueName":"search_term_string"}}],"inLanguage":"es"}]}},"_links":{"self":[{"href":"https:\/\/chenesme.com\/es\/wp-json\/wp\/v2\/product\/625","targetHints":{"allow":["GET"]}}],"collection":[{"href":"https:\/\/chenesme.com\/es\/wp-json\/wp\/v2\/product"}],"about":[{"href":"https:\/\/chenesme.com\/es\/wp-json\/wp\/v2\/types\/product"}],"version-history":[{"count":4,"href":"https:\/\/chenesme.com\/es\/wp-json\/wp\/v2\/product\/625\/revisions"}],"predecessor-version":[{"id":675,"href":"https:\/\/chenesme.com\/es\/wp-json\/wp\/v2\/product\/625\/revisions\/675"}],"wp:featuredmedia":[{"embeddable":true,"href":"https:\/\/chenesme.com\/es\/wp-json\/wp\/v2\/media\/628"}],"wp:attachment":[{"href":"https:\/\/chenesme.com\/es\/wp-json\/wp\/v2\/media?parent=625"}],"wp:term":[{"taxonomy":"product_brand","embeddable":true,"href":"https:\/\/chenesme.com\/es\/wp-json\/wp\/v2\/product_brand?post=625"},{"taxonomy":"product_cat","embeddable":true,"href":"https:\/\/chenesme.com\/es\/wp-json\/wp\/v2\/product_cat?post=625"},{"taxonomy":"product_tag","embeddable":true,"href":"https:\/\/chenesme.com\/es\/wp-json\/wp\/v2\/product_tag?post=625"}],"curies":[{"name":"wp","href":"https:\/\/api.w.org\/{rel}","templated":true}]}}