{"id":701,"date":"2025-10-17T05:45:20","date_gmt":"2025-10-17T05:45:20","guid":{"rendered":"https:\/\/chenesme.com\/?post_type=product&#038;p=701"},"modified":"2025-10-20T01:28:13","modified_gmt":"2025-10-20T01:28:13","slug":"precision-pneumatic-press-for-metal-stamping","status":"publish","type":"product","link":"https:\/\/chenesme.com\/es\/producto\/precision-pneumatic-press-for-metal-stamping\/","title":{"rendered":"Prensa punzonadora neum\u00e1tica de grado industrial"},"content":{"rendered":"<div class=\"container-PrUkKo\">\n<div class=\"item-hGGxLi\">\n<div class=\"container-arOxqB chrome70-container\">\n<div class=\"inner-FyM8gE inner-item-f8P6nx\" data-target-id=\"message-box-target-id\" data-testid=\"union_message\">\n<div class=\"message-block-container-aFugD6\" data-testid=\"message-block-container\" data-ui-version=\"samantha\">\n<div class=\"flex flex-row w-full w-full max-w-full s-font-base text-s-color-text-secondary p-0 rounded-s-radius-s bg-transparent group data-[attr=select-mode]:-mt-10 data-[attr=select-mode]:py-10 data-[attr=select-mode]:px-16 data-[attr=select-mode]:sm:p-10 data-[attr=select-mode]:hover:bg-s-color-bg-base data-[attr=select-mode]:hover:rounded-s-radius-xs data-[attr=select-mode]:has-[:checked]:bg-s-color-bg-trans data-[attr=select-mode]:has-[:checked]:rounded-s-radius-xs data-[attr=select-mode]:pointer-events-none\" data-testid=\"receive_message\">\n<div class=\"flex flex-col flex-grow max-w-full min-w-0\">\n<div class=\"flex flex-row w-full\" data-testid=\"message_content\" data-message-id=\"24872152091837698\">\n<div class=\"w-full\" data-plugin-identifier=\"Symbol(code-receive-artifact-message-content)\">\n<div class=\"container-ZYIsnH flow-markdown-body mdbox-theme-next theme-samantha-Nbr9UN\" dir=\"ltr\" data-testid=\"message_text_content\" data-show-indicator=\"false\">\n<h1 class=\"header-vfC6AV auto-hide-last-sibling-br\">Prensa punzonadora neum\u00e1tica de grado industrial: precisi\u00f3n, potencia y productividad redefinidas<\/h1>\n<div class=\"auto-hide-last-sibling-br paragraph-JOTKXA paragraph-element br-paragraph-space\">Cuando se trata de fabricaci\u00f3n de metal de alta resistencia, ensamblaje de precisi\u00f3n u operaciones de estampado de gran volumen, la punzonadora neum\u00e1tica de grado industrial es la soluci\u00f3n definitiva en cuanto a fiabilidad, eficiencia y rendimiento. Dise\u00f1ada para satisfacer las rigurosas exigencias de los entornos industriales, esta potente m\u00e1quina combina tecnolog\u00eda neum\u00e1tica avanzada con una construcci\u00f3n robusta para ofrecer resultados consistentes, incluso en los entornos de producci\u00f3n m\u00e1s exigentes.<\/div>\n<h2><img fetchpriority=\"high\" decoding=\"async\" class=\"wp-image-730 alignleft\" src=\"https:\/\/chenesme.com\/wp-content\/uploads\/2025\/10\/punch.jpeg\" alt=\"\" width=\"348\" height=\"631\" srcset=\"https:\/\/chenesme.com\/wp-content\/uploads\/2025\/10\/punch.jpeg 800w, https:\/\/chenesme.com\/wp-content\/uploads\/2025\/10\/punch-276x500.jpeg 276w, https:\/\/chenesme.com\/wp-content\/uploads\/2025\/10\/punch-662x1200.jpeg 662w, https:\/\/chenesme.com\/wp-content\/uploads\/2025\/10\/punch-165x300.jpeg 165w, https:\/\/chenesme.com\/wp-content\/uploads\/2025\/10\/punch-768x1393.jpeg 768w, https:\/\/chenesme.com\/wp-content\/uploads\/2025\/10\/punch-7x12.jpeg 7w, https:\/\/chenesme.com\/wp-content\/uploads\/2025\/10\/punch-41x75.jpeg 41w, https:\/\/chenesme.com\/wp-content\/uploads\/2025\/10\/punch-480x871.jpeg 480w\" sizes=\"(max-width:767px) 348px, 348px\" \/><\/h2>\n<h2><\/h2>\n<h2><\/h2>\n<h2><\/h2>\n<h2><\/h2>\n<h2><\/h2>\n<h2><\/h2>\n<h2><\/h2>\n<h2><\/h2>\n<h2><\/h2>\n<h2><\/h2>\n<h2><\/h2>\n<h2><\/h2>\n<h2 class=\"header-vfC6AV auto-hide-last-sibling-br\">Rendimiento inigualable: potencia y precisi\u00f3n<\/h2>\n<div class=\"auto-hide-last-sibling-br paragraph-JOTKXA paragraph-element br-paragraph-space\">Nuestra punzadora neum\u00e1tica de grado industrial se basa en un sistema neum\u00e1tico de alta presi\u00f3n, capaz de generar hasta [X] toneladas de fuerza de punzonado, ideal para perforar, troquelar, conformar o doblar una amplia gama de materiales, como acero, aluminio, cobre y aleaciones. Su alineaci\u00f3n de cabezal y matriz, mecanizada con precisi\u00f3n, garantiza tolerancias de hasta \u00b10,001 pulgadas, eliminando desperdicios y garantizando que cada pieza cumpla con las especificaciones exactas.<\/div>\n<div class=\"container-utlnW2 md-box-line-break wrapper-d0Cc1k undefined\"><\/div>\n<div class=\"auto-hide-last-sibling-br paragraph-JOTKXA paragraph-element br-paragraph-space\">Ya sea que trabaje con l\u00e1minas delgadas o placas gruesas, la longitud de carrera ajustable de la prensa (de [X] mm a [X] mm) y el control de velocidad variable (hasta [X] carreras por minuto) permiten una adaptaci\u00f3n perfecta a diversas aplicaciones, desde piezas personalizadas en lotes peque\u00f1os hasta producci\u00f3n en masa a gran escala.<\/div>\n<h2 class=\"header-vfC6AV auto-hide-last-sibling-br\">Dise\u00f1ado para durabilidad industrial<\/h2>\n<div class=\"auto-hide-last-sibling-br paragraph-JOTKXA paragraph-element br-paragraph-space\">Dise\u00f1ada para funcionar 24\/7, esta punzonadora cuenta con un robusto bastidor de hierro fundido que minimiza la vibraci\u00f3n y garantiza la integridad estructural bajo carga continua. Los componentes cr\u00edticos, como el cilindro neum\u00e1tico, las v\u00e1lvulas y los rieles gu\u00eda, est\u00e1n fabricados en acero de alta calidad y tratados con recubrimientos resistentes a la corrosi\u00f3n, lo que prolonga su vida \u00fatil y reduce el tiempo de inactividad por mantenimiento.<\/div>\n<div class=\"container-utlnW2 md-box-line-break wrapper-d0Cc1k undefined\"><\/div>\n<div class=\"auto-hide-last-sibling-br paragraph-JOTKXA paragraph-element br-paragraph-space\">La seguridad es primordial: la prensa est\u00e1 equipada con controles de dos manos, botones de parada de emergencia y una cortina de luz protectora para evitar el contacto accidental durante el funcionamiento, cumpliendo con los est\u00e1ndares de seguridad globales (OSHA, CE, ISO).<\/div>\n<h2 class=\"header-vfC6AV auto-hide-last-sibling-br\">Eficiencia inteligente para f\u00e1bricas modernas<\/h2>\n<div class=\"auto-hide-last-sibling-br paragraph-JOTKXA paragraph-element br-paragraph-space\">M\u00e1s all\u00e1 de la potencia bruta, nuestra prensa punzonadora neum\u00e1tica de grado industrial integra funciones inteligentes para optimizar su flujo de trabajo:<\/div>\n<div class=\"container-utlnW2 md-box-line-break wrapper-d0Cc1k undefined\"><\/div>\n<ul class=\"auto-hide-last-sibling-br\">\n<li><strong>Eficiencia energ\u00e9tica<\/strong>:El sistema neum\u00e1tico consume menos energ\u00eda que las alternativas hidr\u00e1ulicas, lo que reduce los costos operativos sin sacrificar el rendimiento.<\/li>\n<li><strong>Cambio r\u00e1pido<\/strong>Los sistemas de sujeci\u00f3n de matrices sin herramientas reducen el tiempo de configuraci\u00f3n hasta en un 50%, maximizando el tiempo de actividad para cambios frecuentes de trabajo.<\/li>\n<li><strong>Controles integrados<\/strong>:Una HMI (interfaz hombre-m\u00e1quina) f\u00e1cil de usar permite a los operadores almacenar programas de perforaci\u00f3n personalizados, monitorear m\u00e9tricas de rendimiento y solucionar problemas en tiempo real.<\/li>\n<\/ul>\n<h2 class=\"header-vfC6AV auto-hide-last-sibling-br\">Aplicaciones vers\u00e1tiles en todas las industrias<\/h2>\n<div class=\"auto-hide-last-sibling-br paragraph-JOTKXA paragraph-element br-paragraph-space\">Desde la industria automotriz y aeroespacial hasta la electr\u00f3nica y la construcci\u00f3n, esta punzonadora se destaca en:<\/div>\n<div class=\"container-utlnW2 md-box-line-break wrapper-d0Cc1k undefined\"><\/div>\n<ul class=\"auto-hide-last-sibling-br\">\n<li>Estampaci\u00f3n de metal (juntas, soportes, paneles)<\/li>\n<li>Perforaci\u00f3n y ranurado de agujeros<\/li>\n<li>Conformado y doblado de materiales de calibre fino a medio<\/li>\n<li>Integraci\u00f3n de la l\u00ednea de montaje para la producci\u00f3n automatizada<\/li>\n<\/ul>\n<div class=\"container-utlnW2 md-box-line-break wrapper-d0Cc1k undefined\"><\/div>\n<div class=\"auto-hide-last-sibling-br paragraph-JOTKXA paragraph-element br-paragraph-space\">Independientemente de la industria, ofrece la velocidad, precisi\u00f3n y durabilidad necesarias para mantener su l\u00ednea de producci\u00f3n funcionando con la m\u00e1xima eficiencia.<\/div>\n<h2 class=\"header-vfC6AV auto-hide-last-sibling-br\">\u00bfPor qu\u00e9 elegir nuestra prensa punzonadora neum\u00e1tica de grado industrial?<\/h2>\n<ul class=\"auto-hide-last-sibling-br\">\n<li><strong>Confiabilidad comprobada<\/strong>:Con el respaldo de una garant\u00eda de [X] a\u00f1os y una red de servicio global, asegurando un tiempo de inactividad m\u00ednimo y un rendimiento a largo plazo.<\/li>\n<li><strong>Opciones personalizables<\/strong>:Disponible en varias capacidades de fuerza y configuraciones para adaptarse a sus necesidades de producci\u00f3n espec\u00edficas.<\/li>\n<li><strong>Rentable<\/strong>Un menor consumo de energ\u00eda, un mantenimiento reducido y un alto rendimiento se traducen en un retorno de la inversi\u00f3n m\u00e1s r\u00e1pido.<\/li>\n<\/ul>\n<div class=\"container-utlnW2 md-box-line-break wrapper-d0Cc1k undefined\"><\/div>\n<div class=\"auto-hide-last-sibling-br paragraph-JOTKXA paragraph-element br-paragraph-space\">Aumente su capacidad de fabricaci\u00f3n con la punzonadora neum\u00e1tica de grado industrial, donde la resistencia industrial se une a la ingenier\u00eda de precisi\u00f3n. Cont\u00e1ctenos hoy mismo para descubrir c\u00f3mo puede...<\/div>\n<\/div>\n<\/div>\n<\/div>\n<\/div>\n<\/div>\n<\/div>\n<\/div>\n<\/div>\n<\/div>\n<\/div>\n<div class=\"container-PrUkKo\">\n<div class=\"item-hGGxLi\">\n<div class=\"container-arOxqB chrome70-container\">\n<div class=\"inner-FyM8gE inner-item-f8P6nx\" data-target-id=\"message-box-target-id\" data-testid=\"union_message\">\n<div class=\"message-block-container-aFugD6\" data-testid=\"message-block-container\" data-ui-version=\"samantha\">\n<div class=\"flex flex-row w-full w-full max-w-full s-font-base text-s-color-text-secondary p-0 rounded-s-radius-s bg-transparent group data-[attr=select-mode]:-mt-10 data-[attr=select-mode]:py-10 data-[attr=select-mode]:px-16 data-[attr=select-mode]:sm:p-10 data-[attr=select-mode]:hover:bg-s-color-bg-base data-[attr=select-mode]:hover:rounded-s-radius-xs data-[attr=select-mode]:has-[:checked]:bg-s-color-bg-trans data-[attr=select-mode]:has-[:checked]:rounded-s-radius-xs data-[attr=select-mode]:pointer-events-none\" data-testid=\"receive_message\">\n<div class=\"flex flex-col flex-grow max-w-full min-w-0\">\n<div class=\"flex flex-row w-full\" data-testid=\"message_content\" data-message-id=\"24875288354127362\">\n<div class=\"w-full\" data-plugin-identifier=\"Symbol(code-receive-artifact-message-content)\">\n<div class=\"container-ZYIsnH flow-markdown-body mdbox-theme-next theme-samantha-Nbr9UN\" dir=\"ltr\" data-testid=\"message_text_content\" data-show-indicator=\"false\">\n<h1 class=\"header-vfC6AV auto-hide-last-sibling-br\">Prensa punzonadora neum\u00e1tica de grado industrial<\/h1>\n<div class=\"auto-hide-last-sibling-br paragraph-JOTKXA paragraph-element br-paragraph-space\">La prensa punzonadora neum\u00e1tica de grado industrial est\u00e1 dise\u00f1ada para uso industrial pesado, combinando potencia, precisi\u00f3n y durabilidad para sobresalir en entornos de fabricaci\u00f3n de alta demanda.<\/div>\n<h2 class=\"header-vfC6AV auto-hide-last-sibling-br\">Construido para durar<\/h2>\n<div class=\"auto-hide-last-sibling-br paragraph-JOTKXA paragraph-element br-paragraph-space\">Un robusto marco de hierro fundido minimiza la vibraci\u00f3n, mientras que los componentes de acero de alto grado (cilindros, v\u00e1lvulas, rieles) cuentan con revestimientos resistentes a la corrosi\u00f3n, dise\u00f1ados para funcionar las 24 horas del d\u00eda, los 7 d\u00edas de la semana.<\/div>\n<div class=\"container-utlnW2 md-box-line-break wrapper-d0Cc1k undefined\"><\/div>\n<div class=\"auto-hide-last-sibling-br paragraph-JOTKXA paragraph-element br-paragraph-space\">La seguridad no es negociable: los controles de dos manos, las paradas de emergencia y las cortinas de luz cumplen con los est\u00e1ndares OSHA, CE e ISO.<\/div>\n<h2 class=\"header-vfC6AV auto-hide-last-sibling-br\">Eficiencia inteligente<\/h2>\n<ul class=\"auto-hide-last-sibling-br\">\n<li><strong>Ahorro de energ\u00eda<\/strong>:Utiliza menos energ\u00eda que las prensas hidr\u00e1ulicas, lo que reduce los costos operativos.<\/li>\n<li><strong>Cambios r\u00e1pidos<\/strong>:La sujeci\u00f3n de matriz sin herramientas reduce el tiempo de configuraci\u00f3n en 50%.<\/li>\n<li><strong>HMI f\u00e1cil de usar<\/strong>:Almacena programas personalizados, monitorea m\u00e9tricas y simplifica la resoluci\u00f3n de problemas.<\/li>\n<\/ul>\n<h2 class=\"header-vfC6AV auto-hide-last-sibling-br\">Aplicaciones vers\u00e1tiles<\/h2>\n<div class=\"auto-hide-last-sibling-br paragraph-JOTKXA paragraph-element br-paragraph-space\">Ideal para automoci\u00f3n, aeroespacial, electr\u00f3nica y construcci\u00f3n:<\/div>\n<div class=\"container-utlnW2 md-box-line-break wrapper-d0Cc1k undefined\"><\/div>\n<ul class=\"auto-hide-last-sibling-br\">\n<li>Estampaci\u00f3n de metal (juntas, soportes)<\/li>\n<li>Perforaci\u00f3n\/ranuraci\u00f3n de agujeros<\/li>\n<li>Conformado de calibre fino a medioIntegraci\u00f3n de l\u00ednea de producci\u00f3n automatizada<\/li>\n<\/ul>\n<h2 class=\"header-vfC6AV auto-hide-last-sibling-br\"><img decoding=\"async\" class=\"wp-image-713 alignleft\" src=\"https:\/\/chenesme.com\/wp-content\/uploads\/2025\/10\/Pneumatic-Punching-Press\uff081\uff09.jpg\" alt=\"\" width=\"439\" height=\"781\" srcset=\"https:\/\/chenesme.com\/wp-content\/uploads\/2025\/10\/Pneumatic-Punching-Press\uff081\uff09.jpg 562w, https:\/\/chenesme.com\/wp-content\/uploads\/2025\/10\/Pneumatic-Punching-Press\uff081\uff09-281x500.jpg 281w, https:\/\/chenesme.com\/wp-content\/uploads\/2025\/10\/Pneumatic-Punching-Press\uff081\uff09-169x300.jpg 169w, https:\/\/chenesme.com\/wp-content\/uploads\/2025\/10\/Pneumatic-Punching-Press\uff081\uff09-7x12.jpg 7w, https:\/\/chenesme.com\/wp-content\/uploads\/2025\/10\/Pneumatic-Punching-Press\uff081\uff09-42x75.jpg 42w, https:\/\/chenesme.com\/wp-content\/uploads\/2025\/10\/Pneumatic-Punching-Press\uff081\uff09-480x854.jpg 480w\" sizes=\"(max-width:767px) 439px, 439px\" \/><\/h2>\n<h2><\/h2>\n<h2><\/h2>\n<h2><\/h2>\n<h2><\/h2>\n<h2><\/h2>\n<h2><\/h2>\n<h2><\/h2>\n<h2><\/h2>\n<h2><\/h2>\n<h2><\/h2>\n<h2><\/h2>\n<h2><\/h2>\n<h2><\/h2>\n<h2><\/h2>\n<h2 class=\"header-vfC6AV auto-hide-last-sibling-br\">\u00bfPor qu\u00e9 elegir el nuestro?<\/h2>\n<ul class=\"auto-hide-last-sibling-br\">\n<li>Garant\u00eda de 2 a\u00f1os y servicio global para un tiempo de inactividad m\u00ednimo.<\/li>\n<li>Capacidades y configuraciones de fuerza personalizables.<\/li>\n<li>Retorno r\u00e1pido de la inversi\u00f3n gracias al bajo consumo de energ\u00eda, mantenimiento reducido y alto rendimiento.<\/li>\n<\/ul>\n<div class=\"container-utlnW2 md-box-line-break wrapper-d0Cc1k undefined\"><\/div>\n<div class=\"auto-hide-last-sibling-br paragraph-JOTKXA paragraph-element br-paragraph-space\">Mejore su producci\u00f3n con la punzonadora neum\u00e1tica de grado industrial, donde la fuerza se une a la precisi\u00f3n. Cont\u00e1ctenos para transformar su flujo de trabajo.<\/div>\n<\/div>\n<\/div>\n<\/div>\n<\/div>\n<\/div>\n<\/div>\n<\/div>\n<\/div>\n<\/div>\n<\/div>","protected":false},"excerpt":{"rendered":"<p>Las punzonadoras neum\u00e1ticas CNC est\u00e1n dise\u00f1adas para maximizar la producci\u00f3n, con ciclos r\u00e1pidos que permiten un funcionamiento continuo. Esto aumenta la producci\u00f3n y reduce el tiempo unitario, lo que las hace ideales para la producci\u00f3n a gran escala. Su alta velocidad garantiza retrasos m\u00ednimos entre operaciones, lo que aumenta la eficiencia general. Se caracterizan por su alta eficiencia, velocidad y bajo mantenimiento.<\/p>","protected":false},"featured_media":729,"template":"","meta":{"_joinchat":[]},"product_brand":[],"product_cat":[21],"product_tag":[],"class_list":{"0":"post-701","1":"product","2":"type-product","3":"status-publish","4":"has-post-thumbnail","6":"product_cat-pneumatic-punching-machine","8":"first","9":"instock","10":"shipping-taxable","11":"product-type-external"},"yoast_head":"<!-- This site is optimized with the Yoast SEO plugin v25.6 - https:\/\/yoast.com\/wordpress\/plugins\/seo\/ -->\n<title>Pneumatic Punch Press Industrial-Grade - Anhui Chensi Machinery Equipment Co., Ltd.<\/title>\n<meta name=\"description\" content=\"Our Pneumatic Punch Press delivers high-speed, precise force for stamping and assembly. Boost your production efficiency with this robust solution\" \/>\n<meta name=\"robots\" content=\"index, follow, max-snippet:-1, max-image-preview:large, max-video-preview:-1\" \/>\n<link rel=\"canonical\" href=\"https:\/\/chenesme.com\/es\/producto\/precision-pneumatic-press-for-metal-stamping\/\" \/>\n<meta property=\"og:locale\" content=\"es_ES\" \/>\n<meta property=\"og:type\" content=\"article\" \/>\n<meta property=\"og:title\" content=\"Pneumatic Punch Press Industrial-Grade - Anhui Chensi Machinery Equipment Co., Ltd.\" \/>\n<meta property=\"og:description\" content=\"Our Pneumatic Punch Press delivers high-speed, precise force for stamping and assembly. Boost your production efficiency with this robust solution\" \/>\n<meta property=\"og:url\" content=\"https:\/\/chenesme.com\/es\/producto\/precision-pneumatic-press-for-metal-stamping\/\" \/>\n<meta property=\"og:site_name\" content=\"Anhui Chensi Machinery Equipment Co., Ltd.\" \/>\n<meta property=\"article:modified_time\" content=\"2025-10-20T01:28:13+00:00\" \/>\n<meta property=\"og:image\" content=\"https:\/\/chenesme.com\/wp-content\/uploads\/2025\/10\/Pneumatic-Punching-Press-4.png\" \/>\n\t<meta property=\"og:image:width\" content=\"717\" \/>\n\t<meta property=\"og:image:height\" content=\"717\" \/>\n\t<meta property=\"og:image:type\" content=\"image\/png\" \/>\n<meta name=\"twitter:card\" content=\"summary_large_image\" \/>\n<meta name=\"twitter:label1\" content=\"Tiempo de lectura\" \/>\n\t<meta name=\"twitter:data1\" content=\"5 minutos\" \/>\n<script type=\"application\/ld+json\" class=\"yoast-schema-graph\">{\"@context\":\"https:\/\/schema.org\",\"@graph\":[{\"@type\":\"WebPage\",\"@id\":\"https:\/\/chenesme.com\/product\/precision-pneumatic-press-for-metal-stamping\/\",\"url\":\"https:\/\/chenesme.com\/product\/precision-pneumatic-press-for-metal-stamping\/\",\"name\":\"Pneumatic Punch Press Industrial-Grade - Anhui Chensi Machinery Equipment Co., Ltd.\",\"isPartOf\":{\"@id\":\"https:\/\/chenesme.com\/#website\"},\"primaryImageOfPage\":{\"@id\":\"https:\/\/chenesme.com\/product\/precision-pneumatic-press-for-metal-stamping\/#primaryimage\"},\"image\":{\"@id\":\"https:\/\/chenesme.com\/product\/precision-pneumatic-press-for-metal-stamping\/#primaryimage\"},\"thumbnailUrl\":\"https:\/\/chenesme.com\/wp-content\/uploads\/2025\/10\/Pneumatic-Punching-Press-4.png\",\"datePublished\":\"2025-10-17T05:45:20+00:00\",\"dateModified\":\"2025-10-20T01:28:13+00:00\",\"description\":\"Our Pneumatic Punch Press delivers high-speed, precise force for stamping and assembly. Boost your production efficiency with this robust solution\",\"breadcrumb\":{\"@id\":\"https:\/\/chenesme.com\/product\/precision-pneumatic-press-for-metal-stamping\/#breadcrumb\"},\"inLanguage\":\"es\",\"potentialAction\":[{\"@type\":\"ReadAction\",\"target\":[\"https:\/\/chenesme.com\/product\/precision-pneumatic-press-for-metal-stamping\/\"]}]},{\"@type\":\"ImageObject\",\"inLanguage\":\"es\",\"@id\":\"https:\/\/chenesme.com\/product\/precision-pneumatic-press-for-metal-stamping\/#primaryimage\",\"url\":\"https:\/\/chenesme.com\/wp-content\/uploads\/2025\/10\/Pneumatic-Punching-Press-4.png\",\"contentUrl\":\"https:\/\/chenesme.com\/wp-content\/uploads\/2025\/10\/Pneumatic-Punching-Press-4.png\",\"width\":717,\"height\":717},{\"@type\":\"BreadcrumbList\",\"@id\":\"https:\/\/chenesme.com\/product\/precision-pneumatic-press-for-metal-stamping\/#breadcrumb\",\"itemListElement\":[{\"@type\":\"ListItem\",\"position\":1,\"name\":\"Home\",\"item\":\"https:\/\/chenesme.com\/\"},{\"@type\":\"ListItem\",\"position\":2,\"name\":\"Product\",\"item\":\"https:\/\/chenesme.com\/product\/\"},{\"@type\":\"ListItem\",\"position\":3,\"name\":\"Pneumatic Punch Press Industrial-Grade\"}]},{\"@type\":\"WebSite\",\"@id\":\"https:\/\/chenesme.com\/#website\",\"url\":\"https:\/\/chenesme.com\/\",\"name\":\"Anhui Chensi Machinery Equipment Co., Ltd.\",\"description\":\"Anhui Chensi Machinery Equipment Co., Ltd.\",\"potentialAction\":[{\"@type\":\"SearchAction\",\"target\":{\"@type\":\"EntryPoint\",\"urlTemplate\":\"https:\/\/chenesme.com\/?s={search_term_string}\"},\"query-input\":{\"@type\":\"PropertyValueSpecification\",\"valueRequired\":true,\"valueName\":\"search_term_string\"}}],\"inLanguage\":\"es\"}]}<\/script>\n<!-- \/ Yoast SEO plugin. -->","yoast_head_json":{"title":"Pneumatic Punch Press Industrial-Grade - Anhui Chensi Machinery Equipment Co., Ltd.","description":"Our Pneumatic Punch Press delivers high-speed, precise force for stamping and assembly. Boost your production efficiency with this robust solution","robots":{"index":"index","follow":"follow","max-snippet":"max-snippet:-1","max-image-preview":"max-image-preview:large","max-video-preview":"max-video-preview:-1"},"canonical":"https:\/\/chenesme.com\/es\/producto\/precision-pneumatic-press-for-metal-stamping\/","og_locale":"es_ES","og_type":"article","og_title":"Pneumatic Punch Press Industrial-Grade - Anhui Chensi Machinery Equipment Co., Ltd.","og_description":"Our Pneumatic Punch Press delivers high-speed, precise force for stamping and assembly. Boost your production efficiency with this robust solution","og_url":"https:\/\/chenesme.com\/es\/producto\/precision-pneumatic-press-for-metal-stamping\/","og_site_name":"Anhui Chensi Machinery Equipment Co., Ltd.","article_modified_time":"2025-10-20T01:28:13+00:00","og_image":[{"width":717,"height":717,"url":"https:\/\/chenesme.com\/wp-content\/uploads\/2025\/10\/Pneumatic-Punching-Press-4.png","type":"image\/png"}],"twitter_card":"summary_large_image","twitter_misc":{"Tiempo de lectura":"5 minutos"},"schema":{"@context":"https:\/\/schema.org","@graph":[{"@type":"WebPage","@id":"https:\/\/chenesme.com\/product\/precision-pneumatic-press-for-metal-stamping\/","url":"https:\/\/chenesme.com\/product\/precision-pneumatic-press-for-metal-stamping\/","name":"Pneumatic Punch Press Industrial-Grade - Anhui Chensi Machinery Equipment Co., Ltd.","isPartOf":{"@id":"https:\/\/chenesme.com\/#website"},"primaryImageOfPage":{"@id":"https:\/\/chenesme.com\/product\/precision-pneumatic-press-for-metal-stamping\/#primaryimage"},"image":{"@id":"https:\/\/chenesme.com\/product\/precision-pneumatic-press-for-metal-stamping\/#primaryimage"},"thumbnailUrl":"https:\/\/chenesme.com\/wp-content\/uploads\/2025\/10\/Pneumatic-Punching-Press-4.png","datePublished":"2025-10-17T05:45:20+00:00","dateModified":"2025-10-20T01:28:13+00:00","description":"Our Pneumatic Punch Press delivers high-speed, precise force for stamping and assembly. Boost your production efficiency with this robust solution","breadcrumb":{"@id":"https:\/\/chenesme.com\/product\/precision-pneumatic-press-for-metal-stamping\/#breadcrumb"},"inLanguage":"es","potentialAction":[{"@type":"ReadAction","target":["https:\/\/chenesme.com\/product\/precision-pneumatic-press-for-metal-stamping\/"]}]},{"@type":"ImageObject","inLanguage":"es","@id":"https:\/\/chenesme.com\/product\/precision-pneumatic-press-for-metal-stamping\/#primaryimage","url":"https:\/\/chenesme.com\/wp-content\/uploads\/2025\/10\/Pneumatic-Punching-Press-4.png","contentUrl":"https:\/\/chenesme.com\/wp-content\/uploads\/2025\/10\/Pneumatic-Punching-Press-4.png","width":717,"height":717},{"@type":"BreadcrumbList","@id":"https:\/\/chenesme.com\/product\/precision-pneumatic-press-for-metal-stamping\/#breadcrumb","itemListElement":[{"@type":"ListItem","position":1,"name":"Home","item":"https:\/\/chenesme.com\/"},{"@type":"ListItem","position":2,"name":"Product","item":"https:\/\/chenesme.com\/product\/"},{"@type":"ListItem","position":3,"name":"Pneumatic Punch Press Industrial-Grade"}]},{"@type":"WebSite","@id":"https:\/\/chenesme.com\/#website","url":"https:\/\/chenesme.com\/","name":"Anhui Chensi Machinery Equipment Co., Ltd.","description":"Anhui Chensi Machinery Equipment Co., Ltd.","potentialAction":[{"@type":"SearchAction","target":{"@type":"EntryPoint","urlTemplate":"https:\/\/chenesme.com\/?s={search_term_string}"},"query-input":{"@type":"PropertyValueSpecification","valueRequired":true,"valueName":"search_term_string"}}],"inLanguage":"es"}]}},"_links":{"self":[{"href":"https:\/\/chenesme.com\/es\/wp-json\/wp\/v2\/product\/701","targetHints":{"allow":["GET"]}}],"collection":[{"href":"https:\/\/chenesme.com\/es\/wp-json\/wp\/v2\/product"}],"about":[{"href":"https:\/\/chenesme.com\/es\/wp-json\/wp\/v2\/types\/product"}],"version-history":[{"count":6,"href":"https:\/\/chenesme.com\/es\/wp-json\/wp\/v2\/product\/701\/revisions"}],"predecessor-version":[{"id":731,"href":"https:\/\/chenesme.com\/es\/wp-json\/wp\/v2\/product\/701\/revisions\/731"}],"wp:featuredmedia":[{"embeddable":true,"href":"https:\/\/chenesme.com\/es\/wp-json\/wp\/v2\/media\/729"}],"wp:attachment":[{"href":"https:\/\/chenesme.com\/es\/wp-json\/wp\/v2\/media?parent=701"}],"wp:term":[{"taxonomy":"product_brand","embeddable":true,"href":"https:\/\/chenesme.com\/es\/wp-json\/wp\/v2\/product_brand?post=701"},{"taxonomy":"product_cat","embeddable":true,"href":"https:\/\/chenesme.com\/es\/wp-json\/wp\/v2\/product_cat?post=701"},{"taxonomy":"product_tag","embeddable":true,"href":"https:\/\/chenesme.com\/es\/wp-json\/wp\/v2\/product_tag?post=701"}],"curies":[{"name":"wp","href":"https:\/\/api.w.org\/{rel}","templated":true}]}}