{"id":743,"date":"2025-10-20T02:15:28","date_gmt":"2025-10-20T02:15:28","guid":{"rendered":"https:\/\/chenesme.com\/?post_type=product&#038;p=743"},"modified":"2025-10-20T02:53:32","modified_gmt":"2025-10-20T02:53:32","slug":"cnc-controlled-pneumatic-punching-system","status":"publish","type":"product","link":"https:\/\/chenesme.com\/es\/producto\/cnc-controlled-pneumatic-punching-system\/","title":{"rendered":"Sistema de punzonado neum\u00e1tico controlado por CNC"},"content":{"rendered":"<div class=\"J_module\">\n<div class=\"detail-decorate-json-renderer-container\">\n<div class=\"magic-6\">\n<div class=\"magic-7\">\n<div class=\"magic-8\">\n<h3 class=\"magic-9\"><span style=\"color: #000000;\"><b><span class=\"magic-10\" data-spm-anchor-id=\"a2700.details-description.0.i0.5a4b7wCS7wCSEc\">Prensa de potencia de punto \u00fanico abierto de alta precisi\u00f3n<\/span><\/b><\/span><\/h3>\n<p>El sistema de punzonado neum\u00e1tico controlado por CNC combina precisi\u00f3n digital con velocidad neum\u00e1tica, brindando resultados consistentes y de alta calidad para la fabricaci\u00f3n de chapa met\u00e1lica compleja.<\/p>\n<p><img fetchpriority=\"high\" decoding=\"async\" class=\"wp-image-748 alignleft\" src=\"https:\/\/chenesme.com\/wp-content\/uploads\/2025\/10\/Pneumatic-Punching-Press-7-1.png\" alt=\"\" width=\"503\" height=\"503\" srcset=\"https:\/\/chenesme.com\/wp-content\/uploads\/2025\/10\/Pneumatic-Punching-Press-7-1.png 707w, https:\/\/chenesme.com\/wp-content\/uploads\/2025\/10\/Pneumatic-Punching-Press-7-1-500x500.png 500w, https:\/\/chenesme.com\/wp-content\/uploads\/2025\/10\/Pneumatic-Punching-Press-7-1-300x300.png 300w, https:\/\/chenesme.com\/wp-content\/uploads\/2025\/10\/Pneumatic-Punching-Press-7-1-12x12.png 12w, https:\/\/chenesme.com\/wp-content\/uploads\/2025\/10\/Pneumatic-Punching-Press-7-1-150x150.png 150w, https:\/\/chenesme.com\/wp-content\/uploads\/2025\/10\/Pneumatic-Punching-Press-7-1-75x75.png 75w, https:\/\/chenesme.com\/wp-content\/uploads\/2025\/10\/Pneumatic-Punching-Press-7-1-480x480.png 480w\" sizes=\"(max-width:767px) 480px, 503px\" \/><\/p>\n<\/div>\n<\/div>\n<\/div>\n<\/div>\n<\/div>\n<div class=\"detail-decorate-json-renderer-container\">\n<div class=\"magic-6\">\n<div class=\"magic-7\">\n<div class=\"magic-8\">\n<div><\/div>\n<div><\/div>\n<div><\/div>\n<div><\/div>\n<div><\/div>\n<div><\/div>\n<div><\/div>\n<div><\/div>\n<div><\/div>\n<div><\/div>\n<div><\/div>\n<div><\/div>\n<div><\/div>\n<div><\/div>\n<div><\/div>\n<div><\/div>\n<div><\/div>\n<div><\/div>\n<div><\/div>\n<div><\/div>\n<div><\/div>\n<div class=\"magic-9\"><span style=\"color: #000000;\"><b><span class=\"magic-11\" data-spm-anchor-id=\"a2700.details-description.0.i1.5a4b7wCS7wCSEc\">El sistema de punzonado neum\u00e1tico controlado por CNC utiliza el gas de alta presi\u00f3n producido por compresores para forzar el metal dentro de los moldes para el procesamiento de obleas, estampado, gofrado, etc.<\/span><\/b><\/span><\/div>\n<\/div>\n<\/div>\n<\/div>\n<\/div>\n<div class=\"J_module\">\n<div class=\"detail-decorate-json-renderer-container\">\n<div class=\"magic-6\">\n<div class=\"magic-7\">\n<div class=\"magic-8\">\n<div class=\"magic-9\">\n<div><span class=\"magic-12\" style=\"color: #000000;\">\u25cf Placas de acero soldadas como cuerpo de la m\u00e1quina, tratadas para eliminar tensiones internas, marcadas con alta rigidez;<br \/>\n<\/span><\/div>\n<div><span class=\"magic-12\" style=\"color: #000000;\">\u25cf Cig\u00fce\u00f1al dispuesto longitudinalmente, estructura compacta y hermosa apariencia;<br \/>\n<\/span><\/div>\n<div><span class=\"magic-12\" style=\"color: #000000;\">\u25cf Carriles gu\u00eda hexagonales de longitud extra, gu\u00eda de alta precisi\u00f3n;<br \/>\n<\/span><\/div>\n<div><span class=\"magic-12\" style=\"color: #000000;\"><span class=\"magic-13\">\u25cf <span class=\"magic-13\">Circuito el\u00e9ctrico controlado por PLC, v\u00e1lvula d\u00faplex de seguridad para tuber\u00edas de aire, flexible y altamente sensible en el movimiento, segura y confiable, operaciones de una sola vez, de avance lento y continuas para opciones, conforme al est\u00e1ndar de seguridad para m\u00e1quinas de estampado;<\/span><\/span><br \/>\n<\/span><\/div>\n<p><span class=\"magic-13\" style=\"color: #000000;\"><span class=\"magic-11\"><span class=\"magic-12\">\u25cf Dispositivo de protecci\u00f3n contra sobrecarga hidr\u00e1ulica y dispositivo de protecci\u00f3n r\u00edgido para evitar da\u00f1os en las m\u00e1quinas herramienta debido a sobrecarga;<\/span><br \/>\n<\/span><\/span><\/p>\n<p><span class=\"magic-13\" style=\"color: #000000;\"><span class=\"magic-11\"><span class=\"magic-12\">\u25cf Embrague-freno de fricci\u00f3n neum\u00e1tico de tipo combinado, acoplamiento constante, bajo nivel de ruido;<\/span><\/span><\/span><\/p>\n<p><img decoding=\"async\" class=\"alignleft wp-image-745\" src=\"https:\/\/chenesme.com\/wp-content\/uploads\/2025\/10\/\u6c14\u52a8\u51b2\u5e8a.jpg\" alt=\"\" width=\"377\" height=\"671\" srcset=\"https:\/\/chenesme.com\/wp-content\/uploads\/2025\/10\/\u6c14\u52a8\u51b2\u5e8a.jpg 562w, https:\/\/chenesme.com\/wp-content\/uploads\/2025\/10\/\u6c14\u52a8\u51b2\u5e8a-281x500.jpg 281w, https:\/\/chenesme.com\/wp-content\/uploads\/2025\/10\/\u6c14\u52a8\u51b2\u5e8a-169x300.jpg 169w, https:\/\/chenesme.com\/wp-content\/uploads\/2025\/10\/\u6c14\u52a8\u51b2\u5e8a-7x12.jpg 7w, https:\/\/chenesme.com\/wp-content\/uploads\/2025\/10\/\u6c14\u52a8\u51b2\u5e8a-42x75.jpg 42w, https:\/\/chenesme.com\/wp-content\/uploads\/2025\/10\/\u6c14\u52a8\u51b2\u5e8a-480x854.jpg 480w\" sizes=\"(max-width:767px) 377px, 377px\" \/><\/p>\n<\/div>\n<\/div>\n<\/div>\n<\/div>\n<\/div>\n<\/div>","protected":false},"excerpt":{"rendered":"<p>Las punzonadoras neum\u00e1ticas CNC est\u00e1n dise\u00f1adas para maximizar la producci\u00f3n, con ciclos r\u00e1pidos que permiten un funcionamiento continuo. Esto aumenta la producci\u00f3n y reduce el tiempo unitario, lo que las hace ideales para la producci\u00f3n a gran escala. Su alta velocidad garantiza retrasos m\u00ednimos entre operaciones, lo que aumenta la eficiencia general. Se caracterizan por su alta eficiencia, velocidad y bajo mantenimiento.<\/p>","protected":false},"featured_media":748,"template":"","meta":{"_joinchat":[]},"product_brand":[],"product_cat":[21],"product_tag":[],"class_list":{"0":"post-743","1":"product","2":"type-product","3":"status-publish","4":"has-post-thumbnail","6":"product_cat-pneumatic-punching-machine","8":"first","9":"instock","10":"shipping-taxable","11":"product-type-external"},"yoast_head":"<!-- This site is optimized with the Yoast SEO plugin v25.6 - https:\/\/yoast.com\/wordpress\/plugins\/seo\/ -->\n<title>CNC-Controlled Pneumatic Punching System - Anhui Chensi Machinery Equipment Co., Ltd.<\/title>\n<meta name=\"description\" content=\"Our CNC-Controlled Pneumatic Punching System high-speed, precise force for stamping. Boost your production efficiency with this robust solution..\" \/>\n<meta name=\"robots\" content=\"index, follow, max-snippet:-1, max-image-preview:large, max-video-preview:-1\" \/>\n<link rel=\"canonical\" href=\"https:\/\/chenesme.com\/es\/producto\/cnc-controlled-pneumatic-punching-system\/\" \/>\n<meta property=\"og:locale\" content=\"es_ES\" \/>\n<meta property=\"og:type\" content=\"article\" \/>\n<meta property=\"og:title\" content=\"CNC-Controlled Pneumatic Punching System - Anhui Chensi Machinery Equipment Co., Ltd.\" \/>\n<meta property=\"og:description\" content=\"Our CNC-Controlled Pneumatic Punching System high-speed, precise force for stamping. Boost your production efficiency with this robust solution..\" \/>\n<meta property=\"og:url\" content=\"https:\/\/chenesme.com\/es\/producto\/cnc-controlled-pneumatic-punching-system\/\" \/>\n<meta property=\"og:site_name\" content=\"Anhui Chensi Machinery Equipment Co., Ltd.\" \/>\n<meta property=\"article:modified_time\" content=\"2025-10-20T02:53:32+00:00\" \/>\n<meta property=\"og:image\" content=\"https:\/\/chenesme.com\/wp-content\/uploads\/2025\/10\/Pneumatic-Punching-Press-7-1.png\" \/>\n\t<meta property=\"og:image:width\" content=\"707\" \/>\n\t<meta property=\"og:image:height\" content=\"707\" \/>\n\t<meta property=\"og:image:type\" content=\"image\/png\" \/>\n<meta name=\"twitter:card\" content=\"summary_large_image\" \/>\n<meta name=\"twitter:label1\" content=\"Tiempo de lectura\" \/>\n\t<meta name=\"twitter:data1\" content=\"2 minutos\" \/>\n<script type=\"application\/ld+json\" class=\"yoast-schema-graph\">{\"@context\":\"https:\/\/schema.org\",\"@graph\":[{\"@type\":\"WebPage\",\"@id\":\"https:\/\/chenesme.com\/product\/cnc-controlled-pneumatic-punching-system\/\",\"url\":\"https:\/\/chenesme.com\/product\/cnc-controlled-pneumatic-punching-system\/\",\"name\":\"CNC-Controlled Pneumatic Punching System - Anhui Chensi Machinery Equipment Co., Ltd.\",\"isPartOf\":{\"@id\":\"https:\/\/chenesme.com\/#website\"},\"primaryImageOfPage\":{\"@id\":\"https:\/\/chenesme.com\/product\/cnc-controlled-pneumatic-punching-system\/#primaryimage\"},\"image\":{\"@id\":\"https:\/\/chenesme.com\/product\/cnc-controlled-pneumatic-punching-system\/#primaryimage\"},\"thumbnailUrl\":\"https:\/\/chenesme.com\/wp-content\/uploads\/2025\/10\/Pneumatic-Punching-Press-7-1.png\",\"datePublished\":\"2025-10-20T02:15:28+00:00\",\"dateModified\":\"2025-10-20T02:53:32+00:00\",\"description\":\"Our CNC-Controlled Pneumatic Punching System high-speed, precise force for stamping. Boost your production efficiency with this robust solution..\",\"breadcrumb\":{\"@id\":\"https:\/\/chenesme.com\/product\/cnc-controlled-pneumatic-punching-system\/#breadcrumb\"},\"inLanguage\":\"es\",\"potentialAction\":[{\"@type\":\"ReadAction\",\"target\":[\"https:\/\/chenesme.com\/product\/cnc-controlled-pneumatic-punching-system\/\"]}]},{\"@type\":\"ImageObject\",\"inLanguage\":\"es\",\"@id\":\"https:\/\/chenesme.com\/product\/cnc-controlled-pneumatic-punching-system\/#primaryimage\",\"url\":\"https:\/\/chenesme.com\/wp-content\/uploads\/2025\/10\/Pneumatic-Punching-Press-7-1.png\",\"contentUrl\":\"https:\/\/chenesme.com\/wp-content\/uploads\/2025\/10\/Pneumatic-Punching-Press-7-1.png\",\"width\":707,\"height\":707},{\"@type\":\"BreadcrumbList\",\"@id\":\"https:\/\/chenesme.com\/product\/cnc-controlled-pneumatic-punching-system\/#breadcrumb\",\"itemListElement\":[{\"@type\":\"ListItem\",\"position\":1,\"name\":\"Home\",\"item\":\"https:\/\/chenesme.com\/\"},{\"@type\":\"ListItem\",\"position\":2,\"name\":\"Product\",\"item\":\"https:\/\/chenesme.com\/product\/\"},{\"@type\":\"ListItem\",\"position\":3,\"name\":\"CNC-Controlled Pneumatic Punching System\"}]},{\"@type\":\"WebSite\",\"@id\":\"https:\/\/chenesme.com\/#website\",\"url\":\"https:\/\/chenesme.com\/\",\"name\":\"Anhui Chensi Machinery Equipment Co., Ltd.\",\"description\":\"Anhui Chensi Machinery Equipment Co., Ltd.\",\"potentialAction\":[{\"@type\":\"SearchAction\",\"target\":{\"@type\":\"EntryPoint\",\"urlTemplate\":\"https:\/\/chenesme.com\/?s={search_term_string}\"},\"query-input\":{\"@type\":\"PropertyValueSpecification\",\"valueRequired\":true,\"valueName\":\"search_term_string\"}}],\"inLanguage\":\"es\"}]}<\/script>\n<!-- \/ Yoast SEO plugin. -->","yoast_head_json":{"title":"CNC-Controlled Pneumatic Punching System - Anhui Chensi Machinery Equipment Co., Ltd.","description":"Our CNC-Controlled Pneumatic Punching System high-speed, precise force for stamping. Boost your production efficiency with this robust solution..","robots":{"index":"index","follow":"follow","max-snippet":"max-snippet:-1","max-image-preview":"max-image-preview:large","max-video-preview":"max-video-preview:-1"},"canonical":"https:\/\/chenesme.com\/es\/producto\/cnc-controlled-pneumatic-punching-system\/","og_locale":"es_ES","og_type":"article","og_title":"CNC-Controlled Pneumatic Punching System - Anhui Chensi Machinery Equipment Co., Ltd.","og_description":"Our CNC-Controlled Pneumatic Punching System high-speed, precise force for stamping. Boost your production efficiency with this robust solution..","og_url":"https:\/\/chenesme.com\/es\/producto\/cnc-controlled-pneumatic-punching-system\/","og_site_name":"Anhui Chensi Machinery Equipment Co., Ltd.","article_modified_time":"2025-10-20T02:53:32+00:00","og_image":[{"width":707,"height":707,"url":"https:\/\/chenesme.com\/wp-content\/uploads\/2025\/10\/Pneumatic-Punching-Press-7-1.png","type":"image\/png"}],"twitter_card":"summary_large_image","twitter_misc":{"Tiempo de lectura":"2 minutos"},"schema":{"@context":"https:\/\/schema.org","@graph":[{"@type":"WebPage","@id":"https:\/\/chenesme.com\/product\/cnc-controlled-pneumatic-punching-system\/","url":"https:\/\/chenesme.com\/product\/cnc-controlled-pneumatic-punching-system\/","name":"CNC-Controlled Pneumatic Punching System - Anhui Chensi Machinery Equipment Co., Ltd.","isPartOf":{"@id":"https:\/\/chenesme.com\/#website"},"primaryImageOfPage":{"@id":"https:\/\/chenesme.com\/product\/cnc-controlled-pneumatic-punching-system\/#primaryimage"},"image":{"@id":"https:\/\/chenesme.com\/product\/cnc-controlled-pneumatic-punching-system\/#primaryimage"},"thumbnailUrl":"https:\/\/chenesme.com\/wp-content\/uploads\/2025\/10\/Pneumatic-Punching-Press-7-1.png","datePublished":"2025-10-20T02:15:28+00:00","dateModified":"2025-10-20T02:53:32+00:00","description":"Our CNC-Controlled Pneumatic Punching System high-speed, precise force for stamping. Boost your production efficiency with this robust solution..","breadcrumb":{"@id":"https:\/\/chenesme.com\/product\/cnc-controlled-pneumatic-punching-system\/#breadcrumb"},"inLanguage":"es","potentialAction":[{"@type":"ReadAction","target":["https:\/\/chenesme.com\/product\/cnc-controlled-pneumatic-punching-system\/"]}]},{"@type":"ImageObject","inLanguage":"es","@id":"https:\/\/chenesme.com\/product\/cnc-controlled-pneumatic-punching-system\/#primaryimage","url":"https:\/\/chenesme.com\/wp-content\/uploads\/2025\/10\/Pneumatic-Punching-Press-7-1.png","contentUrl":"https:\/\/chenesme.com\/wp-content\/uploads\/2025\/10\/Pneumatic-Punching-Press-7-1.png","width":707,"height":707},{"@type":"BreadcrumbList","@id":"https:\/\/chenesme.com\/product\/cnc-controlled-pneumatic-punching-system\/#breadcrumb","itemListElement":[{"@type":"ListItem","position":1,"name":"Home","item":"https:\/\/chenesme.com\/"},{"@type":"ListItem","position":2,"name":"Product","item":"https:\/\/chenesme.com\/product\/"},{"@type":"ListItem","position":3,"name":"CNC-Controlled Pneumatic Punching System"}]},{"@type":"WebSite","@id":"https:\/\/chenesme.com\/#website","url":"https:\/\/chenesme.com\/","name":"Anhui Chensi Machinery Equipment Co., Ltd.","description":"Anhui Chensi Machinery Equipment Co., Ltd.","potentialAction":[{"@type":"SearchAction","target":{"@type":"EntryPoint","urlTemplate":"https:\/\/chenesme.com\/?s={search_term_string}"},"query-input":{"@type":"PropertyValueSpecification","valueRequired":true,"valueName":"search_term_string"}}],"inLanguage":"es"}]}},"_links":{"self":[{"href":"https:\/\/chenesme.com\/es\/wp-json\/wp\/v2\/product\/743","targetHints":{"allow":["GET"]}}],"collection":[{"href":"https:\/\/chenesme.com\/es\/wp-json\/wp\/v2\/product"}],"about":[{"href":"https:\/\/chenesme.com\/es\/wp-json\/wp\/v2\/types\/product"}],"version-history":[{"count":3,"href":"https:\/\/chenesme.com\/es\/wp-json\/wp\/v2\/product\/743\/revisions"}],"predecessor-version":[{"id":749,"href":"https:\/\/chenesme.com\/es\/wp-json\/wp\/v2\/product\/743\/revisions\/749"}],"wp:featuredmedia":[{"embeddable":true,"href":"https:\/\/chenesme.com\/es\/wp-json\/wp\/v2\/media\/748"}],"wp:attachment":[{"href":"https:\/\/chenesme.com\/es\/wp-json\/wp\/v2\/media?parent=743"}],"wp:term":[{"taxonomy":"product_brand","embeddable":true,"href":"https:\/\/chenesme.com\/es\/wp-json\/wp\/v2\/product_brand?post=743"},{"taxonomy":"product_cat","embeddable":true,"href":"https:\/\/chenesme.com\/es\/wp-json\/wp\/v2\/product_cat?post=743"},{"taxonomy":"product_tag","embeddable":true,"href":"https:\/\/chenesme.com\/es\/wp-json\/wp\/v2\/product_tag?post=743"}],"curies":[{"name":"wp","href":"https:\/\/api.w.org\/{rel}","templated":true}]}}