{"id":762,"date":"2025-10-21T02:18:23","date_gmt":"2025-10-21T02:18:23","guid":{"rendered":"https:\/\/chenesme.com\/?post_type=product&#038;p=762"},"modified":"2025-10-21T07:29:12","modified_gmt":"2025-10-21T07:29:12","slug":"100t-3200mm-da66t-61-axis-hydraulic-press-brake","status":"publish","type":"product","link":"https:\/\/chenesme.com\/es\/producto\/100t-3200mm-da66t-61-axis-hydraulic-press-brake\/","title":{"rendered":"Prensa plegadora hidr\u00e1ulica de 6 ejes DA66T de 100T y 3200 mm, 6+1 ejes"},"content":{"rendered":"<h2 style=\"text-align: center;\" title=\"Mini dobladoras hidr\u00e1ulicas CNC ESTUN E21 1200 1600 de 40T y 30T\" data-spm-anchor-id=\"a2700.details.0.i31.ad547cbfndgHs2\">Prensa plegadora sincronizada CNC de 6 ejes, 110T, 3200 mm, DA66T, totalmente autom\u00e1tica, para chapa de aluminio y acero al carbono.<\/h2>\n<div style=\"width: 1220px;\" class=\"wp-video\"><video class=\"wp-video-shortcode\" id=\"video-762-1\" width=\"1220\" height=\"686\" preload=\"metadata\" controls=\"controls\"><source type=\"video\/mp4\" src=\"https:\/\/chenesme.com\/wp-content\/uploads\/2025\/10\/110T3200MM-61-Axis-bending-machine-2.mp4?_=1\" \/><a href=\"https:\/\/chenesme.com\/wp-content\/uploads\/2025\/10\/110T3200MM-61-Axis-bending-machine-2.mp4\">https:\/\/chenesme.com\/wp-content\/uploads\/2025\/10\/110T3200MM-61-Axis-bending-machine-2.mp4<\/a><\/video><\/div>\n<h2>Configuraci\u00f3n de exportaci\u00f3n est\u00e1ndar:<\/h2>\n<p><img fetchpriority=\"high\" decoding=\"async\" class=\"alignleft wp-image-642 size-medium\" src=\"https:\/\/chenesme.com\/wp-content\/uploads\/2025\/10\/Standard-export-configuration-444x500.png\" alt=\"\" width=\"444\" height=\"500\" srcset=\"https:\/\/chenesme.com\/wp-content\/uploads\/2025\/10\/Standard-export-configuration-444x500.png 444w, https:\/\/chenesme.com\/wp-content\/uploads\/2025\/10\/Standard-export-configuration-267x300.png 267w, https:\/\/chenesme.com\/wp-content\/uploads\/2025\/10\/Standard-export-configuration-768x864.png 768w, https:\/\/chenesme.com\/wp-content\/uploads\/2025\/10\/Standard-export-configuration-11x12.png 11w, https:\/\/chenesme.com\/wp-content\/uploads\/2025\/10\/Standard-export-configuration-67x75.png 67w, https:\/\/chenesme.com\/wp-content\/uploads\/2025\/10\/Standard-export-configuration-480x540.png 480w, https:\/\/chenesme.com\/wp-content\/uploads\/2025\/10\/Standard-export-configuration.png 800w\" sizes=\"(max-width:767px) 444px, 444px\" \/><\/p>\n<p>&nbsp;<\/p>\n<p>&nbsp;<\/p>\n<p>&nbsp;<\/p>\n<h4>\u203b Grupo de v\u00e1lvulas Rexroth de Alemania \u203b Uni\u00f3n de tuber\u00edas EMB de Alemania<br \/>\n\u203b Sunny\/Primera bomba de aceite, EE. UU.<br \/>\n\u203b Gu\u00eda lineal de husillo de bolas, Taiw\u00e1n HIWIN (China)<br \/>\n\u203b Sistema el\u00e9ctrico Schneider, Francia<br \/>\n\u203b Soporte frontal<br \/>\n\u203b Tope trasero de alta precisi\u00f3n<br \/>\n\u203b Interruptor de pie<br \/>\n\u203b Barandilla lateral y barandilla trasera (opcional)<br \/>\n\u203b Protecci\u00f3n de cortina de luz y protecci\u00f3n l\u00e1ser (opcional)<\/h4>\n<p>&nbsp;<\/p>\n<p>&nbsp;<\/p>\n<p><img decoding=\"async\" class=\"aligncenter wp-image-777 size-full\" src=\"https:\/\/chenesme.com\/wp-content\/uploads\/2025\/10\/110T3200MM-61-Axis-bending-machine.jpg\" alt=\"\" width=\"1200\" height=\"900\" srcset=\"https:\/\/chenesme.com\/wp-content\/uploads\/2025\/10\/110T3200MM-61-Axis-bending-machine.jpg 1200w, https:\/\/chenesme.com\/wp-content\/uploads\/2025\/10\/110T3200MM-61-Axis-bending-machine-500x375.jpg 500w, https:\/\/chenesme.com\/wp-content\/uploads\/2025\/10\/110T3200MM-61-Axis-bending-machine-300x225.jpg 300w, https:\/\/chenesme.com\/wp-content\/uploads\/2025\/10\/110T3200MM-61-Axis-bending-machine-768x576.jpg 768w, https:\/\/chenesme.com\/wp-content\/uploads\/2025\/10\/110T3200MM-61-Axis-bending-machine-16x12.jpg 16w, https:\/\/chenesme.com\/wp-content\/uploads\/2025\/10\/110T3200MM-61-Axis-bending-machine-100x75.jpg 100w, https:\/\/chenesme.com\/wp-content\/uploads\/2025\/10\/110T3200MM-61-Axis-bending-machine-960x720.jpg 960w, https:\/\/chenesme.com\/wp-content\/uploads\/2025\/10\/110T3200MM-61-Axis-bending-machine-480x360.jpg 480w, https:\/\/chenesme.com\/wp-content\/uploads\/2025\/10\/110T3200MM-61-Axis-bending-machine-800x600.jpg 800w\" sizes=\"(max-width:767px) 480px, (max-width:1200px) 100vw, 1200px\" \/><\/p>\n<h4 style=\"text-align: left;\"><strong><b><span data-spm-anchor-id=\"a2700.details-description.0.i1.5bda5Cij5CijfN\">DA66T <\/span>Sistema controlador:<\/b><\/strong><\/h4>\n<h5 style=\"text-align: left;\">1. Pantalla TFT a color verdadero de alta resoluci\u00f3n de 17\u2033, matriz de puntos de 1280*1024, operaci\u00f3n infrarroja t\u00e1ctil completa a color de 32 bits, capacidad de memoria de 1 GB<\/h5>\n<h5 style=\"text-align: left;\">2. La capacidad de almacenamiento de productos y moldes es de 256 MB, aceleraci\u00f3n de gr\u00e1ficos 3D<\/h5>\n<h5 style=\"text-align: left;\">3. Panel de operaci\u00f3n de usuario personalizado integrado, unidad de almacenamiento flash USB<\/h5>\n<h5 style=\"text-align: left;\">4. Sistema operativo Windows integrado en tiempo real, entorno multitarea, admite apagado instant\u00e1neo, compatible con m\u00f3dulos de la serie DELEM<\/h5>\n<h5 style=\"text-align: left;\">Programaci\u00f3n y visualizaci\u00f3n proporcional en tiempo real 5.2D, el proceso de doblado 2D se calcula autom\u00e1ticamente<\/h5>\n<h5 style=\"text-align: left;\">6. C\u00e1lculo autom\u00e1tico de la presi\u00f3n de flexi\u00f3n, tolerancia de flexi\u00f3n, ajuste de la deformaci\u00f3n de la mesa.<\/h5>\n<p>&nbsp;<\/p>\n<p><img decoding=\"async\" class=\"aligncenter wp-image-709 size-full\" src=\"https:\/\/chenesme.com\/wp-content\/uploads\/2025\/10\/H2e35447c069944c497b334bcd7737efcO-scaled.jpg\" alt=\"\" width=\"1059\" height=\"2560\" srcset=\"https:\/\/chenesme.com\/wp-content\/uploads\/2025\/10\/H2e35447c069944c497b334bcd7737efcO-scaled.jpg 1059w, https:\/\/chenesme.com\/wp-content\/uploads\/2025\/10\/H2e35447c069944c497b334bcd7737efcO-207x500.jpg 207w, https:\/\/chenesme.com\/wp-content\/uploads\/2025\/10\/H2e35447c069944c497b334bcd7737efcO-497x1200.jpg 497w, https:\/\/chenesme.com\/wp-content\/uploads\/2025\/10\/H2e35447c069944c497b334bcd7737efcO-124x300.jpg 124w, https:\/\/chenesme.com\/wp-content\/uploads\/2025\/10\/H2e35447c069944c497b334bcd7737efcO-768x1856.jpg 768w, https:\/\/chenesme.com\/wp-content\/uploads\/2025\/10\/H2e35447c069944c497b334bcd7737efcO-636x1536.jpg 636w, https:\/\/chenesme.com\/wp-content\/uploads\/2025\/10\/H2e35447c069944c497b334bcd7737efcO-847x2048.jpg 847w, https:\/\/chenesme.com\/wp-content\/uploads\/2025\/10\/H2e35447c069944c497b334bcd7737efcO-5x12.jpg 5w, https:\/\/chenesme.com\/wp-content\/uploads\/2025\/10\/H2e35447c069944c497b334bcd7737efcO-31x75.jpg 31w, https:\/\/chenesme.com\/wp-content\/uploads\/2025\/10\/H2e35447c069944c497b334bcd7737efcO-397x960.jpg 397w, https:\/\/chenesme.com\/wp-content\/uploads\/2025\/10\/H2e35447c069944c497b334bcd7737efcO-800x1933.jpg 800w\" sizes=\"(max-width:767px) 480px, (max-width:1059px) 100vw, 1059px\" \/><img loading=\"lazy\" decoding=\"async\" class=\"aligncenter size-full wp-image-710\" src=\"https:\/\/chenesme.com\/wp-content\/uploads\/2025\/10\/H91418792f3c54833a3d5a1d733b00e40O.jpg\" alt=\"\" width=\"1200\" height=\"1311\" srcset=\"https:\/\/chenesme.com\/wp-content\/uploads\/2025\/10\/H91418792f3c54833a3d5a1d733b00e40O.jpg 1200w, https:\/\/chenesme.com\/wp-content\/uploads\/2025\/10\/H91418792f3c54833a3d5a1d733b00e40O-458x500.jpg 458w, https:\/\/chenesme.com\/wp-content\/uploads\/2025\/10\/H91418792f3c54833a3d5a1d733b00e40O-1098x1200.jpg 1098w, https:\/\/chenesme.com\/wp-content\/uploads\/2025\/10\/H91418792f3c54833a3d5a1d733b00e40O-275x300.jpg 275w, https:\/\/chenesme.com\/wp-content\/uploads\/2025\/10\/H91418792f3c54833a3d5a1d733b00e40O-768x839.jpg 768w, https:\/\/chenesme.com\/wp-content\/uploads\/2025\/10\/H91418792f3c54833a3d5a1d733b00e40O-11x12.jpg 11w, https:\/\/chenesme.com\/wp-content\/uploads\/2025\/10\/H91418792f3c54833a3d5a1d733b00e40O-69x75.jpg 69w, https:\/\/chenesme.com\/wp-content\/uploads\/2025\/10\/H91418792f3c54833a3d5a1d733b00e40O-480x524.jpg 480w, https:\/\/chenesme.com\/wp-content\/uploads\/2025\/10\/H91418792f3c54833a3d5a1d733b00e40O-800x874.jpg 800w\" sizes=\"(max-width:767px) 480px, (max-width:1200px) 100vw, 1200px\" \/><\/p>\n<p>&nbsp;<\/p>\n<h3>Par\u00e1metros (personalizables):<\/h3>\n<p><img loading=\"lazy\" decoding=\"async\" class=\"aligncenter size-full wp-image-661\" src=\"https:\/\/chenesme.com\/wp-content\/uploads\/2025\/10\/H2807dc6ca004411d913e8d9042279563k.png\" alt=\"\" width=\"1000\" height=\"1033\" srcset=\"https:\/\/chenesme.com\/wp-content\/uploads\/2025\/10\/H2807dc6ca004411d913e8d9042279563k.png 1000w, https:\/\/chenesme.com\/wp-content\/uploads\/2025\/10\/H2807dc6ca004411d913e8d9042279563k-484x500.png 484w, https:\/\/chenesme.com\/wp-content\/uploads\/2025\/10\/H2807dc6ca004411d913e8d9042279563k-290x300.png 290w, https:\/\/chenesme.com\/wp-content\/uploads\/2025\/10\/H2807dc6ca004411d913e8d9042279563k-768x793.png 768w, https:\/\/chenesme.com\/wp-content\/uploads\/2025\/10\/H2807dc6ca004411d913e8d9042279563k-12x12.png 12w, https:\/\/chenesme.com\/wp-content\/uploads\/2025\/10\/H2807dc6ca004411d913e8d9042279563k-73x75.png 73w, https:\/\/chenesme.com\/wp-content\/uploads\/2025\/10\/H2807dc6ca004411d913e8d9042279563k-480x496.png 480w, https:\/\/chenesme.com\/wp-content\/uploads\/2025\/10\/H2807dc6ca004411d913e8d9042279563k-800x826.png 800w\" sizes=\"(max-width:767px) 480px, (max-width:1000px) 100vw, 1000px\" \/><\/p>","protected":false},"excerpt":{"rendered":"<p>110T 3200MM DA66T 6+1 Axis CNC Fully Automatic Synchronized Press Brake for Aluminum &amp; Carbon Steel Sheet Metal Standard export configuration\uff1a &nbsp; &nbsp; &nbsp; \u203b Germany<span class=\"excerpt-hellip\"> [\u2026]<\/span><\/p>","protected":false},"featured_media":778,"template":"","meta":{"_joinchat":[]},"product_brand":[],"product_cat":[17],"product_tag":[],"class_list":{"0":"post-762","1":"product","2":"type-product","3":"status-publish","4":"has-post-thumbnail","6":"product_cat-hydraulic-press-brake","8":"first","9":"instock","10":"shipping-taxable","11":"product-type-external"},"yoast_head":"<!-- This site is optimized with the Yoast SEO plugin v25.6 - https:\/\/yoast.com\/wordpress\/plugins\/seo\/ -->\n<title>100T 3200MM DA66T 6+1 Axis Hydraulic Press Brake - Anhui Chensi Machinery Equipment Co., Ltd.<\/title>\n<meta name=\"robots\" content=\"index, follow, max-snippet:-1, max-image-preview:large, max-video-preview:-1\" \/>\n<link rel=\"canonical\" href=\"https:\/\/chenesme.com\/es\/producto\/100t-3200mm-da66t-61-axis-hydraulic-press-brake\/\" \/>\n<meta property=\"og:locale\" content=\"es_ES\" \/>\n<meta property=\"og:type\" content=\"article\" \/>\n<meta property=\"og:title\" content=\"100T 3200MM DA66T 6+1 Axis Hydraulic Press Brake - Anhui Chensi Machinery Equipment Co., Ltd.\" \/>\n<meta property=\"og:description\" content=\"110T 3200MM DA66T 6+1 Axis CNC Fully Automatic Synchronized Press Brake for Aluminum &amp; Carbon Steel Sheet Metal Standard export configuration\uff1a &nbsp; &nbsp; &nbsp; \u203b Germany [\u2026]\" \/>\n<meta property=\"og:url\" content=\"https:\/\/chenesme.com\/es\/producto\/100t-3200mm-da66t-61-axis-hydraulic-press-brake\/\" \/>\n<meta property=\"og:site_name\" content=\"Anhui Chensi Machinery Equipment Co., Ltd.\" \/>\n<meta property=\"article:modified_time\" content=\"2025-10-21T07:29:12+00:00\" \/>\n<meta property=\"og:image\" content=\"https:\/\/chenesme.com\/wp-content\/uploads\/2025\/10\/110T3200MM-61-Axis-bending-machine.png\" \/>\n\t<meta property=\"og:image:width\" content=\"800\" \/>\n\t<meta property=\"og:image:height\" content=\"800\" \/>\n\t<meta property=\"og:image:type\" content=\"image\/png\" \/>\n<meta name=\"twitter:card\" content=\"summary_large_image\" \/>\n<meta name=\"twitter:label1\" content=\"Tiempo de lectura\" \/>\n\t<meta name=\"twitter:data1\" content=\"3 minutos\" \/>\n<script type=\"application\/ld+json\" class=\"yoast-schema-graph\">{\"@context\":\"https:\/\/schema.org\",\"@graph\":[{\"@type\":\"WebPage\",\"@id\":\"https:\/\/chenesme.com\/product\/100t-3200mm-da66t-61-axis-hydraulic-press-brake\/\",\"url\":\"https:\/\/chenesme.com\/product\/100t-3200mm-da66t-61-axis-hydraulic-press-brake\/\",\"name\":\"100T 3200MM DA66T 6+1 Axis Hydraulic Press Brake - Anhui Chensi Machinery Equipment Co., Ltd.\",\"isPartOf\":{\"@id\":\"https:\/\/chenesme.com\/#website\"},\"primaryImageOfPage\":{\"@id\":\"https:\/\/chenesme.com\/product\/100t-3200mm-da66t-61-axis-hydraulic-press-brake\/#primaryimage\"},\"image\":{\"@id\":\"https:\/\/chenesme.com\/product\/100t-3200mm-da66t-61-axis-hydraulic-press-brake\/#primaryimage\"},\"thumbnailUrl\":\"https:\/\/chenesme.com\/wp-content\/uploads\/2025\/10\/110T3200MM-61-Axis-bending-machine.png\",\"datePublished\":\"2025-10-21T02:18:23+00:00\",\"dateModified\":\"2025-10-21T07:29:12+00:00\",\"breadcrumb\":{\"@id\":\"https:\/\/chenesme.com\/product\/100t-3200mm-da66t-61-axis-hydraulic-press-brake\/#breadcrumb\"},\"inLanguage\":\"es\",\"potentialAction\":[{\"@type\":\"ReadAction\",\"target\":[\"https:\/\/chenesme.com\/product\/100t-3200mm-da66t-61-axis-hydraulic-press-brake\/\"]}]},{\"@type\":\"ImageObject\",\"inLanguage\":\"es\",\"@id\":\"https:\/\/chenesme.com\/product\/100t-3200mm-da66t-61-axis-hydraulic-press-brake\/#primaryimage\",\"url\":\"https:\/\/chenesme.com\/wp-content\/uploads\/2025\/10\/110T3200MM-61-Axis-bending-machine.png\",\"contentUrl\":\"https:\/\/chenesme.com\/wp-content\/uploads\/2025\/10\/110T3200MM-61-Axis-bending-machine.png\",\"width\":800,\"height\":800},{\"@type\":\"BreadcrumbList\",\"@id\":\"https:\/\/chenesme.com\/product\/100t-3200mm-da66t-61-axis-hydraulic-press-brake\/#breadcrumb\",\"itemListElement\":[{\"@type\":\"ListItem\",\"position\":1,\"name\":\"Home\",\"item\":\"https:\/\/chenesme.com\/\"},{\"@type\":\"ListItem\",\"position\":2,\"name\":\"Product\",\"item\":\"https:\/\/chenesme.com\/product\/\"},{\"@type\":\"ListItem\",\"position\":3,\"name\":\"100T 3200MM DA66T 6+1 Axis Hydraulic Press Brake\"}]},{\"@type\":\"WebSite\",\"@id\":\"https:\/\/chenesme.com\/#website\",\"url\":\"https:\/\/chenesme.com\/\",\"name\":\"Anhui Chensi Machinery Equipment Co., Ltd.\",\"description\":\"Anhui Chensi Machinery Equipment Co., Ltd.\",\"potentialAction\":[{\"@type\":\"SearchAction\",\"target\":{\"@type\":\"EntryPoint\",\"urlTemplate\":\"https:\/\/chenesme.com\/?s={search_term_string}\"},\"query-input\":{\"@type\":\"PropertyValueSpecification\",\"valueRequired\":true,\"valueName\":\"search_term_string\"}}],\"inLanguage\":\"es\"}]}<\/script>\n<!-- \/ Yoast SEO plugin. -->","yoast_head_json":{"title":"100T 3200MM DA66T 6+1 Axis Hydraulic Press Brake - Anhui Chensi Machinery Equipment Co., Ltd.","robots":{"index":"index","follow":"follow","max-snippet":"max-snippet:-1","max-image-preview":"max-image-preview:large","max-video-preview":"max-video-preview:-1"},"canonical":"https:\/\/chenesme.com\/es\/producto\/100t-3200mm-da66t-61-axis-hydraulic-press-brake\/","og_locale":"es_ES","og_type":"article","og_title":"100T 3200MM DA66T 6+1 Axis Hydraulic Press Brake - Anhui Chensi Machinery Equipment Co., Ltd.","og_description":"110T 3200MM DA66T 6+1 Axis CNC Fully Automatic Synchronized Press Brake for Aluminum &amp; Carbon Steel Sheet Metal Standard export configuration\uff1a &nbsp; &nbsp; &nbsp; \u203b Germany [\u2026]","og_url":"https:\/\/chenesme.com\/es\/producto\/100t-3200mm-da66t-61-axis-hydraulic-press-brake\/","og_site_name":"Anhui Chensi Machinery Equipment Co., Ltd.","article_modified_time":"2025-10-21T07:29:12+00:00","og_image":[{"width":800,"height":800,"url":"https:\/\/chenesme.com\/wp-content\/uploads\/2025\/10\/110T3200MM-61-Axis-bending-machine.png","type":"image\/png"}],"twitter_card":"summary_large_image","twitter_misc":{"Tiempo de lectura":"3 minutos"},"schema":{"@context":"https:\/\/schema.org","@graph":[{"@type":"WebPage","@id":"https:\/\/chenesme.com\/product\/100t-3200mm-da66t-61-axis-hydraulic-press-brake\/","url":"https:\/\/chenesme.com\/product\/100t-3200mm-da66t-61-axis-hydraulic-press-brake\/","name":"100T 3200MM DA66T 6+1 Axis Hydraulic Press Brake - Anhui Chensi Machinery Equipment Co., Ltd.","isPartOf":{"@id":"https:\/\/chenesme.com\/#website"},"primaryImageOfPage":{"@id":"https:\/\/chenesme.com\/product\/100t-3200mm-da66t-61-axis-hydraulic-press-brake\/#primaryimage"},"image":{"@id":"https:\/\/chenesme.com\/product\/100t-3200mm-da66t-61-axis-hydraulic-press-brake\/#primaryimage"},"thumbnailUrl":"https:\/\/chenesme.com\/wp-content\/uploads\/2025\/10\/110T3200MM-61-Axis-bending-machine.png","datePublished":"2025-10-21T02:18:23+00:00","dateModified":"2025-10-21T07:29:12+00:00","breadcrumb":{"@id":"https:\/\/chenesme.com\/product\/100t-3200mm-da66t-61-axis-hydraulic-press-brake\/#breadcrumb"},"inLanguage":"es","potentialAction":[{"@type":"ReadAction","target":["https:\/\/chenesme.com\/product\/100t-3200mm-da66t-61-axis-hydraulic-press-brake\/"]}]},{"@type":"ImageObject","inLanguage":"es","@id":"https:\/\/chenesme.com\/product\/100t-3200mm-da66t-61-axis-hydraulic-press-brake\/#primaryimage","url":"https:\/\/chenesme.com\/wp-content\/uploads\/2025\/10\/110T3200MM-61-Axis-bending-machine.png","contentUrl":"https:\/\/chenesme.com\/wp-content\/uploads\/2025\/10\/110T3200MM-61-Axis-bending-machine.png","width":800,"height":800},{"@type":"BreadcrumbList","@id":"https:\/\/chenesme.com\/product\/100t-3200mm-da66t-61-axis-hydraulic-press-brake\/#breadcrumb","itemListElement":[{"@type":"ListItem","position":1,"name":"Home","item":"https:\/\/chenesme.com\/"},{"@type":"ListItem","position":2,"name":"Product","item":"https:\/\/chenesme.com\/product\/"},{"@type":"ListItem","position":3,"name":"100T 3200MM DA66T 6+1 Axis Hydraulic Press Brake"}]},{"@type":"WebSite","@id":"https:\/\/chenesme.com\/#website","url":"https:\/\/chenesme.com\/","name":"Anhui Chensi Machinery Equipment Co., Ltd.","description":"Anhui Chensi Machinery Equipment Co., Ltd.","potentialAction":[{"@type":"SearchAction","target":{"@type":"EntryPoint","urlTemplate":"https:\/\/chenesme.com\/?s={search_term_string}"},"query-input":{"@type":"PropertyValueSpecification","valueRequired":true,"valueName":"search_term_string"}}],"inLanguage":"es"}]}},"_links":{"self":[{"href":"https:\/\/chenesme.com\/es\/wp-json\/wp\/v2\/product\/762","targetHints":{"allow":["GET"]}}],"collection":[{"href":"https:\/\/chenesme.com\/es\/wp-json\/wp\/v2\/product"}],"about":[{"href":"https:\/\/chenesme.com\/es\/wp-json\/wp\/v2\/types\/product"}],"version-history":[{"count":1,"href":"https:\/\/chenesme.com\/es\/wp-json\/wp\/v2\/product\/762\/revisions"}],"predecessor-version":[{"id":782,"href":"https:\/\/chenesme.com\/es\/wp-json\/wp\/v2\/product\/762\/revisions\/782"}],"wp:featuredmedia":[{"embeddable":true,"href":"https:\/\/chenesme.com\/es\/wp-json\/wp\/v2\/media\/778"}],"wp:attachment":[{"href":"https:\/\/chenesme.com\/es\/wp-json\/wp\/v2\/media?parent=762"}],"wp:term":[{"taxonomy":"product_brand","embeddable":true,"href":"https:\/\/chenesme.com\/es\/wp-json\/wp\/v2\/product_brand?post=762"},{"taxonomy":"product_cat","embeddable":true,"href":"https:\/\/chenesme.com\/es\/wp-json\/wp\/v2\/product_cat?post=762"},{"taxonomy":"product_tag","embeddable":true,"href":"https:\/\/chenesme.com\/es\/wp-json\/wp\/v2\/product_tag?post=762"}],"curies":[{"name":"wp","href":"https:\/\/api.w.org\/{rel}","templated":true}]}}