{"id":830,"date":"2025-10-22T06:53:07","date_gmt":"2025-10-22T06:53:07","guid":{"rendered":"https:\/\/chenesme.com\/?post_type=product&#038;p=830"},"modified":"2025-10-22T08:40:25","modified_gmt":"2025-10-22T08:40:25","slug":"compact-powerful-pneumatic-punching-machine","status":"publish","type":"product","link":"https:\/\/chenesme.com\/es\/producto\/compact-powerful-pneumatic-punching-machine\/","title":{"rendered":"Punzonadora neum\u00e1tica compacta y potente"},"content":{"rendered":"<h3><strong>Prensa punzonadora neum\u00e1tica de alta velocidad<\/strong><\/h3>\n<p>Punzonadora neum\u00e1tica compacta y potente. La prensa neum\u00e1tica de precisi\u00f3n ofrece un control superior, fuerza constante y un funcionamiento limpio para sus tareas m\u00e1s exigentes de estampado, troquelado y conformado. Consiga una alta repetibilidad y aumente la productividad. Descubra la soluci\u00f3n ideal para su l\u00ednea de montaje.<\/p>\n<p><img fetchpriority=\"high\" decoding=\"async\" class=\"size-full wp-image-831 alignleft\" src=\"https:\/\/chenesme.com\/wp-content\/uploads\/2025\/10\/Pneumatic-Punching-Press-8.png\" alt=\"\" width=\"704\" height=\"717\" srcset=\"https:\/\/chenesme.com\/wp-content\/uploads\/2025\/10\/Pneumatic-Punching-Press-8.png 704w, https:\/\/chenesme.com\/wp-content\/uploads\/2025\/10\/Pneumatic-Punching-Press-8-491x500.png 491w, https:\/\/chenesme.com\/wp-content\/uploads\/2025\/10\/Pneumatic-Punching-Press-8-295x300.png 295w, https:\/\/chenesme.com\/wp-content\/uploads\/2025\/10\/Pneumatic-Punching-Press-8-12x12.png 12w, https:\/\/chenesme.com\/wp-content\/uploads\/2025\/10\/Pneumatic-Punching-Press-8-74x75.png 74w, https:\/\/chenesme.com\/wp-content\/uploads\/2025\/10\/Pneumatic-Punching-Press-8-480x489.png 480w\" sizes=\"(max-width:767px) 480px, 704px\" \/><\/p>\n<p>&nbsp;<\/p>\n<p>&nbsp;<\/p>\n<p>&nbsp;<\/p>\n<p>&nbsp;<\/p>\n<p>&nbsp;<\/p>\n<p>&nbsp;<\/p>\n<p>&nbsp;<\/p>\n<p>&nbsp;<\/p>\n<p>&nbsp;<\/p>\n<p>&nbsp;<\/p>\n<p>&nbsp;<\/p>\n<p>&nbsp;<\/p>\n<p>&nbsp;<\/p>\n<p>&nbsp;<\/p>\n<p>&nbsp;<\/p>\n<p>&nbsp;<\/p>\n<p>&nbsp;<\/p>\n<p>&nbsp;<\/p>\n<p>&nbsp;<\/p>\n<p>&nbsp;<\/p>\n<p><b><span data-spm-anchor-id=\"a2700.details-description.0.i0.62fa4Y7x4Y7x0K\"><strong>Prensa neum\u00e1tica <\/strong>Perforadora para m\u00e1quina perforadora de metal, precio de venta <\/span>Solicitud: <\/b><\/p>\n<div><span data-spm-anchor-id=\"a2700.details-description.0.i1.62fa4Y7x4Y7x0K\">\u25cfRealizar diversos procesos de estampado en fr\u00edo como troquelado, punzonado, conformado, doblado y embutido superficial.<\/span><\/div>\n<div><\/div>\n<div>\u25cf Se utiliza en electrodom\u00e9sticos, veh\u00edculos, tractores, maquinaria minera, herramientas de ferreter\u00eda, fabricaci\u00f3n de maquinaria y otros campos industriales.<\/div>\n<div><\/div>\n<div>\u25cf La perforadora de forma neum\u00e1tica para m\u00e1quina perforadora de metal con cuerpo soldado tiene buena rigidez y precisi\u00f3n m\u00e1s estable.<\/div>\n<div><\/div>\n<div>\u25cfEl cig\u00fce\u00f1al se coloca verticalmente, con una estructura compacta y una apariencia hermosa.<\/div>\n<div><\/div>\n<div>\u25cf La altura del molde se puede ajustar el\u00e9ctricamente y la altura se puede ajustar mediante una pantalla digital.<\/div>\n<div><\/div>\n<div>\u25cf El bloque deslizante adopta un riel gu\u00eda alargado hexa\u00e9drico rectangular y un tablero de revestimiento de bronce, que tiene una alta precisi\u00f3n de gu\u00eda.<\/div>\n<div><\/div>\n<div>\u25cf Dispositivo de seguridad de tipo compresi\u00f3n para garantizar la seguridad de toda la m\u00e1quina cuando est\u00e1<br \/>\nsobrecargado.<\/div>\n<div>\n<p>\u25cf La altura del control deslizante tiene un cilindro de equilibrio de elevaci\u00f3n para lograr el equilibrio de la biela del control deslizante.<\/p>\n<\/div>\n<div><\/div>\n<p><img decoding=\"async\" class=\"size-full wp-image-832 alignleft\" src=\"https:\/\/chenesme.com\/wp-content\/uploads\/2025\/10\/\u6c14\u52a8\u51b2\u5e8a-1.jpg\" alt=\"\" width=\"800\" height=\"800\" srcset=\"https:\/\/chenesme.com\/wp-content\/uploads\/2025\/10\/\u6c14\u52a8\u51b2\u5e8a-1.jpg 800w, https:\/\/chenesme.com\/wp-content\/uploads\/2025\/10\/\u6c14\u52a8\u51b2\u5e8a-1-500x500.jpg 500w, https:\/\/chenesme.com\/wp-content\/uploads\/2025\/10\/\u6c14\u52a8\u51b2\u5e8a-1-300x300.jpg 300w, https:\/\/chenesme.com\/wp-content\/uploads\/2025\/10\/\u6c14\u52a8\u51b2\u5e8a-1-768x768.jpg 768w, https:\/\/chenesme.com\/wp-content\/uploads\/2025\/10\/\u6c14\u52a8\u51b2\u5e8a-1-12x12.jpg 12w, https:\/\/chenesme.com\/wp-content\/uploads\/2025\/10\/\u6c14\u52a8\u51b2\u5e8a-1-150x150.jpg 150w, https:\/\/chenesme.com\/wp-content\/uploads\/2025\/10\/\u6c14\u52a8\u51b2\u5e8a-1-75x75.jpg 75w, https:\/\/chenesme.com\/wp-content\/uploads\/2025\/10\/\u6c14\u52a8\u51b2\u5e8a-1-480x480.jpg 480w\" sizes=\"(max-width:767px) 480px, (max-width:800px) 100vw, 800px\" \/><\/p>\n<p>&nbsp;<\/p>\n<div><\/div>\n<div><\/div>\n<div><\/div>\n<div><\/div>\n<div><\/div>\n<div><\/div>\n<div><\/div>\n<div><\/div>\n<div><\/div>\n<div><\/div>\n<div><\/div>\n<div><\/div>\n<div><\/div>\n<div><\/div>\n<div><\/div>\n<div><\/div>\n<div><\/div>\n<div><\/div>\n<div><\/div>\n<div><\/div>\n<div><\/div>\n<div><\/div>\n<div><\/div>\n<div><\/div>\n<div><\/div>\n<div><\/div>\n<div><\/div>\n<div><\/div>\n<div><\/div>\n<div><\/div>\n<div><\/div>\n<div><b>Caracter\u00edsticas <\/b><\/div>\n<div>\u25cf La perforadora de aire comprimido para m\u00e1quina perforadora de metal se puede mover pulgadas y el movimiento se puede detener con urgencia, lo que hace que la operaci\u00f3n sea m\u00e1s segura.<\/div>\n<div>\u25cf La carretera adopta un control de v\u00e1lvula doble, que es sensible en la acci\u00f3n y cumple con los est\u00e1ndares de seguridad de las prensas.<\/div>","protected":false},"excerpt":{"rendered":"<p>Las punzonadoras neum\u00e1ticas CNC est\u00e1n dise\u00f1adas para maximizar la producci\u00f3n, con ciclos r\u00e1pidos que permiten un funcionamiento continuo. Esto aumenta la producci\u00f3n y reduce el tiempo unitario, lo que las hace ideales para la producci\u00f3n a gran escala. Su alta velocidad garantiza retrasos m\u00ednimos entre operaciones, lo que aumenta la eficiencia general. Se caracterizan por su alta eficiencia, velocidad y bajo mantenimiento.<\/p>","protected":false},"featured_media":831,"template":"","meta":{"_joinchat":[]},"product_brand":[],"product_cat":[21],"product_tag":[],"class_list":{"0":"post-830","1":"product","2":"type-product","3":"status-publish","4":"has-post-thumbnail","6":"product_cat-pneumatic-punching-machine","8":"first","9":"instock","10":"shipping-taxable","11":"product-type-external"},"yoast_head":"<!-- This site is optimized with the Yoast SEO plugin v25.6 - https:\/\/yoast.com\/wordpress\/plugins\/seo\/ -->\n<title>Compact &amp; Powerful Pneumatic Punching Machine - Anhui Chensi Machinery Equipment Co., Ltd.<\/title>\n<meta name=\"description\" content=\"Compact &amp; Powerful Pneumatic Punching Machine,For precision stamping, forming &amp; assembly. Affordable, reliable solutions.\" \/>\n<meta name=\"robots\" content=\"index, follow, max-snippet:-1, max-image-preview:large, max-video-preview:-1\" \/>\n<link rel=\"canonical\" href=\"https:\/\/chenesme.com\/es\/producto\/compact-powerful-pneumatic-punching-machine\/\" \/>\n<meta property=\"og:locale\" content=\"es_ES\" \/>\n<meta property=\"og:type\" content=\"article\" \/>\n<meta property=\"og:title\" content=\"Compact &amp; Powerful Pneumatic Punching Machine - Anhui Chensi Machinery Equipment Co., Ltd.\" \/>\n<meta property=\"og:description\" content=\"Compact &amp; Powerful Pneumatic Punching Machine,For precision stamping, forming &amp; assembly. Affordable, reliable solutions.\" \/>\n<meta property=\"og:url\" content=\"https:\/\/chenesme.com\/es\/producto\/compact-powerful-pneumatic-punching-machine\/\" \/>\n<meta property=\"og:site_name\" content=\"Anhui Chensi Machinery Equipment Co., Ltd.\" \/>\n<meta property=\"article:modified_time\" content=\"2025-10-22T08:40:25+00:00\" \/>\n<meta property=\"og:image\" content=\"https:\/\/chenesme.com\/wp-content\/uploads\/2025\/10\/Pneumatic-Punching-Press-8.png\" \/>\n\t<meta property=\"og:image:width\" content=\"704\" \/>\n\t<meta property=\"og:image:height\" content=\"717\" \/>\n\t<meta property=\"og:image:type\" content=\"image\/png\" \/>\n<meta name=\"twitter:card\" content=\"summary_large_image\" \/>\n<meta name=\"twitter:label1\" content=\"Tiempo de lectura\" \/>\n\t<meta name=\"twitter:data1\" content=\"2 minutos\" \/>\n<script type=\"application\/ld+json\" class=\"yoast-schema-graph\">{\"@context\":\"https:\/\/schema.org\",\"@graph\":[{\"@type\":\"WebPage\",\"@id\":\"https:\/\/chenesme.com\/product\/compact-powerful-pneumatic-punching-machine\/\",\"url\":\"https:\/\/chenesme.com\/product\/compact-powerful-pneumatic-punching-machine\/\",\"name\":\"Compact & Powerful Pneumatic Punching Machine - Anhui Chensi Machinery Equipment Co., Ltd.\",\"isPartOf\":{\"@id\":\"https:\/\/chenesme.com\/#website\"},\"primaryImageOfPage\":{\"@id\":\"https:\/\/chenesme.com\/product\/compact-powerful-pneumatic-punching-machine\/#primaryimage\"},\"image\":{\"@id\":\"https:\/\/chenesme.com\/product\/compact-powerful-pneumatic-punching-machine\/#primaryimage\"},\"thumbnailUrl\":\"https:\/\/chenesme.com\/wp-content\/uploads\/2025\/10\/Pneumatic-Punching-Press-8.png\",\"datePublished\":\"2025-10-22T06:53:07+00:00\",\"dateModified\":\"2025-10-22T08:40:25+00:00\",\"description\":\"Compact & Powerful Pneumatic Punching Machine,For precision stamping, forming & assembly. Affordable, reliable solutions.\",\"breadcrumb\":{\"@id\":\"https:\/\/chenesme.com\/product\/compact-powerful-pneumatic-punching-machine\/#breadcrumb\"},\"inLanguage\":\"es\",\"potentialAction\":[{\"@type\":\"ReadAction\",\"target\":[\"https:\/\/chenesme.com\/product\/compact-powerful-pneumatic-punching-machine\/\"]}]},{\"@type\":\"ImageObject\",\"inLanguage\":\"es\",\"@id\":\"https:\/\/chenesme.com\/product\/compact-powerful-pneumatic-punching-machine\/#primaryimage\",\"url\":\"https:\/\/chenesme.com\/wp-content\/uploads\/2025\/10\/Pneumatic-Punching-Press-8.png\",\"contentUrl\":\"https:\/\/chenesme.com\/wp-content\/uploads\/2025\/10\/Pneumatic-Punching-Press-8.png\",\"width\":704,\"height\":717},{\"@type\":\"BreadcrumbList\",\"@id\":\"https:\/\/chenesme.com\/product\/compact-powerful-pneumatic-punching-machine\/#breadcrumb\",\"itemListElement\":[{\"@type\":\"ListItem\",\"position\":1,\"name\":\"Home\",\"item\":\"https:\/\/chenesme.com\/\"},{\"@type\":\"ListItem\",\"position\":2,\"name\":\"Product\",\"item\":\"https:\/\/chenesme.com\/product\/\"},{\"@type\":\"ListItem\",\"position\":3,\"name\":\"Compact &#038; Powerful Pneumatic Punching Machine\"}]},{\"@type\":\"WebSite\",\"@id\":\"https:\/\/chenesme.com\/#website\",\"url\":\"https:\/\/chenesme.com\/\",\"name\":\"Anhui Chensi Machinery Equipment Co., Ltd.\",\"description\":\"Anhui Chensi Machinery Equipment Co., Ltd.\",\"potentialAction\":[{\"@type\":\"SearchAction\",\"target\":{\"@type\":\"EntryPoint\",\"urlTemplate\":\"https:\/\/chenesme.com\/?s={search_term_string}\"},\"query-input\":{\"@type\":\"PropertyValueSpecification\",\"valueRequired\":true,\"valueName\":\"search_term_string\"}}],\"inLanguage\":\"es\"}]}<\/script>\n<!-- \/ Yoast SEO plugin. -->","yoast_head_json":{"title":"Compact & Powerful Pneumatic Punching Machine - Anhui Chensi Machinery Equipment Co., Ltd.","description":"Compact & Powerful Pneumatic Punching Machine,For precision stamping, forming & assembly. Affordable, reliable solutions.","robots":{"index":"index","follow":"follow","max-snippet":"max-snippet:-1","max-image-preview":"max-image-preview:large","max-video-preview":"max-video-preview:-1"},"canonical":"https:\/\/chenesme.com\/es\/producto\/compact-powerful-pneumatic-punching-machine\/","og_locale":"es_ES","og_type":"article","og_title":"Compact & Powerful Pneumatic Punching Machine - Anhui Chensi Machinery Equipment Co., Ltd.","og_description":"Compact & Powerful Pneumatic Punching Machine,For precision stamping, forming & assembly. Affordable, reliable solutions.","og_url":"https:\/\/chenesme.com\/es\/producto\/compact-powerful-pneumatic-punching-machine\/","og_site_name":"Anhui Chensi Machinery Equipment Co., Ltd.","article_modified_time":"2025-10-22T08:40:25+00:00","og_image":[{"width":704,"height":717,"url":"https:\/\/chenesme.com\/wp-content\/uploads\/2025\/10\/Pneumatic-Punching-Press-8.png","type":"image\/png"}],"twitter_card":"summary_large_image","twitter_misc":{"Tiempo de lectura":"2 minutos"},"schema":{"@context":"https:\/\/schema.org","@graph":[{"@type":"WebPage","@id":"https:\/\/chenesme.com\/product\/compact-powerful-pneumatic-punching-machine\/","url":"https:\/\/chenesme.com\/product\/compact-powerful-pneumatic-punching-machine\/","name":"Compact & Powerful Pneumatic Punching Machine - Anhui Chensi Machinery Equipment Co., Ltd.","isPartOf":{"@id":"https:\/\/chenesme.com\/#website"},"primaryImageOfPage":{"@id":"https:\/\/chenesme.com\/product\/compact-powerful-pneumatic-punching-machine\/#primaryimage"},"image":{"@id":"https:\/\/chenesme.com\/product\/compact-powerful-pneumatic-punching-machine\/#primaryimage"},"thumbnailUrl":"https:\/\/chenesme.com\/wp-content\/uploads\/2025\/10\/Pneumatic-Punching-Press-8.png","datePublished":"2025-10-22T06:53:07+00:00","dateModified":"2025-10-22T08:40:25+00:00","description":"Compact & Powerful Pneumatic Punching Machine,For precision stamping, forming & assembly. Affordable, reliable solutions.","breadcrumb":{"@id":"https:\/\/chenesme.com\/product\/compact-powerful-pneumatic-punching-machine\/#breadcrumb"},"inLanguage":"es","potentialAction":[{"@type":"ReadAction","target":["https:\/\/chenesme.com\/product\/compact-powerful-pneumatic-punching-machine\/"]}]},{"@type":"ImageObject","inLanguage":"es","@id":"https:\/\/chenesme.com\/product\/compact-powerful-pneumatic-punching-machine\/#primaryimage","url":"https:\/\/chenesme.com\/wp-content\/uploads\/2025\/10\/Pneumatic-Punching-Press-8.png","contentUrl":"https:\/\/chenesme.com\/wp-content\/uploads\/2025\/10\/Pneumatic-Punching-Press-8.png","width":704,"height":717},{"@type":"BreadcrumbList","@id":"https:\/\/chenesme.com\/product\/compact-powerful-pneumatic-punching-machine\/#breadcrumb","itemListElement":[{"@type":"ListItem","position":1,"name":"Home","item":"https:\/\/chenesme.com\/"},{"@type":"ListItem","position":2,"name":"Product","item":"https:\/\/chenesme.com\/product\/"},{"@type":"ListItem","position":3,"name":"Compact &#038; Powerful Pneumatic Punching Machine"}]},{"@type":"WebSite","@id":"https:\/\/chenesme.com\/#website","url":"https:\/\/chenesme.com\/","name":"Anhui Chensi Machinery Equipment Co., Ltd.","description":"Anhui Chensi Machinery Equipment Co., Ltd.","potentialAction":[{"@type":"SearchAction","target":{"@type":"EntryPoint","urlTemplate":"https:\/\/chenesme.com\/?s={search_term_string}"},"query-input":{"@type":"PropertyValueSpecification","valueRequired":true,"valueName":"search_term_string"}}],"inLanguage":"es"}]}},"_links":{"self":[{"href":"https:\/\/chenesme.com\/es\/wp-json\/wp\/v2\/product\/830","targetHints":{"allow":["GET"]}}],"collection":[{"href":"https:\/\/chenesme.com\/es\/wp-json\/wp\/v2\/product"}],"about":[{"href":"https:\/\/chenesme.com\/es\/wp-json\/wp\/v2\/types\/product"}],"version-history":[{"count":1,"href":"https:\/\/chenesme.com\/es\/wp-json\/wp\/v2\/product\/830\/revisions"}],"predecessor-version":[{"id":833,"href":"https:\/\/chenesme.com\/es\/wp-json\/wp\/v2\/product\/830\/revisions\/833"}],"wp:featuredmedia":[{"embeddable":true,"href":"https:\/\/chenesme.com\/es\/wp-json\/wp\/v2\/media\/831"}],"wp:attachment":[{"href":"https:\/\/chenesme.com\/es\/wp-json\/wp\/v2\/media?parent=830"}],"wp:term":[{"taxonomy":"product_brand","embeddable":true,"href":"https:\/\/chenesme.com\/es\/wp-json\/wp\/v2\/product_brand?post=830"},{"taxonomy":"product_cat","embeddable":true,"href":"https:\/\/chenesme.com\/es\/wp-json\/wp\/v2\/product_cat?post=830"},{"taxonomy":"product_tag","embeddable":true,"href":"https:\/\/chenesme.com\/es\/wp-json\/wp\/v2\/product_tag?post=830"}],"curies":[{"name":"wp","href":"https:\/\/api.w.org\/{rel}","templated":true}]}}