{"id":850,"date":"2025-10-23T03:46:26","date_gmt":"2025-10-23T03:46:26","guid":{"rendered":"https:\/\/chenesme.com\/?post_type=product&#038;p=850"},"modified":"2025-10-24T06:32:11","modified_gmt":"2025-10-24T06:32:11","slug":"all-electric-press-brake","status":"publish","type":"product","link":"https:\/\/chenesme.com\/es\/producto\/all-electric-press-brake\/","title":{"rendered":"Prensa plegadora totalmente el\u00e9ctrica"},"content":{"rendered":"<h3>Prensa plegadora totalmente el\u00e9ctrica<\/h3>\n<p>Prensa plegadora totalmente el\u00e9ctrica de alta precisi\u00f3n y ahorro de energ\u00eda, que combina tecnolog\u00eda de vanguardia, eficiencia energ\u00e9tica y precisi\u00f3n inigualable.<\/p>\n<div style=\"width: 720px;\" class=\"wp-video\"><video class=\"wp-video-shortcode\" id=\"video-850-1\" width=\"720\" height=\"1280\" preload=\"metadata\" controls=\"controls\"><source type=\"video\/mp4\" src=\"https:\/\/chenesme.com\/wp-content\/uploads\/2025\/10\/Electric-Press-Brake-640.mp4?_=1\" \/><a href=\"https:\/\/chenesme.com\/wp-content\/uploads\/2025\/10\/Electric-Press-Brake-640.mp4\">https:\/\/chenesme.com\/wp-content\/uploads\/2025\/10\/Electric-Press-Brake-640.mp4<\/a><\/video><\/div>\n<p>&nbsp;<\/p>\n<p>Dise\u00f1ada para satisfacer las demandas cambiantes de los talleres modernos, plantas de fabricaci\u00f3n e instalaciones de procesamiento de metales, esta m\u00e1quina redefine lo que es posible en las operaciones de doblado, brindando resultados consistentes y reduciendo los costos operativos.<\/p>\n<p><img fetchpriority=\"high\" decoding=\"async\" class=\"wp-image-858 alignleft\" src=\"https:\/\/chenesme.com\/wp-content\/uploads\/2025\/10\/electric-press-brake-scaled-e1761284307401.jpg\" alt=\"\" width=\"516\" height=\"688\" srcset=\"https:\/\/chenesme.com\/wp-content\/uploads\/2025\/10\/electric-press-brake-scaled-e1761284307401.jpg 1920w, https:\/\/chenesme.com\/wp-content\/uploads\/2025\/10\/electric-press-brake-scaled-e1761284307401-375x500.jpg 375w, https:\/\/chenesme.com\/wp-content\/uploads\/2025\/10\/electric-press-brake-scaled-e1761284307401-900x1200.jpg 900w, https:\/\/chenesme.com\/wp-content\/uploads\/2025\/10\/electric-press-brake-scaled-e1761284307401-225x300.jpg 225w, https:\/\/chenesme.com\/wp-content\/uploads\/2025\/10\/electric-press-brake-scaled-e1761284307401-768x1024.jpg 768w, https:\/\/chenesme.com\/wp-content\/uploads\/2025\/10\/electric-press-brake-scaled-e1761284307401-1152x1536.jpg 1152w, https:\/\/chenesme.com\/wp-content\/uploads\/2025\/10\/electric-press-brake-scaled-e1761284307401-1536x2048.jpg 1536w, https:\/\/chenesme.com\/wp-content\/uploads\/2025\/10\/electric-press-brake-scaled-e1761284307401-9x12.jpg 9w, https:\/\/chenesme.com\/wp-content\/uploads\/2025\/10\/electric-press-brake-scaled-e1761284307401-56x75.jpg 56w, https:\/\/chenesme.com\/wp-content\/uploads\/2025\/10\/electric-press-brake-scaled-e1761284307401-480x640.jpg 480w, https:\/\/chenesme.com\/wp-content\/uploads\/2025\/10\/electric-press-brake-scaled-e1761284307401-800x1067.jpg 800w\" sizes=\"(max-width:767px) 480px, 516px\" \/><\/p>\n<p>&nbsp;<\/p>\n<p>&nbsp;<\/p>\n<p>&nbsp;<\/p>\n<p>&nbsp;<\/p>\n<p>&nbsp;<\/p>\n<p>&nbsp;<\/p>\n<p>&nbsp;<\/p>\n<p>&nbsp;<\/p>\n<p>&nbsp;<\/p>\n<p>&nbsp;<\/p>\n<p>&nbsp;<\/p>\n<p>&nbsp;<\/p>\n<p>&nbsp;<\/p>\n<p>&nbsp;<\/p>\n<p>&nbsp;<\/p>\n<p>&nbsp;<\/p>\n<p>&nbsp;<\/p>\n<p>&nbsp;<\/p>\n<p>\u2013 Excelencia en ahorro de energ\u00eda: a diferencia de las m\u00e1quinas dobladoras hidr\u00e1ulicas tradicionales, nuestro modelo el\u00e9ctrico funciona con un sistema de servomotor de alta eficiencia que consume hasta 60% menos energ\u00eda, lo que reduce sus facturas de servicios p\u00fablicos y su huella de carbono.<br \/>\nPrecisi\u00f3n microm\u00e9trica: Equipada con un sistema de control CNC y gu\u00edas lineales de alta precisi\u00f3n, esta m\u00e1quina alcanza una precisi\u00f3n de plegado de \u00b10,01 mm. El cilindro servoaccionado garantiza un plegado suave.<br \/>\n\u2013 Operaci\u00f3n ultrarr\u00e1pida: con velocidad de posicionamiento r\u00e1pida (hasta 150 mm\/s) y respuesta instant\u00e1nea a los comandos de control<br \/>\n\u2013 Silencioso y ecol\u00f3gico: diga adi\u00f3s al ruido fuerte de los sistemas hidr\u00e1ulicos<br \/>\n\u2013 Duradero y de bajo mantenimiento: el sistema de accionamiento totalmente el\u00e9ctrico tiene menos piezas m\u00f3viles que los modelos hidr\u00e1ulicos, lo que reduce el desgaste.<br \/>\n<img decoding=\"async\" class=\"wp-image-859 alignleft\" src=\"https:\/\/chenesme.com\/wp-content\/uploads\/2025\/10\/640.jpg\" alt=\"\" width=\"515\" height=\"687\" srcset=\"https:\/\/chenesme.com\/wp-content\/uploads\/2025\/10\/640.jpg 1280w, https:\/\/chenesme.com\/wp-content\/uploads\/2025\/10\/640-375x500.jpg 375w, https:\/\/chenesme.com\/wp-content\/uploads\/2025\/10\/640-900x1200.jpg 900w, https:\/\/chenesme.com\/wp-content\/uploads\/2025\/10\/640-225x300.jpg 225w, https:\/\/chenesme.com\/wp-content\/uploads\/2025\/10\/640-768x1024.jpg 768w, https:\/\/chenesme.com\/wp-content\/uploads\/2025\/10\/640-1152x1536.jpg 1152w, https:\/\/chenesme.com\/wp-content\/uploads\/2025\/10\/640-9x12.jpg 9w, https:\/\/chenesme.com\/wp-content\/uploads\/2025\/10\/640-56x75.jpg 56w, https:\/\/chenesme.com\/wp-content\/uploads\/2025\/10\/640-480x640.jpg 480w, https:\/\/chenesme.com\/wp-content\/uploads\/2025\/10\/640-800x1067.jpg 800w\" sizes=\"(max-width:767px) 480px, 515px\" \/><\/p>\n<p>&nbsp;<\/p>\n<p>&nbsp;<\/p>\n<p>&nbsp;<\/p>\n<p>&nbsp;<\/p>\n<p>&nbsp;<\/p>\n<p>&nbsp;<\/p>\n<p>&nbsp;<\/p>\n<p>&nbsp;<\/p>\n<p>&nbsp;<\/p>\n<p>&nbsp;<\/p>\n<p>&nbsp;<\/p>\n<p>&nbsp;<\/p>\n<p>&nbsp;<\/p>\n<p>&nbsp;<\/p>\n<p>&nbsp;<\/p>\n<p>&nbsp;<\/p>\n<p>&nbsp;<\/p>\n<h4>Amplia gama de aplicaciones<\/h4>\n<p>Nuestra prensa plegadora totalmente el\u00e9ctrica es lo suficientemente vers\u00e1til para manejar diversos materiales e industrias, incluidos:<\/p>\n<p>\u2013 Automotriz: Doblado de componentes de chasis, piezas de escape y accesorios met\u00e1licos interiores.<\/p>\n<p>\u2013 Aeroespacial: Plegado de precisi\u00f3n de piezas de aleaci\u00f3n de aluminio y titanio<\/p>\n<p>\u2013 Electr\u00f3nica: Fabricaci\u00f3n de racks de servidores, carcasas de armarios de control y disipadores de calor.<\/p>\n<p>\u2013 Construcci\u00f3n: Producci\u00f3n de montantes met\u00e1licos, perfiles met\u00e1licos decorativos y soportes para tuber\u00edas.<\/p>\n<p>\u2013 Ferreter\u00eda: Fabricaci\u00f3n de bisagras, soportes y componentes de herramientas.<\/p>","protected":false},"excerpt":{"rendered":"<p>Las prensas plegadoras el\u00e9ctricas ofrecen una eficiencia energ\u00e9tica superior, son respetuosas con el medio ambiente, tienen una precisi\u00f3n de plegado superior y bajos costes de mantenimiento. Estas ventajas las convierten en una opci\u00f3n atractiva para los fabricantes que buscan reducir el consumo energ\u00e9tico, minimizar el impacto ambiental y mejorar la eficiencia de la producci\u00f3n.<\/p>","protected":false},"featured_media":851,"template":"","meta":{"_joinchat":[]},"product_brand":[],"product_cat":[18],"product_tag":[],"class_list":{"0":"post-850","1":"product","2":"type-product","3":"status-publish","4":"has-post-thumbnail","6":"product_cat-pure-electric-press-brake","8":"first","9":"instock","10":"shipping-taxable","11":"product-type-external"},"yoast_head":"<!-- This site is optimized with the Yoast SEO plugin v25.6 - https:\/\/yoast.com\/wordpress\/plugins\/seo\/ -->\n<title>All-Electric Press Brake - Anhui Chensi Machinery Equipment Co., Ltd.<\/title>\n<meta name=\"description\" content=\"All-Electric press brake with zero hydraulic costs. Our press brakes deliver superior precision and quieter operation for a sustainable workshop.\" \/>\n<meta name=\"robots\" content=\"index, follow, max-snippet:-1, max-image-preview:large, max-video-preview:-1\" \/>\n<link rel=\"canonical\" href=\"https:\/\/chenesme.com\/es\/producto\/all-electric-press-brake\/\" \/>\n<meta property=\"og:locale\" content=\"es_ES\" \/>\n<meta property=\"og:type\" content=\"article\" \/>\n<meta property=\"og:title\" content=\"All-Electric Press Brake - Anhui Chensi Machinery Equipment Co., Ltd.\" \/>\n<meta property=\"og:description\" content=\"All-Electric press brake with zero hydraulic costs. Our press brakes deliver superior precision and quieter operation for a sustainable workshop.\" \/>\n<meta property=\"og:url\" content=\"https:\/\/chenesme.com\/es\/producto\/all-electric-press-brake\/\" \/>\n<meta property=\"og:site_name\" content=\"Anhui Chensi Machinery Equipment Co., Ltd.\" \/>\n<meta property=\"article:modified_time\" content=\"2025-10-24T06:32:11+00:00\" \/>\n<meta property=\"og:image\" content=\"https:\/\/chenesme.com\/wp-content\/uploads\/2025\/10\/Electric-Press-Brake-640.png\" \/>\n\t<meta property=\"og:image:width\" content=\"696\" \/>\n\t<meta property=\"og:image:height\" content=\"696\" \/>\n\t<meta property=\"og:image:type\" content=\"image\/png\" \/>\n<meta name=\"twitter:card\" content=\"summary_large_image\" \/>\n<meta name=\"twitter:label1\" content=\"Tiempo de lectura\" \/>\n\t<meta name=\"twitter:data1\" content=\"2 minutos\" \/>\n<script type=\"application\/ld+json\" class=\"yoast-schema-graph\">{\"@context\":\"https:\/\/schema.org\",\"@graph\":[{\"@type\":\"WebPage\",\"@id\":\"https:\/\/chenesme.com\/product\/all-electric-press-brake\/\",\"url\":\"https:\/\/chenesme.com\/product\/all-electric-press-brake\/\",\"name\":\"All-Electric Press Brake - Anhui Chensi Machinery Equipment Co., Ltd.\",\"isPartOf\":{\"@id\":\"https:\/\/chenesme.com\/#website\"},\"primaryImageOfPage\":{\"@id\":\"https:\/\/chenesme.com\/product\/all-electric-press-brake\/#primaryimage\"},\"image\":{\"@id\":\"https:\/\/chenesme.com\/product\/all-electric-press-brake\/#primaryimage\"},\"thumbnailUrl\":\"https:\/\/chenesme.com\/wp-content\/uploads\/2025\/10\/Electric-Press-Brake-640.png\",\"datePublished\":\"2025-10-23T03:46:26+00:00\",\"dateModified\":\"2025-10-24T06:32:11+00:00\",\"description\":\"All-Electric press brake with zero hydraulic costs. Our press brakes deliver superior precision and quieter operation for a sustainable workshop.\",\"breadcrumb\":{\"@id\":\"https:\/\/chenesme.com\/product\/all-electric-press-brake\/#breadcrumb\"},\"inLanguage\":\"es\",\"potentialAction\":[{\"@type\":\"ReadAction\",\"target\":[\"https:\/\/chenesme.com\/product\/all-electric-press-brake\/\"]}]},{\"@type\":\"ImageObject\",\"inLanguage\":\"es\",\"@id\":\"https:\/\/chenesme.com\/product\/all-electric-press-brake\/#primaryimage\",\"url\":\"https:\/\/chenesme.com\/wp-content\/uploads\/2025\/10\/Electric-Press-Brake-640.png\",\"contentUrl\":\"https:\/\/chenesme.com\/wp-content\/uploads\/2025\/10\/Electric-Press-Brake-640.png\",\"width\":696,\"height\":696},{\"@type\":\"BreadcrumbList\",\"@id\":\"https:\/\/chenesme.com\/product\/all-electric-press-brake\/#breadcrumb\",\"itemListElement\":[{\"@type\":\"ListItem\",\"position\":1,\"name\":\"Home\",\"item\":\"https:\/\/chenesme.com\/\"},{\"@type\":\"ListItem\",\"position\":2,\"name\":\"Product\",\"item\":\"https:\/\/chenesme.com\/product\/\"},{\"@type\":\"ListItem\",\"position\":3,\"name\":\"All-Electric Press Brake\"}]},{\"@type\":\"WebSite\",\"@id\":\"https:\/\/chenesme.com\/#website\",\"url\":\"https:\/\/chenesme.com\/\",\"name\":\"Anhui Chensi Machinery Equipment Co., Ltd.\",\"description\":\"Anhui Chensi Machinery Equipment Co., Ltd.\",\"potentialAction\":[{\"@type\":\"SearchAction\",\"target\":{\"@type\":\"EntryPoint\",\"urlTemplate\":\"https:\/\/chenesme.com\/?s={search_term_string}\"},\"query-input\":{\"@type\":\"PropertyValueSpecification\",\"valueRequired\":true,\"valueName\":\"search_term_string\"}}],\"inLanguage\":\"es\"}]}<\/script>\n<!-- \/ Yoast SEO plugin. -->","yoast_head_json":{"title":"All-Electric Press Brake - Anhui Chensi Machinery Equipment Co., Ltd.","description":"All-Electric press brake with zero hydraulic costs. Our press brakes deliver superior precision and quieter operation for a sustainable workshop.","robots":{"index":"index","follow":"follow","max-snippet":"max-snippet:-1","max-image-preview":"max-image-preview:large","max-video-preview":"max-video-preview:-1"},"canonical":"https:\/\/chenesme.com\/es\/producto\/all-electric-press-brake\/","og_locale":"es_ES","og_type":"article","og_title":"All-Electric Press Brake - Anhui Chensi Machinery Equipment Co., Ltd.","og_description":"All-Electric press brake with zero hydraulic costs. Our press brakes deliver superior precision and quieter operation for a sustainable workshop.","og_url":"https:\/\/chenesme.com\/es\/producto\/all-electric-press-brake\/","og_site_name":"Anhui Chensi Machinery Equipment Co., Ltd.","article_modified_time":"2025-10-24T06:32:11+00:00","og_image":[{"width":696,"height":696,"url":"https:\/\/chenesme.com\/wp-content\/uploads\/2025\/10\/Electric-Press-Brake-640.png","type":"image\/png"}],"twitter_card":"summary_large_image","twitter_misc":{"Tiempo de lectura":"2 minutos"},"schema":{"@context":"https:\/\/schema.org","@graph":[{"@type":"WebPage","@id":"https:\/\/chenesme.com\/product\/all-electric-press-brake\/","url":"https:\/\/chenesme.com\/product\/all-electric-press-brake\/","name":"All-Electric Press Brake - Anhui Chensi Machinery Equipment Co., Ltd.","isPartOf":{"@id":"https:\/\/chenesme.com\/#website"},"primaryImageOfPage":{"@id":"https:\/\/chenesme.com\/product\/all-electric-press-brake\/#primaryimage"},"image":{"@id":"https:\/\/chenesme.com\/product\/all-electric-press-brake\/#primaryimage"},"thumbnailUrl":"https:\/\/chenesme.com\/wp-content\/uploads\/2025\/10\/Electric-Press-Brake-640.png","datePublished":"2025-10-23T03:46:26+00:00","dateModified":"2025-10-24T06:32:11+00:00","description":"All-Electric press brake with zero hydraulic costs. Our press brakes deliver superior precision and quieter operation for a sustainable workshop.","breadcrumb":{"@id":"https:\/\/chenesme.com\/product\/all-electric-press-brake\/#breadcrumb"},"inLanguage":"es","potentialAction":[{"@type":"ReadAction","target":["https:\/\/chenesme.com\/product\/all-electric-press-brake\/"]}]},{"@type":"ImageObject","inLanguage":"es","@id":"https:\/\/chenesme.com\/product\/all-electric-press-brake\/#primaryimage","url":"https:\/\/chenesme.com\/wp-content\/uploads\/2025\/10\/Electric-Press-Brake-640.png","contentUrl":"https:\/\/chenesme.com\/wp-content\/uploads\/2025\/10\/Electric-Press-Brake-640.png","width":696,"height":696},{"@type":"BreadcrumbList","@id":"https:\/\/chenesme.com\/product\/all-electric-press-brake\/#breadcrumb","itemListElement":[{"@type":"ListItem","position":1,"name":"Home","item":"https:\/\/chenesme.com\/"},{"@type":"ListItem","position":2,"name":"Product","item":"https:\/\/chenesme.com\/product\/"},{"@type":"ListItem","position":3,"name":"All-Electric Press Brake"}]},{"@type":"WebSite","@id":"https:\/\/chenesme.com\/#website","url":"https:\/\/chenesme.com\/","name":"Anhui Chensi Machinery Equipment Co., Ltd.","description":"Anhui Chensi Machinery Equipment Co., Ltd.","potentialAction":[{"@type":"SearchAction","target":{"@type":"EntryPoint","urlTemplate":"https:\/\/chenesme.com\/?s={search_term_string}"},"query-input":{"@type":"PropertyValueSpecification","valueRequired":true,"valueName":"search_term_string"}}],"inLanguage":"es"}]}},"_links":{"self":[{"href":"https:\/\/chenesme.com\/es\/wp-json\/wp\/v2\/product\/850","targetHints":{"allow":["GET"]}}],"collection":[{"href":"https:\/\/chenesme.com\/es\/wp-json\/wp\/v2\/product"}],"about":[{"href":"https:\/\/chenesme.com\/es\/wp-json\/wp\/v2\/types\/product"}],"version-history":[{"count":1,"href":"https:\/\/chenesme.com\/es\/wp-json\/wp\/v2\/product\/850\/revisions"}],"predecessor-version":[{"id":877,"href":"https:\/\/chenesme.com\/es\/wp-json\/wp\/v2\/product\/850\/revisions\/877"}],"wp:featuredmedia":[{"embeddable":true,"href":"https:\/\/chenesme.com\/es\/wp-json\/wp\/v2\/media\/851"}],"wp:attachment":[{"href":"https:\/\/chenesme.com\/es\/wp-json\/wp\/v2\/media?parent=850"}],"wp:term":[{"taxonomy":"product_brand","embeddable":true,"href":"https:\/\/chenesme.com\/es\/wp-json\/wp\/v2\/product_brand?post=850"},{"taxonomy":"product_cat","embeddable":true,"href":"https:\/\/chenesme.com\/es\/wp-json\/wp\/v2\/product_cat?post=850"},{"taxonomy":"product_tag","embeddable":true,"href":"https:\/\/chenesme.com\/es\/wp-json\/wp\/v2\/product_tag?post=850"}],"curies":[{"name":"wp","href":"https:\/\/api.w.org\/{rel}","templated":true}]}}