{"id":15,"date":"2019-11-12T14:53:37","date_gmt":"2019-11-12T14:53:37","guid":{"rendered":"https:\/\/themes.muffingroup.com\/be\/3dprint\/?page_id=15"},"modified":"2025-10-01T03:00:57","modified_gmt":"2025-10-01T03:00:57","slug":"about","status":"publish","type":"page","link":"https:\/\/chenesme.com\/pt\/about\/","title":{"rendered":"Sobre"},"content":{"rendered":"<div data-elementor-type=\"wp-page\" data-elementor-id=\"15\" class=\"elementor elementor-15\">\n\t\t\t\t<div class=\"elementor-element elementor-element-56f82a3 e-flex e-con-boxed e-con e-parent\" data-id=\"56f82a3\" data-element_type=\"container\">\n\t\t\t\t\t<div class=\"e-con-inner\">\n\t\t\t\t<div class=\"elementor-element elementor-element-d45ca9a elementor-widget elementor-widget-heading\" data-id=\"d45ca9a\" data-element_type=\"widget\" data-widget_type=\"heading.default\">\n\t\t\t\t\t<h1 class=\"elementor-heading-title elementor-size-default\">Sobre n\u00f3s<\/h1>\t\t\t\t<\/div>\n\t\t\t\t\t<\/div>\n\t\t\t\t<\/div>\n\t\t<div class=\"elementor-element elementor-element-d344288 e-flex e-con-boxed e-con e-parent\" data-id=\"d344288\" data-element_type=\"container\" data-settings=\"{&quot;background_background&quot;:&quot;classic&quot;}\">\n\t\t\t\t\t<div class=\"e-con-inner\">\n\t\t<div class=\"elementor-element elementor-element-67f0941 e-con-full e-flex e-con e-child\" data-id=\"67f0941\" data-element_type=\"container\">\n\t\t\t\t<div class=\"elementor-element elementor-element-30ebfae elementor-widget elementor-widget-image\" data-id=\"30ebfae\" data-element_type=\"widget\" data-widget_type=\"image.default\">\n\t\t\t\t\t\t\t\t\t\t\t\t\t\t\t<img fetchpriority=\"high\" decoding=\"async\" width=\"1200\" height=\"900\" src=\"https:\/\/chenesme.com\/wp-content\/uploads\/2025\/09\/gongchang3.jpg\" class=\"attachment-large size-large wp-image-436\" alt=\"\" srcset=\"https:\/\/chenesme.com\/wp-content\/uploads\/2025\/09\/gongchang3.jpg 1200w, https:\/\/chenesme.com\/wp-content\/uploads\/2025\/09\/gongchang3-500x375.jpg 500w, https:\/\/chenesme.com\/wp-content\/uploads\/2025\/09\/gongchang3-300x225.jpg 300w, https:\/\/chenesme.com\/wp-content\/uploads\/2025\/09\/gongchang3-768x576.jpg 768w, https:\/\/chenesme.com\/wp-content\/uploads\/2025\/09\/gongchang3-16x12.jpg 16w, https:\/\/chenesme.com\/wp-content\/uploads\/2025\/09\/gongchang3-100x75.jpg 100w, https:\/\/chenesme.com\/wp-content\/uploads\/2025\/09\/gongchang3-960x720.jpg 960w, https:\/\/chenesme.com\/wp-content\/uploads\/2025\/09\/gongchang3-480x360.jpg 480w, https:\/\/chenesme.com\/wp-content\/uploads\/2025\/09\/gongchang3-800x600.jpg 800w\" sizes=\"(max-width:767px) 480px, (max-width:1200px) 100vw, 1200px\" \/>\t\t\t\t\t\t\t\t\t\t\t\t\t\t\t<\/div>\n\t\t\t\t<\/div>\n\t\t<div class=\"elementor-element elementor-element-f455f56 e-con-full e-flex e-con e-child\" data-id=\"f455f56\" data-element_type=\"container\">\n\t\t\t\t<div class=\"elementor-element elementor-element-d359f49 elementor-widget elementor-widget-heading\" data-id=\"d359f49\" data-element_type=\"widget\" data-widget_type=\"heading.default\">\n\t\t\t\t\t<h2 class=\"elementor-heading-title elementor-size-default\">Anhui Chensi Machinery Equipment Co., Ltd. <\/h2>\t\t\t\t<\/div>\n\t\t\t\t<div class=\"elementor-element elementor-element-9bcaf81 elementor-widget elementor-widget-text-editor\" data-id=\"9bcaf81\" data-element_type=\"widget\" data-widget_type=\"text-editor.default\">\n\t\t\t\t\t\t\t\t\t<p>A Anhui Chensi Machinery Equipment Co., Ltd. est\u00e1 localizada na cidade de Ma&#039;anshan, prov\u00edncia de Anhui. Ap\u00f3s anos de esfor\u00e7os incessantes, os produtos da empresa incluem principalmente: M\u00e1quina de dobra de chapa met\u00e1lica com display digital s\u00e9rie WC67Y.WC67K, m\u00e1quina de dobra CNC servo eletro-hidr\u00e1ulica s\u00e9rie WE67K; M\u00e1quina de corte e inclina\u00e7\u00e3o hidr\u00e1ulica com controle num\u00e9rico com display digital s\u00e9rie QC12Y, QCI2K, tesoura de placa tipo freio hidr\u00e1ulico com display digital s\u00e9rie QC11Y, QC11K; Prensa hidr\u00e1ulica s\u00e9rie J23, rolo de placa de tr\u00eas rolos s\u00e9rie W11, m\u00e1quina de corte de junta Q35, etc., que s\u00e3o amplamente utilizados em decora\u00e7\u00e3o, metalurgia, constru\u00e7\u00e3o naval, autom\u00f3veis, m\u00e1quinas, avia\u00e7\u00e3o e campo de produ\u00e7\u00e3o profissional.<\/p>\t\t\t\t\t\t\t\t<\/div>\n\t\t\t\t<\/div>\n\t\t\t\t\t<\/div>\n\t\t\t\t<\/div>\n\t\t<div class=\"elementor-element elementor-element-630feca e-flex e-con-boxed e-con e-parent\" data-id=\"630feca\" data-element_type=\"container\" data-settings=\"{&quot;background_background&quot;:&quot;classic&quot;}\">\n\t\t\t\t\t<div class=\"e-con-inner\">\n\t\t<div class=\"elementor-element elementor-element-b8262aa e-con-full e-flex e-con e-child\" data-id=\"b8262aa\" data-element_type=\"container\">\n\t\t\t\t<div class=\"elementor-element elementor-element-3233a8a elementor-widget elementor-widget-image\" data-id=\"3233a8a\" data-element_type=\"widget\" data-widget_type=\"image.default\">\n\t\t\t\t\t\t\t\t\t\t\t\t\t\t\t<img decoding=\"async\" width=\"1200\" height=\"900\" src=\"https:\/\/chenesme.com\/wp-content\/uploads\/2025\/09\/gongchang1.jpg\" class=\"attachment-large size-large wp-image-434\" alt=\"\" srcset=\"https:\/\/chenesme.com\/wp-content\/uploads\/2025\/09\/gongchang1.jpg 1200w, https:\/\/chenesme.com\/wp-content\/uploads\/2025\/09\/gongchang1-500x375.jpg 500w, https:\/\/chenesme.com\/wp-content\/uploads\/2025\/09\/gongchang1-300x225.jpg 300w, https:\/\/chenesme.com\/wp-content\/uploads\/2025\/09\/gongchang1-768x576.jpg 768w, https:\/\/chenesme.com\/wp-content\/uploads\/2025\/09\/gongchang1-16x12.jpg 16w, https:\/\/chenesme.com\/wp-content\/uploads\/2025\/09\/gongchang1-100x75.jpg 100w, https:\/\/chenesme.com\/wp-content\/uploads\/2025\/09\/gongchang1-960x720.jpg 960w, https:\/\/chenesme.com\/wp-content\/uploads\/2025\/09\/gongchang1-480x360.jpg 480w, https:\/\/chenesme.com\/wp-content\/uploads\/2025\/09\/gongchang1-800x600.jpg 800w\" sizes=\"(max-width:767px) 480px, (max-width:1200px) 100vw, 1200px\" \/>\t\t\t\t\t\t\t\t\t\t\t\t\t\t\t<\/div>\n\t\t\t\t<\/div>\n\t\t<div class=\"elementor-element elementor-element-b45134d e-con-full e-flex e-con e-child\" data-id=\"b45134d\" data-element_type=\"container\">\n\t\t\t\t<div class=\"elementor-element elementor-element-e1cee4c elementor-widget elementor-widget-image\" data-id=\"e1cee4c\" data-element_type=\"widget\" data-widget_type=\"image.default\">\n\t\t\t\t\t\t\t\t\t\t\t\t\t\t\t<img decoding=\"async\" width=\"1200\" height=\"900\" src=\"https:\/\/chenesme.com\/wp-content\/uploads\/2025\/09\/gongchang2.jpg\" class=\"attachment-large size-large wp-image-435\" alt=\"\" srcset=\"https:\/\/chenesme.com\/wp-content\/uploads\/2025\/09\/gongchang2.jpg 1200w, https:\/\/chenesme.com\/wp-content\/uploads\/2025\/09\/gongchang2-500x375.jpg 500w, https:\/\/chenesme.com\/wp-content\/uploads\/2025\/09\/gongchang2-300x225.jpg 300w, https:\/\/chenesme.com\/wp-content\/uploads\/2025\/09\/gongchang2-768x576.jpg 768w, https:\/\/chenesme.com\/wp-content\/uploads\/2025\/09\/gongchang2-16x12.jpg 16w, https:\/\/chenesme.com\/wp-content\/uploads\/2025\/09\/gongchang2-100x75.jpg 100w, https:\/\/chenesme.com\/wp-content\/uploads\/2025\/09\/gongchang2-960x720.jpg 960w, https:\/\/chenesme.com\/wp-content\/uploads\/2025\/09\/gongchang2-480x360.jpg 480w, https:\/\/chenesme.com\/wp-content\/uploads\/2025\/09\/gongchang2-800x600.jpg 800w\" sizes=\"(max-width:767px) 480px, (max-width:1200px) 100vw, 1200px\" \/>\t\t\t\t\t\t\t\t\t\t\t\t\t\t\t<\/div>\n\t\t\t\t<\/div>\n\t\t<div class=\"elementor-element elementor-element-2457858 e-con-full e-flex e-con e-child\" data-id=\"2457858\" data-element_type=\"container\">\n\t\t\t\t<div class=\"elementor-element elementor-element-be941fe elementor-widget elementor-widget-image\" data-id=\"be941fe\" data-element_type=\"widget\" data-widget_type=\"image.default\">\n\t\t\t\t\t\t\t\t\t\t\t\t\t\t\t<img loading=\"lazy\" decoding=\"async\" width=\"600\" height=\"450\" src=\"https:\/\/chenesme.com\/wp-content\/uploads\/2025\/10\/gc-1.jpg\" class=\"attachment-large size-large wp-image-573\" alt=\"\" srcset=\"https:\/\/chenesme.com\/wp-content\/uploads\/2025\/10\/gc-1.jpg 600w, https:\/\/chenesme.com\/wp-content\/uploads\/2025\/10\/gc-1-500x375.jpg 500w, https:\/\/chenesme.com\/wp-content\/uploads\/2025\/10\/gc-1-300x225.jpg 300w, https:\/\/chenesme.com\/wp-content\/uploads\/2025\/10\/gc-1-16x12.jpg 16w, https:\/\/chenesme.com\/wp-content\/uploads\/2025\/10\/gc-1-100x75.jpg 100w, https:\/\/chenesme.com\/wp-content\/uploads\/2025\/10\/gc-1-480x360.jpg 480w\" sizes=\"(max-width:767px) 480px, 600px\" \/>\t\t\t\t\t\t\t\t\t\t\t\t\t\t\t<\/div>\n\t\t\t\t<\/div>\n\t\t\t\t\t<\/div>\n\t\t\t\t<\/div>\n\t\t<div class=\"elementor-element elementor-element-6d7532d e-flex e-con-boxed e-con e-parent\" data-id=\"6d7532d\" data-element_type=\"container\" data-settings=\"{&quot;background_background&quot;:&quot;classic&quot;}\">\n\t\t\t\t\t<div class=\"e-con-inner\">\n\t\t<div class=\"elementor-element elementor-element-b91ccfd e-con-full e-flex e-con e-child\" data-id=\"b91ccfd\" data-element_type=\"container\">\n\t\t\t\t<div class=\"elementor-element elementor-element-9b54869 elementor-widget elementor-widget-image\" data-id=\"9b54869\" data-element_type=\"widget\" data-widget_type=\"image.default\">\n\t\t\t\t\t\t\t\t\t\t\t\t\t\t\t<img loading=\"lazy\" decoding=\"async\" width=\"600\" height=\"450\" src=\"https:\/\/chenesme.com\/wp-content\/uploads\/2025\/10\/gc-2.jpg\" class=\"attachment-large size-large wp-image-574\" alt=\"\" srcset=\"https:\/\/chenesme.com\/wp-content\/uploads\/2025\/10\/gc-2.jpg 600w, https:\/\/chenesme.com\/wp-content\/uploads\/2025\/10\/gc-2-500x375.jpg 500w, https:\/\/chenesme.com\/wp-content\/uploads\/2025\/10\/gc-2-300x225.jpg 300w, https:\/\/chenesme.com\/wp-content\/uploads\/2025\/10\/gc-2-16x12.jpg 16w, https:\/\/chenesme.com\/wp-content\/uploads\/2025\/10\/gc-2-100x75.jpg 100w, https:\/\/chenesme.com\/wp-content\/uploads\/2025\/10\/gc-2-480x360.jpg 480w\" sizes=\"(max-width:767px) 480px, 600px\" \/>\t\t\t\t\t\t\t\t\t\t\t\t\t\t\t<\/div>\n\t\t\t\t<\/div>\n\t\t<div class=\"elementor-element elementor-element-3fbaa83 e-con-full e-flex e-con e-child\" data-id=\"3fbaa83\" data-element_type=\"container\">\n\t\t\t\t<div class=\"elementor-element elementor-element-1d7d7f7 elementor-widget elementor-widget-image\" data-id=\"1d7d7f7\" data-element_type=\"widget\" data-widget_type=\"image.default\">\n\t\t\t\t\t\t\t\t\t\t\t\t\t\t\t<img loading=\"lazy\" decoding=\"async\" width=\"600\" height=\"450\" src=\"https:\/\/chenesme.com\/wp-content\/uploads\/2025\/10\/gc-3.jpg\" class=\"attachment-large size-large wp-image-575\" alt=\"\" srcset=\"https:\/\/chenesme.com\/wp-content\/uploads\/2025\/10\/gc-3.jpg 600w, https:\/\/chenesme.com\/wp-content\/uploads\/2025\/10\/gc-3-500x375.jpg 500w, https:\/\/chenesme.com\/wp-content\/uploads\/2025\/10\/gc-3-300x225.jpg 300w, https:\/\/chenesme.com\/wp-content\/uploads\/2025\/10\/gc-3-16x12.jpg 16w, https:\/\/chenesme.com\/wp-content\/uploads\/2025\/10\/gc-3-100x75.jpg 100w, https:\/\/chenesme.com\/wp-content\/uploads\/2025\/10\/gc-3-480x360.jpg 480w\" sizes=\"(max-width:767px) 480px, 600px\" \/>\t\t\t\t\t\t\t\t\t\t\t\t\t\t\t<\/div>\n\t\t\t\t<\/div>\n\t\t<div class=\"elementor-element elementor-element-a5c2110 e-con-full e-flex e-con e-child\" data-id=\"a5c2110\" data-element_type=\"container\">\n\t\t\t\t<div class=\"elementor-element elementor-element-9336265 elementor-widget elementor-widget-image\" data-id=\"9336265\" data-element_type=\"widget\" data-widget_type=\"image.default\">\n\t\t\t\t\t\t\t\t\t\t\t\t\t\t\t<img loading=\"lazy\" decoding=\"async\" width=\"600\" height=\"450\" src=\"https:\/\/chenesme.com\/wp-content\/uploads\/2025\/10\/gc-4.jpg\" class=\"attachment-large size-large wp-image-576\" alt=\"\" srcset=\"https:\/\/chenesme.com\/wp-content\/uploads\/2025\/10\/gc-4.jpg 600w, https:\/\/chenesme.com\/wp-content\/uploads\/2025\/10\/gc-4-500x375.jpg 500w, https:\/\/chenesme.com\/wp-content\/uploads\/2025\/10\/gc-4-300x225.jpg 300w, https:\/\/chenesme.com\/wp-content\/uploads\/2025\/10\/gc-4-16x12.jpg 16w, https:\/\/chenesme.com\/wp-content\/uploads\/2025\/10\/gc-4-100x75.jpg 100w, https:\/\/chenesme.com\/wp-content\/uploads\/2025\/10\/gc-4-480x360.jpg 480w\" sizes=\"(max-width:767px) 480px, 600px\" \/>\t\t\t\t\t\t\t\t\t\t\t\t\t\t\t<\/div>\n\t\t\t\t<\/div>\n\t\t\t\t\t<\/div>\n\t\t\t\t<\/div>\n\t\t\t\t<\/div>","protected":false},"excerpt":{"rendered":"<p>About Us Anhui Chensi Machinery Equipment Co., Ltd. Anhui Chensi Machinery Equipment Co., Ltd.\u00a0is located in Ma\u2019anshan city of Anhui province, after years of unremitting efforts,the<span class=\"excerpt-hellip\"> [\u2026]<\/span><\/p>","protected":false},"author":1,"featured_media":0,"parent":0,"menu_order":0,"comment_status":"open","ping_status":"closed","template":"","meta":{"_joinchat":[],"footnotes":""},"class_list":["post-15","page","type-page","status-publish","hentry"],"yoast_head":"<!-- This site is optimized with the Yoast SEO plugin v25.6 - https:\/\/yoast.com\/wordpress\/plugins\/seo\/ -->\n<title>About - Anhui Chensi Machinery Equipment Co., Ltd.<\/title>\n<meta name=\"robots\" content=\"index, follow, max-snippet:-1, max-image-preview:large, max-video-preview:-1\" \/>\n<link rel=\"canonical\" href=\"https:\/\/chenesme.com\/pt\/about\/\" \/>\n<meta property=\"og:locale\" content=\"pt_PT\" \/>\n<meta property=\"og:type\" content=\"article\" \/>\n<meta property=\"og:title\" content=\"About - Anhui Chensi Machinery Equipment Co., Ltd.\" \/>\n<meta property=\"og:description\" content=\"About Us Anhui Chensi Machinery Equipment Co., Ltd. Anhui Chensi Machinery Equipment Co., Ltd.\u00a0is located in Ma\u2019anshan city of Anhui province, after years of unremitting efforts,the [\u2026]\" \/>\n<meta property=\"og:url\" content=\"https:\/\/chenesme.com\/pt\/about\/\" \/>\n<meta property=\"og:site_name\" content=\"Anhui Chensi Machinery Equipment Co., Ltd.\" \/>\n<meta property=\"article:modified_time\" content=\"2025-10-01T03:00:57+00:00\" \/>\n<meta property=\"og:image\" content=\"https:\/\/chenesme.com\/wp-content\/uploads\/2025\/09\/gongchang3.jpg\" \/>\n\t<meta property=\"og:image:width\" content=\"1200\" \/>\n\t<meta property=\"og:image:height\" content=\"900\" \/>\n\t<meta property=\"og:image:type\" content=\"image\/jpeg\" \/>\n<meta name=\"twitter:card\" content=\"summary_large_image\" \/>\n<meta name=\"twitter:label1\" content=\"Tempo estimado de leitura\" \/>\n\t<meta name=\"twitter:data1\" content=\"1 minuto\" \/>\n<script type=\"application\/ld+json\" class=\"yoast-schema-graph\">{\"@context\":\"https:\/\/schema.org\",\"@graph\":[{\"@type\":\"WebPage\",\"@id\":\"https:\/\/chenesme.com\/about\/\",\"url\":\"https:\/\/chenesme.com\/about\/\",\"name\":\"About - Anhui Chensi Machinery Equipment Co., Ltd.\",\"isPartOf\":{\"@id\":\"https:\/\/chenesme.com\/#website\"},\"primaryImageOfPage\":{\"@id\":\"https:\/\/chenesme.com\/about\/#primaryimage\"},\"image\":{\"@id\":\"https:\/\/chenesme.com\/about\/#primaryimage\"},\"thumbnailUrl\":\"https:\/\/chenesme.com\/wp-content\/uploads\/2025\/09\/gongchang3.jpg\",\"datePublished\":\"2019-11-12T14:53:37+00:00\",\"dateModified\":\"2025-10-01T03:00:57+00:00\",\"breadcrumb\":{\"@id\":\"https:\/\/chenesme.com\/about\/#breadcrumb\"},\"inLanguage\":\"pt-PT\",\"potentialAction\":[{\"@type\":\"ReadAction\",\"target\":[\"https:\/\/chenesme.com\/about\/\"]}]},{\"@type\":\"ImageObject\",\"inLanguage\":\"pt-PT\",\"@id\":\"https:\/\/chenesme.com\/about\/#primaryimage\",\"url\":\"https:\/\/chenesme.com\/wp-content\/uploads\/2025\/09\/gongchang3.jpg\",\"contentUrl\":\"https:\/\/chenesme.com\/wp-content\/uploads\/2025\/09\/gongchang3.jpg\"},{\"@type\":\"BreadcrumbList\",\"@id\":\"https:\/\/chenesme.com\/about\/#breadcrumb\",\"itemListElement\":[{\"@type\":\"ListItem\",\"position\":1,\"name\":\"Home\",\"item\":\"https:\/\/chenesme.com\/\"},{\"@type\":\"ListItem\",\"position\":2,\"name\":\"About\"}]},{\"@type\":\"WebSite\",\"@id\":\"https:\/\/chenesme.com\/#website\",\"url\":\"https:\/\/chenesme.com\/\",\"name\":\"Anhui Chensi Machinery Equipment Co., Ltd.\",\"description\":\"Anhui Chensi Machinery Equipment Co., Ltd.\",\"potentialAction\":[{\"@type\":\"SearchAction\",\"target\":{\"@type\":\"EntryPoint\",\"urlTemplate\":\"https:\/\/chenesme.com\/?s={search_term_string}\"},\"query-input\":{\"@type\":\"PropertyValueSpecification\",\"valueRequired\":true,\"valueName\":\"search_term_string\"}}],\"inLanguage\":\"pt-PT\"}]}<\/script>\n<!-- \/ Yoast SEO plugin. -->","yoast_head_json":{"title":"About - Anhui Chensi Machinery Equipment Co., Ltd.","robots":{"index":"index","follow":"follow","max-snippet":"max-snippet:-1","max-image-preview":"max-image-preview:large","max-video-preview":"max-video-preview:-1"},"canonical":"https:\/\/chenesme.com\/pt\/about\/","og_locale":"pt_PT","og_type":"article","og_title":"About - Anhui Chensi Machinery Equipment Co., Ltd.","og_description":"About Us Anhui Chensi Machinery Equipment Co., Ltd. Anhui Chensi Machinery Equipment Co., Ltd.\u00a0is located in Ma\u2019anshan city of Anhui province, after years of unremitting efforts,the [\u2026]","og_url":"https:\/\/chenesme.com\/pt\/about\/","og_site_name":"Anhui Chensi Machinery Equipment Co., Ltd.","article_modified_time":"2025-10-01T03:00:57+00:00","og_image":[{"width":1200,"height":900,"url":"https:\/\/chenesme.com\/wp-content\/uploads\/2025\/09\/gongchang3.jpg","type":"image\/jpeg"}],"twitter_card":"summary_large_image","twitter_misc":{"Tempo estimado de leitura":"1 minuto"},"schema":{"@context":"https:\/\/schema.org","@graph":[{"@type":"WebPage","@id":"https:\/\/chenesme.com\/about\/","url":"https:\/\/chenesme.com\/about\/","name":"About - Anhui Chensi Machinery Equipment Co., Ltd.","isPartOf":{"@id":"https:\/\/chenesme.com\/#website"},"primaryImageOfPage":{"@id":"https:\/\/chenesme.com\/about\/#primaryimage"},"image":{"@id":"https:\/\/chenesme.com\/about\/#primaryimage"},"thumbnailUrl":"https:\/\/chenesme.com\/wp-content\/uploads\/2025\/09\/gongchang3.jpg","datePublished":"2019-11-12T14:53:37+00:00","dateModified":"2025-10-01T03:00:57+00:00","breadcrumb":{"@id":"https:\/\/chenesme.com\/about\/#breadcrumb"},"inLanguage":"pt-PT","potentialAction":[{"@type":"ReadAction","target":["https:\/\/chenesme.com\/about\/"]}]},{"@type":"ImageObject","inLanguage":"pt-PT","@id":"https:\/\/chenesme.com\/about\/#primaryimage","url":"https:\/\/chenesme.com\/wp-content\/uploads\/2025\/09\/gongchang3.jpg","contentUrl":"https:\/\/chenesme.com\/wp-content\/uploads\/2025\/09\/gongchang3.jpg"},{"@type":"BreadcrumbList","@id":"https:\/\/chenesme.com\/about\/#breadcrumb","itemListElement":[{"@type":"ListItem","position":1,"name":"Home","item":"https:\/\/chenesme.com\/"},{"@type":"ListItem","position":2,"name":"About"}]},{"@type":"WebSite","@id":"https:\/\/chenesme.com\/#website","url":"https:\/\/chenesme.com\/","name":"Anhui Chensi Machinery Equipment Co., Ltd.","description":"Anhui Chensi Machinery Equipment Co., Ltd.","potentialAction":[{"@type":"SearchAction","target":{"@type":"EntryPoint","urlTemplate":"https:\/\/chenesme.com\/?s={search_term_string}"},"query-input":{"@type":"PropertyValueSpecification","valueRequired":true,"valueName":"search_term_string"}}],"inLanguage":"pt-PT"}]}},"_links":{"self":[{"href":"https:\/\/chenesme.com\/pt\/wp-json\/wp\/v2\/pages\/15","targetHints":{"allow":["GET"]}}],"collection":[{"href":"https:\/\/chenesme.com\/pt\/wp-json\/wp\/v2\/pages"}],"about":[{"href":"https:\/\/chenesme.com\/pt\/wp-json\/wp\/v2\/types\/page"}],"author":[{"embeddable":true,"href":"https:\/\/chenesme.com\/pt\/wp-json\/wp\/v2\/users\/1"}],"replies":[{"embeddable":true,"href":"https:\/\/chenesme.com\/pt\/wp-json\/wp\/v2\/comments?post=15"}],"version-history":[{"count":13,"href":"https:\/\/chenesme.com\/pt\/wp-json\/wp\/v2\/pages\/15\/revisions"}],"predecessor-version":[{"id":579,"href":"https:\/\/chenesme.com\/pt\/wp-json\/wp\/v2\/pages\/15\/revisions\/579"}],"wp:attachment":[{"href":"https:\/\/chenesme.com\/pt\/wp-json\/wp\/v2\/media?parent=15"}],"curies":[{"name":"wp","href":"https:\/\/api.w.org\/{rel}","templated":true}]}}