{"id":1034,"date":"2025-10-27T07:47:21","date_gmt":"2025-10-27T07:47:21","guid":{"rendered":"https:\/\/chenesme.com\/?post_type=product&#038;p=1034"},"modified":"2025-10-27T09:02:48","modified_gmt":"2025-10-27T09:02:48","slug":"precision-electric-bending-machine","status":"publish","type":"product","link":"https:\/\/chenesme.com\/pt\/produto\/precision-electric-bending-machine\/","title":{"rendered":"M\u00e1quina de dobra el\u00e9trica de precis\u00e3o"},"content":{"rendered":"<h3><strong>Prensa dobradeira totalmente el\u00e9trica<\/strong><\/h3>\n<p>A dobradeira el\u00e9trica de precis\u00e3o foi projetada para atender \u00e0s necessidades em constante mudan\u00e7a de oficinas modernas, f\u00e1bricas e instala\u00e7\u00f5es de metalurgia, redefinindo o que \u00e9 poss\u00edvel em opera\u00e7\u00f5es de prensa dobradeira, oferecendo resultados consistentes e reduzindo os custos operacionais.<\/p>\n<p><img fetchpriority=\"high\" decoding=\"async\" class=\"wp-image-1045 alignleft\" src=\"https:\/\/chenesme.com\/wp-content\/uploads\/2025\/10\/electric-press-brake-1.png\" alt=\"\" width=\"630\" height=\"881\" srcset=\"https:\/\/chenesme.com\/wp-content\/uploads\/2025\/10\/electric-press-brake-1.png 613w, https:\/\/chenesme.com\/wp-content\/uploads\/2025\/10\/electric-press-brake-1-358x500.png 358w, https:\/\/chenesme.com\/wp-content\/uploads\/2025\/10\/electric-press-brake-1-215x300.png 215w, https:\/\/chenesme.com\/wp-content\/uploads\/2025\/10\/electric-press-brake-1-9x12.png 9w, https:\/\/chenesme.com\/wp-content\/uploads\/2025\/10\/electric-press-brake-1-54x75.png 54w, https:\/\/chenesme.com\/wp-content\/uploads\/2025\/10\/electric-press-brake-1-480x671.png 480w\" sizes=\"(max-width:767px) 480px, 630px\" \/><\/p>\n<p>&nbsp;<\/p>\n<p>&nbsp;<\/p>\n<p>&nbsp;<\/p>\n<p>&nbsp;<\/p>\n<p>&nbsp;<\/p>\n<p>&nbsp;<\/p>\n<p>&nbsp;<\/p>\n<p>&nbsp;<\/p>\n<p>&nbsp;<\/p>\n<p>&nbsp;<\/p>\n<p>&nbsp;<\/p>\n<p>&nbsp;<\/p>\n<p>&nbsp;<\/p>\n<p>&nbsp;<\/p>\n<p>&nbsp;<\/p>\n<p>&nbsp;<\/p>\n<p>&nbsp;<\/p>\n<p>&nbsp;<\/p>\n<p>&nbsp;<\/p>\n<p>&nbsp;<\/p>\n<p>&nbsp;<\/p>\n<p>&nbsp;<\/p>\n<p>&nbsp;<\/p>\n<p>&nbsp;<\/p>\n<p>\u2013 Excel\u00eancia em economia de energia: Ao contr\u00e1rio das dobradeiras hidr\u00e1ulicas tradicionais, nosso modelo el\u00e9trico opera com um sistema de servomotor de alta efici\u00eancia que consome at\u00e9 60% menos energia, reduzindo suas contas de luz e sua pegada de carbono.<br \/>\n\u2013 Precis\u00e3o em n\u00edvel microm\u00e9trico: Equipada com um sistema de controle CNC e guias lineares de alta precis\u00e3o, esta m\u00e1quina atinge uma precis\u00e3o de dobra de \u00b10,01 mm. O pist\u00e3o servoacionado garante um movimento suave.<br \/>\n\u2013 Opera\u00e7\u00e3o ultrarr\u00e1pida: Com velocidade de posicionamento r\u00e1pida (at\u00e9 150 mm\/s) e resposta instant\u00e2nea aos comandos de controle.<br \/>\nSilencioso e ecol\u00f3gico: diga adeus ao ru\u00eddo alto dos sistemas hidr\u00e1ulicos.<br \/>\n\u2013 Dur\u00e1vel e de baixa manuten\u00e7\u00e3o: O sistema de acionamento totalmente el\u00e9trico possui menos pe\u00e7as m\u00f3veis do que os modelos hidr\u00e1ulicos, reduzindo o desgaste.<\/p>\n<p><img decoding=\"async\" class=\"wp-image-1001 alignleft\" src=\"https:\/\/chenesme.com\/wp-content\/uploads\/2025\/10\/press-brake-scaled.jpg\" alt=\"\" width=\"635\" height=\"476\" srcset=\"https:\/\/chenesme.com\/wp-content\/uploads\/2025\/10\/press-brake-scaled.jpg 2560w, https:\/\/chenesme.com\/wp-content\/uploads\/2025\/10\/press-brake-500x375.jpg 500w, https:\/\/chenesme.com\/wp-content\/uploads\/2025\/10\/press-brake-1200x900.jpg 1200w, https:\/\/chenesme.com\/wp-content\/uploads\/2025\/10\/press-brake-300x225.jpg 300w, https:\/\/chenesme.com\/wp-content\/uploads\/2025\/10\/press-brake-768x576.jpg 768w, https:\/\/chenesme.com\/wp-content\/uploads\/2025\/10\/press-brake-1536x1152.jpg 1536w, https:\/\/chenesme.com\/wp-content\/uploads\/2025\/10\/press-brake-2048x1536.jpg 2048w, https:\/\/chenesme.com\/wp-content\/uploads\/2025\/10\/press-brake-16x12.jpg 16w, https:\/\/chenesme.com\/wp-content\/uploads\/2025\/10\/press-brake-100x75.jpg 100w, https:\/\/chenesme.com\/wp-content\/uploads\/2025\/10\/press-brake-960x720.jpg 960w, https:\/\/chenesme.com\/wp-content\/uploads\/2025\/10\/press-brake-480x360.jpg 480w, https:\/\/chenesme.com\/wp-content\/uploads\/2025\/10\/press-brake-800x600.jpg 800w\" sizes=\"(max-width:767px) 480px, 635px\" \/><\/p>\n<p>&nbsp;<\/p>\n<h4><\/h4>\n<h4><\/h4>\n<h4><\/h4>\n<h4><\/h4>\n<h4><\/h4>\n<h4><\/h4>\n<h4><\/h4>\n<h4><\/h4>\n<h4><\/h4>\n<h4>Ampla gama de aplica\u00e7\u00f5es<\/h4>\n<p>Nossa prensa dobradeira totalmente el\u00e9trica \u00e9 vers\u00e1til o suficiente para lidar com diversos materiais e setores, incluindo:<\/p>\n<p>\u2013 Automotivo: Dobramento de componentes de chassis, pe\u00e7as de escapamento e acess\u00f3rios met\u00e1licos internos.<\/p>\n<p>\u2013 Aeroespacial: Dobramento de precis\u00e3o de pe\u00e7as de liga de alum\u00ednio e tit\u00e2nio<\/p>\n<p>\u2013 Eletr\u00f4nica: Fabrica\u00e7\u00e3o de racks para servidores, gabinetes para pain\u00e9is de controle e dissipadores de calor.<\/p>\n<p>\u2013 Constru\u00e7\u00e3o: Produ\u00e7\u00e3o de perfis met\u00e1licos, perfis met\u00e1licos decorativos e suportes para tubos.<\/p>\n<p>\u2013 Hardware: Fabrica\u00e7\u00e3o de dobradi\u00e7as, suportes e componentes de ferramentas<\/p>","protected":false},"excerpt":{"rendered":"<p>As prensas dobradeiras puramente el\u00e9tricas oferecem efici\u00eancia energ\u00e9tica superior, respeito ao meio ambiente, precis\u00e3o de dobra e baixos custos de manuten\u00e7\u00e3o. Essas vantagens as tornam uma op\u00e7\u00e3o atraente para fabricantes que buscam reduzir o consumo de energia, minimizar o impacto ambiental e aumentar a efici\u00eancia da produ\u00e7\u00e3o.<\/p>","protected":false},"featured_media":1044,"template":"","meta":{"_joinchat":[]},"product_brand":[],"product_cat":[18],"product_tag":[],"class_list":{"0":"post-1034","1":"product","2":"type-product","3":"status-publish","4":"has-post-thumbnail","6":"product_cat-pure-electric-press-brake","8":"first","9":"instock","10":"shipping-taxable","11":"product-type-external"},"yoast_head":"<!-- This site is optimized with the Yoast SEO plugin v25.6 - https:\/\/yoast.com\/wordpress\/plugins\/seo\/ -->\n<title>Precision Electric Bending Machine - Anhui Chensi Machinery Equipment Co., Ltd.<\/title>\n<meta name=\"description\" content=\"Precision Electric Bending Machine ,superior precision and quieter operation for a sustainable workshop.Zero Hydraulics, Maximum Efficiency\" \/>\n<meta name=\"robots\" content=\"index, follow, max-snippet:-1, max-image-preview:large, max-video-preview:-1\" \/>\n<link rel=\"canonical\" href=\"https:\/\/chenesme.com\/pt\/produto\/precision-electric-bending-machine\/\" \/>\n<meta property=\"og:locale\" content=\"pt_PT\" \/>\n<meta property=\"og:type\" content=\"article\" \/>\n<meta property=\"og:title\" content=\"Precision Electric Bending Machine - Anhui Chensi Machinery Equipment Co., Ltd.\" \/>\n<meta property=\"og:description\" content=\"Precision Electric Bending Machine ,superior precision and quieter operation for a sustainable workshop.Zero Hydraulics, Maximum Efficiency\" \/>\n<meta property=\"og:url\" content=\"https:\/\/chenesme.com\/pt\/produto\/precision-electric-bending-machine\/\" \/>\n<meta property=\"og:site_name\" content=\"Anhui Chensi Machinery Equipment Co., Ltd.\" \/>\n<meta property=\"article:modified_time\" content=\"2025-10-27T09:02:48+00:00\" \/>\n<meta property=\"og:image\" content=\"https:\/\/chenesme.com\/wp-content\/uploads\/2025\/10\/electric-press-brake-3.png\" \/>\n\t<meta property=\"og:image:width\" content=\"706\" \/>\n\t<meta property=\"og:image:height\" content=\"708\" \/>\n\t<meta property=\"og:image:type\" content=\"image\/png\" \/>\n<meta name=\"twitter:card\" content=\"summary_large_image\" \/>\n<meta name=\"twitter:label1\" content=\"Tempo estimado de leitura\" \/>\n\t<meta name=\"twitter:data1\" content=\"2 minutos\" \/>\n<script type=\"application\/ld+json\" class=\"yoast-schema-graph\">{\"@context\":\"https:\/\/schema.org\",\"@graph\":[{\"@type\":\"WebPage\",\"@id\":\"https:\/\/chenesme.com\/product\/precision-electric-bending-machine\/\",\"url\":\"https:\/\/chenesme.com\/product\/precision-electric-bending-machine\/\",\"name\":\"Precision Electric Bending Machine - Anhui Chensi Machinery Equipment Co., Ltd.\",\"isPartOf\":{\"@id\":\"https:\/\/chenesme.com\/#website\"},\"primaryImageOfPage\":{\"@id\":\"https:\/\/chenesme.com\/product\/precision-electric-bending-machine\/#primaryimage\"},\"image\":{\"@id\":\"https:\/\/chenesme.com\/product\/precision-electric-bending-machine\/#primaryimage\"},\"thumbnailUrl\":\"https:\/\/chenesme.com\/wp-content\/uploads\/2025\/10\/electric-press-brake-3.png\",\"datePublished\":\"2025-10-27T07:47:21+00:00\",\"dateModified\":\"2025-10-27T09:02:48+00:00\",\"description\":\"Precision Electric Bending Machine ,superior precision and quieter operation for a sustainable workshop.Zero Hydraulics, Maximum Efficiency\",\"breadcrumb\":{\"@id\":\"https:\/\/chenesme.com\/product\/precision-electric-bending-machine\/#breadcrumb\"},\"inLanguage\":\"pt-PT\",\"potentialAction\":[{\"@type\":\"ReadAction\",\"target\":[\"https:\/\/chenesme.com\/product\/precision-electric-bending-machine\/\"]}]},{\"@type\":\"ImageObject\",\"inLanguage\":\"pt-PT\",\"@id\":\"https:\/\/chenesme.com\/product\/precision-electric-bending-machine\/#primaryimage\",\"url\":\"https:\/\/chenesme.com\/wp-content\/uploads\/2025\/10\/electric-press-brake-3.png\",\"contentUrl\":\"https:\/\/chenesme.com\/wp-content\/uploads\/2025\/10\/electric-press-brake-3.png\",\"width\":706,\"height\":708},{\"@type\":\"BreadcrumbList\",\"@id\":\"https:\/\/chenesme.com\/product\/precision-electric-bending-machine\/#breadcrumb\",\"itemListElement\":[{\"@type\":\"ListItem\",\"position\":1,\"name\":\"Home\",\"item\":\"https:\/\/chenesme.com\/\"},{\"@type\":\"ListItem\",\"position\":2,\"name\":\"Product\",\"item\":\"https:\/\/chenesme.com\/product\/\"},{\"@type\":\"ListItem\",\"position\":3,\"name\":\"Precision Electric Bending Machine\"}]},{\"@type\":\"WebSite\",\"@id\":\"https:\/\/chenesme.com\/#website\",\"url\":\"https:\/\/chenesme.com\/\",\"name\":\"Anhui Chensi Machinery Equipment Co., Ltd.\",\"description\":\"Anhui Chensi Machinery Equipment Co., Ltd.\",\"potentialAction\":[{\"@type\":\"SearchAction\",\"target\":{\"@type\":\"EntryPoint\",\"urlTemplate\":\"https:\/\/chenesme.com\/?s={search_term_string}\"},\"query-input\":{\"@type\":\"PropertyValueSpecification\",\"valueRequired\":true,\"valueName\":\"search_term_string\"}}],\"inLanguage\":\"pt-PT\"}]}<\/script>\n<!-- \/ Yoast SEO plugin. -->","yoast_head_json":{"title":"Precision Electric Bending Machine - Anhui Chensi Machinery Equipment Co., Ltd.","description":"Precision Electric Bending Machine ,superior precision and quieter operation for a sustainable workshop.Zero Hydraulics, Maximum Efficiency","robots":{"index":"index","follow":"follow","max-snippet":"max-snippet:-1","max-image-preview":"max-image-preview:large","max-video-preview":"max-video-preview:-1"},"canonical":"https:\/\/chenesme.com\/pt\/produto\/precision-electric-bending-machine\/","og_locale":"pt_PT","og_type":"article","og_title":"Precision Electric Bending Machine - Anhui Chensi Machinery Equipment Co., Ltd.","og_description":"Precision Electric Bending Machine ,superior precision and quieter operation for a sustainable workshop.Zero Hydraulics, Maximum Efficiency","og_url":"https:\/\/chenesme.com\/pt\/produto\/precision-electric-bending-machine\/","og_site_name":"Anhui Chensi Machinery Equipment Co., Ltd.","article_modified_time":"2025-10-27T09:02:48+00:00","og_image":[{"width":706,"height":708,"url":"https:\/\/chenesme.com\/wp-content\/uploads\/2025\/10\/electric-press-brake-3.png","type":"image\/png"}],"twitter_card":"summary_large_image","twitter_misc":{"Tempo estimado de leitura":"2 minutos"},"schema":{"@context":"https:\/\/schema.org","@graph":[{"@type":"WebPage","@id":"https:\/\/chenesme.com\/product\/precision-electric-bending-machine\/","url":"https:\/\/chenesme.com\/product\/precision-electric-bending-machine\/","name":"Precision Electric Bending Machine - Anhui Chensi Machinery Equipment Co., Ltd.","isPartOf":{"@id":"https:\/\/chenesme.com\/#website"},"primaryImageOfPage":{"@id":"https:\/\/chenesme.com\/product\/precision-electric-bending-machine\/#primaryimage"},"image":{"@id":"https:\/\/chenesme.com\/product\/precision-electric-bending-machine\/#primaryimage"},"thumbnailUrl":"https:\/\/chenesme.com\/wp-content\/uploads\/2025\/10\/electric-press-brake-3.png","datePublished":"2025-10-27T07:47:21+00:00","dateModified":"2025-10-27T09:02:48+00:00","description":"Precision Electric Bending Machine ,superior precision and quieter operation for a sustainable workshop.Zero Hydraulics, Maximum Efficiency","breadcrumb":{"@id":"https:\/\/chenesme.com\/product\/precision-electric-bending-machine\/#breadcrumb"},"inLanguage":"pt-PT","potentialAction":[{"@type":"ReadAction","target":["https:\/\/chenesme.com\/product\/precision-electric-bending-machine\/"]}]},{"@type":"ImageObject","inLanguage":"pt-PT","@id":"https:\/\/chenesme.com\/product\/precision-electric-bending-machine\/#primaryimage","url":"https:\/\/chenesme.com\/wp-content\/uploads\/2025\/10\/electric-press-brake-3.png","contentUrl":"https:\/\/chenesme.com\/wp-content\/uploads\/2025\/10\/electric-press-brake-3.png","width":706,"height":708},{"@type":"BreadcrumbList","@id":"https:\/\/chenesme.com\/product\/precision-electric-bending-machine\/#breadcrumb","itemListElement":[{"@type":"ListItem","position":1,"name":"Home","item":"https:\/\/chenesme.com\/"},{"@type":"ListItem","position":2,"name":"Product","item":"https:\/\/chenesme.com\/product\/"},{"@type":"ListItem","position":3,"name":"Precision Electric Bending Machine"}]},{"@type":"WebSite","@id":"https:\/\/chenesme.com\/#website","url":"https:\/\/chenesme.com\/","name":"Anhui Chensi Machinery Equipment Co., Ltd.","description":"Anhui Chensi Machinery Equipment Co., Ltd.","potentialAction":[{"@type":"SearchAction","target":{"@type":"EntryPoint","urlTemplate":"https:\/\/chenesme.com\/?s={search_term_string}"},"query-input":{"@type":"PropertyValueSpecification","valueRequired":true,"valueName":"search_term_string"}}],"inLanguage":"pt-PT"}]}},"_links":{"self":[{"href":"https:\/\/chenesme.com\/pt\/wp-json\/wp\/v2\/product\/1034","targetHints":{"allow":["GET"]}}],"collection":[{"href":"https:\/\/chenesme.com\/pt\/wp-json\/wp\/v2\/product"}],"about":[{"href":"https:\/\/chenesme.com\/pt\/wp-json\/wp\/v2\/types\/product"}],"version-history":[{"count":1,"href":"https:\/\/chenesme.com\/pt\/wp-json\/wp\/v2\/product\/1034\/revisions"}],"predecessor-version":[{"id":1046,"href":"https:\/\/chenesme.com\/pt\/wp-json\/wp\/v2\/product\/1034\/revisions\/1046"}],"wp:featuredmedia":[{"embeddable":true,"href":"https:\/\/chenesme.com\/pt\/wp-json\/wp\/v2\/media\/1044"}],"wp:attachment":[{"href":"https:\/\/chenesme.com\/pt\/wp-json\/wp\/v2\/media?parent=1034"}],"wp:term":[{"taxonomy":"product_brand","embeddable":true,"href":"https:\/\/chenesme.com\/pt\/wp-json\/wp\/v2\/product_brand?post=1034"},{"taxonomy":"product_cat","embeddable":true,"href":"https:\/\/chenesme.com\/pt\/wp-json\/wp\/v2\/product_cat?post=1034"},{"taxonomy":"product_tag","embeddable":true,"href":"https:\/\/chenesme.com\/pt\/wp-json\/wp\/v2\/product_tag?post=1034"}],"curies":[{"name":"wp","href":"https:\/\/api.w.org\/{rel}","templated":true}]}}