{"id":1037,"date":"2025-10-27T08:05:38","date_gmt":"2025-10-27T08:05:38","guid":{"rendered":"https:\/\/chenesme.com\/?post_type=product&#038;p=1037"},"modified":"2025-10-27T08:13:49","modified_gmt":"2025-10-27T08:13:49","slug":"4000mm-length-cnc-hydraulic-shearing-machine","status":"publish","type":"product","link":"https:\/\/chenesme.com\/pt\/produto\/4000mm-length-cnc-hydraulic-shearing-machine\/","title":{"rendered":"M\u00e1quina de corte hidr\u00e1ulica CNC de 4000 mm de comprimento"},"content":{"rendered":"<p><img fetchpriority=\"high\" decoding=\"async\" class=\"aligncenter wp-image-1038 size-full\" src=\"https:\/\/chenesme.com\/wp-content\/uploads\/2025\/10\/\u56fe7-1.jpg\" alt=\"QC11Y-6*3200\" width=\"800\" height=\"800\" srcset=\"https:\/\/chenesme.com\/wp-content\/uploads\/2025\/10\/\u56fe7-1.jpg 800w, https:\/\/chenesme.com\/wp-content\/uploads\/2025\/10\/\u56fe7-1-500x500.jpg 500w, https:\/\/chenesme.com\/wp-content\/uploads\/2025\/10\/\u56fe7-1-300x300.jpg 300w, https:\/\/chenesme.com\/wp-content\/uploads\/2025\/10\/\u56fe7-1-768x768.jpg 768w, https:\/\/chenesme.com\/wp-content\/uploads\/2025\/10\/\u56fe7-1-12x12.jpg 12w, https:\/\/chenesme.com\/wp-content\/uploads\/2025\/10\/\u56fe7-1-150x150.jpg 150w, https:\/\/chenesme.com\/wp-content\/uploads\/2025\/10\/\u56fe7-1-75x75.jpg 75w, https:\/\/chenesme.com\/wp-content\/uploads\/2025\/10\/\u56fe7-1-480x480.jpg 480w\" sizes=\"(max-width:767px) 480px, (max-width:800px) 100vw, 800px\" \/><\/p>\n<h4>Linha de corte CNC autom\u00e1tica com guilhotina oscilante para bobinas de chapa el\u00e9trica para transformadores e equipamentos especiais. Esta m\u00e1quina CTL \u00e9 destinada ao processamento de n\u00facleos de ferro de transformadores e reatores. Ela utiliza servomotores, um sistema de controle PLC de movimento autom\u00e1tico Delta para garantir precis\u00e3o no comprimento e uma interface homem-m\u00e1quina Delta de 5&quot; e 7&quot;. O operador pode facilmente inserir e corrigir par\u00e2metros atrav\u00e9s da tela sens\u00edvel ao toque. O n\u00facleo de ferro pode ser processado horizontal e verticalmente em sete etapas. A alimenta\u00e7\u00e3o utiliza um sistema de controle servo AC com posicionamento central.<\/h4>\n<p>&nbsp;<\/p>\n<p>&nbsp;<\/p>\n<p>&nbsp;<\/p>\n<p><img decoding=\"async\" class=\"aligncenter wp-image-1039 size-full\" src=\"https:\/\/chenesme.com\/wp-content\/uploads\/2025\/10\/DSC00881-scaled.jpg\" alt=\"\" width=\"2560\" height=\"1922\" srcset=\"https:\/\/chenesme.com\/wp-content\/uploads\/2025\/10\/DSC00881-scaled.jpg 2560w, https:\/\/chenesme.com\/wp-content\/uploads\/2025\/10\/DSC00881-500x375.jpg 500w, https:\/\/chenesme.com\/wp-content\/uploads\/2025\/10\/DSC00881-1200x901.jpg 1200w, https:\/\/chenesme.com\/wp-content\/uploads\/2025\/10\/DSC00881-300x225.jpg 300w, https:\/\/chenesme.com\/wp-content\/uploads\/2025\/10\/DSC00881-768x577.jpg 768w, https:\/\/chenesme.com\/wp-content\/uploads\/2025\/10\/DSC00881-1536x1153.jpg 1536w, https:\/\/chenesme.com\/wp-content\/uploads\/2025\/10\/DSC00881-2048x1538.jpg 2048w, https:\/\/chenesme.com\/wp-content\/uploads\/2025\/10\/DSC00881-16x12.jpg 16w, https:\/\/chenesme.com\/wp-content\/uploads\/2025\/10\/DSC00881-100x75.jpg 100w, https:\/\/chenesme.com\/wp-content\/uploads\/2025\/10\/DSC00881-960x720.jpg 960w, https:\/\/chenesme.com\/wp-content\/uploads\/2025\/10\/DSC00881-480x360.jpg 480w, https:\/\/chenesme.com\/wp-content\/uploads\/2025\/10\/DSC00881-800x601.jpg 800w\" sizes=\"(max-width:767px) 480px, (max-width:2560px) 100vw, 2560px\" \/><\/p>\n<h2 data-key=\"22\" data-slate-type=\"p\" data-style=\"{}\"><img decoding=\"async\" class=\"aligncenter size-full wp-image-993\" src=\"https:\/\/chenesme.com\/wp-content\/uploads\/2025\/10\/Dingtalk_20251027100853.jpg\" alt=\"\" width=\"646\" height=\"517\" srcset=\"https:\/\/chenesme.com\/wp-content\/uploads\/2025\/10\/Dingtalk_20251027100853.jpg 646w, https:\/\/chenesme.com\/wp-content\/uploads\/2025\/10\/Dingtalk_20251027100853-500x400.jpg 500w, https:\/\/chenesme.com\/wp-content\/uploads\/2025\/10\/Dingtalk_20251027100853-300x240.jpg 300w, https:\/\/chenesme.com\/wp-content\/uploads\/2025\/10\/Dingtalk_20251027100853-15x12.jpg 15w, https:\/\/chenesme.com\/wp-content\/uploads\/2025\/10\/Dingtalk_20251027100853-94x75.jpg 94w, https:\/\/chenesme.com\/wp-content\/uploads\/2025\/10\/Dingtalk_20251027100853-480x384.jpg 480w\" sizes=\"(max-width:767px) 480px, 646px\" \/><\/h2>\n<h2 data-key=\"22\" data-slate-type=\"p\" data-style=\"{}\"><span class=\"slate-node-text\" data-key=\"23\">Principais caracter\u00edsticas<\/span><\/h2>\n<h4 data-key=\"24\" data-slate-type=\"p\" data-style=\"{}\"><span class=\"slate-node-text\" data-key=\"25\"><span data-offset-key=\"25:0\">1. Estrutura soldada em chapa de a\u00e7o, transmiss\u00e3o hidr\u00e1ulica, retorno por cilindro de nitrog\u00eanio, opera\u00e7\u00e3o conveniente, desempenho confi\u00e1vel e apar\u00eancia elegante.<\/span><\/span><\/h4>\n<h4 data-key=\"26\" data-slate-type=\"p\" data-style=\"{}\"><span class=\"slate-node-text\" data-key=\"27\"><span data-offset-key=\"27:0\">2. Sinais de ajuste de borda, ajusta-se de forma leve e r\u00e1pida, transmiss\u00e3o continuamente vari\u00e1vel.<\/span><\/span><\/h4>\n<h4 data-key=\"28\" data-slate-type=\"p\" data-style=\"{}\"><span class=\"slate-node-text\" data-key=\"29\"><span data-offset-key=\"29:0\">3. Dispositivo de ilumina\u00e7\u00e3o na linha e ajuste continuamente vari\u00e1vel do itiner\u00e1rio do transportador superior.<\/span><\/span><\/h4>\n<h4 data-key=\"30\" data-slate-type=\"p\" data-style=\"{}\"><span class=\"slate-node-text\" data-key=\"31\"><span data-offset-key=\"31:0\">4. Dispositivo de prote\u00e7\u00e3o de seguran\u00e7a tipo cerca.<\/span><\/span><\/h4>\n<h4><\/h4>\n<p>&nbsp;<\/p>\n<p><img loading=\"lazy\" decoding=\"async\" class=\"aligncenter wp-image-992 size-full\" src=\"https:\/\/chenesme.com\/wp-content\/uploads\/2025\/10\/Dingtalk_20251027100822.jpg\" alt=\"\" width=\"664\" height=\"777\" srcset=\"https:\/\/chenesme.com\/wp-content\/uploads\/2025\/10\/Dingtalk_20251027100822.jpg 664w, https:\/\/chenesme.com\/wp-content\/uploads\/2025\/10\/Dingtalk_20251027100822-427x500.jpg 427w, https:\/\/chenesme.com\/wp-content\/uploads\/2025\/10\/Dingtalk_20251027100822-256x300.jpg 256w, https:\/\/chenesme.com\/wp-content\/uploads\/2025\/10\/Dingtalk_20251027100822-10x12.jpg 10w, https:\/\/chenesme.com\/wp-content\/uploads\/2025\/10\/Dingtalk_20251027100822-64x75.jpg 64w, https:\/\/chenesme.com\/wp-content\/uploads\/2025\/10\/Dingtalk_20251027100822-480x562.jpg 480w\" sizes=\"(max-width:767px) 480px, 664px\" \/><\/p>\n<h2 data-key=\"35\" data-slate-type=\"p\" data-style=\"{}\"><img loading=\"lazy\" decoding=\"async\" class=\"aligncenter size-full wp-image-990\" src=\"https:\/\/chenesme.com\/wp-content\/uploads\/2025\/10\/Dingtalk_20251027100454.jpg\" alt=\"\" width=\"860\" height=\"571\" srcset=\"https:\/\/chenesme.com\/wp-content\/uploads\/2025\/10\/Dingtalk_20251027100454.jpg 860w, https:\/\/chenesme.com\/wp-content\/uploads\/2025\/10\/Dingtalk_20251027100454-500x332.jpg 500w, https:\/\/chenesme.com\/wp-content\/uploads\/2025\/10\/Dingtalk_20251027100454-300x199.jpg 300w, https:\/\/chenesme.com\/wp-content\/uploads\/2025\/10\/Dingtalk_20251027100454-768x510.jpg 768w, https:\/\/chenesme.com\/wp-content\/uploads\/2025\/10\/Dingtalk_20251027100454-18x12.jpg 18w, https:\/\/chenesme.com\/wp-content\/uploads\/2025\/10\/Dingtalk_20251027100454-113x75.jpg 113w, https:\/\/chenesme.com\/wp-content\/uploads\/2025\/10\/Dingtalk_20251027100454-480x319.jpg 480w, https:\/\/chenesme.com\/wp-content\/uploads\/2025\/10\/Dingtalk_20251027100454-800x531.jpg 800w\" sizes=\"(max-width:767px) 480px, (max-width:860px) 100vw, 860px\" \/><\/h2>\n<h2 data-key=\"35\" data-slate-type=\"p\" data-style=\"{}\"><span class=\"slate-node-text\" data-key=\"36\"><span data-offset-key=\"36:0\"><strong data-slate-leaf=\"true\" data-slate-type=\"strong\">A configura\u00e7\u00e3o padr\u00e3o:<\/strong><\/span><\/span><\/h2>\n<h4 data-key=\"37\" data-slate-type=\"p\" data-style=\"{}\"><span class=\"slate-node-text\" data-key=\"38\"><span data-offset-key=\"38:0\">\u203b Cilindro de press\u00e3o com mola integrada<\/span><\/span><\/h4>\n<h4 data-key=\"39\" data-slate-type=\"p\" data-style=\"{}\"><span class=\"slate-node-text\" data-key=\"40\"><span data-offset-key=\"40:0\">\u203b Bancada de trabalho com esferas de a\u00e7o<\/span><\/span><\/h4>\n<h4 data-key=\"41\" data-slate-type=\"p\" data-style=\"{}\"><span class=\"slate-node-text\" data-key=\"42\"><span data-offset-key=\"42:0\">\u203b Bra\u00e7o de esquadrejamento e bra\u00e7os de suporte dianteiros<\/span><\/span><\/h4>\n<h4 data-key=\"43\" data-slate-type=\"p\" data-style=\"{}\"><span class=\"slate-node-text\" data-key=\"44\"><span data-offset-key=\"44:0\">\u203b Grupo de v\u00e1lvulas hidr\u00e1ulicas Bosch-Rexroth, Alemanha<\/span><\/span><\/h4>\n<h4 data-key=\"45\" data-slate-type=\"p\" data-style=\"{}\"><span class=\"slate-node-text\" data-key=\"46\"><span data-offset-key=\"46:0\">\u203b Conector de tubula\u00e7\u00e3o EMB da Alemanha<\/span><\/span><\/h4>\n<h4 data-key=\"47\" data-slate-type=\"p\" data-style=\"{}\"><span class=\"slate-node-text\" data-key=\"48\"><span data-offset-key=\"48:0\">\u203b Motor principal Siemens da Alemanha<\/span><\/span><\/h4>\n<h4 data-key=\"49\" data-slate-type=\"p\" data-style=\"{}\"><span class=\"slate-node-text\" data-key=\"50\"><span data-offset-key=\"50:0\">\u203b Fran\u00e7a Schneider Electrics<\/span><\/span><\/h4>\n<h4 data-key=\"51\" data-slate-type=\"p\" data-style=\"{}\"><span class=\"slate-node-text\" data-key=\"52\"><span data-offset-key=\"52:0\">\u203b Ajuste manual da folga da l\u00e2mina<\/span><\/span><\/h4>\n<h4 data-key=\"53\" data-slate-type=\"p\" data-style=\"{}\" data-slate-fragment=\"JTdCJTIyb2JqZWN0JTIyJTNBJTIyZG9jdW1lbnQlMjIlMkMlMjJkYXRhJTIyJTNBJTdCJTdEJTJDJTIybm9kZXMlMjIlM0ElNUIlN0IlMjJvYmplY3QlMjIlM0ElMjJibG9jayUyMiUyQyUyMnR5cGUlMjIlM0ElMjJwYXJhZ3JhcGglMjIlMkMlMjJpc1ZvaWQlMjIlM0FmYWxzZSUyQyUyMmRhdGElMjIlM0ElN0IlN0QlMkMlMjJub2RlcyUyMiUzQSU1QiU3QiUyMm9iamVjdCUyMiUzQSUyMnRleHQlMjIlMkMlMjJsZWF2ZXMlMjIlM0ElNUIlN0IlMjJvYmplY3QlMjIlM0ElMjJsZWFmJTIyJTJDJTIydGV4dCUyMiUzQSUyMlRoZSUyMHN0YW5kYXJkJTIwY29uZmlndXJhdGlvbiUzQSUyMiUyQyUyMm1hcmtzJTIyJTNBJTVCJTdCJTIyb2JqZWN0JTIyJTNBJTIybWFyayUyMiUyQyUyMnR5cGUlMjIlM0ElMjJDT01NT05TVFlMRSUyMiUyQyUyMmRhdGElMjIlM0ElN0IlMjJjb2xvciUyMiUzQSUyMnJnYigwJTJDJTIwMCUyQyUyMDApJTIyJTJDJTIyZm9udFNpemUlMjIlM0ElMjIyNHB4JTIyJTJDJTIyZm9udEZhbWlseSUyMiUzQSUyMk9wZW5TYW5zJTIyJTdEJTdEJTJDJTdCJTIyb2JqZWN0JTIyJTNBJTIybWFyayUyMiUyQyUyMnR5cGUlMjIlM0ElMjJCT0xEJTIyJTJDJTIyZGF0YSUyMiUzQSU3QiU3RCU3RCU1RCU3RCU1RCU3RCU1RCU3RCUyQyU3QiUyMm9iamVjdCUyMiUzQSUyMmJsb2NrJTIyJTJDJTIydHlwZSUyMiUzQSUyMnBhcmFncmFwaCUyMiUyQyUyMmlzVm9pZCUyMiUzQWZhbHNlJTJDJTIyZGF0YSUyMiUzQSU3QiU3RCUyQyUyMm5vZGVzJTIyJTNBJTVCJTdCJTIyb2JqZWN0JTIyJTNBJTIydGV4dCUyMiUyQyUyMmxlYXZlcyUyMiUzQSU1QiU3QiUyMm9iamVjdCUyMiUzQSUyMmxlYWYlMjIlMkMlMjJ0ZXh0JTIyJTNBJTIyJUUyJTgwJUJCJTIwQnVpbHQtJTIwaW4lMjBTcHJpbmclMjBQcmVzc3VyZSUyMEN5bGluZGVyJTIyJTJDJTIybWFya3MlMjIlM0ElNUIlN0IlMjJvYmplY3QlMjIlM0ElMjJtYXJrJTIyJTJDJTIydHlwZSUyMiUzQSUyMkNPTU1PTlNUWUxFJTIyJTJDJTIyZGF0YSUyMiUzQSU3QiUyMmNvbG9yJTIyJTNBJTIycmdiKDAlMkMlMjAwJTJDJTIwMCklMjIlMkMlMjJmb250U2l6ZSUyMiUzQSUyMjE4cHglMjIlMkMlMjJmb250RmFtaWx5JTIyJTNBJTIyT3BlblNhbnMlMjIlN0QlN0QlNUQlN0QlNUQlN0QlNUQlN0QlMkMlN0IlMjJvYmplY3QlMjIlM0ElMjJibG9jayUyMiUyQyUyMnR5cGUlMjIlM0ElMjJwYXJhZ3JhcGglMjIlMkMlMjJpc1ZvaWQlMjIlM0FmYWxzZSUyQyUyMmRhdGElMjIlM0ElN0IlN0QlMkMlMjJub2RlcyUyMiUzQSU1QiU3QiUyMm9iamVjdCUyMiUzQSUyMnRleHQlMjIlMkMlMjJsZWF2ZXMlMjIlM0ElNUIlN0IlMjJvYmplY3QlMjIlM0ElMjJsZWFmJTIyJTJDJTIydGV4dCUyMiUzQSUyMiVFMiU4MCVCQiUyMFdvcmtiZW5jaCUyMG9sbGluZyUyMFN0ZWVsJTIwQmFsbCUyMiUyQyUyMm1hcmtzJTIyJTNBJTVCJTdCJTIyb2JqZWN0JTIyJTNBJTIybWFyayUyMiUyQyUyMnR5cGUlMjIlM0ElMjJDT01NT05TVFlMRSUyMiUyQyUyMmRhdGElMjIlM0ElN0IlMjJjb2xvciUyMiUzQSUyMnJnYigwJTJDJTIwMCUyQyUyMDApJTIyJTJDJTIyZm9udFNpemUlMjIlM0ElMjIxOHB4JTIyJTJDJTIyZm9udEZhbWlseSUyMiUzQSUyMk9wZW5TYW5zJTIyJTdEJTdEJTVEJTdEJTVEJTdEJTVEJTdEJTJDJTdCJTIyb2JqZWN0JTIyJTNBJTIyYmxvY2slMjIlMkMlMjJ0eXBlJTIyJTNBJTIycGFyYWdyYXBoJTIyJTJDJTIyaXNWb2lkJTIyJTNBZmFsc2UlMkMlMjJkYXRhJTIyJTNBJTdCJTdEJTJDJTIybm9kZXMlMjIlM0ElNUIlN0IlMjJvYmplY3QlMjIlM0ElMjJ0ZXh0JTIyJTJDJTIybGVhdmVzJTIyJTNBJTVCJTdCJTIyb2JqZWN0JTIyJTNBJTIybGVhZiUyMiUyQyUyMnRleHQlMjIlM0ElMjIlRTIlODAlQkIlMjBTcXVhcmluZyUyMEFybSUyMGFuZCUyMEZyb250JTIwU3VwcG9ydCUyMEFybXMlMjIlMkMlMjJtYXJrcyUyMiUzQSU1QiU3QiUyMm9iamVjdCUyMiUzQSUyMm1hcmslMjIlMkMlMjJ0eXBlJTIyJTNBJTIyQ09NTU9OU1RZTEUlMjIlMkMlMjJkYXRhJTIyJTNBJTdCJTIyY29sb3IlMjIlM0ElMjJyZ2IoMCUyQyUyMDAlMkMlMjAwKSUyMiUyQyUyMmZvbnRTaXplJTIyJTNBJTIyMThweCUyMiUyQyUyMmZvbnRGYW1pbHklMjIlM0ElMjJPcGVuU2FucyUyMiU3RCU3RCU1RCU3RCU1RCU3RCU1RCU3RCUyQyU3QiUyMm9iamVjdCUyMiUzQSUyMmJsb2NrJTIyJTJDJTIydHlwZSUyMiUzQSUyMnBhcmFncmFwaCUyMiUyQyUyMmlzVm9pZCUyMiUzQWZhbHNlJTJDJTIyZGF0YSUyMiUzQSU3QiU3RCUyQyUyMm5vZGVzJTIyJTNBJTVCJTdCJTIyb2JqZWN0JTIyJTNBJTIydGV4dCUyMiUyQyUyMmxlYXZlcyUyMiUzQSU1QiU3QiUyMm9iamVjdCUyMiUzQSUyMmxlYWYlMjIlMkMlMjJ0ZXh0JTIyJTNBJTIyJUUyJTgwJUJCJTIwR2VybWFueSUyMEJvc2NoLSUyMFJleHJvdGglMjBIeWRyYXVsaWMlMjB2YWx2ZSUyMGdyb3VwJTIyJTJDJTIybWFya3MlMjIlM0ElNUIlN0IlMjJvYmplY3QlMjIlM0ElMjJtYXJrJTIyJTJDJTIydHlwZSUyMiUzQSUyMkNPTU1PTlNUWUxFJTIyJTJDJTIyZGF0YSUyMiUzQSU3QiUyMmNvbG9yJTIyJTNBJTIycmdiKDAlMkMlMjAwJTJDJTIwMCklMjIlMkMlMjJmb250U2l6ZSUyMiUzQSUyMjE4cHglMjIlMkMlMjJmb250RmFtaWx5JTIyJTNBJTIyT3BlblNhbnMlMjIlN0QlN0QlNUQlN0QlNUQlN0QlNUQlN0QlMkMlN0IlMjJvYmplY3QlMjIlM0ElMjJibG9jayUyMiUyQyUyMnR5cGUlMjIlM0ElMjJwYXJhZ3JhcGglMjIlMkMlMjJpc1ZvaWQlMjIlM0FmYWxzZSUyQyUyMmRhdGElMjIlM0ElN0IlN0QlMkMlMjJub2RlcyUyMiUzQSU1QiU3QiUyMm9iamVjdCUyMiUzQSUyMnRleHQlMjIlMkMlMjJsZWF2ZXMlMjIlM0ElNUIlN0IlMjJvYmplY3QlMjIlM0ElMjJsZWFmJTIyJTJDJTIydGV4dCUyMiUzQSUyMiVFMiU4MCVCQiUyMEdlcm1hbnklMjBFTUIlMjBUdWJpbmclMjBjb25uZWN0b3IlMjIlMkMlMjJtYXJrcyUyMiUzQSU1QiU3QiUyMm9iamVjdCUyMiUzQSUyMm1hcmslMjIlMkMlMjJ0eXBlJTIyJTNBJTIyQ09NTU9OU1RZTEUlMjIlMkMlMjJkYXRhJTIyJTNBJTdCJTIyY29sb3IlMjIlM0ElMjJyZ2IoMCUyQyUyMDAlMkMlMjAwKSUyMiUyQyUyMmZvbnRTaXplJTIyJTNBJTIyMThweCUyMiUyQyUyMmZvbnRGYW1pbHklMjIlM0ElMjJPcGVuU2FucyUyMiU3RCU3RCU1RCU3RCU1RCU3RCU1RCU3RCUyQyU3QiUyMm9iamVjdCUyMiUzQSUyMmJsb2NrJTIyJTJDJTIydHlwZSUyMiUzQSUyMnBhcmFncmFwaCUyMiUyQyUyMmlzVm9pZCUyMiUzQWZhbHNlJTJDJTIyZGF0YSUyMiUzQSU3QiU3RCUyQyUyMm5vZGVzJTIyJTNBJTVCJTdCJTIyb2JqZWN0JTIyJTNBJTIydGV4dCUyMiUyQyUyMmxlYXZlcyUyMiUzQSU1QiU3QiUyMm9iamVjdCUyMiUzQSUyMmxlYWYlMjIlMkMlMjJ0ZXh0JTIyJTNBJTIyJUUyJTgwJUJCJTIwR2VybWFueSUyMFNpZW1lbnMlMjBNYWluJTIwTW90b3IlMjIlMkMlMjJtYXJrcyUyMiUzQSU1QiU3QiUyMm9iamVjdCUyMiUzQSUyMm1hcmslMjIlMkMlMjJ0eXBlJTIyJTNBJTIyQ09NTU9OU1RZTEUlMjIlMkMlMjJkYXRhJTIyJTNBJTdCJTIyY29sb3IlMjIlM0ElMjJyZ2IoMCUyQyUyMDAlMkMlMjAwKSUyMiUyQyUyMmZvbnRTaXplJTIyJTNBJTIyMThweCUyMiUyQyUyMmZvbnRGYW1pbHklMjIlM0ElMjJPcGVuU2FucyUyMiU3RCU3RCU1RCU3RCU1RCU3RCU1RCU3RCUyQyU3QiUyMm9iamVjdCUyMiUzQSUyMmJsb2NrJTIyJTJDJTIydHlwZSUyMiUzQSUyMnBhcmFncmFwaCUyMiUyQyUyMmlzVm9pZCUyMiUzQWZhbHNlJTJDJTIyZGF0YSUyMiUzQSU3QiU3RCUyQyUyMm5vZGVzJTIyJTNBJTVCJTdCJTIyb2JqZWN0JTIyJTNBJTIydGV4dCUyMiUyQyUyMmxlYXZlcyUyMiUzQSU1QiU3QiUyMm9iamVjdCUyMiUzQSUyMmxlYWYlMjIlMkMlMjJ0ZXh0JTIyJTNBJTIyJUUyJTgwJUJCJTIwRnJhbmNlJTIwU2NobmVpZGVyJTIwRWxlY3RyaWNzJTIyJTJDJTIybWFya3MlMjIlM0ElNUIlN0IlMjJvYmplY3QlMjIlM0ElMjJtYXJrJTIyJTJDJTIydHlwZSUyMiUzQSUyMkNPTU1PTlNUWUxFJTIyJTJDJTIyZGF0YSUyMiUzQSU3QiUyMmNvbG9yJTIyJTNBJTIycmdiKDAlMkMlMjAwJTJDJTIwMCklMjIlMkMlMjJmb250U2l6ZSUyMiUzQSUyMjE4cHglMjIlMkMlMjJmb250RmFtaWx5JTIyJTNBJTIyT3BlblNhbnMlMjIlN0QlN0QlNUQlN0QlNUQlN0QlNUQlN0QlMkMlN0IlMjJvYmplY3QlMjIlM0ElMjJibG9jayUyMiUyQyUyMnR5cGUlMjIlM0ElMjJwYXJhZ3JhcGglMjIlMkMlMjJpc1ZvaWQlMjIlM0FmYWxzZSUyQyUyMmRhdGElMjIlM0ElN0IlN0QlMkMlMjJub2RlcyUyMiUzQSU1QiU3QiUyMm9iamVjdCUyMiUzQSUyMnRleHQlMjIlMkMlMjJsZWF2ZXMlMjIlM0ElNUIlN0IlMjJvYmplY3QlMjIlM0ElMjJsZWFmJTIyJTJDJTIydGV4dCUyMiUzQSUyMiVFMiU4MCVCQiUyME1hbnVhbCUyMEJsYWQlMjBjbGVhcmFuY2UlMjBhZGp1c3RtZW50JTIyJTJDJTIybWFya3MlMjIlM0ElNUIlN0IlMjJvYmplY3QlMjIlM0ElMjJtYXJrJTIyJTJDJTIydHlwZSUyMiUzQSUyMkNPTU1PTlNUWUxFJTIyJTJDJTIyZGF0YSUyMiUzQSU3QiUyMmNvbG9yJTIyJTNBJTIycmdiKDAlMkMlMjAwJTJDJTIwMCklMjIlMkMlMjJmb250U2l6ZSUyMiUzQSUyMjE4cHglMjIlMkMlMjJmb250RmFtaWx5JTIyJTNBJTIyT3BlblNhbnMlMjIlN0QlN0QlNUQlN0QlNUQlN0QlNUQlN0QlMkMlN0IlMjJvYmplY3QlMjIlM0ElMjJibG9jayUyMiUyQyUyMnR5cGUlMjIlM0ElMjJwYXJhZ3JhcGglMjIlMkMlMjJpc1ZvaWQlMjIlM0FmYWxzZSUyQyUyMmRhdGElMjIlM0ElN0IlN0QlMkMlMjJub2RlcyUyMiUzQSU1QiU3QiUyMm9iamVjdCUyMiUzQSUyMnRleHQlMjIlMkMlMjJsZWF2ZXMlMjIlM0ElNUIlN0IlMjJvYmplY3QlMjIlM0ElMjJsZWFmJTIyJTJDJTIydGV4dCUyMiUzQSUyMiVFMiU4MCVCQiUyME9uZSUyMHNldCUyMG9mJTIwZGlhbW9uZCUyMGJsYWRlJTIwKHVwcGVyJTIwYW5kJTIwbG93ZXIpJTIwbWF0ZXJpYWxzJTIwaXMlMjA2Q3JXMlNpJTIyJTJDJTIybWFya3MlMjIlM0ElNUIlN0IlMjJvYmplY3QlMjIlM0ElMjJtYXJrJTIyJTJDJTIydHlwZSUyMiUzQSUyMkNPTU1PTlNUWUxFJTIyJTJDJTIyZGF0YSUyMiUzQSU3QiUyMmNvbG9yJTIyJTNBJTIycmdiKDAlMkMlMjAwJTJDJTIwMCklMjIlMkMlMjJmb250U2l6ZSUyMiUzQSUyMjE4cHglMjIlMkMlMjJmb250RmFtaWx5JTIyJTNBJTIyT3BlblNhbnMlMjIlN0QlN0QlNUQlN0QlNUQlN0QlNUQlN0QlNUQlN0Q=\"><span class=\"slate-node-text\" data-key=\"54\"><span data-offset-key=\"54:0\">\u203b Um conjunto de l\u00e2minas diamantadas (superior e inferior) \u00e9 feito de a\u00e7o 6CrW2Si.<\/span><\/span><\/h4>","protected":false},"excerpt":{"rendered":"<p>A guilhotina hidr\u00e1ulica utiliza \u00f3leo hidr\u00e1ulico como fluido e um motor el\u00e9trico e uma bomba de \u00f3leo hidr\u00e1ulico como fonte de energia. Atrav\u00e9s do conjunto de v\u00e1lvulas, o cilindro de \u00f3leo \u00e9 acionado para fazer a guilhotina se mover para cima e para baixo para cisalhar o material. Isso garante que a guilhotina n\u00e3o fique sobrecarregada e cause danos \u00e0 m\u00e1quina-ferramenta. Seu \u00e2ngulo de cisalhamento pode ser ajustado, o que torna o efeito de cisalhamento melhor e mais suave.<\/p>","protected":false},"featured_media":1038,"template":"","meta":{"_joinchat":[]},"product_brand":[],"product_cat":[19],"product_tag":[],"class_list":{"0":"post-1037","1":"product","2":"type-product","3":"status-publish","4":"has-post-thumbnail","6":"product_cat-hydraulic-shearing-machine","8":"first","9":"instock","10":"shipping-taxable","11":"product-type-external"},"yoast_head":"<!-- This site is optimized with the Yoast SEO plugin v25.6 - https:\/\/yoast.com\/wordpress\/plugins\/seo\/ -->\n<title>4000mm length CNC hydraulic shearing machine - Anhui Chensi Machinery Equipment Co., Ltd.<\/title>\n<meta name=\"robots\" content=\"index, follow, max-snippet:-1, max-image-preview:large, max-video-preview:-1\" \/>\n<link rel=\"canonical\" href=\"https:\/\/chenesme.com\/pt\/produto\/4000mm-length-cnc-hydraulic-shearing-machine\/\" \/>\n<meta property=\"og:locale\" content=\"pt_PT\" \/>\n<meta property=\"og:type\" content=\"article\" \/>\n<meta property=\"og:title\" content=\"4000mm length CNC hydraulic shearing machine - Anhui Chensi Machinery Equipment Co., Ltd.\" \/>\n<meta property=\"og:description\" content=\"The hydraulic guillotine shearing machine uses hydraulic oil as a medium, and uses an electric motor and a hydraulic oil pump as a power source. Through the valve group, the oil cylinder is acted on to make the shearing machine move up and down to shear the material. This ensures that the shearing machine will not be overloaded and cause damage to the machine tool. Its shearing angle can be adjusted, which makes the shearing effect better and smoother.\" \/>\n<meta property=\"og:url\" content=\"https:\/\/chenesme.com\/pt\/produto\/4000mm-length-cnc-hydraulic-shearing-machine\/\" \/>\n<meta property=\"og:site_name\" content=\"Anhui Chensi Machinery Equipment Co., Ltd.\" \/>\n<meta property=\"article:modified_time\" content=\"2025-10-27T08:13:49+00:00\" \/>\n<meta property=\"og:image\" content=\"https:\/\/chenesme.com\/wp-content\/uploads\/2025\/10\/\u56fe7-1.jpg\" \/>\n\t<meta property=\"og:image:width\" content=\"800\" \/>\n\t<meta property=\"og:image:height\" content=\"800\" \/>\n\t<meta property=\"og:image:type\" content=\"image\/jpeg\" \/>\n<meta name=\"twitter:card\" content=\"summary_large_image\" \/>\n<meta name=\"twitter:label1\" content=\"Tempo estimado de leitura\" \/>\n\t<meta name=\"twitter:data1\" content=\"2 minutos\" \/>\n<script type=\"application\/ld+json\" class=\"yoast-schema-graph\">{\"@context\":\"https:\/\/schema.org\",\"@graph\":[{\"@type\":\"WebPage\",\"@id\":\"https:\/\/chenesme.com\/product\/4000mm-length-cnc-hydraulic-shearing-machine\/\",\"url\":\"https:\/\/chenesme.com\/product\/4000mm-length-cnc-hydraulic-shearing-machine\/\",\"name\":\"4000mm length CNC hydraulic shearing machine - Anhui Chensi Machinery Equipment Co., Ltd.\",\"isPartOf\":{\"@id\":\"https:\/\/chenesme.com\/#website\"},\"primaryImageOfPage\":{\"@id\":\"https:\/\/chenesme.com\/product\/4000mm-length-cnc-hydraulic-shearing-machine\/#primaryimage\"},\"image\":{\"@id\":\"https:\/\/chenesme.com\/product\/4000mm-length-cnc-hydraulic-shearing-machine\/#primaryimage\"},\"thumbnailUrl\":\"https:\/\/chenesme.com\/wp-content\/uploads\/2025\/10\/\u56fe7-1.jpg\",\"datePublished\":\"2025-10-27T08:05:38+00:00\",\"dateModified\":\"2025-10-27T08:13:49+00:00\",\"breadcrumb\":{\"@id\":\"https:\/\/chenesme.com\/product\/4000mm-length-cnc-hydraulic-shearing-machine\/#breadcrumb\"},\"inLanguage\":\"pt-PT\",\"potentialAction\":[{\"@type\":\"ReadAction\",\"target\":[\"https:\/\/chenesme.com\/product\/4000mm-length-cnc-hydraulic-shearing-machine\/\"]}]},{\"@type\":\"ImageObject\",\"inLanguage\":\"pt-PT\",\"@id\":\"https:\/\/chenesme.com\/product\/4000mm-length-cnc-hydraulic-shearing-machine\/#primaryimage\",\"url\":\"https:\/\/chenesme.com\/wp-content\/uploads\/2025\/10\/\u56fe7-1.jpg\",\"contentUrl\":\"https:\/\/chenesme.com\/wp-content\/uploads\/2025\/10\/\u56fe7-1.jpg\",\"width\":800,\"height\":800,\"caption\":\"QC11Y-6*3200\"},{\"@type\":\"BreadcrumbList\",\"@id\":\"https:\/\/chenesme.com\/product\/4000mm-length-cnc-hydraulic-shearing-machine\/#breadcrumb\",\"itemListElement\":[{\"@type\":\"ListItem\",\"position\":1,\"name\":\"Home\",\"item\":\"https:\/\/chenesme.com\/\"},{\"@type\":\"ListItem\",\"position\":2,\"name\":\"Product\",\"item\":\"https:\/\/chenesme.com\/product\/\"},{\"@type\":\"ListItem\",\"position\":3,\"name\":\"4000mm length CNC hydraulic shearing machine\"}]},{\"@type\":\"WebSite\",\"@id\":\"https:\/\/chenesme.com\/#website\",\"url\":\"https:\/\/chenesme.com\/\",\"name\":\"Anhui Chensi Machinery Equipment Co., Ltd.\",\"description\":\"Anhui Chensi Machinery Equipment Co., Ltd.\",\"potentialAction\":[{\"@type\":\"SearchAction\",\"target\":{\"@type\":\"EntryPoint\",\"urlTemplate\":\"https:\/\/chenesme.com\/?s={search_term_string}\"},\"query-input\":{\"@type\":\"PropertyValueSpecification\",\"valueRequired\":true,\"valueName\":\"search_term_string\"}}],\"inLanguage\":\"pt-PT\"}]}<\/script>\n<!-- \/ Yoast SEO plugin. -->","yoast_head_json":{"title":"4000mm length CNC hydraulic shearing machine - Anhui Chensi Machinery Equipment Co., Ltd.","robots":{"index":"index","follow":"follow","max-snippet":"max-snippet:-1","max-image-preview":"max-image-preview:large","max-video-preview":"max-video-preview:-1"},"canonical":"https:\/\/chenesme.com\/pt\/produto\/4000mm-length-cnc-hydraulic-shearing-machine\/","og_locale":"pt_PT","og_type":"article","og_title":"4000mm length CNC hydraulic shearing machine - Anhui Chensi Machinery Equipment Co., Ltd.","og_description":"The hydraulic guillotine shearing machine uses hydraulic oil as a medium, and uses an electric motor and a hydraulic oil pump as a power source. Through the valve group, the oil cylinder is acted on to make the shearing machine move up and down to shear the material. This ensures that the shearing machine will not be overloaded and cause damage to the machine tool. Its shearing angle can be adjusted, which makes the shearing effect better and smoother.","og_url":"https:\/\/chenesme.com\/pt\/produto\/4000mm-length-cnc-hydraulic-shearing-machine\/","og_site_name":"Anhui Chensi Machinery Equipment Co., Ltd.","article_modified_time":"2025-10-27T08:13:49+00:00","og_image":[{"width":800,"height":800,"url":"https:\/\/chenesme.com\/wp-content\/uploads\/2025\/10\/\u56fe7-1.jpg","type":"image\/jpeg"}],"twitter_card":"summary_large_image","twitter_misc":{"Tempo estimado de leitura":"2 minutos"},"schema":{"@context":"https:\/\/schema.org","@graph":[{"@type":"WebPage","@id":"https:\/\/chenesme.com\/product\/4000mm-length-cnc-hydraulic-shearing-machine\/","url":"https:\/\/chenesme.com\/product\/4000mm-length-cnc-hydraulic-shearing-machine\/","name":"4000mm length CNC hydraulic shearing machine - Anhui Chensi Machinery Equipment Co., Ltd.","isPartOf":{"@id":"https:\/\/chenesme.com\/#website"},"primaryImageOfPage":{"@id":"https:\/\/chenesme.com\/product\/4000mm-length-cnc-hydraulic-shearing-machine\/#primaryimage"},"image":{"@id":"https:\/\/chenesme.com\/product\/4000mm-length-cnc-hydraulic-shearing-machine\/#primaryimage"},"thumbnailUrl":"https:\/\/chenesme.com\/wp-content\/uploads\/2025\/10\/\u56fe7-1.jpg","datePublished":"2025-10-27T08:05:38+00:00","dateModified":"2025-10-27T08:13:49+00:00","breadcrumb":{"@id":"https:\/\/chenesme.com\/product\/4000mm-length-cnc-hydraulic-shearing-machine\/#breadcrumb"},"inLanguage":"pt-PT","potentialAction":[{"@type":"ReadAction","target":["https:\/\/chenesme.com\/product\/4000mm-length-cnc-hydraulic-shearing-machine\/"]}]},{"@type":"ImageObject","inLanguage":"pt-PT","@id":"https:\/\/chenesme.com\/product\/4000mm-length-cnc-hydraulic-shearing-machine\/#primaryimage","url":"https:\/\/chenesme.com\/wp-content\/uploads\/2025\/10\/\u56fe7-1.jpg","contentUrl":"https:\/\/chenesme.com\/wp-content\/uploads\/2025\/10\/\u56fe7-1.jpg","width":800,"height":800,"caption":"QC11Y-6*3200"},{"@type":"BreadcrumbList","@id":"https:\/\/chenesme.com\/product\/4000mm-length-cnc-hydraulic-shearing-machine\/#breadcrumb","itemListElement":[{"@type":"ListItem","position":1,"name":"Home","item":"https:\/\/chenesme.com\/"},{"@type":"ListItem","position":2,"name":"Product","item":"https:\/\/chenesme.com\/product\/"},{"@type":"ListItem","position":3,"name":"4000mm length CNC hydraulic shearing machine"}]},{"@type":"WebSite","@id":"https:\/\/chenesme.com\/#website","url":"https:\/\/chenesme.com\/","name":"Anhui Chensi Machinery Equipment Co., Ltd.","description":"Anhui Chensi Machinery Equipment Co., Ltd.","potentialAction":[{"@type":"SearchAction","target":{"@type":"EntryPoint","urlTemplate":"https:\/\/chenesme.com\/?s={search_term_string}"},"query-input":{"@type":"PropertyValueSpecification","valueRequired":true,"valueName":"search_term_string"}}],"inLanguage":"pt-PT"}]}},"_links":{"self":[{"href":"https:\/\/chenesme.com\/pt\/wp-json\/wp\/v2\/product\/1037","targetHints":{"allow":["GET"]}}],"collection":[{"href":"https:\/\/chenesme.com\/pt\/wp-json\/wp\/v2\/product"}],"about":[{"href":"https:\/\/chenesme.com\/pt\/wp-json\/wp\/v2\/types\/product"}],"version-history":[{"count":1,"href":"https:\/\/chenesme.com\/pt\/wp-json\/wp\/v2\/product\/1037\/revisions"}],"predecessor-version":[{"id":1043,"href":"https:\/\/chenesme.com\/pt\/wp-json\/wp\/v2\/product\/1037\/revisions\/1043"}],"wp:featuredmedia":[{"embeddable":true,"href":"https:\/\/chenesme.com\/pt\/wp-json\/wp\/v2\/media\/1038"}],"wp:attachment":[{"href":"https:\/\/chenesme.com\/pt\/wp-json\/wp\/v2\/media?parent=1037"}],"wp:term":[{"taxonomy":"product_brand","embeddable":true,"href":"https:\/\/chenesme.com\/pt\/wp-json\/wp\/v2\/product_brand?post=1037"},{"taxonomy":"product_cat","embeddable":true,"href":"https:\/\/chenesme.com\/pt\/wp-json\/wp\/v2\/product_cat?post=1037"},{"taxonomy":"product_tag","embeddable":true,"href":"https:\/\/chenesme.com\/pt\/wp-json\/wp\/v2\/product_tag?post=1037"}],"curies":[{"name":"wp","href":"https:\/\/api.w.org\/{rel}","templated":true}]}}