{"id":581,"date":"2025-10-13T09:28:19","date_gmt":"2025-10-13T09:28:19","guid":{"rendered":"https:\/\/chenesme.com\/?post_type=product&#038;p=581"},"modified":"2025-10-15T02:35:18","modified_gmt":"2025-10-15T02:35:18","slug":"fast-speed-fiber-laser-tube-cutting-machine-fiber-laser-cutting-machine-sheet-metal","status":"publish","type":"product","link":"https:\/\/chenesme.com\/pt\/produto\/fast-speed-fiber-laser-tube-cutting-machine-fiber-laser-cutting-machine-sheet-metal\/","title":{"rendered":"M\u00e1quina de corte de tubos a laser de fibra de alta velocidade\/m\u00e1quina de corte a laser de fibra de chapa met\u00e1lica"},"content":{"rendered":"<h2><img fetchpriority=\"high\" decoding=\"async\" class=\"aligncenter wp-image-585 size-full\" src=\"https:\/\/chenesme.com\/wp-content\/uploads\/2025\/10\/\u672a\u6807\u9898-1.jpg\" alt=\"\" width=\"800\" height=\"800\" srcset=\"https:\/\/chenesme.com\/wp-content\/uploads\/2025\/10\/\u672a\u6807\u9898-1.jpg 800w, https:\/\/chenesme.com\/wp-content\/uploads\/2025\/10\/\u672a\u6807\u9898-1-500x500.jpg 500w, https:\/\/chenesme.com\/wp-content\/uploads\/2025\/10\/\u672a\u6807\u9898-1-300x300.jpg 300w, https:\/\/chenesme.com\/wp-content\/uploads\/2025\/10\/\u672a\u6807\u9898-1-768x768.jpg 768w, https:\/\/chenesme.com\/wp-content\/uploads\/2025\/10\/\u672a\u6807\u9898-1-12x12.jpg 12w, https:\/\/chenesme.com\/wp-content\/uploads\/2025\/10\/\u672a\u6807\u9898-1-150x150.jpg 150w, https:\/\/chenesme.com\/wp-content\/uploads\/2025\/10\/\u672a\u6807\u9898-1-75x75.jpg 75w, https:\/\/chenesme.com\/wp-content\/uploads\/2025\/10\/\u672a\u6807\u9898-1-480x480.jpg 480w\" sizes=\"(max-width:767px) 480px, (max-width:800px) 100vw, 800px\" \/><strong>Descri\u00e7\u00e3o do produto<\/strong><\/h2>\n<p>Amplamente utilizado em avia\u00e7\u00e3o, aeroespacial, armamentos, navios, autom\u00f3veis, petroqu\u00edmica, medicina, pe\u00e7as mec\u00e2nicas e medidores el\u00e9tricos.<br \/>\npe\u00e7as, l\u00e2minas de serra, pastilhas de mola, ferragens, volume de corte de facas, estruturas de chapa met\u00e1lica, produ\u00e7\u00e3o de pain\u00e9is el\u00e9tricos de alta e baixa tens\u00e3o,<br \/>\nProdu\u00e7\u00e3o de placas publicit\u00e1rias, artesanato em metal, utens\u00edlios de cozinha, decora\u00e7\u00e3o e outras ind\u00fastrias.<\/p>\n<p><img decoding=\"async\" class=\"aligncenter size-full wp-image-587\" src=\"https:\/\/chenesme.com\/wp-content\/uploads\/2025\/10\/IMG_20200327_151849-scaled.jpg\" alt=\"\" width=\"2560\" height=\"1920\" srcset=\"https:\/\/chenesme.com\/wp-content\/uploads\/2025\/10\/IMG_20200327_151849-scaled.jpg 2560w, https:\/\/chenesme.com\/wp-content\/uploads\/2025\/10\/IMG_20200327_151849-500x375.jpg 500w, https:\/\/chenesme.com\/wp-content\/uploads\/2025\/10\/IMG_20200327_151849-1200x900.jpg 1200w, https:\/\/chenesme.com\/wp-content\/uploads\/2025\/10\/IMG_20200327_151849-300x225.jpg 300w, https:\/\/chenesme.com\/wp-content\/uploads\/2025\/10\/IMG_20200327_151849-768x576.jpg 768w, https:\/\/chenesme.com\/wp-content\/uploads\/2025\/10\/IMG_20200327_151849-1536x1152.jpg 1536w, https:\/\/chenesme.com\/wp-content\/uploads\/2025\/10\/IMG_20200327_151849-2048x1536.jpg 2048w, https:\/\/chenesme.com\/wp-content\/uploads\/2025\/10\/IMG_20200327_151849-16x12.jpg 16w, https:\/\/chenesme.com\/wp-content\/uploads\/2025\/10\/IMG_20200327_151849-100x75.jpg 100w, https:\/\/chenesme.com\/wp-content\/uploads\/2025\/10\/IMG_20200327_151849-960x720.jpg 960w, https:\/\/chenesme.com\/wp-content\/uploads\/2025\/10\/IMG_20200327_151849-480x360.jpg 480w, https:\/\/chenesme.com\/wp-content\/uploads\/2025\/10\/IMG_20200327_151849-800x600.jpg 800w\" sizes=\"(max-width:767px) 480px, (max-width:2560px) 100vw, 2560px\" \/><\/p>\n<h2><strong>Par\u00e2metros do produto<\/strong><\/h2>\n<h2><img decoding=\"async\" class=\"aligncenter wp-image-588\" src=\"https:\/\/chenesme.com\/wp-content\/uploads\/2025\/10\/Se3c3be6a458b4981937e8ae03d3a5f1af.jpg\" alt=\"\" width=\"1587\" height=\"2245\" srcset=\"https:\/\/chenesme.com\/wp-content\/uploads\/2025\/10\/Se3c3be6a458b4981937e8ae03d3a5f1af.jpg 1587w, https:\/\/chenesme.com\/wp-content\/uploads\/2025\/10\/Se3c3be6a458b4981937e8ae03d3a5f1af-353x500.jpg 353w, https:\/\/chenesme.com\/wp-content\/uploads\/2025\/10\/Se3c3be6a458b4981937e8ae03d3a5f1af-848x1200.jpg 848w, https:\/\/chenesme.com\/wp-content\/uploads\/2025\/10\/Se3c3be6a458b4981937e8ae03d3a5f1af-212x300.jpg 212w, https:\/\/chenesme.com\/wp-content\/uploads\/2025\/10\/Se3c3be6a458b4981937e8ae03d3a5f1af-768x1086.jpg 768w, https:\/\/chenesme.com\/wp-content\/uploads\/2025\/10\/Se3c3be6a458b4981937e8ae03d3a5f1af-1086x1536.jpg 1086w, https:\/\/chenesme.com\/wp-content\/uploads\/2025\/10\/Se3c3be6a458b4981937e8ae03d3a5f1af-1448x2048.jpg 1448w, https:\/\/chenesme.com\/wp-content\/uploads\/2025\/10\/Se3c3be6a458b4981937e8ae03d3a5f1af-8x12.jpg 8w, https:\/\/chenesme.com\/wp-content\/uploads\/2025\/10\/Se3c3be6a458b4981937e8ae03d3a5f1af-53x75.jpg 53w, https:\/\/chenesme.com\/wp-content\/uploads\/2025\/10\/Se3c3be6a458b4981937e8ae03d3a5f1af-480x679.jpg 480w, https:\/\/chenesme.com\/wp-content\/uploads\/2025\/10\/Se3c3be6a458b4981937e8ae03d3a5f1af-800x1132.jpg 800w\" sizes=\"(max-width:767px) 480px, (max-width:1587px) 100vw, 1587px\" \/><strong><img loading=\"lazy\" decoding=\"async\" class=\"aligncenter size-full wp-image-596\" src=\"https:\/\/chenesme.com\/wp-content\/uploads\/2025\/10\/H31ea201336464f6eb4e0050a504768cdm1.jpg\" alt=\"\" width=\"800\" height=\"1347\" srcset=\"https:\/\/chenesme.com\/wp-content\/uploads\/2025\/10\/H31ea201336464f6eb4e0050a504768cdm1.jpg 800w, https:\/\/chenesme.com\/wp-content\/uploads\/2025\/10\/H31ea201336464f6eb4e0050a504768cdm1-297x500.jpg 297w, https:\/\/chenesme.com\/wp-content\/uploads\/2025\/10\/H31ea201336464f6eb4e0050a504768cdm1-713x1200.jpg 713w, https:\/\/chenesme.com\/wp-content\/uploads\/2025\/10\/H31ea201336464f6eb4e0050a504768cdm1-178x300.jpg 178w, https:\/\/chenesme.com\/wp-content\/uploads\/2025\/10\/H31ea201336464f6eb4e0050a504768cdm1-768x1293.jpg 768w, https:\/\/chenesme.com\/wp-content\/uploads\/2025\/10\/H31ea201336464f6eb4e0050a504768cdm1-7x12.jpg 7w, https:\/\/chenesme.com\/wp-content\/uploads\/2025\/10\/H31ea201336464f6eb4e0050a504768cdm1-45x75.jpg 45w, https:\/\/chenesme.com\/wp-content\/uploads\/2025\/10\/H31ea201336464f6eb4e0050a504768cdm1-480x808.jpg 480w\" sizes=\"(max-width:767px) 480px, (max-width:800px) 100vw, 800px\" \/><\/strong><\/h2>\n<p data-key=\"6\" data-slate-type=\"p\" data-style=\"{}\"><span class=\"slate-node-text\" data-key=\"7\"><span data-offset-key=\"7:0\">\u25cf Excelente qualidade do feixe: ponto focal menor, linhas de corte mais finas, maior efici\u00eancia de trabalho e melhor qualidade de processamento;<\/span><\/span><\/p>\n<p data-key=\"8\" data-slate-type=\"p\" data-style=\"{}\"><span class=\"slate-node-text\" data-key=\"9\"><span data-offset-key=\"9:0\">\u25cf Velocidade de corte extremamente alta: o dobro da velocidade de uma m\u00e1quina de corte a laser de CO2 com a mesma pot\u00eancia;<\/span><\/span><\/p>\n<p data-key=\"10\" data-slate-type=\"p\" data-style=\"{}\"><span class=\"slate-node-text\" data-key=\"11\"><span data-offset-key=\"11:0\">\u25cf Estabilidade extremamente alta: Os lasers de fibra importados de todo o mundo s\u00e3o utilizados para garantir desempenho est\u00e1vel e longa vida \u00fatil dos componentes principais.<\/span><\/span><\/p>\n<p data-key=\"12\" data-slate-type=\"p\" data-style=\"{}\"><span class=\"slate-node-text\" data-key=\"13\"><span data-offset-key=\"13:0\">Os componentes podem atingir 100.000 horas;<\/span><\/span><\/p>\n<p data-key=\"14\" data-slate-type=\"p\" data-style=\"{}\"><span class=\"slate-node-text\" data-key=\"15\"><span data-offset-key=\"15:0\">\u25cf Alta efici\u00eancia de convers\u00e3o eletro-\u00f3ptica: A m\u00e1quina de corte a laser de fibra possui efici\u00eancia de convers\u00e3o \u00f3ptica 3 vezes maior.<\/span><\/span><\/p>\n<p data-key=\"16\" data-slate-type=\"p\" data-style=\"{}\" data-slate-fragment=\"JTdCJTIyb2JqZWN0JTIyJTNBJTIyZG9jdW1lbnQlMjIlMkMlMjJkYXRhJTIyJTNBJTdCJTdEJTJDJTIybm9kZXMlMjIlM0ElNUIlN0IlMjJvYmplY3QlMjIlM0ElMjJibG9jayUyMiUyQyUyMnR5cGUlMjIlM0ElMjJwYXJhZ3JhcGglMjIlMkMlMjJpc1ZvaWQlMjIlM0FmYWxzZSUyQyUyMmRhdGElMjIlM0ElN0IlN0QlMkMlMjJub2RlcyUyMiUzQSU1QiU3QiUyMm9iamVjdCUyMiUzQSUyMnRleHQlMjIlMkMlMjJsZWF2ZXMlMjIlM0ElNUIlN0IlMjJvYmplY3QlMjIlM0ElMjJsZWFmJTIyJTJDJTIydGV4dCUyMiUzQSUyMiVFMiU5NyU4RiUyMEV4Y2VsbGVudCUyMGJlYW0lMjBxdWFsaXR5JTNBJTIwc21hbGxlciUyMGZvY3VzJTIwc3BvdCUyQyUyMGZpbmVyJTIwY3V0dGluZyUyMGxpbmVzJTJDJTIwaGlnaGVyJTIwd29yayUyMGVmZmljaWVuY3klMjBhbmQlMjBiZXR0ZXIlMjBwcm9jZXNzaW5nJTIwcXVhbGl0eSUzQiUyMiUyQyUyMm1hcmtzJTIyJTNBJTVCJTdCJTIyb2JqZWN0JTIyJTNBJTIybWFyayUyMiUyQyUyMnR5cGUlMjIlM0ElMjJDT01NT05TVFlMRSUyMiUyQyUyMmRhdGElMjIlM0ElN0IlMjJmb250U2l6ZSUyMiUzQSUyMjIycHglMjIlN0QlN0QlNUQlN0QlNUQlN0QlNUQlN0QlMkMlN0IlMjJvYmplY3QlMjIlM0ElMjJibG9jayUyMiUyQyUyMnR5cGUlMjIlM0ElMjJwYXJhZ3JhcGglMjIlMkMlMjJpc1ZvaWQlMjIlM0FmYWxzZSUyQyUyMmRhdGElMjIlM0ElN0IlN0QlMkMlMjJub2RlcyUyMiUzQSU1QiU3QiUyMm9iamVjdCUyMiUzQSUyMnRleHQlMjIlMkMlMjJsZWF2ZXMlMjIlM0ElNUIlN0IlMjJvYmplY3QlMjIlM0ElMjJsZWFmJTIyJTJDJTIydGV4dCUyMiUzQSUyMiVFMiU5NyU4RiUyMEV4dHJlbWVseSUyMGhpZ2glMjBjdXR0aW5nJTIwc3BlZWQlM0ElMjB0d2ljZSUyMHRoYXQlMjBvZiUyMHRoZSUyMENPMiUyMGxhc2VyJTIwY3V0dGluZyUyMG1hY2hpbmUlMjB3aXRoJTIwdGhlJTIwc2FtZSUyMHBvd2VyJTNCJTIyJTJDJTIybWFya3MlMjIlM0ElNUIlN0IlMjJvYmplY3QlMjIlM0ElMjJtYXJrJTIyJTJDJTIydHlwZSUyMiUzQSUyMkNPTU1PTlNUWUxFJTIyJTJDJTIyZGF0YSUyMiUzQSU3QiUyMmZvbnRTaXplJTIyJTNBJTIyMjJweCUyMiU3RCU3RCU1RCU3RCU1RCU3RCU1RCU3RCUyQyU3QiUyMm9iamVjdCUyMiUzQSUyMmJsb2NrJTIyJTJDJTIydHlwZSUyMiUzQSUyMnBhcmFncmFwaCUyMiUyQyUyMmlzVm9pZCUyMiUzQWZhbHNlJTJDJTIyZGF0YSUyMiUzQSU3QiU3RCUyQyUyMm5vZGVzJTIyJTNBJTVCJTdCJTIyb2JqZWN0JTIyJTNBJTIydGV4dCUyMiUyQyUyMmxlYXZlcyUyMiUzQSU1QiU3QiUyMm9iamVjdCUyMiUzQSUyMmxlYWYlMjIlMkMlMjJ0ZXh0JTIyJTNBJTIyJUUyJTk3JThGJTIwRXh0cmVtZWx5JTIwaGlnaCUyMHN0YWJpbGl0eSUzQSUyMFRoZSUyMGZpYmVyJTIwbGFzZXJzJTIwaW1wb3J0ZWQlMjBmcm9tJTIwdGhlJTIwd29ybGQlMjBhcmUlMjB1c2VkJTIwZm9yJTIwc3RhYmxlJTIwcGVyZm9ybWFuY2UlMjBhbmQlMjB0aGUlMjBzZXJ2aWNlJTIwbGlmZSUyMG9mJTIwa2V5JTIyJTJDJTIybWFya3MlMjIlM0ElNUIlN0IlMjJvYmplY3QlMjIlM0ElMjJtYXJrJTIyJTJDJTIydHlwZSUyMiUzQSUyMkNPTU1PTlNUWUxFJTIyJTJDJTIyZGF0YSUyMiUzQSU3QiUyMmZvbnRTaXplJTIyJTNBJTIyMjJweCUyMiU3RCU3RCU1RCU3RCU1RCU3RCU1RCU3RCUyQyU3QiUyMm9iamVjdCUyMiUzQSUyMmJsb2NrJTIyJTJDJTIydHlwZSUyMiUzQSUyMnBhcmFncmFwaCUyMiUyQyUyMmlzVm9pZCUyMiUzQWZhbHNlJTJDJTIyZGF0YSUyMiUzQSU3QiU3RCUyQyUyMm5vZGVzJTIyJTNBJTVCJTdCJTIyb2JqZWN0JTIyJTNBJTIydGV4dCUyMiUyQyUyMmxlYXZlcyUyMiUzQSU1QiU3QiUyMm9iamVjdCUyMiUzQSUyMmxlYWYlMjIlMkMlMjJ0ZXh0JTIyJTNBJTIyY29tcG9uZW50cyUyMGNhbiUyMHJlYWNoJTIwMTAwJTJDMDAwJTIwaG91cnMlM0IlMjIlMkMlMjJtYXJrcyUyMiUzQSU1QiU3QiUyMm9iamVjdCUyMiUzQSUyMm1hcmslMjIlMkMlMjJ0eXBlJTIyJTNBJTIyQ09NTU9OU1RZTEUlMjIlMkMlMjJkYXRhJTIyJTNBJTdCJTIyZm9udFNpemUlMjIlM0ElMjIyMnB4JTIyJTdEJTdEJTVEJTdEJTVEJTdEJTVEJTdEJTJDJTdCJTIyb2JqZWN0JTIyJTNBJTIyYmxvY2slMjIlMkMlMjJ0eXBlJTIyJTNBJTIycGFyYWdyYXBoJTIyJTJDJTIyaXNWb2lkJTIyJTNBZmFsc2UlMkMlMjJkYXRhJTIyJTNBJTdCJTdEJTJDJTIybm9kZXMlMjIlM0ElNUIlN0IlMjJvYmplY3QlMjIlM0ElMjJ0ZXh0JTIyJTJDJTIybGVhdmVzJTIyJTNBJTVCJTdCJTIyb2JqZWN0JTIyJTNBJTIybGVhZiUyMiUyQyUyMnRleHQlMjIlM0ElMjIlRTIlOTclOEYlMjBIaWdoJTIwZWxlY3Ryby1vcHRpY2FsJTIwY29udmVyc2lvbiUyMGVmZmljaWVuY3klM0ElMjBUaGUlMjBmaWJlciUyMGxhc2VyJTIwY3V0dGluZyUyMG1hY2hpbmUlMjBoYXMlMjAzJTIwdGltZXMlMjBoaWdoZXIlMjBvcHRpY2FsJTIwY29udmVyc2lvbiUyMGVmZmljaWVuY3klMjIlMkMlMjJtYXJrcyUyMiUzQSU1QiU3QiUyMm9iamVjdCUyMiUzQSUyMm1hcmslMjIlMkMlMjJ0eXBlJTIyJTNBJTIyQ09NTU9OU1RZTEUlMjIlMkMlMjJkYXRhJTIyJTNBJTdCJTIyZm9udFNpemUlMjIlM0ElMjIyMnB4JTIyJTdEJTdEJTVEJTdEJTVEJTdEJTVEJTdEJTJDJTdCJTIyb2JqZWN0JTIyJTNBJTIyYmxvY2slMjIlMkMlMjJ0eXBlJTIyJTNBJTIycGFyYWdyYXBoJTIyJTJDJTIyaXNWb2lkJTIyJTNBZmFsc2UlMkMlMjJkYXRhJTIyJTNBJTdCJTdEJTJDJTIybm9kZXMlMjIlM0ElNUIlN0IlMjJvYmplY3QlMjIlM0ElMjJ0ZXh0JTIyJTJDJTIybGVhdmVzJTIyJTNBJTVCJTdCJTIyb2JqZWN0JTIyJTNBJTIybGVhZiUyMiUyQyUyMnRleHQlMjIlM0ElMjJ0aGFuJTIwdGhlJTIwQ08yJTIwbGFzZXIlMjBjdXR0aW5nJTIwZWxlY3Ryb21lY2hhbmljYWwlMkMlMjB3aGljaCUyMGlzJTIwZW5lcmd5JTIwc2F2aW5nJTIwYW5kJTIwZW52aXJvbm1lbnRhbCUyMHByb3RlY3Rpb24lM0IlMjIlMkMlMjJtYXJrcyUyMiUzQSU1QiU3QiUyMm9iamVjdCUyMiUzQSUyMm1hcmslMjIlMkMlMjJ0eXBlJTIyJTNBJTIyQ09NTU9OU1RZTEUlMjIlMkMlMjJkYXRhJTIyJTNBJTdCJTIyZm9udFNpemUlMjIlM0ElMjIyMnB4JTIyJTdEJTdEJTVEJTdEJTVEJTdEJTVEJTdEJTVEJTdE\"><span class=\"slate-node-text\" data-key=\"17\"><span data-offset-key=\"17:0\">do que o corte eletromec\u00e2nico a laser de CO2, que economiza energia e protege o meio ambiente;<\/span><\/span><\/p>\n<h2><\/h2>\n<h2><strong>Certificados<\/strong><\/h2>\n<h2><strong><img loading=\"lazy\" decoding=\"async\" class=\"aligncenter size-full wp-image-597\" src=\"https:\/\/chenesme.com\/wp-content\/uploads\/2025\/10\/Sdc15a09ece904d2fae110037adcde396v1.jpg\" alt=\"\" width=\"780\" height=\"1103\" srcset=\"https:\/\/chenesme.com\/wp-content\/uploads\/2025\/10\/Sdc15a09ece904d2fae110037adcde396v1.jpg 780w, https:\/\/chenesme.com\/wp-content\/uploads\/2025\/10\/Sdc15a09ece904d2fae110037adcde396v1-354x500.jpg 354w, https:\/\/chenesme.com\/wp-content\/uploads\/2025\/10\/Sdc15a09ece904d2fae110037adcde396v1-212x300.jpg 212w, https:\/\/chenesme.com\/wp-content\/uploads\/2025\/10\/Sdc15a09ece904d2fae110037adcde396v1-768x1086.jpg 768w, https:\/\/chenesme.com\/wp-content\/uploads\/2025\/10\/Sdc15a09ece904d2fae110037adcde396v1-8x12.jpg 8w, https:\/\/chenesme.com\/wp-content\/uploads\/2025\/10\/Sdc15a09ece904d2fae110037adcde396v1-53x75.jpg 53w, https:\/\/chenesme.com\/wp-content\/uploads\/2025\/10\/Sdc15a09ece904d2fae110037adcde396v1-480x679.jpg 480w\" sizes=\"(max-width:767px) 480px, (max-width:780px) 100vw, 780px\" \/>Vitrine da F\u00e1brica<\/strong><\/h2>\n<p>&nbsp;<\/p>\n<p><img loading=\"lazy\" decoding=\"async\" class=\"aligncenter wp-image-592 size-full\" src=\"https:\/\/chenesme.com\/wp-content\/uploads\/2025\/10\/Sec481893fa92487cb10fe5d3be016bb05.jpg\" alt=\"\" width=\"1200\" height=\"1200\" srcset=\"https:\/\/chenesme.com\/wp-content\/uploads\/2025\/10\/Sec481893fa92487cb10fe5d3be016bb05.jpg 1200w, https:\/\/chenesme.com\/wp-content\/uploads\/2025\/10\/Sec481893fa92487cb10fe5d3be016bb05-500x500.jpg 500w, https:\/\/chenesme.com\/wp-content\/uploads\/2025\/10\/Sec481893fa92487cb10fe5d3be016bb05-300x300.jpg 300w, https:\/\/chenesme.com\/wp-content\/uploads\/2025\/10\/Sec481893fa92487cb10fe5d3be016bb05-768x768.jpg 768w, https:\/\/chenesme.com\/wp-content\/uploads\/2025\/10\/Sec481893fa92487cb10fe5d3be016bb05-12x12.jpg 12w, https:\/\/chenesme.com\/wp-content\/uploads\/2025\/10\/Sec481893fa92487cb10fe5d3be016bb05-150x150.jpg 150w, https:\/\/chenesme.com\/wp-content\/uploads\/2025\/10\/Sec481893fa92487cb10fe5d3be016bb05-75x75.jpg 75w, https:\/\/chenesme.com\/wp-content\/uploads\/2025\/10\/Sec481893fa92487cb10fe5d3be016bb05-480x480.jpg 480w, https:\/\/chenesme.com\/wp-content\/uploads\/2025\/10\/Sec481893fa92487cb10fe5d3be016bb05-800x800.jpg 800w\" sizes=\"(max-width:767px) 480px, (max-width:1200px) 100vw, 1200px\" \/><\/p>","protected":false},"excerpt":{"rendered":"<p>As m\u00e1quinas de corte a laser s\u00e3o geralmente compostas por um gerador de laser, um sistema de movimento CNC, uma cabe\u00e7a de corte, uma mesa de opera\u00e7\u00e3o, uma fonte de ar, uma fonte de \u00e1gua e um sistema de extra\u00e7\u00e3o de fumos. Seus m\u00e9todos de processamento s\u00e3o caracterizados por alta precis\u00e3o e baixos custos de processamento. Tamb\u00e9m se caracterizam pela opera\u00e7\u00e3o simples e baixa margem de erro.<\/p>","protected":false},"featured_media":585,"template":"","meta":{"_joinchat":[]},"product_brand":[],"product_cat":[20],"product_tag":[],"class_list":{"0":"post-581","1":"product","2":"type-product","3":"status-publish","4":"has-post-thumbnail","6":"product_cat-laser-cutting-machine","8":"first","9":"instock","10":"shipping-taxable","11":"product-type-external"},"yoast_head":"<!-- This site is optimized with the Yoast SEO plugin v25.6 - https:\/\/yoast.com\/wordpress\/plugins\/seo\/ -->\n<title>Fast Speed Fiber Laser Tube Cutting Machine\/Fiber Laser Cutting Machine Sheet Metal - Anhui Chensi Machinery Equipment Co., Ltd.<\/title>\n<meta name=\"robots\" content=\"index, follow, max-snippet:-1, max-image-preview:large, max-video-preview:-1\" \/>\n<link rel=\"canonical\" href=\"https:\/\/chenesme.com\/pt\/produto\/fast-speed-fiber-laser-tube-cutting-machine-fiber-laser-cutting-machine-sheet-metal\/\" \/>\n<meta property=\"og:locale\" content=\"pt_PT\" \/>\n<meta property=\"og:type\" content=\"article\" \/>\n<meta property=\"og:title\" content=\"Fast Speed Fiber Laser Tube Cutting Machine\/Fiber Laser Cutting Machine Sheet Metal - Anhui Chensi Machinery Equipment Co., Ltd.\" \/>\n<meta property=\"og:description\" content=\"Laser cutting machines are generally composed of a laser generator, a CNC motion system, a cutting head, an operating table, an air source, a water source, and a fume extraction system. Their processing methods are characterized by high precision and low processing costs. They are also characterized by simple operation and small errors.\" \/>\n<meta property=\"og:url\" content=\"https:\/\/chenesme.com\/pt\/produto\/fast-speed-fiber-laser-tube-cutting-machine-fiber-laser-cutting-machine-sheet-metal\/\" \/>\n<meta property=\"og:site_name\" content=\"Anhui Chensi Machinery Equipment Co., Ltd.\" \/>\n<meta property=\"article:modified_time\" content=\"2025-10-15T02:35:18+00:00\" \/>\n<meta property=\"og:image\" content=\"https:\/\/chenesme.com\/wp-content\/uploads\/2025\/10\/\u672a\u6807\u9898-1.jpg\" \/>\n\t<meta property=\"og:image:width\" content=\"800\" \/>\n\t<meta property=\"og:image:height\" content=\"800\" \/>\n\t<meta property=\"og:image:type\" content=\"image\/jpeg\" \/>\n<meta name=\"twitter:card\" content=\"summary_large_image\" \/>\n<meta name=\"twitter:label1\" content=\"Tempo estimado de leitura\" \/>\n\t<meta name=\"twitter:data1\" content=\"3 minutos\" \/>\n<script type=\"application\/ld+json\" class=\"yoast-schema-graph\">{\"@context\":\"https:\/\/schema.org\",\"@graph\":[{\"@type\":\"WebPage\",\"@id\":\"https:\/\/chenesme.com\/product\/fast-speed-fiber-laser-tube-cutting-machine-fiber-laser-cutting-machine-sheet-metal\/\",\"url\":\"https:\/\/chenesme.com\/product\/fast-speed-fiber-laser-tube-cutting-machine-fiber-laser-cutting-machine-sheet-metal\/\",\"name\":\"Fast Speed Fiber Laser Tube Cutting Machine\/Fiber Laser Cutting Machine Sheet Metal - Anhui Chensi Machinery Equipment Co., Ltd.\",\"isPartOf\":{\"@id\":\"https:\/\/chenesme.com\/#website\"},\"primaryImageOfPage\":{\"@id\":\"https:\/\/chenesme.com\/product\/fast-speed-fiber-laser-tube-cutting-machine-fiber-laser-cutting-machine-sheet-metal\/#primaryimage\"},\"image\":{\"@id\":\"https:\/\/chenesme.com\/product\/fast-speed-fiber-laser-tube-cutting-machine-fiber-laser-cutting-machine-sheet-metal\/#primaryimage\"},\"thumbnailUrl\":\"https:\/\/chenesme.com\/wp-content\/uploads\/2025\/10\/\u672a\u6807\u9898-1.jpg\",\"datePublished\":\"2025-10-13T09:28:19+00:00\",\"dateModified\":\"2025-10-15T02:35:18+00:00\",\"breadcrumb\":{\"@id\":\"https:\/\/chenesme.com\/product\/fast-speed-fiber-laser-tube-cutting-machine-fiber-laser-cutting-machine-sheet-metal\/#breadcrumb\"},\"inLanguage\":\"pt-PT\",\"potentialAction\":[{\"@type\":\"ReadAction\",\"target\":[\"https:\/\/chenesme.com\/product\/fast-speed-fiber-laser-tube-cutting-machine-fiber-laser-cutting-machine-sheet-metal\/\"]}]},{\"@type\":\"ImageObject\",\"inLanguage\":\"pt-PT\",\"@id\":\"https:\/\/chenesme.com\/product\/fast-speed-fiber-laser-tube-cutting-machine-fiber-laser-cutting-machine-sheet-metal\/#primaryimage\",\"url\":\"https:\/\/chenesme.com\/wp-content\/uploads\/2025\/10\/\u672a\u6807\u9898-1.jpg\",\"contentUrl\":\"https:\/\/chenesme.com\/wp-content\/uploads\/2025\/10\/\u672a\u6807\u9898-1.jpg\",\"width\":800,\"height\":800},{\"@type\":\"BreadcrumbList\",\"@id\":\"https:\/\/chenesme.com\/product\/fast-speed-fiber-laser-tube-cutting-machine-fiber-laser-cutting-machine-sheet-metal\/#breadcrumb\",\"itemListElement\":[{\"@type\":\"ListItem\",\"position\":1,\"name\":\"Home\",\"item\":\"https:\/\/chenesme.com\/\"},{\"@type\":\"ListItem\",\"position\":2,\"name\":\"Product\",\"item\":\"https:\/\/chenesme.com\/product\/\"},{\"@type\":\"ListItem\",\"position\":3,\"name\":\"Fast Speed Fiber Laser Tube Cutting Machine\/Fiber Laser Cutting Machine Sheet Metal\"}]},{\"@type\":\"WebSite\",\"@id\":\"https:\/\/chenesme.com\/#website\",\"url\":\"https:\/\/chenesme.com\/\",\"name\":\"Anhui Chensi Machinery Equipment Co., Ltd.\",\"description\":\"Anhui Chensi Machinery Equipment Co., Ltd.\",\"potentialAction\":[{\"@type\":\"SearchAction\",\"target\":{\"@type\":\"EntryPoint\",\"urlTemplate\":\"https:\/\/chenesme.com\/?s={search_term_string}\"},\"query-input\":{\"@type\":\"PropertyValueSpecification\",\"valueRequired\":true,\"valueName\":\"search_term_string\"}}],\"inLanguage\":\"pt-PT\"}]}<\/script>\n<!-- \/ Yoast SEO plugin. -->","yoast_head_json":{"title":"Fast Speed Fiber Laser Tube Cutting Machine\/Fiber Laser Cutting Machine Sheet Metal - Anhui Chensi Machinery Equipment Co., Ltd.","robots":{"index":"index","follow":"follow","max-snippet":"max-snippet:-1","max-image-preview":"max-image-preview:large","max-video-preview":"max-video-preview:-1"},"canonical":"https:\/\/chenesme.com\/pt\/produto\/fast-speed-fiber-laser-tube-cutting-machine-fiber-laser-cutting-machine-sheet-metal\/","og_locale":"pt_PT","og_type":"article","og_title":"Fast Speed Fiber Laser Tube Cutting Machine\/Fiber Laser Cutting Machine Sheet Metal - Anhui Chensi Machinery Equipment Co., Ltd.","og_description":"Laser cutting machines are generally composed of a laser generator, a CNC motion system, a cutting head, an operating table, an air source, a water source, and a fume extraction system. Their processing methods are characterized by high precision and low processing costs. They are also characterized by simple operation and small errors.","og_url":"https:\/\/chenesme.com\/pt\/produto\/fast-speed-fiber-laser-tube-cutting-machine-fiber-laser-cutting-machine-sheet-metal\/","og_site_name":"Anhui Chensi Machinery Equipment Co., Ltd.","article_modified_time":"2025-10-15T02:35:18+00:00","og_image":[{"width":800,"height":800,"url":"https:\/\/chenesme.com\/wp-content\/uploads\/2025\/10\/\u672a\u6807\u9898-1.jpg","type":"image\/jpeg"}],"twitter_card":"summary_large_image","twitter_misc":{"Tempo estimado de leitura":"3 minutos"},"schema":{"@context":"https:\/\/schema.org","@graph":[{"@type":"WebPage","@id":"https:\/\/chenesme.com\/product\/fast-speed-fiber-laser-tube-cutting-machine-fiber-laser-cutting-machine-sheet-metal\/","url":"https:\/\/chenesme.com\/product\/fast-speed-fiber-laser-tube-cutting-machine-fiber-laser-cutting-machine-sheet-metal\/","name":"Fast Speed Fiber Laser Tube Cutting Machine\/Fiber Laser Cutting Machine Sheet Metal - Anhui Chensi Machinery Equipment Co., Ltd.","isPartOf":{"@id":"https:\/\/chenesme.com\/#website"},"primaryImageOfPage":{"@id":"https:\/\/chenesme.com\/product\/fast-speed-fiber-laser-tube-cutting-machine-fiber-laser-cutting-machine-sheet-metal\/#primaryimage"},"image":{"@id":"https:\/\/chenesme.com\/product\/fast-speed-fiber-laser-tube-cutting-machine-fiber-laser-cutting-machine-sheet-metal\/#primaryimage"},"thumbnailUrl":"https:\/\/chenesme.com\/wp-content\/uploads\/2025\/10\/\u672a\u6807\u9898-1.jpg","datePublished":"2025-10-13T09:28:19+00:00","dateModified":"2025-10-15T02:35:18+00:00","breadcrumb":{"@id":"https:\/\/chenesme.com\/product\/fast-speed-fiber-laser-tube-cutting-machine-fiber-laser-cutting-machine-sheet-metal\/#breadcrumb"},"inLanguage":"pt-PT","potentialAction":[{"@type":"ReadAction","target":["https:\/\/chenesme.com\/product\/fast-speed-fiber-laser-tube-cutting-machine-fiber-laser-cutting-machine-sheet-metal\/"]}]},{"@type":"ImageObject","inLanguage":"pt-PT","@id":"https:\/\/chenesme.com\/product\/fast-speed-fiber-laser-tube-cutting-machine-fiber-laser-cutting-machine-sheet-metal\/#primaryimage","url":"https:\/\/chenesme.com\/wp-content\/uploads\/2025\/10\/\u672a\u6807\u9898-1.jpg","contentUrl":"https:\/\/chenesme.com\/wp-content\/uploads\/2025\/10\/\u672a\u6807\u9898-1.jpg","width":800,"height":800},{"@type":"BreadcrumbList","@id":"https:\/\/chenesme.com\/product\/fast-speed-fiber-laser-tube-cutting-machine-fiber-laser-cutting-machine-sheet-metal\/#breadcrumb","itemListElement":[{"@type":"ListItem","position":1,"name":"Home","item":"https:\/\/chenesme.com\/"},{"@type":"ListItem","position":2,"name":"Product","item":"https:\/\/chenesme.com\/product\/"},{"@type":"ListItem","position":3,"name":"Fast Speed Fiber Laser Tube Cutting Machine\/Fiber Laser Cutting Machine Sheet Metal"}]},{"@type":"WebSite","@id":"https:\/\/chenesme.com\/#website","url":"https:\/\/chenesme.com\/","name":"Anhui Chensi Machinery Equipment Co., Ltd.","description":"Anhui Chensi Machinery Equipment Co., Ltd.","potentialAction":[{"@type":"SearchAction","target":{"@type":"EntryPoint","urlTemplate":"https:\/\/chenesme.com\/?s={search_term_string}"},"query-input":{"@type":"PropertyValueSpecification","valueRequired":true,"valueName":"search_term_string"}}],"inLanguage":"pt-PT"}]}},"_links":{"self":[{"href":"https:\/\/chenesme.com\/pt\/wp-json\/wp\/v2\/product\/581","targetHints":{"allow":["GET"]}}],"collection":[{"href":"https:\/\/chenesme.com\/pt\/wp-json\/wp\/v2\/product"}],"about":[{"href":"https:\/\/chenesme.com\/pt\/wp-json\/wp\/v2\/types\/product"}],"version-history":[{"count":4,"href":"https:\/\/chenesme.com\/pt\/wp-json\/wp\/v2\/product\/581\/revisions"}],"predecessor-version":[{"id":601,"href":"https:\/\/chenesme.com\/pt\/wp-json\/wp\/v2\/product\/581\/revisions\/601"}],"wp:featuredmedia":[{"embeddable":true,"href":"https:\/\/chenesme.com\/pt\/wp-json\/wp\/v2\/media\/585"}],"wp:attachment":[{"href":"https:\/\/chenesme.com\/pt\/wp-json\/wp\/v2\/media?parent=581"}],"wp:term":[{"taxonomy":"product_brand","embeddable":true,"href":"https:\/\/chenesme.com\/pt\/wp-json\/wp\/v2\/product_brand?post=581"},{"taxonomy":"product_cat","embeddable":true,"href":"https:\/\/chenesme.com\/pt\/wp-json\/wp\/v2\/product_cat?post=581"},{"taxonomy":"product_tag","embeddable":true,"href":"https:\/\/chenesme.com\/pt\/wp-json\/wp\/v2\/product_tag?post=581"}],"curies":[{"name":"wp","href":"https:\/\/api.w.org\/{rel}","templated":true}]}}