{"id":664,"date":"2025-10-17T01:15:39","date_gmt":"2025-10-17T01:15:39","guid":{"rendered":"https:\/\/chenesme.com\/?post_type=product&#038;p=664"},"modified":"2025-10-17T01:33:43","modified_gmt":"2025-10-17T01:33:43","slug":"40t-30t-estun-e21-1200-1600-hydraulic-cnc-press-brake-mini-bending-machines","status":"publish","type":"product","link":"https:\/\/chenesme.com\/pt\/produto\/40t-30t-estun-e21-1200-1600-hydraulic-cnc-press-brake-mini-bending-machines\/","title":{"rendered":"40T 30T ESTUN E21 1200 1600 Mini m\u00e1quinas de dobra hidr\u00e1ulica CNC"},"content":{"rendered":"<h2 title=\"40T 30T ESTUN E21 1200 1600 Mini m\u00e1quinas de dobra hidr\u00e1ulica CNC\" data-spm-anchor-id=\"a2700.details.0.i31.ad547cbfndgHs2\">40T 30T ESTUN E21 1200 1600 Mini m\u00e1quinas de dobra hidr\u00e1ulica CNC<\/h2>\n<div style=\"width: 1220px;\" class=\"wp-video\"><video class=\"wp-video-shortcode\" id=\"video-664-1\" width=\"1220\" height=\"686\" preload=\"metadata\" controls=\"controls\"><source type=\"video\/mp4\" src=\"https:\/\/chenesme.com\/wp-content\/uploads\/2025\/10\/40T-1600-E21-bending-machine.mp4?_=1\" \/><a href=\"https:\/\/chenesme.com\/wp-content\/uploads\/2025\/10\/40T-1600-E21-bending-machine.mp4\">https:\/\/chenesme.com\/wp-content\/uploads\/2025\/10\/40T-1600-E21-bending-machine.mp4<\/a><\/video><\/div>\n<h2>Configura\u00e7\u00e3o de exporta\u00e7\u00e3o padr\u00e3o:<\/h2>\n<p><img fetchpriority=\"high\" decoding=\"async\" class=\"alignleft wp-image-642 size-medium\" src=\"https:\/\/chenesme.com\/wp-content\/uploads\/2025\/10\/Standard-export-configuration-444x500.png\" alt=\"\" width=\"444\" height=\"500\" srcset=\"https:\/\/chenesme.com\/wp-content\/uploads\/2025\/10\/Standard-export-configuration-444x500.png 444w, https:\/\/chenesme.com\/wp-content\/uploads\/2025\/10\/Standard-export-configuration-267x300.png 267w, https:\/\/chenesme.com\/wp-content\/uploads\/2025\/10\/Standard-export-configuration-768x864.png 768w, https:\/\/chenesme.com\/wp-content\/uploads\/2025\/10\/Standard-export-configuration-11x12.png 11w, https:\/\/chenesme.com\/wp-content\/uploads\/2025\/10\/Standard-export-configuration-67x75.png 67w, https:\/\/chenesme.com\/wp-content\/uploads\/2025\/10\/Standard-export-configuration-480x540.png 480w, https:\/\/chenesme.com\/wp-content\/uploads\/2025\/10\/Standard-export-configuration.png 800w\" sizes=\"(max-width:767px) 444px, 444px\" \/><\/p>\n<p>&nbsp;<\/p>\n<p>&nbsp;<\/p>\n<p>&nbsp;<\/p>\n<h4>\u203b Grupo de v\u00e1lvulas Rexroth da Alemanha \u203b Conex\u00e3o de tubula\u00e7\u00e3o EMB da Alemanha<br \/>\n\u203b Bomba de \u00f3leo Sunny\/First, EUA<br \/>\n\u203b Guia linear de fuso de esferas, Taiwan HIWIN (China)<br \/>\n\u203b Sistema el\u00e9trico Schneider, Fran\u00e7a<br \/>\n\u203b Suporte frontal<br \/>\n\u203b Batente traseiro de alta precis\u00e3o<br \/>\n\u203b Interruptor de p\u00e9<br \/>\n\u203b Grade de prote\u00e7\u00e3o lateral e grade de prote\u00e7\u00e3o traseira (Opcional)<br \/>\n\u203b Prote\u00e7\u00e3o contra cortina de luz e prote\u00e7\u00e3o a laser (opcional)<\/h4>\n<p>&nbsp;<\/p>\n<p>&nbsp;<\/p>\n<p>&nbsp;<\/p>\n<p>&nbsp;<\/p>\n<p><img decoding=\"async\" class=\"aligncenter wp-image-674 size-full\" src=\"https:\/\/chenesme.com\/wp-content\/uploads\/2025\/10\/40T-1600-E21-bending-machine.jpg\" alt=\"\" width=\"1100\" height=\"1100\" srcset=\"https:\/\/chenesme.com\/wp-content\/uploads\/2025\/10\/40T-1600-E21-bending-machine.jpg 1100w, https:\/\/chenesme.com\/wp-content\/uploads\/2025\/10\/40T-1600-E21-bending-machine-500x500.jpg 500w, https:\/\/chenesme.com\/wp-content\/uploads\/2025\/10\/40T-1600-E21-bending-machine-300x300.jpg 300w, https:\/\/chenesme.com\/wp-content\/uploads\/2025\/10\/40T-1600-E21-bending-machine-768x768.jpg 768w, https:\/\/chenesme.com\/wp-content\/uploads\/2025\/10\/40T-1600-E21-bending-machine-12x12.jpg 12w, https:\/\/chenesme.com\/wp-content\/uploads\/2025\/10\/40T-1600-E21-bending-machine-150x150.jpg 150w, https:\/\/chenesme.com\/wp-content\/uploads\/2025\/10\/40T-1600-E21-bending-machine-75x75.jpg 75w, https:\/\/chenesme.com\/wp-content\/uploads\/2025\/10\/40T-1600-E21-bending-machine-480x480.jpg 480w, https:\/\/chenesme.com\/wp-content\/uploads\/2025\/10\/40T-1600-E21-bending-machine-800x800.jpg 800w\" sizes=\"(max-width:767px) 480px, (max-width:1100px) 100vw, 1100px\" \/><\/p>\n<h4 style=\"text-align: left;\"><strong><b>Sistema de controle:<\/b><\/strong><\/h4>\n<h5 style=\"text-align: left;\">\u2013 Tela LCD HD; Dispon\u00edvel em chin\u00eas e ingl\u00eas; Dispon\u00edvel em duas unidades de medida: mm\/polegada;<\/h5>\n<h5 style=\"text-align: left;\">\u2013 Os par\u00e2metros de programa\u00e7\u00e3o s\u00e3o exibidos em uma \u00fanica p\u00e1gina, tornando a escrita de programas mais r\u00e1pida e conveniente;<\/h5>\n<h5 style=\"text-align: left;\">\u2013 Posicionamento inteligente nos eixos X e Y, tamb\u00e9m ajust\u00e1vel manualmente conforme a necessidade, eliminando o dispositivo mec\u00e2nico de posicionamento manual;<\/h5>\n<h5 style=\"text-align: left;\">\u2013 Controle do batente traseiro, o controle \u00e9 de motor CA geral, regula\u00e7\u00e3o de velocidade por convers\u00e3o de frequ\u00eancia;<\/h5>\n<h5 style=\"text-align: left;\">\u2013 Fun\u00e7\u00f5es integradas de ajuste do tempo de reten\u00e7\u00e3o de press\u00e3o e do atraso de descarga, tornando a opera\u00e7\u00e3o mais conveniente, sem necessidade de rel\u00e9 temporizador e reduzindo custos;<\/h5>\n<h5 style=\"text-align: left;\">\u2013 Com a fun\u00e7\u00e3o de backup e restaura\u00e7\u00e3o de par\u00e2metros com um \u00fanico clique, os par\u00e2metros podem ser restaurados a qualquer momento, conforme necess\u00e1rio, reduzindo os custos de manuten\u00e7\u00e3o;<\/h5>\n<h5 style=\"text-align: left;\">\u2013 Suporta programa\u00e7\u00e3o em v\u00e1rias etapas, permitindo o processamento simult\u00e2neo de pe\u00e7as complexas, o que melhora a efici\u00eancia da produ\u00e7\u00e3o e a precis\u00e3o da usinagem.<\/h5>\n<h5 style=\"text-align: left;\">\u2013 Todos os bot\u00f5es do painel s\u00e3o microinterruptores, que foram rigorosamente testados quanto \u00e0 compatibilidade eletromagn\u00e9tica (EMC), altas e baixas temperaturas, vibra\u00e7\u00e3o, etc., para garantir a estabilidade e a vida \u00fatil do produto;<\/h5>\n<h5 style=\"text-align: left;\">\u2013 Obteve a certifica\u00e7\u00e3o CE para atender \u00e0s necessidades dos mercados internacionais.<\/h5>\n<p>&nbsp;<\/p>\n<h3>Par\u00e2metros (personaliz\u00e1veis):<\/h3>\n<p><img decoding=\"async\" class=\"aligncenter size-full wp-image-661\" src=\"https:\/\/chenesme.com\/wp-content\/uploads\/2025\/10\/H2807dc6ca004411d913e8d9042279563k.png\" alt=\"\" width=\"1000\" height=\"1033\" srcset=\"https:\/\/chenesme.com\/wp-content\/uploads\/2025\/10\/H2807dc6ca004411d913e8d9042279563k.png 1000w, https:\/\/chenesme.com\/wp-content\/uploads\/2025\/10\/H2807dc6ca004411d913e8d9042279563k-484x500.png 484w, https:\/\/chenesme.com\/wp-content\/uploads\/2025\/10\/H2807dc6ca004411d913e8d9042279563k-290x300.png 290w, https:\/\/chenesme.com\/wp-content\/uploads\/2025\/10\/H2807dc6ca004411d913e8d9042279563k-768x793.png 768w, https:\/\/chenesme.com\/wp-content\/uploads\/2025\/10\/H2807dc6ca004411d913e8d9042279563k-12x12.png 12w, https:\/\/chenesme.com\/wp-content\/uploads\/2025\/10\/H2807dc6ca004411d913e8d9042279563k-73x75.png 73w, https:\/\/chenesme.com\/wp-content\/uploads\/2025\/10\/H2807dc6ca004411d913e8d9042279563k-480x496.png 480w, https:\/\/chenesme.com\/wp-content\/uploads\/2025\/10\/H2807dc6ca004411d913e8d9042279563k-800x826.png 800w\" sizes=\"(max-width:767px) 480px, (max-width:1000px) 100vw, 1000px\" \/><\/p>","protected":false},"excerpt":{"rendered":"<p>40T 30T ESTUN E21 1200 1600 Hydraulic CNC Press Brake Mini Bending Machines Standard export configuration\uff1a &nbsp; &nbsp; &nbsp; \u203b Germany Rexroth valve group\u203b Pipe joint<span class=\"excerpt-hellip\"> [\u2026]<\/span><\/p>","protected":false},"featured_media":672,"template":"","meta":{"_joinchat":[]},"product_brand":[],"product_cat":[17],"product_tag":[],"class_list":{"0":"post-664","1":"product","2":"type-product","3":"status-publish","4":"has-post-thumbnail","6":"product_cat-hydraulic-press-brake","8":"first","9":"instock","10":"shipping-taxable","11":"product-type-external"},"yoast_head":"<!-- This site is optimized with the Yoast SEO plugin v25.6 - https:\/\/yoast.com\/wordpress\/plugins\/seo\/ -->\n<title>40T 30T ESTUN E21 1200 1600 Hydraulic CNC Press Brake Mini Bending Machines - Anhui Chensi Machinery Equipment Co., Ltd.<\/title>\n<meta name=\"robots\" content=\"index, follow, max-snippet:-1, max-image-preview:large, max-video-preview:-1\" \/>\n<link rel=\"canonical\" href=\"https:\/\/chenesme.com\/pt\/produto\/40t-30t-estun-e21-1200-1600-hydraulic-cnc-press-brake-mini-bending-machines\/\" \/>\n<meta property=\"og:locale\" content=\"pt_PT\" \/>\n<meta property=\"og:type\" content=\"article\" \/>\n<meta property=\"og:title\" content=\"40T 30T ESTUN E21 1200 1600 Hydraulic CNC Press Brake Mini Bending Machines - Anhui Chensi Machinery Equipment Co., Ltd.\" \/>\n<meta property=\"og:description\" content=\"40T 30T ESTUN E21 1200 1600 Hydraulic CNC Press Brake Mini Bending Machines Standard export configuration\uff1a &nbsp; &nbsp; &nbsp; \u203b Germany Rexroth valve group\u203b Pipe joint [\u2026]\" \/>\n<meta property=\"og:url\" content=\"https:\/\/chenesme.com\/pt\/produto\/40t-30t-estun-e21-1200-1600-hydraulic-cnc-press-brake-mini-bending-machines\/\" \/>\n<meta property=\"og:site_name\" content=\"Anhui Chensi Machinery Equipment Co., Ltd.\" \/>\n<meta property=\"article:modified_time\" content=\"2025-10-17T01:33:43+00:00\" \/>\n<meta property=\"og:image\" content=\"https:\/\/chenesme.com\/wp-content\/uploads\/2025\/10\/40T-1600-E21-bending-machine.png\" \/>\n\t<meta property=\"og:image:width\" content=\"800\" \/>\n\t<meta property=\"og:image:height\" content=\"800\" \/>\n\t<meta property=\"og:image:type\" content=\"image\/png\" \/>\n<meta name=\"twitter:card\" content=\"summary_large_image\" \/>\n<meta name=\"twitter:label1\" content=\"Tempo estimado de leitura\" \/>\n\t<meta name=\"twitter:data1\" content=\"3 minutos\" \/>\n<script type=\"application\/ld+json\" class=\"yoast-schema-graph\">{\"@context\":\"https:\/\/schema.org\",\"@graph\":[{\"@type\":\"WebPage\",\"@id\":\"https:\/\/chenesme.com\/product\/40t-30t-estun-e21-1200-1600-hydraulic-cnc-press-brake-mini-bending-machines\/\",\"url\":\"https:\/\/chenesme.com\/product\/40t-30t-estun-e21-1200-1600-hydraulic-cnc-press-brake-mini-bending-machines\/\",\"name\":\"40T 30T ESTUN E21 1200 1600 Hydraulic CNC Press Brake Mini Bending Machines - Anhui Chensi Machinery Equipment Co., Ltd.\",\"isPartOf\":{\"@id\":\"https:\/\/chenesme.com\/#website\"},\"primaryImageOfPage\":{\"@id\":\"https:\/\/chenesme.com\/product\/40t-30t-estun-e21-1200-1600-hydraulic-cnc-press-brake-mini-bending-machines\/#primaryimage\"},\"image\":{\"@id\":\"https:\/\/chenesme.com\/product\/40t-30t-estun-e21-1200-1600-hydraulic-cnc-press-brake-mini-bending-machines\/#primaryimage\"},\"thumbnailUrl\":\"https:\/\/chenesme.com\/wp-content\/uploads\/2025\/10\/40T-1600-E21-bending-machine.png\",\"datePublished\":\"2025-10-17T01:15:39+00:00\",\"dateModified\":\"2025-10-17T01:33:43+00:00\",\"breadcrumb\":{\"@id\":\"https:\/\/chenesme.com\/product\/40t-30t-estun-e21-1200-1600-hydraulic-cnc-press-brake-mini-bending-machines\/#breadcrumb\"},\"inLanguage\":\"pt-PT\",\"potentialAction\":[{\"@type\":\"ReadAction\",\"target\":[\"https:\/\/chenesme.com\/product\/40t-30t-estun-e21-1200-1600-hydraulic-cnc-press-brake-mini-bending-machines\/\"]}]},{\"@type\":\"ImageObject\",\"inLanguage\":\"pt-PT\",\"@id\":\"https:\/\/chenesme.com\/product\/40t-30t-estun-e21-1200-1600-hydraulic-cnc-press-brake-mini-bending-machines\/#primaryimage\",\"url\":\"https:\/\/chenesme.com\/wp-content\/uploads\/2025\/10\/40T-1600-E21-bending-machine.png\",\"contentUrl\":\"https:\/\/chenesme.com\/wp-content\/uploads\/2025\/10\/40T-1600-E21-bending-machine.png\",\"width\":800,\"height\":800},{\"@type\":\"BreadcrumbList\",\"@id\":\"https:\/\/chenesme.com\/product\/40t-30t-estun-e21-1200-1600-hydraulic-cnc-press-brake-mini-bending-machines\/#breadcrumb\",\"itemListElement\":[{\"@type\":\"ListItem\",\"position\":1,\"name\":\"Home\",\"item\":\"https:\/\/chenesme.com\/\"},{\"@type\":\"ListItem\",\"position\":2,\"name\":\"Product\",\"item\":\"https:\/\/chenesme.com\/product\/\"},{\"@type\":\"ListItem\",\"position\":3,\"name\":\"40T 30T ESTUN E21 1200 1600 Hydraulic CNC Press Brake Mini Bending Machines\"}]},{\"@type\":\"WebSite\",\"@id\":\"https:\/\/chenesme.com\/#website\",\"url\":\"https:\/\/chenesme.com\/\",\"name\":\"Anhui Chensi Machinery Equipment Co., Ltd.\",\"description\":\"Anhui Chensi Machinery Equipment Co., Ltd.\",\"potentialAction\":[{\"@type\":\"SearchAction\",\"target\":{\"@type\":\"EntryPoint\",\"urlTemplate\":\"https:\/\/chenesme.com\/?s={search_term_string}\"},\"query-input\":{\"@type\":\"PropertyValueSpecification\",\"valueRequired\":true,\"valueName\":\"search_term_string\"}}],\"inLanguage\":\"pt-PT\"}]}<\/script>\n<!-- \/ Yoast SEO plugin. -->","yoast_head_json":{"title":"40T 30T ESTUN E21 1200 1600 Hydraulic CNC Press Brake Mini Bending Machines - Anhui Chensi Machinery Equipment Co., Ltd.","robots":{"index":"index","follow":"follow","max-snippet":"max-snippet:-1","max-image-preview":"max-image-preview:large","max-video-preview":"max-video-preview:-1"},"canonical":"https:\/\/chenesme.com\/pt\/produto\/40t-30t-estun-e21-1200-1600-hydraulic-cnc-press-brake-mini-bending-machines\/","og_locale":"pt_PT","og_type":"article","og_title":"40T 30T ESTUN E21 1200 1600 Hydraulic CNC Press Brake Mini Bending Machines - Anhui Chensi Machinery Equipment Co., Ltd.","og_description":"40T 30T ESTUN E21 1200 1600 Hydraulic CNC Press Brake Mini Bending Machines Standard export configuration\uff1a &nbsp; &nbsp; &nbsp; \u203b Germany Rexroth valve group\u203b Pipe joint [\u2026]","og_url":"https:\/\/chenesme.com\/pt\/produto\/40t-30t-estun-e21-1200-1600-hydraulic-cnc-press-brake-mini-bending-machines\/","og_site_name":"Anhui Chensi Machinery Equipment Co., Ltd.","article_modified_time":"2025-10-17T01:33:43+00:00","og_image":[{"width":800,"height":800,"url":"https:\/\/chenesme.com\/wp-content\/uploads\/2025\/10\/40T-1600-E21-bending-machine.png","type":"image\/png"}],"twitter_card":"summary_large_image","twitter_misc":{"Tempo estimado de leitura":"3 minutos"},"schema":{"@context":"https:\/\/schema.org","@graph":[{"@type":"WebPage","@id":"https:\/\/chenesme.com\/product\/40t-30t-estun-e21-1200-1600-hydraulic-cnc-press-brake-mini-bending-machines\/","url":"https:\/\/chenesme.com\/product\/40t-30t-estun-e21-1200-1600-hydraulic-cnc-press-brake-mini-bending-machines\/","name":"40T 30T ESTUN E21 1200 1600 Hydraulic CNC Press Brake Mini Bending Machines - Anhui Chensi Machinery Equipment Co., Ltd.","isPartOf":{"@id":"https:\/\/chenesme.com\/#website"},"primaryImageOfPage":{"@id":"https:\/\/chenesme.com\/product\/40t-30t-estun-e21-1200-1600-hydraulic-cnc-press-brake-mini-bending-machines\/#primaryimage"},"image":{"@id":"https:\/\/chenesme.com\/product\/40t-30t-estun-e21-1200-1600-hydraulic-cnc-press-brake-mini-bending-machines\/#primaryimage"},"thumbnailUrl":"https:\/\/chenesme.com\/wp-content\/uploads\/2025\/10\/40T-1600-E21-bending-machine.png","datePublished":"2025-10-17T01:15:39+00:00","dateModified":"2025-10-17T01:33:43+00:00","breadcrumb":{"@id":"https:\/\/chenesme.com\/product\/40t-30t-estun-e21-1200-1600-hydraulic-cnc-press-brake-mini-bending-machines\/#breadcrumb"},"inLanguage":"pt-PT","potentialAction":[{"@type":"ReadAction","target":["https:\/\/chenesme.com\/product\/40t-30t-estun-e21-1200-1600-hydraulic-cnc-press-brake-mini-bending-machines\/"]}]},{"@type":"ImageObject","inLanguage":"pt-PT","@id":"https:\/\/chenesme.com\/product\/40t-30t-estun-e21-1200-1600-hydraulic-cnc-press-brake-mini-bending-machines\/#primaryimage","url":"https:\/\/chenesme.com\/wp-content\/uploads\/2025\/10\/40T-1600-E21-bending-machine.png","contentUrl":"https:\/\/chenesme.com\/wp-content\/uploads\/2025\/10\/40T-1600-E21-bending-machine.png","width":800,"height":800},{"@type":"BreadcrumbList","@id":"https:\/\/chenesme.com\/product\/40t-30t-estun-e21-1200-1600-hydraulic-cnc-press-brake-mini-bending-machines\/#breadcrumb","itemListElement":[{"@type":"ListItem","position":1,"name":"Home","item":"https:\/\/chenesme.com\/"},{"@type":"ListItem","position":2,"name":"Product","item":"https:\/\/chenesme.com\/product\/"},{"@type":"ListItem","position":3,"name":"40T 30T ESTUN E21 1200 1600 Hydraulic CNC Press Brake Mini Bending Machines"}]},{"@type":"WebSite","@id":"https:\/\/chenesme.com\/#website","url":"https:\/\/chenesme.com\/","name":"Anhui Chensi Machinery Equipment Co., Ltd.","description":"Anhui Chensi Machinery Equipment Co., Ltd.","potentialAction":[{"@type":"SearchAction","target":{"@type":"EntryPoint","urlTemplate":"https:\/\/chenesme.com\/?s={search_term_string}"},"query-input":{"@type":"PropertyValueSpecification","valueRequired":true,"valueName":"search_term_string"}}],"inLanguage":"pt-PT"}]}},"_links":{"self":[{"href":"https:\/\/chenesme.com\/pt\/wp-json\/wp\/v2\/product\/664","targetHints":{"allow":["GET"]}}],"collection":[{"href":"https:\/\/chenesme.com\/pt\/wp-json\/wp\/v2\/product"}],"about":[{"href":"https:\/\/chenesme.com\/pt\/wp-json\/wp\/v2\/types\/product"}],"version-history":[{"count":1,"href":"https:\/\/chenesme.com\/pt\/wp-json\/wp\/v2\/product\/664\/revisions"}],"predecessor-version":[{"id":677,"href":"https:\/\/chenesme.com\/pt\/wp-json\/wp\/v2\/product\/664\/revisions\/677"}],"wp:featuredmedia":[{"embeddable":true,"href":"https:\/\/chenesme.com\/pt\/wp-json\/wp\/v2\/media\/672"}],"wp:attachment":[{"href":"https:\/\/chenesme.com\/pt\/wp-json\/wp\/v2\/media?parent=664"}],"wp:term":[{"taxonomy":"product_brand","embeddable":true,"href":"https:\/\/chenesme.com\/pt\/wp-json\/wp\/v2\/product_brand?post=664"},{"taxonomy":"product_cat","embeddable":true,"href":"https:\/\/chenesme.com\/pt\/wp-json\/wp\/v2\/product_cat?post=664"},{"taxonomy":"product_tag","embeddable":true,"href":"https:\/\/chenesme.com\/pt\/wp-json\/wp\/v2\/product_tag?post=664"}],"curies":[{"name":"wp","href":"https:\/\/api.w.org\/{rel}","templated":true}]}}