{"id":701,"date":"2025-10-17T05:45:20","date_gmt":"2025-10-17T05:45:20","guid":{"rendered":"https:\/\/chenesme.com\/?post_type=product&#038;p=701"},"modified":"2025-10-20T01:28:13","modified_gmt":"2025-10-20T01:28:13","slug":"precision-pneumatic-press-for-metal-stamping","status":"publish","type":"product","link":"https:\/\/chenesme.com\/pt\/produto\/precision-pneumatic-press-for-metal-stamping\/","title":{"rendered":"Puncionadeira pneum\u00e1tica de n\u00edvel industrial"},"content":{"rendered":"<div class=\"container-PrUkKo\">\n<div class=\"item-hGGxLi\">\n<div class=\"container-arOxqB chrome70-container\">\n<div class=\"inner-FyM8gE inner-item-f8P6nx\" data-target-id=\"message-box-target-id\" data-testid=\"union_message\">\n<div class=\"message-block-container-aFugD6\" data-testid=\"message-block-container\" data-ui-version=\"samantha\">\n<div class=\"flex flex-row w-full w-full max-w-full s-font-base text-s-color-text-secondary p-0 rounded-s-radius-s bg-transparent group data-[attr=select-mode]:-mt-10 data-[attr=select-mode]:py-10 data-[attr=select-mode]:px-16 data-[attr=select-mode]:sm:p-10 data-[attr=select-mode]:hover:bg-s-color-bg-base data-[attr=select-mode]:hover:rounded-s-radius-xs data-[attr=select-mode]:has-[:checked]:bg-s-color-bg-trans data-[attr=select-mode]:has-[:checked]:rounded-s-radius-xs data-[attr=select-mode]:pointer-events-none\" data-testid=\"receive_message\">\n<div class=\"flex flex-col flex-grow max-w-full min-w-0\">\n<div class=\"flex flex-row w-full\" data-testid=\"message_content\" data-message-id=\"24872152091837698\">\n<div class=\"w-full\" data-plugin-identifier=\"Symbol(code-receive-artifact-message-content)\">\n<div class=\"container-ZYIsnH flow-markdown-body mdbox-theme-next theme-samantha-Nbr9UN\" dir=\"ltr\" data-testid=\"message_text_content\" data-show-indicator=\"false\">\n<h1 class=\"header-vfC6AV auto-hide-last-sibling-br\">Prensa pneum\u00e1tica industrial: precis\u00e3o, pot\u00eancia e produtividade redefinidas<\/h1>\n<div class=\"auto-hide-last-sibling-br paragraph-JOTKXA paragraph-element br-paragraph-space\">Quando se trata de fabrica\u00e7\u00e3o de metal pesado, montagem de precis\u00e3o ou opera\u00e7\u00f5es de estampagem em alto volume, a Prensa Pneum\u00e1tica Industrial se destaca como a solu\u00e7\u00e3o definitiva em termos de confiabilidade, efici\u00eancia e desempenho. Projetada para atender \u00e0s exig\u00eancias rigorosas de ambientes industriais, esta m\u00e1quina potente combina tecnologia pneum\u00e1tica avan\u00e7ada com uma constru\u00e7\u00e3o robusta para oferecer resultados consistentes, mesmo nos ambientes de produ\u00e7\u00e3o mais desafiadores.<\/div>\n<h2><img fetchpriority=\"high\" decoding=\"async\" class=\"wp-image-730 alignleft\" src=\"https:\/\/chenesme.com\/wp-content\/uploads\/2025\/10\/punch.jpeg\" alt=\"\" width=\"348\" height=\"631\" srcset=\"https:\/\/chenesme.com\/wp-content\/uploads\/2025\/10\/punch.jpeg 800w, https:\/\/chenesme.com\/wp-content\/uploads\/2025\/10\/punch-276x500.jpeg 276w, https:\/\/chenesme.com\/wp-content\/uploads\/2025\/10\/punch-662x1200.jpeg 662w, https:\/\/chenesme.com\/wp-content\/uploads\/2025\/10\/punch-165x300.jpeg 165w, https:\/\/chenesme.com\/wp-content\/uploads\/2025\/10\/punch-768x1393.jpeg 768w, https:\/\/chenesme.com\/wp-content\/uploads\/2025\/10\/punch-7x12.jpeg 7w, https:\/\/chenesme.com\/wp-content\/uploads\/2025\/10\/punch-41x75.jpeg 41w, https:\/\/chenesme.com\/wp-content\/uploads\/2025\/10\/punch-480x871.jpeg 480w\" sizes=\"(max-width:767px) 348px, 348px\" \/><\/h2>\n<h2><\/h2>\n<h2><\/h2>\n<h2><\/h2>\n<h2><\/h2>\n<h2><\/h2>\n<h2><\/h2>\n<h2><\/h2>\n<h2><\/h2>\n<h2><\/h2>\n<h2><\/h2>\n<h2><\/h2>\n<h2><\/h2>\n<h2 class=\"header-vfC6AV auto-hide-last-sibling-br\">Desempenho incompar\u00e1vel: Pot\u00eancia aliada \u00e0 precis\u00e3o.<\/h2>\n<div class=\"auto-hide-last-sibling-br paragraph-JOTKXA paragraph-element br-paragraph-space\">No cora\u00e7\u00e3o da nossa Prensa Pneum\u00e1tica Industrial est\u00e1 um sistema pneum\u00e1tico de alta press\u00e3o, capaz de gerar at\u00e9 [X] toneladas de for\u00e7a de pun\u00e7\u00e3o \u2014 ideal para perfurar, cortar, conformar ou dobrar uma ampla gama de materiais, incluindo a\u00e7o, alum\u00ednio, cobre e ligas. Seu pist\u00e3o usinado com precis\u00e3o e o alinhamento da matriz garantem toler\u00e2ncias de at\u00e9 \u00b10,001 polegadas, eliminando desperd\u00edcios e assegurando que cada pe\u00e7a atenda \u00e0s especifica\u00e7\u00f5es exatas.<\/div>\n<div class=\"container-utlnW2 md-box-line-break wrapper-d0Cc1k undefined\"><\/div>\n<div class=\"auto-hide-last-sibling-br paragraph-JOTKXA paragraph-element br-paragraph-space\">Quer esteja a trabalhar com chapas finas ou placas grossas, o comprimento de curso ajust\u00e1vel da prensa (de [X] mm a [X] mm) e o controlo de velocidade vari\u00e1vel (at\u00e9 [X] golpes por minuto) permitem uma adapta\u00e7\u00e3o perfeita a diversas aplica\u00e7\u00f5es, desde pe\u00e7as personalizadas em pequenos lotes at\u00e9 \u00e0 produ\u00e7\u00e3o em massa em grande escala.<\/div>\n<h2 class=\"header-vfC6AV auto-hide-last-sibling-br\">Constru\u00eddo para durabilidade industrial<\/h2>\n<div class=\"auto-hide-last-sibling-br paragraph-JOTKXA paragraph-element br-paragraph-space\">Projetada para suportar opera\u00e7\u00e3o 24 horas por dia, 7 dias por semana, esta prensa de estampagem possui uma estrutura robusta em ferro fundido que minimiza a vibra\u00e7\u00e3o e garante a integridade estrutural sob carga cont\u00ednua. Componentes cr\u00edticos, como o cilindro pneum\u00e1tico, as v\u00e1lvulas e os trilhos-guia, s\u00e3o fabricados em a\u00e7o de alta qualidade e tratados com revestimentos anticorrosivos, prolongando a vida \u00fatil e reduzindo o tempo de inatividade para manuten\u00e7\u00e3o.<\/div>\n<div class=\"container-utlnW2 md-box-line-break wrapper-d0Cc1k undefined\"><\/div>\n<div class=\"auto-hide-last-sibling-br paragraph-JOTKXA paragraph-element br-paragraph-space\">A seguran\u00e7a \u00e9 primordial: a prensa est\u00e1 equipada com controles ambidestros, bot\u00f5es de parada de emerg\u00eancia e uma cortina de luz protetora para evitar contato acidental durante a opera\u00e7\u00e3o, em conformidade com as normas de seguran\u00e7a globais (OSHA, CE, ISO).<\/div>\n<h2 class=\"header-vfC6AV auto-hide-last-sibling-br\">Efici\u00eancia inteligente para f\u00e1bricas modernas<\/h2>\n<div class=\"auto-hide-last-sibling-br paragraph-JOTKXA paragraph-element br-paragraph-space\">Al\u00e9m da pot\u00eancia bruta, nossa prensa pneum\u00e1tica industrial integra recursos inteligentes para otimizar seu fluxo de trabalho:<\/div>\n<div class=\"container-utlnW2 md-box-line-break wrapper-d0Cc1k undefined\"><\/div>\n<ul class=\"auto-hide-last-sibling-br\">\n<li><strong>Efici\u00eancia energ\u00e9tica<\/strong>O sistema pneum\u00e1tico consome menos energia do que as alternativas hidr\u00e1ulicas, reduzindo os custos operacionais sem comprometer o desempenho.<\/li>\n<li><strong>Troca r\u00e1pida<\/strong>Os sistemas de fixa\u00e7\u00e3o de matrizes sem ferramentas reduzem o tempo de prepara\u00e7\u00e3o em at\u00e9 50%, maximizando o tempo de atividade para trocas frequentes de tarefas.<\/li>\n<li><strong>Controles integrados<\/strong>Uma interface homem-m\u00e1quina (IHM) intuitiva permite que os operadores armazenem programas de perfura\u00e7\u00e3o personalizados, monitorem m\u00e9tricas de desempenho e solucionem problemas em tempo real.<\/li>\n<\/ul>\n<h2 class=\"header-vfC6AV auto-hide-last-sibling-br\">Aplica\u00e7\u00f5es vers\u00e1teis em diversos setores<\/h2>\n<div class=\"auto-hide-last-sibling-br paragraph-JOTKXA paragraph-element br-paragraph-space\">Da ind\u00fastria automotiva e aeroespacial \u00e0 eletr\u00f4nica e constru\u00e7\u00e3o civil, esta prensa de estampagem se destaca em:<\/div>\n<div class=\"container-utlnW2 md-box-line-break wrapper-d0Cc1k undefined\"><\/div>\n<ul class=\"auto-hide-last-sibling-br\">\n<li>Estampagem de metal (juntas, suportes, pain\u00e9is)<\/li>\n<li>Perfura\u00e7\u00e3o e ranhura de furos<\/li>\n<li>Conforma\u00e7\u00e3o e curvatura de materiais de espessura fina a m\u00e9dia<\/li>\n<li>Integra\u00e7\u00e3o de linha de montagem para produ\u00e7\u00e3o automatizada<\/li>\n<\/ul>\n<div class=\"container-utlnW2 md-box-line-break wrapper-d0Cc1k undefined\"><\/div>\n<div class=\"auto-hide-last-sibling-br paragraph-JOTKXA paragraph-element br-paragraph-space\">Independentemente do setor, oferece a velocidade, a precis\u00e3o e a durabilidade necess\u00e1rias para manter sua linha de produ\u00e7\u00e3o funcionando com m\u00e1xima efici\u00eancia.<\/div>\n<h2 class=\"header-vfC6AV auto-hide-last-sibling-br\">Por que escolher nossa prensa pneum\u00e1tica de n\u00edvel industrial?<\/h2>\n<ul class=\"auto-hide-last-sibling-br\">\n<li><strong>Confiabilidade comprovada<\/strong>: Com garantia de [X] anos e rede de assist\u00eancia global, garantindo tempo de inatividade m\u00ednimo e desempenho a longo prazo.<\/li>\n<li><strong>Op\u00e7\u00f5es personaliz\u00e1veis<\/strong>Dispon\u00edvel em diversas capacidades de for\u00e7a e configura\u00e7\u00f5es para atender \u00e0s suas necessidades espec\u00edficas de produ\u00e7\u00e3o.<\/li>\n<li><strong>Custo-benef\u00edcio<\/strong>Menor consumo de energia, manuten\u00e7\u00e3o reduzida e alta produtividade se traduzem em um retorno mais r\u00e1pido do investimento.<\/li>\n<\/ul>\n<div class=\"container-utlnW2 md-box-line-break wrapper-d0Cc1k undefined\"><\/div>\n<div class=\"auto-hide-last-sibling-br paragraph-JOTKXA paragraph-element br-paragraph-space\">Aumente suas capacidades de fabrica\u00e7\u00e3o com a Prensa Pneum\u00e1tica Industrial \u2014 onde a robustez industrial encontra a engenharia de precis\u00e3o. Entre em contato conosco hoje mesmo para saber como ela pode transformar sua empresa.<\/div>\n<\/div>\n<\/div>\n<\/div>\n<\/div>\n<\/div>\n<\/div>\n<\/div>\n<\/div>\n<\/div>\n<\/div>\n<div class=\"container-PrUkKo\">\n<div class=\"item-hGGxLi\">\n<div class=\"container-arOxqB chrome70-container\">\n<div class=\"inner-FyM8gE inner-item-f8P6nx\" data-target-id=\"message-box-target-id\" data-testid=\"union_message\">\n<div class=\"message-block-container-aFugD6\" data-testid=\"message-block-container\" data-ui-version=\"samantha\">\n<div class=\"flex flex-row w-full w-full max-w-full s-font-base text-s-color-text-secondary p-0 rounded-s-radius-s bg-transparent group data-[attr=select-mode]:-mt-10 data-[attr=select-mode]:py-10 data-[attr=select-mode]:px-16 data-[attr=select-mode]:sm:p-10 data-[attr=select-mode]:hover:bg-s-color-bg-base data-[attr=select-mode]:hover:rounded-s-radius-xs data-[attr=select-mode]:has-[:checked]:bg-s-color-bg-trans data-[attr=select-mode]:has-[:checked]:rounded-s-radius-xs data-[attr=select-mode]:pointer-events-none\" data-testid=\"receive_message\">\n<div class=\"flex flex-col flex-grow max-w-full min-w-0\">\n<div class=\"flex flex-row w-full\" data-testid=\"message_content\" data-message-id=\"24875288354127362\">\n<div class=\"w-full\" data-plugin-identifier=\"Symbol(code-receive-artifact-message-content)\">\n<div class=\"container-ZYIsnH flow-markdown-body mdbox-theme-next theme-samantha-Nbr9UN\" dir=\"ltr\" data-testid=\"message_text_content\" data-show-indicator=\"false\">\n<h1 class=\"header-vfC6AV auto-hide-last-sibling-br\">Prensa de pun\u00e7\u00e3o pneum\u00e1tica de n\u00edvel industrial<\/h1>\n<div class=\"auto-hide-last-sibling-br paragraph-JOTKXA paragraph-element br-paragraph-space\">A prensa pneum\u00e1tica industrial foi projetada para uso industrial pesado, combinando pot\u00eancia, precis\u00e3o e durabilidade para se destacar em ambientes de fabrica\u00e7\u00e3o de alta exig\u00eancia.<\/div>\n<h2 class=\"header-vfC6AV auto-hide-last-sibling-br\">Feito para durar<\/h2>\n<div class=\"auto-hide-last-sibling-br paragraph-JOTKXA paragraph-element br-paragraph-space\">Uma estrutura robusta de ferro fundido minimiza a vibra\u00e7\u00e3o, enquanto os componentes de a\u00e7o de alta qualidade (cilindros, v\u00e1lvulas, trilhos) possuem revestimentos resistentes \u00e0 corros\u00e3o, projetados para opera\u00e7\u00e3o 24 horas por dia, 7 dias por semana.<\/div>\n<div class=\"container-utlnW2 md-box-line-break wrapper-d0Cc1k undefined\"><\/div>\n<div class=\"auto-hide-last-sibling-br paragraph-JOTKXA paragraph-element br-paragraph-space\">A seguran\u00e7a \u00e9 inegoci\u00e1vel: os controles ambidestros, as paradas de emerg\u00eancia e as cortinas de luz atendem aos padr\u00f5es OSHA, CE e ISO.<\/div>\n<h2 class=\"header-vfC6AV auto-hide-last-sibling-br\">Efici\u00eancia Inteligente<\/h2>\n<ul class=\"auto-hide-last-sibling-br\">\n<li><strong>Economia de energia<\/strong>Utiliza menos energia do que as prensas hidr\u00e1ulicas, reduzindo os custos operacionais.<\/li>\n<li><strong>Trocas r\u00e1pidas<\/strong>: A fixa\u00e7\u00e3o da matriz sem ferramentas reduz o tempo de prepara\u00e7\u00e3o em 50%.<\/li>\n<li><strong>Interface HMI amig\u00e1vel<\/strong>Armazena programas personalizados, monitora m\u00e9tricas e simplifica a resolu\u00e7\u00e3o de problemas.<\/li>\n<\/ul>\n<h2 class=\"header-vfC6AV auto-hide-last-sibling-br\">Aplica\u00e7\u00f5es vers\u00e1teis<\/h2>\n<div class=\"auto-hide-last-sibling-br paragraph-JOTKXA paragraph-element br-paragraph-space\">Ideal para os setores automotivo, aeroespacial, eletr\u00f4nico e de constru\u00e7\u00e3o:<\/div>\n<div class=\"container-utlnW2 md-box-line-break wrapper-d0Cc1k undefined\"><\/div>\n<ul class=\"auto-hide-last-sibling-br\">\n<li>Estampagem de metal (juntas, suportes)<\/li>\n<li>Perfura\u00e7\u00e3o\/ranhura de furos<\/li>\n<li>Conforma\u00e7\u00e3o de chapas de espessura fina a m\u00e9dia; Integra\u00e7\u00e3o de linha de produ\u00e7\u00e3o automatizada<\/li>\n<\/ul>\n<h2 class=\"header-vfC6AV auto-hide-last-sibling-br\"><img decoding=\"async\" class=\"wp-image-713 alignleft\" src=\"https:\/\/chenesme.com\/wp-content\/uploads\/2025\/10\/Pneumatic-Punching-Press\uff081\uff09.jpg\" alt=\"\" width=\"439\" height=\"781\" srcset=\"https:\/\/chenesme.com\/wp-content\/uploads\/2025\/10\/Pneumatic-Punching-Press\uff081\uff09.jpg 562w, https:\/\/chenesme.com\/wp-content\/uploads\/2025\/10\/Pneumatic-Punching-Press\uff081\uff09-281x500.jpg 281w, https:\/\/chenesme.com\/wp-content\/uploads\/2025\/10\/Pneumatic-Punching-Press\uff081\uff09-169x300.jpg 169w, https:\/\/chenesme.com\/wp-content\/uploads\/2025\/10\/Pneumatic-Punching-Press\uff081\uff09-7x12.jpg 7w, https:\/\/chenesme.com\/wp-content\/uploads\/2025\/10\/Pneumatic-Punching-Press\uff081\uff09-42x75.jpg 42w, https:\/\/chenesme.com\/wp-content\/uploads\/2025\/10\/Pneumatic-Punching-Press\uff081\uff09-480x854.jpg 480w\" sizes=\"(max-width:767px) 439px, 439px\" \/><\/h2>\n<h2><\/h2>\n<h2><\/h2>\n<h2><\/h2>\n<h2><\/h2>\n<h2><\/h2>\n<h2><\/h2>\n<h2><\/h2>\n<h2><\/h2>\n<h2><\/h2>\n<h2><\/h2>\n<h2><\/h2>\n<h2><\/h2>\n<h2><\/h2>\n<h2><\/h2>\n<h2 class=\"header-vfC6AV auto-hide-last-sibling-br\">Por que escolher o nosso?<\/h2>\n<ul class=\"auto-hide-last-sibling-br\">\n<li>Garantia de 2 anos e assist\u00eancia global para minimizar o tempo de inatividade.<\/li>\n<li>Capacidades e configura\u00e7\u00f5es de for\u00e7a personaliz\u00e1veis.<\/li>\n<li>Retorno r\u00e1pido do investimento por meio de baixo consumo de energia, manuten\u00e7\u00e3o reduzida e alta produtividade.<\/li>\n<\/ul>\n<div class=\"container-utlnW2 md-box-line-break wrapper-d0Cc1k undefined\"><\/div>\n<div class=\"auto-hide-last-sibling-br paragraph-JOTKXA paragraph-element br-paragraph-space\">Aprimore sua produ\u00e7\u00e3o com a Prensa Pneum\u00e1tica Industrial \u2014 onde for\u00e7a e precis\u00e3o se encontram. Entre em contato conosco para transformar seu fluxo de trabalho.<\/div>\n<\/div>\n<\/div>\n<\/div>\n<\/div>\n<\/div>\n<\/div>\n<\/div>\n<\/div>\n<\/div>\n<\/div>","protected":false},"excerpt":{"rendered":"<p>As puncionadeiras pneum\u00e1ticas CNC s\u00e3o projetadas para maximizar a produ\u00e7\u00e3o, com tempos de ciclo r\u00e1pidos, permitindo opera\u00e7\u00e3o cont\u00ednua. Isso aumenta a produ\u00e7\u00e3o e reduz o tempo de opera\u00e7\u00e3o, tornando-as ideais para produ\u00e7\u00e3o em larga escala. A alta velocidade garante atrasos m\u00ednimos entre as opera\u00e7\u00f5es, aumentando a efici\u00eancia geral. Elas se caracterizam por alta efici\u00eancia, velocidade e baixa necessidade de manuten\u00e7\u00e3o.<\/p>","protected":false},"featured_media":729,"template":"","meta":{"_joinchat":[]},"product_brand":[],"product_cat":[21],"product_tag":[],"class_list":{"0":"post-701","1":"product","2":"type-product","3":"status-publish","4":"has-post-thumbnail","6":"product_cat-pneumatic-punching-machine","8":"first","9":"instock","10":"shipping-taxable","11":"product-type-external"},"yoast_head":"<!-- This site is optimized with the Yoast SEO plugin v25.6 - https:\/\/yoast.com\/wordpress\/plugins\/seo\/ -->\n<title>Pneumatic Punch Press Industrial-Grade - Anhui Chensi Machinery Equipment Co., Ltd.<\/title>\n<meta name=\"description\" content=\"Our Pneumatic Punch Press delivers high-speed, precise force for stamping and assembly. Boost your production efficiency with this robust solution\" \/>\n<meta name=\"robots\" content=\"index, follow, max-snippet:-1, max-image-preview:large, max-video-preview:-1\" \/>\n<link rel=\"canonical\" href=\"https:\/\/chenesme.com\/pt\/produto\/precision-pneumatic-press-for-metal-stamping\/\" \/>\n<meta property=\"og:locale\" content=\"pt_PT\" \/>\n<meta property=\"og:type\" content=\"article\" \/>\n<meta property=\"og:title\" content=\"Pneumatic Punch Press Industrial-Grade - Anhui Chensi Machinery Equipment Co., Ltd.\" \/>\n<meta property=\"og:description\" content=\"Our Pneumatic Punch Press delivers high-speed, precise force for stamping and assembly. Boost your production efficiency with this robust solution\" \/>\n<meta property=\"og:url\" content=\"https:\/\/chenesme.com\/pt\/produto\/precision-pneumatic-press-for-metal-stamping\/\" \/>\n<meta property=\"og:site_name\" content=\"Anhui Chensi Machinery Equipment Co., Ltd.\" \/>\n<meta property=\"article:modified_time\" content=\"2025-10-20T01:28:13+00:00\" \/>\n<meta property=\"og:image\" content=\"https:\/\/chenesme.com\/wp-content\/uploads\/2025\/10\/Pneumatic-Punching-Press-4.png\" \/>\n\t<meta property=\"og:image:width\" content=\"717\" \/>\n\t<meta property=\"og:image:height\" content=\"717\" \/>\n\t<meta property=\"og:image:type\" content=\"image\/png\" \/>\n<meta name=\"twitter:card\" content=\"summary_large_image\" \/>\n<meta name=\"twitter:label1\" content=\"Tempo estimado de leitura\" \/>\n\t<meta name=\"twitter:data1\" content=\"5 minutos\" \/>\n<script type=\"application\/ld+json\" class=\"yoast-schema-graph\">{\"@context\":\"https:\/\/schema.org\",\"@graph\":[{\"@type\":\"WebPage\",\"@id\":\"https:\/\/chenesme.com\/product\/precision-pneumatic-press-for-metal-stamping\/\",\"url\":\"https:\/\/chenesme.com\/product\/precision-pneumatic-press-for-metal-stamping\/\",\"name\":\"Pneumatic Punch Press Industrial-Grade - Anhui Chensi Machinery Equipment Co., Ltd.\",\"isPartOf\":{\"@id\":\"https:\/\/chenesme.com\/#website\"},\"primaryImageOfPage\":{\"@id\":\"https:\/\/chenesme.com\/product\/precision-pneumatic-press-for-metal-stamping\/#primaryimage\"},\"image\":{\"@id\":\"https:\/\/chenesme.com\/product\/precision-pneumatic-press-for-metal-stamping\/#primaryimage\"},\"thumbnailUrl\":\"https:\/\/chenesme.com\/wp-content\/uploads\/2025\/10\/Pneumatic-Punching-Press-4.png\",\"datePublished\":\"2025-10-17T05:45:20+00:00\",\"dateModified\":\"2025-10-20T01:28:13+00:00\",\"description\":\"Our Pneumatic Punch Press delivers high-speed, precise force for stamping and assembly. Boost your production efficiency with this robust solution\",\"breadcrumb\":{\"@id\":\"https:\/\/chenesme.com\/product\/precision-pneumatic-press-for-metal-stamping\/#breadcrumb\"},\"inLanguage\":\"pt-PT\",\"potentialAction\":[{\"@type\":\"ReadAction\",\"target\":[\"https:\/\/chenesme.com\/product\/precision-pneumatic-press-for-metal-stamping\/\"]}]},{\"@type\":\"ImageObject\",\"inLanguage\":\"pt-PT\",\"@id\":\"https:\/\/chenesme.com\/product\/precision-pneumatic-press-for-metal-stamping\/#primaryimage\",\"url\":\"https:\/\/chenesme.com\/wp-content\/uploads\/2025\/10\/Pneumatic-Punching-Press-4.png\",\"contentUrl\":\"https:\/\/chenesme.com\/wp-content\/uploads\/2025\/10\/Pneumatic-Punching-Press-4.png\",\"width\":717,\"height\":717},{\"@type\":\"BreadcrumbList\",\"@id\":\"https:\/\/chenesme.com\/product\/precision-pneumatic-press-for-metal-stamping\/#breadcrumb\",\"itemListElement\":[{\"@type\":\"ListItem\",\"position\":1,\"name\":\"Home\",\"item\":\"https:\/\/chenesme.com\/\"},{\"@type\":\"ListItem\",\"position\":2,\"name\":\"Product\",\"item\":\"https:\/\/chenesme.com\/product\/\"},{\"@type\":\"ListItem\",\"position\":3,\"name\":\"Pneumatic Punch Press Industrial-Grade\"}]},{\"@type\":\"WebSite\",\"@id\":\"https:\/\/chenesme.com\/#website\",\"url\":\"https:\/\/chenesme.com\/\",\"name\":\"Anhui Chensi Machinery Equipment Co., Ltd.\",\"description\":\"Anhui Chensi Machinery Equipment Co., Ltd.\",\"potentialAction\":[{\"@type\":\"SearchAction\",\"target\":{\"@type\":\"EntryPoint\",\"urlTemplate\":\"https:\/\/chenesme.com\/?s={search_term_string}\"},\"query-input\":{\"@type\":\"PropertyValueSpecification\",\"valueRequired\":true,\"valueName\":\"search_term_string\"}}],\"inLanguage\":\"pt-PT\"}]}<\/script>\n<!-- \/ Yoast SEO plugin. -->","yoast_head_json":{"title":"Pneumatic Punch Press Industrial-Grade - Anhui Chensi Machinery Equipment Co., Ltd.","description":"Our Pneumatic Punch Press delivers high-speed, precise force for stamping and assembly. Boost your production efficiency with this robust solution","robots":{"index":"index","follow":"follow","max-snippet":"max-snippet:-1","max-image-preview":"max-image-preview:large","max-video-preview":"max-video-preview:-1"},"canonical":"https:\/\/chenesme.com\/pt\/produto\/precision-pneumatic-press-for-metal-stamping\/","og_locale":"pt_PT","og_type":"article","og_title":"Pneumatic Punch Press Industrial-Grade - Anhui Chensi Machinery Equipment Co., Ltd.","og_description":"Our Pneumatic Punch Press delivers high-speed, precise force for stamping and assembly. Boost your production efficiency with this robust solution","og_url":"https:\/\/chenesme.com\/pt\/produto\/precision-pneumatic-press-for-metal-stamping\/","og_site_name":"Anhui Chensi Machinery Equipment Co., Ltd.","article_modified_time":"2025-10-20T01:28:13+00:00","og_image":[{"width":717,"height":717,"url":"https:\/\/chenesme.com\/wp-content\/uploads\/2025\/10\/Pneumatic-Punching-Press-4.png","type":"image\/png"}],"twitter_card":"summary_large_image","twitter_misc":{"Tempo estimado de leitura":"5 minutos"},"schema":{"@context":"https:\/\/schema.org","@graph":[{"@type":"WebPage","@id":"https:\/\/chenesme.com\/product\/precision-pneumatic-press-for-metal-stamping\/","url":"https:\/\/chenesme.com\/product\/precision-pneumatic-press-for-metal-stamping\/","name":"Pneumatic Punch Press Industrial-Grade - Anhui Chensi Machinery Equipment Co., Ltd.","isPartOf":{"@id":"https:\/\/chenesme.com\/#website"},"primaryImageOfPage":{"@id":"https:\/\/chenesme.com\/product\/precision-pneumatic-press-for-metal-stamping\/#primaryimage"},"image":{"@id":"https:\/\/chenesme.com\/product\/precision-pneumatic-press-for-metal-stamping\/#primaryimage"},"thumbnailUrl":"https:\/\/chenesme.com\/wp-content\/uploads\/2025\/10\/Pneumatic-Punching-Press-4.png","datePublished":"2025-10-17T05:45:20+00:00","dateModified":"2025-10-20T01:28:13+00:00","description":"Our Pneumatic Punch Press delivers high-speed, precise force for stamping and assembly. Boost your production efficiency with this robust solution","breadcrumb":{"@id":"https:\/\/chenesme.com\/product\/precision-pneumatic-press-for-metal-stamping\/#breadcrumb"},"inLanguage":"pt-PT","potentialAction":[{"@type":"ReadAction","target":["https:\/\/chenesme.com\/product\/precision-pneumatic-press-for-metal-stamping\/"]}]},{"@type":"ImageObject","inLanguage":"pt-PT","@id":"https:\/\/chenesme.com\/product\/precision-pneumatic-press-for-metal-stamping\/#primaryimage","url":"https:\/\/chenesme.com\/wp-content\/uploads\/2025\/10\/Pneumatic-Punching-Press-4.png","contentUrl":"https:\/\/chenesme.com\/wp-content\/uploads\/2025\/10\/Pneumatic-Punching-Press-4.png","width":717,"height":717},{"@type":"BreadcrumbList","@id":"https:\/\/chenesme.com\/product\/precision-pneumatic-press-for-metal-stamping\/#breadcrumb","itemListElement":[{"@type":"ListItem","position":1,"name":"Home","item":"https:\/\/chenesme.com\/"},{"@type":"ListItem","position":2,"name":"Product","item":"https:\/\/chenesme.com\/product\/"},{"@type":"ListItem","position":3,"name":"Pneumatic Punch Press Industrial-Grade"}]},{"@type":"WebSite","@id":"https:\/\/chenesme.com\/#website","url":"https:\/\/chenesme.com\/","name":"Anhui Chensi Machinery Equipment Co., Ltd.","description":"Anhui Chensi Machinery Equipment Co., Ltd.","potentialAction":[{"@type":"SearchAction","target":{"@type":"EntryPoint","urlTemplate":"https:\/\/chenesme.com\/?s={search_term_string}"},"query-input":{"@type":"PropertyValueSpecification","valueRequired":true,"valueName":"search_term_string"}}],"inLanguage":"pt-PT"}]}},"_links":{"self":[{"href":"https:\/\/chenesme.com\/pt\/wp-json\/wp\/v2\/product\/701","targetHints":{"allow":["GET"]}}],"collection":[{"href":"https:\/\/chenesme.com\/pt\/wp-json\/wp\/v2\/product"}],"about":[{"href":"https:\/\/chenesme.com\/pt\/wp-json\/wp\/v2\/types\/product"}],"version-history":[{"count":6,"href":"https:\/\/chenesme.com\/pt\/wp-json\/wp\/v2\/product\/701\/revisions"}],"predecessor-version":[{"id":731,"href":"https:\/\/chenesme.com\/pt\/wp-json\/wp\/v2\/product\/701\/revisions\/731"}],"wp:featuredmedia":[{"embeddable":true,"href":"https:\/\/chenesme.com\/pt\/wp-json\/wp\/v2\/media\/729"}],"wp:attachment":[{"href":"https:\/\/chenesme.com\/pt\/wp-json\/wp\/v2\/media?parent=701"}],"wp:term":[{"taxonomy":"product_brand","embeddable":true,"href":"https:\/\/chenesme.com\/pt\/wp-json\/wp\/v2\/product_brand?post=701"},{"taxonomy":"product_cat","embeddable":true,"href":"https:\/\/chenesme.com\/pt\/wp-json\/wp\/v2\/product_cat?post=701"},{"taxonomy":"product_tag","embeddable":true,"href":"https:\/\/chenesme.com\/pt\/wp-json\/wp\/v2\/product_tag?post=701"}],"curies":[{"name":"wp","href":"https:\/\/api.w.org\/{rel}","templated":true}]}}