{"id":702,"date":"2025-10-17T06:01:28","date_gmt":"2025-10-17T06:01:28","guid":{"rendered":"https:\/\/chenesme.com\/?post_type=product&#038;p=702"},"modified":"2025-10-17T06:28:00","modified_gmt":"2025-10-17T06:28:00","slug":"130t-3200mm-da53t-41-axis-hydraulic-bending-machine-sheet-metal-cnc-press-brake","status":"publish","type":"product","link":"https:\/\/chenesme.com\/pt\/produto\/130t-3200mm-da53t-41-axis-hydraulic-bending-machine-sheet-metal-cnc-press-brake\/","title":{"rendered":"M\u00e1quina de dobra hidr\u00e1ulica de chapa met\u00e1lica CNC 130T 3200MM DA53T 4+1 eixos"},"content":{"rendered":"<h2 style=\"text-align: center;\" title=\"40T 30T ESTUN E21 1200 1600 Mini m\u00e1quinas de dobra hidr\u00e1ulica CNC\" data-spm-anchor-id=\"a2700.details.0.i31.ad547cbfndgHs2\">M\u00e1quina de dobra hidr\u00e1ulica de chapa met\u00e1lica CNC 130T 3200MM DA53T 4+1 eixos<\/h2>\n<div style=\"width: 1220px;\" class=\"wp-video\"><video class=\"wp-video-shortcode\" id=\"video-702-1\" width=\"1220\" height=\"686\" preload=\"metadata\" controls=\"controls\"><source type=\"video\/mp4\" src=\"https:\/\/chenesme.com\/wp-content\/uploads\/2025\/10\/130T3200MM-DA53T-41-Axis-bending-machine-1.mp4?_=1\" \/><a href=\"https:\/\/chenesme.com\/wp-content\/uploads\/2025\/10\/130T3200MM-DA53T-41-Axis-bending-machine-1.mp4\">https:\/\/chenesme.com\/wp-content\/uploads\/2025\/10\/130T3200MM-DA53T-41-Axis-bending-machine-1.mp4<\/a><\/video><\/div>\n<h2>Configura\u00e7\u00e3o de exporta\u00e7\u00e3o padr\u00e3o:<\/h2>\n<p><img fetchpriority=\"high\" decoding=\"async\" class=\"alignleft wp-image-642 size-medium\" src=\"https:\/\/chenesme.com\/wp-content\/uploads\/2025\/10\/Standard-export-configuration-444x500.png\" alt=\"\" width=\"444\" height=\"500\" srcset=\"https:\/\/chenesme.com\/wp-content\/uploads\/2025\/10\/Standard-export-configuration-444x500.png 444w, https:\/\/chenesme.com\/wp-content\/uploads\/2025\/10\/Standard-export-configuration-267x300.png 267w, https:\/\/chenesme.com\/wp-content\/uploads\/2025\/10\/Standard-export-configuration-768x864.png 768w, https:\/\/chenesme.com\/wp-content\/uploads\/2025\/10\/Standard-export-configuration-11x12.png 11w, https:\/\/chenesme.com\/wp-content\/uploads\/2025\/10\/Standard-export-configuration-67x75.png 67w, https:\/\/chenesme.com\/wp-content\/uploads\/2025\/10\/Standard-export-configuration-480x540.png 480w, https:\/\/chenesme.com\/wp-content\/uploads\/2025\/10\/Standard-export-configuration.png 800w\" sizes=\"(max-width:767px) 444px, 444px\" \/><\/p>\n<p>&nbsp;<\/p>\n<p>&nbsp;<\/p>\n<p>&nbsp;<\/p>\n<h4>\u203b Grupo de v\u00e1lvulas Rexroth da Alemanha \u203b Conex\u00e3o de tubula\u00e7\u00e3o EMB da Alemanha<br \/>\n\u203b Bomba de \u00f3leo Sunny\/First, EUA<br \/>\n\u203b Guia linear de fuso de esferas, Taiwan HIWIN (China)<br \/>\n\u203b Sistema el\u00e9trico Schneider, Fran\u00e7a<br \/>\n\u203b Suporte frontal<br \/>\n\u203b Batente traseiro de alta precis\u00e3o<br \/>\n\u203b Interruptor de p\u00e9<br \/>\n\u203b Grade de prote\u00e7\u00e3o lateral e grade de prote\u00e7\u00e3o traseira (Opcional)<br \/>\n\u203b Prote\u00e7\u00e3o contra cortina de luz e prote\u00e7\u00e3o a laser (opcional)<\/h4>\n<p>&nbsp;<\/p>\n<p>&nbsp;<\/p>\n<p><img decoding=\"async\" class=\"aligncenter size-full wp-image-707\" src=\"https:\/\/chenesme.com\/wp-content\/uploads\/2025\/10\/130T3200MM-DA53T-41-Axis-bending-machine.jpg\" alt=\"\" width=\"1100\" height=\"825\" srcset=\"https:\/\/chenesme.com\/wp-content\/uploads\/2025\/10\/130T3200MM-DA53T-41-Axis-bending-machine.jpg 1100w, https:\/\/chenesme.com\/wp-content\/uploads\/2025\/10\/130T3200MM-DA53T-41-Axis-bending-machine-500x375.jpg 500w, https:\/\/chenesme.com\/wp-content\/uploads\/2025\/10\/130T3200MM-DA53T-41-Axis-bending-machine-300x225.jpg 300w, https:\/\/chenesme.com\/wp-content\/uploads\/2025\/10\/130T3200MM-DA53T-41-Axis-bending-machine-768x576.jpg 768w, https:\/\/chenesme.com\/wp-content\/uploads\/2025\/10\/130T3200MM-DA53T-41-Axis-bending-machine-16x12.jpg 16w, https:\/\/chenesme.com\/wp-content\/uploads\/2025\/10\/130T3200MM-DA53T-41-Axis-bending-machine-100x75.jpg 100w, https:\/\/chenesme.com\/wp-content\/uploads\/2025\/10\/130T3200MM-DA53T-41-Axis-bending-machine-960x720.jpg 960w, https:\/\/chenesme.com\/wp-content\/uploads\/2025\/10\/130T3200MM-DA53T-41-Axis-bending-machine-480x360.jpg 480w, https:\/\/chenesme.com\/wp-content\/uploads\/2025\/10\/130T3200MM-DA53T-41-Axis-bending-machine-800x600.jpg 800w\" sizes=\"(max-width:767px) 480px, (max-width:1100px) 100vw, 1100px\" \/><\/p>\n<h4 style=\"text-align: left;\"><strong><b><span data-spm-anchor-id=\"a2700.details-description.0.i1.5bda5Cij5CijfN\">DA53T <\/span>Sistema de controle:<\/b><\/strong><\/h4>\n<h5 style=\"text-align: left;\">1. Programa\u00e7\u00e3o r\u00e1pida em uma p\u00e1gina;<\/h5>\n<h5 style=\"text-align: left;\">2. Navega\u00e7\u00e3o por teclas de atalho;<\/h5>\n<h5 style=\"text-align: left;\">Tela TFT colorida widescreen de 3,7 polegadas;<\/h5>\n<h5 style=\"text-align: left;\">4. At\u00e9 4 eixos (Y1, Y2 e 2 eixos auxiliares);<\/h5>\n<h5 style=\"text-align: left;\">5. Controle de compensa\u00e7\u00e3o de deflex\u00e3o da bancada de trabalho;<\/h5>\n<h5 style=\"text-align: left;\">6. Interface perif\u00e9rica USB;<\/h5>\n<h5 style=\"text-align: left;\">7. Algoritmo avan\u00e7ado de controle do eixo Y, capaz de controlar v\u00e1lvulas tanto em malha fechada quanto em malha aberta.<\/h5>\n<h5 style=\"text-align: left;\">8. Estrutura de montagem em painel, caixa de suspens\u00e3o opcional.<\/h5>\n<h5 style=\"text-align: left;\">9. Tela totalmente sens\u00edvel ao toque.<\/h5>\n<p>&nbsp;<\/p>\n<p><img decoding=\"async\" class=\"aligncenter wp-image-709 size-full\" src=\"https:\/\/chenesme.com\/wp-content\/uploads\/2025\/10\/H2e35447c069944c497b334bcd7737efcO-scaled.jpg\" alt=\"\" width=\"1059\" height=\"2560\" srcset=\"https:\/\/chenesme.com\/wp-content\/uploads\/2025\/10\/H2e35447c069944c497b334bcd7737efcO-scaled.jpg 1059w, https:\/\/chenesme.com\/wp-content\/uploads\/2025\/10\/H2e35447c069944c497b334bcd7737efcO-207x500.jpg 207w, https:\/\/chenesme.com\/wp-content\/uploads\/2025\/10\/H2e35447c069944c497b334bcd7737efcO-497x1200.jpg 497w, https:\/\/chenesme.com\/wp-content\/uploads\/2025\/10\/H2e35447c069944c497b334bcd7737efcO-124x300.jpg 124w, https:\/\/chenesme.com\/wp-content\/uploads\/2025\/10\/H2e35447c069944c497b334bcd7737efcO-768x1856.jpg 768w, https:\/\/chenesme.com\/wp-content\/uploads\/2025\/10\/H2e35447c069944c497b334bcd7737efcO-636x1536.jpg 636w, https:\/\/chenesme.com\/wp-content\/uploads\/2025\/10\/H2e35447c069944c497b334bcd7737efcO-847x2048.jpg 847w, https:\/\/chenesme.com\/wp-content\/uploads\/2025\/10\/H2e35447c069944c497b334bcd7737efcO-5x12.jpg 5w, https:\/\/chenesme.com\/wp-content\/uploads\/2025\/10\/H2e35447c069944c497b334bcd7737efcO-31x75.jpg 31w, https:\/\/chenesme.com\/wp-content\/uploads\/2025\/10\/H2e35447c069944c497b334bcd7737efcO-397x960.jpg 397w, https:\/\/chenesme.com\/wp-content\/uploads\/2025\/10\/H2e35447c069944c497b334bcd7737efcO-800x1933.jpg 800w\" sizes=\"(max-width:767px) 480px, (max-width:1059px) 100vw, 1059px\" \/><img loading=\"lazy\" decoding=\"async\" class=\"aligncenter size-full wp-image-710\" src=\"https:\/\/chenesme.com\/wp-content\/uploads\/2025\/10\/H91418792f3c54833a3d5a1d733b00e40O.jpg\" alt=\"\" width=\"1200\" height=\"1311\" srcset=\"https:\/\/chenesme.com\/wp-content\/uploads\/2025\/10\/H91418792f3c54833a3d5a1d733b00e40O.jpg 1200w, https:\/\/chenesme.com\/wp-content\/uploads\/2025\/10\/H91418792f3c54833a3d5a1d733b00e40O-458x500.jpg 458w, https:\/\/chenesme.com\/wp-content\/uploads\/2025\/10\/H91418792f3c54833a3d5a1d733b00e40O-1098x1200.jpg 1098w, https:\/\/chenesme.com\/wp-content\/uploads\/2025\/10\/H91418792f3c54833a3d5a1d733b00e40O-275x300.jpg 275w, https:\/\/chenesme.com\/wp-content\/uploads\/2025\/10\/H91418792f3c54833a3d5a1d733b00e40O-768x839.jpg 768w, https:\/\/chenesme.com\/wp-content\/uploads\/2025\/10\/H91418792f3c54833a3d5a1d733b00e40O-11x12.jpg 11w, https:\/\/chenesme.com\/wp-content\/uploads\/2025\/10\/H91418792f3c54833a3d5a1d733b00e40O-69x75.jpg 69w, https:\/\/chenesme.com\/wp-content\/uploads\/2025\/10\/H91418792f3c54833a3d5a1d733b00e40O-480x524.jpg 480w, https:\/\/chenesme.com\/wp-content\/uploads\/2025\/10\/H91418792f3c54833a3d5a1d733b00e40O-800x874.jpg 800w\" sizes=\"(max-width:767px) 480px, (max-width:1200px) 100vw, 1200px\" \/><\/p>\n<p>&nbsp;<\/p>\n<h3>Par\u00e2metros (personaliz\u00e1veis):<\/h3>\n<p><img loading=\"lazy\" decoding=\"async\" class=\"aligncenter size-full wp-image-661\" src=\"https:\/\/chenesme.com\/wp-content\/uploads\/2025\/10\/H2807dc6ca004411d913e8d9042279563k.png\" alt=\"\" width=\"1000\" height=\"1033\" srcset=\"https:\/\/chenesme.com\/wp-content\/uploads\/2025\/10\/H2807dc6ca004411d913e8d9042279563k.png 1000w, https:\/\/chenesme.com\/wp-content\/uploads\/2025\/10\/H2807dc6ca004411d913e8d9042279563k-484x500.png 484w, https:\/\/chenesme.com\/wp-content\/uploads\/2025\/10\/H2807dc6ca004411d913e8d9042279563k-290x300.png 290w, https:\/\/chenesme.com\/wp-content\/uploads\/2025\/10\/H2807dc6ca004411d913e8d9042279563k-768x793.png 768w, https:\/\/chenesme.com\/wp-content\/uploads\/2025\/10\/H2807dc6ca004411d913e8d9042279563k-12x12.png 12w, https:\/\/chenesme.com\/wp-content\/uploads\/2025\/10\/H2807dc6ca004411d913e8d9042279563k-73x75.png 73w, https:\/\/chenesme.com\/wp-content\/uploads\/2025\/10\/H2807dc6ca004411d913e8d9042279563k-480x496.png 480w, https:\/\/chenesme.com\/wp-content\/uploads\/2025\/10\/H2807dc6ca004411d913e8d9042279563k-800x826.png 800w\" sizes=\"(max-width:767px) 480px, (max-width:1000px) 100vw, 1000px\" \/><\/p>","protected":false},"excerpt":{"rendered":"<p>130T 3200MM DA53T 4+1 Axis Hydraulic Bending Machine Sheet Metal Cnc Press Brake Standard export configuration\uff1a &nbsp; &nbsp; &nbsp; \u203b Germany Rexroth valve group\u203b Pipe joint<span class=\"excerpt-hellip\"> [\u2026]<\/span><\/p>","protected":false},"featured_media":708,"template":"","meta":{"_joinchat":[]},"product_brand":[],"product_cat":[17],"product_tag":[],"class_list":{"0":"post-702","1":"product","2":"type-product","3":"status-publish","4":"has-post-thumbnail","6":"product_cat-hydraulic-press-brake","8":"first","9":"instock","10":"shipping-taxable","11":"product-type-external"},"yoast_head":"<!-- This site is optimized with the Yoast SEO plugin v25.6 - https:\/\/yoast.com\/wordpress\/plugins\/seo\/ -->\n<title>130T 3200MM DA53T 4+1 Axis Hydraulic Bending Machine Sheet Metal Cnc Press Brake - Anhui Chensi Machinery Equipment Co., Ltd.<\/title>\n<meta name=\"robots\" content=\"index, follow, max-snippet:-1, max-image-preview:large, max-video-preview:-1\" \/>\n<link rel=\"canonical\" href=\"https:\/\/chenesme.com\/pt\/produto\/130t-3200mm-da53t-41-axis-hydraulic-bending-machine-sheet-metal-cnc-press-brake\/\" \/>\n<meta property=\"og:locale\" content=\"pt_PT\" \/>\n<meta property=\"og:type\" content=\"article\" \/>\n<meta property=\"og:title\" content=\"130T 3200MM DA53T 4+1 Axis Hydraulic Bending Machine Sheet Metal Cnc Press Brake - Anhui Chensi Machinery Equipment Co., Ltd.\" \/>\n<meta property=\"og:description\" content=\"130T 3200MM DA53T 4+1 Axis Hydraulic Bending Machine Sheet Metal Cnc Press Brake Standard export configuration\uff1a &nbsp; &nbsp; &nbsp; \u203b Germany Rexroth valve group\u203b Pipe joint [\u2026]\" \/>\n<meta property=\"og:url\" content=\"https:\/\/chenesme.com\/pt\/produto\/130t-3200mm-da53t-41-axis-hydraulic-bending-machine-sheet-metal-cnc-press-brake\/\" \/>\n<meta property=\"og:site_name\" content=\"Anhui Chensi Machinery Equipment Co., Ltd.\" \/>\n<meta property=\"article:modified_time\" content=\"2025-10-17T06:28:00+00:00\" \/>\n<meta property=\"og:image\" content=\"https:\/\/chenesme.com\/wp-content\/uploads\/2025\/10\/130T3200MM-DA53T-41-Axis-bending-machine.png\" \/>\n\t<meta property=\"og:image:width\" content=\"800\" \/>\n\t<meta property=\"og:image:height\" content=\"800\" \/>\n\t<meta property=\"og:image:type\" content=\"image\/png\" \/>\n<meta name=\"twitter:card\" content=\"summary_large_image\" \/>\n<meta name=\"twitter:label1\" content=\"Tempo estimado de leitura\" \/>\n\t<meta name=\"twitter:data1\" content=\"2 minutos\" \/>\n<script type=\"application\/ld+json\" class=\"yoast-schema-graph\">{\"@context\":\"https:\/\/schema.org\",\"@graph\":[{\"@type\":\"WebPage\",\"@id\":\"https:\/\/chenesme.com\/product\/130t-3200mm-da53t-41-axis-hydraulic-bending-machine-sheet-metal-cnc-press-brake\/\",\"url\":\"https:\/\/chenesme.com\/product\/130t-3200mm-da53t-41-axis-hydraulic-bending-machine-sheet-metal-cnc-press-brake\/\",\"name\":\"130T 3200MM DA53T 4+1 Axis Hydraulic Bending Machine Sheet Metal Cnc Press Brake - Anhui Chensi Machinery Equipment Co., Ltd.\",\"isPartOf\":{\"@id\":\"https:\/\/chenesme.com\/#website\"},\"primaryImageOfPage\":{\"@id\":\"https:\/\/chenesme.com\/product\/130t-3200mm-da53t-41-axis-hydraulic-bending-machine-sheet-metal-cnc-press-brake\/#primaryimage\"},\"image\":{\"@id\":\"https:\/\/chenesme.com\/product\/130t-3200mm-da53t-41-axis-hydraulic-bending-machine-sheet-metal-cnc-press-brake\/#primaryimage\"},\"thumbnailUrl\":\"https:\/\/chenesme.com\/wp-content\/uploads\/2025\/10\/130T3200MM-DA53T-41-Axis-bending-machine.png\",\"datePublished\":\"2025-10-17T06:01:28+00:00\",\"dateModified\":\"2025-10-17T06:28:00+00:00\",\"breadcrumb\":{\"@id\":\"https:\/\/chenesme.com\/product\/130t-3200mm-da53t-41-axis-hydraulic-bending-machine-sheet-metal-cnc-press-brake\/#breadcrumb\"},\"inLanguage\":\"pt-PT\",\"potentialAction\":[{\"@type\":\"ReadAction\",\"target\":[\"https:\/\/chenesme.com\/product\/130t-3200mm-da53t-41-axis-hydraulic-bending-machine-sheet-metal-cnc-press-brake\/\"]}]},{\"@type\":\"ImageObject\",\"inLanguage\":\"pt-PT\",\"@id\":\"https:\/\/chenesme.com\/product\/130t-3200mm-da53t-41-axis-hydraulic-bending-machine-sheet-metal-cnc-press-brake\/#primaryimage\",\"url\":\"https:\/\/chenesme.com\/wp-content\/uploads\/2025\/10\/130T3200MM-DA53T-41-Axis-bending-machine.png\",\"contentUrl\":\"https:\/\/chenesme.com\/wp-content\/uploads\/2025\/10\/130T3200MM-DA53T-41-Axis-bending-machine.png\",\"width\":800,\"height\":800},{\"@type\":\"BreadcrumbList\",\"@id\":\"https:\/\/chenesme.com\/product\/130t-3200mm-da53t-41-axis-hydraulic-bending-machine-sheet-metal-cnc-press-brake\/#breadcrumb\",\"itemListElement\":[{\"@type\":\"ListItem\",\"position\":1,\"name\":\"Home\",\"item\":\"https:\/\/chenesme.com\/\"},{\"@type\":\"ListItem\",\"position\":2,\"name\":\"Product\",\"item\":\"https:\/\/chenesme.com\/product\/\"},{\"@type\":\"ListItem\",\"position\":3,\"name\":\"130T 3200MM DA53T 4+1 Axis Hydraulic Bending Machine Sheet Metal Cnc Press Brake\"}]},{\"@type\":\"WebSite\",\"@id\":\"https:\/\/chenesme.com\/#website\",\"url\":\"https:\/\/chenesme.com\/\",\"name\":\"Anhui Chensi Machinery Equipment Co., Ltd.\",\"description\":\"Anhui Chensi Machinery Equipment Co., Ltd.\",\"potentialAction\":[{\"@type\":\"SearchAction\",\"target\":{\"@type\":\"EntryPoint\",\"urlTemplate\":\"https:\/\/chenesme.com\/?s={search_term_string}\"},\"query-input\":{\"@type\":\"PropertyValueSpecification\",\"valueRequired\":true,\"valueName\":\"search_term_string\"}}],\"inLanguage\":\"pt-PT\"}]}<\/script>\n<!-- \/ Yoast SEO plugin. -->","yoast_head_json":{"title":"130T 3200MM DA53T 4+1 Axis Hydraulic Bending Machine Sheet Metal Cnc Press Brake - Anhui Chensi Machinery Equipment Co., Ltd.","robots":{"index":"index","follow":"follow","max-snippet":"max-snippet:-1","max-image-preview":"max-image-preview:large","max-video-preview":"max-video-preview:-1"},"canonical":"https:\/\/chenesme.com\/pt\/produto\/130t-3200mm-da53t-41-axis-hydraulic-bending-machine-sheet-metal-cnc-press-brake\/","og_locale":"pt_PT","og_type":"article","og_title":"130T 3200MM DA53T 4+1 Axis Hydraulic Bending Machine Sheet Metal Cnc Press Brake - Anhui Chensi Machinery Equipment Co., Ltd.","og_description":"130T 3200MM DA53T 4+1 Axis Hydraulic Bending Machine Sheet Metal Cnc Press Brake Standard export configuration\uff1a &nbsp; &nbsp; &nbsp; \u203b Germany Rexroth valve group\u203b Pipe joint [\u2026]","og_url":"https:\/\/chenesme.com\/pt\/produto\/130t-3200mm-da53t-41-axis-hydraulic-bending-machine-sheet-metal-cnc-press-brake\/","og_site_name":"Anhui Chensi Machinery Equipment Co., Ltd.","article_modified_time":"2025-10-17T06:28:00+00:00","og_image":[{"width":800,"height":800,"url":"https:\/\/chenesme.com\/wp-content\/uploads\/2025\/10\/130T3200MM-DA53T-41-Axis-bending-machine.png","type":"image\/png"}],"twitter_card":"summary_large_image","twitter_misc":{"Tempo estimado de leitura":"2 minutos"},"schema":{"@context":"https:\/\/schema.org","@graph":[{"@type":"WebPage","@id":"https:\/\/chenesme.com\/product\/130t-3200mm-da53t-41-axis-hydraulic-bending-machine-sheet-metal-cnc-press-brake\/","url":"https:\/\/chenesme.com\/product\/130t-3200mm-da53t-41-axis-hydraulic-bending-machine-sheet-metal-cnc-press-brake\/","name":"130T 3200MM DA53T 4+1 Axis Hydraulic Bending Machine Sheet Metal Cnc Press Brake - Anhui Chensi Machinery Equipment Co., Ltd.","isPartOf":{"@id":"https:\/\/chenesme.com\/#website"},"primaryImageOfPage":{"@id":"https:\/\/chenesme.com\/product\/130t-3200mm-da53t-41-axis-hydraulic-bending-machine-sheet-metal-cnc-press-brake\/#primaryimage"},"image":{"@id":"https:\/\/chenesme.com\/product\/130t-3200mm-da53t-41-axis-hydraulic-bending-machine-sheet-metal-cnc-press-brake\/#primaryimage"},"thumbnailUrl":"https:\/\/chenesme.com\/wp-content\/uploads\/2025\/10\/130T3200MM-DA53T-41-Axis-bending-machine.png","datePublished":"2025-10-17T06:01:28+00:00","dateModified":"2025-10-17T06:28:00+00:00","breadcrumb":{"@id":"https:\/\/chenesme.com\/product\/130t-3200mm-da53t-41-axis-hydraulic-bending-machine-sheet-metal-cnc-press-brake\/#breadcrumb"},"inLanguage":"pt-PT","potentialAction":[{"@type":"ReadAction","target":["https:\/\/chenesme.com\/product\/130t-3200mm-da53t-41-axis-hydraulic-bending-machine-sheet-metal-cnc-press-brake\/"]}]},{"@type":"ImageObject","inLanguage":"pt-PT","@id":"https:\/\/chenesme.com\/product\/130t-3200mm-da53t-41-axis-hydraulic-bending-machine-sheet-metal-cnc-press-brake\/#primaryimage","url":"https:\/\/chenesme.com\/wp-content\/uploads\/2025\/10\/130T3200MM-DA53T-41-Axis-bending-machine.png","contentUrl":"https:\/\/chenesme.com\/wp-content\/uploads\/2025\/10\/130T3200MM-DA53T-41-Axis-bending-machine.png","width":800,"height":800},{"@type":"BreadcrumbList","@id":"https:\/\/chenesme.com\/product\/130t-3200mm-da53t-41-axis-hydraulic-bending-machine-sheet-metal-cnc-press-brake\/#breadcrumb","itemListElement":[{"@type":"ListItem","position":1,"name":"Home","item":"https:\/\/chenesme.com\/"},{"@type":"ListItem","position":2,"name":"Product","item":"https:\/\/chenesme.com\/product\/"},{"@type":"ListItem","position":3,"name":"130T 3200MM DA53T 4+1 Axis Hydraulic Bending Machine Sheet Metal Cnc Press Brake"}]},{"@type":"WebSite","@id":"https:\/\/chenesme.com\/#website","url":"https:\/\/chenesme.com\/","name":"Anhui Chensi Machinery Equipment Co., Ltd.","description":"Anhui Chensi Machinery Equipment Co., Ltd.","potentialAction":[{"@type":"SearchAction","target":{"@type":"EntryPoint","urlTemplate":"https:\/\/chenesme.com\/?s={search_term_string}"},"query-input":{"@type":"PropertyValueSpecification","valueRequired":true,"valueName":"search_term_string"}}],"inLanguage":"pt-PT"}]}},"_links":{"self":[{"href":"https:\/\/chenesme.com\/pt\/wp-json\/wp\/v2\/product\/702","targetHints":{"allow":["GET"]}}],"collection":[{"href":"https:\/\/chenesme.com\/pt\/wp-json\/wp\/v2\/product"}],"about":[{"href":"https:\/\/chenesme.com\/pt\/wp-json\/wp\/v2\/types\/product"}],"version-history":[{"count":1,"href":"https:\/\/chenesme.com\/pt\/wp-json\/wp\/v2\/product\/702\/revisions"}],"predecessor-version":[{"id":711,"href":"https:\/\/chenesme.com\/pt\/wp-json\/wp\/v2\/product\/702\/revisions\/711"}],"wp:featuredmedia":[{"embeddable":true,"href":"https:\/\/chenesme.com\/pt\/wp-json\/wp\/v2\/media\/708"}],"wp:attachment":[{"href":"https:\/\/chenesme.com\/pt\/wp-json\/wp\/v2\/media?parent=702"}],"wp:term":[{"taxonomy":"product_brand","embeddable":true,"href":"https:\/\/chenesme.com\/pt\/wp-json\/wp\/v2\/product_brand?post=702"},{"taxonomy":"product_cat","embeddable":true,"href":"https:\/\/chenesme.com\/pt\/wp-json\/wp\/v2\/product_cat?post=702"},{"taxonomy":"product_tag","embeddable":true,"href":"https:\/\/chenesme.com\/pt\/wp-json\/wp\/v2\/product_tag?post=702"}],"curies":[{"name":"wp","href":"https:\/\/api.w.org\/{rel}","templated":true}]}}