{"id":760,"date":"2025-10-20T07:02:48","date_gmt":"2025-10-20T07:02:48","guid":{"rendered":"https:\/\/chenesme.com\/?post_type=product&#038;p=760"},"modified":"2025-10-22T06:42:35","modified_gmt":"2025-10-22T06:42:35","slug":"precision-air-power-press","status":"publish","type":"product","link":"https:\/\/chenesme.com\/pt\/produto\/precision-air-power-press\/","title":{"rendered":"Prensa pneum\u00e1tica"},"content":{"rendered":"<h3><strong>Prensa pneum\u00e1tica eficiente para estampagem de metais<\/strong><\/h3>\n<p>A Prensa Pneum\u00e1tica de Precis\u00e3o oferece controle superior, for\u00e7a consistente e opera\u00e7\u00e3o limpa para suas tarefas mais exigentes de estampagem, corte e conforma\u00e7\u00e3o. Obtenha alta repetibilidade e aumente a produtividade. Descubra a solu\u00e7\u00e3o ideal para sua linha de montagem.<\/p>\n<p><img fetchpriority=\"high\" decoding=\"async\" class=\"size-full wp-image-828 alignleft\" src=\"https:\/\/chenesme.com\/wp-content\/uploads\/2025\/10\/Pneumatic-Punching-Press-4-1.png\" alt=\"\" width=\"699\" height=\"711\" srcset=\"https:\/\/chenesme.com\/wp-content\/uploads\/2025\/10\/Pneumatic-Punching-Press-4-1.png 699w, https:\/\/chenesme.com\/wp-content\/uploads\/2025\/10\/Pneumatic-Punching-Press-4-1-492x500.png 492w, https:\/\/chenesme.com\/wp-content\/uploads\/2025\/10\/Pneumatic-Punching-Press-4-1-295x300.png 295w, https:\/\/chenesme.com\/wp-content\/uploads\/2025\/10\/Pneumatic-Punching-Press-4-1-12x12.png 12w, https:\/\/chenesme.com\/wp-content\/uploads\/2025\/10\/Pneumatic-Punching-Press-4-1-74x75.png 74w, https:\/\/chenesme.com\/wp-content\/uploads\/2025\/10\/Pneumatic-Punching-Press-4-1-480x488.png 480w\" sizes=\"(max-width:767px) 480px, 699px\" \/><\/p>\n<p>&nbsp;<\/p>\n<p>&nbsp;<\/p>\n<p>&nbsp;<\/p>\n<p>&nbsp;<\/p>\n<p>&nbsp;<\/p>\n<p>&nbsp;<\/p>\n<p>&nbsp;<\/p>\n<p>&nbsp;<\/p>\n<p>&nbsp;<\/p>\n<p>&nbsp;<\/p>\n<p>&nbsp;<\/p>\n<p>&nbsp;<\/p>\n<p>&nbsp;<\/p>\n<p>&nbsp;<\/p>\n<p>&nbsp;<\/p>\n<p>&nbsp;<\/p>\n<p>&nbsp;<\/p>\n<p>&nbsp;<\/p>\n<p>&nbsp;<\/p>\n<p>&nbsp;<\/p>\n<p><b><span data-spm-anchor-id=\"a2700.details-description.0.i0.62fa4Y7x4Y7x0K\"><strong>Prensa pneum\u00e1tica <\/strong>Perfurador de furos para m\u00e1quina de perfura\u00e7\u00e3o de metal - pre\u00e7o promocional <\/span>Aplicativo: <\/b><\/p>\n<div><span data-spm-anchor-id=\"a2700.details-description.0.i1.62fa4Y7x4Y7x0K\">\u25cfRealizar diversos processos de estampagem a frio, como corte, pun\u00e7\u00e3o, conforma\u00e7\u00e3o, dobra e estampagem rasa.<\/span><\/div>\n<div><\/div>\n<div>\u25cf Utilizado em eletrodom\u00e9sticos, ve\u00edculos, tratores, m\u00e1quinas de minera\u00e7\u00e3o, ferramentas, fabrica\u00e7\u00e3o de m\u00e1quinas e outros setores industriais.<\/div>\n<div><\/div>\n<div>\u25cf A prensa pneum\u00e1tica de perfura\u00e7\u00e3o de furos para m\u00e1quinas de perfura\u00e7\u00e3o de metal, com corpo soldado, possui boa rigidez e maior precis\u00e3o.<\/div>\n<div><\/div>\n<div>\u25cfO virabrequim est\u00e1 posicionado verticalmente, com estrutura compacta e apar\u00eancia elegante.<\/div>\n<div><\/div>\n<div>\u25cf A altura do molde pode ser ajustada eletricamente e tamb\u00e9m por meio de um visor digital.<\/div>\n<div><\/div>\n<div>\u25cf O bloco deslizante adota um trilho guia hexa\u00e9drico retangular alongado e uma placa de revestimento de bronze, o que lhe confere alta precis\u00e3o de guia.<\/div>\n<div><\/div>\n<div>\u25cf Dispositivo de seguran\u00e7a do tipo compress\u00e3o para garantir a seguran\u00e7a de toda a m\u00e1quina quando estiver em funcionamento.<br \/>\nsobrecarregado.<\/div>\n<div><\/div>\n<div>\u25cf A altura do cursor possui um cilindro de equil\u00edbrio de eleva\u00e7\u00e3o para alcan\u00e7ar o equil\u00edbrio da haste de conex\u00e3o do cursor.<\/p>\n<\/div>\n<div><\/div>\n<div><\/div>\n<div><img decoding=\"async\" class=\"wp-image-758 alignleft\" src=\"https:\/\/chenesme.com\/wp-content\/uploads\/2025\/10\/punch.jpg\" alt=\"\" width=\"709\" height=\"399\" srcset=\"https:\/\/chenesme.com\/wp-content\/uploads\/2025\/10\/punch.jpg 1000w, https:\/\/chenesme.com\/wp-content\/uploads\/2025\/10\/punch-500x282.jpg 500w, https:\/\/chenesme.com\/wp-content\/uploads\/2025\/10\/punch-300x169.jpg 300w, https:\/\/chenesme.com\/wp-content\/uploads\/2025\/10\/punch-768x432.jpg 768w, https:\/\/chenesme.com\/wp-content\/uploads\/2025\/10\/punch-18x10.jpg 18w, https:\/\/chenesme.com\/wp-content\/uploads\/2025\/10\/punch-133x75.jpg 133w, https:\/\/chenesme.com\/wp-content\/uploads\/2025\/10\/punch-480x270.jpg 480w, https:\/\/chenesme.com\/wp-content\/uploads\/2025\/10\/punch-800x450.jpg 800w\" sizes=\"(max-width:767px) 480px, 709px\" \/><\/div>\n<div><\/div>\n<div><\/div>\n<div><\/div>\n<div><\/div>\n<div><\/div>\n<div><\/div>\n<div><\/div>\n<div><\/div>\n<div><\/div>\n<div><\/div>\n<div><\/div>\n<div><\/div>\n<div><\/div>\n<div><\/div>\n<div><\/div>\n<div><\/div>\n<div><\/div>\n<div><\/div>\n<div><\/div>\n<div><\/div>\n<div><b>Caracter\u00edsticas <\/b><\/div>\n<div>\u25cf A furadeira pneum\u00e1tica para metal, com pre\u00e7o de venda acess\u00edvel, pode ser movida em cent\u00edmetros e o movimento pode ser interrompido instantaneamente, tornando a opera\u00e7\u00e3o mais segura.<\/div>\n<div>\u25cf A estrada adota controle de v\u00e1lvula dupla, que \u00e9 sens\u00edvel em sua opera\u00e7\u00e3o e atende aos padr\u00f5es de seguran\u00e7a das prensas.<\/div>","protected":false},"excerpt":{"rendered":"<p>As puncionadeiras pneum\u00e1ticas CNC s\u00e3o projetadas para maximizar a produ\u00e7\u00e3o, com tempos de ciclo r\u00e1pidos, permitindo opera\u00e7\u00e3o cont\u00ednua. Isso aumenta a produ\u00e7\u00e3o e reduz o tempo de opera\u00e7\u00e3o, tornando-as ideais para produ\u00e7\u00e3o em larga escala. A alta velocidade garante atrasos m\u00ednimos entre as opera\u00e7\u00f5es, aumentando a efici\u00eancia geral. Elas se caracterizam por alta efici\u00eancia, velocidade e baixa necessidade de manuten\u00e7\u00e3o.<\/p>","protected":false},"featured_media":828,"template":"","meta":{"_joinchat":[]},"product_brand":[],"product_cat":[21],"product_tag":[],"class_list":{"0":"post-760","1":"product","2":"type-product","3":"status-publish","4":"has-post-thumbnail","6":"product_cat-pneumatic-punching-machine","8":"first","9":"instock","10":"shipping-taxable","11":"product-type-external"},"yoast_head":"<!-- This site is optimized with the Yoast SEO plugin v25.6 - https:\/\/yoast.com\/wordpress\/plugins\/seo\/ -->\n<title>Air Power Press - Anhui Chensi Machinery Equipment Co., Ltd.<\/title>\n<meta name=\"description\" content=\"The Air Power Press,For precision stamping, forming &amp; assembly. Affordable, reliable solutions.Precision control &amp; repeatability for manufacturing.\" \/>\n<meta name=\"robots\" content=\"index, follow, max-snippet:-1, max-image-preview:large, max-video-preview:-1\" \/>\n<link rel=\"canonical\" href=\"https:\/\/chenesme.com\/pt\/produto\/precision-air-power-press\/\" \/>\n<meta property=\"og:locale\" content=\"pt_PT\" \/>\n<meta property=\"og:type\" content=\"article\" \/>\n<meta property=\"og:title\" content=\"Air Power Press - Anhui Chensi Machinery Equipment Co., Ltd.\" \/>\n<meta property=\"og:description\" content=\"The Air Power Press,For precision stamping, forming &amp; assembly. Affordable, reliable solutions.Precision control &amp; repeatability for manufacturing.\" \/>\n<meta property=\"og:url\" content=\"https:\/\/chenesme.com\/pt\/produto\/precision-air-power-press\/\" \/>\n<meta property=\"og:site_name\" content=\"Anhui Chensi Machinery Equipment Co., Ltd.\" \/>\n<meta property=\"article:modified_time\" content=\"2025-10-22T06:42:35+00:00\" \/>\n<meta property=\"og:image\" content=\"https:\/\/chenesme.com\/wp-content\/uploads\/2025\/10\/Pneumatic-Punching-Press-4-1.png\" \/>\n\t<meta property=\"og:image:width\" content=\"699\" \/>\n\t<meta property=\"og:image:height\" content=\"711\" \/>\n\t<meta property=\"og:image:type\" content=\"image\/png\" \/>\n<meta name=\"twitter:card\" content=\"summary_large_image\" \/>\n<meta name=\"twitter:label1\" content=\"Tempo estimado de leitura\" \/>\n\t<meta name=\"twitter:data1\" content=\"2 minutos\" \/>\n<script type=\"application\/ld+json\" class=\"yoast-schema-graph\">{\"@context\":\"https:\/\/schema.org\",\"@graph\":[{\"@type\":\"WebPage\",\"@id\":\"https:\/\/chenesme.com\/product\/precision-air-power-press\/\",\"url\":\"https:\/\/chenesme.com\/product\/precision-air-power-press\/\",\"name\":\"Air Power Press - Anhui Chensi Machinery Equipment Co., Ltd.\",\"isPartOf\":{\"@id\":\"https:\/\/chenesme.com\/#website\"},\"primaryImageOfPage\":{\"@id\":\"https:\/\/chenesme.com\/product\/precision-air-power-press\/#primaryimage\"},\"image\":{\"@id\":\"https:\/\/chenesme.com\/product\/precision-air-power-press\/#primaryimage\"},\"thumbnailUrl\":\"https:\/\/chenesme.com\/wp-content\/uploads\/2025\/10\/Pneumatic-Punching-Press-4-1.png\",\"datePublished\":\"2025-10-20T07:02:48+00:00\",\"dateModified\":\"2025-10-22T06:42:35+00:00\",\"description\":\"The Air Power Press,For precision stamping, forming & assembly. Affordable, reliable solutions.Precision control & repeatability for manufacturing.\",\"breadcrumb\":{\"@id\":\"https:\/\/chenesme.com\/product\/precision-air-power-press\/#breadcrumb\"},\"inLanguage\":\"pt-PT\",\"potentialAction\":[{\"@type\":\"ReadAction\",\"target\":[\"https:\/\/chenesme.com\/product\/precision-air-power-press\/\"]}]},{\"@type\":\"ImageObject\",\"inLanguage\":\"pt-PT\",\"@id\":\"https:\/\/chenesme.com\/product\/precision-air-power-press\/#primaryimage\",\"url\":\"https:\/\/chenesme.com\/wp-content\/uploads\/2025\/10\/Pneumatic-Punching-Press-4-1.png\",\"contentUrl\":\"https:\/\/chenesme.com\/wp-content\/uploads\/2025\/10\/Pneumatic-Punching-Press-4-1.png\",\"width\":699,\"height\":711},{\"@type\":\"BreadcrumbList\",\"@id\":\"https:\/\/chenesme.com\/product\/precision-air-power-press\/#breadcrumb\",\"itemListElement\":[{\"@type\":\"ListItem\",\"position\":1,\"name\":\"Home\",\"item\":\"https:\/\/chenesme.com\/\"},{\"@type\":\"ListItem\",\"position\":2,\"name\":\"Product\",\"item\":\"https:\/\/chenesme.com\/product\/\"},{\"@type\":\"ListItem\",\"position\":3,\"name\":\"Air Power Press\"}]},{\"@type\":\"WebSite\",\"@id\":\"https:\/\/chenesme.com\/#website\",\"url\":\"https:\/\/chenesme.com\/\",\"name\":\"Anhui Chensi Machinery Equipment Co., Ltd.\",\"description\":\"Anhui Chensi Machinery Equipment Co., Ltd.\",\"potentialAction\":[{\"@type\":\"SearchAction\",\"target\":{\"@type\":\"EntryPoint\",\"urlTemplate\":\"https:\/\/chenesme.com\/?s={search_term_string}\"},\"query-input\":{\"@type\":\"PropertyValueSpecification\",\"valueRequired\":true,\"valueName\":\"search_term_string\"}}],\"inLanguage\":\"pt-PT\"}]}<\/script>\n<!-- \/ Yoast SEO plugin. -->","yoast_head_json":{"title":"Air Power Press - Anhui Chensi Machinery Equipment Co., Ltd.","description":"The Air Power Press,For precision stamping, forming & assembly. Affordable, reliable solutions.Precision control & repeatability for manufacturing.","robots":{"index":"index","follow":"follow","max-snippet":"max-snippet:-1","max-image-preview":"max-image-preview:large","max-video-preview":"max-video-preview:-1"},"canonical":"https:\/\/chenesme.com\/pt\/produto\/precision-air-power-press\/","og_locale":"pt_PT","og_type":"article","og_title":"Air Power Press - Anhui Chensi Machinery Equipment Co., Ltd.","og_description":"The Air Power Press,For precision stamping, forming & assembly. Affordable, reliable solutions.Precision control & repeatability for manufacturing.","og_url":"https:\/\/chenesme.com\/pt\/produto\/precision-air-power-press\/","og_site_name":"Anhui Chensi Machinery Equipment Co., Ltd.","article_modified_time":"2025-10-22T06:42:35+00:00","og_image":[{"width":699,"height":711,"url":"https:\/\/chenesme.com\/wp-content\/uploads\/2025\/10\/Pneumatic-Punching-Press-4-1.png","type":"image\/png"}],"twitter_card":"summary_large_image","twitter_misc":{"Tempo estimado de leitura":"2 minutos"},"schema":{"@context":"https:\/\/schema.org","@graph":[{"@type":"WebPage","@id":"https:\/\/chenesme.com\/product\/precision-air-power-press\/","url":"https:\/\/chenesme.com\/product\/precision-air-power-press\/","name":"Air Power Press - Anhui Chensi Machinery Equipment Co., Ltd.","isPartOf":{"@id":"https:\/\/chenesme.com\/#website"},"primaryImageOfPage":{"@id":"https:\/\/chenesme.com\/product\/precision-air-power-press\/#primaryimage"},"image":{"@id":"https:\/\/chenesme.com\/product\/precision-air-power-press\/#primaryimage"},"thumbnailUrl":"https:\/\/chenesme.com\/wp-content\/uploads\/2025\/10\/Pneumatic-Punching-Press-4-1.png","datePublished":"2025-10-20T07:02:48+00:00","dateModified":"2025-10-22T06:42:35+00:00","description":"The Air Power Press,For precision stamping, forming & assembly. Affordable, reliable solutions.Precision control & repeatability for manufacturing.","breadcrumb":{"@id":"https:\/\/chenesme.com\/product\/precision-air-power-press\/#breadcrumb"},"inLanguage":"pt-PT","potentialAction":[{"@type":"ReadAction","target":["https:\/\/chenesme.com\/product\/precision-air-power-press\/"]}]},{"@type":"ImageObject","inLanguage":"pt-PT","@id":"https:\/\/chenesme.com\/product\/precision-air-power-press\/#primaryimage","url":"https:\/\/chenesme.com\/wp-content\/uploads\/2025\/10\/Pneumatic-Punching-Press-4-1.png","contentUrl":"https:\/\/chenesme.com\/wp-content\/uploads\/2025\/10\/Pneumatic-Punching-Press-4-1.png","width":699,"height":711},{"@type":"BreadcrumbList","@id":"https:\/\/chenesme.com\/product\/precision-air-power-press\/#breadcrumb","itemListElement":[{"@type":"ListItem","position":1,"name":"Home","item":"https:\/\/chenesme.com\/"},{"@type":"ListItem","position":2,"name":"Product","item":"https:\/\/chenesme.com\/product\/"},{"@type":"ListItem","position":3,"name":"Air Power Press"}]},{"@type":"WebSite","@id":"https:\/\/chenesme.com\/#website","url":"https:\/\/chenesme.com\/","name":"Anhui Chensi Machinery Equipment Co., Ltd.","description":"Anhui Chensi Machinery Equipment Co., Ltd.","potentialAction":[{"@type":"SearchAction","target":{"@type":"EntryPoint","urlTemplate":"https:\/\/chenesme.com\/?s={search_term_string}"},"query-input":{"@type":"PropertyValueSpecification","valueRequired":true,"valueName":"search_term_string"}}],"inLanguage":"pt-PT"}]}},"_links":{"self":[{"href":"https:\/\/chenesme.com\/pt\/wp-json\/wp\/v2\/product\/760","targetHints":{"allow":["GET"]}}],"collection":[{"href":"https:\/\/chenesme.com\/pt\/wp-json\/wp\/v2\/product"}],"about":[{"href":"https:\/\/chenesme.com\/pt\/wp-json\/wp\/v2\/types\/product"}],"version-history":[{"count":1,"href":"https:\/\/chenesme.com\/pt\/wp-json\/wp\/v2\/product\/760\/revisions"}],"predecessor-version":[{"id":829,"href":"https:\/\/chenesme.com\/pt\/wp-json\/wp\/v2\/product\/760\/revisions\/829"}],"wp:featuredmedia":[{"embeddable":true,"href":"https:\/\/chenesme.com\/pt\/wp-json\/wp\/v2\/media\/828"}],"wp:attachment":[{"href":"https:\/\/chenesme.com\/pt\/wp-json\/wp\/v2\/media?parent=760"}],"wp:term":[{"taxonomy":"product_brand","embeddable":true,"href":"https:\/\/chenesme.com\/pt\/wp-json\/wp\/v2\/product_brand?post=760"},{"taxonomy":"product_cat","embeddable":true,"href":"https:\/\/chenesme.com\/pt\/wp-json\/wp\/v2\/product_cat?post=760"},{"taxonomy":"product_tag","embeddable":true,"href":"https:\/\/chenesme.com\/pt\/wp-json\/wp\/v2\/product_tag?post=760"}],"curies":[{"name":"wp","href":"https:\/\/api.w.org\/{rel}","templated":true}]}}