{"id":834,"date":"2025-10-22T08:49:51","date_gmt":"2025-10-22T08:49:51","guid":{"rendered":"https:\/\/chenesme.com\/?post_type=product&#038;p=834"},"modified":"2025-10-23T02:50:16","modified_gmt":"2025-10-23T02:50:16","slug":"pneumatic-punch-press","status":"publish","type":"product","link":"https:\/\/chenesme.com\/pt\/produto\/pneumatic-punch-press\/","title":{"rendered":"Prensa pneum\u00e1tica de precis\u00e3o para componentes eletr\u00f4nicos"},"content":{"rendered":"<h3><strong>Prensa de puncionamento pneum\u00e1tica de alta velocidade<\/strong><\/h3>\n<p>Prensa pneum\u00e1tica de precis\u00e3o para componentes eletr\u00f4nicos, prensa pneum\u00e1tica pronta para automa\u00e7\u00e3o. A prensa pneum\u00e1tica de precis\u00e3o oferece controle superior, for\u00e7a consistente e opera\u00e7\u00e3o limpa para suas tarefas mais exigentes de estampagem, corte e conforma\u00e7\u00e3o. Obtenha alta repetibilidade e aumente a produtividade. Descubra a solu\u00e7\u00e3o ideal para sua linha de montagem.<\/p>\n<p><img fetchpriority=\"high\" decoding=\"async\" class=\"wp-image-842 alignleft\" src=\"https:\/\/chenesme.com\/wp-content\/uploads\/2025\/10\/JH21-315.jpg\" alt=\"\" width=\"501\" height=\"668\" srcset=\"https:\/\/chenesme.com\/wp-content\/uploads\/2025\/10\/JH21-315.jpg 1773w, https:\/\/chenesme.com\/wp-content\/uploads\/2025\/10\/JH21-315-375x500.jpg 375w, https:\/\/chenesme.com\/wp-content\/uploads\/2025\/10\/JH21-315-900x1200.jpg 900w, https:\/\/chenesme.com\/wp-content\/uploads\/2025\/10\/JH21-315-225x300.jpg 225w, https:\/\/chenesme.com\/wp-content\/uploads\/2025\/10\/JH21-315-768x1024.jpg 768w, https:\/\/chenesme.com\/wp-content\/uploads\/2025\/10\/JH21-315-1152x1536.jpg 1152w, https:\/\/chenesme.com\/wp-content\/uploads\/2025\/10\/JH21-315-1536x2048.jpg 1536w, https:\/\/chenesme.com\/wp-content\/uploads\/2025\/10\/JH21-315-9x12.jpg 9w, https:\/\/chenesme.com\/wp-content\/uploads\/2025\/10\/JH21-315-56x75.jpg 56w, https:\/\/chenesme.com\/wp-content\/uploads\/2025\/10\/JH21-315-480x640.jpg 480w, https:\/\/chenesme.com\/wp-content\/uploads\/2025\/10\/JH21-315-800x1067.jpg 800w\" sizes=\"(max-width:767px) 480px, 501px\" \/><\/p>\n<p>&nbsp;<\/p>\n<p>&nbsp;<\/p>\n<p>&nbsp;<\/p>\n<p>&nbsp;<\/p>\n<p>&nbsp;<\/p>\n<p>&nbsp;<\/p>\n<p>&nbsp;<\/p>\n<p>&nbsp;<\/p>\n<p>&nbsp;<\/p>\n<p>&nbsp;<\/p>\n<p>&nbsp;<\/p>\n<p>&nbsp;<\/p>\n<p>&nbsp;<\/p>\n<p>&nbsp;<\/p>\n<p>&nbsp;<\/p>\n<p>&nbsp;<\/p>\n<p>&nbsp;<\/p>\n<p>&nbsp;<\/p>\n<p><b><span data-spm-anchor-id=\"a2700.details-description.0.i0.62fa4Y7x4Y7x0K\"><strong>Prensa pneum\u00e1tica <\/strong>Perfurador de furos para m\u00e1quina de perfura\u00e7\u00e3o de metal - pre\u00e7o promocional <\/span>Aplicativo: <\/b><\/p>\n<div><span data-spm-anchor-id=\"a2700.details-description.0.i1.62fa4Y7x4Y7x0K\">\u25cfRealizar diversos processos de estampagem a frio, como corte, pun\u00e7\u00e3o, conforma\u00e7\u00e3o, dobra e estampagem rasa.<\/span><\/div>\n<div><\/div>\n<div>\u25cf Utilizado em eletrodom\u00e9sticos, ve\u00edculos, tratores, m\u00e1quinas de minera\u00e7\u00e3o, ferramentas, fabrica\u00e7\u00e3o de m\u00e1quinas e outros setores industriais.<\/div>\n<div><\/div>\n<div>\u25cf A prensa pneum\u00e1tica de perfura\u00e7\u00e3o de furos para m\u00e1quinas de perfura\u00e7\u00e3o de metal, com corpo soldado, possui boa rigidez e maior precis\u00e3o.<\/div>\n<div><\/div>\n<div>\u25cfO virabrequim est\u00e1 posicionado verticalmente, com estrutura compacta e apar\u00eancia elegante.<\/div>\n<div><\/div>\n<div>\u25cf A altura do molde pode ser ajustada eletricamente e tamb\u00e9m por meio de um visor digital.<\/div>\n<div><\/div>\n<div>\u25cf O bloco deslizante adota um trilho guia hexa\u00e9drico retangular alongado e uma placa de revestimento de bronze, o que lhe confere alta precis\u00e3o de guia.<\/div>\n<div><\/div>\n<div>\u25cf Dispositivo de seguran\u00e7a do tipo compress\u00e3o para garantir a seguran\u00e7a de toda a m\u00e1quina quando estiver em funcionamento.<br \/>\nsobrecarregado.<\/div>\n<div>\n<p>\u25cf A altura do cursor possui um cilindro de equil\u00edbrio de eleva\u00e7\u00e3o para alcan\u00e7ar o equil\u00edbrio da haste de conex\u00e3o do cursor.<\/p>\n<\/div>\n<div><\/div>\n<p><img decoding=\"async\" class=\"wp-image-836 alignleft\" src=\"https:\/\/chenesme.com\/wp-content\/uploads\/2025\/10\/IMG_20180927_143333.jpg\" alt=\"\" width=\"766\" height=\"766\" srcset=\"https:\/\/chenesme.com\/wp-content\/uploads\/2025\/10\/IMG_20180927_143333.jpg 1500w, https:\/\/chenesme.com\/wp-content\/uploads\/2025\/10\/IMG_20180927_143333-500x500.jpg 500w, https:\/\/chenesme.com\/wp-content\/uploads\/2025\/10\/IMG_20180927_143333-1200x1200.jpg 1200w, https:\/\/chenesme.com\/wp-content\/uploads\/2025\/10\/IMG_20180927_143333-300x300.jpg 300w, https:\/\/chenesme.com\/wp-content\/uploads\/2025\/10\/IMG_20180927_143333-768x768.jpg 768w, https:\/\/chenesme.com\/wp-content\/uploads\/2025\/10\/IMG_20180927_143333-12x12.jpg 12w, https:\/\/chenesme.com\/wp-content\/uploads\/2025\/10\/IMG_20180927_143333-150x150.jpg 150w, https:\/\/chenesme.com\/wp-content\/uploads\/2025\/10\/IMG_20180927_143333-75x75.jpg 75w, https:\/\/chenesme.com\/wp-content\/uploads\/2025\/10\/IMG_20180927_143333-480x480.jpg 480w, https:\/\/chenesme.com\/wp-content\/uploads\/2025\/10\/IMG_20180927_143333-800x800.jpg 800w\" sizes=\"(max-width:767px) 480px, 766px\" \/><\/p>\n<p>&nbsp;<\/p>\n<div><\/div>\n<div><\/div>\n<div><\/div>\n<div><\/div>\n<div><\/div>\n<div><\/div>\n<div><\/div>\n<div><\/div>\n<div><\/div>\n<div><\/div>\n<div><\/div>\n<div><\/div>\n<div><\/div>\n<div><\/div>\n<div><\/div>\n<div><\/div>\n<div><\/div>\n<div><\/div>\n<div><\/div>\n<div><\/div>\n<div><\/div>\n<div><\/div>\n<div><\/div>\n<div><\/div>\n<div><\/div>\n<div><\/div>\n<div><\/div>\n<div><\/div>\n<div><\/div>\n<div><\/div>\n<div><\/div>\n<div><b>Caracter\u00edsticas <\/b><\/div>\n<div>\u25cf A furadeira pneum\u00e1tica para metal, com pre\u00e7o de venda acess\u00edvel, pode ser movida em cent\u00edmetros e o movimento pode ser interrompido instantaneamente, tornando a opera\u00e7\u00e3o mais segura.<\/div>\n<div>\u25cf A estrada adota controle de v\u00e1lvula dupla, que \u00e9 sens\u00edvel em sua opera\u00e7\u00e3o e atende aos padr\u00f5es de seguran\u00e7a das prensas.<\/div>\n<div><img decoding=\"async\" class=\"wp-image-844 alignleft\" src=\"https:\/\/chenesme.com\/wp-content\/uploads\/2025\/10\/\u6c14\u52a8\u51b2\u5e8a-2.jpg\" alt=\"\" width=\"694\" height=\"694\" srcset=\"https:\/\/chenesme.com\/wp-content\/uploads\/2025\/10\/\u6c14\u52a8\u51b2\u5e8a-2.jpg 800w, https:\/\/chenesme.com\/wp-content\/uploads\/2025\/10\/\u6c14\u52a8\u51b2\u5e8a-2-500x500.jpg 500w, https:\/\/chenesme.com\/wp-content\/uploads\/2025\/10\/\u6c14\u52a8\u51b2\u5e8a-2-300x300.jpg 300w, https:\/\/chenesme.com\/wp-content\/uploads\/2025\/10\/\u6c14\u52a8\u51b2\u5e8a-2-768x768.jpg 768w, https:\/\/chenesme.com\/wp-content\/uploads\/2025\/10\/\u6c14\u52a8\u51b2\u5e8a-2-12x12.jpg 12w, https:\/\/chenesme.com\/wp-content\/uploads\/2025\/10\/\u6c14\u52a8\u51b2\u5e8a-2-150x150.jpg 150w, https:\/\/chenesme.com\/wp-content\/uploads\/2025\/10\/\u6c14\u52a8\u51b2\u5e8a-2-75x75.jpg 75w, https:\/\/chenesme.com\/wp-content\/uploads\/2025\/10\/\u6c14\u52a8\u51b2\u5e8a-2-480x480.jpg 480w\" sizes=\"(max-width:767px) 480px, 694px\" \/><\/div>\n<div><\/div>\n<div><\/div>\n<div><\/div>\n<div><\/div>\n<div><\/div>\n<div><\/div>\n<div><\/div>\n<div><\/div>\n<div><\/div>\n<div><\/div>\n<div><\/div>\n<div><\/div>\n<div><\/div>\n<div><\/div>\n<div><\/div>\n<div><\/div>\n<div><\/div>\n<div><\/div>\n<div><\/div>\n<div><\/div>\n<div><\/div>\n<div><\/div>\n<div><\/div>\n<div><\/div>\n<div><\/div>\n<div><\/div>\n<div><\/div>\n<div><\/div>\n<div><\/div>\n<div><strong>Prensa pneum\u00e1tica de precis\u00e3o<\/strong>Sua solu\u00e7\u00e3o para trabalhos de fabrica\u00e7\u00e3o exigentes. Obtenha precis\u00e3o excepcional em puncionamento e montagem com uma m\u00e1quina projetada para confiabilidade, efici\u00eancia e valor a longo prazo em ambientes industriais.<\/div>","protected":false},"excerpt":{"rendered":"<p>As puncionadeiras pneum\u00e1ticas CNC s\u00e3o projetadas para maximizar a produ\u00e7\u00e3o, com tempos de ciclo r\u00e1pidos, permitindo opera\u00e7\u00e3o cont\u00ednua. Isso aumenta a produ\u00e7\u00e3o e reduz o tempo de opera\u00e7\u00e3o, tornando-as ideais para produ\u00e7\u00e3o em larga escala. A alta velocidade garante atrasos m\u00ednimos entre as opera\u00e7\u00f5es, aumentando a efici\u00eancia geral. Elas se caracterizam por alta efici\u00eancia, velocidade e baixa necessidade de manuten\u00e7\u00e3o.<\/p>","protected":false},"featured_media":841,"template":"","meta":{"_joinchat":[]},"product_brand":[],"product_cat":[21],"product_tag":[],"class_list":{"0":"post-834","1":"product","2":"type-product","3":"status-publish","4":"has-post-thumbnail","6":"product_cat-pneumatic-punching-machine","8":"first","9":"instock","10":"shipping-taxable","11":"product-type-external"},"yoast_head":"<!-- This site is optimized with the Yoast SEO plugin v25.6 - https:\/\/yoast.com\/wordpress\/plugins\/seo\/ -->\n<title>Precision Pneumatic Press for Electronics Components - Anhui Chensi Machinery Equipment Co., Ltd.<\/title>\n<meta name=\"description\" content=\"Precision Pneumatic Press for Electronics Components ,For precision stamping, forming &amp; assembly. Affordable, reliable solutions.\" \/>\n<meta name=\"robots\" content=\"index, follow, max-snippet:-1, max-image-preview:large, max-video-preview:-1\" \/>\n<link rel=\"canonical\" href=\"https:\/\/chenesme.com\/pt\/produto\/pneumatic-punch-press\/\" \/>\n<meta property=\"og:locale\" content=\"pt_PT\" \/>\n<meta property=\"og:type\" content=\"article\" \/>\n<meta property=\"og:title\" content=\"Precision Pneumatic Press for Electronics Components - Anhui Chensi Machinery Equipment Co., Ltd.\" \/>\n<meta property=\"og:description\" content=\"Precision Pneumatic Press for Electronics Components ,For precision stamping, forming &amp; assembly. Affordable, reliable solutions.\" \/>\n<meta property=\"og:url\" content=\"https:\/\/chenesme.com\/pt\/produto\/pneumatic-punch-press\/\" \/>\n<meta property=\"og:site_name\" content=\"Anhui Chensi Machinery Equipment Co., Ltd.\" \/>\n<meta property=\"article:modified_time\" content=\"2025-10-23T02:50:16+00:00\" \/>\n<meta property=\"og:image\" content=\"https:\/\/chenesme.com\/wp-content\/uploads\/2025\/10\/JH21-315-e1761187114459.png\" \/>\n\t<meta property=\"og:image:width\" content=\"692\" \/>\n\t<meta property=\"og:image:height\" content=\"692\" \/>\n\t<meta property=\"og:image:type\" content=\"image\/png\" \/>\n<meta name=\"twitter:card\" content=\"summary_large_image\" \/>\n<meta name=\"twitter:label1\" content=\"Tempo estimado de leitura\" \/>\n\t<meta name=\"twitter:data1\" content=\"3 minutos\" \/>\n<script type=\"application\/ld+json\" class=\"yoast-schema-graph\">{\"@context\":\"https:\/\/schema.org\",\"@graph\":[{\"@type\":\"WebPage\",\"@id\":\"https:\/\/chenesme.com\/product\/pneumatic-punch-press\/\",\"url\":\"https:\/\/chenesme.com\/product\/pneumatic-punch-press\/\",\"name\":\"Precision Pneumatic Press for Electronics Components - Anhui Chensi Machinery Equipment Co., Ltd.\",\"isPartOf\":{\"@id\":\"https:\/\/chenesme.com\/#website\"},\"primaryImageOfPage\":{\"@id\":\"https:\/\/chenesme.com\/product\/pneumatic-punch-press\/#primaryimage\"},\"image\":{\"@id\":\"https:\/\/chenesme.com\/product\/pneumatic-punch-press\/#primaryimage\"},\"thumbnailUrl\":\"https:\/\/chenesme.com\/wp-content\/uploads\/2025\/10\/JH21-315-e1761187114459.png\",\"datePublished\":\"2025-10-22T08:49:51+00:00\",\"dateModified\":\"2025-10-23T02:50:16+00:00\",\"description\":\"Precision Pneumatic Press for Electronics Components ,For precision stamping, forming & assembly. Affordable, reliable solutions.\",\"breadcrumb\":{\"@id\":\"https:\/\/chenesme.com\/product\/pneumatic-punch-press\/#breadcrumb\"},\"inLanguage\":\"pt-PT\",\"potentialAction\":[{\"@type\":\"ReadAction\",\"target\":[\"https:\/\/chenesme.com\/product\/pneumatic-punch-press\/\"]}]},{\"@type\":\"ImageObject\",\"inLanguage\":\"pt-PT\",\"@id\":\"https:\/\/chenesme.com\/product\/pneumatic-punch-press\/#primaryimage\",\"url\":\"https:\/\/chenesme.com\/wp-content\/uploads\/2025\/10\/JH21-315-e1761187114459.png\",\"contentUrl\":\"https:\/\/chenesme.com\/wp-content\/uploads\/2025\/10\/JH21-315-e1761187114459.png\",\"width\":692,\"height\":692},{\"@type\":\"BreadcrumbList\",\"@id\":\"https:\/\/chenesme.com\/product\/pneumatic-punch-press\/#breadcrumb\",\"itemListElement\":[{\"@type\":\"ListItem\",\"position\":1,\"name\":\"Home\",\"item\":\"https:\/\/chenesme.com\/\"},{\"@type\":\"ListItem\",\"position\":2,\"name\":\"Product\",\"item\":\"https:\/\/chenesme.com\/product\/\"},{\"@type\":\"ListItem\",\"position\":3,\"name\":\"Precision Pneumatic Press for Electronics Components\"}]},{\"@type\":\"WebSite\",\"@id\":\"https:\/\/chenesme.com\/#website\",\"url\":\"https:\/\/chenesme.com\/\",\"name\":\"Anhui Chensi Machinery Equipment Co., Ltd.\",\"description\":\"Anhui Chensi Machinery Equipment Co., Ltd.\",\"potentialAction\":[{\"@type\":\"SearchAction\",\"target\":{\"@type\":\"EntryPoint\",\"urlTemplate\":\"https:\/\/chenesme.com\/?s={search_term_string}\"},\"query-input\":{\"@type\":\"PropertyValueSpecification\",\"valueRequired\":true,\"valueName\":\"search_term_string\"}}],\"inLanguage\":\"pt-PT\"}]}<\/script>\n<!-- \/ Yoast SEO plugin. -->","yoast_head_json":{"title":"Precision Pneumatic Press for Electronics Components - Anhui Chensi Machinery Equipment Co., Ltd.","description":"Precision Pneumatic Press for Electronics Components ,For precision stamping, forming & assembly. Affordable, reliable solutions.","robots":{"index":"index","follow":"follow","max-snippet":"max-snippet:-1","max-image-preview":"max-image-preview:large","max-video-preview":"max-video-preview:-1"},"canonical":"https:\/\/chenesme.com\/pt\/produto\/pneumatic-punch-press\/","og_locale":"pt_PT","og_type":"article","og_title":"Precision Pneumatic Press for Electronics Components - Anhui Chensi Machinery Equipment Co., Ltd.","og_description":"Precision Pneumatic Press for Electronics Components ,For precision stamping, forming & assembly. Affordable, reliable solutions.","og_url":"https:\/\/chenesme.com\/pt\/produto\/pneumatic-punch-press\/","og_site_name":"Anhui Chensi Machinery Equipment Co., Ltd.","article_modified_time":"2025-10-23T02:50:16+00:00","og_image":[{"width":692,"height":692,"url":"https:\/\/chenesme.com\/wp-content\/uploads\/2025\/10\/JH21-315-e1761187114459.png","type":"image\/png"}],"twitter_card":"summary_large_image","twitter_misc":{"Tempo estimado de leitura":"3 minutos"},"schema":{"@context":"https:\/\/schema.org","@graph":[{"@type":"WebPage","@id":"https:\/\/chenesme.com\/product\/pneumatic-punch-press\/","url":"https:\/\/chenesme.com\/product\/pneumatic-punch-press\/","name":"Precision Pneumatic Press for Electronics Components - Anhui Chensi Machinery Equipment Co., Ltd.","isPartOf":{"@id":"https:\/\/chenesme.com\/#website"},"primaryImageOfPage":{"@id":"https:\/\/chenesme.com\/product\/pneumatic-punch-press\/#primaryimage"},"image":{"@id":"https:\/\/chenesme.com\/product\/pneumatic-punch-press\/#primaryimage"},"thumbnailUrl":"https:\/\/chenesme.com\/wp-content\/uploads\/2025\/10\/JH21-315-e1761187114459.png","datePublished":"2025-10-22T08:49:51+00:00","dateModified":"2025-10-23T02:50:16+00:00","description":"Precision Pneumatic Press for Electronics Components ,For precision stamping, forming & assembly. Affordable, reliable solutions.","breadcrumb":{"@id":"https:\/\/chenesme.com\/product\/pneumatic-punch-press\/#breadcrumb"},"inLanguage":"pt-PT","potentialAction":[{"@type":"ReadAction","target":["https:\/\/chenesme.com\/product\/pneumatic-punch-press\/"]}]},{"@type":"ImageObject","inLanguage":"pt-PT","@id":"https:\/\/chenesme.com\/product\/pneumatic-punch-press\/#primaryimage","url":"https:\/\/chenesme.com\/wp-content\/uploads\/2025\/10\/JH21-315-e1761187114459.png","contentUrl":"https:\/\/chenesme.com\/wp-content\/uploads\/2025\/10\/JH21-315-e1761187114459.png","width":692,"height":692},{"@type":"BreadcrumbList","@id":"https:\/\/chenesme.com\/product\/pneumatic-punch-press\/#breadcrumb","itemListElement":[{"@type":"ListItem","position":1,"name":"Home","item":"https:\/\/chenesme.com\/"},{"@type":"ListItem","position":2,"name":"Product","item":"https:\/\/chenesme.com\/product\/"},{"@type":"ListItem","position":3,"name":"Precision Pneumatic Press for Electronics Components"}]},{"@type":"WebSite","@id":"https:\/\/chenesme.com\/#website","url":"https:\/\/chenesme.com\/","name":"Anhui Chensi Machinery Equipment Co., Ltd.","description":"Anhui Chensi Machinery Equipment Co., Ltd.","potentialAction":[{"@type":"SearchAction","target":{"@type":"EntryPoint","urlTemplate":"https:\/\/chenesme.com\/?s={search_term_string}"},"query-input":{"@type":"PropertyValueSpecification","valueRequired":true,"valueName":"search_term_string"}}],"inLanguage":"pt-PT"}]}},"_links":{"self":[{"href":"https:\/\/chenesme.com\/pt\/wp-json\/wp\/v2\/product\/834","targetHints":{"allow":["GET"]}}],"collection":[{"href":"https:\/\/chenesme.com\/pt\/wp-json\/wp\/v2\/product"}],"about":[{"href":"https:\/\/chenesme.com\/pt\/wp-json\/wp\/v2\/types\/product"}],"version-history":[{"count":3,"href":"https:\/\/chenesme.com\/pt\/wp-json\/wp\/v2\/product\/834\/revisions"}],"predecessor-version":[{"id":845,"href":"https:\/\/chenesme.com\/pt\/wp-json\/wp\/v2\/product\/834\/revisions\/845"}],"wp:featuredmedia":[{"embeddable":true,"href":"https:\/\/chenesme.com\/pt\/wp-json\/wp\/v2\/media\/841"}],"wp:attachment":[{"href":"https:\/\/chenesme.com\/pt\/wp-json\/wp\/v2\/media?parent=834"}],"wp:term":[{"taxonomy":"product_brand","embeddable":true,"href":"https:\/\/chenesme.com\/pt\/wp-json\/wp\/v2\/product_brand?post=834"},{"taxonomy":"product_cat","embeddable":true,"href":"https:\/\/chenesme.com\/pt\/wp-json\/wp\/v2\/product_cat?post=834"},{"taxonomy":"product_tag","embeddable":true,"href":"https:\/\/chenesme.com\/pt\/wp-json\/wp\/v2\/product_tag?post=834"}],"curies":[{"name":"wp","href":"https:\/\/api.w.org\/{rel}","templated":true}]}}