{"id":878,"date":"2025-10-24T06:32:25","date_gmt":"2025-10-24T06:32:25","guid":{"rendered":"https:\/\/chenesme.com\/?post_type=product&#038;p=878"},"modified":"2025-10-24T06:36:32","modified_gmt":"2025-10-24T06:36:32","slug":"stainless-steel-cookware-bending-machine-torsion-bar-fully-automatic-1600mm-working-table-for-kitchen-sink-making","status":"publish","type":"product","link":"https:\/\/chenesme.com\/pt\/produto\/stainless-steel-cookware-bending-machine-torsion-bar-fully-automatic-1600mm-working-table-for-kitchen-sink-making\/","title":{"rendered":"M\u00e1quina de curvatura de utens\u00edlios de cozinha em a\u00e7o inoxid\u00e1vel com barra de tor\u00e7\u00e3o, totalmente autom\u00e1tica, mesa de trabalho de 1600 mm para fabrica\u00e7\u00e3o de pias de cozinha."},"content":{"rendered":"<h3 style=\"text-align: center;\" title=\"Dobradeira CNC WG67K 125T\/2500mm para chapas met\u00e1licas com sistema TP10S\" data-spm-anchor-id=\"a2700.details.0.i108.20261297FJobhY\">M\u00e1quina de curvatura de utens\u00edlios de cozinha em a\u00e7o inoxid\u00e1vel com barra de tor\u00e7\u00e3o, totalmente autom\u00e1tica, mesa de trabalho de 1600 mm para fabrica\u00e7\u00e3o de pias de cozinha.<\/h3>\n<div style=\"width: 1220px;\" class=\"wp-video\"><video class=\"wp-video-shortcode\" id=\"video-878-1\" width=\"1220\" height=\"686\" preload=\"metadata\" controls=\"controls\"><source type=\"video\/mp4\" src=\"https:\/\/chenesme.com\/wp-content\/uploads\/2025\/10\/63T-1600MM-Bend-Sink-1.mp4?_=1\" \/><a href=\"https:\/\/chenesme.com\/wp-content\/uploads\/2025\/10\/63T-1600MM-Bend-Sink-1.mp4\">https:\/\/chenesme.com\/wp-content\/uploads\/2025\/10\/63T-1600MM-Bend-Sink-1.mp4<\/a><\/video><\/div>\n<h2>Configura\u00e7\u00e3o de exporta\u00e7\u00e3o padr\u00e3o:<\/h2>\n<p><img fetchpriority=\"high\" decoding=\"async\" class=\"alignleft wp-image-642 size-medium\" src=\"https:\/\/chenesme.com\/wp-content\/uploads\/2025\/10\/Standard-export-configuration-444x500.png\" alt=\"\" width=\"444\" height=\"500\" srcset=\"https:\/\/chenesme.com\/wp-content\/uploads\/2025\/10\/Standard-export-configuration-444x500.png 444w, https:\/\/chenesme.com\/wp-content\/uploads\/2025\/10\/Standard-export-configuration-267x300.png 267w, https:\/\/chenesme.com\/wp-content\/uploads\/2025\/10\/Standard-export-configuration-768x864.png 768w, https:\/\/chenesme.com\/wp-content\/uploads\/2025\/10\/Standard-export-configuration-11x12.png 11w, https:\/\/chenesme.com\/wp-content\/uploads\/2025\/10\/Standard-export-configuration-67x75.png 67w, https:\/\/chenesme.com\/wp-content\/uploads\/2025\/10\/Standard-export-configuration-480x540.png 480w, https:\/\/chenesme.com\/wp-content\/uploads\/2025\/10\/Standard-export-configuration.png 800w\" sizes=\"(max-width:767px) 444px, 444px\" \/><\/p>\n<p>&nbsp;<\/p>\n<p>&nbsp;<\/p>\n<p>&nbsp;<\/p>\n<h4>\u203b Grupo de v\u00e1lvulas Rexroth da Alemanha \u203b Conex\u00e3o de tubula\u00e7\u00e3o EMB da Alemanha<br \/>\n\u203b Bomba de \u00f3leo Sunny\/First, EUA<br \/>\n\u203b Guia linear de fuso de esferas, Taiwan HIWIN (China)<br \/>\n\u203b Sistema el\u00e9trico Schneider, Fran\u00e7a<br \/>\n\u203b Suporte frontal<br \/>\n\u203b Batente traseiro de alta precis\u00e3o<br \/>\n\u203b Interruptor de p\u00e9<br \/>\n\u203b Grade de prote\u00e7\u00e3o lateral e grade de prote\u00e7\u00e3o traseira (Opcional)<br \/>\n\u203b Prote\u00e7\u00e3o contra cortina de luz e prote\u00e7\u00e3o a laser (opcional)<\/h4>\n<p>&nbsp;<\/p>\n<p>&nbsp;<\/p>\n<p>&nbsp;<\/p>\n<p>&nbsp;<\/p>\n<p><img decoding=\"async\" class=\"aligncenter wp-image-637 size-full\" src=\"https:\/\/chenesme.com\/wp-content\/uploads\/2025\/10\/hydraulic-press-brake-8.jpg\" alt=\"\" width=\"1100\" height=\"825\" srcset=\"https:\/\/chenesme.com\/wp-content\/uploads\/2025\/10\/hydraulic-press-brake-8.jpg 1100w, https:\/\/chenesme.com\/wp-content\/uploads\/2025\/10\/hydraulic-press-brake-8-500x375.jpg 500w, https:\/\/chenesme.com\/wp-content\/uploads\/2025\/10\/hydraulic-press-brake-8-300x225.jpg 300w, https:\/\/chenesme.com\/wp-content\/uploads\/2025\/10\/hydraulic-press-brake-8-768x576.jpg 768w, https:\/\/chenesme.com\/wp-content\/uploads\/2025\/10\/hydraulic-press-brake-8-16x12.jpg 16w, https:\/\/chenesme.com\/wp-content\/uploads\/2025\/10\/hydraulic-press-brake-8-100x75.jpg 100w, https:\/\/chenesme.com\/wp-content\/uploads\/2025\/10\/hydraulic-press-brake-8-960x720.jpg 960w, https:\/\/chenesme.com\/wp-content\/uploads\/2025\/10\/hydraulic-press-brake-8-480x360.jpg 480w, https:\/\/chenesme.com\/wp-content\/uploads\/2025\/10\/hydraulic-press-brake-8-800x600.jpg 800w\" sizes=\"(max-width:767px) 480px, (max-width:1100px) 100vw, 1100px\" \/><\/p>\n<h4 style=\"text-align: left;\"><strong><b>Sistema de controle:<\/b><\/strong><\/h4>\n<h5 style=\"text-align: left;\"><strong><b>\u2013 Tela sens\u00edvel ao toque colorida de alta defini\u00e7\u00e3o de 10 polegadas com interface de programa\u00e7\u00e3o de menu. <\/b><\/strong><\/h5>\n<h5 style=\"text-align: left;\"><strong><b>\u2013 Equipado com servomotor <\/b><\/strong><\/h5>\n<h5 style=\"text-align: left;\"><strong><b>\u2013 M\u00e9todo de controle de barramento aberto CAN, eliminando completamente erros de posicionamento por interfer\u00eancia. <\/b><\/strong><\/h5>\n<h5 style=\"text-align: left;\"><strong><b>\u2013 Suporta programa\u00e7\u00e3o de \u00e2ngulos e o sistema calcula automaticamente a profundidade de dobra da chapa. Controle de posi\u00e7\u00e3o do deslizador. <\/b><\/strong><\/h5>\n<h5 style=\"text-align: left;\"><strong><b>\u2013 Controle de posi\u00e7\u00e3o do batente traseiro \u2013 Configura\u00e7\u00e3o do tempo de reten\u00e7\u00e3o de press\u00e3o<\/b><\/strong><\/h5>\n<h5 style=\"text-align: left;\"><strong><b>-20 programas, cada programa com 20 etapas<\/b><\/strong><\/h5>\n<h5 style=\"text-align: left;\"><strong><b>\u2013 Fun\u00e7\u00e3o de limite suave \u2013 Mem\u00f3ria de desligamento<\/b><\/strong><\/h5>\n<p>&nbsp;<\/p>\n<h3>Par\u00e2metros (personaliz\u00e1veis):<\/h3>\n<p><img decoding=\"async\" class=\"aligncenter size-full wp-image-661\" src=\"https:\/\/chenesme.com\/wp-content\/uploads\/2025\/10\/H2807dc6ca004411d913e8d9042279563k.png\" alt=\"\" width=\"1000\" height=\"1033\" srcset=\"https:\/\/chenesme.com\/wp-content\/uploads\/2025\/10\/H2807dc6ca004411d913e8d9042279563k.png 1000w, https:\/\/chenesme.com\/wp-content\/uploads\/2025\/10\/H2807dc6ca004411d913e8d9042279563k-484x500.png 484w, https:\/\/chenesme.com\/wp-content\/uploads\/2025\/10\/H2807dc6ca004411d913e8d9042279563k-290x300.png 290w, https:\/\/chenesme.com\/wp-content\/uploads\/2025\/10\/H2807dc6ca004411d913e8d9042279563k-768x793.png 768w, https:\/\/chenesme.com\/wp-content\/uploads\/2025\/10\/H2807dc6ca004411d913e8d9042279563k-12x12.png 12w, https:\/\/chenesme.com\/wp-content\/uploads\/2025\/10\/H2807dc6ca004411d913e8d9042279563k-73x75.png 73w, https:\/\/chenesme.com\/wp-content\/uploads\/2025\/10\/H2807dc6ca004411d913e8d9042279563k-480x496.png 480w, https:\/\/chenesme.com\/wp-content\/uploads\/2025\/10\/H2807dc6ca004411d913e8d9042279563k-800x826.png 800w\" sizes=\"(max-width:767px) 480px, (max-width:1000px) 100vw, 1000px\" \/><\/p>\n<p style=\"text-align: left;\">","protected":false},"excerpt":{"rendered":"<p>Stainless Steel Cookware Bending Machine Torsion Bar Fully Automatic 1600mm Working Table for Kitchen Sink Making Standard export configuration\uff1a &nbsp; &nbsp; &nbsp; \u203b Germany Rexroth valve<span class=\"excerpt-hellip\"> [\u2026]<\/span><\/p>","protected":false},"featured_media":875,"template":"","meta":{"_joinchat":[]},"product_brand":[],"product_cat":[17],"product_tag":[],"class_list":{"0":"post-878","1":"product","2":"type-product","3":"status-publish","4":"has-post-thumbnail","6":"product_cat-hydraulic-press-brake","8":"first","9":"instock","10":"shipping-taxable","11":"product-type-external"},"yoast_head":"<!-- This site is optimized with the Yoast SEO plugin v25.6 - https:\/\/yoast.com\/wordpress\/plugins\/seo\/ -->\n<title>Stainless Steel Cookware Bending Machine Torsion Bar Fully Automatic 1600mm Working Table for Kitchen Sink Making - Anhui Chensi Machinery Equipment Co., Ltd.<\/title>\n<meta name=\"robots\" content=\"index, follow, max-snippet:-1, max-image-preview:large, max-video-preview:-1\" \/>\n<link rel=\"canonical\" href=\"https:\/\/chenesme.com\/pt\/produto\/stainless-steel-cookware-bending-machine-torsion-bar-fully-automatic-1600mm-working-table-for-kitchen-sink-making\/\" \/>\n<meta property=\"og:locale\" content=\"pt_PT\" \/>\n<meta property=\"og:type\" content=\"article\" \/>\n<meta property=\"og:title\" content=\"Stainless Steel Cookware Bending Machine Torsion Bar Fully Automatic 1600mm Working Table for Kitchen Sink Making - Anhui Chensi Machinery Equipment Co., Ltd.\" \/>\n<meta property=\"og:description\" content=\"Stainless Steel Cookware Bending Machine Torsion Bar Fully Automatic 1600mm Working Table for Kitchen Sink Making Standard export configuration\uff1a &nbsp; &nbsp; &nbsp; \u203b Germany Rexroth valve [\u2026]\" \/>\n<meta property=\"og:url\" content=\"https:\/\/chenesme.com\/pt\/produto\/stainless-steel-cookware-bending-machine-torsion-bar-fully-automatic-1600mm-working-table-for-kitchen-sink-making\/\" \/>\n<meta property=\"og:site_name\" content=\"Anhui Chensi Machinery Equipment Co., Ltd.\" \/>\n<meta property=\"article:modified_time\" content=\"2025-10-24T06:36:32+00:00\" \/>\n<meta property=\"og:image\" content=\"https:\/\/chenesme.com\/wp-content\/uploads\/2025\/10\/63T-1600MM-Bend-Sink.png\" \/>\n\t<meta property=\"og:image:width\" content=\"800\" \/>\n\t<meta property=\"og:image:height\" content=\"800\" \/>\n\t<meta property=\"og:image:type\" content=\"image\/png\" \/>\n<meta name=\"twitter:card\" content=\"summary_large_image\" \/>\n<meta name=\"twitter:label1\" content=\"Tempo estimado de leitura\" \/>\n\t<meta name=\"twitter:data1\" content=\"2 minutos\" \/>\n<script type=\"application\/ld+json\" class=\"yoast-schema-graph\">{\"@context\":\"https:\/\/schema.org\",\"@graph\":[{\"@type\":\"WebPage\",\"@id\":\"https:\/\/chenesme.com\/product\/stainless-steel-cookware-bending-machine-torsion-bar-fully-automatic-1600mm-working-table-for-kitchen-sink-making\/\",\"url\":\"https:\/\/chenesme.com\/product\/stainless-steel-cookware-bending-machine-torsion-bar-fully-automatic-1600mm-working-table-for-kitchen-sink-making\/\",\"name\":\"Stainless Steel Cookware Bending Machine Torsion Bar Fully Automatic 1600mm Working Table for Kitchen Sink Making - Anhui Chensi Machinery Equipment Co., Ltd.\",\"isPartOf\":{\"@id\":\"https:\/\/chenesme.com\/#website\"},\"primaryImageOfPage\":{\"@id\":\"https:\/\/chenesme.com\/product\/stainless-steel-cookware-bending-machine-torsion-bar-fully-automatic-1600mm-working-table-for-kitchen-sink-making\/#primaryimage\"},\"image\":{\"@id\":\"https:\/\/chenesme.com\/product\/stainless-steel-cookware-bending-machine-torsion-bar-fully-automatic-1600mm-working-table-for-kitchen-sink-making\/#primaryimage\"},\"thumbnailUrl\":\"https:\/\/chenesme.com\/wp-content\/uploads\/2025\/10\/63T-1600MM-Bend-Sink.png\",\"datePublished\":\"2025-10-24T06:32:25+00:00\",\"dateModified\":\"2025-10-24T06:36:32+00:00\",\"breadcrumb\":{\"@id\":\"https:\/\/chenesme.com\/product\/stainless-steel-cookware-bending-machine-torsion-bar-fully-automatic-1600mm-working-table-for-kitchen-sink-making\/#breadcrumb\"},\"inLanguage\":\"pt-PT\",\"potentialAction\":[{\"@type\":\"ReadAction\",\"target\":[\"https:\/\/chenesme.com\/product\/stainless-steel-cookware-bending-machine-torsion-bar-fully-automatic-1600mm-working-table-for-kitchen-sink-making\/\"]}]},{\"@type\":\"ImageObject\",\"inLanguage\":\"pt-PT\",\"@id\":\"https:\/\/chenesme.com\/product\/stainless-steel-cookware-bending-machine-torsion-bar-fully-automatic-1600mm-working-table-for-kitchen-sink-making\/#primaryimage\",\"url\":\"https:\/\/chenesme.com\/wp-content\/uploads\/2025\/10\/63T-1600MM-Bend-Sink.png\",\"contentUrl\":\"https:\/\/chenesme.com\/wp-content\/uploads\/2025\/10\/63T-1600MM-Bend-Sink.png\",\"width\":800,\"height\":800},{\"@type\":\"BreadcrumbList\",\"@id\":\"https:\/\/chenesme.com\/product\/stainless-steel-cookware-bending-machine-torsion-bar-fully-automatic-1600mm-working-table-for-kitchen-sink-making\/#breadcrumb\",\"itemListElement\":[{\"@type\":\"ListItem\",\"position\":1,\"name\":\"Home\",\"item\":\"https:\/\/chenesme.com\/\"},{\"@type\":\"ListItem\",\"position\":2,\"name\":\"Product\",\"item\":\"https:\/\/chenesme.com\/product\/\"},{\"@type\":\"ListItem\",\"position\":3,\"name\":\"Stainless Steel Cookware Bending Machine Torsion Bar Fully Automatic 1600mm Working Table for Kitchen Sink Making\"}]},{\"@type\":\"WebSite\",\"@id\":\"https:\/\/chenesme.com\/#website\",\"url\":\"https:\/\/chenesme.com\/\",\"name\":\"Anhui Chensi Machinery Equipment Co., Ltd.\",\"description\":\"Anhui Chensi Machinery Equipment Co., Ltd.\",\"potentialAction\":[{\"@type\":\"SearchAction\",\"target\":{\"@type\":\"EntryPoint\",\"urlTemplate\":\"https:\/\/chenesme.com\/?s={search_term_string}\"},\"query-input\":{\"@type\":\"PropertyValueSpecification\",\"valueRequired\":true,\"valueName\":\"search_term_string\"}}],\"inLanguage\":\"pt-PT\"}]}<\/script>\n<!-- \/ Yoast SEO plugin. -->","yoast_head_json":{"title":"Stainless Steel Cookware Bending Machine Torsion Bar Fully Automatic 1600mm Working Table for Kitchen Sink Making - Anhui Chensi Machinery Equipment Co., Ltd.","robots":{"index":"index","follow":"follow","max-snippet":"max-snippet:-1","max-image-preview":"max-image-preview:large","max-video-preview":"max-video-preview:-1"},"canonical":"https:\/\/chenesme.com\/pt\/produto\/stainless-steel-cookware-bending-machine-torsion-bar-fully-automatic-1600mm-working-table-for-kitchen-sink-making\/","og_locale":"pt_PT","og_type":"article","og_title":"Stainless Steel Cookware Bending Machine Torsion Bar Fully Automatic 1600mm Working Table for Kitchen Sink Making - Anhui Chensi Machinery Equipment Co., Ltd.","og_description":"Stainless Steel Cookware Bending Machine Torsion Bar Fully Automatic 1600mm Working Table for Kitchen Sink Making Standard export configuration\uff1a &nbsp; &nbsp; &nbsp; \u203b Germany Rexroth valve [\u2026]","og_url":"https:\/\/chenesme.com\/pt\/produto\/stainless-steel-cookware-bending-machine-torsion-bar-fully-automatic-1600mm-working-table-for-kitchen-sink-making\/","og_site_name":"Anhui Chensi Machinery Equipment Co., Ltd.","article_modified_time":"2025-10-24T06:36:32+00:00","og_image":[{"width":800,"height":800,"url":"https:\/\/chenesme.com\/wp-content\/uploads\/2025\/10\/63T-1600MM-Bend-Sink.png","type":"image\/png"}],"twitter_card":"summary_large_image","twitter_misc":{"Tempo estimado de leitura":"2 minutos"},"schema":{"@context":"https:\/\/schema.org","@graph":[{"@type":"WebPage","@id":"https:\/\/chenesme.com\/product\/stainless-steel-cookware-bending-machine-torsion-bar-fully-automatic-1600mm-working-table-for-kitchen-sink-making\/","url":"https:\/\/chenesme.com\/product\/stainless-steel-cookware-bending-machine-torsion-bar-fully-automatic-1600mm-working-table-for-kitchen-sink-making\/","name":"Stainless Steel Cookware Bending Machine Torsion Bar Fully Automatic 1600mm Working Table for Kitchen Sink Making - Anhui Chensi Machinery Equipment Co., Ltd.","isPartOf":{"@id":"https:\/\/chenesme.com\/#website"},"primaryImageOfPage":{"@id":"https:\/\/chenesme.com\/product\/stainless-steel-cookware-bending-machine-torsion-bar-fully-automatic-1600mm-working-table-for-kitchen-sink-making\/#primaryimage"},"image":{"@id":"https:\/\/chenesme.com\/product\/stainless-steel-cookware-bending-machine-torsion-bar-fully-automatic-1600mm-working-table-for-kitchen-sink-making\/#primaryimage"},"thumbnailUrl":"https:\/\/chenesme.com\/wp-content\/uploads\/2025\/10\/63T-1600MM-Bend-Sink.png","datePublished":"2025-10-24T06:32:25+00:00","dateModified":"2025-10-24T06:36:32+00:00","breadcrumb":{"@id":"https:\/\/chenesme.com\/product\/stainless-steel-cookware-bending-machine-torsion-bar-fully-automatic-1600mm-working-table-for-kitchen-sink-making\/#breadcrumb"},"inLanguage":"pt-PT","potentialAction":[{"@type":"ReadAction","target":["https:\/\/chenesme.com\/product\/stainless-steel-cookware-bending-machine-torsion-bar-fully-automatic-1600mm-working-table-for-kitchen-sink-making\/"]}]},{"@type":"ImageObject","inLanguage":"pt-PT","@id":"https:\/\/chenesme.com\/product\/stainless-steel-cookware-bending-machine-torsion-bar-fully-automatic-1600mm-working-table-for-kitchen-sink-making\/#primaryimage","url":"https:\/\/chenesme.com\/wp-content\/uploads\/2025\/10\/63T-1600MM-Bend-Sink.png","contentUrl":"https:\/\/chenesme.com\/wp-content\/uploads\/2025\/10\/63T-1600MM-Bend-Sink.png","width":800,"height":800},{"@type":"BreadcrumbList","@id":"https:\/\/chenesme.com\/product\/stainless-steel-cookware-bending-machine-torsion-bar-fully-automatic-1600mm-working-table-for-kitchen-sink-making\/#breadcrumb","itemListElement":[{"@type":"ListItem","position":1,"name":"Home","item":"https:\/\/chenesme.com\/"},{"@type":"ListItem","position":2,"name":"Product","item":"https:\/\/chenesme.com\/product\/"},{"@type":"ListItem","position":3,"name":"Stainless Steel Cookware Bending Machine Torsion Bar Fully Automatic 1600mm Working Table for Kitchen Sink Making"}]},{"@type":"WebSite","@id":"https:\/\/chenesme.com\/#website","url":"https:\/\/chenesme.com\/","name":"Anhui Chensi Machinery Equipment Co., Ltd.","description":"Anhui Chensi Machinery Equipment Co., Ltd.","potentialAction":[{"@type":"SearchAction","target":{"@type":"EntryPoint","urlTemplate":"https:\/\/chenesme.com\/?s={search_term_string}"},"query-input":{"@type":"PropertyValueSpecification","valueRequired":true,"valueName":"search_term_string"}}],"inLanguage":"pt-PT"}]}},"_links":{"self":[{"href":"https:\/\/chenesme.com\/pt\/wp-json\/wp\/v2\/product\/878","targetHints":{"allow":["GET"]}}],"collection":[{"href":"https:\/\/chenesme.com\/pt\/wp-json\/wp\/v2\/product"}],"about":[{"href":"https:\/\/chenesme.com\/pt\/wp-json\/wp\/v2\/types\/product"}],"version-history":[{"count":1,"href":"https:\/\/chenesme.com\/pt\/wp-json\/wp\/v2\/product\/878\/revisions"}],"predecessor-version":[{"id":879,"href":"https:\/\/chenesme.com\/pt\/wp-json\/wp\/v2\/product\/878\/revisions\/879"}],"wp:featuredmedia":[{"embeddable":true,"href":"https:\/\/chenesme.com\/pt\/wp-json\/wp\/v2\/media\/875"}],"wp:attachment":[{"href":"https:\/\/chenesme.com\/pt\/wp-json\/wp\/v2\/media?parent=878"}],"wp:term":[{"taxonomy":"product_brand","embeddable":true,"href":"https:\/\/chenesme.com\/pt\/wp-json\/wp\/v2\/product_brand?post=878"},{"taxonomy":"product_cat","embeddable":true,"href":"https:\/\/chenesme.com\/pt\/wp-json\/wp\/v2\/product_cat?post=878"},{"taxonomy":"product_tag","embeddable":true,"href":"https:\/\/chenesme.com\/pt\/wp-json\/wp\/v2\/product_tag?post=878"}],"curies":[{"name":"wp","href":"https:\/\/api.w.org\/{rel}","templated":true}]}}